{"id":231738,"date":"2026-01-06T18:09:51","date_gmt":"2026-01-06T17:09:51","guid":{"rendered":"https:\/\/shop.bantam.ch\/produit\/gehaeuse-smart-supply\/"},"modified":"2026-04-20T02:57:58","modified_gmt":"2026-04-20T00:57:58","slug":"gehaeuse-smart-supply","status":"publish","type":"product","link":"https:\/\/shop.bantam.ch\/de\/produkt\/gehaeuse-smart-supply\/","title":{"rendered":"Geh\u00e4use Smart Supply"},"content":{"rendered":"<p>Die Reich Smart Supply Klappe bietet eine sichere Anschlussl\u00f6sung f\u00fcr Wohnmobile und Caravans. Das modulare Design f\u00fcgt sich harmonisch ins Fahrzeugkonzept ein und ist in verschiedenen Farben erh\u00e4ltlich. Erh\u00e4ltlich als ein- oder zweifache Ausf\u00fchrung, sorgt sie f\u00fcr eine ordentliche und gesch\u00fctzte Anschlusssituation.<\/p>\n<p>&nbsp;<\/p>\n<p>Vorteile:<\/p>\n<ul>\n<li>Flexibles, modulares System<\/li>\n<li>Robustes, wetterfestes Geh\u00e4use<\/li>\n<li>Platzsparende Bauweise<\/li>\n<li>Anpassbares Design<\/li>\n<\/ul>\n","protected":false},"excerpt":{"rendered":"<p>Die Reich Smart Supply Klappe bietet eine sichere Anschlussl\u00f6sung f\u00fcr Wohnmobile und Caravans. Das modulare Design f\u00fcgt sich harmonisch ins Fahrzeugkonzept ein und ist in verschiedenen Farben erh\u00e4ltlich. Erh\u00e4ltlich als ein- oder zweifache Ausf\u00fchrung, sorgt sie f\u00fcr eine ordentliche und gesch\u00fctzte Anschlusssituation. &nbsp; Vorteile: Flexibles, modulares System Robustes, wetterfestes Geh\u00e4use Platzsparende Bauweise Anpassbares Design<\/p>\n","protected":false},"featured_media":231734,"template":"","meta":{"_acf_changed":false},"product_featured_cat":[],"product_brand":[],"product_cat":[4634],"product_tag":[],"class_list":{"0":"post-231738","1":"product","2":"type-product","3":"status-publish","4":"has-post-thumbnail","6":"product_cat-wassersteckdosen","8":"first","9":"instock","10":"taxable","11":"shipping-taxable","12":"purchasable","13":"product-type-variable"},"acf":[],"yoast_head":"<!-- This site is optimized with the Yoast SEO plugin v27.4 - https:\/\/yoast.com\/product\/yoast-seo-wordpress\/ -->\n<title>Geh\u00e4use Smart Supply - Bantam Camping AG<\/title>\n<meta name=\"robots\" content=\"index, follow, max-snippet:-1, max-image-preview:large, max-video-preview:-1\" \/>\n<link rel=\"canonical\" href=\"https:\/\/shop.bantam.ch\/de\/produkt\/gehaeuse-smart-supply\/\" \/>\n<meta property=\"og:locale\" content=\"de_DE\" \/>\n<meta property=\"og:type\" content=\"article\" \/>\n<meta property=\"og:title\" content=\"Geh\u00e4use Smart Supply - Bantam Camping AG\" \/>\n<meta property=\"og:description\" content=\"Die Reich Smart Supply Klappe bietet eine sichere Anschlussl\u00f6sung f\u00fcr Wohnmobile und Caravans. Das modulare Design f\u00fcgt sich harmonisch ins Fahrzeugkonzept ein und ist in verschiedenen Farben erh\u00e4ltlich. Erh\u00e4ltlich als ein- oder zweifache Ausf\u00fchrung, sorgt sie f\u00fcr eine ordentliche und gesch\u00fctzte Anschlusssituation. &nbsp; Vorteile: Flexibles, modulares System Robustes, wetterfestes Geh\u00e4use Platzsparende Bauweise Anpassbares Design\" \/>\n<meta property=\"og:url\" content=\"https:\/\/shop.bantam.ch\/de\/produkt\/gehaeuse-smart-supply\/\" \/>\n<meta property=\"og:site_name\" content=\"Bantam Camping AG\" \/>\n<meta property=\"article:modified_time\" content=\"2026-04-20T00:57:58+00:00\" \/>\n<meta name=\"twitter:card\" content=\"summary_large_image\" \/>\n<script type=\"application\/ld+json\" class=\"yoast-schema-graph\">{\"@context\":\"https:\\\/\\\/schema.org\",\"@graph\":[{\"@type\":\"WebPage\",\"@id\":\"https:\\\/\\\/shop.bantam.ch\\\/de\\\/produkt\\\/gehaeuse-smart-supply\\\/\",\"url\":\"https:\\\/\\\/shop.bantam.ch\\\/de\\\/produkt\\\/gehaeuse-smart-supply\\\/\",\"name\":\"Geh\u00e4use Smart Supply - Bantam Camping AG\",\"isPartOf\":{\"@id\":\"https:\\\/\\\/shop.bantam.ch\\\/de\\\/#website\"},\"primaryImageOfPage\":{\"@id\":\"https:\\\/\\\/shop.bantam.ch\\\/de\\\/produkt\\\/gehaeuse-smart-supply\\\/#primaryimage\"},\"image\":{\"@id\":\"https:\\\/\\\/shop.bantam.ch\\\/de\\\/produkt\\\/gehaeuse-smart-supply\\\/#primaryimage\"},\"thumbnailUrl\":\"https:\\\/\\\/shop.bantam.ch\\\/wp-content\\\/uploads\\\/2026\\\/01\\\/Movera-L-9988177100.png\",\"datePublished\":\"2026-01-06T17:09:51+00:00\",\"dateModified\":\"2026-04-20T00:57:58+00:00\",\"breadcrumb\":{\"@id\":\"https:\\\/\\\/shop.bantam.ch\\\/de\\\/produkt\\\/gehaeuse-smart-supply\\\/#breadcrumb\"},\"inLanguage\":\"de\",\"potentialAction\":[{\"@type\":\"ReadAction\",\"target\":[\"https:\\\/\\\/shop.bantam.ch\\\/de\\\/produkt\\\/gehaeuse-smart-supply\\\/\"]}]},{\"@type\":\"ImageObject\",\"inLanguage\":\"de\",\"@id\":\"https:\\\/\\\/shop.bantam.ch\\\/de\\\/produkt\\\/gehaeuse-smart-supply\\\/#primaryimage\",\"url\":\"https:\\\/\\\/shop.bantam.ch\\\/wp-content\\\/uploads\\\/2026\\\/01\\\/Movera-L-9988177100.png\",\"contentUrl\":\"https:\\\/\\\/shop.bantam.ch\\\/wp-content\\\/uploads\\\/2026\\\/01\\\/Movera-L-9988177100.png\",\"width\":640,\"height\":427},{\"@type\":\"BreadcrumbList\",\"@id\":\"https:\\\/\\\/shop.bantam.ch\\\/de\\\/produkt\\\/gehaeuse-smart-supply\\\/#breadcrumb\",\"itemListElement\":[{\"@type\":\"ListItem\",\"position\":1,\"name\":\"Accueil\",\"item\":\"https:\\\/\\\/shop.bantam.ch\\\/de\\\/\"},{\"@type\":\"ListItem\",\"position\":2,\"name\":\"Shop\",\"item\":\"https:\\\/\\\/shop.bantam.ch\\\/de\\\/shop\\\/\"},{\"@type\":\"ListItem\",\"position\":3,\"name\":\"Geh\u00e4use Smart Supply\"}]},{\"@type\":\"WebSite\",\"@id\":\"https:\\\/\\\/shop.bantam.ch\\\/de\\\/#website\",\"url\":\"https:\\\/\\\/shop.bantam.ch\\\/de\\\/\",\"name\":\"Bantam Camping AG\",\"description\":\"\",\"publisher\":{\"@id\":\"https:\\\/\\\/shop.bantam.ch\\\/de\\\/#organization\"},\"inLanguage\":\"de\"},{\"@type\":\"Organization\",\"@id\":\"https:\\\/\\\/shop.bantam.ch\\\/de\\\/#organization\",\"name\":\"Bantam Camping AG\",\"url\":\"https:\\\/\\\/shop.bantam.ch\\\/de\\\/\",\"logo\":{\"@type\":\"ImageObject\",\"inLanguage\":\"de\",\"@id\":\"https:\\\/\\\/shop.bantam.ch\\\/de\\\/#\\\/schema\\\/logo\\\/image\\\/\",\"url\":\"https:\\\/\\\/shop.bantam.ch\\\/wp-content\\\/uploads\\\/2022\\\/12\\\/bantam-logo.png\",\"contentUrl\":\"https:\\\/\\\/shop.bantam.ch\\\/wp-content\\\/uploads\\\/2022\\\/12\\\/bantam-logo.png\",\"width\":320,\"height\":71,\"caption\":\"Bantam Camping AG\"},\"image\":{\"@id\":\"https:\\\/\\\/shop.bantam.ch\\\/de\\\/#\\\/schema\\\/logo\\\/image\\\/\"}}]}<\/script>\n<!-- \/ Yoast SEO plugin. -->","yoast_head_json":{"title":"Geh\u00e4use Smart Supply - Bantam Camping AG","robots":{"index":"index","follow":"follow","max-snippet":"max-snippet:-1","max-image-preview":"max-image-preview:large","max-video-preview":"max-video-preview:-1"},"canonical":"https:\/\/shop.bantam.ch\/de\/produkt\/gehaeuse-smart-supply\/","og_locale":"de_DE","og_type":"article","og_title":"Geh\u00e4use Smart Supply - Bantam Camping AG","og_description":"Die Reich Smart Supply Klappe bietet eine sichere Anschlussl\u00f6sung f\u00fcr Wohnmobile und Caravans. Das modulare Design f\u00fcgt sich harmonisch ins Fahrzeugkonzept ein und ist in verschiedenen Farben erh\u00e4ltlich. Erh\u00e4ltlich als ein- oder zweifache Ausf\u00fchrung, sorgt sie f\u00fcr eine ordentliche und gesch\u00fctzte Anschlusssituation. &nbsp; Vorteile: Flexibles, modulares System Robustes, wetterfestes Geh\u00e4use Platzsparende Bauweise Anpassbares Design","og_url":"https:\/\/shop.bantam.ch\/de\/produkt\/gehaeuse-smart-supply\/","og_site_name":"Bantam Camping AG","article_modified_time":"2026-04-20T00:57:58+00:00","twitter_card":"summary_large_image","schema":{"@context":"https:\/\/schema.org","@graph":[{"@type":"WebPage","@id":"https:\/\/shop.bantam.ch\/de\/produkt\/gehaeuse-smart-supply\/","url":"https:\/\/shop.bantam.ch\/de\/produkt\/gehaeuse-smart-supply\/","name":"Geh\u00e4use Smart Supply - Bantam Camping AG","isPartOf":{"@id":"https:\/\/shop.bantam.ch\/de\/#website"},"primaryImageOfPage":{"@id":"https:\/\/shop.bantam.ch\/de\/produkt\/gehaeuse-smart-supply\/#primaryimage"},"image":{"@id":"https:\/\/shop.bantam.ch\/de\/produkt\/gehaeuse-smart-supply\/#primaryimage"},"thumbnailUrl":"https:\/\/shop.bantam.ch\/wp-content\/uploads\/2026\/01\/Movera-L-9988177100.png","datePublished":"2026-01-06T17:09:51+00:00","dateModified":"2026-04-20T00:57:58+00:00","breadcrumb":{"@id":"https:\/\/shop.bantam.ch\/de\/produkt\/gehaeuse-smart-supply\/#breadcrumb"},"inLanguage":"de","potentialAction":[{"@type":"ReadAction","target":["https:\/\/shop.bantam.ch\/de\/produkt\/gehaeuse-smart-supply\/"]}]},{"@type":"ImageObject","inLanguage":"de","@id":"https:\/\/shop.bantam.ch\/de\/produkt\/gehaeuse-smart-supply\/#primaryimage","url":"https:\/\/shop.bantam.ch\/wp-content\/uploads\/2026\/01\/Movera-L-9988177100.png","contentUrl":"https:\/\/shop.bantam.ch\/wp-content\/uploads\/2026\/01\/Movera-L-9988177100.png","width":640,"height":427},{"@type":"BreadcrumbList","@id":"https:\/\/shop.bantam.ch\/de\/produkt\/gehaeuse-smart-supply\/#breadcrumb","itemListElement":[{"@type":"ListItem","position":1,"name":"Accueil","item":"https:\/\/shop.bantam.ch\/de\/"},{"@type":"ListItem","position":2,"name":"Shop","item":"https:\/\/shop.bantam.ch\/de\/shop\/"},{"@type":"ListItem","position":3,"name":"Geh\u00e4use Smart Supply"}]},{"@type":"WebSite","@id":"https:\/\/shop.bantam.ch\/de\/#website","url":"https:\/\/shop.bantam.ch\/de\/","name":"Bantam Camping AG","description":"","publisher":{"@id":"https:\/\/shop.bantam.ch\/de\/#organization"},"inLanguage":"de"},{"@type":"Organization","@id":"https:\/\/shop.bantam.ch\/de\/#organization","name":"Bantam Camping AG","url":"https:\/\/shop.bantam.ch\/de\/","logo":{"@type":"ImageObject","inLanguage":"de","@id":"https:\/\/shop.bantam.ch\/de\/#\/schema\/logo\/image\/","url":"https:\/\/shop.bantam.ch\/wp-content\/uploads\/2022\/12\/bantam-logo.png","contentUrl":"https:\/\/shop.bantam.ch\/wp-content\/uploads\/2022\/12\/bantam-logo.png","width":320,"height":71,"caption":"Bantam Camping AG"},"image":{"@id":"https:\/\/shop.bantam.ch\/de\/#\/schema\/logo\/image\/"}}]}},"_links":{"self":[{"href":"https:\/\/shop.bantam.ch\/de\/wp-json\/wp\/v2\/product\/231738","targetHints":{"allow":["GET"]}}],"collection":[{"href":"https:\/\/shop.bantam.ch\/de\/wp-json\/wp\/v2\/product"}],"about":[{"href":"https:\/\/shop.bantam.ch\/de\/wp-json\/wp\/v2\/types\/product"}],"wp:featuredmedia":[{"embeddable":true,"href":"https:\/\/shop.bantam.ch\/de\/wp-json\/wp\/v2\/media\/231734"}],"wp:attachment":[{"href":"https:\/\/shop.bantam.ch\/de\/wp-json\/wp\/v2\/media?parent=231738"}],"wp:term":[{"taxonomy":"product_featured_cat","embeddable":true,"href":"https:\/\/shop.bantam.ch\/de\/wp-json\/wp\/v2\/product_featured_cat?post=231738"},{"taxonomy":"product_brand","embeddable":true,"href":"https:\/\/shop.bantam.ch\/de\/wp-json\/wp\/v2\/product_brand?post=231738"},{"taxonomy":"product_cat","embeddable":true,"href":"https:\/\/shop.bantam.ch\/de\/wp-json\/wp\/v2\/product_cat?post=231738"},{"taxonomy":"product_tag","embeddable":true,"href":"https:\/\/shop.bantam.ch\/de\/wp-json\/wp\/v2\/product_tag?post=231738"}],"curies":[{"name":"wp","href":"https:\/\/api.w.org\/{rel}","templated":true}]}}