{"id":231710,"date":"2026-01-06T18:08:55","date_gmt":"2026-01-06T17:08:55","guid":{"rendered":"https:\/\/shop.bantam.ch\/produit\/stadtwasserregler-2\/"},"modified":"2026-04-20T02:57:42","modified_gmt":"2026-04-20T00:57:42","slug":"stadtwasserregler-2","status":"publish","type":"product","link":"https:\/\/shop.bantam.ch\/de\/produkt\/stadtwasserregler-2\/","title":{"rendered":"Stadtwasserregler"},"content":{"rendered":"<p>Modul Colorado Stadtwasserregler Der Colorado Stadtwasserregler stellt eine zuverl\u00e4ssige Wasserversorgung direkt vom st\u00e4dtischen Netz sicher, reguliert den Wasserdruck und sch\u00fctzt vor \u00dcberdruck. Ideal f\u00fcr Campingpl\u00e4tze mit Wasseranschluss, sorgt er f\u00fcr stressfreie Wasserversorgung.<\/p>\n<p>&nbsp;<\/p>\n<p>Vorteile:<\/p>\n<ul>\n<li>Einfache Montage an der Au\u00dfenwand<\/li>\n<li>Konstant regulierte Wasserversorgung<\/li>\n<li>Farblich anpassbar f\u00fcr harmonisches Design<\/li>\n<li>Robuste und langlebige Bauweise<\/li>\n<\/ul>\n","protected":false},"excerpt":{"rendered":"<p>Modul Colorado Stadtwasserregler Der Colorado Stadtwasserregler stellt eine zuverl\u00e4ssige Wasserversorgung direkt vom st\u00e4dtischen Netz sicher, reguliert den Wasserdruck und sch\u00fctzt vor \u00dcberdruck. Ideal f\u00fcr Campingpl\u00e4tze mit Wasseranschluss, sorgt er f\u00fcr stressfreie Wasserversorgung. &nbsp; Vorteile: Einfache Montage an der Au\u00dfenwand Konstant regulierte Wasserversorgung Farblich anpassbar f\u00fcr harmonisches Design Robuste und langlebige Bauweise<\/p>\n","protected":false},"featured_media":231706,"template":"","meta":{"_acf_changed":false},"product_featured_cat":[],"product_brand":[],"product_cat":[4634],"product_tag":[],"class_list":{"0":"post-231710","1":"product","2":"type-product","3":"status-publish","4":"has-post-thumbnail","6":"product_cat-wassersteckdosen","8":"first","9":"instock","10":"taxable","11":"shipping-taxable","12":"purchasable","13":"product-type-variable"},"acf":[],"yoast_head":"<!-- This site is optimized with the Yoast SEO plugin v27.4 - https:\/\/yoast.com\/product\/yoast-seo-wordpress\/ -->\n<title>Stadtwasserregler - Bantam Camping AG<\/title>\n<meta name=\"robots\" content=\"index, follow, max-snippet:-1, max-image-preview:large, max-video-preview:-1\" \/>\n<link rel=\"canonical\" href=\"https:\/\/shop.bantam.ch\/de\/produkt\/stadtwasserregler-2\/\" \/>\n<meta property=\"og:locale\" content=\"de_DE\" \/>\n<meta property=\"og:type\" content=\"article\" \/>\n<meta property=\"og:title\" content=\"Stadtwasserregler - Bantam Camping AG\" \/>\n<meta property=\"og:description\" content=\"Modul Colorado Stadtwasserregler Der Colorado Stadtwasserregler stellt eine zuverl\u00e4ssige Wasserversorgung direkt vom st\u00e4dtischen Netz sicher, reguliert den Wasserdruck und sch\u00fctzt vor \u00dcberdruck. Ideal f\u00fcr Campingpl\u00e4tze mit Wasseranschluss, sorgt er f\u00fcr stressfreie Wasserversorgung. &nbsp; Vorteile: Einfache Montage an der Au\u00dfenwand Konstant regulierte Wasserversorgung Farblich anpassbar f\u00fcr harmonisches Design Robuste und langlebige Bauweise\" \/>\n<meta property=\"og:url\" content=\"https:\/\/shop.bantam.ch\/de\/produkt\/stadtwasserregler-2\/\" \/>\n<meta property=\"og:site_name\" content=\"Bantam Camping AG\" \/>\n<meta property=\"article:modified_time\" content=\"2026-04-20T00:57:42+00:00\" \/>\n<meta name=\"twitter:card\" content=\"summary_large_image\" \/>\n<script type=\"application\/ld+json\" class=\"yoast-schema-graph\">{\"@context\":\"https:\\\/\\\/schema.org\",\"@graph\":[{\"@type\":\"WebPage\",\"@id\":\"https:\\\/\\\/shop.bantam.ch\\\/de\\\/produkt\\\/stadtwasserregler-2\\\/\",\"url\":\"https:\\\/\\\/shop.bantam.ch\\\/de\\\/produkt\\\/stadtwasserregler-2\\\/\",\"name\":\"Stadtwasserregler - Bantam Camping AG\",\"isPartOf\":{\"@id\":\"https:\\\/\\\/shop.bantam.ch\\\/de\\\/#website\"},\"primaryImageOfPage\":{\"@id\":\"https:\\\/\\\/shop.bantam.ch\\\/de\\\/produkt\\\/stadtwasserregler-2\\\/#primaryimage\"},\"image\":{\"@id\":\"https:\\\/\\\/shop.bantam.ch\\\/de\\\/produkt\\\/stadtwasserregler-2\\\/#primaryimage\"},\"thumbnailUrl\":\"https:\\\/\\\/shop.bantam.ch\\\/wp-content\\\/uploads\\\/2026\\\/01\\\/Movera-L-9988150100.png\",\"datePublished\":\"2026-01-06T17:08:55+00:00\",\"dateModified\":\"2026-04-20T00:57:42+00:00\",\"breadcrumb\":{\"@id\":\"https:\\\/\\\/shop.bantam.ch\\\/de\\\/produkt\\\/stadtwasserregler-2\\\/#breadcrumb\"},\"inLanguage\":\"de\",\"potentialAction\":[{\"@type\":\"ReadAction\",\"target\":[\"https:\\\/\\\/shop.bantam.ch\\\/de\\\/produkt\\\/stadtwasserregler-2\\\/\"]}]},{\"@type\":\"ImageObject\",\"inLanguage\":\"de\",\"@id\":\"https:\\\/\\\/shop.bantam.ch\\\/de\\\/produkt\\\/stadtwasserregler-2\\\/#primaryimage\",\"url\":\"https:\\\/\\\/shop.bantam.ch\\\/wp-content\\\/uploads\\\/2026\\\/01\\\/Movera-L-9988150100.png\",\"contentUrl\":\"https:\\\/\\\/shop.bantam.ch\\\/wp-content\\\/uploads\\\/2026\\\/01\\\/Movera-L-9988150100.png\",\"width\":640,\"height\":427},{\"@type\":\"BreadcrumbList\",\"@id\":\"https:\\\/\\\/shop.bantam.ch\\\/de\\\/produkt\\\/stadtwasserregler-2\\\/#breadcrumb\",\"itemListElement\":[{\"@type\":\"ListItem\",\"position\":1,\"name\":\"Accueil\",\"item\":\"https:\\\/\\\/shop.bantam.ch\\\/de\\\/\"},{\"@type\":\"ListItem\",\"position\":2,\"name\":\"Shop\",\"item\":\"https:\\\/\\\/shop.bantam.ch\\\/de\\\/shop\\\/\"},{\"@type\":\"ListItem\",\"position\":3,\"name\":\"Stadtwasserregler\"}]},{\"@type\":\"WebSite\",\"@id\":\"https:\\\/\\\/shop.bantam.ch\\\/de\\\/#website\",\"url\":\"https:\\\/\\\/shop.bantam.ch\\\/de\\\/\",\"name\":\"Bantam Camping AG\",\"description\":\"\",\"publisher\":{\"@id\":\"https:\\\/\\\/shop.bantam.ch\\\/de\\\/#organization\"},\"inLanguage\":\"de\"},{\"@type\":\"Organization\",\"@id\":\"https:\\\/\\\/shop.bantam.ch\\\/de\\\/#organization\",\"name\":\"Bantam Camping AG\",\"url\":\"https:\\\/\\\/shop.bantam.ch\\\/de\\\/\",\"logo\":{\"@type\":\"ImageObject\",\"inLanguage\":\"de\",\"@id\":\"https:\\\/\\\/shop.bantam.ch\\\/de\\\/#\\\/schema\\\/logo\\\/image\\\/\",\"url\":\"https:\\\/\\\/shop.bantam.ch\\\/wp-content\\\/uploads\\\/2022\\\/12\\\/bantam-logo.png\",\"contentUrl\":\"https:\\\/\\\/shop.bantam.ch\\\/wp-content\\\/uploads\\\/2022\\\/12\\\/bantam-logo.png\",\"width\":320,\"height\":71,\"caption\":\"Bantam Camping AG\"},\"image\":{\"@id\":\"https:\\\/\\\/shop.bantam.ch\\\/de\\\/#\\\/schema\\\/logo\\\/image\\\/\"}}]}<\/script>\n<!-- \/ Yoast SEO plugin. -->","yoast_head_json":{"title":"Stadtwasserregler - Bantam Camping AG","robots":{"index":"index","follow":"follow","max-snippet":"max-snippet:-1","max-image-preview":"max-image-preview:large","max-video-preview":"max-video-preview:-1"},"canonical":"https:\/\/shop.bantam.ch\/de\/produkt\/stadtwasserregler-2\/","og_locale":"de_DE","og_type":"article","og_title":"Stadtwasserregler - Bantam Camping AG","og_description":"Modul Colorado Stadtwasserregler Der Colorado Stadtwasserregler stellt eine zuverl\u00e4ssige Wasserversorgung direkt vom st\u00e4dtischen Netz sicher, reguliert den Wasserdruck und sch\u00fctzt vor \u00dcberdruck. Ideal f\u00fcr Campingpl\u00e4tze mit Wasseranschluss, sorgt er f\u00fcr stressfreie Wasserversorgung. &nbsp; Vorteile: Einfache Montage an der Au\u00dfenwand Konstant regulierte Wasserversorgung Farblich anpassbar f\u00fcr harmonisches Design Robuste und langlebige Bauweise","og_url":"https:\/\/shop.bantam.ch\/de\/produkt\/stadtwasserregler-2\/","og_site_name":"Bantam Camping AG","article_modified_time":"2026-04-20T00:57:42+00:00","twitter_card":"summary_large_image","schema":{"@context":"https:\/\/schema.org","@graph":[{"@type":"WebPage","@id":"https:\/\/shop.bantam.ch\/de\/produkt\/stadtwasserregler-2\/","url":"https:\/\/shop.bantam.ch\/de\/produkt\/stadtwasserregler-2\/","name":"Stadtwasserregler - Bantam Camping AG","isPartOf":{"@id":"https:\/\/shop.bantam.ch\/de\/#website"},"primaryImageOfPage":{"@id":"https:\/\/shop.bantam.ch\/de\/produkt\/stadtwasserregler-2\/#primaryimage"},"image":{"@id":"https:\/\/shop.bantam.ch\/de\/produkt\/stadtwasserregler-2\/#primaryimage"},"thumbnailUrl":"https:\/\/shop.bantam.ch\/wp-content\/uploads\/2026\/01\/Movera-L-9988150100.png","datePublished":"2026-01-06T17:08:55+00:00","dateModified":"2026-04-20T00:57:42+00:00","breadcrumb":{"@id":"https:\/\/shop.bantam.ch\/de\/produkt\/stadtwasserregler-2\/#breadcrumb"},"inLanguage":"de","potentialAction":[{"@type":"ReadAction","target":["https:\/\/shop.bantam.ch\/de\/produkt\/stadtwasserregler-2\/"]}]},{"@type":"ImageObject","inLanguage":"de","@id":"https:\/\/shop.bantam.ch\/de\/produkt\/stadtwasserregler-2\/#primaryimage","url":"https:\/\/shop.bantam.ch\/wp-content\/uploads\/2026\/01\/Movera-L-9988150100.png","contentUrl":"https:\/\/shop.bantam.ch\/wp-content\/uploads\/2026\/01\/Movera-L-9988150100.png","width":640,"height":427},{"@type":"BreadcrumbList","@id":"https:\/\/shop.bantam.ch\/de\/produkt\/stadtwasserregler-2\/#breadcrumb","itemListElement":[{"@type":"ListItem","position":1,"name":"Accueil","item":"https:\/\/shop.bantam.ch\/de\/"},{"@type":"ListItem","position":2,"name":"Shop","item":"https:\/\/shop.bantam.ch\/de\/shop\/"},{"@type":"ListItem","position":3,"name":"Stadtwasserregler"}]},{"@type":"WebSite","@id":"https:\/\/shop.bantam.ch\/de\/#website","url":"https:\/\/shop.bantam.ch\/de\/","name":"Bantam Camping AG","description":"","publisher":{"@id":"https:\/\/shop.bantam.ch\/de\/#organization"},"inLanguage":"de"},{"@type":"Organization","@id":"https:\/\/shop.bantam.ch\/de\/#organization","name":"Bantam Camping AG","url":"https:\/\/shop.bantam.ch\/de\/","logo":{"@type":"ImageObject","inLanguage":"de","@id":"https:\/\/shop.bantam.ch\/de\/#\/schema\/logo\/image\/","url":"https:\/\/shop.bantam.ch\/wp-content\/uploads\/2022\/12\/bantam-logo.png","contentUrl":"https:\/\/shop.bantam.ch\/wp-content\/uploads\/2022\/12\/bantam-logo.png","width":320,"height":71,"caption":"Bantam Camping AG"},"image":{"@id":"https:\/\/shop.bantam.ch\/de\/#\/schema\/logo\/image\/"}}]}},"_links":{"self":[{"href":"https:\/\/shop.bantam.ch\/de\/wp-json\/wp\/v2\/product\/231710","targetHints":{"allow":["GET"]}}],"collection":[{"href":"https:\/\/shop.bantam.ch\/de\/wp-json\/wp\/v2\/product"}],"about":[{"href":"https:\/\/shop.bantam.ch\/de\/wp-json\/wp\/v2\/types\/product"}],"wp:featuredmedia":[{"embeddable":true,"href":"https:\/\/shop.bantam.ch\/de\/wp-json\/wp\/v2\/media\/231706"}],"wp:attachment":[{"href":"https:\/\/shop.bantam.ch\/de\/wp-json\/wp\/v2\/media?parent=231710"}],"wp:term":[{"taxonomy":"product_featured_cat","embeddable":true,"href":"https:\/\/shop.bantam.ch\/de\/wp-json\/wp\/v2\/product_featured_cat?post=231710"},{"taxonomy":"product_brand","embeddable":true,"href":"https:\/\/shop.bantam.ch\/de\/wp-json\/wp\/v2\/product_brand?post=231710"},{"taxonomy":"product_cat","embeddable":true,"href":"https:\/\/shop.bantam.ch\/de\/wp-json\/wp\/v2\/product_cat?post=231710"},{"taxonomy":"product_tag","embeddable":true,"href":"https:\/\/shop.bantam.ch\/de\/wp-json\/wp\/v2\/product_tag?post=231710"}],"curies":[{"name":"wp","href":"https:\/\/api.w.org\/{rel}","templated":true}]}}