{"id":231698,"date":"2026-01-06T18:08:30","date_gmt":"2026-01-06T17:08:30","guid":{"rendered":"https:\/\/shop.bantam.ch\/produit\/kuehlschrank-nrx-c-drawer-series\/"},"modified":"2026-05-06T02:40:45","modified_gmt":"2026-05-06T00:40:45","slug":"kuehlschrank-nrx-c-drawer-series","status":"publish","type":"product","link":"https:\/\/shop.bantam.ch\/de\/produkt\/kuehlschrank-nrx-c-drawer-series\/","title":{"rendered":"K\u00fchlschrank NRX C Drawer Series"},"content":{"rendered":"<p>Das elegante Ausziehk\u00fchlger\u00e4t erm\u00f6glicht einen schnellen und einfachen Zugriff auf Ihre Lebensmittel. Dank seiner Vielseitigkeit bietet es flexible Aufbewahrungsm\u00f6glichkeiten. Das patentierte Gefrierfach kann problemlos entnommen werden, um zus\u00e4tzlichen Platz f\u00fcr gr\u00f6\u00dfere Flaschen und Getr\u00e4nke zu schaffen. Die elektronisch geregelte Kompressor- und L\u00fcftergeschwindigkeit sorgt f\u00fcr einen leisen Betrieb und einen energiesparenden Verbrauch.<\/p>\n<p>&nbsp;<\/p>\n<p>Besondere Merkmale:<\/p>\n<ul>\n<li>3-in-1-K\u00fchlsystem, dank des herausnehmbaren Gefrierfach als reiner Gefrier- oder K\u00fchlschrank verwendbar<\/li>\n<li>Komfortable K\u00fchlschublade<\/li>\n<li>Ged\u00e4mpftes Schlie\u00dfen der Schublade<\/li>\n<li>Stilvolles Frontdesign<\/li>\n<li>Bequemer Zugriff aus jedem Winkel<\/li>\n<li>Effizienter Premium-Dometic-Kompressor<\/li>\n<\/ul>\n","protected":false},"excerpt":{"rendered":"<p>Das elegante Ausziehk\u00fchlger\u00e4t erm\u00f6glicht einen schnellen und einfachen Zugriff auf Ihre Lebensmittel. Dank seiner Vielseitigkeit bietet es flexible Aufbewahrungsm\u00f6glichkeiten. Das patentierte Gefrierfach kann problemlos entnommen werden, um zus\u00e4tzlichen Platz f\u00fcr gr\u00f6\u00dfere Flaschen und Getr\u00e4nke zu schaffen. Die elektronisch geregelte Kompressor- und L\u00fcftergeschwindigkeit sorgt f\u00fcr einen leisen Betrieb und einen energiesparenden Verbrauch. &nbsp; Besondere Merkmale: 3-in-1-K\u00fchlsystem, [&hellip;]<\/p>\n","protected":false},"featured_media":231682,"template":"","meta":{"_acf_changed":false},"product_featured_cat":[],"product_brand":[],"product_cat":[4088],"product_tag":[],"class_list":{"0":"post-231698","1":"product","2":"type-product","3":"status-publish","4":"has-post-thumbnail","6":"product_cat-kuehlschraenke","8":"first","9":"instock","10":"taxable","11":"shipping-taxable","12":"purchasable","13":"product-type-variable"},"acf":[],"yoast_head":"<!-- This site is optimized with the Yoast SEO plugin v27.5 - https:\/\/yoast.com\/product\/yoast-seo-wordpress\/ -->\n<title>K\u00fchlschrank NRX C Drawer Series - Bantam<\/title>\n<meta name=\"robots\" content=\"index, follow, max-snippet:-1, max-image-preview:large, max-video-preview:-1\" \/>\n<link rel=\"canonical\" href=\"https:\/\/shop.bantam.ch\/de\/produkt\/kuehlschrank-nrx-c-drawer-series\/\" \/>\n<meta property=\"og:locale\" content=\"de_DE\" \/>\n<meta property=\"og:type\" content=\"article\" \/>\n<meta property=\"og:title\" content=\"K\u00fchlschrank NRX C Drawer Series - Bantam\" \/>\n<meta property=\"og:description\" content=\"Das elegante Ausziehk\u00fchlger\u00e4t erm\u00f6glicht einen schnellen und einfachen Zugriff auf Ihre Lebensmittel. Dank seiner Vielseitigkeit bietet es flexible Aufbewahrungsm\u00f6glichkeiten. Das patentierte Gefrierfach kann problemlos entnommen werden, um zus\u00e4tzlichen Platz f\u00fcr gr\u00f6\u00dfere Flaschen und Getr\u00e4nke zu schaffen. Die elektronisch geregelte Kompressor- und L\u00fcftergeschwindigkeit sorgt f\u00fcr einen leisen Betrieb und einen energiesparenden Verbrauch. &nbsp; Besondere Merkmale: 3-in-1-K\u00fchlsystem, [&hellip;]\" \/>\n<meta property=\"og:url\" content=\"https:\/\/shop.bantam.ch\/de\/produkt\/kuehlschrank-nrx-c-drawer-series\/\" \/>\n<meta property=\"og:site_name\" content=\"Bantam\" \/>\n<meta property=\"article:modified_time\" content=\"2026-05-06T00:40:45+00:00\" \/>\n<meta name=\"twitter:card\" content=\"summary_large_image\" \/>\n<script type=\"application\/ld+json\" class=\"yoast-schema-graph\">{\"@context\":\"https:\\\/\\\/schema.org\",\"@graph\":[{\"@type\":\"WebPage\",\"@id\":\"https:\\\/\\\/shop.bantam.ch\\\/de\\\/produkt\\\/kuehlschrank-nrx-c-drawer-series\\\/\",\"url\":\"https:\\\/\\\/shop.bantam.ch\\\/de\\\/produkt\\\/kuehlschrank-nrx-c-drawer-series\\\/\",\"name\":\"K\u00fchlschrank NRX C Drawer Series - Bantam\",\"isPartOf\":{\"@id\":\"https:\\\/\\\/shop.bantam.ch\\\/de\\\/#website\"},\"primaryImageOfPage\":{\"@id\":\"https:\\\/\\\/shop.bantam.ch\\\/de\\\/produkt\\\/kuehlschrank-nrx-c-drawer-series\\\/#primaryimage\"},\"image\":{\"@id\":\"https:\\\/\\\/shop.bantam.ch\\\/de\\\/produkt\\\/kuehlschrank-nrx-c-drawer-series\\\/#primaryimage\"},\"thumbnailUrl\":\"https:\\\/\\\/shop.bantam.ch\\\/wp-content\\\/uploads\\\/2026\\\/01\\\/Movera-L-9988145100.png\",\"datePublished\":\"2026-01-06T17:08:30+00:00\",\"dateModified\":\"2026-05-06T00:40:45+00:00\",\"breadcrumb\":{\"@id\":\"https:\\\/\\\/shop.bantam.ch\\\/de\\\/produkt\\\/kuehlschrank-nrx-c-drawer-series\\\/#breadcrumb\"},\"inLanguage\":\"de\",\"potentialAction\":[{\"@type\":\"ReadAction\",\"target\":[\"https:\\\/\\\/shop.bantam.ch\\\/de\\\/produkt\\\/kuehlschrank-nrx-c-drawer-series\\\/\"]}]},{\"@type\":\"ImageObject\",\"inLanguage\":\"de\",\"@id\":\"https:\\\/\\\/shop.bantam.ch\\\/de\\\/produkt\\\/kuehlschrank-nrx-c-drawer-series\\\/#primaryimage\",\"url\":\"https:\\\/\\\/shop.bantam.ch\\\/wp-content\\\/uploads\\\/2026\\\/01\\\/Movera-L-9988145100.png\",\"contentUrl\":\"https:\\\/\\\/shop.bantam.ch\\\/wp-content\\\/uploads\\\/2026\\\/01\\\/Movera-L-9988145100.png\",\"width\":640,\"height\":640},{\"@type\":\"BreadcrumbList\",\"@id\":\"https:\\\/\\\/shop.bantam.ch\\\/de\\\/produkt\\\/kuehlschrank-nrx-c-drawer-series\\\/#breadcrumb\",\"itemListElement\":[{\"@type\":\"ListItem\",\"position\":1,\"name\":\"Accueil\",\"item\":\"https:\\\/\\\/shop.bantam.ch\\\/de\\\/\"},{\"@type\":\"ListItem\",\"position\":2,\"name\":\"Shop\",\"item\":\"https:\\\/\\\/shop.bantam.ch\\\/de\\\/shop\\\/\"},{\"@type\":\"ListItem\",\"position\":3,\"name\":\"K\u00fchlschrank NRX C Drawer Series\"}]},{\"@type\":\"WebSite\",\"@id\":\"https:\\\/\\\/shop.bantam.ch\\\/de\\\/#website\",\"url\":\"https:\\\/\\\/shop.bantam.ch\\\/de\\\/\",\"name\":\"Bantam\",\"description\":\"\",\"publisher\":{\"@id\":\"https:\\\/\\\/shop.bantam.ch\\\/de\\\/#organization\"},\"inLanguage\":\"de\"},{\"@type\":\"Organization\",\"@id\":\"https:\\\/\\\/shop.bantam.ch\\\/de\\\/#organization\",\"name\":\"Bantam\",\"url\":\"https:\\\/\\\/shop.bantam.ch\\\/de\\\/\",\"logo\":{\"@type\":\"ImageObject\",\"inLanguage\":\"de\",\"@id\":\"https:\\\/\\\/shop.bantam.ch\\\/de\\\/#\\\/schema\\\/logo\\\/image\\\/\",\"url\":\"https:\\\/\\\/shop.bantam.ch\\\/wp-content\\\/uploads\\\/2022\\\/12\\\/bantam-logo.png\",\"contentUrl\":\"https:\\\/\\\/shop.bantam.ch\\\/wp-content\\\/uploads\\\/2022\\\/12\\\/bantam-logo.png\",\"width\":320,\"height\":71,\"caption\":\"Bantam\"},\"image\":{\"@id\":\"https:\\\/\\\/shop.bantam.ch\\\/de\\\/#\\\/schema\\\/logo\\\/image\\\/\"}}]}<\/script>\n<!-- \/ Yoast SEO plugin. -->","yoast_head_json":{"title":"K\u00fchlschrank NRX C Drawer Series - Bantam","robots":{"index":"index","follow":"follow","max-snippet":"max-snippet:-1","max-image-preview":"max-image-preview:large","max-video-preview":"max-video-preview:-1"},"canonical":"https:\/\/shop.bantam.ch\/de\/produkt\/kuehlschrank-nrx-c-drawer-series\/","og_locale":"de_DE","og_type":"article","og_title":"K\u00fchlschrank NRX C Drawer Series - Bantam","og_description":"Das elegante Ausziehk\u00fchlger\u00e4t erm\u00f6glicht einen schnellen und einfachen Zugriff auf Ihre Lebensmittel. Dank seiner Vielseitigkeit bietet es flexible Aufbewahrungsm\u00f6glichkeiten. Das patentierte Gefrierfach kann problemlos entnommen werden, um zus\u00e4tzlichen Platz f\u00fcr gr\u00f6\u00dfere Flaschen und Getr\u00e4nke zu schaffen. Die elektronisch geregelte Kompressor- und L\u00fcftergeschwindigkeit sorgt f\u00fcr einen leisen Betrieb und einen energiesparenden Verbrauch. &nbsp; Besondere Merkmale: 3-in-1-K\u00fchlsystem, [&hellip;]","og_url":"https:\/\/shop.bantam.ch\/de\/produkt\/kuehlschrank-nrx-c-drawer-series\/","og_site_name":"Bantam","article_modified_time":"2026-05-06T00:40:45+00:00","twitter_card":"summary_large_image","schema":{"@context":"https:\/\/schema.org","@graph":[{"@type":"WebPage","@id":"https:\/\/shop.bantam.ch\/de\/produkt\/kuehlschrank-nrx-c-drawer-series\/","url":"https:\/\/shop.bantam.ch\/de\/produkt\/kuehlschrank-nrx-c-drawer-series\/","name":"K\u00fchlschrank NRX C Drawer Series - Bantam","isPartOf":{"@id":"https:\/\/shop.bantam.ch\/de\/#website"},"primaryImageOfPage":{"@id":"https:\/\/shop.bantam.ch\/de\/produkt\/kuehlschrank-nrx-c-drawer-series\/#primaryimage"},"image":{"@id":"https:\/\/shop.bantam.ch\/de\/produkt\/kuehlschrank-nrx-c-drawer-series\/#primaryimage"},"thumbnailUrl":"https:\/\/shop.bantam.ch\/wp-content\/uploads\/2026\/01\/Movera-L-9988145100.png","datePublished":"2026-01-06T17:08:30+00:00","dateModified":"2026-05-06T00:40:45+00:00","breadcrumb":{"@id":"https:\/\/shop.bantam.ch\/de\/produkt\/kuehlschrank-nrx-c-drawer-series\/#breadcrumb"},"inLanguage":"de","potentialAction":[{"@type":"ReadAction","target":["https:\/\/shop.bantam.ch\/de\/produkt\/kuehlschrank-nrx-c-drawer-series\/"]}]},{"@type":"ImageObject","inLanguage":"de","@id":"https:\/\/shop.bantam.ch\/de\/produkt\/kuehlschrank-nrx-c-drawer-series\/#primaryimage","url":"https:\/\/shop.bantam.ch\/wp-content\/uploads\/2026\/01\/Movera-L-9988145100.png","contentUrl":"https:\/\/shop.bantam.ch\/wp-content\/uploads\/2026\/01\/Movera-L-9988145100.png","width":640,"height":640},{"@type":"BreadcrumbList","@id":"https:\/\/shop.bantam.ch\/de\/produkt\/kuehlschrank-nrx-c-drawer-series\/#breadcrumb","itemListElement":[{"@type":"ListItem","position":1,"name":"Accueil","item":"https:\/\/shop.bantam.ch\/de\/"},{"@type":"ListItem","position":2,"name":"Shop","item":"https:\/\/shop.bantam.ch\/de\/shop\/"},{"@type":"ListItem","position":3,"name":"K\u00fchlschrank NRX C Drawer Series"}]},{"@type":"WebSite","@id":"https:\/\/shop.bantam.ch\/de\/#website","url":"https:\/\/shop.bantam.ch\/de\/","name":"Bantam","description":"","publisher":{"@id":"https:\/\/shop.bantam.ch\/de\/#organization"},"inLanguage":"de"},{"@type":"Organization","@id":"https:\/\/shop.bantam.ch\/de\/#organization","name":"Bantam","url":"https:\/\/shop.bantam.ch\/de\/","logo":{"@type":"ImageObject","inLanguage":"de","@id":"https:\/\/shop.bantam.ch\/de\/#\/schema\/logo\/image\/","url":"https:\/\/shop.bantam.ch\/wp-content\/uploads\/2022\/12\/bantam-logo.png","contentUrl":"https:\/\/shop.bantam.ch\/wp-content\/uploads\/2022\/12\/bantam-logo.png","width":320,"height":71,"caption":"Bantam"},"image":{"@id":"https:\/\/shop.bantam.ch\/de\/#\/schema\/logo\/image\/"}}]}},"_links":{"self":[{"href":"https:\/\/shop.bantam.ch\/de\/wp-json\/wp\/v2\/product\/231698","targetHints":{"allow":["GET"]}}],"collection":[{"href":"https:\/\/shop.bantam.ch\/de\/wp-json\/wp\/v2\/product"}],"about":[{"href":"https:\/\/shop.bantam.ch\/de\/wp-json\/wp\/v2\/types\/product"}],"wp:featuredmedia":[{"embeddable":true,"href":"https:\/\/shop.bantam.ch\/de\/wp-json\/wp\/v2\/media\/231682"}],"wp:attachment":[{"href":"https:\/\/shop.bantam.ch\/de\/wp-json\/wp\/v2\/media?parent=231698"}],"wp:term":[{"taxonomy":"product_featured_cat","embeddable":true,"href":"https:\/\/shop.bantam.ch\/de\/wp-json\/wp\/v2\/product_featured_cat?post=231698"},{"taxonomy":"product_brand","embeddable":true,"href":"https:\/\/shop.bantam.ch\/de\/wp-json\/wp\/v2\/product_brand?post=231698"},{"taxonomy":"product_cat","embeddable":true,"href":"https:\/\/shop.bantam.ch\/de\/wp-json\/wp\/v2\/product_cat?post=231698"},{"taxonomy":"product_tag","embeddable":true,"href":"https:\/\/shop.bantam.ch\/de\/wp-json\/wp\/v2\/product_tag?post=231698"}],"curies":[{"name":"wp","href":"https:\/\/api.w.org\/{rel}","templated":true}]}}