{"id":231572,"date":"2026-01-06T18:05:59","date_gmt":"2026-01-06T17:05:59","guid":{"rendered":"https:\/\/shop.bantam.ch\/produit\/klima-fjz4-1700w\/"},"modified":"2026-04-19T02:46:04","modified_gmt":"2026-04-19T00:46:04","slug":"klima-fjz4-1700w","status":"publish","type":"product","link":"https:\/\/shop.bantam.ch\/de\/produkt\/klima-fjz4-1700w\/","title":{"rendered":"Klima FJZ4 1700W"},"content":{"rendered":"<p>Die FreshJet FJZ-Serie bietet die perfekte L\u00f6sung f\u00fcr moderne mobile Klimaanlagen auf dem Dach. Mit ihrem eleganten und zeitgem\u00e4\u00dfen Design liefert diese innovative Produktreihe erstklassige Leistung bei einem auffallend niedrigen Energieverbrauch. Von der FJZ4-Serie mit fester Drehzahl bis zur High-End-Serie Inverter Premium FJZ7, deckt die FreshJet FJZ-Serie eine breite Palette von Bed\u00fcrfnissen ab. Egal, ob Sie effiziente K\u00fchlung, ger\u00e4uscharmen Betrieb oder intelligente Klimaregelung w\u00fcnschen, die FJZ-Serie garantiert kompromisslosen Komfort \u2013 egal wohin Ihre Reise geht.<\/p>\n","protected":false},"excerpt":{"rendered":"<p>Die FreshJet FJZ-Serie bietet die perfekte L\u00f6sung f\u00fcr moderne mobile Klimaanlagen auf dem Dach. Mit ihrem eleganten und zeitgem\u00e4\u00dfen Design liefert diese innovative Produktreihe erstklassige Leistung bei einem auffallend niedrigen Energieverbrauch. Von der FJZ4-Serie mit fester Drehzahl bis zur High-End-Serie Inverter Premium FJZ7, deckt die FreshJet FJZ-Serie eine breite Palette von Bed\u00fcrfnissen ab. Egal, ob [&hellip;]<\/p>\n","protected":false},"featured_media":231556,"template":"","meta":{"_acf_changed":false},"product_featured_cat":[],"product_brand":[],"product_cat":[4090],"product_tag":[],"class_list":{"0":"post-231572","1":"product","2":"type-product","3":"status-publish","4":"has-post-thumbnail","6":"product_cat-klimaanlagen","8":"first","9":"instock","10":"taxable","11":"shipping-taxable","12":"purchasable","13":"product-type-variable"},"acf":[],"yoast_head":"<!-- This site is optimized with the Yoast SEO plugin v27.4 - https:\/\/yoast.com\/product\/yoast-seo-wordpress\/ -->\n<title>Klima FJZ4 1700W - Bantam Camping AG<\/title>\n<meta name=\"robots\" content=\"index, follow, max-snippet:-1, max-image-preview:large, max-video-preview:-1\" \/>\n<link rel=\"canonical\" href=\"https:\/\/shop.bantam.ch\/de\/produkt\/klima-fjz4-1700w\/\" \/>\n<meta property=\"og:locale\" content=\"de_DE\" \/>\n<meta property=\"og:type\" content=\"article\" \/>\n<meta property=\"og:title\" content=\"Klima FJZ4 1700W - Bantam Camping AG\" \/>\n<meta property=\"og:description\" content=\"Die FreshJet FJZ-Serie bietet die perfekte L\u00f6sung f\u00fcr moderne mobile Klimaanlagen auf dem Dach. Mit ihrem eleganten und zeitgem\u00e4\u00dfen Design liefert diese innovative Produktreihe erstklassige Leistung bei einem auffallend niedrigen Energieverbrauch. Von der FJZ4-Serie mit fester Drehzahl bis zur High-End-Serie Inverter Premium FJZ7, deckt die FreshJet FJZ-Serie eine breite Palette von Bed\u00fcrfnissen ab. Egal, ob [&hellip;]\" \/>\n<meta property=\"og:url\" content=\"https:\/\/shop.bantam.ch\/de\/produkt\/klima-fjz4-1700w\/\" \/>\n<meta property=\"og:site_name\" content=\"Bantam Camping AG\" \/>\n<meta property=\"article:modified_time\" content=\"2026-04-19T00:46:04+00:00\" \/>\n<meta name=\"twitter:card\" content=\"summary_large_image\" \/>\n<script type=\"application\/ld+json\" class=\"yoast-schema-graph\">{\"@context\":\"https:\\\/\\\/schema.org\",\"@graph\":[{\"@type\":\"WebPage\",\"@id\":\"https:\\\/\\\/shop.bantam.ch\\\/de\\\/produkt\\\/klima-fjz4-1700w\\\/\",\"url\":\"https:\\\/\\\/shop.bantam.ch\\\/de\\\/produkt\\\/klima-fjz4-1700w\\\/\",\"name\":\"Klima FJZ4 1700W - Bantam Camping AG\",\"isPartOf\":{\"@id\":\"https:\\\/\\\/shop.bantam.ch\\\/de\\\/#website\"},\"primaryImageOfPage\":{\"@id\":\"https:\\\/\\\/shop.bantam.ch\\\/de\\\/produkt\\\/klima-fjz4-1700w\\\/#primaryimage\"},\"image\":{\"@id\":\"https:\\\/\\\/shop.bantam.ch\\\/de\\\/produkt\\\/klima-fjz4-1700w\\\/#primaryimage\"},\"thumbnailUrl\":\"https:\\\/\\\/shop.bantam.ch\\\/wp-content\\\/uploads\\\/2026\\\/01\\\/Movera-L-9988132100.png\",\"datePublished\":\"2026-01-06T17:05:59+00:00\",\"dateModified\":\"2026-04-19T00:46:04+00:00\",\"breadcrumb\":{\"@id\":\"https:\\\/\\\/shop.bantam.ch\\\/de\\\/produkt\\\/klima-fjz4-1700w\\\/#breadcrumb\"},\"inLanguage\":\"de\",\"potentialAction\":[{\"@type\":\"ReadAction\",\"target\":[\"https:\\\/\\\/shop.bantam.ch\\\/de\\\/produkt\\\/klima-fjz4-1700w\\\/\"]}]},{\"@type\":\"ImageObject\",\"inLanguage\":\"de\",\"@id\":\"https:\\\/\\\/shop.bantam.ch\\\/de\\\/produkt\\\/klima-fjz4-1700w\\\/#primaryimage\",\"url\":\"https:\\\/\\\/shop.bantam.ch\\\/wp-content\\\/uploads\\\/2026\\\/01\\\/Movera-L-9988132100.png\",\"contentUrl\":\"https:\\\/\\\/shop.bantam.ch\\\/wp-content\\\/uploads\\\/2026\\\/01\\\/Movera-L-9988132100.png\",\"width\":640,\"height\":640},{\"@type\":\"BreadcrumbList\",\"@id\":\"https:\\\/\\\/shop.bantam.ch\\\/de\\\/produkt\\\/klima-fjz4-1700w\\\/#breadcrumb\",\"itemListElement\":[{\"@type\":\"ListItem\",\"position\":1,\"name\":\"Accueil\",\"item\":\"https:\\\/\\\/shop.bantam.ch\\\/de\\\/\"},{\"@type\":\"ListItem\",\"position\":2,\"name\":\"Shop\",\"item\":\"https:\\\/\\\/shop.bantam.ch\\\/de\\\/shop\\\/\"},{\"@type\":\"ListItem\",\"position\":3,\"name\":\"Klima FJZ4 1700W\"}]},{\"@type\":\"WebSite\",\"@id\":\"https:\\\/\\\/shop.bantam.ch\\\/de\\\/#website\",\"url\":\"https:\\\/\\\/shop.bantam.ch\\\/de\\\/\",\"name\":\"Bantam Camping AG\",\"description\":\"\",\"publisher\":{\"@id\":\"https:\\\/\\\/shop.bantam.ch\\\/de\\\/#organization\"},\"inLanguage\":\"de\"},{\"@type\":\"Organization\",\"@id\":\"https:\\\/\\\/shop.bantam.ch\\\/de\\\/#organization\",\"name\":\"Bantam Camping AG\",\"url\":\"https:\\\/\\\/shop.bantam.ch\\\/de\\\/\",\"logo\":{\"@type\":\"ImageObject\",\"inLanguage\":\"de\",\"@id\":\"https:\\\/\\\/shop.bantam.ch\\\/de\\\/#\\\/schema\\\/logo\\\/image\\\/\",\"url\":\"https:\\\/\\\/shop.bantam.ch\\\/wp-content\\\/uploads\\\/2022\\\/12\\\/bantam-logo.png\",\"contentUrl\":\"https:\\\/\\\/shop.bantam.ch\\\/wp-content\\\/uploads\\\/2022\\\/12\\\/bantam-logo.png\",\"width\":320,\"height\":71,\"caption\":\"Bantam Camping AG\"},\"image\":{\"@id\":\"https:\\\/\\\/shop.bantam.ch\\\/de\\\/#\\\/schema\\\/logo\\\/image\\\/\"}}]}<\/script>\n<!-- \/ Yoast SEO plugin. -->","yoast_head_json":{"title":"Klima FJZ4 1700W - Bantam Camping AG","robots":{"index":"index","follow":"follow","max-snippet":"max-snippet:-1","max-image-preview":"max-image-preview:large","max-video-preview":"max-video-preview:-1"},"canonical":"https:\/\/shop.bantam.ch\/de\/produkt\/klima-fjz4-1700w\/","og_locale":"de_DE","og_type":"article","og_title":"Klima FJZ4 1700W - Bantam Camping AG","og_description":"Die FreshJet FJZ-Serie bietet die perfekte L\u00f6sung f\u00fcr moderne mobile Klimaanlagen auf dem Dach. Mit ihrem eleganten und zeitgem\u00e4\u00dfen Design liefert diese innovative Produktreihe erstklassige Leistung bei einem auffallend niedrigen Energieverbrauch. Von der FJZ4-Serie mit fester Drehzahl bis zur High-End-Serie Inverter Premium FJZ7, deckt die FreshJet FJZ-Serie eine breite Palette von Bed\u00fcrfnissen ab. Egal, ob [&hellip;]","og_url":"https:\/\/shop.bantam.ch\/de\/produkt\/klima-fjz4-1700w\/","og_site_name":"Bantam Camping AG","article_modified_time":"2026-04-19T00:46:04+00:00","twitter_card":"summary_large_image","schema":{"@context":"https:\/\/schema.org","@graph":[{"@type":"WebPage","@id":"https:\/\/shop.bantam.ch\/de\/produkt\/klima-fjz4-1700w\/","url":"https:\/\/shop.bantam.ch\/de\/produkt\/klima-fjz4-1700w\/","name":"Klima FJZ4 1700W - Bantam Camping AG","isPartOf":{"@id":"https:\/\/shop.bantam.ch\/de\/#website"},"primaryImageOfPage":{"@id":"https:\/\/shop.bantam.ch\/de\/produkt\/klima-fjz4-1700w\/#primaryimage"},"image":{"@id":"https:\/\/shop.bantam.ch\/de\/produkt\/klima-fjz4-1700w\/#primaryimage"},"thumbnailUrl":"https:\/\/shop.bantam.ch\/wp-content\/uploads\/2026\/01\/Movera-L-9988132100.png","datePublished":"2026-01-06T17:05:59+00:00","dateModified":"2026-04-19T00:46:04+00:00","breadcrumb":{"@id":"https:\/\/shop.bantam.ch\/de\/produkt\/klima-fjz4-1700w\/#breadcrumb"},"inLanguage":"de","potentialAction":[{"@type":"ReadAction","target":["https:\/\/shop.bantam.ch\/de\/produkt\/klima-fjz4-1700w\/"]}]},{"@type":"ImageObject","inLanguage":"de","@id":"https:\/\/shop.bantam.ch\/de\/produkt\/klima-fjz4-1700w\/#primaryimage","url":"https:\/\/shop.bantam.ch\/wp-content\/uploads\/2026\/01\/Movera-L-9988132100.png","contentUrl":"https:\/\/shop.bantam.ch\/wp-content\/uploads\/2026\/01\/Movera-L-9988132100.png","width":640,"height":640},{"@type":"BreadcrumbList","@id":"https:\/\/shop.bantam.ch\/de\/produkt\/klima-fjz4-1700w\/#breadcrumb","itemListElement":[{"@type":"ListItem","position":1,"name":"Accueil","item":"https:\/\/shop.bantam.ch\/de\/"},{"@type":"ListItem","position":2,"name":"Shop","item":"https:\/\/shop.bantam.ch\/de\/shop\/"},{"@type":"ListItem","position":3,"name":"Klima FJZ4 1700W"}]},{"@type":"WebSite","@id":"https:\/\/shop.bantam.ch\/de\/#website","url":"https:\/\/shop.bantam.ch\/de\/","name":"Bantam Camping AG","description":"","publisher":{"@id":"https:\/\/shop.bantam.ch\/de\/#organization"},"inLanguage":"de"},{"@type":"Organization","@id":"https:\/\/shop.bantam.ch\/de\/#organization","name":"Bantam Camping AG","url":"https:\/\/shop.bantam.ch\/de\/","logo":{"@type":"ImageObject","inLanguage":"de","@id":"https:\/\/shop.bantam.ch\/de\/#\/schema\/logo\/image\/","url":"https:\/\/shop.bantam.ch\/wp-content\/uploads\/2022\/12\/bantam-logo.png","contentUrl":"https:\/\/shop.bantam.ch\/wp-content\/uploads\/2022\/12\/bantam-logo.png","width":320,"height":71,"caption":"Bantam Camping AG"},"image":{"@id":"https:\/\/shop.bantam.ch\/de\/#\/schema\/logo\/image\/"}}]}},"_links":{"self":[{"href":"https:\/\/shop.bantam.ch\/de\/wp-json\/wp\/v2\/product\/231572","targetHints":{"allow":["GET"]}}],"collection":[{"href":"https:\/\/shop.bantam.ch\/de\/wp-json\/wp\/v2\/product"}],"about":[{"href":"https:\/\/shop.bantam.ch\/de\/wp-json\/wp\/v2\/types\/product"}],"wp:featuredmedia":[{"embeddable":true,"href":"https:\/\/shop.bantam.ch\/de\/wp-json\/wp\/v2\/media\/231556"}],"wp:attachment":[{"href":"https:\/\/shop.bantam.ch\/de\/wp-json\/wp\/v2\/media?parent=231572"}],"wp:term":[{"taxonomy":"product_featured_cat","embeddable":true,"href":"https:\/\/shop.bantam.ch\/de\/wp-json\/wp\/v2\/product_featured_cat?post=231572"},{"taxonomy":"product_brand","embeddable":true,"href":"https:\/\/shop.bantam.ch\/de\/wp-json\/wp\/v2\/product_brand?post=231572"},{"taxonomy":"product_cat","embeddable":true,"href":"https:\/\/shop.bantam.ch\/de\/wp-json\/wp\/v2\/product_cat?post=231572"},{"taxonomy":"product_tag","embeddable":true,"href":"https:\/\/shop.bantam.ch\/de\/wp-json\/wp\/v2\/product_tag?post=231572"}],"curies":[{"name":"wp","href":"https:\/\/api.w.org\/{rel}","templated":true}]}}