{"id":231429,"date":"2026-01-06T18:02:33","date_gmt":"2026-01-06T17:02:33","guid":{"rendered":"https:\/\/shop.bantam.ch\/produit\/tr-1050-kuehlschrank\/"},"modified":"2026-04-22T02:48:40","modified_gmt":"2026-04-22T00:48:40","slug":"tr-1050-kuehlschrank","status":"publish","type":"product","link":"https:\/\/shop.bantam.ch\/de\/produkt\/tr-1050-kuehlschrank\/","title":{"rendered":"TR 1050 K\u00fchlschrank"},"content":{"rendered":"<p>Die TR1050 und TR1060 Serie (Neu!) bietet kompakte Au\u00dfenma\u00dfe bei beeindruckender Innenleistung. Die neueste Generation der Thetford Kompressor-K\u00fchlschr\u00e4nke ist eine clevere und platzsparende L\u00f6sung, die weder auf Komfort noch Leistung verzichtet. Speziell f\u00fcr Freizeitfahrzeuge konzipiert, \u00fcberzeugen diese K\u00fchlschr\u00e4nke durch hohe K\u00fchlleistung, geringen Energieverbrauch und flexible Einbaum\u00f6glichkeiten. Sie sind darauf ausgelegt, selbst unter anspruchsvollen Bedingungen zuverl\u00e4ssig zu funktionieren, um Ihre Lebensmittel frisch oder tiefgek\u00fchlt zu halten, egal wohin Ihre Reise f\u00fchrt. Ob Sie abseits der \u00fcblichen Wege unterwegs sind oder auf einem komfortablen Campingplatz verweilen \u2013 diese K\u00fchlschr\u00e4nke bieten Ihnen \u00fcberall den Komfort wie zu Hause.<\/p>\n<p>Vorteile:<\/p>\n<p>Flexibler Einbau: W\u00e4hlen Sie zwischen Modellen mit Schwenkt\u00fcren oder Schubladen.<br \/>\nIndividuelles Design: Erh\u00e4ltlich in eleganter Metalloptik oder mit T\u00fcrverkleidungen.<br \/>\nIntelligente Innenausstattung: Verstellbare T\u00fcrf\u00e4cher, modulare Ablagen und ger\u00e4umige Gefrierf\u00e4cher.<br \/>\nEnergieeffizienz: Niedriger Stromverbrauch bei 12V.<br \/>\nVielseitige Bel\u00fcftung: Oben und seitliche Bel\u00fcftungsoptionen erm\u00f6glichen eine einfache Anpassung an jede Umgebung.<\/p>\n","protected":false},"excerpt":{"rendered":"<p>Die TR1050 und TR1060 Serie (Neu!) bietet kompakte Au\u00dfenma\u00dfe bei beeindruckender Innenleistung. Die neueste Generation der Thetford Kompressor-K\u00fchlschr\u00e4nke ist eine clevere und platzsparende L\u00f6sung, die weder auf Komfort noch Leistung verzichtet. Speziell f\u00fcr Freizeitfahrzeuge konzipiert, \u00fcberzeugen diese K\u00fchlschr\u00e4nke durch hohe K\u00fchlleistung, geringen Energieverbrauch und flexible Einbaum\u00f6glichkeiten. Sie sind darauf ausgelegt, selbst unter anspruchsvollen Bedingungen zuverl\u00e4ssig [&hellip;]<\/p>\n","protected":false},"featured_media":231424,"template":"","meta":{"_acf_changed":false},"product_featured_cat":[],"product_brand":[],"product_cat":[4088],"product_tag":[],"class_list":{"0":"post-231429","1":"product","2":"type-product","3":"status-publish","4":"has-post-thumbnail","6":"product_cat-kuehlschraenke","8":"first","9":"instock","10":"taxable","11":"shipping-taxable","12":"purchasable","13":"product-type-variable"},"acf":[],"yoast_head":"<!-- This site is optimized with the Yoast SEO plugin v27.4 - https:\/\/yoast.com\/product\/yoast-seo-wordpress\/ -->\n<title>TR 1050 K\u00fchlschrank - Bantam Camping AG<\/title>\n<meta name=\"robots\" content=\"index, follow, max-snippet:-1, max-image-preview:large, max-video-preview:-1\" \/>\n<link rel=\"canonical\" href=\"https:\/\/shop.bantam.ch\/de\/produkt\/tr-1050-kuehlschrank\/\" \/>\n<meta property=\"og:locale\" content=\"de_DE\" \/>\n<meta property=\"og:type\" content=\"article\" \/>\n<meta property=\"og:title\" content=\"TR 1050 K\u00fchlschrank - Bantam Camping AG\" \/>\n<meta property=\"og:description\" content=\"Die TR1050 und TR1060 Serie (Neu!) bietet kompakte Au\u00dfenma\u00dfe bei beeindruckender Innenleistung. Die neueste Generation der Thetford Kompressor-K\u00fchlschr\u00e4nke ist eine clevere und platzsparende L\u00f6sung, die weder auf Komfort noch Leistung verzichtet. Speziell f\u00fcr Freizeitfahrzeuge konzipiert, \u00fcberzeugen diese K\u00fchlschr\u00e4nke durch hohe K\u00fchlleistung, geringen Energieverbrauch und flexible Einbaum\u00f6glichkeiten. Sie sind darauf ausgelegt, selbst unter anspruchsvollen Bedingungen zuverl\u00e4ssig [&hellip;]\" \/>\n<meta property=\"og:url\" content=\"https:\/\/shop.bantam.ch\/de\/produkt\/tr-1050-kuehlschrank\/\" \/>\n<meta property=\"og:site_name\" content=\"Bantam Camping AG\" \/>\n<meta property=\"article:modified_time\" content=\"2026-04-22T00:48:40+00:00\" \/>\n<meta name=\"twitter:card\" content=\"summary_large_image\" \/>\n<meta name=\"twitter:label1\" content=\"Gesch\u00e4tzte Lesezeit\" \/>\n\t<meta name=\"twitter:data1\" content=\"1\u00a0Minute\" \/>\n<script type=\"application\/ld+json\" class=\"yoast-schema-graph\">{\"@context\":\"https:\\\/\\\/schema.org\",\"@graph\":[{\"@type\":\"WebPage\",\"@id\":\"https:\\\/\\\/shop.bantam.ch\\\/de\\\/produkt\\\/tr-1050-kuehlschrank\\\/\",\"url\":\"https:\\\/\\\/shop.bantam.ch\\\/de\\\/produkt\\\/tr-1050-kuehlschrank\\\/\",\"name\":\"TR 1050 K\u00fchlschrank - Bantam Camping AG\",\"isPartOf\":{\"@id\":\"https:\\\/\\\/shop.bantam.ch\\\/de\\\/#website\"},\"primaryImageOfPage\":{\"@id\":\"https:\\\/\\\/shop.bantam.ch\\\/de\\\/produkt\\\/tr-1050-kuehlschrank\\\/#primaryimage\"},\"image\":{\"@id\":\"https:\\\/\\\/shop.bantam.ch\\\/de\\\/produkt\\\/tr-1050-kuehlschrank\\\/#primaryimage\"},\"thumbnailUrl\":\"https:\\\/\\\/shop.bantam.ch\\\/wp-content\\\/uploads\\\/2026\\\/01\\\/Movera-L-9988089100.png\",\"datePublished\":\"2026-01-06T17:02:33+00:00\",\"dateModified\":\"2026-04-22T00:48:40+00:00\",\"breadcrumb\":{\"@id\":\"https:\\\/\\\/shop.bantam.ch\\\/de\\\/produkt\\\/tr-1050-kuehlschrank\\\/#breadcrumb\"},\"inLanguage\":\"de\",\"potentialAction\":[{\"@type\":\"ReadAction\",\"target\":[\"https:\\\/\\\/shop.bantam.ch\\\/de\\\/produkt\\\/tr-1050-kuehlschrank\\\/\"]}]},{\"@type\":\"ImageObject\",\"inLanguage\":\"de\",\"@id\":\"https:\\\/\\\/shop.bantam.ch\\\/de\\\/produkt\\\/tr-1050-kuehlschrank\\\/#primaryimage\",\"url\":\"https:\\\/\\\/shop.bantam.ch\\\/wp-content\\\/uploads\\\/2026\\\/01\\\/Movera-L-9988089100.png\",\"contentUrl\":\"https:\\\/\\\/shop.bantam.ch\\\/wp-content\\\/uploads\\\/2026\\\/01\\\/Movera-L-9988089100.png\",\"width\":640,\"height\":453},{\"@type\":\"BreadcrumbList\",\"@id\":\"https:\\\/\\\/shop.bantam.ch\\\/de\\\/produkt\\\/tr-1050-kuehlschrank\\\/#breadcrumb\",\"itemListElement\":[{\"@type\":\"ListItem\",\"position\":1,\"name\":\"Accueil\",\"item\":\"https:\\\/\\\/shop.bantam.ch\\\/de\\\/\"},{\"@type\":\"ListItem\",\"position\":2,\"name\":\"Shop\",\"item\":\"https:\\\/\\\/shop.bantam.ch\\\/de\\\/shop\\\/\"},{\"@type\":\"ListItem\",\"position\":3,\"name\":\"TR 1050 K\u00fchlschrank\"}]},{\"@type\":\"WebSite\",\"@id\":\"https:\\\/\\\/shop.bantam.ch\\\/de\\\/#website\",\"url\":\"https:\\\/\\\/shop.bantam.ch\\\/de\\\/\",\"name\":\"Bantam Camping AG\",\"description\":\"\",\"publisher\":{\"@id\":\"https:\\\/\\\/shop.bantam.ch\\\/de\\\/#organization\"},\"inLanguage\":\"de\"},{\"@type\":\"Organization\",\"@id\":\"https:\\\/\\\/shop.bantam.ch\\\/de\\\/#organization\",\"name\":\"Bantam Camping AG\",\"url\":\"https:\\\/\\\/shop.bantam.ch\\\/de\\\/\",\"logo\":{\"@type\":\"ImageObject\",\"inLanguage\":\"de\",\"@id\":\"https:\\\/\\\/shop.bantam.ch\\\/de\\\/#\\\/schema\\\/logo\\\/image\\\/\",\"url\":\"https:\\\/\\\/shop.bantam.ch\\\/wp-content\\\/uploads\\\/2022\\\/12\\\/bantam-logo.png\",\"contentUrl\":\"https:\\\/\\\/shop.bantam.ch\\\/wp-content\\\/uploads\\\/2022\\\/12\\\/bantam-logo.png\",\"width\":320,\"height\":71,\"caption\":\"Bantam Camping AG\"},\"image\":{\"@id\":\"https:\\\/\\\/shop.bantam.ch\\\/de\\\/#\\\/schema\\\/logo\\\/image\\\/\"}}]}<\/script>\n<!-- \/ Yoast SEO plugin. -->","yoast_head_json":{"title":"TR 1050 K\u00fchlschrank - Bantam Camping AG","robots":{"index":"index","follow":"follow","max-snippet":"max-snippet:-1","max-image-preview":"max-image-preview:large","max-video-preview":"max-video-preview:-1"},"canonical":"https:\/\/shop.bantam.ch\/de\/produkt\/tr-1050-kuehlschrank\/","og_locale":"de_DE","og_type":"article","og_title":"TR 1050 K\u00fchlschrank - Bantam Camping AG","og_description":"Die TR1050 und TR1060 Serie (Neu!) bietet kompakte Au\u00dfenma\u00dfe bei beeindruckender Innenleistung. Die neueste Generation der Thetford Kompressor-K\u00fchlschr\u00e4nke ist eine clevere und platzsparende L\u00f6sung, die weder auf Komfort noch Leistung verzichtet. Speziell f\u00fcr Freizeitfahrzeuge konzipiert, \u00fcberzeugen diese K\u00fchlschr\u00e4nke durch hohe K\u00fchlleistung, geringen Energieverbrauch und flexible Einbaum\u00f6glichkeiten. Sie sind darauf ausgelegt, selbst unter anspruchsvollen Bedingungen zuverl\u00e4ssig [&hellip;]","og_url":"https:\/\/shop.bantam.ch\/de\/produkt\/tr-1050-kuehlschrank\/","og_site_name":"Bantam Camping AG","article_modified_time":"2026-04-22T00:48:40+00:00","twitter_card":"summary_large_image","twitter_misc":{"Gesch\u00e4tzte Lesezeit":"1\u00a0Minute"},"schema":{"@context":"https:\/\/schema.org","@graph":[{"@type":"WebPage","@id":"https:\/\/shop.bantam.ch\/de\/produkt\/tr-1050-kuehlschrank\/","url":"https:\/\/shop.bantam.ch\/de\/produkt\/tr-1050-kuehlschrank\/","name":"TR 1050 K\u00fchlschrank - Bantam Camping AG","isPartOf":{"@id":"https:\/\/shop.bantam.ch\/de\/#website"},"primaryImageOfPage":{"@id":"https:\/\/shop.bantam.ch\/de\/produkt\/tr-1050-kuehlschrank\/#primaryimage"},"image":{"@id":"https:\/\/shop.bantam.ch\/de\/produkt\/tr-1050-kuehlschrank\/#primaryimage"},"thumbnailUrl":"https:\/\/shop.bantam.ch\/wp-content\/uploads\/2026\/01\/Movera-L-9988089100.png","datePublished":"2026-01-06T17:02:33+00:00","dateModified":"2026-04-22T00:48:40+00:00","breadcrumb":{"@id":"https:\/\/shop.bantam.ch\/de\/produkt\/tr-1050-kuehlschrank\/#breadcrumb"},"inLanguage":"de","potentialAction":[{"@type":"ReadAction","target":["https:\/\/shop.bantam.ch\/de\/produkt\/tr-1050-kuehlschrank\/"]}]},{"@type":"ImageObject","inLanguage":"de","@id":"https:\/\/shop.bantam.ch\/de\/produkt\/tr-1050-kuehlschrank\/#primaryimage","url":"https:\/\/shop.bantam.ch\/wp-content\/uploads\/2026\/01\/Movera-L-9988089100.png","contentUrl":"https:\/\/shop.bantam.ch\/wp-content\/uploads\/2026\/01\/Movera-L-9988089100.png","width":640,"height":453},{"@type":"BreadcrumbList","@id":"https:\/\/shop.bantam.ch\/de\/produkt\/tr-1050-kuehlschrank\/#breadcrumb","itemListElement":[{"@type":"ListItem","position":1,"name":"Accueil","item":"https:\/\/shop.bantam.ch\/de\/"},{"@type":"ListItem","position":2,"name":"Shop","item":"https:\/\/shop.bantam.ch\/de\/shop\/"},{"@type":"ListItem","position":3,"name":"TR 1050 K\u00fchlschrank"}]},{"@type":"WebSite","@id":"https:\/\/shop.bantam.ch\/de\/#website","url":"https:\/\/shop.bantam.ch\/de\/","name":"Bantam Camping AG","description":"","publisher":{"@id":"https:\/\/shop.bantam.ch\/de\/#organization"},"inLanguage":"de"},{"@type":"Organization","@id":"https:\/\/shop.bantam.ch\/de\/#organization","name":"Bantam Camping AG","url":"https:\/\/shop.bantam.ch\/de\/","logo":{"@type":"ImageObject","inLanguage":"de","@id":"https:\/\/shop.bantam.ch\/de\/#\/schema\/logo\/image\/","url":"https:\/\/shop.bantam.ch\/wp-content\/uploads\/2022\/12\/bantam-logo.png","contentUrl":"https:\/\/shop.bantam.ch\/wp-content\/uploads\/2022\/12\/bantam-logo.png","width":320,"height":71,"caption":"Bantam Camping AG"},"image":{"@id":"https:\/\/shop.bantam.ch\/de\/#\/schema\/logo\/image\/"}}]}},"_links":{"self":[{"href":"https:\/\/shop.bantam.ch\/de\/wp-json\/wp\/v2\/product\/231429","targetHints":{"allow":["GET"]}}],"collection":[{"href":"https:\/\/shop.bantam.ch\/de\/wp-json\/wp\/v2\/product"}],"about":[{"href":"https:\/\/shop.bantam.ch\/de\/wp-json\/wp\/v2\/types\/product"}],"wp:featuredmedia":[{"embeddable":true,"href":"https:\/\/shop.bantam.ch\/de\/wp-json\/wp\/v2\/media\/231424"}],"wp:attachment":[{"href":"https:\/\/shop.bantam.ch\/de\/wp-json\/wp\/v2\/media?parent=231429"}],"wp:term":[{"taxonomy":"product_featured_cat","embeddable":true,"href":"https:\/\/shop.bantam.ch\/de\/wp-json\/wp\/v2\/product_featured_cat?post=231429"},{"taxonomy":"product_brand","embeddable":true,"href":"https:\/\/shop.bantam.ch\/de\/wp-json\/wp\/v2\/product_brand?post=231429"},{"taxonomy":"product_cat","embeddable":true,"href":"https:\/\/shop.bantam.ch\/de\/wp-json\/wp\/v2\/product_cat?post=231429"},{"taxonomy":"product_tag","embeddable":true,"href":"https:\/\/shop.bantam.ch\/de\/wp-json\/wp\/v2\/product_tag?post=231429"}],"curies":[{"name":"wp","href":"https:\/\/api.w.org\/{rel}","templated":true}]}}