{"id":231401,"date":"2026-01-06T18:01:33","date_gmt":"2026-01-06T17:01:33","guid":{"rendered":"https:\/\/shop.bantam.ch\/produit\/solaranlage-the-sunfold\/"},"modified":"2026-04-18T02:43:11","modified_gmt":"2026-04-18T00:43:11","slug":"solaranlage-the-sunfold","status":"publish","type":"product","link":"https:\/\/shop.bantam.ch\/de\/produkt\/solaranlage-the-sunfold\/","title":{"rendered":"Solaranlage tHE SunFold"},"content":{"rendered":"<p>Technology f\u00fcr beste Ausbeute der Solarleistung, robust, flexibel und transportabel! Durch den Einsatz von HPBC Back-<br \/>\nContact Zellen haben sie einen hohen Wirkungsgrad. Mit angeschlossenem 3m Ladekabel sowie USB-A \/ USB-C Ladeports<br \/>\ndirekt im praktischen Staufach. Das Modul l\u00e4sst sich leicht zusammenklappen und verf\u00fcgt \u00fcber praktische Tragegriffe sowie<br \/>\nAufsteller zur optimalen Platzierung.<\/p>\n<p>&nbsp;<\/p>\n<p>Vorteile auf einen Blick<\/p>\n<ul>\n<li>geteilte Zellen zur Vermeidung von Leistungsverlusten bei Teilbeschattung<\/li>\n<li>Beschichtung<\/li>\n<li>Zellverschaltung und Anzahl der optimiert f\u00fcr Schwachlichtverh\u00e4ltnisse<\/li>\n<li>Prak tisches Staufach f\u00fcr Ladekabel<\/li>\n<li>Praktische Tragegriffe<\/li>\n<li>Ausklappbare Aufsteller zur optimalenPlatzierung<\/li>\n<\/ul>\n","protected":false},"excerpt":{"rendered":"<p>Technology f\u00fcr beste Ausbeute der Solarleistung, robust, flexibel und transportabel! Durch den Einsatz von HPBC Back- Contact Zellen haben sie einen hohen Wirkungsgrad. Mit angeschlossenem 3m Ladekabel sowie USB-A \/ USB-C Ladeports direkt im praktischen Staufach. Das Modul l\u00e4sst sich leicht zusammenklappen und verf\u00fcgt \u00fcber praktische Tragegriffe sowie Aufsteller zur optimalen Platzierung. &nbsp; Vorteile auf [&hellip;]<\/p>\n","protected":false},"featured_media":231388,"template":"","meta":{"_acf_changed":false},"product_featured_cat":[],"product_brand":[],"product_cat":[4884],"product_tag":[],"class_list":{"0":"post-231401","1":"product","2":"type-product","3":"status-publish","4":"has-post-thumbnail","6":"product_cat-solarmodule","8":"first","9":"instock","10":"taxable","11":"shipping-taxable","12":"purchasable","13":"product-type-variable"},"acf":[],"yoast_head":"<!-- This site is optimized with the Yoast SEO plugin v27.4 - https:\/\/yoast.com\/product\/yoast-seo-wordpress\/ -->\n<title>Solaranlage tHE SunFold - Bantam Camping AG<\/title>\n<meta name=\"robots\" content=\"index, follow, max-snippet:-1, max-image-preview:large, max-video-preview:-1\" \/>\n<link rel=\"canonical\" href=\"https:\/\/shop.bantam.ch\/de\/produkt\/solaranlage-the-sunfold\/\" \/>\n<meta property=\"og:locale\" content=\"de_DE\" \/>\n<meta property=\"og:type\" content=\"article\" \/>\n<meta property=\"og:title\" content=\"Solaranlage tHE SunFold - Bantam Camping AG\" \/>\n<meta property=\"og:description\" content=\"Technology f\u00fcr beste Ausbeute der Solarleistung, robust, flexibel und transportabel! Durch den Einsatz von HPBC Back- Contact Zellen haben sie einen hohen Wirkungsgrad. Mit angeschlossenem 3m Ladekabel sowie USB-A \/ USB-C Ladeports direkt im praktischen Staufach. Das Modul l\u00e4sst sich leicht zusammenklappen und verf\u00fcgt \u00fcber praktische Tragegriffe sowie Aufsteller zur optimalen Platzierung. &nbsp; Vorteile auf [&hellip;]\" \/>\n<meta property=\"og:url\" content=\"https:\/\/shop.bantam.ch\/de\/produkt\/solaranlage-the-sunfold\/\" \/>\n<meta property=\"og:site_name\" content=\"Bantam Camping AG\" \/>\n<meta property=\"article:modified_time\" content=\"2026-04-18T00:43:11+00:00\" \/>\n<meta name=\"twitter:card\" content=\"summary_large_image\" \/>\n<script type=\"application\/ld+json\" class=\"yoast-schema-graph\">{\"@context\":\"https:\\\/\\\/schema.org\",\"@graph\":[{\"@type\":\"WebPage\",\"@id\":\"https:\\\/\\\/shop.bantam.ch\\\/de\\\/produkt\\\/solaranlage-the-sunfold\\\/\",\"url\":\"https:\\\/\\\/shop.bantam.ch\\\/de\\\/produkt\\\/solaranlage-the-sunfold\\\/\",\"name\":\"Solaranlage tHE SunFold - Bantam Camping AG\",\"isPartOf\":{\"@id\":\"https:\\\/\\\/shop.bantam.ch\\\/de\\\/#website\"},\"primaryImageOfPage\":{\"@id\":\"https:\\\/\\\/shop.bantam.ch\\\/de\\\/produkt\\\/solaranlage-the-sunfold\\\/#primaryimage\"},\"image\":{\"@id\":\"https:\\\/\\\/shop.bantam.ch\\\/de\\\/produkt\\\/solaranlage-the-sunfold\\\/#primaryimage\"},\"thumbnailUrl\":\"https:\\\/\\\/shop.bantam.ch\\\/wp-content\\\/uploads\\\/2026\\\/01\\\/Movera-L-0107484100.jpg\",\"datePublished\":\"2026-01-06T17:01:33+00:00\",\"dateModified\":\"2026-04-18T00:43:11+00:00\",\"breadcrumb\":{\"@id\":\"https:\\\/\\\/shop.bantam.ch\\\/de\\\/produkt\\\/solaranlage-the-sunfold\\\/#breadcrumb\"},\"inLanguage\":\"de\",\"potentialAction\":[{\"@type\":\"ReadAction\",\"target\":[\"https:\\\/\\\/shop.bantam.ch\\\/de\\\/produkt\\\/solaranlage-the-sunfold\\\/\"]}]},{\"@type\":\"ImageObject\",\"inLanguage\":\"de\",\"@id\":\"https:\\\/\\\/shop.bantam.ch\\\/de\\\/produkt\\\/solaranlage-the-sunfold\\\/#primaryimage\",\"url\":\"https:\\\/\\\/shop.bantam.ch\\\/wp-content\\\/uploads\\\/2026\\\/01\\\/Movera-L-0107484100.jpg\",\"contentUrl\":\"https:\\\/\\\/shop.bantam.ch\\\/wp-content\\\/uploads\\\/2026\\\/01\\\/Movera-L-0107484100.jpg\",\"width\":640,\"height\":640},{\"@type\":\"BreadcrumbList\",\"@id\":\"https:\\\/\\\/shop.bantam.ch\\\/de\\\/produkt\\\/solaranlage-the-sunfold\\\/#breadcrumb\",\"itemListElement\":[{\"@type\":\"ListItem\",\"position\":1,\"name\":\"Accueil\",\"item\":\"https:\\\/\\\/shop.bantam.ch\\\/de\\\/\"},{\"@type\":\"ListItem\",\"position\":2,\"name\":\"Shop\",\"item\":\"https:\\\/\\\/shop.bantam.ch\\\/de\\\/shop\\\/\"},{\"@type\":\"ListItem\",\"position\":3,\"name\":\"Solaranlage tHE SunFold\"}]},{\"@type\":\"WebSite\",\"@id\":\"https:\\\/\\\/shop.bantam.ch\\\/de\\\/#website\",\"url\":\"https:\\\/\\\/shop.bantam.ch\\\/de\\\/\",\"name\":\"Bantam Camping AG\",\"description\":\"\",\"publisher\":{\"@id\":\"https:\\\/\\\/shop.bantam.ch\\\/de\\\/#organization\"},\"inLanguage\":\"de\"},{\"@type\":\"Organization\",\"@id\":\"https:\\\/\\\/shop.bantam.ch\\\/de\\\/#organization\",\"name\":\"Bantam Camping AG\",\"url\":\"https:\\\/\\\/shop.bantam.ch\\\/de\\\/\",\"logo\":{\"@type\":\"ImageObject\",\"inLanguage\":\"de\",\"@id\":\"https:\\\/\\\/shop.bantam.ch\\\/de\\\/#\\\/schema\\\/logo\\\/image\\\/\",\"url\":\"https:\\\/\\\/shop.bantam.ch\\\/wp-content\\\/uploads\\\/2022\\\/12\\\/bantam-logo.png\",\"contentUrl\":\"https:\\\/\\\/shop.bantam.ch\\\/wp-content\\\/uploads\\\/2022\\\/12\\\/bantam-logo.png\",\"width\":320,\"height\":71,\"caption\":\"Bantam Camping AG\"},\"image\":{\"@id\":\"https:\\\/\\\/shop.bantam.ch\\\/de\\\/#\\\/schema\\\/logo\\\/image\\\/\"}}]}<\/script>\n<!-- \/ Yoast SEO plugin. -->","yoast_head_json":{"title":"Solaranlage tHE SunFold - Bantam Camping AG","robots":{"index":"index","follow":"follow","max-snippet":"max-snippet:-1","max-image-preview":"max-image-preview:large","max-video-preview":"max-video-preview:-1"},"canonical":"https:\/\/shop.bantam.ch\/de\/produkt\/solaranlage-the-sunfold\/","og_locale":"de_DE","og_type":"article","og_title":"Solaranlage tHE SunFold - Bantam Camping AG","og_description":"Technology f\u00fcr beste Ausbeute der Solarleistung, robust, flexibel und transportabel! Durch den Einsatz von HPBC Back- Contact Zellen haben sie einen hohen Wirkungsgrad. Mit angeschlossenem 3m Ladekabel sowie USB-A \/ USB-C Ladeports direkt im praktischen Staufach. Das Modul l\u00e4sst sich leicht zusammenklappen und verf\u00fcgt \u00fcber praktische Tragegriffe sowie Aufsteller zur optimalen Platzierung. &nbsp; Vorteile auf [&hellip;]","og_url":"https:\/\/shop.bantam.ch\/de\/produkt\/solaranlage-the-sunfold\/","og_site_name":"Bantam Camping AG","article_modified_time":"2026-04-18T00:43:11+00:00","twitter_card":"summary_large_image","schema":{"@context":"https:\/\/schema.org","@graph":[{"@type":"WebPage","@id":"https:\/\/shop.bantam.ch\/de\/produkt\/solaranlage-the-sunfold\/","url":"https:\/\/shop.bantam.ch\/de\/produkt\/solaranlage-the-sunfold\/","name":"Solaranlage tHE SunFold - Bantam Camping AG","isPartOf":{"@id":"https:\/\/shop.bantam.ch\/de\/#website"},"primaryImageOfPage":{"@id":"https:\/\/shop.bantam.ch\/de\/produkt\/solaranlage-the-sunfold\/#primaryimage"},"image":{"@id":"https:\/\/shop.bantam.ch\/de\/produkt\/solaranlage-the-sunfold\/#primaryimage"},"thumbnailUrl":"https:\/\/shop.bantam.ch\/wp-content\/uploads\/2026\/01\/Movera-L-0107484100.jpg","datePublished":"2026-01-06T17:01:33+00:00","dateModified":"2026-04-18T00:43:11+00:00","breadcrumb":{"@id":"https:\/\/shop.bantam.ch\/de\/produkt\/solaranlage-the-sunfold\/#breadcrumb"},"inLanguage":"de","potentialAction":[{"@type":"ReadAction","target":["https:\/\/shop.bantam.ch\/de\/produkt\/solaranlage-the-sunfold\/"]}]},{"@type":"ImageObject","inLanguage":"de","@id":"https:\/\/shop.bantam.ch\/de\/produkt\/solaranlage-the-sunfold\/#primaryimage","url":"https:\/\/shop.bantam.ch\/wp-content\/uploads\/2026\/01\/Movera-L-0107484100.jpg","contentUrl":"https:\/\/shop.bantam.ch\/wp-content\/uploads\/2026\/01\/Movera-L-0107484100.jpg","width":640,"height":640},{"@type":"BreadcrumbList","@id":"https:\/\/shop.bantam.ch\/de\/produkt\/solaranlage-the-sunfold\/#breadcrumb","itemListElement":[{"@type":"ListItem","position":1,"name":"Accueil","item":"https:\/\/shop.bantam.ch\/de\/"},{"@type":"ListItem","position":2,"name":"Shop","item":"https:\/\/shop.bantam.ch\/de\/shop\/"},{"@type":"ListItem","position":3,"name":"Solaranlage tHE SunFold"}]},{"@type":"WebSite","@id":"https:\/\/shop.bantam.ch\/de\/#website","url":"https:\/\/shop.bantam.ch\/de\/","name":"Bantam Camping AG","description":"","publisher":{"@id":"https:\/\/shop.bantam.ch\/de\/#organization"},"inLanguage":"de"},{"@type":"Organization","@id":"https:\/\/shop.bantam.ch\/de\/#organization","name":"Bantam Camping AG","url":"https:\/\/shop.bantam.ch\/de\/","logo":{"@type":"ImageObject","inLanguage":"de","@id":"https:\/\/shop.bantam.ch\/de\/#\/schema\/logo\/image\/","url":"https:\/\/shop.bantam.ch\/wp-content\/uploads\/2022\/12\/bantam-logo.png","contentUrl":"https:\/\/shop.bantam.ch\/wp-content\/uploads\/2022\/12\/bantam-logo.png","width":320,"height":71,"caption":"Bantam Camping AG"},"image":{"@id":"https:\/\/shop.bantam.ch\/de\/#\/schema\/logo\/image\/"}}]}},"_links":{"self":[{"href":"https:\/\/shop.bantam.ch\/de\/wp-json\/wp\/v2\/product\/231401","targetHints":{"allow":["GET"]}}],"collection":[{"href":"https:\/\/shop.bantam.ch\/de\/wp-json\/wp\/v2\/product"}],"about":[{"href":"https:\/\/shop.bantam.ch\/de\/wp-json\/wp\/v2\/types\/product"}],"wp:featuredmedia":[{"embeddable":true,"href":"https:\/\/shop.bantam.ch\/de\/wp-json\/wp\/v2\/media\/231388"}],"wp:attachment":[{"href":"https:\/\/shop.bantam.ch\/de\/wp-json\/wp\/v2\/media?parent=231401"}],"wp:term":[{"taxonomy":"product_featured_cat","embeddable":true,"href":"https:\/\/shop.bantam.ch\/de\/wp-json\/wp\/v2\/product_featured_cat?post=231401"},{"taxonomy":"product_brand","embeddable":true,"href":"https:\/\/shop.bantam.ch\/de\/wp-json\/wp\/v2\/product_brand?post=231401"},{"taxonomy":"product_cat","embeddable":true,"href":"https:\/\/shop.bantam.ch\/de\/wp-json\/wp\/v2\/product_cat?post=231401"},{"taxonomy":"product_tag","embeddable":true,"href":"https:\/\/shop.bantam.ch\/de\/wp-json\/wp\/v2\/product_tag?post=231401"}],"curies":[{"name":"wp","href":"https:\/\/api.w.org\/{rel}","templated":true}]}}