{"id":231358,"date":"2026-01-06T18:00:06","date_gmt":"2026-01-06T17:00:06","guid":{"rendered":"https:\/\/shop.bantam.ch\/produit\/wechselrichter-the-inc-rcd\/"},"modified":"2026-04-18T02:42:45","modified_gmt":"2026-04-18T00:42:45","slug":"wechselrichter-the-inc-rcd","status":"publish","type":"product","link":"https:\/\/shop.bantam.ch\/de\/produkt\/wechselrichter-the-inc-rcd\/","title":{"rendered":"Wechselrichter tHE INC RCD"},"content":{"rendered":"<p>Energie Transfer f\u00fcr 230V Steckdosen Verbraucher<br \/>\nDie INC-Serie verbindet alle Funktionen der INV-Serie mit einem integrierten intelligenten Ladeger\u00e4t und zus\u00e4tzlichen Komfortfunktionen f\u00fcr autarkes Reisen \u2013 ideal f\u00fcr den anspruchsvollen Camper oder Off-Grid-Anwender.Neben der zuverl\u00e4ssigen Spannungsumwandlung bietet die INC-Serie ein vollautomatisches Ladeger\u00e4t mit einstellbarer Eingangsstrombegrenzung. So wird selbst bei schwacher externer Stromversorgung (z. B. an \u00fcberlasteten Campingplatz-Steckdosen) die Netzsicherung nicht ausgel\u00f6st \u2013 der Ladestrom wird intelligent reduziert, ohne den laufenden Betrieb der Verbraucher zu st\u00f6ren.<\/p>\n<p>&nbsp;<\/p>\n<p>Vorteile auf einen Blick<\/p>\n<ul>\n<li>Alle Vorteile der INV-Serie inklusive<\/li>\n<li>Integriertes Ladeger\u00e4t mit intelligentem Lademanagement<\/li>\n<li>Einstellbare Eingangsstrombegrenzung \u2013 verhindert das Ausl\u00f6sen externer Sicherungen bei schwacher Stromversorgung.<\/li>\n<li>Automatische Leistungsverteilung: Strom f\u00fcr Verbraucher hat Priorit\u00e4t \u2013 Rest f\u00fcr Batterie-Ladung<\/li>\n<li>Maximale Energieeffizienz auch bei schwacher Netzversorgung<\/li>\n<li>L\u00fcckenloser Betrieb durch automatische Umschaltung zwischen Batterie und Landstrom<\/li>\n<li>Ideal f\u00fcr autarke Systeme oder h\u00e4ufigen Wechsel zwischen Netz- und Batteriebetrieb<\/li>\n<li>CS Bedienteil f\u00fcr beste \u00dcbersicht der Ger\u00e4tefunktion im Lieferumfang bereits enthalten.<\/li>\n<\/ul>\n<p>RCD (Fehlerstromschutzschaltung im Ger\u00e4t)<br \/>\nAls besondere Weiterentwicklung bieten die Ausf\u00fchrungen mit RCD bereits die ben\u00f6tigte integrierte Schutzvorrichtung f\u00fcr den fachgerechten Einbau steckerfertig mit an. Die verwendeten Steckvorrichtungen sind verpolsicher und vibrationssicher mit Rastvorrichtung ausgef\u00fchrt.<\/p>\n<p>&nbsp;<\/p>\n<p>Lieferumfang:<br \/>\nInklusive tHE CS Control Station mit Anschlusskabel, Erdungskabel, Remote \u2013 Anschlussleitung, AC IN Kabel \/ WAGO \/ offenes ENDE \/ 1m, &nbsp;AC OUT Kabel \/ WAGO \/ Schuko Kupplung \/ 1,5m, Temp.-Sensorkabel, inkl. Temperatursensor f\u00fcr Batterie, Schutzt\u00fcllen f\u00fcr die Batterie-Anschlusskabel<\/p>\n","protected":false},"excerpt":{"rendered":"<p>Energie Transfer f\u00fcr 230V Steckdosen Verbraucher Die INC-Serie verbindet alle Funktionen der INV-Serie mit einem integrierten intelligenten Ladeger\u00e4t und zus\u00e4tzlichen Komfortfunktionen f\u00fcr autarkes Reisen \u2013 ideal f\u00fcr den anspruchsvollen Camper oder Off-Grid-Anwender.Neben der zuverl\u00e4ssigen Spannungsumwandlung bietet die INC-Serie ein vollautomatisches Ladeger\u00e4t mit einstellbarer Eingangsstrombegrenzung. So wird selbst bei schwacher externer Stromversorgung (z. B. an \u00fcberlasteten [&hellip;]<\/p>\n","protected":false},"featured_media":231354,"template":"","meta":{"_acf_changed":false},"product_featured_cat":[],"product_brand":[],"product_cat":[4170],"product_tag":[],"class_list":{"0":"post-231358","1":"product","2":"type-product","3":"status-publish","4":"has-post-thumbnail","6":"product_cat-wechselrichter","8":"first","9":"instock","10":"taxable","11":"shipping-taxable","12":"purchasable","13":"product-type-variable"},"acf":[],"yoast_head":"<!-- This site is optimized with the Yoast SEO plugin v27.4 - https:\/\/yoast.com\/product\/yoast-seo-wordpress\/ -->\n<title>Wechselrichter tHE INC RCD - Bantam Camping AG<\/title>\n<meta name=\"robots\" content=\"index, follow, max-snippet:-1, max-image-preview:large, max-video-preview:-1\" \/>\n<link rel=\"canonical\" href=\"https:\/\/shop.bantam.ch\/de\/produkt\/wechselrichter-the-inc-rcd\/\" \/>\n<meta property=\"og:locale\" content=\"de_DE\" \/>\n<meta property=\"og:type\" content=\"article\" \/>\n<meta property=\"og:title\" content=\"Wechselrichter tHE INC RCD - Bantam Camping AG\" \/>\n<meta property=\"og:description\" content=\"Energie Transfer f\u00fcr 230V Steckdosen Verbraucher Die INC-Serie verbindet alle Funktionen der INV-Serie mit einem integrierten intelligenten Ladeger\u00e4t und zus\u00e4tzlichen Komfortfunktionen f\u00fcr autarkes Reisen \u2013 ideal f\u00fcr den anspruchsvollen Camper oder Off-Grid-Anwender.Neben der zuverl\u00e4ssigen Spannungsumwandlung bietet die INC-Serie ein vollautomatisches Ladeger\u00e4t mit einstellbarer Eingangsstrombegrenzung. So wird selbst bei schwacher externer Stromversorgung (z. B. an \u00fcberlasteten [&hellip;]\" \/>\n<meta property=\"og:url\" content=\"https:\/\/shop.bantam.ch\/de\/produkt\/wechselrichter-the-inc-rcd\/\" \/>\n<meta property=\"og:site_name\" content=\"Bantam Camping AG\" \/>\n<meta property=\"article:modified_time\" content=\"2026-04-18T00:42:45+00:00\" \/>\n<meta name=\"twitter:card\" content=\"summary_large_image\" \/>\n<meta name=\"twitter:label1\" content=\"Gesch\u00e4tzte Lesezeit\" \/>\n\t<meta name=\"twitter:data1\" content=\"1\u00a0Minute\" \/>\n<script type=\"application\/ld+json\" class=\"yoast-schema-graph\">{\"@context\":\"https:\\\/\\\/schema.org\",\"@graph\":[{\"@type\":\"WebPage\",\"@id\":\"https:\\\/\\\/shop.bantam.ch\\\/de\\\/produkt\\\/wechselrichter-the-inc-rcd\\\/\",\"url\":\"https:\\\/\\\/shop.bantam.ch\\\/de\\\/produkt\\\/wechselrichter-the-inc-rcd\\\/\",\"name\":\"Wechselrichter tHE INC RCD - Bantam Camping AG\",\"isPartOf\":{\"@id\":\"https:\\\/\\\/shop.bantam.ch\\\/de\\\/#website\"},\"primaryImageOfPage\":{\"@id\":\"https:\\\/\\\/shop.bantam.ch\\\/de\\\/produkt\\\/wechselrichter-the-inc-rcd\\\/#primaryimage\"},\"image\":{\"@id\":\"https:\\\/\\\/shop.bantam.ch\\\/de\\\/produkt\\\/wechselrichter-the-inc-rcd\\\/#primaryimage\"},\"thumbnailUrl\":\"https:\\\/\\\/shop.bantam.ch\\\/wp-content\\\/uploads\\\/2026\\\/01\\\/Movera-L-9987198100.jpg\",\"datePublished\":\"2026-01-06T17:00:06+00:00\",\"dateModified\":\"2026-04-18T00:42:45+00:00\",\"breadcrumb\":{\"@id\":\"https:\\\/\\\/shop.bantam.ch\\\/de\\\/produkt\\\/wechselrichter-the-inc-rcd\\\/#breadcrumb\"},\"inLanguage\":\"de\",\"potentialAction\":[{\"@type\":\"ReadAction\",\"target\":[\"https:\\\/\\\/shop.bantam.ch\\\/de\\\/produkt\\\/wechselrichter-the-inc-rcd\\\/\"]}]},{\"@type\":\"ImageObject\",\"inLanguage\":\"de\",\"@id\":\"https:\\\/\\\/shop.bantam.ch\\\/de\\\/produkt\\\/wechselrichter-the-inc-rcd\\\/#primaryimage\",\"url\":\"https:\\\/\\\/shop.bantam.ch\\\/wp-content\\\/uploads\\\/2026\\\/01\\\/Movera-L-9987198100.jpg\",\"contentUrl\":\"https:\\\/\\\/shop.bantam.ch\\\/wp-content\\\/uploads\\\/2026\\\/01\\\/Movera-L-9987198100.jpg\",\"width\":640,\"height\":427},{\"@type\":\"BreadcrumbList\",\"@id\":\"https:\\\/\\\/shop.bantam.ch\\\/de\\\/produkt\\\/wechselrichter-the-inc-rcd\\\/#breadcrumb\",\"itemListElement\":[{\"@type\":\"ListItem\",\"position\":1,\"name\":\"Accueil\",\"item\":\"https:\\\/\\\/shop.bantam.ch\\\/de\\\/\"},{\"@type\":\"ListItem\",\"position\":2,\"name\":\"Shop\",\"item\":\"https:\\\/\\\/shop.bantam.ch\\\/de\\\/shop\\\/\"},{\"@type\":\"ListItem\",\"position\":3,\"name\":\"Wechselrichter tHE INC RCD\"}]},{\"@type\":\"WebSite\",\"@id\":\"https:\\\/\\\/shop.bantam.ch\\\/de\\\/#website\",\"url\":\"https:\\\/\\\/shop.bantam.ch\\\/de\\\/\",\"name\":\"Bantam Camping AG\",\"description\":\"\",\"publisher\":{\"@id\":\"https:\\\/\\\/shop.bantam.ch\\\/de\\\/#organization\"},\"inLanguage\":\"de\"},{\"@type\":\"Organization\",\"@id\":\"https:\\\/\\\/shop.bantam.ch\\\/de\\\/#organization\",\"name\":\"Bantam Camping AG\",\"url\":\"https:\\\/\\\/shop.bantam.ch\\\/de\\\/\",\"logo\":{\"@type\":\"ImageObject\",\"inLanguage\":\"de\",\"@id\":\"https:\\\/\\\/shop.bantam.ch\\\/de\\\/#\\\/schema\\\/logo\\\/image\\\/\",\"url\":\"https:\\\/\\\/shop.bantam.ch\\\/wp-content\\\/uploads\\\/2022\\\/12\\\/bantam-logo.png\",\"contentUrl\":\"https:\\\/\\\/shop.bantam.ch\\\/wp-content\\\/uploads\\\/2022\\\/12\\\/bantam-logo.png\",\"width\":320,\"height\":71,\"caption\":\"Bantam Camping AG\"},\"image\":{\"@id\":\"https:\\\/\\\/shop.bantam.ch\\\/de\\\/#\\\/schema\\\/logo\\\/image\\\/\"}}]}<\/script>\n<!-- \/ Yoast SEO plugin. -->","yoast_head_json":{"title":"Wechselrichter tHE INC RCD - Bantam Camping AG","robots":{"index":"index","follow":"follow","max-snippet":"max-snippet:-1","max-image-preview":"max-image-preview:large","max-video-preview":"max-video-preview:-1"},"canonical":"https:\/\/shop.bantam.ch\/de\/produkt\/wechselrichter-the-inc-rcd\/","og_locale":"de_DE","og_type":"article","og_title":"Wechselrichter tHE INC RCD - Bantam Camping AG","og_description":"Energie Transfer f\u00fcr 230V Steckdosen Verbraucher Die INC-Serie verbindet alle Funktionen der INV-Serie mit einem integrierten intelligenten Ladeger\u00e4t und zus\u00e4tzlichen Komfortfunktionen f\u00fcr autarkes Reisen \u2013 ideal f\u00fcr den anspruchsvollen Camper oder Off-Grid-Anwender.Neben der zuverl\u00e4ssigen Spannungsumwandlung bietet die INC-Serie ein vollautomatisches Ladeger\u00e4t mit einstellbarer Eingangsstrombegrenzung. So wird selbst bei schwacher externer Stromversorgung (z. B. an \u00fcberlasteten [&hellip;]","og_url":"https:\/\/shop.bantam.ch\/de\/produkt\/wechselrichter-the-inc-rcd\/","og_site_name":"Bantam Camping AG","article_modified_time":"2026-04-18T00:42:45+00:00","twitter_card":"summary_large_image","twitter_misc":{"Gesch\u00e4tzte Lesezeit":"1\u00a0Minute"},"schema":{"@context":"https:\/\/schema.org","@graph":[{"@type":"WebPage","@id":"https:\/\/shop.bantam.ch\/de\/produkt\/wechselrichter-the-inc-rcd\/","url":"https:\/\/shop.bantam.ch\/de\/produkt\/wechselrichter-the-inc-rcd\/","name":"Wechselrichter tHE INC RCD - Bantam Camping AG","isPartOf":{"@id":"https:\/\/shop.bantam.ch\/de\/#website"},"primaryImageOfPage":{"@id":"https:\/\/shop.bantam.ch\/de\/produkt\/wechselrichter-the-inc-rcd\/#primaryimage"},"image":{"@id":"https:\/\/shop.bantam.ch\/de\/produkt\/wechselrichter-the-inc-rcd\/#primaryimage"},"thumbnailUrl":"https:\/\/shop.bantam.ch\/wp-content\/uploads\/2026\/01\/Movera-L-9987198100.jpg","datePublished":"2026-01-06T17:00:06+00:00","dateModified":"2026-04-18T00:42:45+00:00","breadcrumb":{"@id":"https:\/\/shop.bantam.ch\/de\/produkt\/wechselrichter-the-inc-rcd\/#breadcrumb"},"inLanguage":"de","potentialAction":[{"@type":"ReadAction","target":["https:\/\/shop.bantam.ch\/de\/produkt\/wechselrichter-the-inc-rcd\/"]}]},{"@type":"ImageObject","inLanguage":"de","@id":"https:\/\/shop.bantam.ch\/de\/produkt\/wechselrichter-the-inc-rcd\/#primaryimage","url":"https:\/\/shop.bantam.ch\/wp-content\/uploads\/2026\/01\/Movera-L-9987198100.jpg","contentUrl":"https:\/\/shop.bantam.ch\/wp-content\/uploads\/2026\/01\/Movera-L-9987198100.jpg","width":640,"height":427},{"@type":"BreadcrumbList","@id":"https:\/\/shop.bantam.ch\/de\/produkt\/wechselrichter-the-inc-rcd\/#breadcrumb","itemListElement":[{"@type":"ListItem","position":1,"name":"Accueil","item":"https:\/\/shop.bantam.ch\/de\/"},{"@type":"ListItem","position":2,"name":"Shop","item":"https:\/\/shop.bantam.ch\/de\/shop\/"},{"@type":"ListItem","position":3,"name":"Wechselrichter tHE INC RCD"}]},{"@type":"WebSite","@id":"https:\/\/shop.bantam.ch\/de\/#website","url":"https:\/\/shop.bantam.ch\/de\/","name":"Bantam Camping AG","description":"","publisher":{"@id":"https:\/\/shop.bantam.ch\/de\/#organization"},"inLanguage":"de"},{"@type":"Organization","@id":"https:\/\/shop.bantam.ch\/de\/#organization","name":"Bantam Camping AG","url":"https:\/\/shop.bantam.ch\/de\/","logo":{"@type":"ImageObject","inLanguage":"de","@id":"https:\/\/shop.bantam.ch\/de\/#\/schema\/logo\/image\/","url":"https:\/\/shop.bantam.ch\/wp-content\/uploads\/2022\/12\/bantam-logo.png","contentUrl":"https:\/\/shop.bantam.ch\/wp-content\/uploads\/2022\/12\/bantam-logo.png","width":320,"height":71,"caption":"Bantam Camping AG"},"image":{"@id":"https:\/\/shop.bantam.ch\/de\/#\/schema\/logo\/image\/"}}]}},"_links":{"self":[{"href":"https:\/\/shop.bantam.ch\/de\/wp-json\/wp\/v2\/product\/231358","targetHints":{"allow":["GET"]}}],"collection":[{"href":"https:\/\/shop.bantam.ch\/de\/wp-json\/wp\/v2\/product"}],"about":[{"href":"https:\/\/shop.bantam.ch\/de\/wp-json\/wp\/v2\/types\/product"}],"wp:featuredmedia":[{"embeddable":true,"href":"https:\/\/shop.bantam.ch\/de\/wp-json\/wp\/v2\/media\/231354"}],"wp:attachment":[{"href":"https:\/\/shop.bantam.ch\/de\/wp-json\/wp\/v2\/media?parent=231358"}],"wp:term":[{"taxonomy":"product_featured_cat","embeddable":true,"href":"https:\/\/shop.bantam.ch\/de\/wp-json\/wp\/v2\/product_featured_cat?post=231358"},{"taxonomy":"product_brand","embeddable":true,"href":"https:\/\/shop.bantam.ch\/de\/wp-json\/wp\/v2\/product_brand?post=231358"},{"taxonomy":"product_cat","embeddable":true,"href":"https:\/\/shop.bantam.ch\/de\/wp-json\/wp\/v2\/product_cat?post=231358"},{"taxonomy":"product_tag","embeddable":true,"href":"https:\/\/shop.bantam.ch\/de\/wp-json\/wp\/v2\/product_tag?post=231358"}],"curies":[{"name":"wp","href":"https:\/\/api.w.org\/{rel}","templated":true}]}}