{"id":231333,"date":"2026-01-06T17:59:00","date_gmt":"2026-01-06T16:59:00","guid":{"rendered":"https:\/\/shop.bantam.ch\/produit\/wechselrichter-the-inv\/"},"modified":"2026-04-19T02:44:01","modified_gmt":"2026-04-19T00:44:01","slug":"wechselrichter-the-inv","status":"publish","type":"product","link":"https:\/\/shop.bantam.ch\/de\/produkt\/wechselrichter-the-inv\/","title":{"rendered":"Wechselrichter tHE INV"},"content":{"rendered":"<p>Energie Transfer f\u00fcr 230V Steckdosen Verbraucher<br \/>\nDie Wechselrichter der INV-Serie von ten Haaft Energy bieten eine zuverl\u00e4ssige Stromversorgung f\u00fcr alle 230V-Verbraucher in Ihrem Reisemobil \u2013 mit maximaler Effizienz, hoher Sicherheit und einem brummfreien Betrieb. Dank ihrer reinen Sinusspannung garantieren sie einen sicheren und stabilen Betrieb empfindlicher Ger\u00e4te bis zu einer Leistung von 3600 W. Das speziell entwickelte, kompakte Design erm\u00f6glicht eine platzsparende Installation auch bei begrenztem Bauraum und reduziert gleichzeitig das Gewicht \u2013 ideal f\u00fcr mobile Anwendungen.<\/p>\n<p>&nbsp;<\/p>\n<p>Netzvorangschaltung<br \/>\nAlle Wechselrichter verf\u00fcgen \u00fcber eine Netzvorrangschaltung, die automatisch auf die Versorgung aus dem externen Stromnetz umschaltet, sobald diese verf\u00fcgbar ist und liefert nur dann Strom aus der Batterie, wenn keine externe Netzstromversorgung vorhanden ist.<\/p>\n<p>&nbsp;<\/p>\n<p>Vorteile der INV-Serie auf einen Blick:<br \/>\nReiner Sinus mit stabiler Frequenz und Spannung f\u00fcr sensible Verbraucher wie Laptops, Kaffeemaschinen, TV etc.<\/p>\n<ul>\n<li>Hohe Leistungsf\u00e4higkeit: Betrieb von Ger\u00e4ten bis 3600 W (je nach Typ)<\/li>\n<li>Gro\u00dfer Temperaturbereich: Einsatzf\u00e4hig von -20 \u00b0C bis +45 \u00b0C<\/li>\n<li>Kompaktes, leichtes Design \u2013 spart Platz und Gewicht<\/li>\n<li>Brummfreier Betrieb \u2013 ideal f\u00fcr den Einsatz im Innenraum<\/li>\n<li>Moderne HF-Technologie \u2013 reduziert die Gr\u00f6\u00dfe der ben\u00f6tigten Transformatoren<\/li>\n<li>Elektrische Isolation von Ein- und Ausgang \u2013 sch\u00fctzt das Bordnetz vor Defekten<\/li>\n<li>Netzvorrangschaltung \u2013 automatische Umschaltung auf Landstrom bei Verf\u00fcgbarkeit<\/li>\n<li>Vielf\u00e4ltige Schutzfunktionen: \u00dcberlast-, Unterspannungs-, Kurzschluss- und \u00dcberspannungsschutz<\/li>\n<li>Schnittstelle \u2013 zur Kommunikation mit ten Haaft Energy-Systemen<\/li>\n<li>Remote ON\/OFF Funktion zur Anbindung an automatisierte oder \u00fcbergeordnete Steuerungssysteme (E-Bike Ladung w\u00e4hrend der Fahrt)<\/li>\n<li>Standby Funktion erkennt automatisch ob ein Verbraucher am Wechselrichter angeschlossen ist<\/li>\n<\/ul>\n<p>Lieferumfang:<br \/>\nInklusive Bedienteil mit Anschlusskabel (integriert beim INV 1000), Erdungskabel,&nbsp;Remote \u2013 Anschlussleitung, AC IN Kabel \/ WAGO \/ offenes ENDE \/ 1m, AC OUT Kabel \/ WAGO \/ Schuko Kupplung \/ 1,5m (nicht beim INV 1000),&nbsp;Temp.-Sensorkabel, inkl. Temperatursensor f\u00fcr Batterie, Schutzt\u00fcllen f\u00fcr die Batterie-Anschlusskabel<\/p>\n","protected":false},"excerpt":{"rendered":"<p>Energie Transfer f\u00fcr 230V Steckdosen Verbraucher Die Wechselrichter der INV-Serie von ten Haaft Energy bieten eine zuverl\u00e4ssige Stromversorgung f\u00fcr alle 230V-Verbraucher in Ihrem Reisemobil \u2013 mit maximaler Effizienz, hoher Sicherheit und einem brummfreien Betrieb. Dank ihrer reinen Sinusspannung garantieren sie einen sicheren und stabilen Betrieb empfindlicher Ger\u00e4te bis zu einer Leistung von 3600 W. Das [&hellip;]<\/p>\n","protected":false},"featured_media":231328,"template":"","meta":{"_acf_changed":false},"product_featured_cat":[],"product_brand":[],"product_cat":[4170],"product_tag":[],"class_list":{"0":"post-231333","1":"product","2":"type-product","3":"status-publish","4":"has-post-thumbnail","6":"product_cat-wechselrichter","8":"first","9":"instock","10":"taxable","11":"shipping-taxable","12":"purchasable","13":"product-type-variable"},"acf":[],"yoast_head":"<!-- This site is optimized with the Yoast SEO plugin v27.4 - https:\/\/yoast.com\/product\/yoast-seo-wordpress\/ -->\n<title>Wechselrichter tHE INV - Bantam Camping AG<\/title>\n<meta name=\"robots\" content=\"index, follow, max-snippet:-1, max-image-preview:large, max-video-preview:-1\" \/>\n<link rel=\"canonical\" href=\"https:\/\/shop.bantam.ch\/de\/produkt\/wechselrichter-the-inv\/\" \/>\n<meta property=\"og:locale\" content=\"de_DE\" \/>\n<meta property=\"og:type\" content=\"article\" \/>\n<meta property=\"og:title\" content=\"Wechselrichter tHE INV - Bantam Camping AG\" \/>\n<meta property=\"og:description\" content=\"Energie Transfer f\u00fcr 230V Steckdosen Verbraucher Die Wechselrichter der INV-Serie von ten Haaft Energy bieten eine zuverl\u00e4ssige Stromversorgung f\u00fcr alle 230V-Verbraucher in Ihrem Reisemobil \u2013 mit maximaler Effizienz, hoher Sicherheit und einem brummfreien Betrieb. Dank ihrer reinen Sinusspannung garantieren sie einen sicheren und stabilen Betrieb empfindlicher Ger\u00e4te bis zu einer Leistung von 3600 W. Das [&hellip;]\" \/>\n<meta property=\"og:url\" content=\"https:\/\/shop.bantam.ch\/de\/produkt\/wechselrichter-the-inv\/\" \/>\n<meta property=\"og:site_name\" content=\"Bantam Camping AG\" \/>\n<meta property=\"article:modified_time\" content=\"2026-04-19T00:44:01+00:00\" \/>\n<meta name=\"twitter:card\" content=\"summary_large_image\" \/>\n<meta name=\"twitter:label1\" content=\"Gesch\u00e4tzte Lesezeit\" \/>\n\t<meta name=\"twitter:data1\" content=\"1\u00a0Minute\" \/>\n<script type=\"application\/ld+json\" class=\"yoast-schema-graph\">{\"@context\":\"https:\\\/\\\/schema.org\",\"@graph\":[{\"@type\":\"WebPage\",\"@id\":\"https:\\\/\\\/shop.bantam.ch\\\/de\\\/produkt\\\/wechselrichter-the-inv\\\/\",\"url\":\"https:\\\/\\\/shop.bantam.ch\\\/de\\\/produkt\\\/wechselrichter-the-inv\\\/\",\"name\":\"Wechselrichter tHE INV - Bantam Camping AG\",\"isPartOf\":{\"@id\":\"https:\\\/\\\/shop.bantam.ch\\\/de\\\/#website\"},\"primaryImageOfPage\":{\"@id\":\"https:\\\/\\\/shop.bantam.ch\\\/de\\\/produkt\\\/wechselrichter-the-inv\\\/#primaryimage\"},\"image\":{\"@id\":\"https:\\\/\\\/shop.bantam.ch\\\/de\\\/produkt\\\/wechselrichter-the-inv\\\/#primaryimage\"},\"thumbnailUrl\":\"https:\\\/\\\/shop.bantam.ch\\\/wp-content\\\/uploads\\\/2026\\\/01\\\/Movera-L-0107478100.jpg\",\"datePublished\":\"2026-01-06T16:59:00+00:00\",\"dateModified\":\"2026-04-19T00:44:01+00:00\",\"breadcrumb\":{\"@id\":\"https:\\\/\\\/shop.bantam.ch\\\/de\\\/produkt\\\/wechselrichter-the-inv\\\/#breadcrumb\"},\"inLanguage\":\"de\",\"potentialAction\":[{\"@type\":\"ReadAction\",\"target\":[\"https:\\\/\\\/shop.bantam.ch\\\/de\\\/produkt\\\/wechselrichter-the-inv\\\/\"]}]},{\"@type\":\"ImageObject\",\"inLanguage\":\"de\",\"@id\":\"https:\\\/\\\/shop.bantam.ch\\\/de\\\/produkt\\\/wechselrichter-the-inv\\\/#primaryimage\",\"url\":\"https:\\\/\\\/shop.bantam.ch\\\/wp-content\\\/uploads\\\/2026\\\/01\\\/Movera-L-0107478100.jpg\",\"contentUrl\":\"https:\\\/\\\/shop.bantam.ch\\\/wp-content\\\/uploads\\\/2026\\\/01\\\/Movera-L-0107478100.jpg\",\"width\":640,\"height\":525},{\"@type\":\"BreadcrumbList\",\"@id\":\"https:\\\/\\\/shop.bantam.ch\\\/de\\\/produkt\\\/wechselrichter-the-inv\\\/#breadcrumb\",\"itemListElement\":[{\"@type\":\"ListItem\",\"position\":1,\"name\":\"Accueil\",\"item\":\"https:\\\/\\\/shop.bantam.ch\\\/de\\\/\"},{\"@type\":\"ListItem\",\"position\":2,\"name\":\"Shop\",\"item\":\"https:\\\/\\\/shop.bantam.ch\\\/de\\\/shop\\\/\"},{\"@type\":\"ListItem\",\"position\":3,\"name\":\"Wechselrichter tHE INV\"}]},{\"@type\":\"WebSite\",\"@id\":\"https:\\\/\\\/shop.bantam.ch\\\/de\\\/#website\",\"url\":\"https:\\\/\\\/shop.bantam.ch\\\/de\\\/\",\"name\":\"Bantam Camping AG\",\"description\":\"\",\"publisher\":{\"@id\":\"https:\\\/\\\/shop.bantam.ch\\\/de\\\/#organization\"},\"inLanguage\":\"de\"},{\"@type\":\"Organization\",\"@id\":\"https:\\\/\\\/shop.bantam.ch\\\/de\\\/#organization\",\"name\":\"Bantam Camping AG\",\"url\":\"https:\\\/\\\/shop.bantam.ch\\\/de\\\/\",\"logo\":{\"@type\":\"ImageObject\",\"inLanguage\":\"de\",\"@id\":\"https:\\\/\\\/shop.bantam.ch\\\/de\\\/#\\\/schema\\\/logo\\\/image\\\/\",\"url\":\"https:\\\/\\\/shop.bantam.ch\\\/wp-content\\\/uploads\\\/2022\\\/12\\\/bantam-logo.png\",\"contentUrl\":\"https:\\\/\\\/shop.bantam.ch\\\/wp-content\\\/uploads\\\/2022\\\/12\\\/bantam-logo.png\",\"width\":320,\"height\":71,\"caption\":\"Bantam Camping AG\"},\"image\":{\"@id\":\"https:\\\/\\\/shop.bantam.ch\\\/de\\\/#\\\/schema\\\/logo\\\/image\\\/\"}}]}<\/script>\n<!-- \/ Yoast SEO plugin. -->","yoast_head_json":{"title":"Wechselrichter tHE INV - Bantam Camping AG","robots":{"index":"index","follow":"follow","max-snippet":"max-snippet:-1","max-image-preview":"max-image-preview:large","max-video-preview":"max-video-preview:-1"},"canonical":"https:\/\/shop.bantam.ch\/de\/produkt\/wechselrichter-the-inv\/","og_locale":"de_DE","og_type":"article","og_title":"Wechselrichter tHE INV - Bantam Camping AG","og_description":"Energie Transfer f\u00fcr 230V Steckdosen Verbraucher Die Wechselrichter der INV-Serie von ten Haaft Energy bieten eine zuverl\u00e4ssige Stromversorgung f\u00fcr alle 230V-Verbraucher in Ihrem Reisemobil \u2013 mit maximaler Effizienz, hoher Sicherheit und einem brummfreien Betrieb. Dank ihrer reinen Sinusspannung garantieren sie einen sicheren und stabilen Betrieb empfindlicher Ger\u00e4te bis zu einer Leistung von 3600 W. Das [&hellip;]","og_url":"https:\/\/shop.bantam.ch\/de\/produkt\/wechselrichter-the-inv\/","og_site_name":"Bantam Camping AG","article_modified_time":"2026-04-19T00:44:01+00:00","twitter_card":"summary_large_image","twitter_misc":{"Gesch\u00e4tzte Lesezeit":"1\u00a0Minute"},"schema":{"@context":"https:\/\/schema.org","@graph":[{"@type":"WebPage","@id":"https:\/\/shop.bantam.ch\/de\/produkt\/wechselrichter-the-inv\/","url":"https:\/\/shop.bantam.ch\/de\/produkt\/wechselrichter-the-inv\/","name":"Wechselrichter tHE INV - Bantam Camping AG","isPartOf":{"@id":"https:\/\/shop.bantam.ch\/de\/#website"},"primaryImageOfPage":{"@id":"https:\/\/shop.bantam.ch\/de\/produkt\/wechselrichter-the-inv\/#primaryimage"},"image":{"@id":"https:\/\/shop.bantam.ch\/de\/produkt\/wechselrichter-the-inv\/#primaryimage"},"thumbnailUrl":"https:\/\/shop.bantam.ch\/wp-content\/uploads\/2026\/01\/Movera-L-0107478100.jpg","datePublished":"2026-01-06T16:59:00+00:00","dateModified":"2026-04-19T00:44:01+00:00","breadcrumb":{"@id":"https:\/\/shop.bantam.ch\/de\/produkt\/wechselrichter-the-inv\/#breadcrumb"},"inLanguage":"de","potentialAction":[{"@type":"ReadAction","target":["https:\/\/shop.bantam.ch\/de\/produkt\/wechselrichter-the-inv\/"]}]},{"@type":"ImageObject","inLanguage":"de","@id":"https:\/\/shop.bantam.ch\/de\/produkt\/wechselrichter-the-inv\/#primaryimage","url":"https:\/\/shop.bantam.ch\/wp-content\/uploads\/2026\/01\/Movera-L-0107478100.jpg","contentUrl":"https:\/\/shop.bantam.ch\/wp-content\/uploads\/2026\/01\/Movera-L-0107478100.jpg","width":640,"height":525},{"@type":"BreadcrumbList","@id":"https:\/\/shop.bantam.ch\/de\/produkt\/wechselrichter-the-inv\/#breadcrumb","itemListElement":[{"@type":"ListItem","position":1,"name":"Accueil","item":"https:\/\/shop.bantam.ch\/de\/"},{"@type":"ListItem","position":2,"name":"Shop","item":"https:\/\/shop.bantam.ch\/de\/shop\/"},{"@type":"ListItem","position":3,"name":"Wechselrichter tHE INV"}]},{"@type":"WebSite","@id":"https:\/\/shop.bantam.ch\/de\/#website","url":"https:\/\/shop.bantam.ch\/de\/","name":"Bantam Camping AG","description":"","publisher":{"@id":"https:\/\/shop.bantam.ch\/de\/#organization"},"inLanguage":"de"},{"@type":"Organization","@id":"https:\/\/shop.bantam.ch\/de\/#organization","name":"Bantam Camping AG","url":"https:\/\/shop.bantam.ch\/de\/","logo":{"@type":"ImageObject","inLanguage":"de","@id":"https:\/\/shop.bantam.ch\/de\/#\/schema\/logo\/image\/","url":"https:\/\/shop.bantam.ch\/wp-content\/uploads\/2022\/12\/bantam-logo.png","contentUrl":"https:\/\/shop.bantam.ch\/wp-content\/uploads\/2022\/12\/bantam-logo.png","width":320,"height":71,"caption":"Bantam Camping AG"},"image":{"@id":"https:\/\/shop.bantam.ch\/de\/#\/schema\/logo\/image\/"}}]}},"_links":{"self":[{"href":"https:\/\/shop.bantam.ch\/de\/wp-json\/wp\/v2\/product\/231333","targetHints":{"allow":["GET"]}}],"collection":[{"href":"https:\/\/shop.bantam.ch\/de\/wp-json\/wp\/v2\/product"}],"about":[{"href":"https:\/\/shop.bantam.ch\/de\/wp-json\/wp\/v2\/types\/product"}],"wp:featuredmedia":[{"embeddable":true,"href":"https:\/\/shop.bantam.ch\/de\/wp-json\/wp\/v2\/media\/231328"}],"wp:attachment":[{"href":"https:\/\/shop.bantam.ch\/de\/wp-json\/wp\/v2\/media?parent=231333"}],"wp:term":[{"taxonomy":"product_featured_cat","embeddable":true,"href":"https:\/\/shop.bantam.ch\/de\/wp-json\/wp\/v2\/product_featured_cat?post=231333"},{"taxonomy":"product_brand","embeddable":true,"href":"https:\/\/shop.bantam.ch\/de\/wp-json\/wp\/v2\/product_brand?post=231333"},{"taxonomy":"product_cat","embeddable":true,"href":"https:\/\/shop.bantam.ch\/de\/wp-json\/wp\/v2\/product_cat?post=231333"},{"taxonomy":"product_tag","embeddable":true,"href":"https:\/\/shop.bantam.ch\/de\/wp-json\/wp\/v2\/product_tag?post=231333"}],"curies":[{"name":"wp","href":"https:\/\/api.w.org\/{rel}","templated":true}]}}