{"id":231313,"date":"2026-01-06T17:57:51","date_gmt":"2026-01-06T16:57:51","guid":{"rendered":"https:\/\/shop.bantam.ch\/produit\/batterie-the-bat-pro\/"},"modified":"2026-04-18T02:42:06","modified_gmt":"2026-04-18T00:42:06","slug":"batterie-the-bat-pro","status":"publish","type":"product","link":"https:\/\/shop.bantam.ch\/de\/produkt\/batterie-the-bat-pro\/","title":{"rendered":"Batterie tHE Bat Pro"},"content":{"rendered":"<p>Energie Speicher mit Komfort<\/p>\n<p>\nDie tHE BatPro Serie LiFePO4-Batterie bietet grenzenlosen Komfort. Mit der tHE BatPro Serie k\u00f6nnen Sie maximal autark sein und dabei noch Strom sparen. Das in jeder Batterie eingebaute digitale Batterie-Management-System (BMS) sorgt daf\u00fcr, dass die Batterie vor falscher Nutzung gesch\u00fctzt wird. Es schaltet die Batterie beispielsweise bei Unterspannung oder \u00dcberspannung ab und automatisch wieder ein, sobald das Problem behoben ist. Bluetooth und APP Anbindung sowie eine integrierte Schaltfunktion erm\u00f6glichen maximal komfortable Bedienung. Zudem verf\u00fcgt die the BatPro Variante \u00fcber eine integrierte CAN\/RS485 Schnittstelle. Durch den Einsatz der neuesten Generation der LiFePO4 Batterie- Zellen ist eine Ladung auch bei bis zu -10C\u00b0 ohne &nbsp;voreingestellte Ladestromreduzierung m\u00f6glich!<br \/>\nBatterie-Management-System digital und analog!<br \/>\nUnsere Batterie-Management-Systeme k\u00f6nnen als konsequente Weiterentwicklung der klassischen Schutzschaltung angesehen werden. Erg\u00e4nzend zu den Standardfunktionen der Schutzschaltung stellt ein BMS weitere relevante Daten wie z. B. die aktuelle Restladung, Zustand der einzelnen Batteriesegmente, die aktuelle Temperatur, die Anzahl der Ladezyklen sowie zahlreiche andere Informationen f\u00fcr eine weitere Verarbeitung zur Verf\u00fcgung. Diese Daten k\u00f6nnen \u00fcber eine serielle RS485 &#8211; oder CAN-Bus Kommunikation ausgelesen werden.<\/p>\n<p>\nVorteile auf einen Blick<\/p>\n<ul>\n<li>Automatische Ladestrom Anpassung bis -10\u00b0C, max. 1C<\/li>\n<li>bis zu 1C Entladung<\/li>\n<li>bis zu 1C Ladung<\/li>\n<li>Aktives Zell-Balancing<\/li>\n<li>Wartungsfrei<\/li>\n<li>Parallelschaltung bis max. 6 tHE Batterien<\/li>\n<li>Digitales Batteriemanagementsystem<\/li>\n<li>Lade &#8211; Entlade Zyklen 8000 (bei 55% DOD)<\/li>\n<li>APP \u00dcberwachung<\/li>\n<li>tHENERGY TFT Monitor Daten-Bus<\/li>\n<\/ul>\n<p>Lieferumfang:<br \/>\nInklusive LiFePo4 Batterie (je nach Typ), RJ45 Datenkabel f\u00fcr Anschluss an tHE CS Touch Display mit 5m Kabell\u00e4nge, RJ45 Datenkabel f\u00fcr Verbindung zur weiterer Bat Pro Batterie bei Parallel Verschaltung mehrerer Batterien mit 0,6m Kabell\u00e4nge, RJ45 Datenkabel mit abgesetztem ON \/ OFF Tastschalter mit 2m Kabell\u00e4nge, Bedienungsanleitung<br \/>\nOptional tHE CS Control Station mit Anschlusskabel (siehe INC-Serie)<\/p>\n","protected":false},"excerpt":{"rendered":"<p>Energie Speicher mit Komfort Die tHE BatPro Serie LiFePO4-Batterie bietet grenzenlosen Komfort. Mit der tHE BatPro Serie k\u00f6nnen Sie maximal autark sein und dabei noch Strom sparen. Das in jeder Batterie eingebaute digitale Batterie-Management-System (BMS) sorgt daf\u00fcr, dass die Batterie vor falscher Nutzung gesch\u00fctzt wird. Es schaltet die Batterie beispielsweise bei Unterspannung oder \u00dcberspannung ab [&hellip;]<\/p>\n","protected":false},"featured_media":231294,"template":"","meta":{"_acf_changed":false},"product_featured_cat":[],"product_brand":[],"product_cat":[4904],"product_tag":[],"class_list":{"0":"post-231313","1":"product","2":"type-product","3":"status-publish","4":"has-post-thumbnail","6":"product_cat-bordbatterien","8":"first","9":"instock","10":"taxable","11":"shipping-taxable","12":"purchasable","13":"product-type-variable"},"acf":[],"yoast_head":"<!-- This site is optimized with the Yoast SEO plugin v27.4 - https:\/\/yoast.com\/product\/yoast-seo-wordpress\/ -->\n<title>Batterie tHE Bat Pro - Bantam Camping AG<\/title>\n<meta name=\"robots\" content=\"index, follow, max-snippet:-1, max-image-preview:large, max-video-preview:-1\" \/>\n<link rel=\"canonical\" href=\"https:\/\/shop.bantam.ch\/de\/produkt\/batterie-the-bat-pro\/\" \/>\n<meta property=\"og:locale\" content=\"de_DE\" \/>\n<meta property=\"og:type\" content=\"article\" \/>\n<meta property=\"og:title\" content=\"Batterie tHE Bat Pro - Bantam Camping AG\" \/>\n<meta property=\"og:description\" content=\"Energie Speicher mit Komfort Die tHE BatPro Serie LiFePO4-Batterie bietet grenzenlosen Komfort. Mit der tHE BatPro Serie k\u00f6nnen Sie maximal autark sein und dabei noch Strom sparen. Das in jeder Batterie eingebaute digitale Batterie-Management-System (BMS) sorgt daf\u00fcr, dass die Batterie vor falscher Nutzung gesch\u00fctzt wird. Es schaltet die Batterie beispielsweise bei Unterspannung oder \u00dcberspannung ab [&hellip;]\" \/>\n<meta property=\"og:url\" content=\"https:\/\/shop.bantam.ch\/de\/produkt\/batterie-the-bat-pro\/\" \/>\n<meta property=\"og:site_name\" content=\"Bantam Camping AG\" \/>\n<meta property=\"article:modified_time\" content=\"2026-04-18T00:42:06+00:00\" \/>\n<meta name=\"twitter:card\" content=\"summary_large_image\" \/>\n<meta name=\"twitter:label1\" content=\"Gesch\u00e4tzte Lesezeit\" \/>\n\t<meta name=\"twitter:data1\" content=\"1\u00a0Minute\" \/>\n<script type=\"application\/ld+json\" class=\"yoast-schema-graph\">{\"@context\":\"https:\\\/\\\/schema.org\",\"@graph\":[{\"@type\":\"WebPage\",\"@id\":\"https:\\\/\\\/shop.bantam.ch\\\/de\\\/produkt\\\/batterie-the-bat-pro\\\/\",\"url\":\"https:\\\/\\\/shop.bantam.ch\\\/de\\\/produkt\\\/batterie-the-bat-pro\\\/\",\"name\":\"Batterie tHE Bat Pro - Bantam Camping AG\",\"isPartOf\":{\"@id\":\"https:\\\/\\\/shop.bantam.ch\\\/de\\\/#website\"},\"primaryImageOfPage\":{\"@id\":\"https:\\\/\\\/shop.bantam.ch\\\/de\\\/produkt\\\/batterie-the-bat-pro\\\/#primaryimage\"},\"image\":{\"@id\":\"https:\\\/\\\/shop.bantam.ch\\\/de\\\/produkt\\\/batterie-the-bat-pro\\\/#primaryimage\"},\"thumbnailUrl\":\"https:\\\/\\\/shop.bantam.ch\\\/wp-content\\\/uploads\\\/2026\\\/01\\\/Movera-L-9987188100.jpg\",\"datePublished\":\"2026-01-06T16:57:51+00:00\",\"dateModified\":\"2026-04-18T00:42:06+00:00\",\"breadcrumb\":{\"@id\":\"https:\\\/\\\/shop.bantam.ch\\\/de\\\/produkt\\\/batterie-the-bat-pro\\\/#breadcrumb\"},\"inLanguage\":\"de\",\"potentialAction\":[{\"@type\":\"ReadAction\",\"target\":[\"https:\\\/\\\/shop.bantam.ch\\\/de\\\/produkt\\\/batterie-the-bat-pro\\\/\"]}]},{\"@type\":\"ImageObject\",\"inLanguage\":\"de\",\"@id\":\"https:\\\/\\\/shop.bantam.ch\\\/de\\\/produkt\\\/batterie-the-bat-pro\\\/#primaryimage\",\"url\":\"https:\\\/\\\/shop.bantam.ch\\\/wp-content\\\/uploads\\\/2026\\\/01\\\/Movera-L-9987188100.jpg\",\"contentUrl\":\"https:\\\/\\\/shop.bantam.ch\\\/wp-content\\\/uploads\\\/2026\\\/01\\\/Movera-L-9987188100.jpg\",\"width\":640,\"height\":640},{\"@type\":\"BreadcrumbList\",\"@id\":\"https:\\\/\\\/shop.bantam.ch\\\/de\\\/produkt\\\/batterie-the-bat-pro\\\/#breadcrumb\",\"itemListElement\":[{\"@type\":\"ListItem\",\"position\":1,\"name\":\"Accueil\",\"item\":\"https:\\\/\\\/shop.bantam.ch\\\/de\\\/\"},{\"@type\":\"ListItem\",\"position\":2,\"name\":\"Shop\",\"item\":\"https:\\\/\\\/shop.bantam.ch\\\/de\\\/shop\\\/\"},{\"@type\":\"ListItem\",\"position\":3,\"name\":\"Batterie tHE Bat Pro\"}]},{\"@type\":\"WebSite\",\"@id\":\"https:\\\/\\\/shop.bantam.ch\\\/de\\\/#website\",\"url\":\"https:\\\/\\\/shop.bantam.ch\\\/de\\\/\",\"name\":\"Bantam Camping AG\",\"description\":\"\",\"publisher\":{\"@id\":\"https:\\\/\\\/shop.bantam.ch\\\/de\\\/#organization\"},\"inLanguage\":\"de\"},{\"@type\":\"Organization\",\"@id\":\"https:\\\/\\\/shop.bantam.ch\\\/de\\\/#organization\",\"name\":\"Bantam Camping AG\",\"url\":\"https:\\\/\\\/shop.bantam.ch\\\/de\\\/\",\"logo\":{\"@type\":\"ImageObject\",\"inLanguage\":\"de\",\"@id\":\"https:\\\/\\\/shop.bantam.ch\\\/de\\\/#\\\/schema\\\/logo\\\/image\\\/\",\"url\":\"https:\\\/\\\/shop.bantam.ch\\\/wp-content\\\/uploads\\\/2022\\\/12\\\/bantam-logo.png\",\"contentUrl\":\"https:\\\/\\\/shop.bantam.ch\\\/wp-content\\\/uploads\\\/2022\\\/12\\\/bantam-logo.png\",\"width\":320,\"height\":71,\"caption\":\"Bantam Camping AG\"},\"image\":{\"@id\":\"https:\\\/\\\/shop.bantam.ch\\\/de\\\/#\\\/schema\\\/logo\\\/image\\\/\"}}]}<\/script>\n<!-- \/ Yoast SEO plugin. -->","yoast_head_json":{"title":"Batterie tHE Bat Pro - Bantam Camping AG","robots":{"index":"index","follow":"follow","max-snippet":"max-snippet:-1","max-image-preview":"max-image-preview:large","max-video-preview":"max-video-preview:-1"},"canonical":"https:\/\/shop.bantam.ch\/de\/produkt\/batterie-the-bat-pro\/","og_locale":"de_DE","og_type":"article","og_title":"Batterie tHE Bat Pro - Bantam Camping AG","og_description":"Energie Speicher mit Komfort Die tHE BatPro Serie LiFePO4-Batterie bietet grenzenlosen Komfort. Mit der tHE BatPro Serie k\u00f6nnen Sie maximal autark sein und dabei noch Strom sparen. Das in jeder Batterie eingebaute digitale Batterie-Management-System (BMS) sorgt daf\u00fcr, dass die Batterie vor falscher Nutzung gesch\u00fctzt wird. Es schaltet die Batterie beispielsweise bei Unterspannung oder \u00dcberspannung ab [&hellip;]","og_url":"https:\/\/shop.bantam.ch\/de\/produkt\/batterie-the-bat-pro\/","og_site_name":"Bantam Camping AG","article_modified_time":"2026-04-18T00:42:06+00:00","twitter_card":"summary_large_image","twitter_misc":{"Gesch\u00e4tzte Lesezeit":"1\u00a0Minute"},"schema":{"@context":"https:\/\/schema.org","@graph":[{"@type":"WebPage","@id":"https:\/\/shop.bantam.ch\/de\/produkt\/batterie-the-bat-pro\/","url":"https:\/\/shop.bantam.ch\/de\/produkt\/batterie-the-bat-pro\/","name":"Batterie tHE Bat Pro - Bantam Camping AG","isPartOf":{"@id":"https:\/\/shop.bantam.ch\/de\/#website"},"primaryImageOfPage":{"@id":"https:\/\/shop.bantam.ch\/de\/produkt\/batterie-the-bat-pro\/#primaryimage"},"image":{"@id":"https:\/\/shop.bantam.ch\/de\/produkt\/batterie-the-bat-pro\/#primaryimage"},"thumbnailUrl":"https:\/\/shop.bantam.ch\/wp-content\/uploads\/2026\/01\/Movera-L-9987188100.jpg","datePublished":"2026-01-06T16:57:51+00:00","dateModified":"2026-04-18T00:42:06+00:00","breadcrumb":{"@id":"https:\/\/shop.bantam.ch\/de\/produkt\/batterie-the-bat-pro\/#breadcrumb"},"inLanguage":"de","potentialAction":[{"@type":"ReadAction","target":["https:\/\/shop.bantam.ch\/de\/produkt\/batterie-the-bat-pro\/"]}]},{"@type":"ImageObject","inLanguage":"de","@id":"https:\/\/shop.bantam.ch\/de\/produkt\/batterie-the-bat-pro\/#primaryimage","url":"https:\/\/shop.bantam.ch\/wp-content\/uploads\/2026\/01\/Movera-L-9987188100.jpg","contentUrl":"https:\/\/shop.bantam.ch\/wp-content\/uploads\/2026\/01\/Movera-L-9987188100.jpg","width":640,"height":640},{"@type":"BreadcrumbList","@id":"https:\/\/shop.bantam.ch\/de\/produkt\/batterie-the-bat-pro\/#breadcrumb","itemListElement":[{"@type":"ListItem","position":1,"name":"Accueil","item":"https:\/\/shop.bantam.ch\/de\/"},{"@type":"ListItem","position":2,"name":"Shop","item":"https:\/\/shop.bantam.ch\/de\/shop\/"},{"@type":"ListItem","position":3,"name":"Batterie tHE Bat Pro"}]},{"@type":"WebSite","@id":"https:\/\/shop.bantam.ch\/de\/#website","url":"https:\/\/shop.bantam.ch\/de\/","name":"Bantam Camping AG","description":"","publisher":{"@id":"https:\/\/shop.bantam.ch\/de\/#organization"},"inLanguage":"de"},{"@type":"Organization","@id":"https:\/\/shop.bantam.ch\/de\/#organization","name":"Bantam Camping AG","url":"https:\/\/shop.bantam.ch\/de\/","logo":{"@type":"ImageObject","inLanguage":"de","@id":"https:\/\/shop.bantam.ch\/de\/#\/schema\/logo\/image\/","url":"https:\/\/shop.bantam.ch\/wp-content\/uploads\/2022\/12\/bantam-logo.png","contentUrl":"https:\/\/shop.bantam.ch\/wp-content\/uploads\/2022\/12\/bantam-logo.png","width":320,"height":71,"caption":"Bantam Camping AG"},"image":{"@id":"https:\/\/shop.bantam.ch\/de\/#\/schema\/logo\/image\/"}}]}},"_links":{"self":[{"href":"https:\/\/shop.bantam.ch\/de\/wp-json\/wp\/v2\/product\/231313","targetHints":{"allow":["GET"]}}],"collection":[{"href":"https:\/\/shop.bantam.ch\/de\/wp-json\/wp\/v2\/product"}],"about":[{"href":"https:\/\/shop.bantam.ch\/de\/wp-json\/wp\/v2\/types\/product"}],"wp:featuredmedia":[{"embeddable":true,"href":"https:\/\/shop.bantam.ch\/de\/wp-json\/wp\/v2\/media\/231294"}],"wp:attachment":[{"href":"https:\/\/shop.bantam.ch\/de\/wp-json\/wp\/v2\/media?parent=231313"}],"wp:term":[{"taxonomy":"product_featured_cat","embeddable":true,"href":"https:\/\/shop.bantam.ch\/de\/wp-json\/wp\/v2\/product_featured_cat?post=231313"},{"taxonomy":"product_brand","embeddable":true,"href":"https:\/\/shop.bantam.ch\/de\/wp-json\/wp\/v2\/product_brand?post=231313"},{"taxonomy":"product_cat","embeddable":true,"href":"https:\/\/shop.bantam.ch\/de\/wp-json\/wp\/v2\/product_cat?post=231313"},{"taxonomy":"product_tag","embeddable":true,"href":"https:\/\/shop.bantam.ch\/de\/wp-json\/wp\/v2\/product_tag?post=231313"}],"curies":[{"name":"wp","href":"https:\/\/api.w.org\/{rel}","templated":true}]}}