{"id":231289,"date":"2026-01-06T17:57:25","date_gmt":"2026-01-06T16:57:25","guid":{"rendered":"https:\/\/shop.bantam.ch\/produit\/batterie-the-bat\/"},"modified":"2026-04-18T02:41:57","modified_gmt":"2026-04-18T00:41:57","slug":"batterie-the-bat","status":"publish","type":"product","link":"https:\/\/shop.bantam.ch\/de\/produkt\/batterie-the-bat\/","title":{"rendered":"Batterie tHE Bat"},"content":{"rendered":"<p>Energie Speicher mit Komfort<br \/>\nAus der Familie der Lithium-Ionen Batterietypen ist die Lithium-Eisen-Phosphat-Batterie (LiFePO4) die sicherste. Sie ist hochstromfest, universell einsetzbar und hat ein geringes Gewicht gegen\u00fcber Blei, Gel oder AGM Batterien. Zudem bietet die neueste Lithium-Eisen-Phosphat-Batterien Technologie ein hohes Ma\u00df an Eigensicherheit, so dass auch diese in extremsten Bedingungen gew\u00e4hrleistet ist. Immer mehr Wohnmobilisten entscheiden sich f\u00fcr eine Umr\u00fcstung und setzen Lithium-Batterien ein. Die tHE Bat Serie und die tHE BatPro Serie Lithium-Batterie LiFeP04 wurden mit dem Ziel entwickelt, Bleibatterien zu ersetzen und die hohen Anspr\u00fcche, die heute an Speicherbatterien gestellt werden, voll und ganz zu erf\u00fcllen. Die Vorteile der LiFePO4 -Technologie sind ideale Voraussetzungen den Einsatz f\u00fcr im Wohnmobil und der Garant f\u00fcrunabh\u00e4ngiges Reisen. Die tHE Bat Serie Batterien verf\u00fcgen \u00fcber Lithium-Eisenphosphat (LiFeP04) Zellen, die als sehr sicher und zyklenfest gelten. Durch den Einsatz der neuesten Generation der LiFePO4 Batterie- Zellen ist eine Ladung auch bei bis zu -10C\u00b0 ohne voreingestellte Ladestromreduzierung m\u00f6glich! Zus\u00e4tzlich wird die Batterie \u00fcber ein integriertes analoges BMS gegen \u00dcberstrom, \u00dcberladung, Tiefentladung, Verpolung und \u00dcbertemperatur gesch\u00fctzt.<\/p>\n<p>\nVorteile auf einen Blick<\/p>\n<ul>\n<li>Automatische Ladestrom Anpassung bis -10\u00b0C, max. 1C<\/li>\n<li>bis zu 1C Entladung<\/li>\n<li>bis zu 1C Ladung<\/li>\n<li>Zell-Balancing<\/li>\n<li>Wartungsfrei<\/li>\n<li>Parallelschaltung bis max. 6 tHE Batterien<\/li>\n<li>Batteriemanagementsystem<\/li>\n<li>Lade &#8211; Entlade Zyklen 8000 (bei 55% DOD)<\/li>\n<\/ul>\n","protected":false},"excerpt":{"rendered":"<p>Energie Speicher mit Komfort Aus der Familie der Lithium-Ionen Batterietypen ist die Lithium-Eisen-Phosphat-Batterie (LiFePO4) die sicherste. Sie ist hochstromfest, universell einsetzbar und hat ein geringes Gewicht gegen\u00fcber Blei, Gel oder AGM Batterien. Zudem bietet die neueste Lithium-Eisen-Phosphat-Batterien Technologie ein hohes Ma\u00df an Eigensicherheit, so dass auch diese in extremsten Bedingungen gew\u00e4hrleistet ist. Immer mehr Wohnmobilisten [&hellip;]<\/p>\n","protected":false},"featured_media":231284,"template":"","meta":{"_acf_changed":false},"product_featured_cat":[],"product_brand":[],"product_cat":[4904],"product_tag":[],"class_list":{"0":"post-231289","1":"product","2":"type-product","3":"status-publish","4":"has-post-thumbnail","6":"product_cat-bordbatterien","8":"first","9":"instock","10":"taxable","11":"shipping-taxable","12":"purchasable","13":"product-type-variable"},"acf":[],"yoast_head":"<!-- This site is optimized with the Yoast SEO plugin v27.4 - https:\/\/yoast.com\/product\/yoast-seo-wordpress\/ -->\n<title>Batterie tHE Bat - Bantam Camping AG<\/title>\n<meta name=\"robots\" content=\"index, follow, max-snippet:-1, max-image-preview:large, max-video-preview:-1\" \/>\n<link rel=\"canonical\" href=\"https:\/\/shop.bantam.ch\/de\/produkt\/batterie-the-bat\/\" \/>\n<meta property=\"og:locale\" content=\"de_DE\" \/>\n<meta property=\"og:type\" content=\"article\" \/>\n<meta property=\"og:title\" content=\"Batterie tHE Bat - Bantam Camping AG\" \/>\n<meta property=\"og:description\" content=\"Energie Speicher mit Komfort Aus der Familie der Lithium-Ionen Batterietypen ist die Lithium-Eisen-Phosphat-Batterie (LiFePO4) die sicherste. Sie ist hochstromfest, universell einsetzbar und hat ein geringes Gewicht gegen\u00fcber Blei, Gel oder AGM Batterien. Zudem bietet die neueste Lithium-Eisen-Phosphat-Batterien Technologie ein hohes Ma\u00df an Eigensicherheit, so dass auch diese in extremsten Bedingungen gew\u00e4hrleistet ist. Immer mehr Wohnmobilisten [&hellip;]\" \/>\n<meta property=\"og:url\" content=\"https:\/\/shop.bantam.ch\/de\/produkt\/batterie-the-bat\/\" \/>\n<meta property=\"og:site_name\" content=\"Bantam Camping AG\" \/>\n<meta property=\"article:modified_time\" content=\"2026-04-18T00:41:57+00:00\" \/>\n<meta name=\"twitter:card\" content=\"summary_large_image\" \/>\n<meta name=\"twitter:label1\" content=\"Gesch\u00e4tzte Lesezeit\" \/>\n\t<meta name=\"twitter:data1\" content=\"1\u00a0Minute\" \/>\n<script type=\"application\/ld+json\" class=\"yoast-schema-graph\">{\"@context\":\"https:\\\/\\\/schema.org\",\"@graph\":[{\"@type\":\"WebPage\",\"@id\":\"https:\\\/\\\/shop.bantam.ch\\\/de\\\/produkt\\\/batterie-the-bat\\\/\",\"url\":\"https:\\\/\\\/shop.bantam.ch\\\/de\\\/produkt\\\/batterie-the-bat\\\/\",\"name\":\"Batterie tHE Bat - Bantam Camping AG\",\"isPartOf\":{\"@id\":\"https:\\\/\\\/shop.bantam.ch\\\/de\\\/#website\"},\"primaryImageOfPage\":{\"@id\":\"https:\\\/\\\/shop.bantam.ch\\\/de\\\/produkt\\\/batterie-the-bat\\\/#primaryimage\"},\"image\":{\"@id\":\"https:\\\/\\\/shop.bantam.ch\\\/de\\\/produkt\\\/batterie-the-bat\\\/#primaryimage\"},\"thumbnailUrl\":\"https:\\\/\\\/shop.bantam.ch\\\/wp-content\\\/uploads\\\/2026\\\/01\\\/Movera-L-9987179100.jpg\",\"datePublished\":\"2026-01-06T16:57:25+00:00\",\"dateModified\":\"2026-04-18T00:41:57+00:00\",\"breadcrumb\":{\"@id\":\"https:\\\/\\\/shop.bantam.ch\\\/de\\\/produkt\\\/batterie-the-bat\\\/#breadcrumb\"},\"inLanguage\":\"de\",\"potentialAction\":[{\"@type\":\"ReadAction\",\"target\":[\"https:\\\/\\\/shop.bantam.ch\\\/de\\\/produkt\\\/batterie-the-bat\\\/\"]}]},{\"@type\":\"ImageObject\",\"inLanguage\":\"de\",\"@id\":\"https:\\\/\\\/shop.bantam.ch\\\/de\\\/produkt\\\/batterie-the-bat\\\/#primaryimage\",\"url\":\"https:\\\/\\\/shop.bantam.ch\\\/wp-content\\\/uploads\\\/2026\\\/01\\\/Movera-L-9987179100.jpg\",\"contentUrl\":\"https:\\\/\\\/shop.bantam.ch\\\/wp-content\\\/uploads\\\/2026\\\/01\\\/Movera-L-9987179100.jpg\",\"width\":640,\"height\":640},{\"@type\":\"BreadcrumbList\",\"@id\":\"https:\\\/\\\/shop.bantam.ch\\\/de\\\/produkt\\\/batterie-the-bat\\\/#breadcrumb\",\"itemListElement\":[{\"@type\":\"ListItem\",\"position\":1,\"name\":\"Accueil\",\"item\":\"https:\\\/\\\/shop.bantam.ch\\\/de\\\/\"},{\"@type\":\"ListItem\",\"position\":2,\"name\":\"Shop\",\"item\":\"https:\\\/\\\/shop.bantam.ch\\\/de\\\/shop\\\/\"},{\"@type\":\"ListItem\",\"position\":3,\"name\":\"Batterie tHE Bat\"}]},{\"@type\":\"WebSite\",\"@id\":\"https:\\\/\\\/shop.bantam.ch\\\/de\\\/#website\",\"url\":\"https:\\\/\\\/shop.bantam.ch\\\/de\\\/\",\"name\":\"Bantam Camping AG\",\"description\":\"\",\"publisher\":{\"@id\":\"https:\\\/\\\/shop.bantam.ch\\\/de\\\/#organization\"},\"inLanguage\":\"de\"},{\"@type\":\"Organization\",\"@id\":\"https:\\\/\\\/shop.bantam.ch\\\/de\\\/#organization\",\"name\":\"Bantam Camping AG\",\"url\":\"https:\\\/\\\/shop.bantam.ch\\\/de\\\/\",\"logo\":{\"@type\":\"ImageObject\",\"inLanguage\":\"de\",\"@id\":\"https:\\\/\\\/shop.bantam.ch\\\/de\\\/#\\\/schema\\\/logo\\\/image\\\/\",\"url\":\"https:\\\/\\\/shop.bantam.ch\\\/wp-content\\\/uploads\\\/2022\\\/12\\\/bantam-logo.png\",\"contentUrl\":\"https:\\\/\\\/shop.bantam.ch\\\/wp-content\\\/uploads\\\/2022\\\/12\\\/bantam-logo.png\",\"width\":320,\"height\":71,\"caption\":\"Bantam Camping AG\"},\"image\":{\"@id\":\"https:\\\/\\\/shop.bantam.ch\\\/de\\\/#\\\/schema\\\/logo\\\/image\\\/\"}}]}<\/script>\n<!-- \/ Yoast SEO plugin. -->","yoast_head_json":{"title":"Batterie tHE Bat - Bantam Camping AG","robots":{"index":"index","follow":"follow","max-snippet":"max-snippet:-1","max-image-preview":"max-image-preview:large","max-video-preview":"max-video-preview:-1"},"canonical":"https:\/\/shop.bantam.ch\/de\/produkt\/batterie-the-bat\/","og_locale":"de_DE","og_type":"article","og_title":"Batterie tHE Bat - Bantam Camping AG","og_description":"Energie Speicher mit Komfort Aus der Familie der Lithium-Ionen Batterietypen ist die Lithium-Eisen-Phosphat-Batterie (LiFePO4) die sicherste. Sie ist hochstromfest, universell einsetzbar und hat ein geringes Gewicht gegen\u00fcber Blei, Gel oder AGM Batterien. Zudem bietet die neueste Lithium-Eisen-Phosphat-Batterien Technologie ein hohes Ma\u00df an Eigensicherheit, so dass auch diese in extremsten Bedingungen gew\u00e4hrleistet ist. Immer mehr Wohnmobilisten [&hellip;]","og_url":"https:\/\/shop.bantam.ch\/de\/produkt\/batterie-the-bat\/","og_site_name":"Bantam Camping AG","article_modified_time":"2026-04-18T00:41:57+00:00","twitter_card":"summary_large_image","twitter_misc":{"Gesch\u00e4tzte Lesezeit":"1\u00a0Minute"},"schema":{"@context":"https:\/\/schema.org","@graph":[{"@type":"WebPage","@id":"https:\/\/shop.bantam.ch\/de\/produkt\/batterie-the-bat\/","url":"https:\/\/shop.bantam.ch\/de\/produkt\/batterie-the-bat\/","name":"Batterie tHE Bat - Bantam Camping AG","isPartOf":{"@id":"https:\/\/shop.bantam.ch\/de\/#website"},"primaryImageOfPage":{"@id":"https:\/\/shop.bantam.ch\/de\/produkt\/batterie-the-bat\/#primaryimage"},"image":{"@id":"https:\/\/shop.bantam.ch\/de\/produkt\/batterie-the-bat\/#primaryimage"},"thumbnailUrl":"https:\/\/shop.bantam.ch\/wp-content\/uploads\/2026\/01\/Movera-L-9987179100.jpg","datePublished":"2026-01-06T16:57:25+00:00","dateModified":"2026-04-18T00:41:57+00:00","breadcrumb":{"@id":"https:\/\/shop.bantam.ch\/de\/produkt\/batterie-the-bat\/#breadcrumb"},"inLanguage":"de","potentialAction":[{"@type":"ReadAction","target":["https:\/\/shop.bantam.ch\/de\/produkt\/batterie-the-bat\/"]}]},{"@type":"ImageObject","inLanguage":"de","@id":"https:\/\/shop.bantam.ch\/de\/produkt\/batterie-the-bat\/#primaryimage","url":"https:\/\/shop.bantam.ch\/wp-content\/uploads\/2026\/01\/Movera-L-9987179100.jpg","contentUrl":"https:\/\/shop.bantam.ch\/wp-content\/uploads\/2026\/01\/Movera-L-9987179100.jpg","width":640,"height":640},{"@type":"BreadcrumbList","@id":"https:\/\/shop.bantam.ch\/de\/produkt\/batterie-the-bat\/#breadcrumb","itemListElement":[{"@type":"ListItem","position":1,"name":"Accueil","item":"https:\/\/shop.bantam.ch\/de\/"},{"@type":"ListItem","position":2,"name":"Shop","item":"https:\/\/shop.bantam.ch\/de\/shop\/"},{"@type":"ListItem","position":3,"name":"Batterie tHE Bat"}]},{"@type":"WebSite","@id":"https:\/\/shop.bantam.ch\/de\/#website","url":"https:\/\/shop.bantam.ch\/de\/","name":"Bantam Camping AG","description":"","publisher":{"@id":"https:\/\/shop.bantam.ch\/de\/#organization"},"inLanguage":"de"},{"@type":"Organization","@id":"https:\/\/shop.bantam.ch\/de\/#organization","name":"Bantam Camping AG","url":"https:\/\/shop.bantam.ch\/de\/","logo":{"@type":"ImageObject","inLanguage":"de","@id":"https:\/\/shop.bantam.ch\/de\/#\/schema\/logo\/image\/","url":"https:\/\/shop.bantam.ch\/wp-content\/uploads\/2022\/12\/bantam-logo.png","contentUrl":"https:\/\/shop.bantam.ch\/wp-content\/uploads\/2022\/12\/bantam-logo.png","width":320,"height":71,"caption":"Bantam Camping AG"},"image":{"@id":"https:\/\/shop.bantam.ch\/de\/#\/schema\/logo\/image\/"}}]}},"_links":{"self":[{"href":"https:\/\/shop.bantam.ch\/de\/wp-json\/wp\/v2\/product\/231289","targetHints":{"allow":["GET"]}}],"collection":[{"href":"https:\/\/shop.bantam.ch\/de\/wp-json\/wp\/v2\/product"}],"about":[{"href":"https:\/\/shop.bantam.ch\/de\/wp-json\/wp\/v2\/types\/product"}],"wp:featuredmedia":[{"embeddable":true,"href":"https:\/\/shop.bantam.ch\/de\/wp-json\/wp\/v2\/media\/231284"}],"wp:attachment":[{"href":"https:\/\/shop.bantam.ch\/de\/wp-json\/wp\/v2\/media?parent=231289"}],"wp:term":[{"taxonomy":"product_featured_cat","embeddable":true,"href":"https:\/\/shop.bantam.ch\/de\/wp-json\/wp\/v2\/product_featured_cat?post=231289"},{"taxonomy":"product_brand","embeddable":true,"href":"https:\/\/shop.bantam.ch\/de\/wp-json\/wp\/v2\/product_brand?post=231289"},{"taxonomy":"product_cat","embeddable":true,"href":"https:\/\/shop.bantam.ch\/de\/wp-json\/wp\/v2\/product_cat?post=231289"},{"taxonomy":"product_tag","embeddable":true,"href":"https:\/\/shop.bantam.ch\/de\/wp-json\/wp\/v2\/product_tag?post=231289"}],"curies":[{"name":"wp","href":"https:\/\/api.w.org\/{rel}","templated":true}]}}