{"id":231254,"date":"2026-01-06T17:56:13","date_gmt":"2026-01-06T16:56:13","guid":{"rendered":"https:\/\/shop.bantam.ch\/produit\/beinauflage-ran-dark-grey\/"},"modified":"2026-04-17T23:52:46","modified_gmt":"2026-04-17T21:52:46","slug":"beinauflage-ran-dark-grey","status":"publish","type":"product","link":"https:\/\/shop.bantam.ch\/de\/produkt\/beinauflage-ran-dark-grey\/","title":{"rendered":"Beinauflage Ran dark grey"},"content":{"rendered":"<p><!--StartFragment --><!--StartFragment --><\/p>\n<p>Der Ran Fu\u00dfhocker ist ein praktisches Zubeh\u00f6r, das Ihren Campingurlaub noch komfortabler macht. Nutzen Sie ihn als bequeme Fu\u00dfst\u00fctze vor Ihrem Campingstuhl oder als zus\u00e4tzliche Sitzm\u00f6glichkeit, wenn Sie G\u00e4ste empfangen. Der Fu\u00dfhocker ist bis zu 100 kg belastbar. Dank seiner kompakten Gr\u00f6\u00dfe und dem leichten Aluminiumgestell ist er einfach zu transportieren \u2013 ideal f\u00fcr alle, die leicht reisen m\u00f6chten, ohne auf Komfort zu verzichten. Die Sitzfl\u00e4che ist mit strapazierf\u00e4higem Polyester mit PVC-Beschichtung und einer leichten Schaumstoffpolsterung versehen, was f\u00fcr eine weiche und angenehme Oberfl\u00e4che sorgt. Das Material ist pflegeleicht und bestens f\u00fcr den Einsatz im Freien geeignet. Der Ran Fu\u00dfhocker ist in der Farbe Dark Grey erh\u00e4ltlich \u2013 dezent und passend zu den meisten Campingumgebungen sowie zu vielen Isabella Campingst\u00fchlen.<\/p>\n<p>&nbsp;<\/p>\n<p>Eigenschaften:<\/p>\n<ul>\n<li>Max. Belastung: 100 kg<\/li>\n<li>Verwendbar als Fu\u00dfhocker oder zus\u00e4tzliche Sitzgelegenheit<\/li>\n<li>Leicht und einfach zu transportieren<\/li>\n<li>Material: 6x300D Polyester mit PVC-Beschichtung und 1,5 cm Schaumstoffpolsterung<\/li>\n<li>Gestell: Aluminium (36&#215;22 mm) mit matter Oberfl\u00e4che<\/li>\n<li>Farbe: Dark Grey<\/li>\n<li>Ma\u00dfe: 49 x 55 x 47 cm<\/li>\n<li>Ma\u00dfe (zusammengeklappt): 49 x 68 x 10 cm<\/li>\n<li>Gewicht: 2,8 kg<\/li>\n<\/ul>\n<p>&nbsp;<\/p>\n<p>Material:<\/p>\n<p>Bezug: 100 % Polyester<\/p>\n<p>Gestell: Aluminium<\/p>\n<p><!--EndFragment --><\/p>\n<p><!--EndFragment --><\/p>\n","protected":false},"excerpt":{"rendered":"<p>Der Ran Fu\u00dfhocker ist ein praktisches Zubeh\u00f6r, das Ihren Campingurlaub noch komfortabler macht. Nutzen Sie ihn als bequeme Fu\u00dfst\u00fctze vor Ihrem Campingstuhl oder als zus\u00e4tzliche Sitzm\u00f6glichkeit, wenn Sie G\u00e4ste empfangen. Der Fu\u00dfhocker ist bis zu 100 kg belastbar. Dank seiner kompakten Gr\u00f6\u00dfe und dem leichten Aluminiumgestell ist er einfach zu transportieren \u2013 ideal f\u00fcr alle, [&hellip;]<\/p>\n","protected":false},"featured_media":231252,"template":"","meta":{"_acf_changed":false},"product_featured_cat":[],"product_brand":[],"product_cat":[4974],"product_tag":[],"class_list":{"0":"post-231254","1":"product","2":"type-product","3":"status-publish","4":"has-post-thumbnail","6":"product_cat-beinauflagen","8":"first","9":"instock","10":"taxable","11":"shipping-taxable","12":"purchasable","13":"product-type-simple"},"acf":[],"yoast_head":"<!-- This site is optimized with the Yoast SEO plugin v27.4 - https:\/\/yoast.com\/product\/yoast-seo-wordpress\/ -->\n<title>Beinauflage Ran dark grey - Bantam Camping AG<\/title>\n<meta name=\"robots\" content=\"index, follow, max-snippet:-1, max-image-preview:large, max-video-preview:-1\" \/>\n<link rel=\"canonical\" href=\"https:\/\/shop.bantam.ch\/de\/produkt\/beinauflage-ran-dark-grey\/\" \/>\n<meta property=\"og:locale\" content=\"de_DE\" \/>\n<meta property=\"og:type\" content=\"article\" \/>\n<meta property=\"og:title\" content=\"Beinauflage Ran dark grey - Bantam Camping AG\" \/>\n<meta property=\"og:description\" content=\"Der Ran Fu\u00dfhocker ist ein praktisches Zubeh\u00f6r, das Ihren Campingurlaub noch komfortabler macht. Nutzen Sie ihn als bequeme Fu\u00dfst\u00fctze vor Ihrem Campingstuhl oder als zus\u00e4tzliche Sitzm\u00f6glichkeit, wenn Sie G\u00e4ste empfangen. Der Fu\u00dfhocker ist bis zu 100 kg belastbar. Dank seiner kompakten Gr\u00f6\u00dfe und dem leichten Aluminiumgestell ist er einfach zu transportieren \u2013 ideal f\u00fcr alle, [&hellip;]\" \/>\n<meta property=\"og:url\" content=\"https:\/\/shop.bantam.ch\/de\/produkt\/beinauflage-ran-dark-grey\/\" \/>\n<meta property=\"og:site_name\" content=\"Bantam Camping AG\" \/>\n<meta property=\"article:modified_time\" content=\"2026-04-17T21:52:46+00:00\" \/>\n<meta name=\"twitter:card\" content=\"summary_large_image\" \/>\n<meta name=\"twitter:label1\" content=\"Gesch\u00e4tzte Lesezeit\" \/>\n\t<meta name=\"twitter:data1\" content=\"1\u00a0Minute\" \/>\n<script type=\"application\/ld+json\" class=\"yoast-schema-graph\">{\"@context\":\"https:\\\/\\\/schema.org\",\"@graph\":[{\"@type\":\"WebPage\",\"@id\":\"https:\\\/\\\/shop.bantam.ch\\\/de\\\/produkt\\\/beinauflage-ran-dark-grey\\\/\",\"url\":\"https:\\\/\\\/shop.bantam.ch\\\/de\\\/produkt\\\/beinauflage-ran-dark-grey\\\/\",\"name\":\"Beinauflage Ran dark grey - Bantam Camping AG\",\"isPartOf\":{\"@id\":\"https:\\\/\\\/shop.bantam.ch\\\/de\\\/#website\"},\"primaryImageOfPage\":{\"@id\":\"https:\\\/\\\/shop.bantam.ch\\\/de\\\/produkt\\\/beinauflage-ran-dark-grey\\\/#primaryimage\"},\"image\":{\"@id\":\"https:\\\/\\\/shop.bantam.ch\\\/de\\\/produkt\\\/beinauflage-ran-dark-grey\\\/#primaryimage\"},\"thumbnailUrl\":\"https:\\\/\\\/shop.bantam.ch\\\/wp-content\\\/uploads\\\/2026\\\/01\\\/Movera-L-9987176100.jpg\",\"datePublished\":\"2026-01-06T16:56:13+00:00\",\"dateModified\":\"2026-04-17T21:52:46+00:00\",\"breadcrumb\":{\"@id\":\"https:\\\/\\\/shop.bantam.ch\\\/de\\\/produkt\\\/beinauflage-ran-dark-grey\\\/#breadcrumb\"},\"inLanguage\":\"de\",\"potentialAction\":[{\"@type\":\"ReadAction\",\"target\":[\"https:\\\/\\\/shop.bantam.ch\\\/de\\\/produkt\\\/beinauflage-ran-dark-grey\\\/\"]}]},{\"@type\":\"ImageObject\",\"inLanguage\":\"de\",\"@id\":\"https:\\\/\\\/shop.bantam.ch\\\/de\\\/produkt\\\/beinauflage-ran-dark-grey\\\/#primaryimage\",\"url\":\"https:\\\/\\\/shop.bantam.ch\\\/wp-content\\\/uploads\\\/2026\\\/01\\\/Movera-L-9987176100.jpg\",\"contentUrl\":\"https:\\\/\\\/shop.bantam.ch\\\/wp-content\\\/uploads\\\/2026\\\/01\\\/Movera-L-9987176100.jpg\",\"width\":640,\"height\":532},{\"@type\":\"BreadcrumbList\",\"@id\":\"https:\\\/\\\/shop.bantam.ch\\\/de\\\/produkt\\\/beinauflage-ran-dark-grey\\\/#breadcrumb\",\"itemListElement\":[{\"@type\":\"ListItem\",\"position\":1,\"name\":\"Accueil\",\"item\":\"https:\\\/\\\/shop.bantam.ch\\\/de\\\/\"},{\"@type\":\"ListItem\",\"position\":2,\"name\":\"Shop\",\"item\":\"https:\\\/\\\/shop.bantam.ch\\\/de\\\/shop\\\/\"},{\"@type\":\"ListItem\",\"position\":3,\"name\":\"Beinauflage Ran dark grey\"}]},{\"@type\":\"WebSite\",\"@id\":\"https:\\\/\\\/shop.bantam.ch\\\/de\\\/#website\",\"url\":\"https:\\\/\\\/shop.bantam.ch\\\/de\\\/\",\"name\":\"Bantam Camping AG\",\"description\":\"\",\"publisher\":{\"@id\":\"https:\\\/\\\/shop.bantam.ch\\\/de\\\/#organization\"},\"inLanguage\":\"de\"},{\"@type\":\"Organization\",\"@id\":\"https:\\\/\\\/shop.bantam.ch\\\/de\\\/#organization\",\"name\":\"Bantam Camping AG\",\"url\":\"https:\\\/\\\/shop.bantam.ch\\\/de\\\/\",\"logo\":{\"@type\":\"ImageObject\",\"inLanguage\":\"de\",\"@id\":\"https:\\\/\\\/shop.bantam.ch\\\/de\\\/#\\\/schema\\\/logo\\\/image\\\/\",\"url\":\"https:\\\/\\\/shop.bantam.ch\\\/wp-content\\\/uploads\\\/2022\\\/12\\\/bantam-logo.png\",\"contentUrl\":\"https:\\\/\\\/shop.bantam.ch\\\/wp-content\\\/uploads\\\/2022\\\/12\\\/bantam-logo.png\",\"width\":320,\"height\":71,\"caption\":\"Bantam Camping AG\"},\"image\":{\"@id\":\"https:\\\/\\\/shop.bantam.ch\\\/de\\\/#\\\/schema\\\/logo\\\/image\\\/\"}}]}<\/script>\n<!-- \/ Yoast SEO plugin. -->","yoast_head_json":{"title":"Beinauflage Ran dark grey - Bantam Camping AG","robots":{"index":"index","follow":"follow","max-snippet":"max-snippet:-1","max-image-preview":"max-image-preview:large","max-video-preview":"max-video-preview:-1"},"canonical":"https:\/\/shop.bantam.ch\/de\/produkt\/beinauflage-ran-dark-grey\/","og_locale":"de_DE","og_type":"article","og_title":"Beinauflage Ran dark grey - Bantam Camping AG","og_description":"Der Ran Fu\u00dfhocker ist ein praktisches Zubeh\u00f6r, das Ihren Campingurlaub noch komfortabler macht. Nutzen Sie ihn als bequeme Fu\u00dfst\u00fctze vor Ihrem Campingstuhl oder als zus\u00e4tzliche Sitzm\u00f6glichkeit, wenn Sie G\u00e4ste empfangen. Der Fu\u00dfhocker ist bis zu 100 kg belastbar. Dank seiner kompakten Gr\u00f6\u00dfe und dem leichten Aluminiumgestell ist er einfach zu transportieren \u2013 ideal f\u00fcr alle, [&hellip;]","og_url":"https:\/\/shop.bantam.ch\/de\/produkt\/beinauflage-ran-dark-grey\/","og_site_name":"Bantam Camping AG","article_modified_time":"2026-04-17T21:52:46+00:00","twitter_card":"summary_large_image","twitter_misc":{"Gesch\u00e4tzte Lesezeit":"1\u00a0Minute"},"schema":{"@context":"https:\/\/schema.org","@graph":[{"@type":"WebPage","@id":"https:\/\/shop.bantam.ch\/de\/produkt\/beinauflage-ran-dark-grey\/","url":"https:\/\/shop.bantam.ch\/de\/produkt\/beinauflage-ran-dark-grey\/","name":"Beinauflage Ran dark grey - Bantam Camping AG","isPartOf":{"@id":"https:\/\/shop.bantam.ch\/de\/#website"},"primaryImageOfPage":{"@id":"https:\/\/shop.bantam.ch\/de\/produkt\/beinauflage-ran-dark-grey\/#primaryimage"},"image":{"@id":"https:\/\/shop.bantam.ch\/de\/produkt\/beinauflage-ran-dark-grey\/#primaryimage"},"thumbnailUrl":"https:\/\/shop.bantam.ch\/wp-content\/uploads\/2026\/01\/Movera-L-9987176100.jpg","datePublished":"2026-01-06T16:56:13+00:00","dateModified":"2026-04-17T21:52:46+00:00","breadcrumb":{"@id":"https:\/\/shop.bantam.ch\/de\/produkt\/beinauflage-ran-dark-grey\/#breadcrumb"},"inLanguage":"de","potentialAction":[{"@type":"ReadAction","target":["https:\/\/shop.bantam.ch\/de\/produkt\/beinauflage-ran-dark-grey\/"]}]},{"@type":"ImageObject","inLanguage":"de","@id":"https:\/\/shop.bantam.ch\/de\/produkt\/beinauflage-ran-dark-grey\/#primaryimage","url":"https:\/\/shop.bantam.ch\/wp-content\/uploads\/2026\/01\/Movera-L-9987176100.jpg","contentUrl":"https:\/\/shop.bantam.ch\/wp-content\/uploads\/2026\/01\/Movera-L-9987176100.jpg","width":640,"height":532},{"@type":"BreadcrumbList","@id":"https:\/\/shop.bantam.ch\/de\/produkt\/beinauflage-ran-dark-grey\/#breadcrumb","itemListElement":[{"@type":"ListItem","position":1,"name":"Accueil","item":"https:\/\/shop.bantam.ch\/de\/"},{"@type":"ListItem","position":2,"name":"Shop","item":"https:\/\/shop.bantam.ch\/de\/shop\/"},{"@type":"ListItem","position":3,"name":"Beinauflage Ran dark grey"}]},{"@type":"WebSite","@id":"https:\/\/shop.bantam.ch\/de\/#website","url":"https:\/\/shop.bantam.ch\/de\/","name":"Bantam Camping AG","description":"","publisher":{"@id":"https:\/\/shop.bantam.ch\/de\/#organization"},"inLanguage":"de"},{"@type":"Organization","@id":"https:\/\/shop.bantam.ch\/de\/#organization","name":"Bantam Camping AG","url":"https:\/\/shop.bantam.ch\/de\/","logo":{"@type":"ImageObject","inLanguage":"de","@id":"https:\/\/shop.bantam.ch\/de\/#\/schema\/logo\/image\/","url":"https:\/\/shop.bantam.ch\/wp-content\/uploads\/2022\/12\/bantam-logo.png","contentUrl":"https:\/\/shop.bantam.ch\/wp-content\/uploads\/2022\/12\/bantam-logo.png","width":320,"height":71,"caption":"Bantam Camping AG"},"image":{"@id":"https:\/\/shop.bantam.ch\/de\/#\/schema\/logo\/image\/"}}]}},"_links":{"self":[{"href":"https:\/\/shop.bantam.ch\/de\/wp-json\/wp\/v2\/product\/231254","targetHints":{"allow":["GET"]}}],"collection":[{"href":"https:\/\/shop.bantam.ch\/de\/wp-json\/wp\/v2\/product"}],"about":[{"href":"https:\/\/shop.bantam.ch\/de\/wp-json\/wp\/v2\/types\/product"}],"wp:featuredmedia":[{"embeddable":true,"href":"https:\/\/shop.bantam.ch\/de\/wp-json\/wp\/v2\/media\/231252"}],"wp:attachment":[{"href":"https:\/\/shop.bantam.ch\/de\/wp-json\/wp\/v2\/media?parent=231254"}],"wp:term":[{"taxonomy":"product_featured_cat","embeddable":true,"href":"https:\/\/shop.bantam.ch\/de\/wp-json\/wp\/v2\/product_featured_cat?post=231254"},{"taxonomy":"product_brand","embeddable":true,"href":"https:\/\/shop.bantam.ch\/de\/wp-json\/wp\/v2\/product_brand?post=231254"},{"taxonomy":"product_cat","embeddable":true,"href":"https:\/\/shop.bantam.ch\/de\/wp-json\/wp\/v2\/product_cat?post=231254"},{"taxonomy":"product_tag","embeddable":true,"href":"https:\/\/shop.bantam.ch\/de\/wp-json\/wp\/v2\/product_tag?post=231254"}],"curies":[{"name":"wp","href":"https:\/\/api.w.org\/{rel}","templated":true}]}}