{"id":231250,"date":"2026-01-06T17:56:05","date_gmt":"2026-01-06T16:56:05","guid":{"rendered":"https:\/\/shop.bantam.ch\/produit\/doppeltrittstufe-ramp-double\/"},"modified":"2026-04-17T23:52:46","modified_gmt":"2026-04-17T21:52:46","slug":"doppeltrittstufe-ramp-double","status":"publish","type":"product","link":"https:\/\/shop.bantam.ch\/de\/produkt\/doppeltrittstufe-ramp-double\/","title":{"rendered":"Doppeltrittstufe Ramp Double"},"content":{"rendered":"<p>Hochwertige klappbare Trittstufe, fachm\u00e4nnisch aus strapazierf\u00e4higem, lackiertem Metall gefertigt, um Langlebigkeit und Stil zu gew\u00e4hrleisten. Dieses unverzichtbare Zubeh\u00f6rteil ist f\u00fcr eine einfache Montag konzipiert, sodass Sie es in Sekundenschnelle aufstellen und Ihr Outdoor-Erlebnis verbessern k\u00f6nnen. Die innovative rutschfeste Trittfl\u00e4che bietet hervorragenden Halt und sorgt f\u00fcr Sicherheit beim Ein- und Aussteigen aus Ihrem Wohnmobil. Bei Nichtgebrauch l\u00e4sst sich die Stufe flach zusammenklappen und platzsparend verstauen.<\/p>\n","protected":false},"excerpt":{"rendered":"<p>Hochwertige klappbare Trittstufe, fachm\u00e4nnisch aus strapazierf\u00e4higem, lackiertem Metall gefertigt, um Langlebigkeit und Stil zu gew\u00e4hrleisten. Dieses unverzichtbare Zubeh\u00f6rteil ist f\u00fcr eine einfache Montag konzipiert, sodass Sie es in Sekundenschnelle aufstellen und Ihr Outdoor-Erlebnis verbessern k\u00f6nnen. Die innovative rutschfeste Trittfl\u00e4che bietet hervorragenden Halt und sorgt f\u00fcr Sicherheit beim Ein- und Aussteigen aus Ihrem Wohnmobil. Bei Nichtgebrauch [&hellip;]<\/p>\n","protected":false},"featured_media":231244,"template":"","meta":{"_acf_changed":false},"product_featured_cat":[],"product_brand":[],"product_cat":[4676],"product_tag":[],"class_list":{"0":"post-231250","1":"product","2":"type-product","3":"status-publish","4":"has-post-thumbnail","6":"product_cat-tritthocker","8":"first","9":"instock","10":"taxable","11":"shipping-taxable","12":"purchasable","13":"product-type-simple"},"acf":[],"yoast_head":"<!-- This site is optimized with the Yoast SEO plugin v27.4 - https:\/\/yoast.com\/product\/yoast-seo-wordpress\/ -->\n<title>Doppeltrittstufe Ramp Double - Bantam Camping AG<\/title>\n<meta name=\"robots\" content=\"index, follow, max-snippet:-1, max-image-preview:large, max-video-preview:-1\" \/>\n<link rel=\"canonical\" href=\"https:\/\/shop.bantam.ch\/de\/produkt\/doppeltrittstufe-ramp-double\/\" \/>\n<meta property=\"og:locale\" content=\"de_DE\" \/>\n<meta property=\"og:type\" content=\"article\" \/>\n<meta property=\"og:title\" content=\"Doppeltrittstufe Ramp Double - Bantam Camping AG\" \/>\n<meta property=\"og:description\" content=\"Hochwertige klappbare Trittstufe, fachm\u00e4nnisch aus strapazierf\u00e4higem, lackiertem Metall gefertigt, um Langlebigkeit und Stil zu gew\u00e4hrleisten. Dieses unverzichtbare Zubeh\u00f6rteil ist f\u00fcr eine einfache Montag konzipiert, sodass Sie es in Sekundenschnelle aufstellen und Ihr Outdoor-Erlebnis verbessern k\u00f6nnen. Die innovative rutschfeste Trittfl\u00e4che bietet hervorragenden Halt und sorgt f\u00fcr Sicherheit beim Ein- und Aussteigen aus Ihrem Wohnmobil. Bei Nichtgebrauch [&hellip;]\" \/>\n<meta property=\"og:url\" content=\"https:\/\/shop.bantam.ch\/de\/produkt\/doppeltrittstufe-ramp-double\/\" \/>\n<meta property=\"og:site_name\" content=\"Bantam Camping AG\" \/>\n<meta property=\"article:modified_time\" content=\"2026-04-17T21:52:46+00:00\" \/>\n<meta name=\"twitter:card\" content=\"summary_large_image\" \/>\n<script type=\"application\/ld+json\" class=\"yoast-schema-graph\">{\"@context\":\"https:\\\/\\\/schema.org\",\"@graph\":[{\"@type\":\"WebPage\",\"@id\":\"https:\\\/\\\/shop.bantam.ch\\\/de\\\/produkt\\\/doppeltrittstufe-ramp-double\\\/\",\"url\":\"https:\\\/\\\/shop.bantam.ch\\\/de\\\/produkt\\\/doppeltrittstufe-ramp-double\\\/\",\"name\":\"Doppeltrittstufe Ramp Double - Bantam Camping AG\",\"isPartOf\":{\"@id\":\"https:\\\/\\\/shop.bantam.ch\\\/de\\\/#website\"},\"primaryImageOfPage\":{\"@id\":\"https:\\\/\\\/shop.bantam.ch\\\/de\\\/produkt\\\/doppeltrittstufe-ramp-double\\\/#primaryimage\"},\"image\":{\"@id\":\"https:\\\/\\\/shop.bantam.ch\\\/de\\\/produkt\\\/doppeltrittstufe-ramp-double\\\/#primaryimage\"},\"thumbnailUrl\":\"https:\\\/\\\/shop.bantam.ch\\\/wp-content\\\/uploads\\\/2026\\\/01\\\/Movera-L-9985270100.jpg\",\"datePublished\":\"2026-01-06T16:56:05+00:00\",\"dateModified\":\"2026-04-17T21:52:46+00:00\",\"breadcrumb\":{\"@id\":\"https:\\\/\\\/shop.bantam.ch\\\/de\\\/produkt\\\/doppeltrittstufe-ramp-double\\\/#breadcrumb\"},\"inLanguage\":\"de\",\"potentialAction\":[{\"@type\":\"ReadAction\",\"target\":[\"https:\\\/\\\/shop.bantam.ch\\\/de\\\/produkt\\\/doppeltrittstufe-ramp-double\\\/\"]}]},{\"@type\":\"ImageObject\",\"inLanguage\":\"de\",\"@id\":\"https:\\\/\\\/shop.bantam.ch\\\/de\\\/produkt\\\/doppeltrittstufe-ramp-double\\\/#primaryimage\",\"url\":\"https:\\\/\\\/shop.bantam.ch\\\/wp-content\\\/uploads\\\/2026\\\/01\\\/Movera-L-9985270100.jpg\",\"contentUrl\":\"https:\\\/\\\/shop.bantam.ch\\\/wp-content\\\/uploads\\\/2026\\\/01\\\/Movera-L-9985270100.jpg\",\"width\":640,\"height\":577},{\"@type\":\"BreadcrumbList\",\"@id\":\"https:\\\/\\\/shop.bantam.ch\\\/de\\\/produkt\\\/doppeltrittstufe-ramp-double\\\/#breadcrumb\",\"itemListElement\":[{\"@type\":\"ListItem\",\"position\":1,\"name\":\"Accueil\",\"item\":\"https:\\\/\\\/shop.bantam.ch\\\/de\\\/\"},{\"@type\":\"ListItem\",\"position\":2,\"name\":\"Shop\",\"item\":\"https:\\\/\\\/shop.bantam.ch\\\/de\\\/shop\\\/\"},{\"@type\":\"ListItem\",\"position\":3,\"name\":\"Doppeltrittstufe Ramp Double\"}]},{\"@type\":\"WebSite\",\"@id\":\"https:\\\/\\\/shop.bantam.ch\\\/de\\\/#website\",\"url\":\"https:\\\/\\\/shop.bantam.ch\\\/de\\\/\",\"name\":\"Bantam Camping AG\",\"description\":\"\",\"publisher\":{\"@id\":\"https:\\\/\\\/shop.bantam.ch\\\/de\\\/#organization\"},\"inLanguage\":\"de\"},{\"@type\":\"Organization\",\"@id\":\"https:\\\/\\\/shop.bantam.ch\\\/de\\\/#organization\",\"name\":\"Bantam Camping AG\",\"url\":\"https:\\\/\\\/shop.bantam.ch\\\/de\\\/\",\"logo\":{\"@type\":\"ImageObject\",\"inLanguage\":\"de\",\"@id\":\"https:\\\/\\\/shop.bantam.ch\\\/de\\\/#\\\/schema\\\/logo\\\/image\\\/\",\"url\":\"https:\\\/\\\/shop.bantam.ch\\\/wp-content\\\/uploads\\\/2022\\\/12\\\/bantam-logo.png\",\"contentUrl\":\"https:\\\/\\\/shop.bantam.ch\\\/wp-content\\\/uploads\\\/2022\\\/12\\\/bantam-logo.png\",\"width\":320,\"height\":71,\"caption\":\"Bantam Camping AG\"},\"image\":{\"@id\":\"https:\\\/\\\/shop.bantam.ch\\\/de\\\/#\\\/schema\\\/logo\\\/image\\\/\"}}]}<\/script>\n<!-- \/ Yoast SEO plugin. -->","yoast_head_json":{"title":"Doppeltrittstufe Ramp Double - Bantam Camping AG","robots":{"index":"index","follow":"follow","max-snippet":"max-snippet:-1","max-image-preview":"max-image-preview:large","max-video-preview":"max-video-preview:-1"},"canonical":"https:\/\/shop.bantam.ch\/de\/produkt\/doppeltrittstufe-ramp-double\/","og_locale":"de_DE","og_type":"article","og_title":"Doppeltrittstufe Ramp Double - Bantam Camping AG","og_description":"Hochwertige klappbare Trittstufe, fachm\u00e4nnisch aus strapazierf\u00e4higem, lackiertem Metall gefertigt, um Langlebigkeit und Stil zu gew\u00e4hrleisten. Dieses unverzichtbare Zubeh\u00f6rteil ist f\u00fcr eine einfache Montag konzipiert, sodass Sie es in Sekundenschnelle aufstellen und Ihr Outdoor-Erlebnis verbessern k\u00f6nnen. Die innovative rutschfeste Trittfl\u00e4che bietet hervorragenden Halt und sorgt f\u00fcr Sicherheit beim Ein- und Aussteigen aus Ihrem Wohnmobil. Bei Nichtgebrauch [&hellip;]","og_url":"https:\/\/shop.bantam.ch\/de\/produkt\/doppeltrittstufe-ramp-double\/","og_site_name":"Bantam Camping AG","article_modified_time":"2026-04-17T21:52:46+00:00","twitter_card":"summary_large_image","schema":{"@context":"https:\/\/schema.org","@graph":[{"@type":"WebPage","@id":"https:\/\/shop.bantam.ch\/de\/produkt\/doppeltrittstufe-ramp-double\/","url":"https:\/\/shop.bantam.ch\/de\/produkt\/doppeltrittstufe-ramp-double\/","name":"Doppeltrittstufe Ramp Double - Bantam Camping AG","isPartOf":{"@id":"https:\/\/shop.bantam.ch\/de\/#website"},"primaryImageOfPage":{"@id":"https:\/\/shop.bantam.ch\/de\/produkt\/doppeltrittstufe-ramp-double\/#primaryimage"},"image":{"@id":"https:\/\/shop.bantam.ch\/de\/produkt\/doppeltrittstufe-ramp-double\/#primaryimage"},"thumbnailUrl":"https:\/\/shop.bantam.ch\/wp-content\/uploads\/2026\/01\/Movera-L-9985270100.jpg","datePublished":"2026-01-06T16:56:05+00:00","dateModified":"2026-04-17T21:52:46+00:00","breadcrumb":{"@id":"https:\/\/shop.bantam.ch\/de\/produkt\/doppeltrittstufe-ramp-double\/#breadcrumb"},"inLanguage":"de","potentialAction":[{"@type":"ReadAction","target":["https:\/\/shop.bantam.ch\/de\/produkt\/doppeltrittstufe-ramp-double\/"]}]},{"@type":"ImageObject","inLanguage":"de","@id":"https:\/\/shop.bantam.ch\/de\/produkt\/doppeltrittstufe-ramp-double\/#primaryimage","url":"https:\/\/shop.bantam.ch\/wp-content\/uploads\/2026\/01\/Movera-L-9985270100.jpg","contentUrl":"https:\/\/shop.bantam.ch\/wp-content\/uploads\/2026\/01\/Movera-L-9985270100.jpg","width":640,"height":577},{"@type":"BreadcrumbList","@id":"https:\/\/shop.bantam.ch\/de\/produkt\/doppeltrittstufe-ramp-double\/#breadcrumb","itemListElement":[{"@type":"ListItem","position":1,"name":"Accueil","item":"https:\/\/shop.bantam.ch\/de\/"},{"@type":"ListItem","position":2,"name":"Shop","item":"https:\/\/shop.bantam.ch\/de\/shop\/"},{"@type":"ListItem","position":3,"name":"Doppeltrittstufe Ramp Double"}]},{"@type":"WebSite","@id":"https:\/\/shop.bantam.ch\/de\/#website","url":"https:\/\/shop.bantam.ch\/de\/","name":"Bantam Camping AG","description":"","publisher":{"@id":"https:\/\/shop.bantam.ch\/de\/#organization"},"inLanguage":"de"},{"@type":"Organization","@id":"https:\/\/shop.bantam.ch\/de\/#organization","name":"Bantam Camping AG","url":"https:\/\/shop.bantam.ch\/de\/","logo":{"@type":"ImageObject","inLanguage":"de","@id":"https:\/\/shop.bantam.ch\/de\/#\/schema\/logo\/image\/","url":"https:\/\/shop.bantam.ch\/wp-content\/uploads\/2022\/12\/bantam-logo.png","contentUrl":"https:\/\/shop.bantam.ch\/wp-content\/uploads\/2022\/12\/bantam-logo.png","width":320,"height":71,"caption":"Bantam Camping AG"},"image":{"@id":"https:\/\/shop.bantam.ch\/de\/#\/schema\/logo\/image\/"}}]}},"_links":{"self":[{"href":"https:\/\/shop.bantam.ch\/de\/wp-json\/wp\/v2\/product\/231250","targetHints":{"allow":["GET"]}}],"collection":[{"href":"https:\/\/shop.bantam.ch\/de\/wp-json\/wp\/v2\/product"}],"about":[{"href":"https:\/\/shop.bantam.ch\/de\/wp-json\/wp\/v2\/types\/product"}],"wp:featuredmedia":[{"embeddable":true,"href":"https:\/\/shop.bantam.ch\/de\/wp-json\/wp\/v2\/media\/231244"}],"wp:attachment":[{"href":"https:\/\/shop.bantam.ch\/de\/wp-json\/wp\/v2\/media?parent=231250"}],"wp:term":[{"taxonomy":"product_featured_cat","embeddable":true,"href":"https:\/\/shop.bantam.ch\/de\/wp-json\/wp\/v2\/product_featured_cat?post=231250"},{"taxonomy":"product_brand","embeddable":true,"href":"https:\/\/shop.bantam.ch\/de\/wp-json\/wp\/v2\/product_brand?post=231250"},{"taxonomy":"product_cat","embeddable":true,"href":"https:\/\/shop.bantam.ch\/de\/wp-json\/wp\/v2\/product_cat?post=231250"},{"taxonomy":"product_tag","embeddable":true,"href":"https:\/\/shop.bantam.ch\/de\/wp-json\/wp\/v2\/product_tag?post=231250"}],"curies":[{"name":"wp","href":"https:\/\/api.w.org\/{rel}","templated":true}]}}