{"id":231164,"date":"2026-01-06T17:54:00","date_gmt":"2026-01-06T16:54:00","guid":{"rendered":"https:\/\/shop.bantam.ch\/produit\/waeschespinne-laun-tree-cvr\/"},"modified":"2026-04-17T23:52:32","modified_gmt":"2026-04-17T21:52:32","slug":"waeschespinne-laun-tree-cvr","status":"publish","type":"product","link":"https:\/\/shop.bantam.ch\/de\/produkt\/waeschespinne-laun-tree-cvr\/","title":{"rendered":"W\u00e4schespinne Laun-Tree CVR"},"content":{"rendered":"<p>Die Brunner W\u00e4schest\u00e4nder-Kollektion wird um eine neue Variante erweitert: Ein 4-armiges Modell mit einer praktischen Abdeckplane aus Polyester, die wirksamen Schutz vor Baumabsonderungen, Vogelkot und leichtem Regen bietet und daf\u00fcr sorgt, dass die frisch gewaschenen Kleidungsst\u00fccke sauber und makellos bleiben. Sie l\u00e4sst sich m\u00fchelos am W\u00e4schest\u00e4nder befestigen und sch\u00fctzt Ihre W\u00e4sche bei Bedarf schnell und bequem. Stabile und robuste Aluminiumkonstruktion mit Tragetasche.<\/p>\n","protected":false},"excerpt":{"rendered":"<p>Die Brunner W\u00e4schest\u00e4nder-Kollektion wird um eine neue Variante erweitert: Ein 4-armiges Modell mit einer praktischen Abdeckplane aus Polyester, die wirksamen Schutz vor Baumabsonderungen, Vogelkot und leichtem Regen bietet und daf\u00fcr sorgt, dass die frisch gewaschenen Kleidungsst\u00fccke sauber und makellos bleiben. Sie l\u00e4sst sich m\u00fchelos am W\u00e4schest\u00e4nder befestigen und sch\u00fctzt Ihre W\u00e4sche bei Bedarf schnell und [&hellip;]<\/p>\n","protected":false},"featured_media":231160,"template":"","meta":{"_acf_changed":false},"product_featured_cat":[],"product_brand":[],"product_cat":[4292],"product_tag":[],"class_list":{"0":"post-231164","1":"product","2":"type-product","3":"status-publish","4":"has-post-thumbnail","6":"product_cat-waesche","8":"first","9":"instock","10":"taxable","11":"shipping-taxable","12":"purchasable","13":"product-type-simple"},"acf":[],"yoast_head":"<!-- This site is optimized with the Yoast SEO plugin v27.4 - https:\/\/yoast.com\/product\/yoast-seo-wordpress\/ -->\n<title>W\u00e4schespinne Laun-Tree CVR - Bantam Camping AG<\/title>\n<meta name=\"robots\" content=\"index, follow, max-snippet:-1, max-image-preview:large, max-video-preview:-1\" \/>\n<link rel=\"canonical\" href=\"https:\/\/shop.bantam.ch\/de\/produkt\/waeschespinne-laun-tree-cvr\/\" \/>\n<meta property=\"og:locale\" content=\"de_DE\" \/>\n<meta property=\"og:type\" content=\"article\" \/>\n<meta property=\"og:title\" content=\"W\u00e4schespinne Laun-Tree CVR - Bantam Camping AG\" \/>\n<meta property=\"og:description\" content=\"Die Brunner W\u00e4schest\u00e4nder-Kollektion wird um eine neue Variante erweitert: Ein 4-armiges Modell mit einer praktischen Abdeckplane aus Polyester, die wirksamen Schutz vor Baumabsonderungen, Vogelkot und leichtem Regen bietet und daf\u00fcr sorgt, dass die frisch gewaschenen Kleidungsst\u00fccke sauber und makellos bleiben. Sie l\u00e4sst sich m\u00fchelos am W\u00e4schest\u00e4nder befestigen und sch\u00fctzt Ihre W\u00e4sche bei Bedarf schnell und [&hellip;]\" \/>\n<meta property=\"og:url\" content=\"https:\/\/shop.bantam.ch\/de\/produkt\/waeschespinne-laun-tree-cvr\/\" \/>\n<meta property=\"og:site_name\" content=\"Bantam Camping AG\" \/>\n<meta property=\"article:modified_time\" content=\"2026-04-17T21:52:32+00:00\" \/>\n<meta name=\"twitter:card\" content=\"summary_large_image\" \/>\n<script type=\"application\/ld+json\" class=\"yoast-schema-graph\">{\"@context\":\"https:\\\/\\\/schema.org\",\"@graph\":[{\"@type\":\"WebPage\",\"@id\":\"https:\\\/\\\/shop.bantam.ch\\\/de\\\/produkt\\\/waeschespinne-laun-tree-cvr\\\/\",\"url\":\"https:\\\/\\\/shop.bantam.ch\\\/de\\\/produkt\\\/waeschespinne-laun-tree-cvr\\\/\",\"name\":\"W\u00e4schespinne Laun-Tree CVR - Bantam Camping AG\",\"isPartOf\":{\"@id\":\"https:\\\/\\\/shop.bantam.ch\\\/de\\\/#website\"},\"primaryImageOfPage\":{\"@id\":\"https:\\\/\\\/shop.bantam.ch\\\/de\\\/produkt\\\/waeschespinne-laun-tree-cvr\\\/#primaryimage\"},\"image\":{\"@id\":\"https:\\\/\\\/shop.bantam.ch\\\/de\\\/produkt\\\/waeschespinne-laun-tree-cvr\\\/#primaryimage\"},\"thumbnailUrl\":\"https:\\\/\\\/shop.bantam.ch\\\/wp-content\\\/uploads\\\/2026\\\/01\\\/Movera-L-9987168100.jpg\",\"datePublished\":\"2026-01-06T16:54:00+00:00\",\"dateModified\":\"2026-04-17T21:52:32+00:00\",\"breadcrumb\":{\"@id\":\"https:\\\/\\\/shop.bantam.ch\\\/de\\\/produkt\\\/waeschespinne-laun-tree-cvr\\\/#breadcrumb\"},\"inLanguage\":\"de\",\"potentialAction\":[{\"@type\":\"ReadAction\",\"target\":[\"https:\\\/\\\/shop.bantam.ch\\\/de\\\/produkt\\\/waeschespinne-laun-tree-cvr\\\/\"]}]},{\"@type\":\"ImageObject\",\"inLanguage\":\"de\",\"@id\":\"https:\\\/\\\/shop.bantam.ch\\\/de\\\/produkt\\\/waeschespinne-laun-tree-cvr\\\/#primaryimage\",\"url\":\"https:\\\/\\\/shop.bantam.ch\\\/wp-content\\\/uploads\\\/2026\\\/01\\\/Movera-L-9987168100.jpg\",\"contentUrl\":\"https:\\\/\\\/shop.bantam.ch\\\/wp-content\\\/uploads\\\/2026\\\/01\\\/Movera-L-9987168100.jpg\",\"width\":640,\"height\":743},{\"@type\":\"BreadcrumbList\",\"@id\":\"https:\\\/\\\/shop.bantam.ch\\\/de\\\/produkt\\\/waeschespinne-laun-tree-cvr\\\/#breadcrumb\",\"itemListElement\":[{\"@type\":\"ListItem\",\"position\":1,\"name\":\"Accueil\",\"item\":\"https:\\\/\\\/shop.bantam.ch\\\/de\\\/\"},{\"@type\":\"ListItem\",\"position\":2,\"name\":\"Shop\",\"item\":\"https:\\\/\\\/shop.bantam.ch\\\/de\\\/shop\\\/\"},{\"@type\":\"ListItem\",\"position\":3,\"name\":\"W\u00e4schespinne Laun-Tree CVR\"}]},{\"@type\":\"WebSite\",\"@id\":\"https:\\\/\\\/shop.bantam.ch\\\/de\\\/#website\",\"url\":\"https:\\\/\\\/shop.bantam.ch\\\/de\\\/\",\"name\":\"Bantam Camping AG\",\"description\":\"\",\"publisher\":{\"@id\":\"https:\\\/\\\/shop.bantam.ch\\\/de\\\/#organization\"},\"inLanguage\":\"de\"},{\"@type\":\"Organization\",\"@id\":\"https:\\\/\\\/shop.bantam.ch\\\/de\\\/#organization\",\"name\":\"Bantam Camping AG\",\"url\":\"https:\\\/\\\/shop.bantam.ch\\\/de\\\/\",\"logo\":{\"@type\":\"ImageObject\",\"inLanguage\":\"de\",\"@id\":\"https:\\\/\\\/shop.bantam.ch\\\/de\\\/#\\\/schema\\\/logo\\\/image\\\/\",\"url\":\"https:\\\/\\\/shop.bantam.ch\\\/wp-content\\\/uploads\\\/2022\\\/12\\\/bantam-logo.png\",\"contentUrl\":\"https:\\\/\\\/shop.bantam.ch\\\/wp-content\\\/uploads\\\/2022\\\/12\\\/bantam-logo.png\",\"width\":320,\"height\":71,\"caption\":\"Bantam Camping AG\"},\"image\":{\"@id\":\"https:\\\/\\\/shop.bantam.ch\\\/de\\\/#\\\/schema\\\/logo\\\/image\\\/\"}}]}<\/script>\n<!-- \/ Yoast SEO plugin. -->","yoast_head_json":{"title":"W\u00e4schespinne Laun-Tree CVR - Bantam Camping AG","robots":{"index":"index","follow":"follow","max-snippet":"max-snippet:-1","max-image-preview":"max-image-preview:large","max-video-preview":"max-video-preview:-1"},"canonical":"https:\/\/shop.bantam.ch\/de\/produkt\/waeschespinne-laun-tree-cvr\/","og_locale":"de_DE","og_type":"article","og_title":"W\u00e4schespinne Laun-Tree CVR - Bantam Camping AG","og_description":"Die Brunner W\u00e4schest\u00e4nder-Kollektion wird um eine neue Variante erweitert: Ein 4-armiges Modell mit einer praktischen Abdeckplane aus Polyester, die wirksamen Schutz vor Baumabsonderungen, Vogelkot und leichtem Regen bietet und daf\u00fcr sorgt, dass die frisch gewaschenen Kleidungsst\u00fccke sauber und makellos bleiben. Sie l\u00e4sst sich m\u00fchelos am W\u00e4schest\u00e4nder befestigen und sch\u00fctzt Ihre W\u00e4sche bei Bedarf schnell und [&hellip;]","og_url":"https:\/\/shop.bantam.ch\/de\/produkt\/waeschespinne-laun-tree-cvr\/","og_site_name":"Bantam Camping AG","article_modified_time":"2026-04-17T21:52:32+00:00","twitter_card":"summary_large_image","schema":{"@context":"https:\/\/schema.org","@graph":[{"@type":"WebPage","@id":"https:\/\/shop.bantam.ch\/de\/produkt\/waeschespinne-laun-tree-cvr\/","url":"https:\/\/shop.bantam.ch\/de\/produkt\/waeschespinne-laun-tree-cvr\/","name":"W\u00e4schespinne Laun-Tree CVR - Bantam Camping AG","isPartOf":{"@id":"https:\/\/shop.bantam.ch\/de\/#website"},"primaryImageOfPage":{"@id":"https:\/\/shop.bantam.ch\/de\/produkt\/waeschespinne-laun-tree-cvr\/#primaryimage"},"image":{"@id":"https:\/\/shop.bantam.ch\/de\/produkt\/waeschespinne-laun-tree-cvr\/#primaryimage"},"thumbnailUrl":"https:\/\/shop.bantam.ch\/wp-content\/uploads\/2026\/01\/Movera-L-9987168100.jpg","datePublished":"2026-01-06T16:54:00+00:00","dateModified":"2026-04-17T21:52:32+00:00","breadcrumb":{"@id":"https:\/\/shop.bantam.ch\/de\/produkt\/waeschespinne-laun-tree-cvr\/#breadcrumb"},"inLanguage":"de","potentialAction":[{"@type":"ReadAction","target":["https:\/\/shop.bantam.ch\/de\/produkt\/waeschespinne-laun-tree-cvr\/"]}]},{"@type":"ImageObject","inLanguage":"de","@id":"https:\/\/shop.bantam.ch\/de\/produkt\/waeschespinne-laun-tree-cvr\/#primaryimage","url":"https:\/\/shop.bantam.ch\/wp-content\/uploads\/2026\/01\/Movera-L-9987168100.jpg","contentUrl":"https:\/\/shop.bantam.ch\/wp-content\/uploads\/2026\/01\/Movera-L-9987168100.jpg","width":640,"height":743},{"@type":"BreadcrumbList","@id":"https:\/\/shop.bantam.ch\/de\/produkt\/waeschespinne-laun-tree-cvr\/#breadcrumb","itemListElement":[{"@type":"ListItem","position":1,"name":"Accueil","item":"https:\/\/shop.bantam.ch\/de\/"},{"@type":"ListItem","position":2,"name":"Shop","item":"https:\/\/shop.bantam.ch\/de\/shop\/"},{"@type":"ListItem","position":3,"name":"W\u00e4schespinne Laun-Tree CVR"}]},{"@type":"WebSite","@id":"https:\/\/shop.bantam.ch\/de\/#website","url":"https:\/\/shop.bantam.ch\/de\/","name":"Bantam Camping AG","description":"","publisher":{"@id":"https:\/\/shop.bantam.ch\/de\/#organization"},"inLanguage":"de"},{"@type":"Organization","@id":"https:\/\/shop.bantam.ch\/de\/#organization","name":"Bantam Camping AG","url":"https:\/\/shop.bantam.ch\/de\/","logo":{"@type":"ImageObject","inLanguage":"de","@id":"https:\/\/shop.bantam.ch\/de\/#\/schema\/logo\/image\/","url":"https:\/\/shop.bantam.ch\/wp-content\/uploads\/2022\/12\/bantam-logo.png","contentUrl":"https:\/\/shop.bantam.ch\/wp-content\/uploads\/2022\/12\/bantam-logo.png","width":320,"height":71,"caption":"Bantam Camping AG"},"image":{"@id":"https:\/\/shop.bantam.ch\/de\/#\/schema\/logo\/image\/"}}]}},"_links":{"self":[{"href":"https:\/\/shop.bantam.ch\/de\/wp-json\/wp\/v2\/product\/231164","targetHints":{"allow":["GET"]}}],"collection":[{"href":"https:\/\/shop.bantam.ch\/de\/wp-json\/wp\/v2\/product"}],"about":[{"href":"https:\/\/shop.bantam.ch\/de\/wp-json\/wp\/v2\/types\/product"}],"wp:featuredmedia":[{"embeddable":true,"href":"https:\/\/shop.bantam.ch\/de\/wp-json\/wp\/v2\/media\/231160"}],"wp:attachment":[{"href":"https:\/\/shop.bantam.ch\/de\/wp-json\/wp\/v2\/media?parent=231164"}],"wp:term":[{"taxonomy":"product_featured_cat","embeddable":true,"href":"https:\/\/shop.bantam.ch\/de\/wp-json\/wp\/v2\/product_featured_cat?post=231164"},{"taxonomy":"product_brand","embeddable":true,"href":"https:\/\/shop.bantam.ch\/de\/wp-json\/wp\/v2\/product_brand?post=231164"},{"taxonomy":"product_cat","embeddable":true,"href":"https:\/\/shop.bantam.ch\/de\/wp-json\/wp\/v2\/product_cat?post=231164"},{"taxonomy":"product_tag","embeddable":true,"href":"https:\/\/shop.bantam.ch\/de\/wp-json\/wp\/v2\/product_tag?post=231164"}],"curies":[{"name":"wp","href":"https:\/\/api.w.org\/{rel}","templated":true}]}}