{"id":231132,"date":"2026-01-06T17:52:54","date_gmt":"2026-01-06T16:52:54","guid":{"rendered":"https:\/\/shop.bantam.ch\/produit\/geschirrset-all-inclusive-trilogy-36-tlg\/"},"modified":"2026-04-18T02:41:19","modified_gmt":"2026-04-18T00:41:19","slug":"geschirrset-all-inclusive-trilogy-36-tlg","status":"publish","type":"product","link":"https:\/\/shop.bantam.ch\/de\/produkt\/geschirrset-all-inclusive-trilogy-36-tlg\/","title":{"rendered":"Geschirrset All Inclusive Trilogy, 36-tlg."},"content":{"rendered":"<p>Das Trilogy All Inclusive Geschirrset bietet eine umfassende Campingausstattung. Es besteht aus 36 Teilen f\u00fcr 4 Personen und zeichnet sich durch die Langlebigkeit von Stonetouch-Melamin aus \u2013 einem sto\u00dffesten, pflegeleichten, hitze- und feuchtigkeitsbest\u00e4ndigen, geruchs- und geschmackneutralen Material. Zudem sind die Geschirrteile f\u00fcr die Sp\u00fclmaschine und den Gefrierschrank geeignet.<br \/>\nDie Trilogy-Kollektion besteht aus einer speziellen Materialmischung (Melaminharz\/Mineralpulver), die sie bruch- und schlagfest macht. Der Henkelbecher hingegen &nbsp;ist aus farblosem thermoplastischem Resilin gefertigt, das gute mechanische Eigenschaften, chemische Best\u00e4ndigkeit, Korrosions- und Sto\u00dffestigkeit bietet und zudem bis 100\u00b0C (kurzzeitig) temperaturbest\u00e4ndig ist.<br \/>\nEin spezielles rutschfester Gummiring am Tellerboden erh\u00f6ht die Stabilit\u00e4t und verringert Ger\u00e4usche beim Fahren. Das Set umfasst zudem eine praktische, komplett verschlie\u00dfbare Aufbewahrungskiste.<\/p>\n<p>&nbsp;<\/p>\n<p>Bestehend aus:<\/p>\n<p>4 x flache Teller \u00d8 26 cm<\/p>\n<p>4 x tiefe Teller \u00d8 21 cm<\/p>\n<p>4 x Dessertteller \u00d8 21 cm<\/p>\n<p>4 x Henkelbecher 300 ml<\/p>\n<p>4 x Trinkgl\u00e4ser 200 ml<\/p>\n<p>16-tlg. Besteck (Messer, Gabel, L\u00f6ffel und Teel\u00f6ffel)<\/p>\n","protected":false},"excerpt":{"rendered":"<p>Das Trilogy All Inclusive Geschirrset bietet eine umfassende Campingausstattung. Es besteht aus 36 Teilen f\u00fcr 4 Personen und zeichnet sich durch die Langlebigkeit von Stonetouch-Melamin aus \u2013 einem sto\u00dffesten, pflegeleichten, hitze- und feuchtigkeitsbest\u00e4ndigen, geruchs- und geschmackneutralen Material. Zudem sind die Geschirrteile f\u00fcr die Sp\u00fclmaschine und den Gefrierschrank geeignet. Die Trilogy-Kollektion besteht aus einer speziellen Materialmischung [&hellip;]<\/p>\n","protected":false},"featured_media":231128,"template":"","meta":{"_acf_changed":false},"product_featured_cat":[],"product_brand":[],"product_cat":[4274],"product_tag":[],"class_list":{"0":"post-231132","1":"product","2":"type-product","3":"status-publish","4":"has-post-thumbnail","6":"product_cat-geschirrsets","8":"first","9":"instock","10":"taxable","11":"shipping-taxable","12":"purchasable","13":"product-type-variable"},"acf":[],"yoast_head":"<!-- This site is optimized with the Yoast SEO plugin v27.4 - https:\/\/yoast.com\/product\/yoast-seo-wordpress\/ -->\n<title>Geschirrset All Inclusive Trilogy, 36-tlg. - Bantam Camping AG<\/title>\n<meta name=\"robots\" content=\"index, follow, max-snippet:-1, max-image-preview:large, max-video-preview:-1\" \/>\n<link rel=\"canonical\" href=\"https:\/\/shop.bantam.ch\/de\/produkt\/geschirrset-all-inclusive-trilogy-36-tlg\/\" \/>\n<meta property=\"og:locale\" content=\"de_DE\" \/>\n<meta property=\"og:type\" content=\"article\" \/>\n<meta property=\"og:title\" content=\"Geschirrset All Inclusive Trilogy, 36-tlg. - Bantam Camping AG\" \/>\n<meta property=\"og:description\" content=\"Das Trilogy All Inclusive Geschirrset bietet eine umfassende Campingausstattung. Es besteht aus 36 Teilen f\u00fcr 4 Personen und zeichnet sich durch die Langlebigkeit von Stonetouch-Melamin aus \u2013 einem sto\u00dffesten, pflegeleichten, hitze- und feuchtigkeitsbest\u00e4ndigen, geruchs- und geschmackneutralen Material. Zudem sind die Geschirrteile f\u00fcr die Sp\u00fclmaschine und den Gefrierschrank geeignet. Die Trilogy-Kollektion besteht aus einer speziellen Materialmischung [&hellip;]\" \/>\n<meta property=\"og:url\" content=\"https:\/\/shop.bantam.ch\/de\/produkt\/geschirrset-all-inclusive-trilogy-36-tlg\/\" \/>\n<meta property=\"og:site_name\" content=\"Bantam Camping AG\" \/>\n<meta property=\"article:modified_time\" content=\"2026-04-18T00:41:19+00:00\" \/>\n<meta name=\"twitter:card\" content=\"summary_large_image\" \/>\n<meta name=\"twitter:label1\" content=\"Gesch\u00e4tzte Lesezeit\" \/>\n\t<meta name=\"twitter:data1\" content=\"1\u00a0Minute\" \/>\n<script type=\"application\/ld+json\" class=\"yoast-schema-graph\">{\"@context\":\"https:\\\/\\\/schema.org\",\"@graph\":[{\"@type\":\"WebPage\",\"@id\":\"https:\\\/\\\/shop.bantam.ch\\\/de\\\/produkt\\\/geschirrset-all-inclusive-trilogy-36-tlg\\\/\",\"url\":\"https:\\\/\\\/shop.bantam.ch\\\/de\\\/produkt\\\/geschirrset-all-inclusive-trilogy-36-tlg\\\/\",\"name\":\"Geschirrset All Inclusive Trilogy, 36-tlg. - Bantam Camping AG\",\"isPartOf\":{\"@id\":\"https:\\\/\\\/shop.bantam.ch\\\/de\\\/#website\"},\"primaryImageOfPage\":{\"@id\":\"https:\\\/\\\/shop.bantam.ch\\\/de\\\/produkt\\\/geschirrset-all-inclusive-trilogy-36-tlg\\\/#primaryimage\"},\"image\":{\"@id\":\"https:\\\/\\\/shop.bantam.ch\\\/de\\\/produkt\\\/geschirrset-all-inclusive-trilogy-36-tlg\\\/#primaryimage\"},\"thumbnailUrl\":\"https:\\\/\\\/shop.bantam.ch\\\/wp-content\\\/uploads\\\/2026\\\/01\\\/Movera-L-9987158100.jpg\",\"datePublished\":\"2026-01-06T16:52:54+00:00\",\"dateModified\":\"2026-04-18T00:41:19+00:00\",\"breadcrumb\":{\"@id\":\"https:\\\/\\\/shop.bantam.ch\\\/de\\\/produkt\\\/geschirrset-all-inclusive-trilogy-36-tlg\\\/#breadcrumb\"},\"inLanguage\":\"de\",\"potentialAction\":[{\"@type\":\"ReadAction\",\"target\":[\"https:\\\/\\\/shop.bantam.ch\\\/de\\\/produkt\\\/geschirrset-all-inclusive-trilogy-36-tlg\\\/\"]}]},{\"@type\":\"ImageObject\",\"inLanguage\":\"de\",\"@id\":\"https:\\\/\\\/shop.bantam.ch\\\/de\\\/produkt\\\/geschirrset-all-inclusive-trilogy-36-tlg\\\/#primaryimage\",\"url\":\"https:\\\/\\\/shop.bantam.ch\\\/wp-content\\\/uploads\\\/2026\\\/01\\\/Movera-L-9987158100.jpg\",\"contentUrl\":\"https:\\\/\\\/shop.bantam.ch\\\/wp-content\\\/uploads\\\/2026\\\/01\\\/Movera-L-9987158100.jpg\",\"width\":640,\"height\":395},{\"@type\":\"BreadcrumbList\",\"@id\":\"https:\\\/\\\/shop.bantam.ch\\\/de\\\/produkt\\\/geschirrset-all-inclusive-trilogy-36-tlg\\\/#breadcrumb\",\"itemListElement\":[{\"@type\":\"ListItem\",\"position\":1,\"name\":\"Accueil\",\"item\":\"https:\\\/\\\/shop.bantam.ch\\\/de\\\/\"},{\"@type\":\"ListItem\",\"position\":2,\"name\":\"Shop\",\"item\":\"https:\\\/\\\/shop.bantam.ch\\\/de\\\/shop\\\/\"},{\"@type\":\"ListItem\",\"position\":3,\"name\":\"Geschirrset All Inclusive Trilogy, 36-tlg.\"}]},{\"@type\":\"WebSite\",\"@id\":\"https:\\\/\\\/shop.bantam.ch\\\/de\\\/#website\",\"url\":\"https:\\\/\\\/shop.bantam.ch\\\/de\\\/\",\"name\":\"Bantam Camping AG\",\"description\":\"\",\"publisher\":{\"@id\":\"https:\\\/\\\/shop.bantam.ch\\\/de\\\/#organization\"},\"inLanguage\":\"de\"},{\"@type\":\"Organization\",\"@id\":\"https:\\\/\\\/shop.bantam.ch\\\/de\\\/#organization\",\"name\":\"Bantam Camping AG\",\"url\":\"https:\\\/\\\/shop.bantam.ch\\\/de\\\/\",\"logo\":{\"@type\":\"ImageObject\",\"inLanguage\":\"de\",\"@id\":\"https:\\\/\\\/shop.bantam.ch\\\/de\\\/#\\\/schema\\\/logo\\\/image\\\/\",\"url\":\"https:\\\/\\\/shop.bantam.ch\\\/wp-content\\\/uploads\\\/2022\\\/12\\\/bantam-logo.png\",\"contentUrl\":\"https:\\\/\\\/shop.bantam.ch\\\/wp-content\\\/uploads\\\/2022\\\/12\\\/bantam-logo.png\",\"width\":320,\"height\":71,\"caption\":\"Bantam Camping AG\"},\"image\":{\"@id\":\"https:\\\/\\\/shop.bantam.ch\\\/de\\\/#\\\/schema\\\/logo\\\/image\\\/\"}}]}<\/script>\n<!-- \/ Yoast SEO plugin. -->","yoast_head_json":{"title":"Geschirrset All Inclusive Trilogy, 36-tlg. - Bantam Camping AG","robots":{"index":"index","follow":"follow","max-snippet":"max-snippet:-1","max-image-preview":"max-image-preview:large","max-video-preview":"max-video-preview:-1"},"canonical":"https:\/\/shop.bantam.ch\/de\/produkt\/geschirrset-all-inclusive-trilogy-36-tlg\/","og_locale":"de_DE","og_type":"article","og_title":"Geschirrset All Inclusive Trilogy, 36-tlg. - Bantam Camping AG","og_description":"Das Trilogy All Inclusive Geschirrset bietet eine umfassende Campingausstattung. Es besteht aus 36 Teilen f\u00fcr 4 Personen und zeichnet sich durch die Langlebigkeit von Stonetouch-Melamin aus \u2013 einem sto\u00dffesten, pflegeleichten, hitze- und feuchtigkeitsbest\u00e4ndigen, geruchs- und geschmackneutralen Material. Zudem sind die Geschirrteile f\u00fcr die Sp\u00fclmaschine und den Gefrierschrank geeignet. Die Trilogy-Kollektion besteht aus einer speziellen Materialmischung [&hellip;]","og_url":"https:\/\/shop.bantam.ch\/de\/produkt\/geschirrset-all-inclusive-trilogy-36-tlg\/","og_site_name":"Bantam Camping AG","article_modified_time":"2026-04-18T00:41:19+00:00","twitter_card":"summary_large_image","twitter_misc":{"Gesch\u00e4tzte Lesezeit":"1\u00a0Minute"},"schema":{"@context":"https:\/\/schema.org","@graph":[{"@type":"WebPage","@id":"https:\/\/shop.bantam.ch\/de\/produkt\/geschirrset-all-inclusive-trilogy-36-tlg\/","url":"https:\/\/shop.bantam.ch\/de\/produkt\/geschirrset-all-inclusive-trilogy-36-tlg\/","name":"Geschirrset All Inclusive Trilogy, 36-tlg. - Bantam Camping AG","isPartOf":{"@id":"https:\/\/shop.bantam.ch\/de\/#website"},"primaryImageOfPage":{"@id":"https:\/\/shop.bantam.ch\/de\/produkt\/geschirrset-all-inclusive-trilogy-36-tlg\/#primaryimage"},"image":{"@id":"https:\/\/shop.bantam.ch\/de\/produkt\/geschirrset-all-inclusive-trilogy-36-tlg\/#primaryimage"},"thumbnailUrl":"https:\/\/shop.bantam.ch\/wp-content\/uploads\/2026\/01\/Movera-L-9987158100.jpg","datePublished":"2026-01-06T16:52:54+00:00","dateModified":"2026-04-18T00:41:19+00:00","breadcrumb":{"@id":"https:\/\/shop.bantam.ch\/de\/produkt\/geschirrset-all-inclusive-trilogy-36-tlg\/#breadcrumb"},"inLanguage":"de","potentialAction":[{"@type":"ReadAction","target":["https:\/\/shop.bantam.ch\/de\/produkt\/geschirrset-all-inclusive-trilogy-36-tlg\/"]}]},{"@type":"ImageObject","inLanguage":"de","@id":"https:\/\/shop.bantam.ch\/de\/produkt\/geschirrset-all-inclusive-trilogy-36-tlg\/#primaryimage","url":"https:\/\/shop.bantam.ch\/wp-content\/uploads\/2026\/01\/Movera-L-9987158100.jpg","contentUrl":"https:\/\/shop.bantam.ch\/wp-content\/uploads\/2026\/01\/Movera-L-9987158100.jpg","width":640,"height":395},{"@type":"BreadcrumbList","@id":"https:\/\/shop.bantam.ch\/de\/produkt\/geschirrset-all-inclusive-trilogy-36-tlg\/#breadcrumb","itemListElement":[{"@type":"ListItem","position":1,"name":"Accueil","item":"https:\/\/shop.bantam.ch\/de\/"},{"@type":"ListItem","position":2,"name":"Shop","item":"https:\/\/shop.bantam.ch\/de\/shop\/"},{"@type":"ListItem","position":3,"name":"Geschirrset All Inclusive Trilogy, 36-tlg."}]},{"@type":"WebSite","@id":"https:\/\/shop.bantam.ch\/de\/#website","url":"https:\/\/shop.bantam.ch\/de\/","name":"Bantam Camping AG","description":"","publisher":{"@id":"https:\/\/shop.bantam.ch\/de\/#organization"},"inLanguage":"de"},{"@type":"Organization","@id":"https:\/\/shop.bantam.ch\/de\/#organization","name":"Bantam Camping AG","url":"https:\/\/shop.bantam.ch\/de\/","logo":{"@type":"ImageObject","inLanguage":"de","@id":"https:\/\/shop.bantam.ch\/de\/#\/schema\/logo\/image\/","url":"https:\/\/shop.bantam.ch\/wp-content\/uploads\/2022\/12\/bantam-logo.png","contentUrl":"https:\/\/shop.bantam.ch\/wp-content\/uploads\/2022\/12\/bantam-logo.png","width":320,"height":71,"caption":"Bantam Camping AG"},"image":{"@id":"https:\/\/shop.bantam.ch\/de\/#\/schema\/logo\/image\/"}}]}},"_links":{"self":[{"href":"https:\/\/shop.bantam.ch\/de\/wp-json\/wp\/v2\/product\/231132","targetHints":{"allow":["GET"]}}],"collection":[{"href":"https:\/\/shop.bantam.ch\/de\/wp-json\/wp\/v2\/product"}],"about":[{"href":"https:\/\/shop.bantam.ch\/de\/wp-json\/wp\/v2\/types\/product"}],"wp:featuredmedia":[{"embeddable":true,"href":"https:\/\/shop.bantam.ch\/de\/wp-json\/wp\/v2\/media\/231128"}],"wp:attachment":[{"href":"https:\/\/shop.bantam.ch\/de\/wp-json\/wp\/v2\/media?parent=231132"}],"wp:term":[{"taxonomy":"product_featured_cat","embeddable":true,"href":"https:\/\/shop.bantam.ch\/de\/wp-json\/wp\/v2\/product_featured_cat?post=231132"},{"taxonomy":"product_brand","embeddable":true,"href":"https:\/\/shop.bantam.ch\/de\/wp-json\/wp\/v2\/product_brand?post=231132"},{"taxonomy":"product_cat","embeddable":true,"href":"https:\/\/shop.bantam.ch\/de\/wp-json\/wp\/v2\/product_cat?post=231132"},{"taxonomy":"product_tag","embeddable":true,"href":"https:\/\/shop.bantam.ch\/de\/wp-json\/wp\/v2\/product_tag?post=231132"}],"curies":[{"name":"wp","href":"https:\/\/api.w.org\/{rel}","templated":true}]}}