{"id":231094,"date":"2026-01-06T17:51:32","date_gmt":"2026-01-06T16:51:32","guid":{"rendered":"https:\/\/shop.bantam.ch\/produit\/bluetooth-connect-2\/"},"modified":"2026-05-11T23:49:59","modified_gmt":"2026-05-11T21:49:59","slug":"bluetooth-connect-2","status":"publish","type":"product","link":"https:\/\/shop.bantam.ch\/de\/produkt\/bluetooth-connect-2\/","title":{"rendered":"Bluetooth-Connect"},"content":{"rendered":"<p>Komfortabel alle fernsteuerbaren Funktionen der WiPro III (safe.lock) mit dem Smartphone bedienen: das geht mit BT-connect. Kopple Dein Smartphone mit Deiner Alarmanlage und bediene sie im Nahbereich via Bluetooth. Mit BT-connect k\u00f6nnen auch andere berechtigte Nutzer die Anlage jederzeit bequem scharf- oder unscharfschalten. Ist eine WiPro III safe.lock installiert, l\u00e4sst sich das Fahrzeug au\u00dferdem ohne Fahrzeugschl\u00fcssel und Funk-Handsender ver- und entriegeln. Eingebunden werden kann BT-connect auch bei bereits verbautem Ortungssystem Pro-Finder.<\/p>\n<p>Steuerung mit Smartwatch<br \/>\nBT-connect erm\u00f6glicht es au\u00dferdem, Dein THITRONIK\u00ae Sicherheitssystem mit Ihrer Smartwatch kommunizieren zu lassen. Dazu muss auf der Uhr die aktuelle THITRONIK\u00ae App installiert sein. \u00dcber dieses Widget ist es m\u00f6glich, die Alarmanlage per Tastendruck auf der Uhr scharf- oder unscharfzuschalten und mit der WiPro III safe.lock das Fahrzeug zu verriegeln oder zu \u00f6ffnen.<\/p>\n<p>Smartwatch statt Funkschl\u00fcssel<br \/>\nWer sich also zum Schwimmen, Biken, Wandern, Klettern oder sonst einer Freizeitaktivit\u00e4t aufmacht, muss weder Funkschl\u00fcssel noch Smartphone mitnehmen. Es ist also nicht mehr notwendig, den Schl\u00fcssel aufw\u00e4ndig am Strand zu verstecken, wenn man zum Schwimmen oder Surfen ins Wasser m\u00f6chte. Auch im Fahrzeug kann die Smartwatch die Aufgabe des Funkschl\u00fcssels \u00fcbernehmen \u2013 zum Beispiel, wenn Sie abends vom Bett aus das Fahrzeug verriegeln m\u00f6chten.<\/p>\n<p>Dar\u00fcber hinaus kann man im Krisenfall durch Dr\u00fccken einer Taste auf der Uhr den Panikalarm ausl\u00f6sen.<\/p>\n<ul>\n<li>Funk-Verbindung: Bluetooth\u00ae 5.0 low energy<\/li>\n<li>Funk-Reichweite (Freifeld): max. 50 m<\/li>\n<li>Anzahl Koppelbare Ger\u00e4te: 9<\/li>\n<li>Schnittstelle: 2 x RJ10 (Eingang f\u00fcr WiPro III (safe.lock) und Pro-finder)<\/li>\n<li>Stromverbrauch: &lt;1,5 mA<\/li>\n<\/ul>\n<p>Lieferumfang<br \/>\nBT-connect<br \/>\nAnschlusskabel<br \/>\nMontagematerial<br \/>\nBedienungsanleitung<br \/>\n&nbsp;<\/p>\n","protected":false},"excerpt":{"rendered":"<p>Komfortabel alle fernsteuerbaren Funktionen der WiPro III (safe.lock) mit dem Smartphone bedienen: das geht mit BT-connect. Kopple Dein Smartphone mit Deiner Alarmanlage und bediene sie im Nahbereich via Bluetooth. Mit BT-connect k\u00f6nnen auch andere berechtigte Nutzer die Anlage jederzeit bequem scharf- oder unscharfschalten. Ist eine WiPro III safe.lock installiert, l\u00e4sst sich das Fahrzeug au\u00dferdem ohne [&hellip;]<\/p>\n","protected":false},"featured_media":231092,"template":"","meta":{"_acf_changed":false},"product_featured_cat":[],"product_brand":[],"product_cat":[5052],"product_tag":[],"class_list":{"0":"post-231094","1":"product","2":"type-product","3":"status-publish","4":"has-post-thumbnail","6":"product_cat-alarmanlagen","8":"first","9":"instock","10":"taxable","11":"shipping-taxable","12":"purchasable","13":"product-type-simple"},"acf":[],"yoast_head":"<!-- This site is optimized with the Yoast SEO plugin v27.5 - https:\/\/yoast.com\/product\/yoast-seo-wordpress\/ -->\n<title>Bluetooth-Connect - Bantam<\/title>\n<meta name=\"robots\" content=\"index, follow, max-snippet:-1, max-image-preview:large, max-video-preview:-1\" \/>\n<link rel=\"canonical\" href=\"https:\/\/shop.bantam.ch\/de\/produkt\/bluetooth-connect-2\/\" \/>\n<meta property=\"og:locale\" content=\"de_DE\" \/>\n<meta property=\"og:type\" content=\"article\" \/>\n<meta property=\"og:title\" content=\"Bluetooth-Connect - Bantam\" \/>\n<meta property=\"og:description\" content=\"Komfortabel alle fernsteuerbaren Funktionen der WiPro III (safe.lock) mit dem Smartphone bedienen: das geht mit BT-connect. Kopple Dein Smartphone mit Deiner Alarmanlage und bediene sie im Nahbereich via Bluetooth. Mit BT-connect k\u00f6nnen auch andere berechtigte Nutzer die Anlage jederzeit bequem scharf- oder unscharfschalten. Ist eine WiPro III safe.lock installiert, l\u00e4sst sich das Fahrzeug au\u00dferdem ohne [&hellip;]\" \/>\n<meta property=\"og:url\" content=\"https:\/\/shop.bantam.ch\/de\/produkt\/bluetooth-connect-2\/\" \/>\n<meta property=\"og:site_name\" content=\"Bantam\" \/>\n<meta property=\"article:modified_time\" content=\"2026-05-11T21:49:59+00:00\" \/>\n<meta name=\"twitter:card\" content=\"summary_large_image\" \/>\n<meta name=\"twitter:label1\" content=\"Gesch\u00e4tzte Lesezeit\" \/>\n\t<meta name=\"twitter:data1\" content=\"1\u00a0Minute\" \/>\n<script type=\"application\/ld+json\" class=\"yoast-schema-graph\">{\"@context\":\"https:\\\/\\\/schema.org\",\"@graph\":[{\"@type\":\"WebPage\",\"@id\":\"https:\\\/\\\/shop.bantam.ch\\\/de\\\/produkt\\\/bluetooth-connect-2\\\/\",\"url\":\"https:\\\/\\\/shop.bantam.ch\\\/de\\\/produkt\\\/bluetooth-connect-2\\\/\",\"name\":\"Bluetooth-Connect - Bantam\",\"isPartOf\":{\"@id\":\"https:\\\/\\\/shop.bantam.ch\\\/de\\\/#website\"},\"primaryImageOfPage\":{\"@id\":\"https:\\\/\\\/shop.bantam.ch\\\/de\\\/produkt\\\/bluetooth-connect-2\\\/#primaryimage\"},\"image\":{\"@id\":\"https:\\\/\\\/shop.bantam.ch\\\/de\\\/produkt\\\/bluetooth-connect-2\\\/#primaryimage\"},\"thumbnailUrl\":\"https:\\\/\\\/shop.bantam.ch\\\/wp-content\\\/uploads\\\/2026\\\/01\\\/Movera-L-9985262100.jpg\",\"datePublished\":\"2026-01-06T16:51:32+00:00\",\"dateModified\":\"2026-05-11T21:49:59+00:00\",\"breadcrumb\":{\"@id\":\"https:\\\/\\\/shop.bantam.ch\\\/de\\\/produkt\\\/bluetooth-connect-2\\\/#breadcrumb\"},\"inLanguage\":\"de\",\"potentialAction\":[{\"@type\":\"ReadAction\",\"target\":[\"https:\\\/\\\/shop.bantam.ch\\\/de\\\/produkt\\\/bluetooth-connect-2\\\/\"]}]},{\"@type\":\"ImageObject\",\"inLanguage\":\"de\",\"@id\":\"https:\\\/\\\/shop.bantam.ch\\\/de\\\/produkt\\\/bluetooth-connect-2\\\/#primaryimage\",\"url\":\"https:\\\/\\\/shop.bantam.ch\\\/wp-content\\\/uploads\\\/2026\\\/01\\\/Movera-L-9985262100.jpg\",\"contentUrl\":\"https:\\\/\\\/shop.bantam.ch\\\/wp-content\\\/uploads\\\/2026\\\/01\\\/Movera-L-9985262100.jpg\",\"width\":640,\"height\":406},{\"@type\":\"BreadcrumbList\",\"@id\":\"https:\\\/\\\/shop.bantam.ch\\\/de\\\/produkt\\\/bluetooth-connect-2\\\/#breadcrumb\",\"itemListElement\":[{\"@type\":\"ListItem\",\"position\":1,\"name\":\"Accueil\",\"item\":\"https:\\\/\\\/shop.bantam.ch\\\/de\\\/\"},{\"@type\":\"ListItem\",\"position\":2,\"name\":\"Shop\",\"item\":\"https:\\\/\\\/shop.bantam.ch\\\/de\\\/shop\\\/\"},{\"@type\":\"ListItem\",\"position\":3,\"name\":\"Bluetooth-Connect\"}]},{\"@type\":\"WebSite\",\"@id\":\"https:\\\/\\\/shop.bantam.ch\\\/de\\\/#website\",\"url\":\"https:\\\/\\\/shop.bantam.ch\\\/de\\\/\",\"name\":\"Bantam\",\"description\":\"\",\"publisher\":{\"@id\":\"https:\\\/\\\/shop.bantam.ch\\\/de\\\/#organization\"},\"inLanguage\":\"de\"},{\"@type\":\"Organization\",\"@id\":\"https:\\\/\\\/shop.bantam.ch\\\/de\\\/#organization\",\"name\":\"Bantam\",\"url\":\"https:\\\/\\\/shop.bantam.ch\\\/de\\\/\",\"logo\":{\"@type\":\"ImageObject\",\"inLanguage\":\"de\",\"@id\":\"https:\\\/\\\/shop.bantam.ch\\\/de\\\/#\\\/schema\\\/logo\\\/image\\\/\",\"url\":\"https:\\\/\\\/shop.bantam.ch\\\/wp-content\\\/uploads\\\/2022\\\/12\\\/bantam-logo.png\",\"contentUrl\":\"https:\\\/\\\/shop.bantam.ch\\\/wp-content\\\/uploads\\\/2022\\\/12\\\/bantam-logo.png\",\"width\":320,\"height\":71,\"caption\":\"Bantam\"},\"image\":{\"@id\":\"https:\\\/\\\/shop.bantam.ch\\\/de\\\/#\\\/schema\\\/logo\\\/image\\\/\"}}]}<\/script>\n<!-- \/ Yoast SEO plugin. -->","yoast_head_json":{"title":"Bluetooth-Connect - Bantam","robots":{"index":"index","follow":"follow","max-snippet":"max-snippet:-1","max-image-preview":"max-image-preview:large","max-video-preview":"max-video-preview:-1"},"canonical":"https:\/\/shop.bantam.ch\/de\/produkt\/bluetooth-connect-2\/","og_locale":"de_DE","og_type":"article","og_title":"Bluetooth-Connect - Bantam","og_description":"Komfortabel alle fernsteuerbaren Funktionen der WiPro III (safe.lock) mit dem Smartphone bedienen: das geht mit BT-connect. Kopple Dein Smartphone mit Deiner Alarmanlage und bediene sie im Nahbereich via Bluetooth. Mit BT-connect k\u00f6nnen auch andere berechtigte Nutzer die Anlage jederzeit bequem scharf- oder unscharfschalten. Ist eine WiPro III safe.lock installiert, l\u00e4sst sich das Fahrzeug au\u00dferdem ohne [&hellip;]","og_url":"https:\/\/shop.bantam.ch\/de\/produkt\/bluetooth-connect-2\/","og_site_name":"Bantam","article_modified_time":"2026-05-11T21:49:59+00:00","twitter_card":"summary_large_image","twitter_misc":{"Gesch\u00e4tzte Lesezeit":"1\u00a0Minute"},"schema":{"@context":"https:\/\/schema.org","@graph":[{"@type":"WebPage","@id":"https:\/\/shop.bantam.ch\/de\/produkt\/bluetooth-connect-2\/","url":"https:\/\/shop.bantam.ch\/de\/produkt\/bluetooth-connect-2\/","name":"Bluetooth-Connect - Bantam","isPartOf":{"@id":"https:\/\/shop.bantam.ch\/de\/#website"},"primaryImageOfPage":{"@id":"https:\/\/shop.bantam.ch\/de\/produkt\/bluetooth-connect-2\/#primaryimage"},"image":{"@id":"https:\/\/shop.bantam.ch\/de\/produkt\/bluetooth-connect-2\/#primaryimage"},"thumbnailUrl":"https:\/\/shop.bantam.ch\/wp-content\/uploads\/2026\/01\/Movera-L-9985262100.jpg","datePublished":"2026-01-06T16:51:32+00:00","dateModified":"2026-05-11T21:49:59+00:00","breadcrumb":{"@id":"https:\/\/shop.bantam.ch\/de\/produkt\/bluetooth-connect-2\/#breadcrumb"},"inLanguage":"de","potentialAction":[{"@type":"ReadAction","target":["https:\/\/shop.bantam.ch\/de\/produkt\/bluetooth-connect-2\/"]}]},{"@type":"ImageObject","inLanguage":"de","@id":"https:\/\/shop.bantam.ch\/de\/produkt\/bluetooth-connect-2\/#primaryimage","url":"https:\/\/shop.bantam.ch\/wp-content\/uploads\/2026\/01\/Movera-L-9985262100.jpg","contentUrl":"https:\/\/shop.bantam.ch\/wp-content\/uploads\/2026\/01\/Movera-L-9985262100.jpg","width":640,"height":406},{"@type":"BreadcrumbList","@id":"https:\/\/shop.bantam.ch\/de\/produkt\/bluetooth-connect-2\/#breadcrumb","itemListElement":[{"@type":"ListItem","position":1,"name":"Accueil","item":"https:\/\/shop.bantam.ch\/de\/"},{"@type":"ListItem","position":2,"name":"Shop","item":"https:\/\/shop.bantam.ch\/de\/shop\/"},{"@type":"ListItem","position":3,"name":"Bluetooth-Connect"}]},{"@type":"WebSite","@id":"https:\/\/shop.bantam.ch\/de\/#website","url":"https:\/\/shop.bantam.ch\/de\/","name":"Bantam","description":"","publisher":{"@id":"https:\/\/shop.bantam.ch\/de\/#organization"},"inLanguage":"de"},{"@type":"Organization","@id":"https:\/\/shop.bantam.ch\/de\/#organization","name":"Bantam","url":"https:\/\/shop.bantam.ch\/de\/","logo":{"@type":"ImageObject","inLanguage":"de","@id":"https:\/\/shop.bantam.ch\/de\/#\/schema\/logo\/image\/","url":"https:\/\/shop.bantam.ch\/wp-content\/uploads\/2022\/12\/bantam-logo.png","contentUrl":"https:\/\/shop.bantam.ch\/wp-content\/uploads\/2022\/12\/bantam-logo.png","width":320,"height":71,"caption":"Bantam"},"image":{"@id":"https:\/\/shop.bantam.ch\/de\/#\/schema\/logo\/image\/"}}]}},"_links":{"self":[{"href":"https:\/\/shop.bantam.ch\/de\/wp-json\/wp\/v2\/product\/231094","targetHints":{"allow":["GET"]}}],"collection":[{"href":"https:\/\/shop.bantam.ch\/de\/wp-json\/wp\/v2\/product"}],"about":[{"href":"https:\/\/shop.bantam.ch\/de\/wp-json\/wp\/v2\/types\/product"}],"wp:featuredmedia":[{"embeddable":true,"href":"https:\/\/shop.bantam.ch\/de\/wp-json\/wp\/v2\/media\/231092"}],"wp:attachment":[{"href":"https:\/\/shop.bantam.ch\/de\/wp-json\/wp\/v2\/media?parent=231094"}],"wp:term":[{"taxonomy":"product_featured_cat","embeddable":true,"href":"https:\/\/shop.bantam.ch\/de\/wp-json\/wp\/v2\/product_featured_cat?post=231094"},{"taxonomy":"product_brand","embeddable":true,"href":"https:\/\/shop.bantam.ch\/de\/wp-json\/wp\/v2\/product_brand?post=231094"},{"taxonomy":"product_cat","embeddable":true,"href":"https:\/\/shop.bantam.ch\/de\/wp-json\/wp\/v2\/product_cat?post=231094"},{"taxonomy":"product_tag","embeddable":true,"href":"https:\/\/shop.bantam.ch\/de\/wp-json\/wp\/v2\/product_tag?post=231094"}],"curies":[{"name":"wp","href":"https:\/\/api.w.org\/{rel}","templated":true}]}}