{"id":231090,"date":"2026-01-06T17:51:24","date_gmt":"2026-01-06T16:51:24","guid":{"rendered":"https:\/\/shop.bantam.ch\/produit\/eierkocher-kompakt-2-0-schwarz-matt\/"},"modified":"2026-05-09T23:53:25","modified_gmt":"2026-05-09T21:53:25","slug":"eierkocher-kompakt-2-0-schwarz-matt","status":"publish","type":"product","link":"https:\/\/shop.bantam.ch\/de\/produkt\/eierkocher-kompakt-2-0-schwarz-matt\/","title":{"rendered":"Eierkocher Kompakt 2.0 schwarz matt"},"content":{"rendered":"<p>Was w\u00e4re ein ausgiebiges Fr\u00fchst\u00fcck ohne Br\u00f6tchen, Obst, M\u00fcsli, Pfannkuchen \u2013 und nat\u00fcrlich perfekt gekochte Eier? Verzichte auf Herd und Kochtopf und hol dir den cleveren GOURMETmaxx Design-Eierkocher f\u00fcr 2 Fr\u00fchst\u00fcckseier. Denn so genie\u00dft du einfach \u00fcberall dort k\u00f6stliche Eier, wo du eine Steckdose findest. Schneller und leichter geht Eierkochen kaum!<\/p>\n<p>F\u00fclle einfach mit dem beigef\u00fcgten Messbecher die optimale Wassermenge f\u00fcr deinen gew\u00fcnschten H\u00e4rtegrad \u2013 weich, mittelhart oder hart \u2013 in den Eierkocher ein, platziere die Eier und starte den Kochvorgang mit nur einem Knopfdruck. Dank transparenter Abdeckhaube mit praktischem Dampfauslass hast du nicht nur den Kochvorgang im Blick, sie verhindert auch einen m\u00f6glichen \u00dcberdruck und sorgt daf\u00fcr, dass deine Fr\u00fchst\u00fcckseier sch\u00f6n gleichm\u00e4\u00dfig kochen. Kleiner Tipp: Piekse die Eier vor dem Kochen mit dem integrierten Eierstecher an. So kannst du das l\u00e4stige Platzen der Schale besser vermeiden.<\/p>\n<p>Wenn du den Signalton h\u00f6rst, kannst du die Eier auch schon herausnehmen. Und die Reinigung? Superleicht! Einfach die entnehmbaren Teile (Deckel, Eierhalter und Messbecher) feucht abwischen oder in die Sp\u00fclmaschine geben. So bleibt dir mehr Zeit zum Genie\u00dfen. Der kompakte GOURMETmaxx Design-Eierkocher f\u00fcr 2 Eier der Gr\u00f6\u00dfe S\u2013XL \u2013 platzsparend verstaubar und ideal geeignet f\u00fcr Campingtouren, Ausfl\u00fcge &amp; Co.<\/p>\n","protected":false},"excerpt":{"rendered":"<p>Was w\u00e4re ein ausgiebiges Fr\u00fchst\u00fcck ohne Br\u00f6tchen, Obst, M\u00fcsli, Pfannkuchen \u2013 und nat\u00fcrlich perfekt gekochte Eier? Verzichte auf Herd und Kochtopf und hol dir den cleveren GOURMETmaxx Design-Eierkocher f\u00fcr 2 Fr\u00fchst\u00fcckseier. Denn so genie\u00dft du einfach \u00fcberall dort k\u00f6stliche Eier, wo du eine Steckdose findest. Schneller und leichter geht Eierkochen kaum! F\u00fclle einfach mit dem [&hellip;]<\/p>\n","protected":false},"featured_media":231084,"template":"","meta":{"_acf_changed":false},"product_featured_cat":[],"product_brand":[],"product_cat":[5148],"product_tag":[],"class_list":{"0":"post-231090","1":"product","2":"type-product","3":"status-publish","4":"has-post-thumbnail","6":"product_cat-weitere-haushaltsgeraete","8":"first","9":"instock","10":"taxable","11":"shipping-taxable","12":"purchasable","13":"product-type-simple"},"acf":[],"yoast_head":"<!-- This site is optimized with the Yoast SEO plugin v27.5 - https:\/\/yoast.com\/product\/yoast-seo-wordpress\/ -->\n<title>Eierkocher Kompakt 2.0 schwarz matt - Bantam<\/title>\n<meta name=\"robots\" content=\"index, follow, max-snippet:-1, max-image-preview:large, max-video-preview:-1\" \/>\n<link rel=\"canonical\" href=\"https:\/\/shop.bantam.ch\/de\/produkt\/eierkocher-kompakt-2-0-schwarz-matt\/\" \/>\n<meta property=\"og:locale\" content=\"de_DE\" \/>\n<meta property=\"og:type\" content=\"article\" \/>\n<meta property=\"og:title\" content=\"Eierkocher Kompakt 2.0 schwarz matt - Bantam\" \/>\n<meta property=\"og:description\" content=\"Was w\u00e4re ein ausgiebiges Fr\u00fchst\u00fcck ohne Br\u00f6tchen, Obst, M\u00fcsli, Pfannkuchen \u2013 und nat\u00fcrlich perfekt gekochte Eier? Verzichte auf Herd und Kochtopf und hol dir den cleveren GOURMETmaxx Design-Eierkocher f\u00fcr 2 Fr\u00fchst\u00fcckseier. Denn so genie\u00dft du einfach \u00fcberall dort k\u00f6stliche Eier, wo du eine Steckdose findest. Schneller und leichter geht Eierkochen kaum! F\u00fclle einfach mit dem [&hellip;]\" \/>\n<meta property=\"og:url\" content=\"https:\/\/shop.bantam.ch\/de\/produkt\/eierkocher-kompakt-2-0-schwarz-matt\/\" \/>\n<meta property=\"og:site_name\" content=\"Bantam\" \/>\n<meta property=\"article:modified_time\" content=\"2026-05-09T21:53:25+00:00\" \/>\n<meta name=\"twitter:card\" content=\"summary_large_image\" \/>\n<meta name=\"twitter:label1\" content=\"Gesch\u00e4tzte Lesezeit\" \/>\n\t<meta name=\"twitter:data1\" content=\"1\u00a0Minute\" \/>\n<script type=\"application\/ld+json\" class=\"yoast-schema-graph\">{\"@context\":\"https:\\\/\\\/schema.org\",\"@graph\":[{\"@type\":\"WebPage\",\"@id\":\"https:\\\/\\\/shop.bantam.ch\\\/de\\\/produkt\\\/eierkocher-kompakt-2-0-schwarz-matt\\\/\",\"url\":\"https:\\\/\\\/shop.bantam.ch\\\/de\\\/produkt\\\/eierkocher-kompakt-2-0-schwarz-matt\\\/\",\"name\":\"Eierkocher Kompakt 2.0 schwarz matt - Bantam\",\"isPartOf\":{\"@id\":\"https:\\\/\\\/shop.bantam.ch\\\/de\\\/#website\"},\"primaryImageOfPage\":{\"@id\":\"https:\\\/\\\/shop.bantam.ch\\\/de\\\/produkt\\\/eierkocher-kompakt-2-0-schwarz-matt\\\/#primaryimage\"},\"image\":{\"@id\":\"https:\\\/\\\/shop.bantam.ch\\\/de\\\/produkt\\\/eierkocher-kompakt-2-0-schwarz-matt\\\/#primaryimage\"},\"thumbnailUrl\":\"https:\\\/\\\/shop.bantam.ch\\\/wp-content\\\/uploads\\\/2026\\\/01\\\/Movera-L-9987142100.jpg\",\"datePublished\":\"2026-01-06T16:51:24+00:00\",\"dateModified\":\"2026-05-09T21:53:25+00:00\",\"breadcrumb\":{\"@id\":\"https:\\\/\\\/shop.bantam.ch\\\/de\\\/produkt\\\/eierkocher-kompakt-2-0-schwarz-matt\\\/#breadcrumb\"},\"inLanguage\":\"de\",\"potentialAction\":[{\"@type\":\"ReadAction\",\"target\":[\"https:\\\/\\\/shop.bantam.ch\\\/de\\\/produkt\\\/eierkocher-kompakt-2-0-schwarz-matt\\\/\"]}]},{\"@type\":\"ImageObject\",\"inLanguage\":\"de\",\"@id\":\"https:\\\/\\\/shop.bantam.ch\\\/de\\\/produkt\\\/eierkocher-kompakt-2-0-schwarz-matt\\\/#primaryimage\",\"url\":\"https:\\\/\\\/shop.bantam.ch\\\/wp-content\\\/uploads\\\/2026\\\/01\\\/Movera-L-9987142100.jpg\",\"contentUrl\":\"https:\\\/\\\/shop.bantam.ch\\\/wp-content\\\/uploads\\\/2026\\\/01\\\/Movera-L-9987142100.jpg\",\"width\":640,\"height\":612},{\"@type\":\"BreadcrumbList\",\"@id\":\"https:\\\/\\\/shop.bantam.ch\\\/de\\\/produkt\\\/eierkocher-kompakt-2-0-schwarz-matt\\\/#breadcrumb\",\"itemListElement\":[{\"@type\":\"ListItem\",\"position\":1,\"name\":\"Accueil\",\"item\":\"https:\\\/\\\/shop.bantam.ch\\\/de\\\/\"},{\"@type\":\"ListItem\",\"position\":2,\"name\":\"Shop\",\"item\":\"https:\\\/\\\/shop.bantam.ch\\\/de\\\/shop\\\/\"},{\"@type\":\"ListItem\",\"position\":3,\"name\":\"Eierkocher Kompakt 2.0 schwarz matt\"}]},{\"@type\":\"WebSite\",\"@id\":\"https:\\\/\\\/shop.bantam.ch\\\/de\\\/#website\",\"url\":\"https:\\\/\\\/shop.bantam.ch\\\/de\\\/\",\"name\":\"Bantam\",\"description\":\"\",\"publisher\":{\"@id\":\"https:\\\/\\\/shop.bantam.ch\\\/de\\\/#organization\"},\"inLanguage\":\"de\"},{\"@type\":\"Organization\",\"@id\":\"https:\\\/\\\/shop.bantam.ch\\\/de\\\/#organization\",\"name\":\"Bantam\",\"url\":\"https:\\\/\\\/shop.bantam.ch\\\/de\\\/\",\"logo\":{\"@type\":\"ImageObject\",\"inLanguage\":\"de\",\"@id\":\"https:\\\/\\\/shop.bantam.ch\\\/de\\\/#\\\/schema\\\/logo\\\/image\\\/\",\"url\":\"https:\\\/\\\/shop.bantam.ch\\\/wp-content\\\/uploads\\\/2022\\\/12\\\/bantam-logo.png\",\"contentUrl\":\"https:\\\/\\\/shop.bantam.ch\\\/wp-content\\\/uploads\\\/2022\\\/12\\\/bantam-logo.png\",\"width\":320,\"height\":71,\"caption\":\"Bantam\"},\"image\":{\"@id\":\"https:\\\/\\\/shop.bantam.ch\\\/de\\\/#\\\/schema\\\/logo\\\/image\\\/\"}}]}<\/script>\n<!-- \/ Yoast SEO plugin. -->","yoast_head_json":{"title":"Eierkocher Kompakt 2.0 schwarz matt - Bantam","robots":{"index":"index","follow":"follow","max-snippet":"max-snippet:-1","max-image-preview":"max-image-preview:large","max-video-preview":"max-video-preview:-1"},"canonical":"https:\/\/shop.bantam.ch\/de\/produkt\/eierkocher-kompakt-2-0-schwarz-matt\/","og_locale":"de_DE","og_type":"article","og_title":"Eierkocher Kompakt 2.0 schwarz matt - Bantam","og_description":"Was w\u00e4re ein ausgiebiges Fr\u00fchst\u00fcck ohne Br\u00f6tchen, Obst, M\u00fcsli, Pfannkuchen \u2013 und nat\u00fcrlich perfekt gekochte Eier? Verzichte auf Herd und Kochtopf und hol dir den cleveren GOURMETmaxx Design-Eierkocher f\u00fcr 2 Fr\u00fchst\u00fcckseier. Denn so genie\u00dft du einfach \u00fcberall dort k\u00f6stliche Eier, wo du eine Steckdose findest. Schneller und leichter geht Eierkochen kaum! F\u00fclle einfach mit dem [&hellip;]","og_url":"https:\/\/shop.bantam.ch\/de\/produkt\/eierkocher-kompakt-2-0-schwarz-matt\/","og_site_name":"Bantam","article_modified_time":"2026-05-09T21:53:25+00:00","twitter_card":"summary_large_image","twitter_misc":{"Gesch\u00e4tzte Lesezeit":"1\u00a0Minute"},"schema":{"@context":"https:\/\/schema.org","@graph":[{"@type":"WebPage","@id":"https:\/\/shop.bantam.ch\/de\/produkt\/eierkocher-kompakt-2-0-schwarz-matt\/","url":"https:\/\/shop.bantam.ch\/de\/produkt\/eierkocher-kompakt-2-0-schwarz-matt\/","name":"Eierkocher Kompakt 2.0 schwarz matt - Bantam","isPartOf":{"@id":"https:\/\/shop.bantam.ch\/de\/#website"},"primaryImageOfPage":{"@id":"https:\/\/shop.bantam.ch\/de\/produkt\/eierkocher-kompakt-2-0-schwarz-matt\/#primaryimage"},"image":{"@id":"https:\/\/shop.bantam.ch\/de\/produkt\/eierkocher-kompakt-2-0-schwarz-matt\/#primaryimage"},"thumbnailUrl":"https:\/\/shop.bantam.ch\/wp-content\/uploads\/2026\/01\/Movera-L-9987142100.jpg","datePublished":"2026-01-06T16:51:24+00:00","dateModified":"2026-05-09T21:53:25+00:00","breadcrumb":{"@id":"https:\/\/shop.bantam.ch\/de\/produkt\/eierkocher-kompakt-2-0-schwarz-matt\/#breadcrumb"},"inLanguage":"de","potentialAction":[{"@type":"ReadAction","target":["https:\/\/shop.bantam.ch\/de\/produkt\/eierkocher-kompakt-2-0-schwarz-matt\/"]}]},{"@type":"ImageObject","inLanguage":"de","@id":"https:\/\/shop.bantam.ch\/de\/produkt\/eierkocher-kompakt-2-0-schwarz-matt\/#primaryimage","url":"https:\/\/shop.bantam.ch\/wp-content\/uploads\/2026\/01\/Movera-L-9987142100.jpg","contentUrl":"https:\/\/shop.bantam.ch\/wp-content\/uploads\/2026\/01\/Movera-L-9987142100.jpg","width":640,"height":612},{"@type":"BreadcrumbList","@id":"https:\/\/shop.bantam.ch\/de\/produkt\/eierkocher-kompakt-2-0-schwarz-matt\/#breadcrumb","itemListElement":[{"@type":"ListItem","position":1,"name":"Accueil","item":"https:\/\/shop.bantam.ch\/de\/"},{"@type":"ListItem","position":2,"name":"Shop","item":"https:\/\/shop.bantam.ch\/de\/shop\/"},{"@type":"ListItem","position":3,"name":"Eierkocher Kompakt 2.0 schwarz matt"}]},{"@type":"WebSite","@id":"https:\/\/shop.bantam.ch\/de\/#website","url":"https:\/\/shop.bantam.ch\/de\/","name":"Bantam","description":"","publisher":{"@id":"https:\/\/shop.bantam.ch\/de\/#organization"},"inLanguage":"de"},{"@type":"Organization","@id":"https:\/\/shop.bantam.ch\/de\/#organization","name":"Bantam","url":"https:\/\/shop.bantam.ch\/de\/","logo":{"@type":"ImageObject","inLanguage":"de","@id":"https:\/\/shop.bantam.ch\/de\/#\/schema\/logo\/image\/","url":"https:\/\/shop.bantam.ch\/wp-content\/uploads\/2022\/12\/bantam-logo.png","contentUrl":"https:\/\/shop.bantam.ch\/wp-content\/uploads\/2022\/12\/bantam-logo.png","width":320,"height":71,"caption":"Bantam"},"image":{"@id":"https:\/\/shop.bantam.ch\/de\/#\/schema\/logo\/image\/"}}]}},"_links":{"self":[{"href":"https:\/\/shop.bantam.ch\/de\/wp-json\/wp\/v2\/product\/231090","targetHints":{"allow":["GET"]}}],"collection":[{"href":"https:\/\/shop.bantam.ch\/de\/wp-json\/wp\/v2\/product"}],"about":[{"href":"https:\/\/shop.bantam.ch\/de\/wp-json\/wp\/v2\/types\/product"}],"wp:featuredmedia":[{"embeddable":true,"href":"https:\/\/shop.bantam.ch\/de\/wp-json\/wp\/v2\/media\/231084"}],"wp:attachment":[{"href":"https:\/\/shop.bantam.ch\/de\/wp-json\/wp\/v2\/media?parent=231090"}],"wp:term":[{"taxonomy":"product_featured_cat","embeddable":true,"href":"https:\/\/shop.bantam.ch\/de\/wp-json\/wp\/v2\/product_featured_cat?post=231090"},{"taxonomy":"product_brand","embeddable":true,"href":"https:\/\/shop.bantam.ch\/de\/wp-json\/wp\/v2\/product_brand?post=231090"},{"taxonomy":"product_cat","embeddable":true,"href":"https:\/\/shop.bantam.ch\/de\/wp-json\/wp\/v2\/product_cat?post=231090"},{"taxonomy":"product_tag","embeddable":true,"href":"https:\/\/shop.bantam.ch\/de\/wp-json\/wp\/v2\/product_tag?post=231090"}],"curies":[{"name":"wp","href":"https:\/\/api.w.org\/{rel}","templated":true}]}}