{"id":231082,"date":"2026-01-06T17:51:15","date_gmt":"2026-01-06T16:51:15","guid":{"rendered":"https:\/\/shop.bantam.ch\/produit\/magnet-vacuum-handyhalterung-inkl-magnet-vacuum-patch\/"},"modified":"2026-05-10T23:51:26","modified_gmt":"2026-05-10T21:51:26","slug":"magnet-vacuum-handyhalterung-inkl-magnet-vacuum-patch","status":"publish","type":"product","link":"https:\/\/shop.bantam.ch\/de\/produkt\/magnet-vacuum-handyhalterung-inkl-magnet-vacuum-patch\/","title":{"rendered":"Magnet-VACUUM-Handyhalterung inkl. Magnet-VACUUM-Patch"},"content":{"rendered":"<p>Die Magnet-VACUUM-Handyhalterung von FIDLOCK kann super unkompliziert durch einen Befestigungshaken in den L\u00fcftungslamellen nahezu aller Autos angebracht werden. Die Verbindung wird mithilfe des Feststellrings sicher fixiert. Die Montage ist mit nur wenigen Handgriffen erledigt und das ganz ohne Einsatz von Werkzeugen. Diese super flexible L\u00f6sung ist f\u00fcr alle, die w\u00e4hrend der Fahrt das Smartphone als Navigationsger\u00e4t sicher und zuverl\u00e4ssig im Blick behalten m\u00f6chten. Das Handy kann in alle Richtungen gedreht werden (360\u00b0-Rotation), wobei gleichzeitig eine Kugelrastung unabsichtliches Verdrehen w\u00e4hrend der Fahrt verhindert. Wichtig: Die 3M-Variante ist ausschlie\u00dflich f\u00fcr die Anbringung auf geeigneten Schutzh\u00fcllen vorgesehen \u2013 nicht auf dem Handy selbst. Der nachtr\u00e4glich montierte 3M-Klebepunkt l\u00e4sst sich nicht r\u00fcckstandsfrei entfernen, die Nano-Gel-Funktion ist danach nicht mehr nutzbar.<\/p>\n","protected":false},"excerpt":{"rendered":"<p>Die Magnet-VACUUM-Handyhalterung von FIDLOCK kann super unkompliziert durch einen Befestigungshaken in den L\u00fcftungslamellen nahezu aller Autos angebracht werden. Die Verbindung wird mithilfe des Feststellrings sicher fixiert. Die Montage ist mit nur wenigen Handgriffen erledigt und das ganz ohne Einsatz von Werkzeugen. Diese super flexible L\u00f6sung ist f\u00fcr alle, die w\u00e4hrend der Fahrt das Smartphone als [&hellip;]<\/p>\n","protected":false},"featured_media":231078,"template":"","meta":{"_acf_changed":false},"product_featured_cat":[],"product_brand":[],"product_cat":[4734],"product_tag":[],"class_list":{"0":"post-231082","1":"product","2":"type-product","3":"status-publish","4":"has-post-thumbnail","6":"product_cat-halter-haken","8":"first","9":"instock","10":"taxable","11":"shipping-taxable","12":"purchasable","13":"product-type-simple"},"acf":[],"yoast_head":"<!-- This site is optimized with the Yoast SEO plugin v27.5 - https:\/\/yoast.com\/product\/yoast-seo-wordpress\/ -->\n<title>Magnet-VACUUM-Handyhalterung inkl. Magnet-VACUUM-Patch - Bantam<\/title>\n<meta name=\"robots\" content=\"index, follow, max-snippet:-1, max-image-preview:large, max-video-preview:-1\" \/>\n<link rel=\"canonical\" href=\"https:\/\/shop.bantam.ch\/de\/produkt\/magnet-vacuum-handyhalterung-inkl-magnet-vacuum-patch\/\" \/>\n<meta property=\"og:locale\" content=\"de_DE\" \/>\n<meta property=\"og:type\" content=\"article\" \/>\n<meta property=\"og:title\" content=\"Magnet-VACUUM-Handyhalterung inkl. Magnet-VACUUM-Patch - Bantam\" \/>\n<meta property=\"og:description\" content=\"Die Magnet-VACUUM-Handyhalterung von FIDLOCK kann super unkompliziert durch einen Befestigungshaken in den L\u00fcftungslamellen nahezu aller Autos angebracht werden. Die Verbindung wird mithilfe des Feststellrings sicher fixiert. Die Montage ist mit nur wenigen Handgriffen erledigt und das ganz ohne Einsatz von Werkzeugen. Diese super flexible L\u00f6sung ist f\u00fcr alle, die w\u00e4hrend der Fahrt das Smartphone als [&hellip;]\" \/>\n<meta property=\"og:url\" content=\"https:\/\/shop.bantam.ch\/de\/produkt\/magnet-vacuum-handyhalterung-inkl-magnet-vacuum-patch\/\" \/>\n<meta property=\"og:site_name\" content=\"Bantam\" \/>\n<meta property=\"article:modified_time\" content=\"2026-05-10T21:51:26+00:00\" \/>\n<meta name=\"twitter:card\" content=\"summary_large_image\" \/>\n<meta name=\"twitter:label1\" content=\"Gesch\u00e4tzte Lesezeit\" \/>\n\t<meta name=\"twitter:data1\" content=\"1\u00a0Minute\" \/>\n<script type=\"application\/ld+json\" class=\"yoast-schema-graph\">{\"@context\":\"https:\\\/\\\/schema.org\",\"@graph\":[{\"@type\":\"WebPage\",\"@id\":\"https:\\\/\\\/shop.bantam.ch\\\/de\\\/produkt\\\/magnet-vacuum-handyhalterung-inkl-magnet-vacuum-patch\\\/\",\"url\":\"https:\\\/\\\/shop.bantam.ch\\\/de\\\/produkt\\\/magnet-vacuum-handyhalterung-inkl-magnet-vacuum-patch\\\/\",\"name\":\"Magnet-VACUUM-Handyhalterung inkl. Magnet-VACUUM-Patch - Bantam\",\"isPartOf\":{\"@id\":\"https:\\\/\\\/shop.bantam.ch\\\/de\\\/#website\"},\"primaryImageOfPage\":{\"@id\":\"https:\\\/\\\/shop.bantam.ch\\\/de\\\/produkt\\\/magnet-vacuum-handyhalterung-inkl-magnet-vacuum-patch\\\/#primaryimage\"},\"image\":{\"@id\":\"https:\\\/\\\/shop.bantam.ch\\\/de\\\/produkt\\\/magnet-vacuum-handyhalterung-inkl-magnet-vacuum-patch\\\/#primaryimage\"},\"thumbnailUrl\":\"https:\\\/\\\/shop.bantam.ch\\\/wp-content\\\/uploads\\\/2026\\\/01\\\/Movera-L-9987141100.jpg\",\"datePublished\":\"2026-01-06T16:51:15+00:00\",\"dateModified\":\"2026-05-10T21:51:26+00:00\",\"breadcrumb\":{\"@id\":\"https:\\\/\\\/shop.bantam.ch\\\/de\\\/produkt\\\/magnet-vacuum-handyhalterung-inkl-magnet-vacuum-patch\\\/#breadcrumb\"},\"inLanguage\":\"de\",\"potentialAction\":[{\"@type\":\"ReadAction\",\"target\":[\"https:\\\/\\\/shop.bantam.ch\\\/de\\\/produkt\\\/magnet-vacuum-handyhalterung-inkl-magnet-vacuum-patch\\\/\"]}]},{\"@type\":\"ImageObject\",\"inLanguage\":\"de\",\"@id\":\"https:\\\/\\\/shop.bantam.ch\\\/de\\\/produkt\\\/magnet-vacuum-handyhalterung-inkl-magnet-vacuum-patch\\\/#primaryimage\",\"url\":\"https:\\\/\\\/shop.bantam.ch\\\/wp-content\\\/uploads\\\/2026\\\/01\\\/Movera-L-9987141100.jpg\",\"contentUrl\":\"https:\\\/\\\/shop.bantam.ch\\\/wp-content\\\/uploads\\\/2026\\\/01\\\/Movera-L-9987141100.jpg\",\"width\":640,\"height\":640},{\"@type\":\"BreadcrumbList\",\"@id\":\"https:\\\/\\\/shop.bantam.ch\\\/de\\\/produkt\\\/magnet-vacuum-handyhalterung-inkl-magnet-vacuum-patch\\\/#breadcrumb\",\"itemListElement\":[{\"@type\":\"ListItem\",\"position\":1,\"name\":\"Accueil\",\"item\":\"https:\\\/\\\/shop.bantam.ch\\\/de\\\/\"},{\"@type\":\"ListItem\",\"position\":2,\"name\":\"Shop\",\"item\":\"https:\\\/\\\/shop.bantam.ch\\\/de\\\/shop\\\/\"},{\"@type\":\"ListItem\",\"position\":3,\"name\":\"Magnet-VACUUM-Handyhalterung inkl. Magnet-VACUUM-Patch\"}]},{\"@type\":\"WebSite\",\"@id\":\"https:\\\/\\\/shop.bantam.ch\\\/de\\\/#website\",\"url\":\"https:\\\/\\\/shop.bantam.ch\\\/de\\\/\",\"name\":\"Bantam\",\"description\":\"\",\"publisher\":{\"@id\":\"https:\\\/\\\/shop.bantam.ch\\\/de\\\/#organization\"},\"inLanguage\":\"de\"},{\"@type\":\"Organization\",\"@id\":\"https:\\\/\\\/shop.bantam.ch\\\/de\\\/#organization\",\"name\":\"Bantam\",\"url\":\"https:\\\/\\\/shop.bantam.ch\\\/de\\\/\",\"logo\":{\"@type\":\"ImageObject\",\"inLanguage\":\"de\",\"@id\":\"https:\\\/\\\/shop.bantam.ch\\\/de\\\/#\\\/schema\\\/logo\\\/image\\\/\",\"url\":\"https:\\\/\\\/shop.bantam.ch\\\/wp-content\\\/uploads\\\/2022\\\/12\\\/bantam-logo.png\",\"contentUrl\":\"https:\\\/\\\/shop.bantam.ch\\\/wp-content\\\/uploads\\\/2022\\\/12\\\/bantam-logo.png\",\"width\":320,\"height\":71,\"caption\":\"Bantam\"},\"image\":{\"@id\":\"https:\\\/\\\/shop.bantam.ch\\\/de\\\/#\\\/schema\\\/logo\\\/image\\\/\"}}]}<\/script>\n<!-- \/ Yoast SEO plugin. -->","yoast_head_json":{"title":"Magnet-VACUUM-Handyhalterung inkl. Magnet-VACUUM-Patch - Bantam","robots":{"index":"index","follow":"follow","max-snippet":"max-snippet:-1","max-image-preview":"max-image-preview:large","max-video-preview":"max-video-preview:-1"},"canonical":"https:\/\/shop.bantam.ch\/de\/produkt\/magnet-vacuum-handyhalterung-inkl-magnet-vacuum-patch\/","og_locale":"de_DE","og_type":"article","og_title":"Magnet-VACUUM-Handyhalterung inkl. Magnet-VACUUM-Patch - Bantam","og_description":"Die Magnet-VACUUM-Handyhalterung von FIDLOCK kann super unkompliziert durch einen Befestigungshaken in den L\u00fcftungslamellen nahezu aller Autos angebracht werden. Die Verbindung wird mithilfe des Feststellrings sicher fixiert. Die Montage ist mit nur wenigen Handgriffen erledigt und das ganz ohne Einsatz von Werkzeugen. Diese super flexible L\u00f6sung ist f\u00fcr alle, die w\u00e4hrend der Fahrt das Smartphone als [&hellip;]","og_url":"https:\/\/shop.bantam.ch\/de\/produkt\/magnet-vacuum-handyhalterung-inkl-magnet-vacuum-patch\/","og_site_name":"Bantam","article_modified_time":"2026-05-10T21:51:26+00:00","twitter_card":"summary_large_image","twitter_misc":{"Gesch\u00e4tzte Lesezeit":"1\u00a0Minute"},"schema":{"@context":"https:\/\/schema.org","@graph":[{"@type":"WebPage","@id":"https:\/\/shop.bantam.ch\/de\/produkt\/magnet-vacuum-handyhalterung-inkl-magnet-vacuum-patch\/","url":"https:\/\/shop.bantam.ch\/de\/produkt\/magnet-vacuum-handyhalterung-inkl-magnet-vacuum-patch\/","name":"Magnet-VACUUM-Handyhalterung inkl. Magnet-VACUUM-Patch - Bantam","isPartOf":{"@id":"https:\/\/shop.bantam.ch\/de\/#website"},"primaryImageOfPage":{"@id":"https:\/\/shop.bantam.ch\/de\/produkt\/magnet-vacuum-handyhalterung-inkl-magnet-vacuum-patch\/#primaryimage"},"image":{"@id":"https:\/\/shop.bantam.ch\/de\/produkt\/magnet-vacuum-handyhalterung-inkl-magnet-vacuum-patch\/#primaryimage"},"thumbnailUrl":"https:\/\/shop.bantam.ch\/wp-content\/uploads\/2026\/01\/Movera-L-9987141100.jpg","datePublished":"2026-01-06T16:51:15+00:00","dateModified":"2026-05-10T21:51:26+00:00","breadcrumb":{"@id":"https:\/\/shop.bantam.ch\/de\/produkt\/magnet-vacuum-handyhalterung-inkl-magnet-vacuum-patch\/#breadcrumb"},"inLanguage":"de","potentialAction":[{"@type":"ReadAction","target":["https:\/\/shop.bantam.ch\/de\/produkt\/magnet-vacuum-handyhalterung-inkl-magnet-vacuum-patch\/"]}]},{"@type":"ImageObject","inLanguage":"de","@id":"https:\/\/shop.bantam.ch\/de\/produkt\/magnet-vacuum-handyhalterung-inkl-magnet-vacuum-patch\/#primaryimage","url":"https:\/\/shop.bantam.ch\/wp-content\/uploads\/2026\/01\/Movera-L-9987141100.jpg","contentUrl":"https:\/\/shop.bantam.ch\/wp-content\/uploads\/2026\/01\/Movera-L-9987141100.jpg","width":640,"height":640},{"@type":"BreadcrumbList","@id":"https:\/\/shop.bantam.ch\/de\/produkt\/magnet-vacuum-handyhalterung-inkl-magnet-vacuum-patch\/#breadcrumb","itemListElement":[{"@type":"ListItem","position":1,"name":"Accueil","item":"https:\/\/shop.bantam.ch\/de\/"},{"@type":"ListItem","position":2,"name":"Shop","item":"https:\/\/shop.bantam.ch\/de\/shop\/"},{"@type":"ListItem","position":3,"name":"Magnet-VACUUM-Handyhalterung inkl. Magnet-VACUUM-Patch"}]},{"@type":"WebSite","@id":"https:\/\/shop.bantam.ch\/de\/#website","url":"https:\/\/shop.bantam.ch\/de\/","name":"Bantam","description":"","publisher":{"@id":"https:\/\/shop.bantam.ch\/de\/#organization"},"inLanguage":"de"},{"@type":"Organization","@id":"https:\/\/shop.bantam.ch\/de\/#organization","name":"Bantam","url":"https:\/\/shop.bantam.ch\/de\/","logo":{"@type":"ImageObject","inLanguage":"de","@id":"https:\/\/shop.bantam.ch\/de\/#\/schema\/logo\/image\/","url":"https:\/\/shop.bantam.ch\/wp-content\/uploads\/2022\/12\/bantam-logo.png","contentUrl":"https:\/\/shop.bantam.ch\/wp-content\/uploads\/2022\/12\/bantam-logo.png","width":320,"height":71,"caption":"Bantam"},"image":{"@id":"https:\/\/shop.bantam.ch\/de\/#\/schema\/logo\/image\/"}}]}},"_links":{"self":[{"href":"https:\/\/shop.bantam.ch\/de\/wp-json\/wp\/v2\/product\/231082","targetHints":{"allow":["GET"]}}],"collection":[{"href":"https:\/\/shop.bantam.ch\/de\/wp-json\/wp\/v2\/product"}],"about":[{"href":"https:\/\/shop.bantam.ch\/de\/wp-json\/wp\/v2\/types\/product"}],"wp:featuredmedia":[{"embeddable":true,"href":"https:\/\/shop.bantam.ch\/de\/wp-json\/wp\/v2\/media\/231078"}],"wp:attachment":[{"href":"https:\/\/shop.bantam.ch\/de\/wp-json\/wp\/v2\/media?parent=231082"}],"wp:term":[{"taxonomy":"product_featured_cat","embeddable":true,"href":"https:\/\/shop.bantam.ch\/de\/wp-json\/wp\/v2\/product_featured_cat?post=231082"},{"taxonomy":"product_brand","embeddable":true,"href":"https:\/\/shop.bantam.ch\/de\/wp-json\/wp\/v2\/product_brand?post=231082"},{"taxonomy":"product_cat","embeddable":true,"href":"https:\/\/shop.bantam.ch\/de\/wp-json\/wp\/v2\/product_cat?post=231082"},{"taxonomy":"product_tag","embeddable":true,"href":"https:\/\/shop.bantam.ch\/de\/wp-json\/wp\/v2\/product_tag?post=231082"}],"curies":[{"name":"wp","href":"https:\/\/api.w.org\/{rel}","templated":true}]}}