{"id":231076,"date":"2026-01-06T17:51:05","date_gmt":"2026-01-06T16:51:05","guid":{"rendered":"https:\/\/shop.bantam.ch\/produit\/magnet-vacuum-patch-inkl-vacuum-sticky-base-schwarz\/"},"modified":"2026-05-10T23:51:20","modified_gmt":"2026-05-10T21:51:20","slug":"magnet-vacuum-patch-inkl-vacuum-sticky-base-schwarz","status":"publish","type":"product","link":"https:\/\/shop.bantam.ch\/de\/produkt\/magnet-vacuum-patch-inkl-vacuum-sticky-base-schwarz\/","title":{"rendered":"Magnet-VACUUM-Patch inkl. VACUUM sticky base schwarz"},"content":{"rendered":"<p>Die VACUUM x silwy\u00ae sticky base ist eine Magnet-Handyhalterung f\u00fcr W\u00e4nde. Sie ist f\u00fcr nahezu alle Handys wie auch Tablets oder \u00e4hnliche Ger\u00e4te mit einem Gewicht bis zu 800\u202fg geeignet.&nbsp;<\/p>\n<p>Damit das Handy oder Tablet sicher an der sticky base fixiert werden kann, muss das Magnet-VACUUM-Patch (inkl.) an dem Handy oder Tablet angebracht werden. Das Kraftverh\u00e4ltnis zwischen der sticky base und dem Magnet-VACUUM-Patch ist perfekt ausbalanciert, sodass das Handy oder Tablet einerseits durch die sticky base fixiert, andererseits aber auch leicht von der sticky base abgenommen werden kann. Dank der Noppen an der sticky base l\u00e4sst sich das Handy oder Tablet flexibel in die gew\u00fcnschte Position drehen \u2013 mit 360\u00b0 Bewegungsfreiheit.Wichtig: Die 3M-Variante ist ausschlie\u00dflich f\u00fcr die Anbringung auf geeigneten Schutzh\u00fcllen vorgesehen \u2013 nicht auf dem Handy oder Tablet selbst. Der nachtr\u00e4glich montierte 3M-Klebepunkt l\u00e4sst sich nicht r\u00fcckstandsfrei entfernen, die Nano-Gel-Funktion ist danach nicht mehr nutzbar.<\/p>\n","protected":false},"excerpt":{"rendered":"<p>Die VACUUM x silwy\u00ae sticky base ist eine Magnet-Handyhalterung f\u00fcr W\u00e4nde. Sie ist f\u00fcr nahezu alle Handys wie auch Tablets oder \u00e4hnliche Ger\u00e4te mit einem Gewicht bis zu 800\u202fg geeignet.&nbsp; Damit das Handy oder Tablet sicher an der sticky base fixiert werden kann, muss das Magnet-VACUUM-Patch (inkl.) an dem Handy oder Tablet angebracht werden. Das [&hellip;]<\/p>\n","protected":false},"featured_media":231072,"template":"","meta":{"_acf_changed":false},"product_featured_cat":[],"product_brand":[],"product_cat":[4734],"product_tag":[],"class_list":{"0":"post-231076","1":"product","2":"type-product","3":"status-publish","4":"has-post-thumbnail","6":"product_cat-halter-haken","8":"first","9":"instock","10":"taxable","11":"shipping-taxable","12":"purchasable","13":"product-type-simple"},"acf":[],"yoast_head":"<!-- This site is optimized with the Yoast SEO plugin v27.5 - https:\/\/yoast.com\/product\/yoast-seo-wordpress\/ -->\n<title>Magnet-VACUUM-Patch inkl. VACUUM sticky base schwarz - Bantam<\/title>\n<meta name=\"robots\" content=\"index, follow, max-snippet:-1, max-image-preview:large, max-video-preview:-1\" \/>\n<link rel=\"canonical\" href=\"https:\/\/shop.bantam.ch\/de\/produkt\/magnet-vacuum-patch-inkl-vacuum-sticky-base-schwarz\/\" \/>\n<meta property=\"og:locale\" content=\"de_DE\" \/>\n<meta property=\"og:type\" content=\"article\" \/>\n<meta property=\"og:title\" content=\"Magnet-VACUUM-Patch inkl. VACUUM sticky base schwarz - Bantam\" \/>\n<meta property=\"og:description\" content=\"Die VACUUM x silwy\u00ae sticky base ist eine Magnet-Handyhalterung f\u00fcr W\u00e4nde. Sie ist f\u00fcr nahezu alle Handys wie auch Tablets oder \u00e4hnliche Ger\u00e4te mit einem Gewicht bis zu 800\u202fg geeignet.&nbsp; Damit das Handy oder Tablet sicher an der sticky base fixiert werden kann, muss das Magnet-VACUUM-Patch (inkl.) an dem Handy oder Tablet angebracht werden. Das [&hellip;]\" \/>\n<meta property=\"og:url\" content=\"https:\/\/shop.bantam.ch\/de\/produkt\/magnet-vacuum-patch-inkl-vacuum-sticky-base-schwarz\/\" \/>\n<meta property=\"og:site_name\" content=\"Bantam\" \/>\n<meta property=\"article:modified_time\" content=\"2026-05-10T21:51:20+00:00\" \/>\n<meta name=\"twitter:card\" content=\"summary_large_image\" \/>\n<meta name=\"twitter:label1\" content=\"Gesch\u00e4tzte Lesezeit\" \/>\n\t<meta name=\"twitter:data1\" content=\"1\u00a0Minute\" \/>\n<script type=\"application\/ld+json\" class=\"yoast-schema-graph\">{\"@context\":\"https:\\\/\\\/schema.org\",\"@graph\":[{\"@type\":\"WebPage\",\"@id\":\"https:\\\/\\\/shop.bantam.ch\\\/de\\\/produkt\\\/magnet-vacuum-patch-inkl-vacuum-sticky-base-schwarz\\\/\",\"url\":\"https:\\\/\\\/shop.bantam.ch\\\/de\\\/produkt\\\/magnet-vacuum-patch-inkl-vacuum-sticky-base-schwarz\\\/\",\"name\":\"Magnet-VACUUM-Patch inkl. VACUUM sticky base schwarz - Bantam\",\"isPartOf\":{\"@id\":\"https:\\\/\\\/shop.bantam.ch\\\/de\\\/#website\"},\"primaryImageOfPage\":{\"@id\":\"https:\\\/\\\/shop.bantam.ch\\\/de\\\/produkt\\\/magnet-vacuum-patch-inkl-vacuum-sticky-base-schwarz\\\/#primaryimage\"},\"image\":{\"@id\":\"https:\\\/\\\/shop.bantam.ch\\\/de\\\/produkt\\\/magnet-vacuum-patch-inkl-vacuum-sticky-base-schwarz\\\/#primaryimage\"},\"thumbnailUrl\":\"https:\\\/\\\/shop.bantam.ch\\\/wp-content\\\/uploads\\\/2026\\\/01\\\/Movera-L-9987139100.jpg\",\"datePublished\":\"2026-01-06T16:51:05+00:00\",\"dateModified\":\"2026-05-10T21:51:20+00:00\",\"breadcrumb\":{\"@id\":\"https:\\\/\\\/shop.bantam.ch\\\/de\\\/produkt\\\/magnet-vacuum-patch-inkl-vacuum-sticky-base-schwarz\\\/#breadcrumb\"},\"inLanguage\":\"de\",\"potentialAction\":[{\"@type\":\"ReadAction\",\"target\":[\"https:\\\/\\\/shop.bantam.ch\\\/de\\\/produkt\\\/magnet-vacuum-patch-inkl-vacuum-sticky-base-schwarz\\\/\"]}]},{\"@type\":\"ImageObject\",\"inLanguage\":\"de\",\"@id\":\"https:\\\/\\\/shop.bantam.ch\\\/de\\\/produkt\\\/magnet-vacuum-patch-inkl-vacuum-sticky-base-schwarz\\\/#primaryimage\",\"url\":\"https:\\\/\\\/shop.bantam.ch\\\/wp-content\\\/uploads\\\/2026\\\/01\\\/Movera-L-9987139100.jpg\",\"contentUrl\":\"https:\\\/\\\/shop.bantam.ch\\\/wp-content\\\/uploads\\\/2026\\\/01\\\/Movera-L-9987139100.jpg\",\"width\":640,\"height\":640},{\"@type\":\"BreadcrumbList\",\"@id\":\"https:\\\/\\\/shop.bantam.ch\\\/de\\\/produkt\\\/magnet-vacuum-patch-inkl-vacuum-sticky-base-schwarz\\\/#breadcrumb\",\"itemListElement\":[{\"@type\":\"ListItem\",\"position\":1,\"name\":\"Accueil\",\"item\":\"https:\\\/\\\/shop.bantam.ch\\\/de\\\/\"},{\"@type\":\"ListItem\",\"position\":2,\"name\":\"Shop\",\"item\":\"https:\\\/\\\/shop.bantam.ch\\\/de\\\/shop\\\/\"},{\"@type\":\"ListItem\",\"position\":3,\"name\":\"Magnet-VACUUM-Patch inkl. VACUUM sticky base schwarz\"}]},{\"@type\":\"WebSite\",\"@id\":\"https:\\\/\\\/shop.bantam.ch\\\/de\\\/#website\",\"url\":\"https:\\\/\\\/shop.bantam.ch\\\/de\\\/\",\"name\":\"Bantam\",\"description\":\"\",\"publisher\":{\"@id\":\"https:\\\/\\\/shop.bantam.ch\\\/de\\\/#organization\"},\"inLanguage\":\"de\"},{\"@type\":\"Organization\",\"@id\":\"https:\\\/\\\/shop.bantam.ch\\\/de\\\/#organization\",\"name\":\"Bantam\",\"url\":\"https:\\\/\\\/shop.bantam.ch\\\/de\\\/\",\"logo\":{\"@type\":\"ImageObject\",\"inLanguage\":\"de\",\"@id\":\"https:\\\/\\\/shop.bantam.ch\\\/de\\\/#\\\/schema\\\/logo\\\/image\\\/\",\"url\":\"https:\\\/\\\/shop.bantam.ch\\\/wp-content\\\/uploads\\\/2022\\\/12\\\/bantam-logo.png\",\"contentUrl\":\"https:\\\/\\\/shop.bantam.ch\\\/wp-content\\\/uploads\\\/2022\\\/12\\\/bantam-logo.png\",\"width\":320,\"height\":71,\"caption\":\"Bantam\"},\"image\":{\"@id\":\"https:\\\/\\\/shop.bantam.ch\\\/de\\\/#\\\/schema\\\/logo\\\/image\\\/\"}}]}<\/script>\n<!-- \/ Yoast SEO plugin. -->","yoast_head_json":{"title":"Magnet-VACUUM-Patch inkl. VACUUM sticky base schwarz - Bantam","robots":{"index":"index","follow":"follow","max-snippet":"max-snippet:-1","max-image-preview":"max-image-preview:large","max-video-preview":"max-video-preview:-1"},"canonical":"https:\/\/shop.bantam.ch\/de\/produkt\/magnet-vacuum-patch-inkl-vacuum-sticky-base-schwarz\/","og_locale":"de_DE","og_type":"article","og_title":"Magnet-VACUUM-Patch inkl. VACUUM sticky base schwarz - Bantam","og_description":"Die VACUUM x silwy\u00ae sticky base ist eine Magnet-Handyhalterung f\u00fcr W\u00e4nde. Sie ist f\u00fcr nahezu alle Handys wie auch Tablets oder \u00e4hnliche Ger\u00e4te mit einem Gewicht bis zu 800\u202fg geeignet.&nbsp; Damit das Handy oder Tablet sicher an der sticky base fixiert werden kann, muss das Magnet-VACUUM-Patch (inkl.) an dem Handy oder Tablet angebracht werden. Das [&hellip;]","og_url":"https:\/\/shop.bantam.ch\/de\/produkt\/magnet-vacuum-patch-inkl-vacuum-sticky-base-schwarz\/","og_site_name":"Bantam","article_modified_time":"2026-05-10T21:51:20+00:00","twitter_card":"summary_large_image","twitter_misc":{"Gesch\u00e4tzte Lesezeit":"1\u00a0Minute"},"schema":{"@context":"https:\/\/schema.org","@graph":[{"@type":"WebPage","@id":"https:\/\/shop.bantam.ch\/de\/produkt\/magnet-vacuum-patch-inkl-vacuum-sticky-base-schwarz\/","url":"https:\/\/shop.bantam.ch\/de\/produkt\/magnet-vacuum-patch-inkl-vacuum-sticky-base-schwarz\/","name":"Magnet-VACUUM-Patch inkl. VACUUM sticky base schwarz - Bantam","isPartOf":{"@id":"https:\/\/shop.bantam.ch\/de\/#website"},"primaryImageOfPage":{"@id":"https:\/\/shop.bantam.ch\/de\/produkt\/magnet-vacuum-patch-inkl-vacuum-sticky-base-schwarz\/#primaryimage"},"image":{"@id":"https:\/\/shop.bantam.ch\/de\/produkt\/magnet-vacuum-patch-inkl-vacuum-sticky-base-schwarz\/#primaryimage"},"thumbnailUrl":"https:\/\/shop.bantam.ch\/wp-content\/uploads\/2026\/01\/Movera-L-9987139100.jpg","datePublished":"2026-01-06T16:51:05+00:00","dateModified":"2026-05-10T21:51:20+00:00","breadcrumb":{"@id":"https:\/\/shop.bantam.ch\/de\/produkt\/magnet-vacuum-patch-inkl-vacuum-sticky-base-schwarz\/#breadcrumb"},"inLanguage":"de","potentialAction":[{"@type":"ReadAction","target":["https:\/\/shop.bantam.ch\/de\/produkt\/magnet-vacuum-patch-inkl-vacuum-sticky-base-schwarz\/"]}]},{"@type":"ImageObject","inLanguage":"de","@id":"https:\/\/shop.bantam.ch\/de\/produkt\/magnet-vacuum-patch-inkl-vacuum-sticky-base-schwarz\/#primaryimage","url":"https:\/\/shop.bantam.ch\/wp-content\/uploads\/2026\/01\/Movera-L-9987139100.jpg","contentUrl":"https:\/\/shop.bantam.ch\/wp-content\/uploads\/2026\/01\/Movera-L-9987139100.jpg","width":640,"height":640},{"@type":"BreadcrumbList","@id":"https:\/\/shop.bantam.ch\/de\/produkt\/magnet-vacuum-patch-inkl-vacuum-sticky-base-schwarz\/#breadcrumb","itemListElement":[{"@type":"ListItem","position":1,"name":"Accueil","item":"https:\/\/shop.bantam.ch\/de\/"},{"@type":"ListItem","position":2,"name":"Shop","item":"https:\/\/shop.bantam.ch\/de\/shop\/"},{"@type":"ListItem","position":3,"name":"Magnet-VACUUM-Patch inkl. VACUUM sticky base schwarz"}]},{"@type":"WebSite","@id":"https:\/\/shop.bantam.ch\/de\/#website","url":"https:\/\/shop.bantam.ch\/de\/","name":"Bantam","description":"","publisher":{"@id":"https:\/\/shop.bantam.ch\/de\/#organization"},"inLanguage":"de"},{"@type":"Organization","@id":"https:\/\/shop.bantam.ch\/de\/#organization","name":"Bantam","url":"https:\/\/shop.bantam.ch\/de\/","logo":{"@type":"ImageObject","inLanguage":"de","@id":"https:\/\/shop.bantam.ch\/de\/#\/schema\/logo\/image\/","url":"https:\/\/shop.bantam.ch\/wp-content\/uploads\/2022\/12\/bantam-logo.png","contentUrl":"https:\/\/shop.bantam.ch\/wp-content\/uploads\/2022\/12\/bantam-logo.png","width":320,"height":71,"caption":"Bantam"},"image":{"@id":"https:\/\/shop.bantam.ch\/de\/#\/schema\/logo\/image\/"}}]}},"_links":{"self":[{"href":"https:\/\/shop.bantam.ch\/de\/wp-json\/wp\/v2\/product\/231076","targetHints":{"allow":["GET"]}}],"collection":[{"href":"https:\/\/shop.bantam.ch\/de\/wp-json\/wp\/v2\/product"}],"about":[{"href":"https:\/\/shop.bantam.ch\/de\/wp-json\/wp\/v2\/types\/product"}],"wp:featuredmedia":[{"embeddable":true,"href":"https:\/\/shop.bantam.ch\/de\/wp-json\/wp\/v2\/media\/231072"}],"wp:attachment":[{"href":"https:\/\/shop.bantam.ch\/de\/wp-json\/wp\/v2\/media?parent=231076"}],"wp:term":[{"taxonomy":"product_featured_cat","embeddable":true,"href":"https:\/\/shop.bantam.ch\/de\/wp-json\/wp\/v2\/product_featured_cat?post=231076"},{"taxonomy":"product_brand","embeddable":true,"href":"https:\/\/shop.bantam.ch\/de\/wp-json\/wp\/v2\/product_brand?post=231076"},{"taxonomy":"product_cat","embeddable":true,"href":"https:\/\/shop.bantam.ch\/de\/wp-json\/wp\/v2\/product_cat?post=231076"},{"taxonomy":"product_tag","embeddable":true,"href":"https:\/\/shop.bantam.ch\/de\/wp-json\/wp\/v2\/product_tag?post=231076"}],"curies":[{"name":"wp","href":"https:\/\/api.w.org\/{rel}","templated":true}]}}