{"id":231052,"date":"2026-01-06T16:57:29","date_gmt":"2026-01-06T15:57:29","guid":{"rendered":"https:\/\/shop.bantam.ch\/produit\/campingstuhl-aravel-vitachic-h2l-m-sp-grau-weiss\/"},"modified":"2026-04-17T23:52:11","modified_gmt":"2026-04-17T21:52:11","slug":"campingstuhl-aravel-vitachic-h2l-m-sp-grau-weiss","status":"publish","type":"product","link":"https:\/\/shop.bantam.ch\/de\/produkt\/campingstuhl-aravel-vitachic-h2l-m-sp-grau-weiss\/","title":{"rendered":"Campingstuhl ARAVEL VITACHIC H2L M S&amp;P grau\/wei\u00df"},"content":{"rendered":"<p><!--StartFragment --><!--StartFragment --><\/p>\n<p><!--StartFragment --><\/p>\n<p>Der beliebte Vitachic Camping-Klappstuhl wurde jetzt mit einer h\u00f6henverstellbaren Kopfst\u00fctze f\u00fcr zus\u00e4tzlichen Komfort und Halt verbessert. Diese kompakte Sitzl\u00f6sung wurde exklusiv in Gr\u00f6\u00dfe \u201eM\u201c entworfen und zeichnet sich durch noch kleinere Abmessungen aus, wodurch sie zum idealen Begleiter f\u00fcr jedes Outdoorabenteuer wird.<\/p>\n<p>&nbsp;<\/p>\n<p>Eigenschaften:<\/p>\n<ul>\n<li>H\u00f6henverstellbare und platzsparende Kopfst\u00fctze<\/li>\n<li>Kompakter Stauraum<\/li>\n<li>Unver\u00e4nderter Komfort<\/li>\n<\/ul>\n<p>&nbsp;<\/p>\n<p>Material:<\/p>\n<p>Bezug: 100 % Polyester (3Durafeel Pro)<\/p>\n<p>Gestell: Aluminium<\/p>\n<p><!--EndFragment --><!--EndFragment --><\/p>\n<p><!--EndFragment --><\/p>\n","protected":false},"excerpt":{"rendered":"<p>Der beliebte Vitachic Camping-Klappstuhl wurde jetzt mit einer h\u00f6henverstellbaren Kopfst\u00fctze f\u00fcr zus\u00e4tzlichen Komfort und Halt verbessert. Diese kompakte Sitzl\u00f6sung wurde exklusiv in Gr\u00f6\u00dfe \u201eM\u201c entworfen und zeichnet sich durch noch kleinere Abmessungen aus, wodurch sie zum idealen Begleiter f\u00fcr jedes Outdoorabenteuer wird. &nbsp; Eigenschaften: H\u00f6henverstellbare und platzsparende Kopfst\u00fctze Kompakter Stauraum Unver\u00e4nderter Komfort &nbsp; Material: Bezug: [&hellip;]<\/p>\n","protected":false},"featured_media":231048,"template":"","meta":{"_acf_changed":false},"product_featured_cat":[],"product_brand":[],"product_cat":[4972],"product_tag":[],"class_list":{"0":"post-231052","1":"product","2":"type-product","3":"status-publish","4":"has-post-thumbnail","6":"product_cat-campingstuehle","8":"first","9":"instock","10":"taxable","11":"shipping-taxable","12":"purchasable","13":"product-type-simple"},"acf":[],"yoast_head":"<!-- This site is optimized with the Yoast SEO plugin v27.4 - https:\/\/yoast.com\/product\/yoast-seo-wordpress\/ -->\n<title>Campingstuhl ARAVEL VITACHIC H2L M S&amp;P grau\/wei\u00df - Bantam Camping AG<\/title>\n<meta name=\"robots\" content=\"index, follow, max-snippet:-1, max-image-preview:large, max-video-preview:-1\" \/>\n<link rel=\"canonical\" href=\"https:\/\/shop.bantam.ch\/de\/produkt\/campingstuhl-aravel-vitachic-h2l-m-sp-grau-weiss\/\" \/>\n<meta property=\"og:locale\" content=\"de_DE\" \/>\n<meta property=\"og:type\" content=\"article\" \/>\n<meta property=\"og:title\" content=\"Campingstuhl ARAVEL VITACHIC H2L M S&amp;P grau\/wei\u00df - Bantam Camping AG\" \/>\n<meta property=\"og:description\" content=\"Der beliebte Vitachic Camping-Klappstuhl wurde jetzt mit einer h\u00f6henverstellbaren Kopfst\u00fctze f\u00fcr zus\u00e4tzlichen Komfort und Halt verbessert. Diese kompakte Sitzl\u00f6sung wurde exklusiv in Gr\u00f6\u00dfe \u201eM\u201c entworfen und zeichnet sich durch noch kleinere Abmessungen aus, wodurch sie zum idealen Begleiter f\u00fcr jedes Outdoorabenteuer wird. &nbsp; Eigenschaften: H\u00f6henverstellbare und platzsparende Kopfst\u00fctze Kompakter Stauraum Unver\u00e4nderter Komfort &nbsp; Material: Bezug: [&hellip;]\" \/>\n<meta property=\"og:url\" content=\"https:\/\/shop.bantam.ch\/de\/produkt\/campingstuhl-aravel-vitachic-h2l-m-sp-grau-weiss\/\" \/>\n<meta property=\"og:site_name\" content=\"Bantam Camping AG\" \/>\n<meta property=\"article:modified_time\" content=\"2026-04-17T21:52:11+00:00\" \/>\n<meta name=\"twitter:card\" content=\"summary_large_image\" \/>\n<script type=\"application\/ld+json\" class=\"yoast-schema-graph\">{\"@context\":\"https:\\\/\\\/schema.org\",\"@graph\":[{\"@type\":\"WebPage\",\"@id\":\"https:\\\/\\\/shop.bantam.ch\\\/de\\\/produkt\\\/campingstuhl-aravel-vitachic-h2l-m-sp-grau-weiss\\\/\",\"url\":\"https:\\\/\\\/shop.bantam.ch\\\/de\\\/produkt\\\/campingstuhl-aravel-vitachic-h2l-m-sp-grau-weiss\\\/\",\"name\":\"Campingstuhl ARAVEL VITACHIC H2L M S&amp;P grau\\\/wei\u00df - Bantam Camping AG\",\"isPartOf\":{\"@id\":\"https:\\\/\\\/shop.bantam.ch\\\/de\\\/#website\"},\"primaryImageOfPage\":{\"@id\":\"https:\\\/\\\/shop.bantam.ch\\\/de\\\/produkt\\\/campingstuhl-aravel-vitachic-h2l-m-sp-grau-weiss\\\/#primaryimage\"},\"image\":{\"@id\":\"https:\\\/\\\/shop.bantam.ch\\\/de\\\/produkt\\\/campingstuhl-aravel-vitachic-h2l-m-sp-grau-weiss\\\/#primaryimage\"},\"thumbnailUrl\":\"https:\\\/\\\/shop.bantam.ch\\\/wp-content\\\/uploads\\\/2026\\\/01\\\/Movera-L-9988063100.png\",\"datePublished\":\"2026-01-06T15:57:29+00:00\",\"dateModified\":\"2026-04-17T21:52:11+00:00\",\"breadcrumb\":{\"@id\":\"https:\\\/\\\/shop.bantam.ch\\\/de\\\/produkt\\\/campingstuhl-aravel-vitachic-h2l-m-sp-grau-weiss\\\/#breadcrumb\"},\"inLanguage\":\"de\",\"potentialAction\":[{\"@type\":\"ReadAction\",\"target\":[\"https:\\\/\\\/shop.bantam.ch\\\/de\\\/produkt\\\/campingstuhl-aravel-vitachic-h2l-m-sp-grau-weiss\\\/\"]}]},{\"@type\":\"ImageObject\",\"inLanguage\":\"de\",\"@id\":\"https:\\\/\\\/shop.bantam.ch\\\/de\\\/produkt\\\/campingstuhl-aravel-vitachic-h2l-m-sp-grau-weiss\\\/#primaryimage\",\"url\":\"https:\\\/\\\/shop.bantam.ch\\\/wp-content\\\/uploads\\\/2026\\\/01\\\/Movera-L-9988063100.png\",\"contentUrl\":\"https:\\\/\\\/shop.bantam.ch\\\/wp-content\\\/uploads\\\/2026\\\/01\\\/Movera-L-9988063100.png\",\"width\":640,\"height\":1046},{\"@type\":\"BreadcrumbList\",\"@id\":\"https:\\\/\\\/shop.bantam.ch\\\/de\\\/produkt\\\/campingstuhl-aravel-vitachic-h2l-m-sp-grau-weiss\\\/#breadcrumb\",\"itemListElement\":[{\"@type\":\"ListItem\",\"position\":1,\"name\":\"Accueil\",\"item\":\"https:\\\/\\\/shop.bantam.ch\\\/de\\\/\"},{\"@type\":\"ListItem\",\"position\":2,\"name\":\"Shop\",\"item\":\"https:\\\/\\\/shop.bantam.ch\\\/de\\\/shop\\\/\"},{\"@type\":\"ListItem\",\"position\":3,\"name\":\"Campingstuhl ARAVEL VITACHIC H2L M S&amp;P grau\\\/wei\u00df\"}]},{\"@type\":\"WebSite\",\"@id\":\"https:\\\/\\\/shop.bantam.ch\\\/de\\\/#website\",\"url\":\"https:\\\/\\\/shop.bantam.ch\\\/de\\\/\",\"name\":\"Bantam Camping AG\",\"description\":\"\",\"publisher\":{\"@id\":\"https:\\\/\\\/shop.bantam.ch\\\/de\\\/#organization\"},\"inLanguage\":\"de\"},{\"@type\":\"Organization\",\"@id\":\"https:\\\/\\\/shop.bantam.ch\\\/de\\\/#organization\",\"name\":\"Bantam Camping AG\",\"url\":\"https:\\\/\\\/shop.bantam.ch\\\/de\\\/\",\"logo\":{\"@type\":\"ImageObject\",\"inLanguage\":\"de\",\"@id\":\"https:\\\/\\\/shop.bantam.ch\\\/de\\\/#\\\/schema\\\/logo\\\/image\\\/\",\"url\":\"https:\\\/\\\/shop.bantam.ch\\\/wp-content\\\/uploads\\\/2022\\\/12\\\/bantam-logo.png\",\"contentUrl\":\"https:\\\/\\\/shop.bantam.ch\\\/wp-content\\\/uploads\\\/2022\\\/12\\\/bantam-logo.png\",\"width\":320,\"height\":71,\"caption\":\"Bantam Camping AG\"},\"image\":{\"@id\":\"https:\\\/\\\/shop.bantam.ch\\\/de\\\/#\\\/schema\\\/logo\\\/image\\\/\"}}]}<\/script>\n<!-- \/ Yoast SEO plugin. -->","yoast_head_json":{"title":"Campingstuhl ARAVEL VITACHIC H2L M S&amp;P grau\/wei\u00df - Bantam Camping AG","robots":{"index":"index","follow":"follow","max-snippet":"max-snippet:-1","max-image-preview":"max-image-preview:large","max-video-preview":"max-video-preview:-1"},"canonical":"https:\/\/shop.bantam.ch\/de\/produkt\/campingstuhl-aravel-vitachic-h2l-m-sp-grau-weiss\/","og_locale":"de_DE","og_type":"article","og_title":"Campingstuhl ARAVEL VITACHIC H2L M S&amp;P grau\/wei\u00df - Bantam Camping AG","og_description":"Der beliebte Vitachic Camping-Klappstuhl wurde jetzt mit einer h\u00f6henverstellbaren Kopfst\u00fctze f\u00fcr zus\u00e4tzlichen Komfort und Halt verbessert. Diese kompakte Sitzl\u00f6sung wurde exklusiv in Gr\u00f6\u00dfe \u201eM\u201c entworfen und zeichnet sich durch noch kleinere Abmessungen aus, wodurch sie zum idealen Begleiter f\u00fcr jedes Outdoorabenteuer wird. &nbsp; Eigenschaften: H\u00f6henverstellbare und platzsparende Kopfst\u00fctze Kompakter Stauraum Unver\u00e4nderter Komfort &nbsp; Material: Bezug: [&hellip;]","og_url":"https:\/\/shop.bantam.ch\/de\/produkt\/campingstuhl-aravel-vitachic-h2l-m-sp-grau-weiss\/","og_site_name":"Bantam Camping AG","article_modified_time":"2026-04-17T21:52:11+00:00","twitter_card":"summary_large_image","schema":{"@context":"https:\/\/schema.org","@graph":[{"@type":"WebPage","@id":"https:\/\/shop.bantam.ch\/de\/produkt\/campingstuhl-aravel-vitachic-h2l-m-sp-grau-weiss\/","url":"https:\/\/shop.bantam.ch\/de\/produkt\/campingstuhl-aravel-vitachic-h2l-m-sp-grau-weiss\/","name":"Campingstuhl ARAVEL VITACHIC H2L M S&amp;P grau\/wei\u00df - Bantam Camping AG","isPartOf":{"@id":"https:\/\/shop.bantam.ch\/de\/#website"},"primaryImageOfPage":{"@id":"https:\/\/shop.bantam.ch\/de\/produkt\/campingstuhl-aravel-vitachic-h2l-m-sp-grau-weiss\/#primaryimage"},"image":{"@id":"https:\/\/shop.bantam.ch\/de\/produkt\/campingstuhl-aravel-vitachic-h2l-m-sp-grau-weiss\/#primaryimage"},"thumbnailUrl":"https:\/\/shop.bantam.ch\/wp-content\/uploads\/2026\/01\/Movera-L-9988063100.png","datePublished":"2026-01-06T15:57:29+00:00","dateModified":"2026-04-17T21:52:11+00:00","breadcrumb":{"@id":"https:\/\/shop.bantam.ch\/de\/produkt\/campingstuhl-aravel-vitachic-h2l-m-sp-grau-weiss\/#breadcrumb"},"inLanguage":"de","potentialAction":[{"@type":"ReadAction","target":["https:\/\/shop.bantam.ch\/de\/produkt\/campingstuhl-aravel-vitachic-h2l-m-sp-grau-weiss\/"]}]},{"@type":"ImageObject","inLanguage":"de","@id":"https:\/\/shop.bantam.ch\/de\/produkt\/campingstuhl-aravel-vitachic-h2l-m-sp-grau-weiss\/#primaryimage","url":"https:\/\/shop.bantam.ch\/wp-content\/uploads\/2026\/01\/Movera-L-9988063100.png","contentUrl":"https:\/\/shop.bantam.ch\/wp-content\/uploads\/2026\/01\/Movera-L-9988063100.png","width":640,"height":1046},{"@type":"BreadcrumbList","@id":"https:\/\/shop.bantam.ch\/de\/produkt\/campingstuhl-aravel-vitachic-h2l-m-sp-grau-weiss\/#breadcrumb","itemListElement":[{"@type":"ListItem","position":1,"name":"Accueil","item":"https:\/\/shop.bantam.ch\/de\/"},{"@type":"ListItem","position":2,"name":"Shop","item":"https:\/\/shop.bantam.ch\/de\/shop\/"},{"@type":"ListItem","position":3,"name":"Campingstuhl ARAVEL VITACHIC H2L M S&amp;P grau\/wei\u00df"}]},{"@type":"WebSite","@id":"https:\/\/shop.bantam.ch\/de\/#website","url":"https:\/\/shop.bantam.ch\/de\/","name":"Bantam Camping AG","description":"","publisher":{"@id":"https:\/\/shop.bantam.ch\/de\/#organization"},"inLanguage":"de"},{"@type":"Organization","@id":"https:\/\/shop.bantam.ch\/de\/#organization","name":"Bantam Camping AG","url":"https:\/\/shop.bantam.ch\/de\/","logo":{"@type":"ImageObject","inLanguage":"de","@id":"https:\/\/shop.bantam.ch\/de\/#\/schema\/logo\/image\/","url":"https:\/\/shop.bantam.ch\/wp-content\/uploads\/2022\/12\/bantam-logo.png","contentUrl":"https:\/\/shop.bantam.ch\/wp-content\/uploads\/2022\/12\/bantam-logo.png","width":320,"height":71,"caption":"Bantam Camping AG"},"image":{"@id":"https:\/\/shop.bantam.ch\/de\/#\/schema\/logo\/image\/"}}]}},"_links":{"self":[{"href":"https:\/\/shop.bantam.ch\/de\/wp-json\/wp\/v2\/product\/231052","targetHints":{"allow":["GET"]}}],"collection":[{"href":"https:\/\/shop.bantam.ch\/de\/wp-json\/wp\/v2\/product"}],"about":[{"href":"https:\/\/shop.bantam.ch\/de\/wp-json\/wp\/v2\/types\/product"}],"wp:featuredmedia":[{"embeddable":true,"href":"https:\/\/shop.bantam.ch\/de\/wp-json\/wp\/v2\/media\/231048"}],"wp:attachment":[{"href":"https:\/\/shop.bantam.ch\/de\/wp-json\/wp\/v2\/media?parent=231052"}],"wp:term":[{"taxonomy":"product_featured_cat","embeddable":true,"href":"https:\/\/shop.bantam.ch\/de\/wp-json\/wp\/v2\/product_featured_cat?post=231052"},{"taxonomy":"product_brand","embeddable":true,"href":"https:\/\/shop.bantam.ch\/de\/wp-json\/wp\/v2\/product_brand?post=231052"},{"taxonomy":"product_cat","embeddable":true,"href":"https:\/\/shop.bantam.ch\/de\/wp-json\/wp\/v2\/product_cat?post=231052"},{"taxonomy":"product_tag","embeddable":true,"href":"https:\/\/shop.bantam.ch\/de\/wp-json\/wp\/v2\/product_tag?post=231052"}],"curies":[{"name":"wp","href":"https:\/\/api.w.org\/{rel}","templated":true}]}}