{"id":231034,"date":"2026-01-06T16:57:10","date_gmt":"2026-01-06T15:57:10","guid":{"rendered":"https:\/\/shop.bantam.ch\/produit\/klappstuhl-sangria-van-grau\/"},"modified":"2026-04-17T23:52:11","modified_gmt":"2026-04-17T21:52:11","slug":"klappstuhl-sangria-van-grau","status":"publish","type":"product","link":"https:\/\/shop.bantam.ch\/de\/produkt\/klappstuhl-sangria-van-grau\/","title":{"rendered":"Klappstuhl SANGRIA VAN grau"},"content":{"rendered":"<p><!--StartFragment -->Spezialversion des beliebten Sangria-Stuhls, speziell f\u00fcr die Aufbewahrung in VW T5-T6-T7-Transportern entwickelt. Mit einem Gewicht von nur 2,65 kg sorgt sein klappbarer U-f\u00f6rmiger Rahmen f\u00fcr einfachen Transport und Komfort bei der Verwendung. Der Stuhl verf\u00fcgt \u00fcber einen fortschrittlichen automatischen Verriegelungsmechanismus, der durch automatische Sicherung der Hinterbeine f\u00fcr au\u00dfergew\u00f6hnliche Stabilit\u00e4t sorgt. Der 3Durafeel Pro Bezugsstoff ist ein ganz besonderer Stoff, der in unseren Stuhlkollektionen Travelounger, Rebel und Aravel Vitachic zum Einsatz kommt. Dank seiner Luftdurchl\u00e4ssigkeit und Hautfreundlichkeit verwandelt er Komfort in ein herrliches Sitzgef\u00fchl f\u00fcr entspannte Stunden im Freien. 3Durafeel Pro trocknet zudem nach einem leichten Regen verbl\u00fcffend schnell und strahlt eine angenehme Wohlf\u00fchlatmosph\u00e4re auf Vorzelt, Terrasse oder Balkon. Und das zuverl\u00e4ssig \u00fcber viele Jahre. Denn 3Durafeel Pro ist rei\u00df- und abriebfest, atmungsaktiv, lichtecht und schmutzabweisend. Einlagige Konstruktion (spezielle Webart).<\/p>\n<p>&nbsp;<\/p>\n<p>Material:<\/p>\n<p>Bezug: 100 % Polyester (3Durafeel Pro)<\/p>\n<p>Gestell: Aluminium<\/p>\n<p><!--EndFragment --><\/p>\n","protected":false},"excerpt":{"rendered":"<p>Spezialversion des beliebten Sangria-Stuhls, speziell f\u00fcr die Aufbewahrung in VW T5-T6-T7-Transportern entwickelt. Mit einem Gewicht von nur 2,65 kg sorgt sein klappbarer U-f\u00f6rmiger Rahmen f\u00fcr einfachen Transport und Komfort bei der Verwendung. Der Stuhl verf\u00fcgt \u00fcber einen fortschrittlichen automatischen Verriegelungsmechanismus, der durch automatische Sicherung der Hinterbeine f\u00fcr au\u00dfergew\u00f6hnliche Stabilit\u00e4t sorgt. Der 3Durafeel Pro Bezugsstoff ist [&hellip;]<\/p>\n","protected":false},"featured_media":231030,"template":"","meta":{"_acf_changed":false},"product_featured_cat":[],"product_brand":[],"product_cat":[4972],"product_tag":[],"class_list":{"0":"post-231034","1":"product","2":"type-product","3":"status-publish","4":"has-post-thumbnail","6":"product_cat-campingstuehle","8":"first","9":"instock","10":"taxable","11":"shipping-taxable","12":"purchasable","13":"product-type-simple"},"acf":[],"yoast_head":"<!-- This site is optimized with the Yoast SEO plugin v27.4 - https:\/\/yoast.com\/product\/yoast-seo-wordpress\/ -->\n<title>Klappstuhl SANGRIA VAN grau - Bantam Camping AG<\/title>\n<meta name=\"robots\" content=\"index, follow, max-snippet:-1, max-image-preview:large, max-video-preview:-1\" \/>\n<link rel=\"canonical\" href=\"https:\/\/shop.bantam.ch\/de\/produkt\/klappstuhl-sangria-van-grau\/\" \/>\n<meta property=\"og:locale\" content=\"de_DE\" \/>\n<meta property=\"og:type\" content=\"article\" \/>\n<meta property=\"og:title\" content=\"Klappstuhl SANGRIA VAN grau - Bantam Camping AG\" \/>\n<meta property=\"og:description\" content=\"Spezialversion des beliebten Sangria-Stuhls, speziell f\u00fcr die Aufbewahrung in VW T5-T6-T7-Transportern entwickelt. Mit einem Gewicht von nur 2,65 kg sorgt sein klappbarer U-f\u00f6rmiger Rahmen f\u00fcr einfachen Transport und Komfort bei der Verwendung. Der Stuhl verf\u00fcgt \u00fcber einen fortschrittlichen automatischen Verriegelungsmechanismus, der durch automatische Sicherung der Hinterbeine f\u00fcr au\u00dfergew\u00f6hnliche Stabilit\u00e4t sorgt. Der 3Durafeel Pro Bezugsstoff ist [&hellip;]\" \/>\n<meta property=\"og:url\" content=\"https:\/\/shop.bantam.ch\/de\/produkt\/klappstuhl-sangria-van-grau\/\" \/>\n<meta property=\"og:site_name\" content=\"Bantam Camping AG\" \/>\n<meta property=\"article:modified_time\" content=\"2026-04-17T21:52:11+00:00\" \/>\n<meta name=\"twitter:card\" content=\"summary_large_image\" \/>\n<meta name=\"twitter:label1\" content=\"Gesch\u00e4tzte Lesezeit\" \/>\n\t<meta name=\"twitter:data1\" content=\"1\u00a0Minute\" \/>\n<script type=\"application\/ld+json\" class=\"yoast-schema-graph\">{\"@context\":\"https:\\\/\\\/schema.org\",\"@graph\":[{\"@type\":\"WebPage\",\"@id\":\"https:\\\/\\\/shop.bantam.ch\\\/de\\\/produkt\\\/klappstuhl-sangria-van-grau\\\/\",\"url\":\"https:\\\/\\\/shop.bantam.ch\\\/de\\\/produkt\\\/klappstuhl-sangria-van-grau\\\/\",\"name\":\"Klappstuhl SANGRIA VAN grau - Bantam Camping AG\",\"isPartOf\":{\"@id\":\"https:\\\/\\\/shop.bantam.ch\\\/de\\\/#website\"},\"primaryImageOfPage\":{\"@id\":\"https:\\\/\\\/shop.bantam.ch\\\/de\\\/produkt\\\/klappstuhl-sangria-van-grau\\\/#primaryimage\"},\"image\":{\"@id\":\"https:\\\/\\\/shop.bantam.ch\\\/de\\\/produkt\\\/klappstuhl-sangria-van-grau\\\/#primaryimage\"},\"thumbnailUrl\":\"https:\\\/\\\/shop.bantam.ch\\\/wp-content\\\/uploads\\\/2026\\\/01\\\/Movera-L-9988059100.png\",\"datePublished\":\"2026-01-06T15:57:10+00:00\",\"dateModified\":\"2026-04-17T21:52:11+00:00\",\"breadcrumb\":{\"@id\":\"https:\\\/\\\/shop.bantam.ch\\\/de\\\/produkt\\\/klappstuhl-sangria-van-grau\\\/#breadcrumb\"},\"inLanguage\":\"de\",\"potentialAction\":[{\"@type\":\"ReadAction\",\"target\":[\"https:\\\/\\\/shop.bantam.ch\\\/de\\\/produkt\\\/klappstuhl-sangria-van-grau\\\/\"]}]},{\"@type\":\"ImageObject\",\"inLanguage\":\"de\",\"@id\":\"https:\\\/\\\/shop.bantam.ch\\\/de\\\/produkt\\\/klappstuhl-sangria-van-grau\\\/#primaryimage\",\"url\":\"https:\\\/\\\/shop.bantam.ch\\\/wp-content\\\/uploads\\\/2026\\\/01\\\/Movera-L-9988059100.png\",\"contentUrl\":\"https:\\\/\\\/shop.bantam.ch\\\/wp-content\\\/uploads\\\/2026\\\/01\\\/Movera-L-9988059100.png\",\"width\":640,\"height\":929},{\"@type\":\"BreadcrumbList\",\"@id\":\"https:\\\/\\\/shop.bantam.ch\\\/de\\\/produkt\\\/klappstuhl-sangria-van-grau\\\/#breadcrumb\",\"itemListElement\":[{\"@type\":\"ListItem\",\"position\":1,\"name\":\"Accueil\",\"item\":\"https:\\\/\\\/shop.bantam.ch\\\/de\\\/\"},{\"@type\":\"ListItem\",\"position\":2,\"name\":\"Shop\",\"item\":\"https:\\\/\\\/shop.bantam.ch\\\/de\\\/shop\\\/\"},{\"@type\":\"ListItem\",\"position\":3,\"name\":\"Klappstuhl SANGRIA VAN grau\"}]},{\"@type\":\"WebSite\",\"@id\":\"https:\\\/\\\/shop.bantam.ch\\\/de\\\/#website\",\"url\":\"https:\\\/\\\/shop.bantam.ch\\\/de\\\/\",\"name\":\"Bantam Camping AG\",\"description\":\"\",\"publisher\":{\"@id\":\"https:\\\/\\\/shop.bantam.ch\\\/de\\\/#organization\"},\"inLanguage\":\"de\"},{\"@type\":\"Organization\",\"@id\":\"https:\\\/\\\/shop.bantam.ch\\\/de\\\/#organization\",\"name\":\"Bantam Camping AG\",\"url\":\"https:\\\/\\\/shop.bantam.ch\\\/de\\\/\",\"logo\":{\"@type\":\"ImageObject\",\"inLanguage\":\"de\",\"@id\":\"https:\\\/\\\/shop.bantam.ch\\\/de\\\/#\\\/schema\\\/logo\\\/image\\\/\",\"url\":\"https:\\\/\\\/shop.bantam.ch\\\/wp-content\\\/uploads\\\/2022\\\/12\\\/bantam-logo.png\",\"contentUrl\":\"https:\\\/\\\/shop.bantam.ch\\\/wp-content\\\/uploads\\\/2022\\\/12\\\/bantam-logo.png\",\"width\":320,\"height\":71,\"caption\":\"Bantam Camping AG\"},\"image\":{\"@id\":\"https:\\\/\\\/shop.bantam.ch\\\/de\\\/#\\\/schema\\\/logo\\\/image\\\/\"}}]}<\/script>\n<!-- \/ Yoast SEO plugin. -->","yoast_head_json":{"title":"Klappstuhl SANGRIA VAN grau - Bantam Camping AG","robots":{"index":"index","follow":"follow","max-snippet":"max-snippet:-1","max-image-preview":"max-image-preview:large","max-video-preview":"max-video-preview:-1"},"canonical":"https:\/\/shop.bantam.ch\/de\/produkt\/klappstuhl-sangria-van-grau\/","og_locale":"de_DE","og_type":"article","og_title":"Klappstuhl SANGRIA VAN grau - Bantam Camping AG","og_description":"Spezialversion des beliebten Sangria-Stuhls, speziell f\u00fcr die Aufbewahrung in VW T5-T6-T7-Transportern entwickelt. Mit einem Gewicht von nur 2,65 kg sorgt sein klappbarer U-f\u00f6rmiger Rahmen f\u00fcr einfachen Transport und Komfort bei der Verwendung. Der Stuhl verf\u00fcgt \u00fcber einen fortschrittlichen automatischen Verriegelungsmechanismus, der durch automatische Sicherung der Hinterbeine f\u00fcr au\u00dfergew\u00f6hnliche Stabilit\u00e4t sorgt. Der 3Durafeel Pro Bezugsstoff ist [&hellip;]","og_url":"https:\/\/shop.bantam.ch\/de\/produkt\/klappstuhl-sangria-van-grau\/","og_site_name":"Bantam Camping AG","article_modified_time":"2026-04-17T21:52:11+00:00","twitter_card":"summary_large_image","twitter_misc":{"Gesch\u00e4tzte Lesezeit":"1\u00a0Minute"},"schema":{"@context":"https:\/\/schema.org","@graph":[{"@type":"WebPage","@id":"https:\/\/shop.bantam.ch\/de\/produkt\/klappstuhl-sangria-van-grau\/","url":"https:\/\/shop.bantam.ch\/de\/produkt\/klappstuhl-sangria-van-grau\/","name":"Klappstuhl SANGRIA VAN grau - Bantam Camping AG","isPartOf":{"@id":"https:\/\/shop.bantam.ch\/de\/#website"},"primaryImageOfPage":{"@id":"https:\/\/shop.bantam.ch\/de\/produkt\/klappstuhl-sangria-van-grau\/#primaryimage"},"image":{"@id":"https:\/\/shop.bantam.ch\/de\/produkt\/klappstuhl-sangria-van-grau\/#primaryimage"},"thumbnailUrl":"https:\/\/shop.bantam.ch\/wp-content\/uploads\/2026\/01\/Movera-L-9988059100.png","datePublished":"2026-01-06T15:57:10+00:00","dateModified":"2026-04-17T21:52:11+00:00","breadcrumb":{"@id":"https:\/\/shop.bantam.ch\/de\/produkt\/klappstuhl-sangria-van-grau\/#breadcrumb"},"inLanguage":"de","potentialAction":[{"@type":"ReadAction","target":["https:\/\/shop.bantam.ch\/de\/produkt\/klappstuhl-sangria-van-grau\/"]}]},{"@type":"ImageObject","inLanguage":"de","@id":"https:\/\/shop.bantam.ch\/de\/produkt\/klappstuhl-sangria-van-grau\/#primaryimage","url":"https:\/\/shop.bantam.ch\/wp-content\/uploads\/2026\/01\/Movera-L-9988059100.png","contentUrl":"https:\/\/shop.bantam.ch\/wp-content\/uploads\/2026\/01\/Movera-L-9988059100.png","width":640,"height":929},{"@type":"BreadcrumbList","@id":"https:\/\/shop.bantam.ch\/de\/produkt\/klappstuhl-sangria-van-grau\/#breadcrumb","itemListElement":[{"@type":"ListItem","position":1,"name":"Accueil","item":"https:\/\/shop.bantam.ch\/de\/"},{"@type":"ListItem","position":2,"name":"Shop","item":"https:\/\/shop.bantam.ch\/de\/shop\/"},{"@type":"ListItem","position":3,"name":"Klappstuhl SANGRIA VAN grau"}]},{"@type":"WebSite","@id":"https:\/\/shop.bantam.ch\/de\/#website","url":"https:\/\/shop.bantam.ch\/de\/","name":"Bantam Camping AG","description":"","publisher":{"@id":"https:\/\/shop.bantam.ch\/de\/#organization"},"inLanguage":"de"},{"@type":"Organization","@id":"https:\/\/shop.bantam.ch\/de\/#organization","name":"Bantam Camping AG","url":"https:\/\/shop.bantam.ch\/de\/","logo":{"@type":"ImageObject","inLanguage":"de","@id":"https:\/\/shop.bantam.ch\/de\/#\/schema\/logo\/image\/","url":"https:\/\/shop.bantam.ch\/wp-content\/uploads\/2022\/12\/bantam-logo.png","contentUrl":"https:\/\/shop.bantam.ch\/wp-content\/uploads\/2022\/12\/bantam-logo.png","width":320,"height":71,"caption":"Bantam Camping AG"},"image":{"@id":"https:\/\/shop.bantam.ch\/de\/#\/schema\/logo\/image\/"}}]}},"_links":{"self":[{"href":"https:\/\/shop.bantam.ch\/de\/wp-json\/wp\/v2\/product\/231034","targetHints":{"allow":["GET"]}}],"collection":[{"href":"https:\/\/shop.bantam.ch\/de\/wp-json\/wp\/v2\/product"}],"about":[{"href":"https:\/\/shop.bantam.ch\/de\/wp-json\/wp\/v2\/types\/product"}],"wp:featuredmedia":[{"embeddable":true,"href":"https:\/\/shop.bantam.ch\/de\/wp-json\/wp\/v2\/media\/231030"}],"wp:attachment":[{"href":"https:\/\/shop.bantam.ch\/de\/wp-json\/wp\/v2\/media?parent=231034"}],"wp:term":[{"taxonomy":"product_featured_cat","embeddable":true,"href":"https:\/\/shop.bantam.ch\/de\/wp-json\/wp\/v2\/product_featured_cat?post=231034"},{"taxonomy":"product_brand","embeddable":true,"href":"https:\/\/shop.bantam.ch\/de\/wp-json\/wp\/v2\/product_brand?post=231034"},{"taxonomy":"product_cat","embeddable":true,"href":"https:\/\/shop.bantam.ch\/de\/wp-json\/wp\/v2\/product_cat?post=231034"},{"taxonomy":"product_tag","embeddable":true,"href":"https:\/\/shop.bantam.ch\/de\/wp-json\/wp\/v2\/product_tag?post=231034"}],"curies":[{"name":"wp","href":"https:\/\/api.w.org\/{rel}","templated":true}]}}