{"id":231028,"date":"2026-01-06T16:57:03","date_gmt":"2026-01-06T15:57:03","guid":{"rendered":"https:\/\/shop.bantam.ch\/produit\/klappstuhl-sangria-ng-dunkelgrau\/"},"modified":"2026-04-17T23:52:10","modified_gmt":"2026-04-17T21:52:10","slug":"klappstuhl-sangria-ng-dunkelgrau","status":"publish","type":"product","link":"https:\/\/shop.bantam.ch\/de\/produkt\/klappstuhl-sangria-ng-dunkelgrau\/","title":{"rendered":"Klappstuhl SANGRIA NG dunkelgrau"},"content":{"rendered":"<p><!--StartFragment -->Ultrakompakter und leichter Outdoor-Stuhl. Mit seinem klappbaren, U-f\u00f6rmigen Gestell ist dieser Stuhl perfekt f\u00fcr Ihre Campingausfl\u00fcge. Mit einem Gewicht von nur 2,8 kg ist er leicht zu transportieren und bietet einen hohen Sitzkomfort. Ausgestattet mit einem neu entwickelten, automatischen Verriegelungsmechanismus, der die Hinterbeine f\u00fcr zus\u00e4tzliche Stabilit\u00e4t automatisch arretiert. Er ist ideal f\u00fcr Camper, Van-Besitzer und alle, die gerne Zeit in der freien Natur verbringen und nur wenig Stauraum haben. Innovatives automatisches Sicherheitsverriegelungssystem f\u00fcr den Brunner Sangria NG Klappstuhl. Dieses fortschrittliche Mechanismus sorgt daf\u00fcr, dass das hintere Stuhlbein sicher verriegelt ist und ein unbeabsichtigtes Zusammenklappen, das ein Sturzrisiko darstellen k\u00f6nnte, verhindert wird. Mit dem Fokus auf die Sicherheit der Nutzer enh\u00e4lt diese Funktion Stabilit\u00e4t und Vertrauen bei der Nutzung des Stuhls. Genie\u00dfen Sie Sicherheit und Funktionalit\u00e4t mit dem Brunner Sangria NG.<\/p>\n<p>&nbsp;<\/p>\n<p>Material:<\/p>\n<p>Bezug: 100 % Polyester (3Durafeel Pro)<\/p>\n<p>Gestell: Aluminium<\/p>\n<p><!--EndFragment --><\/p>\n","protected":false},"excerpt":{"rendered":"<p>Ultrakompakter und leichter Outdoor-Stuhl. Mit seinem klappbaren, U-f\u00f6rmigen Gestell ist dieser Stuhl perfekt f\u00fcr Ihre Campingausfl\u00fcge. Mit einem Gewicht von nur 2,8 kg ist er leicht zu transportieren und bietet einen hohen Sitzkomfort. Ausgestattet mit einem neu entwickelten, automatischen Verriegelungsmechanismus, der die Hinterbeine f\u00fcr zus\u00e4tzliche Stabilit\u00e4t automatisch arretiert. Er ist ideal f\u00fcr Camper, Van-Besitzer und [&hellip;]<\/p>\n","protected":false},"featured_media":231026,"template":"","meta":{"_acf_changed":false},"product_featured_cat":[],"product_brand":[],"product_cat":[4972],"product_tag":[],"class_list":{"0":"post-231028","1":"product","2":"type-product","3":"status-publish","4":"has-post-thumbnail","6":"product_cat-campingstuehle","8":"first","9":"instock","10":"taxable","11":"shipping-taxable","12":"purchasable","13":"product-type-simple"},"acf":[],"yoast_head":"<!-- This site is optimized with the Yoast SEO plugin v27.4 - https:\/\/yoast.com\/product\/yoast-seo-wordpress\/ -->\n<title>Klappstuhl SANGRIA NG dunkelgrau - Bantam Camping AG<\/title>\n<meta name=\"robots\" content=\"index, follow, max-snippet:-1, max-image-preview:large, max-video-preview:-1\" \/>\n<link rel=\"canonical\" href=\"https:\/\/shop.bantam.ch\/de\/produkt\/klappstuhl-sangria-ng-dunkelgrau\/\" \/>\n<meta property=\"og:locale\" content=\"de_DE\" \/>\n<meta property=\"og:type\" content=\"article\" \/>\n<meta property=\"og:title\" content=\"Klappstuhl SANGRIA NG dunkelgrau - Bantam Camping AG\" \/>\n<meta property=\"og:description\" content=\"Ultrakompakter und leichter Outdoor-Stuhl. Mit seinem klappbaren, U-f\u00f6rmigen Gestell ist dieser Stuhl perfekt f\u00fcr Ihre Campingausfl\u00fcge. Mit einem Gewicht von nur 2,8 kg ist er leicht zu transportieren und bietet einen hohen Sitzkomfort. Ausgestattet mit einem neu entwickelten, automatischen Verriegelungsmechanismus, der die Hinterbeine f\u00fcr zus\u00e4tzliche Stabilit\u00e4t automatisch arretiert. Er ist ideal f\u00fcr Camper, Van-Besitzer und [&hellip;]\" \/>\n<meta property=\"og:url\" content=\"https:\/\/shop.bantam.ch\/de\/produkt\/klappstuhl-sangria-ng-dunkelgrau\/\" \/>\n<meta property=\"og:site_name\" content=\"Bantam Camping AG\" \/>\n<meta property=\"article:modified_time\" content=\"2026-04-17T21:52:10+00:00\" \/>\n<meta name=\"twitter:card\" content=\"summary_large_image\" \/>\n<meta name=\"twitter:label1\" content=\"Gesch\u00e4tzte Lesezeit\" \/>\n\t<meta name=\"twitter:data1\" content=\"1\u00a0Minute\" \/>\n<script type=\"application\/ld+json\" class=\"yoast-schema-graph\">{\"@context\":\"https:\\\/\\\/schema.org\",\"@graph\":[{\"@type\":\"WebPage\",\"@id\":\"https:\\\/\\\/shop.bantam.ch\\\/de\\\/produkt\\\/klappstuhl-sangria-ng-dunkelgrau\\\/\",\"url\":\"https:\\\/\\\/shop.bantam.ch\\\/de\\\/produkt\\\/klappstuhl-sangria-ng-dunkelgrau\\\/\",\"name\":\"Klappstuhl SANGRIA NG dunkelgrau - Bantam Camping AG\",\"isPartOf\":{\"@id\":\"https:\\\/\\\/shop.bantam.ch\\\/de\\\/#website\"},\"primaryImageOfPage\":{\"@id\":\"https:\\\/\\\/shop.bantam.ch\\\/de\\\/produkt\\\/klappstuhl-sangria-ng-dunkelgrau\\\/#primaryimage\"},\"image\":{\"@id\":\"https:\\\/\\\/shop.bantam.ch\\\/de\\\/produkt\\\/klappstuhl-sangria-ng-dunkelgrau\\\/#primaryimage\"},\"thumbnailUrl\":\"https:\\\/\\\/shop.bantam.ch\\\/wp-content\\\/uploads\\\/2026\\\/01\\\/Movera-L-9988058100.jpg\",\"datePublished\":\"2026-01-06T15:57:03+00:00\",\"dateModified\":\"2026-04-17T21:52:10+00:00\",\"breadcrumb\":{\"@id\":\"https:\\\/\\\/shop.bantam.ch\\\/de\\\/produkt\\\/klappstuhl-sangria-ng-dunkelgrau\\\/#breadcrumb\"},\"inLanguage\":\"de\",\"potentialAction\":[{\"@type\":\"ReadAction\",\"target\":[\"https:\\\/\\\/shop.bantam.ch\\\/de\\\/produkt\\\/klappstuhl-sangria-ng-dunkelgrau\\\/\"]}]},{\"@type\":\"ImageObject\",\"inLanguage\":\"de\",\"@id\":\"https:\\\/\\\/shop.bantam.ch\\\/de\\\/produkt\\\/klappstuhl-sangria-ng-dunkelgrau\\\/#primaryimage\",\"url\":\"https:\\\/\\\/shop.bantam.ch\\\/wp-content\\\/uploads\\\/2026\\\/01\\\/Movera-L-9988058100.jpg\",\"contentUrl\":\"https:\\\/\\\/shop.bantam.ch\\\/wp-content\\\/uploads\\\/2026\\\/01\\\/Movera-L-9988058100.jpg\",\"width\":640,\"height\":939},{\"@type\":\"BreadcrumbList\",\"@id\":\"https:\\\/\\\/shop.bantam.ch\\\/de\\\/produkt\\\/klappstuhl-sangria-ng-dunkelgrau\\\/#breadcrumb\",\"itemListElement\":[{\"@type\":\"ListItem\",\"position\":1,\"name\":\"Accueil\",\"item\":\"https:\\\/\\\/shop.bantam.ch\\\/de\\\/\"},{\"@type\":\"ListItem\",\"position\":2,\"name\":\"Shop\",\"item\":\"https:\\\/\\\/shop.bantam.ch\\\/de\\\/shop\\\/\"},{\"@type\":\"ListItem\",\"position\":3,\"name\":\"Klappstuhl SANGRIA NG dunkelgrau\"}]},{\"@type\":\"WebSite\",\"@id\":\"https:\\\/\\\/shop.bantam.ch\\\/de\\\/#website\",\"url\":\"https:\\\/\\\/shop.bantam.ch\\\/de\\\/\",\"name\":\"Bantam Camping AG\",\"description\":\"\",\"publisher\":{\"@id\":\"https:\\\/\\\/shop.bantam.ch\\\/de\\\/#organization\"},\"inLanguage\":\"de\"},{\"@type\":\"Organization\",\"@id\":\"https:\\\/\\\/shop.bantam.ch\\\/de\\\/#organization\",\"name\":\"Bantam Camping AG\",\"url\":\"https:\\\/\\\/shop.bantam.ch\\\/de\\\/\",\"logo\":{\"@type\":\"ImageObject\",\"inLanguage\":\"de\",\"@id\":\"https:\\\/\\\/shop.bantam.ch\\\/de\\\/#\\\/schema\\\/logo\\\/image\\\/\",\"url\":\"https:\\\/\\\/shop.bantam.ch\\\/wp-content\\\/uploads\\\/2022\\\/12\\\/bantam-logo.png\",\"contentUrl\":\"https:\\\/\\\/shop.bantam.ch\\\/wp-content\\\/uploads\\\/2022\\\/12\\\/bantam-logo.png\",\"width\":320,\"height\":71,\"caption\":\"Bantam Camping AG\"},\"image\":{\"@id\":\"https:\\\/\\\/shop.bantam.ch\\\/de\\\/#\\\/schema\\\/logo\\\/image\\\/\"}}]}<\/script>\n<!-- \/ Yoast SEO plugin. -->","yoast_head_json":{"title":"Klappstuhl SANGRIA NG dunkelgrau - Bantam Camping AG","robots":{"index":"index","follow":"follow","max-snippet":"max-snippet:-1","max-image-preview":"max-image-preview:large","max-video-preview":"max-video-preview:-1"},"canonical":"https:\/\/shop.bantam.ch\/de\/produkt\/klappstuhl-sangria-ng-dunkelgrau\/","og_locale":"de_DE","og_type":"article","og_title":"Klappstuhl SANGRIA NG dunkelgrau - Bantam Camping AG","og_description":"Ultrakompakter und leichter Outdoor-Stuhl. Mit seinem klappbaren, U-f\u00f6rmigen Gestell ist dieser Stuhl perfekt f\u00fcr Ihre Campingausfl\u00fcge. Mit einem Gewicht von nur 2,8 kg ist er leicht zu transportieren und bietet einen hohen Sitzkomfort. Ausgestattet mit einem neu entwickelten, automatischen Verriegelungsmechanismus, der die Hinterbeine f\u00fcr zus\u00e4tzliche Stabilit\u00e4t automatisch arretiert. Er ist ideal f\u00fcr Camper, Van-Besitzer und [&hellip;]","og_url":"https:\/\/shop.bantam.ch\/de\/produkt\/klappstuhl-sangria-ng-dunkelgrau\/","og_site_name":"Bantam Camping AG","article_modified_time":"2026-04-17T21:52:10+00:00","twitter_card":"summary_large_image","twitter_misc":{"Gesch\u00e4tzte Lesezeit":"1\u00a0Minute"},"schema":{"@context":"https:\/\/schema.org","@graph":[{"@type":"WebPage","@id":"https:\/\/shop.bantam.ch\/de\/produkt\/klappstuhl-sangria-ng-dunkelgrau\/","url":"https:\/\/shop.bantam.ch\/de\/produkt\/klappstuhl-sangria-ng-dunkelgrau\/","name":"Klappstuhl SANGRIA NG dunkelgrau - Bantam Camping AG","isPartOf":{"@id":"https:\/\/shop.bantam.ch\/de\/#website"},"primaryImageOfPage":{"@id":"https:\/\/shop.bantam.ch\/de\/produkt\/klappstuhl-sangria-ng-dunkelgrau\/#primaryimage"},"image":{"@id":"https:\/\/shop.bantam.ch\/de\/produkt\/klappstuhl-sangria-ng-dunkelgrau\/#primaryimage"},"thumbnailUrl":"https:\/\/shop.bantam.ch\/wp-content\/uploads\/2026\/01\/Movera-L-9988058100.jpg","datePublished":"2026-01-06T15:57:03+00:00","dateModified":"2026-04-17T21:52:10+00:00","breadcrumb":{"@id":"https:\/\/shop.bantam.ch\/de\/produkt\/klappstuhl-sangria-ng-dunkelgrau\/#breadcrumb"},"inLanguage":"de","potentialAction":[{"@type":"ReadAction","target":["https:\/\/shop.bantam.ch\/de\/produkt\/klappstuhl-sangria-ng-dunkelgrau\/"]}]},{"@type":"ImageObject","inLanguage":"de","@id":"https:\/\/shop.bantam.ch\/de\/produkt\/klappstuhl-sangria-ng-dunkelgrau\/#primaryimage","url":"https:\/\/shop.bantam.ch\/wp-content\/uploads\/2026\/01\/Movera-L-9988058100.jpg","contentUrl":"https:\/\/shop.bantam.ch\/wp-content\/uploads\/2026\/01\/Movera-L-9988058100.jpg","width":640,"height":939},{"@type":"BreadcrumbList","@id":"https:\/\/shop.bantam.ch\/de\/produkt\/klappstuhl-sangria-ng-dunkelgrau\/#breadcrumb","itemListElement":[{"@type":"ListItem","position":1,"name":"Accueil","item":"https:\/\/shop.bantam.ch\/de\/"},{"@type":"ListItem","position":2,"name":"Shop","item":"https:\/\/shop.bantam.ch\/de\/shop\/"},{"@type":"ListItem","position":3,"name":"Klappstuhl SANGRIA NG dunkelgrau"}]},{"@type":"WebSite","@id":"https:\/\/shop.bantam.ch\/de\/#website","url":"https:\/\/shop.bantam.ch\/de\/","name":"Bantam Camping AG","description":"","publisher":{"@id":"https:\/\/shop.bantam.ch\/de\/#organization"},"inLanguage":"de"},{"@type":"Organization","@id":"https:\/\/shop.bantam.ch\/de\/#organization","name":"Bantam Camping AG","url":"https:\/\/shop.bantam.ch\/de\/","logo":{"@type":"ImageObject","inLanguage":"de","@id":"https:\/\/shop.bantam.ch\/de\/#\/schema\/logo\/image\/","url":"https:\/\/shop.bantam.ch\/wp-content\/uploads\/2022\/12\/bantam-logo.png","contentUrl":"https:\/\/shop.bantam.ch\/wp-content\/uploads\/2022\/12\/bantam-logo.png","width":320,"height":71,"caption":"Bantam Camping AG"},"image":{"@id":"https:\/\/shop.bantam.ch\/de\/#\/schema\/logo\/image\/"}}]}},"_links":{"self":[{"href":"https:\/\/shop.bantam.ch\/de\/wp-json\/wp\/v2\/product\/231028","targetHints":{"allow":["GET"]}}],"collection":[{"href":"https:\/\/shop.bantam.ch\/de\/wp-json\/wp\/v2\/product"}],"about":[{"href":"https:\/\/shop.bantam.ch\/de\/wp-json\/wp\/v2\/types\/product"}],"wp:featuredmedia":[{"embeddable":true,"href":"https:\/\/shop.bantam.ch\/de\/wp-json\/wp\/v2\/media\/231026"}],"wp:attachment":[{"href":"https:\/\/shop.bantam.ch\/de\/wp-json\/wp\/v2\/media?parent=231028"}],"wp:term":[{"taxonomy":"product_featured_cat","embeddable":true,"href":"https:\/\/shop.bantam.ch\/de\/wp-json\/wp\/v2\/product_featured_cat?post=231028"},{"taxonomy":"product_brand","embeddable":true,"href":"https:\/\/shop.bantam.ch\/de\/wp-json\/wp\/v2\/product_brand?post=231028"},{"taxonomy":"product_cat","embeddable":true,"href":"https:\/\/shop.bantam.ch\/de\/wp-json\/wp\/v2\/product_cat?post=231028"},{"taxonomy":"product_tag","embeddable":true,"href":"https:\/\/shop.bantam.ch\/de\/wp-json\/wp\/v2\/product_tag?post=231028"}],"curies":[{"name":"wp","href":"https:\/\/api.w.org\/{rel}","templated":true}]}}