{"id":231020,"date":"2026-01-06T16:56:51","date_gmt":"2026-01-06T15:56:51","guid":{"rendered":"https:\/\/shop.bantam.ch\/produit\/stirnlampe-tabit-ng-dunkelgrau-schwarz\/"},"modified":"2026-05-10T23:51:11","modified_gmt":"2026-05-10T21:51:11","slug":"stirnlampe-tabit-ng-dunkelgrau-schwarz","status":"publish","type":"product","link":"https:\/\/shop.bantam.ch\/de\/produkt\/stirnlampe-tabit-ng-dunkelgrau-schwarz\/","title":{"rendered":"Stirnlampe TABIT NG dunkelgrau\/schwarz"},"content":{"rendered":"<p><!--StartFragment -->Leichtgewichtige Stirnlampe mit wei\u00dfem und rotem Licht f\u00fcr den Au\u00dfenbereich, fachm\u00e4nnisch entwickelt f\u00fcr Abenteurer und Outdoor-Enthusiasten. Ausgestattet mit einer leistungsstarken LED-Leuchte bietet diese Stirnlampe eine au\u00dfergew\u00f6hnliche Ausleuchtung und sorgt auch unter dunkelsten Bedingungen f\u00fcr klare Sicht. Der verstellbare Riemen garantiert einen bequemen Sitz f\u00fcr alle Benutzer, w\u00e4hrend die robuste und dennoch leichte ABS-Konstruktion sie ideal f\u00fcr l\u00e4ngeres Tragen macht. Diese wiederaufladbare Stirnlampe ist perfekt f\u00fcr Camping, Wandern oder andere Outdoor-Aktivit\u00e4ten, bei denen Sie beide H\u00e4nde frei haben m\u00fcssen. Dank ihrer robusten Konstruktion und vielseitigen Funktionalit\u00e4t k\u00f6nnen Sie sich auf unsere Stirnlampe verlassen, um Ihren Weg zu beleuchten und Ihre Outdoor-Erlebnisse zu verbessern.<\/p>\n<p>&nbsp;<\/p>\n<p>Eigenschaften:<\/p>\n<ul>\n<li>500mAh &#8211; 14500 Li-Ion<\/li>\n<li>150 lumen<\/li>\n<\/ul>\n<p><!--EndFragment --><\/p>\n","protected":false},"excerpt":{"rendered":"<p>Leichtgewichtige Stirnlampe mit wei\u00dfem und rotem Licht f\u00fcr den Au\u00dfenbereich, fachm\u00e4nnisch entwickelt f\u00fcr Abenteurer und Outdoor-Enthusiasten. Ausgestattet mit einer leistungsstarken LED-Leuchte bietet diese Stirnlampe eine au\u00dfergew\u00f6hnliche Ausleuchtung und sorgt auch unter dunkelsten Bedingungen f\u00fcr klare Sicht. Der verstellbare Riemen garantiert einen bequemen Sitz f\u00fcr alle Benutzer, w\u00e4hrend die robuste und dennoch leichte ABS-Konstruktion sie ideal [&hellip;]<\/p>\n","protected":false},"featured_media":231016,"template":"","meta":{"_acf_changed":false},"product_featured_cat":[],"product_brand":[],"product_cat":[4374],"product_tag":[],"class_list":{"0":"post-231020","1":"product","2":"type-product","3":"status-publish","4":"has-post-thumbnail","6":"product_cat-stirnlampen","8":"first","9":"instock","10":"taxable","11":"shipping-taxable","12":"purchasable","13":"product-type-simple"},"acf":[],"yoast_head":"<!-- This site is optimized with the Yoast SEO plugin v27.5 - https:\/\/yoast.com\/product\/yoast-seo-wordpress\/ -->\n<title>Stirnlampe TABIT NG dunkelgrau\/schwarz - Bantam<\/title>\n<meta name=\"robots\" content=\"index, follow, max-snippet:-1, max-image-preview:large, max-video-preview:-1\" \/>\n<link rel=\"canonical\" href=\"https:\/\/shop.bantam.ch\/de\/produkt\/stirnlampe-tabit-ng-dunkelgrau-schwarz\/\" \/>\n<meta property=\"og:locale\" content=\"de_DE\" \/>\n<meta property=\"og:type\" content=\"article\" \/>\n<meta property=\"og:title\" content=\"Stirnlampe TABIT NG dunkelgrau\/schwarz - Bantam\" \/>\n<meta property=\"og:description\" content=\"Leichtgewichtige Stirnlampe mit wei\u00dfem und rotem Licht f\u00fcr den Au\u00dfenbereich, fachm\u00e4nnisch entwickelt f\u00fcr Abenteurer und Outdoor-Enthusiasten. Ausgestattet mit einer leistungsstarken LED-Leuchte bietet diese Stirnlampe eine au\u00dfergew\u00f6hnliche Ausleuchtung und sorgt auch unter dunkelsten Bedingungen f\u00fcr klare Sicht. Der verstellbare Riemen garantiert einen bequemen Sitz f\u00fcr alle Benutzer, w\u00e4hrend die robuste und dennoch leichte ABS-Konstruktion sie ideal [&hellip;]\" \/>\n<meta property=\"og:url\" content=\"https:\/\/shop.bantam.ch\/de\/produkt\/stirnlampe-tabit-ng-dunkelgrau-schwarz\/\" \/>\n<meta property=\"og:site_name\" content=\"Bantam\" \/>\n<meta property=\"article:modified_time\" content=\"2026-05-10T21:51:11+00:00\" \/>\n<meta name=\"twitter:card\" content=\"summary_large_image\" \/>\n<meta name=\"twitter:label1\" content=\"Gesch\u00e4tzte Lesezeit\" \/>\n\t<meta name=\"twitter:data1\" content=\"1\u00a0Minute\" \/>\n<script type=\"application\/ld+json\" class=\"yoast-schema-graph\">{\"@context\":\"https:\\\/\\\/schema.org\",\"@graph\":[{\"@type\":\"WebPage\",\"@id\":\"https:\\\/\\\/shop.bantam.ch\\\/de\\\/produkt\\\/stirnlampe-tabit-ng-dunkelgrau-schwarz\\\/\",\"url\":\"https:\\\/\\\/shop.bantam.ch\\\/de\\\/produkt\\\/stirnlampe-tabit-ng-dunkelgrau-schwarz\\\/\",\"name\":\"Stirnlampe TABIT NG dunkelgrau\\\/schwarz - Bantam\",\"isPartOf\":{\"@id\":\"https:\\\/\\\/shop.bantam.ch\\\/de\\\/#website\"},\"primaryImageOfPage\":{\"@id\":\"https:\\\/\\\/shop.bantam.ch\\\/de\\\/produkt\\\/stirnlampe-tabit-ng-dunkelgrau-schwarz\\\/#primaryimage\"},\"image\":{\"@id\":\"https:\\\/\\\/shop.bantam.ch\\\/de\\\/produkt\\\/stirnlampe-tabit-ng-dunkelgrau-schwarz\\\/#primaryimage\"},\"thumbnailUrl\":\"https:\\\/\\\/shop.bantam.ch\\\/wp-content\\\/uploads\\\/2026\\\/01\\\/Movera-L-9988038100.png\",\"datePublished\":\"2026-01-06T15:56:51+00:00\",\"dateModified\":\"2026-05-10T21:51:11+00:00\",\"breadcrumb\":{\"@id\":\"https:\\\/\\\/shop.bantam.ch\\\/de\\\/produkt\\\/stirnlampe-tabit-ng-dunkelgrau-schwarz\\\/#breadcrumb\"},\"inLanguage\":\"de\",\"potentialAction\":[{\"@type\":\"ReadAction\",\"target\":[\"https:\\\/\\\/shop.bantam.ch\\\/de\\\/produkt\\\/stirnlampe-tabit-ng-dunkelgrau-schwarz\\\/\"]}]},{\"@type\":\"ImageObject\",\"inLanguage\":\"de\",\"@id\":\"https:\\\/\\\/shop.bantam.ch\\\/de\\\/produkt\\\/stirnlampe-tabit-ng-dunkelgrau-schwarz\\\/#primaryimage\",\"url\":\"https:\\\/\\\/shop.bantam.ch\\\/wp-content\\\/uploads\\\/2026\\\/01\\\/Movera-L-9988038100.png\",\"contentUrl\":\"https:\\\/\\\/shop.bantam.ch\\\/wp-content\\\/uploads\\\/2026\\\/01\\\/Movera-L-9988038100.png\",\"width\":640,\"height\":222},{\"@type\":\"BreadcrumbList\",\"@id\":\"https:\\\/\\\/shop.bantam.ch\\\/de\\\/produkt\\\/stirnlampe-tabit-ng-dunkelgrau-schwarz\\\/#breadcrumb\",\"itemListElement\":[{\"@type\":\"ListItem\",\"position\":1,\"name\":\"Accueil\",\"item\":\"https:\\\/\\\/shop.bantam.ch\\\/de\\\/\"},{\"@type\":\"ListItem\",\"position\":2,\"name\":\"Shop\",\"item\":\"https:\\\/\\\/shop.bantam.ch\\\/de\\\/shop\\\/\"},{\"@type\":\"ListItem\",\"position\":3,\"name\":\"Stirnlampe TABIT NG dunkelgrau\\\/schwarz\"}]},{\"@type\":\"WebSite\",\"@id\":\"https:\\\/\\\/shop.bantam.ch\\\/de\\\/#website\",\"url\":\"https:\\\/\\\/shop.bantam.ch\\\/de\\\/\",\"name\":\"Bantam\",\"description\":\"\",\"publisher\":{\"@id\":\"https:\\\/\\\/shop.bantam.ch\\\/de\\\/#organization\"},\"inLanguage\":\"de\"},{\"@type\":\"Organization\",\"@id\":\"https:\\\/\\\/shop.bantam.ch\\\/de\\\/#organization\",\"name\":\"Bantam\",\"url\":\"https:\\\/\\\/shop.bantam.ch\\\/de\\\/\",\"logo\":{\"@type\":\"ImageObject\",\"inLanguage\":\"de\",\"@id\":\"https:\\\/\\\/shop.bantam.ch\\\/de\\\/#\\\/schema\\\/logo\\\/image\\\/\",\"url\":\"https:\\\/\\\/shop.bantam.ch\\\/wp-content\\\/uploads\\\/2022\\\/12\\\/bantam-logo.png\",\"contentUrl\":\"https:\\\/\\\/shop.bantam.ch\\\/wp-content\\\/uploads\\\/2022\\\/12\\\/bantam-logo.png\",\"width\":320,\"height\":71,\"caption\":\"Bantam\"},\"image\":{\"@id\":\"https:\\\/\\\/shop.bantam.ch\\\/de\\\/#\\\/schema\\\/logo\\\/image\\\/\"}}]}<\/script>\n<!-- \/ Yoast SEO plugin. -->","yoast_head_json":{"title":"Stirnlampe TABIT NG dunkelgrau\/schwarz - Bantam","robots":{"index":"index","follow":"follow","max-snippet":"max-snippet:-1","max-image-preview":"max-image-preview:large","max-video-preview":"max-video-preview:-1"},"canonical":"https:\/\/shop.bantam.ch\/de\/produkt\/stirnlampe-tabit-ng-dunkelgrau-schwarz\/","og_locale":"de_DE","og_type":"article","og_title":"Stirnlampe TABIT NG dunkelgrau\/schwarz - Bantam","og_description":"Leichtgewichtige Stirnlampe mit wei\u00dfem und rotem Licht f\u00fcr den Au\u00dfenbereich, fachm\u00e4nnisch entwickelt f\u00fcr Abenteurer und Outdoor-Enthusiasten. Ausgestattet mit einer leistungsstarken LED-Leuchte bietet diese Stirnlampe eine au\u00dfergew\u00f6hnliche Ausleuchtung und sorgt auch unter dunkelsten Bedingungen f\u00fcr klare Sicht. Der verstellbare Riemen garantiert einen bequemen Sitz f\u00fcr alle Benutzer, w\u00e4hrend die robuste und dennoch leichte ABS-Konstruktion sie ideal [&hellip;]","og_url":"https:\/\/shop.bantam.ch\/de\/produkt\/stirnlampe-tabit-ng-dunkelgrau-schwarz\/","og_site_name":"Bantam","article_modified_time":"2026-05-10T21:51:11+00:00","twitter_card":"summary_large_image","twitter_misc":{"Gesch\u00e4tzte Lesezeit":"1\u00a0Minute"},"schema":{"@context":"https:\/\/schema.org","@graph":[{"@type":"WebPage","@id":"https:\/\/shop.bantam.ch\/de\/produkt\/stirnlampe-tabit-ng-dunkelgrau-schwarz\/","url":"https:\/\/shop.bantam.ch\/de\/produkt\/stirnlampe-tabit-ng-dunkelgrau-schwarz\/","name":"Stirnlampe TABIT NG dunkelgrau\/schwarz - Bantam","isPartOf":{"@id":"https:\/\/shop.bantam.ch\/de\/#website"},"primaryImageOfPage":{"@id":"https:\/\/shop.bantam.ch\/de\/produkt\/stirnlampe-tabit-ng-dunkelgrau-schwarz\/#primaryimage"},"image":{"@id":"https:\/\/shop.bantam.ch\/de\/produkt\/stirnlampe-tabit-ng-dunkelgrau-schwarz\/#primaryimage"},"thumbnailUrl":"https:\/\/shop.bantam.ch\/wp-content\/uploads\/2026\/01\/Movera-L-9988038100.png","datePublished":"2026-01-06T15:56:51+00:00","dateModified":"2026-05-10T21:51:11+00:00","breadcrumb":{"@id":"https:\/\/shop.bantam.ch\/de\/produkt\/stirnlampe-tabit-ng-dunkelgrau-schwarz\/#breadcrumb"},"inLanguage":"de","potentialAction":[{"@type":"ReadAction","target":["https:\/\/shop.bantam.ch\/de\/produkt\/stirnlampe-tabit-ng-dunkelgrau-schwarz\/"]}]},{"@type":"ImageObject","inLanguage":"de","@id":"https:\/\/shop.bantam.ch\/de\/produkt\/stirnlampe-tabit-ng-dunkelgrau-schwarz\/#primaryimage","url":"https:\/\/shop.bantam.ch\/wp-content\/uploads\/2026\/01\/Movera-L-9988038100.png","contentUrl":"https:\/\/shop.bantam.ch\/wp-content\/uploads\/2026\/01\/Movera-L-9988038100.png","width":640,"height":222},{"@type":"BreadcrumbList","@id":"https:\/\/shop.bantam.ch\/de\/produkt\/stirnlampe-tabit-ng-dunkelgrau-schwarz\/#breadcrumb","itemListElement":[{"@type":"ListItem","position":1,"name":"Accueil","item":"https:\/\/shop.bantam.ch\/de\/"},{"@type":"ListItem","position":2,"name":"Shop","item":"https:\/\/shop.bantam.ch\/de\/shop\/"},{"@type":"ListItem","position":3,"name":"Stirnlampe TABIT NG dunkelgrau\/schwarz"}]},{"@type":"WebSite","@id":"https:\/\/shop.bantam.ch\/de\/#website","url":"https:\/\/shop.bantam.ch\/de\/","name":"Bantam","description":"","publisher":{"@id":"https:\/\/shop.bantam.ch\/de\/#organization"},"inLanguage":"de"},{"@type":"Organization","@id":"https:\/\/shop.bantam.ch\/de\/#organization","name":"Bantam","url":"https:\/\/shop.bantam.ch\/de\/","logo":{"@type":"ImageObject","inLanguage":"de","@id":"https:\/\/shop.bantam.ch\/de\/#\/schema\/logo\/image\/","url":"https:\/\/shop.bantam.ch\/wp-content\/uploads\/2022\/12\/bantam-logo.png","contentUrl":"https:\/\/shop.bantam.ch\/wp-content\/uploads\/2022\/12\/bantam-logo.png","width":320,"height":71,"caption":"Bantam"},"image":{"@id":"https:\/\/shop.bantam.ch\/de\/#\/schema\/logo\/image\/"}}]}},"_links":{"self":[{"href":"https:\/\/shop.bantam.ch\/de\/wp-json\/wp\/v2\/product\/231020","targetHints":{"allow":["GET"]}}],"collection":[{"href":"https:\/\/shop.bantam.ch\/de\/wp-json\/wp\/v2\/product"}],"about":[{"href":"https:\/\/shop.bantam.ch\/de\/wp-json\/wp\/v2\/types\/product"}],"wp:featuredmedia":[{"embeddable":true,"href":"https:\/\/shop.bantam.ch\/de\/wp-json\/wp\/v2\/media\/231016"}],"wp:attachment":[{"href":"https:\/\/shop.bantam.ch\/de\/wp-json\/wp\/v2\/media?parent=231020"}],"wp:term":[{"taxonomy":"product_featured_cat","embeddable":true,"href":"https:\/\/shop.bantam.ch\/de\/wp-json\/wp\/v2\/product_featured_cat?post=231020"},{"taxonomy":"product_brand","embeddable":true,"href":"https:\/\/shop.bantam.ch\/de\/wp-json\/wp\/v2\/product_brand?post=231020"},{"taxonomy":"product_cat","embeddable":true,"href":"https:\/\/shop.bantam.ch\/de\/wp-json\/wp\/v2\/product_cat?post=231020"},{"taxonomy":"product_tag","embeddable":true,"href":"https:\/\/shop.bantam.ch\/de\/wp-json\/wp\/v2\/product_tag?post=231020"}],"curies":[{"name":"wp","href":"https:\/\/api.w.org\/{rel}","templated":true}]}}