{"id":231004,"date":"2026-01-06T16:56:35","date_gmt":"2026-01-06T15:56:35","guid":{"rendered":"https:\/\/shop.bantam.ch\/produit\/led-tischleuchte-lalux-weiss\/"},"modified":"2026-04-19T23:59:13","modified_gmt":"2026-04-19T21:59:13","slug":"led-tischleuchte-lalux-weiss","status":"publish","type":"product","link":"https:\/\/shop.bantam.ch\/de\/produkt\/led-tischleuchte-lalux-weiss\/","title":{"rendered":"LED-Tischleuchte LALUX wei\u00df"},"content":{"rendered":"<p><!--StartFragment -->Kompakte Tischleuchte mit hocheffizienter LED-Technologie. Diese elegante Leuchte bietet zwei w\u00e4hlbare Lichtt\u00f6ne mit einstellbarer Intensit\u00e4t. Der rutschfeste Sockel sorgt f\u00fcr maximale Stabilit\u00e4t und macht sie perfekt f\u00fcr jede Umgebung. Aufladbar \u00fcber USB-C.<\/p>\n<p>&nbsp;<\/p>\n<p>Eigenschaften:<\/p>\n<ul>\n<li>2600 mAh Li-ION<\/li>\n<li>200 lumen<\/li>\n<li>Leuchtdauer 10-24 h<\/li>\n<li>USB-C<\/li>\n<li>Ladedauer 4 Stunden<\/li>\n<\/ul>\n<p><!--EndFragment --><\/p>\n","protected":false},"excerpt":{"rendered":"<p>Kompakte Tischleuchte mit hocheffizienter LED-Technologie. Diese elegante Leuchte bietet zwei w\u00e4hlbare Lichtt\u00f6ne mit einstellbarer Intensit\u00e4t. Der rutschfeste Sockel sorgt f\u00fcr maximale Stabilit\u00e4t und macht sie perfekt f\u00fcr jede Umgebung. Aufladbar \u00fcber USB-C. &nbsp; Eigenschaften: 2600 mAh Li-ION 200 lumen Leuchtdauer 10-24 h USB-C Ladedauer 4 Stunden<\/p>\n","protected":false},"featured_media":230994,"template":"","meta":{"_acf_changed":false},"product_featured_cat":[],"product_brand":[],"product_cat":[4020],"product_tag":[],"class_list":{"0":"post-231004","1":"product","2":"type-product","3":"status-publish","4":"has-post-thumbnail","6":"product_cat-camping-outdoor-leuchten","8":"first","9":"instock","10":"taxable","11":"shipping-taxable","12":"purchasable","13":"product-type-simple"},"acf":[],"yoast_head":"<!-- This site is optimized with the Yoast SEO plugin v27.4 - https:\/\/yoast.com\/product\/yoast-seo-wordpress\/ -->\n<title>LED-Tischleuchte LALUX wei\u00df - Bantam Camping AG<\/title>\n<meta name=\"robots\" content=\"index, follow, max-snippet:-1, max-image-preview:large, max-video-preview:-1\" \/>\n<link rel=\"canonical\" href=\"https:\/\/shop.bantam.ch\/de\/produkt\/led-tischleuchte-lalux-weiss\/\" \/>\n<meta property=\"og:locale\" content=\"de_DE\" \/>\n<meta property=\"og:type\" content=\"article\" \/>\n<meta property=\"og:title\" content=\"LED-Tischleuchte LALUX wei\u00df - Bantam Camping AG\" \/>\n<meta property=\"og:description\" content=\"Kompakte Tischleuchte mit hocheffizienter LED-Technologie. Diese elegante Leuchte bietet zwei w\u00e4hlbare Lichtt\u00f6ne mit einstellbarer Intensit\u00e4t. Der rutschfeste Sockel sorgt f\u00fcr maximale Stabilit\u00e4t und macht sie perfekt f\u00fcr jede Umgebung. Aufladbar \u00fcber USB-C. &nbsp; Eigenschaften: 2600 mAh Li-ION 200 lumen Leuchtdauer 10-24 h USB-C Ladedauer 4 Stunden\" \/>\n<meta property=\"og:url\" content=\"https:\/\/shop.bantam.ch\/de\/produkt\/led-tischleuchte-lalux-weiss\/\" \/>\n<meta property=\"og:site_name\" content=\"Bantam Camping AG\" \/>\n<meta property=\"article:modified_time\" content=\"2026-04-19T21:59:13+00:00\" \/>\n<meta name=\"twitter:card\" content=\"summary_large_image\" \/>\n<script type=\"application\/ld+json\" class=\"yoast-schema-graph\">{\"@context\":\"https:\\\/\\\/schema.org\",\"@graph\":[{\"@type\":\"WebPage\",\"@id\":\"https:\\\/\\\/shop.bantam.ch\\\/de\\\/produkt\\\/led-tischleuchte-lalux-weiss\\\/\",\"url\":\"https:\\\/\\\/shop.bantam.ch\\\/de\\\/produkt\\\/led-tischleuchte-lalux-weiss\\\/\",\"name\":\"LED-Tischleuchte LALUX wei\u00df - Bantam Camping AG\",\"isPartOf\":{\"@id\":\"https:\\\/\\\/shop.bantam.ch\\\/de\\\/#website\"},\"primaryImageOfPage\":{\"@id\":\"https:\\\/\\\/shop.bantam.ch\\\/de\\\/produkt\\\/led-tischleuchte-lalux-weiss\\\/#primaryimage\"},\"image\":{\"@id\":\"https:\\\/\\\/shop.bantam.ch\\\/de\\\/produkt\\\/led-tischleuchte-lalux-weiss\\\/#primaryimage\"},\"thumbnailUrl\":\"https:\\\/\\\/shop.bantam.ch\\\/wp-content\\\/uploads\\\/2026\\\/01\\\/Movera-L-9988036100.png\",\"datePublished\":\"2026-01-06T15:56:35+00:00\",\"dateModified\":\"2026-04-19T21:59:13+00:00\",\"breadcrumb\":{\"@id\":\"https:\\\/\\\/shop.bantam.ch\\\/de\\\/produkt\\\/led-tischleuchte-lalux-weiss\\\/#breadcrumb\"},\"inLanguage\":\"de\",\"potentialAction\":[{\"@type\":\"ReadAction\",\"target\":[\"https:\\\/\\\/shop.bantam.ch\\\/de\\\/produkt\\\/led-tischleuchte-lalux-weiss\\\/\"]}]},{\"@type\":\"ImageObject\",\"inLanguage\":\"de\",\"@id\":\"https:\\\/\\\/shop.bantam.ch\\\/de\\\/produkt\\\/led-tischleuchte-lalux-weiss\\\/#primaryimage\",\"url\":\"https:\\\/\\\/shop.bantam.ch\\\/wp-content\\\/uploads\\\/2026\\\/01\\\/Movera-L-9988036100.png\",\"contentUrl\":\"https:\\\/\\\/shop.bantam.ch\\\/wp-content\\\/uploads\\\/2026\\\/01\\\/Movera-L-9988036100.png\",\"width\":502,\"height\":1500},{\"@type\":\"BreadcrumbList\",\"@id\":\"https:\\\/\\\/shop.bantam.ch\\\/de\\\/produkt\\\/led-tischleuchte-lalux-weiss\\\/#breadcrumb\",\"itemListElement\":[{\"@type\":\"ListItem\",\"position\":1,\"name\":\"Accueil\",\"item\":\"https:\\\/\\\/shop.bantam.ch\\\/de\\\/\"},{\"@type\":\"ListItem\",\"position\":2,\"name\":\"Shop\",\"item\":\"https:\\\/\\\/shop.bantam.ch\\\/de\\\/shop\\\/\"},{\"@type\":\"ListItem\",\"position\":3,\"name\":\"LED-Tischleuchte LALUX wei\u00df\"}]},{\"@type\":\"WebSite\",\"@id\":\"https:\\\/\\\/shop.bantam.ch\\\/de\\\/#website\",\"url\":\"https:\\\/\\\/shop.bantam.ch\\\/de\\\/\",\"name\":\"Bantam Camping AG\",\"description\":\"\",\"publisher\":{\"@id\":\"https:\\\/\\\/shop.bantam.ch\\\/de\\\/#organization\"},\"inLanguage\":\"de\"},{\"@type\":\"Organization\",\"@id\":\"https:\\\/\\\/shop.bantam.ch\\\/de\\\/#organization\",\"name\":\"Bantam Camping AG\",\"url\":\"https:\\\/\\\/shop.bantam.ch\\\/de\\\/\",\"logo\":{\"@type\":\"ImageObject\",\"inLanguage\":\"de\",\"@id\":\"https:\\\/\\\/shop.bantam.ch\\\/de\\\/#\\\/schema\\\/logo\\\/image\\\/\",\"url\":\"https:\\\/\\\/shop.bantam.ch\\\/wp-content\\\/uploads\\\/2022\\\/12\\\/bantam-logo.png\",\"contentUrl\":\"https:\\\/\\\/shop.bantam.ch\\\/wp-content\\\/uploads\\\/2022\\\/12\\\/bantam-logo.png\",\"width\":320,\"height\":71,\"caption\":\"Bantam Camping AG\"},\"image\":{\"@id\":\"https:\\\/\\\/shop.bantam.ch\\\/de\\\/#\\\/schema\\\/logo\\\/image\\\/\"}}]}<\/script>\n<!-- \/ Yoast SEO plugin. -->","yoast_head_json":{"title":"LED-Tischleuchte LALUX wei\u00df - Bantam Camping AG","robots":{"index":"index","follow":"follow","max-snippet":"max-snippet:-1","max-image-preview":"max-image-preview:large","max-video-preview":"max-video-preview:-1"},"canonical":"https:\/\/shop.bantam.ch\/de\/produkt\/led-tischleuchte-lalux-weiss\/","og_locale":"de_DE","og_type":"article","og_title":"LED-Tischleuchte LALUX wei\u00df - Bantam Camping AG","og_description":"Kompakte Tischleuchte mit hocheffizienter LED-Technologie. Diese elegante Leuchte bietet zwei w\u00e4hlbare Lichtt\u00f6ne mit einstellbarer Intensit\u00e4t. Der rutschfeste Sockel sorgt f\u00fcr maximale Stabilit\u00e4t und macht sie perfekt f\u00fcr jede Umgebung. Aufladbar \u00fcber USB-C. &nbsp; Eigenschaften: 2600 mAh Li-ION 200 lumen Leuchtdauer 10-24 h USB-C Ladedauer 4 Stunden","og_url":"https:\/\/shop.bantam.ch\/de\/produkt\/led-tischleuchte-lalux-weiss\/","og_site_name":"Bantam Camping AG","article_modified_time":"2026-04-19T21:59:13+00:00","twitter_card":"summary_large_image","schema":{"@context":"https:\/\/schema.org","@graph":[{"@type":"WebPage","@id":"https:\/\/shop.bantam.ch\/de\/produkt\/led-tischleuchte-lalux-weiss\/","url":"https:\/\/shop.bantam.ch\/de\/produkt\/led-tischleuchte-lalux-weiss\/","name":"LED-Tischleuchte LALUX wei\u00df - Bantam Camping AG","isPartOf":{"@id":"https:\/\/shop.bantam.ch\/de\/#website"},"primaryImageOfPage":{"@id":"https:\/\/shop.bantam.ch\/de\/produkt\/led-tischleuchte-lalux-weiss\/#primaryimage"},"image":{"@id":"https:\/\/shop.bantam.ch\/de\/produkt\/led-tischleuchte-lalux-weiss\/#primaryimage"},"thumbnailUrl":"https:\/\/shop.bantam.ch\/wp-content\/uploads\/2026\/01\/Movera-L-9988036100.png","datePublished":"2026-01-06T15:56:35+00:00","dateModified":"2026-04-19T21:59:13+00:00","breadcrumb":{"@id":"https:\/\/shop.bantam.ch\/de\/produkt\/led-tischleuchte-lalux-weiss\/#breadcrumb"},"inLanguage":"de","potentialAction":[{"@type":"ReadAction","target":["https:\/\/shop.bantam.ch\/de\/produkt\/led-tischleuchte-lalux-weiss\/"]}]},{"@type":"ImageObject","inLanguage":"de","@id":"https:\/\/shop.bantam.ch\/de\/produkt\/led-tischleuchte-lalux-weiss\/#primaryimage","url":"https:\/\/shop.bantam.ch\/wp-content\/uploads\/2026\/01\/Movera-L-9988036100.png","contentUrl":"https:\/\/shop.bantam.ch\/wp-content\/uploads\/2026\/01\/Movera-L-9988036100.png","width":502,"height":1500},{"@type":"BreadcrumbList","@id":"https:\/\/shop.bantam.ch\/de\/produkt\/led-tischleuchte-lalux-weiss\/#breadcrumb","itemListElement":[{"@type":"ListItem","position":1,"name":"Accueil","item":"https:\/\/shop.bantam.ch\/de\/"},{"@type":"ListItem","position":2,"name":"Shop","item":"https:\/\/shop.bantam.ch\/de\/shop\/"},{"@type":"ListItem","position":3,"name":"LED-Tischleuchte LALUX wei\u00df"}]},{"@type":"WebSite","@id":"https:\/\/shop.bantam.ch\/de\/#website","url":"https:\/\/shop.bantam.ch\/de\/","name":"Bantam Camping AG","description":"","publisher":{"@id":"https:\/\/shop.bantam.ch\/de\/#organization"},"inLanguage":"de"},{"@type":"Organization","@id":"https:\/\/shop.bantam.ch\/de\/#organization","name":"Bantam Camping AG","url":"https:\/\/shop.bantam.ch\/de\/","logo":{"@type":"ImageObject","inLanguage":"de","@id":"https:\/\/shop.bantam.ch\/de\/#\/schema\/logo\/image\/","url":"https:\/\/shop.bantam.ch\/wp-content\/uploads\/2022\/12\/bantam-logo.png","contentUrl":"https:\/\/shop.bantam.ch\/wp-content\/uploads\/2022\/12\/bantam-logo.png","width":320,"height":71,"caption":"Bantam Camping AG"},"image":{"@id":"https:\/\/shop.bantam.ch\/de\/#\/schema\/logo\/image\/"}}]}},"_links":{"self":[{"href":"https:\/\/shop.bantam.ch\/de\/wp-json\/wp\/v2\/product\/231004","targetHints":{"allow":["GET"]}}],"collection":[{"href":"https:\/\/shop.bantam.ch\/de\/wp-json\/wp\/v2\/product"}],"about":[{"href":"https:\/\/shop.bantam.ch\/de\/wp-json\/wp\/v2\/types\/product"}],"wp:featuredmedia":[{"embeddable":true,"href":"https:\/\/shop.bantam.ch\/de\/wp-json\/wp\/v2\/media\/230994"}],"wp:attachment":[{"href":"https:\/\/shop.bantam.ch\/de\/wp-json\/wp\/v2\/media?parent=231004"}],"wp:term":[{"taxonomy":"product_featured_cat","embeddable":true,"href":"https:\/\/shop.bantam.ch\/de\/wp-json\/wp\/v2\/product_featured_cat?post=231004"},{"taxonomy":"product_brand","embeddable":true,"href":"https:\/\/shop.bantam.ch\/de\/wp-json\/wp\/v2\/product_brand?post=231004"},{"taxonomy":"product_cat","embeddable":true,"href":"https:\/\/shop.bantam.ch\/de\/wp-json\/wp\/v2\/product_cat?post=231004"},{"taxonomy":"product_tag","embeddable":true,"href":"https:\/\/shop.bantam.ch\/de\/wp-json\/wp\/v2\/product_tag?post=231004"}],"curies":[{"name":"wp","href":"https:\/\/api.w.org\/{rel}","templated":true}]}}