{"id":230782,"date":"2026-01-06T16:51:42","date_gmt":"2026-01-06T15:51:42","guid":{"rendered":"https:\/\/shop.bantam.ch\/produit\/karaffe-superglas-club-carafe-l-1-l-crystal-clear\/"},"modified":"2026-05-02T23:47:19","modified_gmt":"2026-05-02T21:47:19","slug":"karaffe-superglas-club-carafe-l-1-l-crystal-clear","status":"publish","type":"product","link":"https:\/\/shop.bantam.ch\/de\/produkt\/karaffe-superglas-club-carafe-l-1-l-crystal-clear\/","title":{"rendered":"Karaffe Superglas CLUB CARAFE L, 1 l crystal clear"},"content":{"rendered":"<p>Sch\u00f6ner lassen sich Wasser, Saft, Eistee und hausgemachte Limonade nicht servieren. Die funkelnde Karaffe fasst einen Liter und hat einen originellen Kippdeckel, der sich beim Ausgie\u00dfen sanft neigt, Fr\u00fcchte und Eisw\u00fcrfel jedoch zuverl\u00e4ssig an Ort und Stelle h\u00e4lt.<br \/>\n100 % recycelbar, CO\u00b2 neutral produziert. unzerbrechlich \/ langlebig \/ Mehrweg.<\/p>\n","protected":false},"excerpt":{"rendered":"<p>Sch\u00f6ner lassen sich Wasser, Saft, Eistee und hausgemachte Limonade nicht servieren. Die funkelnde Karaffe fasst einen Liter und hat einen originellen Kippdeckel, der sich beim Ausgie\u00dfen sanft neigt, Fr\u00fcchte und Eisw\u00fcrfel jedoch zuverl\u00e4ssig an Ort und Stelle h\u00e4lt. 100 % recycelbar, CO\u00b2 neutral produziert. unzerbrechlich \/ langlebig \/ Mehrweg.<\/p>\n","protected":false},"featured_media":230776,"template":"","meta":{"_acf_changed":false},"product_featured_cat":[],"product_brand":[],"product_cat":[5338],"product_tag":[],"class_list":{"0":"post-230782","1":"product","2":"type-product","3":"status-publish","4":"has-post-thumbnail","6":"product_cat-glaeser","8":"first","9":"instock","10":"taxable","11":"shipping-taxable","12":"purchasable","13":"product-type-simple"},"acf":[],"yoast_head":"<!-- This site is optimized with the Yoast SEO plugin v27.5 - https:\/\/yoast.com\/product\/yoast-seo-wordpress\/ -->\n<title>Karaffe Superglas CLUB CARAFE L, 1 l crystal clear - Bantam<\/title>\n<meta name=\"robots\" content=\"index, follow, max-snippet:-1, max-image-preview:large, max-video-preview:-1\" \/>\n<link rel=\"canonical\" href=\"https:\/\/shop.bantam.ch\/de\/produkt\/karaffe-superglas-club-carafe-l-1-l-crystal-clear\/\" \/>\n<meta property=\"og:locale\" content=\"de_DE\" \/>\n<meta property=\"og:type\" content=\"article\" \/>\n<meta property=\"og:title\" content=\"Karaffe Superglas CLUB CARAFE L, 1 l crystal clear - Bantam\" \/>\n<meta property=\"og:description\" content=\"Sch\u00f6ner lassen sich Wasser, Saft, Eistee und hausgemachte Limonade nicht servieren. Die funkelnde Karaffe fasst einen Liter und hat einen originellen Kippdeckel, der sich beim Ausgie\u00dfen sanft neigt, Fr\u00fcchte und Eisw\u00fcrfel jedoch zuverl\u00e4ssig an Ort und Stelle h\u00e4lt. 100 % recycelbar, CO\u00b2 neutral produziert. unzerbrechlich \/ langlebig \/ Mehrweg.\" \/>\n<meta property=\"og:url\" content=\"https:\/\/shop.bantam.ch\/de\/produkt\/karaffe-superglas-club-carafe-l-1-l-crystal-clear\/\" \/>\n<meta property=\"og:site_name\" content=\"Bantam\" \/>\n<meta property=\"article:modified_time\" content=\"2026-05-02T21:47:19+00:00\" \/>\n<meta name=\"twitter:card\" content=\"summary_large_image\" \/>\n<script type=\"application\/ld+json\" class=\"yoast-schema-graph\">{\"@context\":\"https:\\\/\\\/schema.org\",\"@graph\":[{\"@type\":\"WebPage\",\"@id\":\"https:\\\/\\\/shop.bantam.ch\\\/de\\\/produkt\\\/karaffe-superglas-club-carafe-l-1-l-crystal-clear\\\/\",\"url\":\"https:\\\/\\\/shop.bantam.ch\\\/de\\\/produkt\\\/karaffe-superglas-club-carafe-l-1-l-crystal-clear\\\/\",\"name\":\"Karaffe Superglas CLUB CARAFE L, 1 l crystal clear - Bantam\",\"isPartOf\":{\"@id\":\"https:\\\/\\\/shop.bantam.ch\\\/de\\\/#website\"},\"primaryImageOfPage\":{\"@id\":\"https:\\\/\\\/shop.bantam.ch\\\/de\\\/produkt\\\/karaffe-superglas-club-carafe-l-1-l-crystal-clear\\\/#primaryimage\"},\"image\":{\"@id\":\"https:\\\/\\\/shop.bantam.ch\\\/de\\\/produkt\\\/karaffe-superglas-club-carafe-l-1-l-crystal-clear\\\/#primaryimage\"},\"thumbnailUrl\":\"https:\\\/\\\/shop.bantam.ch\\\/wp-content\\\/uploads\\\/2026\\\/01\\\/Movera-L-9987082100.jpg\",\"datePublished\":\"2026-01-06T15:51:42+00:00\",\"dateModified\":\"2026-05-02T21:47:19+00:00\",\"breadcrumb\":{\"@id\":\"https:\\\/\\\/shop.bantam.ch\\\/de\\\/produkt\\\/karaffe-superglas-club-carafe-l-1-l-crystal-clear\\\/#breadcrumb\"},\"inLanguage\":\"de\",\"potentialAction\":[{\"@type\":\"ReadAction\",\"target\":[\"https:\\\/\\\/shop.bantam.ch\\\/de\\\/produkt\\\/karaffe-superglas-club-carafe-l-1-l-crystal-clear\\\/\"]}]},{\"@type\":\"ImageObject\",\"inLanguage\":\"de\",\"@id\":\"https:\\\/\\\/shop.bantam.ch\\\/de\\\/produkt\\\/karaffe-superglas-club-carafe-l-1-l-crystal-clear\\\/#primaryimage\",\"url\":\"https:\\\/\\\/shop.bantam.ch\\\/wp-content\\\/uploads\\\/2026\\\/01\\\/Movera-L-9987082100.jpg\",\"contentUrl\":\"https:\\\/\\\/shop.bantam.ch\\\/wp-content\\\/uploads\\\/2026\\\/01\\\/Movera-L-9987082100.jpg\",\"width\":640,\"height\":640},{\"@type\":\"BreadcrumbList\",\"@id\":\"https:\\\/\\\/shop.bantam.ch\\\/de\\\/produkt\\\/karaffe-superglas-club-carafe-l-1-l-crystal-clear\\\/#breadcrumb\",\"itemListElement\":[{\"@type\":\"ListItem\",\"position\":1,\"name\":\"Accueil\",\"item\":\"https:\\\/\\\/shop.bantam.ch\\\/de\\\/\"},{\"@type\":\"ListItem\",\"position\":2,\"name\":\"Shop\",\"item\":\"https:\\\/\\\/shop.bantam.ch\\\/de\\\/shop\\\/\"},{\"@type\":\"ListItem\",\"position\":3,\"name\":\"Karaffe Superglas CLUB CARAFE L, 1 l crystal clear\"}]},{\"@type\":\"WebSite\",\"@id\":\"https:\\\/\\\/shop.bantam.ch\\\/de\\\/#website\",\"url\":\"https:\\\/\\\/shop.bantam.ch\\\/de\\\/\",\"name\":\"Bantam\",\"description\":\"\",\"publisher\":{\"@id\":\"https:\\\/\\\/shop.bantam.ch\\\/de\\\/#organization\"},\"inLanguage\":\"de\"},{\"@type\":\"Organization\",\"@id\":\"https:\\\/\\\/shop.bantam.ch\\\/de\\\/#organization\",\"name\":\"Bantam\",\"url\":\"https:\\\/\\\/shop.bantam.ch\\\/de\\\/\",\"logo\":{\"@type\":\"ImageObject\",\"inLanguage\":\"de\",\"@id\":\"https:\\\/\\\/shop.bantam.ch\\\/de\\\/#\\\/schema\\\/logo\\\/image\\\/\",\"url\":\"https:\\\/\\\/shop.bantam.ch\\\/wp-content\\\/uploads\\\/2022\\\/12\\\/bantam-logo.png\",\"contentUrl\":\"https:\\\/\\\/shop.bantam.ch\\\/wp-content\\\/uploads\\\/2022\\\/12\\\/bantam-logo.png\",\"width\":320,\"height\":71,\"caption\":\"Bantam\"},\"image\":{\"@id\":\"https:\\\/\\\/shop.bantam.ch\\\/de\\\/#\\\/schema\\\/logo\\\/image\\\/\"}}]}<\/script>\n<!-- \/ Yoast SEO plugin. -->","yoast_head_json":{"title":"Karaffe Superglas CLUB CARAFE L, 1 l crystal clear - Bantam","robots":{"index":"index","follow":"follow","max-snippet":"max-snippet:-1","max-image-preview":"max-image-preview:large","max-video-preview":"max-video-preview:-1"},"canonical":"https:\/\/shop.bantam.ch\/de\/produkt\/karaffe-superglas-club-carafe-l-1-l-crystal-clear\/","og_locale":"de_DE","og_type":"article","og_title":"Karaffe Superglas CLUB CARAFE L, 1 l crystal clear - Bantam","og_description":"Sch\u00f6ner lassen sich Wasser, Saft, Eistee und hausgemachte Limonade nicht servieren. Die funkelnde Karaffe fasst einen Liter und hat einen originellen Kippdeckel, der sich beim Ausgie\u00dfen sanft neigt, Fr\u00fcchte und Eisw\u00fcrfel jedoch zuverl\u00e4ssig an Ort und Stelle h\u00e4lt. 100 % recycelbar, CO\u00b2 neutral produziert. unzerbrechlich \/ langlebig \/ Mehrweg.","og_url":"https:\/\/shop.bantam.ch\/de\/produkt\/karaffe-superglas-club-carafe-l-1-l-crystal-clear\/","og_site_name":"Bantam","article_modified_time":"2026-05-02T21:47:19+00:00","twitter_card":"summary_large_image","schema":{"@context":"https:\/\/schema.org","@graph":[{"@type":"WebPage","@id":"https:\/\/shop.bantam.ch\/de\/produkt\/karaffe-superglas-club-carafe-l-1-l-crystal-clear\/","url":"https:\/\/shop.bantam.ch\/de\/produkt\/karaffe-superglas-club-carafe-l-1-l-crystal-clear\/","name":"Karaffe Superglas CLUB CARAFE L, 1 l crystal clear - Bantam","isPartOf":{"@id":"https:\/\/shop.bantam.ch\/de\/#website"},"primaryImageOfPage":{"@id":"https:\/\/shop.bantam.ch\/de\/produkt\/karaffe-superglas-club-carafe-l-1-l-crystal-clear\/#primaryimage"},"image":{"@id":"https:\/\/shop.bantam.ch\/de\/produkt\/karaffe-superglas-club-carafe-l-1-l-crystal-clear\/#primaryimage"},"thumbnailUrl":"https:\/\/shop.bantam.ch\/wp-content\/uploads\/2026\/01\/Movera-L-9987082100.jpg","datePublished":"2026-01-06T15:51:42+00:00","dateModified":"2026-05-02T21:47:19+00:00","breadcrumb":{"@id":"https:\/\/shop.bantam.ch\/de\/produkt\/karaffe-superglas-club-carafe-l-1-l-crystal-clear\/#breadcrumb"},"inLanguage":"de","potentialAction":[{"@type":"ReadAction","target":["https:\/\/shop.bantam.ch\/de\/produkt\/karaffe-superglas-club-carafe-l-1-l-crystal-clear\/"]}]},{"@type":"ImageObject","inLanguage":"de","@id":"https:\/\/shop.bantam.ch\/de\/produkt\/karaffe-superglas-club-carafe-l-1-l-crystal-clear\/#primaryimage","url":"https:\/\/shop.bantam.ch\/wp-content\/uploads\/2026\/01\/Movera-L-9987082100.jpg","contentUrl":"https:\/\/shop.bantam.ch\/wp-content\/uploads\/2026\/01\/Movera-L-9987082100.jpg","width":640,"height":640},{"@type":"BreadcrumbList","@id":"https:\/\/shop.bantam.ch\/de\/produkt\/karaffe-superglas-club-carafe-l-1-l-crystal-clear\/#breadcrumb","itemListElement":[{"@type":"ListItem","position":1,"name":"Accueil","item":"https:\/\/shop.bantam.ch\/de\/"},{"@type":"ListItem","position":2,"name":"Shop","item":"https:\/\/shop.bantam.ch\/de\/shop\/"},{"@type":"ListItem","position":3,"name":"Karaffe Superglas CLUB CARAFE L, 1 l crystal clear"}]},{"@type":"WebSite","@id":"https:\/\/shop.bantam.ch\/de\/#website","url":"https:\/\/shop.bantam.ch\/de\/","name":"Bantam","description":"","publisher":{"@id":"https:\/\/shop.bantam.ch\/de\/#organization"},"inLanguage":"de"},{"@type":"Organization","@id":"https:\/\/shop.bantam.ch\/de\/#organization","name":"Bantam","url":"https:\/\/shop.bantam.ch\/de\/","logo":{"@type":"ImageObject","inLanguage":"de","@id":"https:\/\/shop.bantam.ch\/de\/#\/schema\/logo\/image\/","url":"https:\/\/shop.bantam.ch\/wp-content\/uploads\/2022\/12\/bantam-logo.png","contentUrl":"https:\/\/shop.bantam.ch\/wp-content\/uploads\/2022\/12\/bantam-logo.png","width":320,"height":71,"caption":"Bantam"},"image":{"@id":"https:\/\/shop.bantam.ch\/de\/#\/schema\/logo\/image\/"}}]}},"_links":{"self":[{"href":"https:\/\/shop.bantam.ch\/de\/wp-json\/wp\/v2\/product\/230782","targetHints":{"allow":["GET"]}}],"collection":[{"href":"https:\/\/shop.bantam.ch\/de\/wp-json\/wp\/v2\/product"}],"about":[{"href":"https:\/\/shop.bantam.ch\/de\/wp-json\/wp\/v2\/types\/product"}],"wp:featuredmedia":[{"embeddable":true,"href":"https:\/\/shop.bantam.ch\/de\/wp-json\/wp\/v2\/media\/230776"}],"wp:attachment":[{"href":"https:\/\/shop.bantam.ch\/de\/wp-json\/wp\/v2\/media?parent=230782"}],"wp:term":[{"taxonomy":"product_featured_cat","embeddable":true,"href":"https:\/\/shop.bantam.ch\/de\/wp-json\/wp\/v2\/product_featured_cat?post=230782"},{"taxonomy":"product_brand","embeddable":true,"href":"https:\/\/shop.bantam.ch\/de\/wp-json\/wp\/v2\/product_brand?post=230782"},{"taxonomy":"product_cat","embeddable":true,"href":"https:\/\/shop.bantam.ch\/de\/wp-json\/wp\/v2\/product_cat?post=230782"},{"taxonomy":"product_tag","embeddable":true,"href":"https:\/\/shop.bantam.ch\/de\/wp-json\/wp\/v2\/product_tag?post=230782"}],"curies":[{"name":"wp","href":"https:\/\/api.w.org\/{rel}","templated":true}]}}