{"id":230768,"date":"2026-01-06T16:51:28","date_gmt":"2026-01-06T15:51:28","guid":{"rendered":"https:\/\/shop.bantam.ch\/produit\/kochbuch-roadbaker-deutsch\/"},"modified":"2026-04-19T23:58:37","modified_gmt":"2026-04-19T21:58:37","slug":"kochbuch-roadbaker-deutsch","status":"publish","type":"product","link":"https:\/\/shop.bantam.ch\/de\/produkt\/kochbuch-roadbaker-deutsch\/","title":{"rendered":"Kochbuch RoadBaker deutsch"},"content":{"rendered":"<ul>\n<li>Easy Cooking on the Road, 120 Seiten, \u00fcber 80 Rezepte, Omnia geeignet<\/li>\n<li>Gut essen \u2013 egal wo du bist!<\/li>\n<li>Entdecke die neuen M\u00f6glichkeiten f\u00fcr deine Campingk\u00fcche mit dem RoadBaker, dem innovativen mobilen Backofen.<\/li>\n<li>Von herzhaften Gerichten mit Fleisch, Fisch oder vegetarischen Zutaten \u00fcber Brot und Kuchen bis hin zu verlockenden Naschereien \u2013 \u00fcber 80 Rezepte, perfekt f\u00fcr dein Abenteuer unterwegs.<\/li>\n<li>Zus\u00e4tzlich erf\u00e4hrst du die besten Tipps und Tricks f\u00fcr einfaches Backen mit dem RoadBaker und eine unkomplizierte Campingk\u00fcche.<\/li>\n<li>Die Clevere Wahl: Jedes Rezept ist bebildert und eignet sich sowohl f\u00fcr Anf\u00e4nger als auch f\u00fcr Fortgeschrittene. Entdecke die kreativen Rezepte wie Pizza Siziliana, Oslo-Lachsauflauf, gef\u00fcllte Tomaten Roma, Berner Zwiebelkuchen, bayerischer Laugenkranz, Morgengold-Br\u00f6tchen, Marmorkuchen und vieles mehr.<\/li>\n<\/ul>\n","protected":false},"excerpt":{"rendered":"<p>Easy Cooking on the Road, 120 Seiten, \u00fcber 80 Rezepte, Omnia geeignet Gut essen \u2013 egal wo du bist! Entdecke die neuen M\u00f6glichkeiten f\u00fcr deine Campingk\u00fcche mit dem RoadBaker, dem innovativen mobilen Backofen. Von herzhaften Gerichten mit Fleisch, Fisch oder vegetarischen Zutaten \u00fcber Brot und Kuchen bis hin zu verlockenden Naschereien \u2013 \u00fcber 80 Rezepte, [&hellip;]<\/p>\n","protected":false},"featured_media":230764,"template":"","meta":{"_acf_changed":false},"product_featured_cat":[],"product_brand":[],"product_cat":[4348],"product_tag":[],"class_list":{"0":"post-230768","1":"product","2":"type-product","3":"status-publish","4":"has-post-thumbnail","6":"product_cat-kochbuecher","8":"first","9":"instock","10":"taxable","11":"shipping-taxable","12":"purchasable","13":"product-type-simple"},"acf":[],"yoast_head":"<!-- This site is optimized with the Yoast SEO plugin v27.4 - https:\/\/yoast.com\/product\/yoast-seo-wordpress\/ -->\n<title>Kochbuch RoadBaker deutsch - Bantam Camping AG<\/title>\n<meta name=\"robots\" content=\"index, follow, max-snippet:-1, max-image-preview:large, max-video-preview:-1\" \/>\n<link rel=\"canonical\" href=\"https:\/\/shop.bantam.ch\/de\/produkt\/kochbuch-roadbaker-deutsch\/\" \/>\n<meta property=\"og:locale\" content=\"de_DE\" \/>\n<meta property=\"og:type\" content=\"article\" \/>\n<meta property=\"og:title\" content=\"Kochbuch RoadBaker deutsch - Bantam Camping AG\" \/>\n<meta property=\"og:description\" content=\"Easy Cooking on the Road, 120 Seiten, \u00fcber 80 Rezepte, Omnia geeignet Gut essen \u2013 egal wo du bist! Entdecke die neuen M\u00f6glichkeiten f\u00fcr deine Campingk\u00fcche mit dem RoadBaker, dem innovativen mobilen Backofen. Von herzhaften Gerichten mit Fleisch, Fisch oder vegetarischen Zutaten \u00fcber Brot und Kuchen bis hin zu verlockenden Naschereien \u2013 \u00fcber 80 Rezepte, [&hellip;]\" \/>\n<meta property=\"og:url\" content=\"https:\/\/shop.bantam.ch\/de\/produkt\/kochbuch-roadbaker-deutsch\/\" \/>\n<meta property=\"og:site_name\" content=\"Bantam Camping AG\" \/>\n<meta property=\"article:modified_time\" content=\"2026-04-19T21:58:37+00:00\" \/>\n<meta name=\"twitter:card\" content=\"summary_large_image\" \/>\n<meta name=\"twitter:label1\" content=\"Gesch\u00e4tzte Lesezeit\" \/>\n\t<meta name=\"twitter:data1\" content=\"1\u00a0Minute\" \/>\n<script type=\"application\/ld+json\" class=\"yoast-schema-graph\">{\"@context\":\"https:\\\/\\\/schema.org\",\"@graph\":[{\"@type\":\"WebPage\",\"@id\":\"https:\\\/\\\/shop.bantam.ch\\\/de\\\/produkt\\\/kochbuch-roadbaker-deutsch\\\/\",\"url\":\"https:\\\/\\\/shop.bantam.ch\\\/de\\\/produkt\\\/kochbuch-roadbaker-deutsch\\\/\",\"name\":\"Kochbuch RoadBaker deutsch - Bantam Camping AG\",\"isPartOf\":{\"@id\":\"https:\\\/\\\/shop.bantam.ch\\\/de\\\/#website\"},\"primaryImageOfPage\":{\"@id\":\"https:\\\/\\\/shop.bantam.ch\\\/de\\\/produkt\\\/kochbuch-roadbaker-deutsch\\\/#primaryimage\"},\"image\":{\"@id\":\"https:\\\/\\\/shop.bantam.ch\\\/de\\\/produkt\\\/kochbuch-roadbaker-deutsch\\\/#primaryimage\"},\"thumbnailUrl\":\"https:\\\/\\\/shop.bantam.ch\\\/wp-content\\\/uploads\\\/2026\\\/01\\\/Movera-L-9987069100.jpg\",\"datePublished\":\"2026-01-06T15:51:28+00:00\",\"dateModified\":\"2026-04-19T21:58:37+00:00\",\"breadcrumb\":{\"@id\":\"https:\\\/\\\/shop.bantam.ch\\\/de\\\/produkt\\\/kochbuch-roadbaker-deutsch\\\/#breadcrumb\"},\"inLanguage\":\"de\",\"potentialAction\":[{\"@type\":\"ReadAction\",\"target\":[\"https:\\\/\\\/shop.bantam.ch\\\/de\\\/produkt\\\/kochbuch-roadbaker-deutsch\\\/\"]}]},{\"@type\":\"ImageObject\",\"inLanguage\":\"de\",\"@id\":\"https:\\\/\\\/shop.bantam.ch\\\/de\\\/produkt\\\/kochbuch-roadbaker-deutsch\\\/#primaryimage\",\"url\":\"https:\\\/\\\/shop.bantam.ch\\\/wp-content\\\/uploads\\\/2026\\\/01\\\/Movera-L-9987069100.jpg\",\"contentUrl\":\"https:\\\/\\\/shop.bantam.ch\\\/wp-content\\\/uploads\\\/2026\\\/01\\\/Movera-L-9987069100.jpg\",\"width\":640,\"height\":528},{\"@type\":\"BreadcrumbList\",\"@id\":\"https:\\\/\\\/shop.bantam.ch\\\/de\\\/produkt\\\/kochbuch-roadbaker-deutsch\\\/#breadcrumb\",\"itemListElement\":[{\"@type\":\"ListItem\",\"position\":1,\"name\":\"Accueil\",\"item\":\"https:\\\/\\\/shop.bantam.ch\\\/de\\\/\"},{\"@type\":\"ListItem\",\"position\":2,\"name\":\"Shop\",\"item\":\"https:\\\/\\\/shop.bantam.ch\\\/de\\\/shop\\\/\"},{\"@type\":\"ListItem\",\"position\":3,\"name\":\"Kochbuch RoadBaker deutsch\"}]},{\"@type\":\"WebSite\",\"@id\":\"https:\\\/\\\/shop.bantam.ch\\\/de\\\/#website\",\"url\":\"https:\\\/\\\/shop.bantam.ch\\\/de\\\/\",\"name\":\"Bantam Camping AG\",\"description\":\"\",\"publisher\":{\"@id\":\"https:\\\/\\\/shop.bantam.ch\\\/de\\\/#organization\"},\"inLanguage\":\"de\"},{\"@type\":\"Organization\",\"@id\":\"https:\\\/\\\/shop.bantam.ch\\\/de\\\/#organization\",\"name\":\"Bantam Camping AG\",\"url\":\"https:\\\/\\\/shop.bantam.ch\\\/de\\\/\",\"logo\":{\"@type\":\"ImageObject\",\"inLanguage\":\"de\",\"@id\":\"https:\\\/\\\/shop.bantam.ch\\\/de\\\/#\\\/schema\\\/logo\\\/image\\\/\",\"url\":\"https:\\\/\\\/shop.bantam.ch\\\/wp-content\\\/uploads\\\/2022\\\/12\\\/bantam-logo.png\",\"contentUrl\":\"https:\\\/\\\/shop.bantam.ch\\\/wp-content\\\/uploads\\\/2022\\\/12\\\/bantam-logo.png\",\"width\":320,\"height\":71,\"caption\":\"Bantam Camping AG\"},\"image\":{\"@id\":\"https:\\\/\\\/shop.bantam.ch\\\/de\\\/#\\\/schema\\\/logo\\\/image\\\/\"}}]}<\/script>\n<!-- \/ Yoast SEO plugin. -->","yoast_head_json":{"title":"Kochbuch RoadBaker deutsch - Bantam Camping AG","robots":{"index":"index","follow":"follow","max-snippet":"max-snippet:-1","max-image-preview":"max-image-preview:large","max-video-preview":"max-video-preview:-1"},"canonical":"https:\/\/shop.bantam.ch\/de\/produkt\/kochbuch-roadbaker-deutsch\/","og_locale":"de_DE","og_type":"article","og_title":"Kochbuch RoadBaker deutsch - Bantam Camping AG","og_description":"Easy Cooking on the Road, 120 Seiten, \u00fcber 80 Rezepte, Omnia geeignet Gut essen \u2013 egal wo du bist! Entdecke die neuen M\u00f6glichkeiten f\u00fcr deine Campingk\u00fcche mit dem RoadBaker, dem innovativen mobilen Backofen. Von herzhaften Gerichten mit Fleisch, Fisch oder vegetarischen Zutaten \u00fcber Brot und Kuchen bis hin zu verlockenden Naschereien \u2013 \u00fcber 80 Rezepte, [&hellip;]","og_url":"https:\/\/shop.bantam.ch\/de\/produkt\/kochbuch-roadbaker-deutsch\/","og_site_name":"Bantam Camping AG","article_modified_time":"2026-04-19T21:58:37+00:00","twitter_card":"summary_large_image","twitter_misc":{"Gesch\u00e4tzte Lesezeit":"1\u00a0Minute"},"schema":{"@context":"https:\/\/schema.org","@graph":[{"@type":"WebPage","@id":"https:\/\/shop.bantam.ch\/de\/produkt\/kochbuch-roadbaker-deutsch\/","url":"https:\/\/shop.bantam.ch\/de\/produkt\/kochbuch-roadbaker-deutsch\/","name":"Kochbuch RoadBaker deutsch - Bantam Camping AG","isPartOf":{"@id":"https:\/\/shop.bantam.ch\/de\/#website"},"primaryImageOfPage":{"@id":"https:\/\/shop.bantam.ch\/de\/produkt\/kochbuch-roadbaker-deutsch\/#primaryimage"},"image":{"@id":"https:\/\/shop.bantam.ch\/de\/produkt\/kochbuch-roadbaker-deutsch\/#primaryimage"},"thumbnailUrl":"https:\/\/shop.bantam.ch\/wp-content\/uploads\/2026\/01\/Movera-L-9987069100.jpg","datePublished":"2026-01-06T15:51:28+00:00","dateModified":"2026-04-19T21:58:37+00:00","breadcrumb":{"@id":"https:\/\/shop.bantam.ch\/de\/produkt\/kochbuch-roadbaker-deutsch\/#breadcrumb"},"inLanguage":"de","potentialAction":[{"@type":"ReadAction","target":["https:\/\/shop.bantam.ch\/de\/produkt\/kochbuch-roadbaker-deutsch\/"]}]},{"@type":"ImageObject","inLanguage":"de","@id":"https:\/\/shop.bantam.ch\/de\/produkt\/kochbuch-roadbaker-deutsch\/#primaryimage","url":"https:\/\/shop.bantam.ch\/wp-content\/uploads\/2026\/01\/Movera-L-9987069100.jpg","contentUrl":"https:\/\/shop.bantam.ch\/wp-content\/uploads\/2026\/01\/Movera-L-9987069100.jpg","width":640,"height":528},{"@type":"BreadcrumbList","@id":"https:\/\/shop.bantam.ch\/de\/produkt\/kochbuch-roadbaker-deutsch\/#breadcrumb","itemListElement":[{"@type":"ListItem","position":1,"name":"Accueil","item":"https:\/\/shop.bantam.ch\/de\/"},{"@type":"ListItem","position":2,"name":"Shop","item":"https:\/\/shop.bantam.ch\/de\/shop\/"},{"@type":"ListItem","position":3,"name":"Kochbuch RoadBaker deutsch"}]},{"@type":"WebSite","@id":"https:\/\/shop.bantam.ch\/de\/#website","url":"https:\/\/shop.bantam.ch\/de\/","name":"Bantam Camping AG","description":"","publisher":{"@id":"https:\/\/shop.bantam.ch\/de\/#organization"},"inLanguage":"de"},{"@type":"Organization","@id":"https:\/\/shop.bantam.ch\/de\/#organization","name":"Bantam Camping AG","url":"https:\/\/shop.bantam.ch\/de\/","logo":{"@type":"ImageObject","inLanguage":"de","@id":"https:\/\/shop.bantam.ch\/de\/#\/schema\/logo\/image\/","url":"https:\/\/shop.bantam.ch\/wp-content\/uploads\/2022\/12\/bantam-logo.png","contentUrl":"https:\/\/shop.bantam.ch\/wp-content\/uploads\/2022\/12\/bantam-logo.png","width":320,"height":71,"caption":"Bantam Camping AG"},"image":{"@id":"https:\/\/shop.bantam.ch\/de\/#\/schema\/logo\/image\/"}}]}},"_links":{"self":[{"href":"https:\/\/shop.bantam.ch\/de\/wp-json\/wp\/v2\/product\/230768","targetHints":{"allow":["GET"]}}],"collection":[{"href":"https:\/\/shop.bantam.ch\/de\/wp-json\/wp\/v2\/product"}],"about":[{"href":"https:\/\/shop.bantam.ch\/de\/wp-json\/wp\/v2\/types\/product"}],"wp:featuredmedia":[{"embeddable":true,"href":"https:\/\/shop.bantam.ch\/de\/wp-json\/wp\/v2\/media\/230764"}],"wp:attachment":[{"href":"https:\/\/shop.bantam.ch\/de\/wp-json\/wp\/v2\/media?parent=230768"}],"wp:term":[{"taxonomy":"product_featured_cat","embeddable":true,"href":"https:\/\/shop.bantam.ch\/de\/wp-json\/wp\/v2\/product_featured_cat?post=230768"},{"taxonomy":"product_brand","embeddable":true,"href":"https:\/\/shop.bantam.ch\/de\/wp-json\/wp\/v2\/product_brand?post=230768"},{"taxonomy":"product_cat","embeddable":true,"href":"https:\/\/shop.bantam.ch\/de\/wp-json\/wp\/v2\/product_cat?post=230768"},{"taxonomy":"product_tag","embeddable":true,"href":"https:\/\/shop.bantam.ch\/de\/wp-json\/wp\/v2\/product_tag?post=230768"}],"curies":[{"name":"wp","href":"https:\/\/api.w.org\/{rel}","templated":true}]}}