{"id":230754,"date":"2026-01-06T16:51:14","date_gmt":"2026-01-06T15:51:14","guid":{"rendered":"https:\/\/shop.bantam.ch\/produit\/backgitter-roadbaker-unten-zu-camping-backofen\/"},"modified":"2026-04-17T23:51:29","modified_gmt":"2026-04-17T21:51:29","slug":"backgitter-roadbaker-unten-zu-camping-backofen","status":"publish","type":"product","link":"https:\/\/shop.bantam.ch\/de\/produkt\/backgitter-roadbaker-unten-zu-camping-backofen\/","title":{"rendered":"Backgitter RoadBaker unten zu Camping-Backofen"},"content":{"rendered":"<ul>\n<li>Deutsche Innovation: Das RoadBaker-Base Edelstahl-Backgitter mit Silikon-Randschutz f\u00fcr die untere Ebene im Roadbaker Backofen.<\/li>\n<li>Sch\u00fctzt die Antihaftbeschichtung vor Kratzern und Besch\u00e4digungen.<\/li>\n<li>Vielseitig verwendbar: F\u00fcr Aufbackwaren, wie Br\u00f6tchen, Pommes, Fischst\u00e4bchen, Kroketten, Minipizzen uvm, und zum D\u00e4mpfen\/Garen von Gem\u00fcse, Fisch etc.<\/li>\n<li>Das RoadRack-Base ist kompatibel mit dem OMNIA Backofen (Classic\/Maxi), der einen Durchmesser von 25 cm hat. Besonders geeignet f\u00fcr antihaftbeschichtete Backformen aber auch f\u00fcr alle anderen.<\/li>\n<li>Die clevere Wahl: Das RoadBaker-Base-Backgitter mit Silikon-Randschutz bietet optimalen Schutz f\u00fcr Antihaftbeschichtungen und ist vielseitig einsetzbar. Es eignet sich perfekt f\u00fcr Aufbackwaren, D\u00e4mpfen und Garen \u2013 kompatibel mit dem OMNIA Backofen und ideal f\u00fcr den t\u00e4glichen Gebrauch in Premium-Qualit\u00e4t.<\/li>\n<li>Separat erh\u00e4tlich das RoadRack-Top f\u00fcr die obere Ebene. Base und Top lassen sich gemeinsam in den Backformen verwenden, wenn f\u00fcr mehrere Personen gebacken wird oder mehrere Speisen gleichzeitig aufgebacken werden sollen.<\/li>\n<\/ul>\n","protected":false},"excerpt":{"rendered":"<p>Deutsche Innovation: Das RoadBaker-Base Edelstahl-Backgitter mit Silikon-Randschutz f\u00fcr die untere Ebene im Roadbaker Backofen. Sch\u00fctzt die Antihaftbeschichtung vor Kratzern und Besch\u00e4digungen. Vielseitig verwendbar: F\u00fcr Aufbackwaren, wie Br\u00f6tchen, Pommes, Fischst\u00e4bchen, Kroketten, Minipizzen uvm, und zum D\u00e4mpfen\/Garen von Gem\u00fcse, Fisch etc. Das RoadRack-Base ist kompatibel mit dem OMNIA Backofen (Classic\/Maxi), der einen Durchmesser von 25 cm hat. [&hellip;]<\/p>\n","protected":false},"featured_media":230750,"template":"","meta":{"_acf_changed":false},"product_featured_cat":[],"product_brand":[],"product_cat":[4340],"product_tag":[],"class_list":{"0":"post-230754","1":"product","2":"type-product","3":"status-publish","4":"has-post-thumbnail","6":"product_cat-grillzubehoer","8":"first","9":"instock","10":"taxable","11":"shipping-taxable","12":"purchasable","13":"product-type-simple"},"acf":[],"yoast_head":"<!-- This site is optimized with the Yoast SEO plugin v27.4 - https:\/\/yoast.com\/product\/yoast-seo-wordpress\/ -->\n<title>Backgitter RoadBaker unten zu Camping-Backofen - Bantam Camping AG<\/title>\n<meta name=\"robots\" content=\"index, follow, max-snippet:-1, max-image-preview:large, max-video-preview:-1\" \/>\n<link rel=\"canonical\" href=\"https:\/\/shop.bantam.ch\/de\/produkt\/backgitter-roadbaker-unten-zu-camping-backofen\/\" \/>\n<meta property=\"og:locale\" content=\"de_DE\" \/>\n<meta property=\"og:type\" content=\"article\" \/>\n<meta property=\"og:title\" content=\"Backgitter RoadBaker unten zu Camping-Backofen - Bantam Camping AG\" \/>\n<meta property=\"og:description\" content=\"Deutsche Innovation: Das RoadBaker-Base Edelstahl-Backgitter mit Silikon-Randschutz f\u00fcr die untere Ebene im Roadbaker Backofen. Sch\u00fctzt die Antihaftbeschichtung vor Kratzern und Besch\u00e4digungen. Vielseitig verwendbar: F\u00fcr Aufbackwaren, wie Br\u00f6tchen, Pommes, Fischst\u00e4bchen, Kroketten, Minipizzen uvm, und zum D\u00e4mpfen\/Garen von Gem\u00fcse, Fisch etc. Das RoadRack-Base ist kompatibel mit dem OMNIA Backofen (Classic\/Maxi), der einen Durchmesser von 25 cm hat. [&hellip;]\" \/>\n<meta property=\"og:url\" content=\"https:\/\/shop.bantam.ch\/de\/produkt\/backgitter-roadbaker-unten-zu-camping-backofen\/\" \/>\n<meta property=\"og:site_name\" content=\"Bantam Camping AG\" \/>\n<meta property=\"article:modified_time\" content=\"2026-04-17T21:51:29+00:00\" \/>\n<meta name=\"twitter:card\" content=\"summary_large_image\" \/>\n<meta name=\"twitter:label1\" content=\"Gesch\u00e4tzte Lesezeit\" \/>\n\t<meta name=\"twitter:data1\" content=\"1\u00a0Minute\" \/>\n<script type=\"application\/ld+json\" class=\"yoast-schema-graph\">{\"@context\":\"https:\\\/\\\/schema.org\",\"@graph\":[{\"@type\":\"WebPage\",\"@id\":\"https:\\\/\\\/shop.bantam.ch\\\/de\\\/produkt\\\/backgitter-roadbaker-unten-zu-camping-backofen\\\/\",\"url\":\"https:\\\/\\\/shop.bantam.ch\\\/de\\\/produkt\\\/backgitter-roadbaker-unten-zu-camping-backofen\\\/\",\"name\":\"Backgitter RoadBaker unten zu Camping-Backofen - Bantam Camping AG\",\"isPartOf\":{\"@id\":\"https:\\\/\\\/shop.bantam.ch\\\/de\\\/#website\"},\"primaryImageOfPage\":{\"@id\":\"https:\\\/\\\/shop.bantam.ch\\\/de\\\/produkt\\\/backgitter-roadbaker-unten-zu-camping-backofen\\\/#primaryimage\"},\"image\":{\"@id\":\"https:\\\/\\\/shop.bantam.ch\\\/de\\\/produkt\\\/backgitter-roadbaker-unten-zu-camping-backofen\\\/#primaryimage\"},\"thumbnailUrl\":\"https:\\\/\\\/shop.bantam.ch\\\/wp-content\\\/uploads\\\/2026\\\/01\\\/Movera-L-9987066100.jpg\",\"datePublished\":\"2026-01-06T15:51:14+00:00\",\"dateModified\":\"2026-04-17T21:51:29+00:00\",\"breadcrumb\":{\"@id\":\"https:\\\/\\\/shop.bantam.ch\\\/de\\\/produkt\\\/backgitter-roadbaker-unten-zu-camping-backofen\\\/#breadcrumb\"},\"inLanguage\":\"de\",\"potentialAction\":[{\"@type\":\"ReadAction\",\"target\":[\"https:\\\/\\\/shop.bantam.ch\\\/de\\\/produkt\\\/backgitter-roadbaker-unten-zu-camping-backofen\\\/\"]}]},{\"@type\":\"ImageObject\",\"inLanguage\":\"de\",\"@id\":\"https:\\\/\\\/shop.bantam.ch\\\/de\\\/produkt\\\/backgitter-roadbaker-unten-zu-camping-backofen\\\/#primaryimage\",\"url\":\"https:\\\/\\\/shop.bantam.ch\\\/wp-content\\\/uploads\\\/2026\\\/01\\\/Movera-L-9987066100.jpg\",\"contentUrl\":\"https:\\\/\\\/shop.bantam.ch\\\/wp-content\\\/uploads\\\/2026\\\/01\\\/Movera-L-9987066100.jpg\",\"width\":640,\"height\":432},{\"@type\":\"BreadcrumbList\",\"@id\":\"https:\\\/\\\/shop.bantam.ch\\\/de\\\/produkt\\\/backgitter-roadbaker-unten-zu-camping-backofen\\\/#breadcrumb\",\"itemListElement\":[{\"@type\":\"ListItem\",\"position\":1,\"name\":\"Accueil\",\"item\":\"https:\\\/\\\/shop.bantam.ch\\\/de\\\/\"},{\"@type\":\"ListItem\",\"position\":2,\"name\":\"Shop\",\"item\":\"https:\\\/\\\/shop.bantam.ch\\\/de\\\/shop\\\/\"},{\"@type\":\"ListItem\",\"position\":3,\"name\":\"Backgitter RoadBaker unten zu Camping-Backofen\"}]},{\"@type\":\"WebSite\",\"@id\":\"https:\\\/\\\/shop.bantam.ch\\\/de\\\/#website\",\"url\":\"https:\\\/\\\/shop.bantam.ch\\\/de\\\/\",\"name\":\"Bantam Camping AG\",\"description\":\"\",\"publisher\":{\"@id\":\"https:\\\/\\\/shop.bantam.ch\\\/de\\\/#organization\"},\"inLanguage\":\"de\"},{\"@type\":\"Organization\",\"@id\":\"https:\\\/\\\/shop.bantam.ch\\\/de\\\/#organization\",\"name\":\"Bantam Camping AG\",\"url\":\"https:\\\/\\\/shop.bantam.ch\\\/de\\\/\",\"logo\":{\"@type\":\"ImageObject\",\"inLanguage\":\"de\",\"@id\":\"https:\\\/\\\/shop.bantam.ch\\\/de\\\/#\\\/schema\\\/logo\\\/image\\\/\",\"url\":\"https:\\\/\\\/shop.bantam.ch\\\/wp-content\\\/uploads\\\/2022\\\/12\\\/bantam-logo.png\",\"contentUrl\":\"https:\\\/\\\/shop.bantam.ch\\\/wp-content\\\/uploads\\\/2022\\\/12\\\/bantam-logo.png\",\"width\":320,\"height\":71,\"caption\":\"Bantam Camping AG\"},\"image\":{\"@id\":\"https:\\\/\\\/shop.bantam.ch\\\/de\\\/#\\\/schema\\\/logo\\\/image\\\/\"}}]}<\/script>\n<!-- \/ Yoast SEO plugin. -->","yoast_head_json":{"title":"Backgitter RoadBaker unten zu Camping-Backofen - Bantam Camping AG","robots":{"index":"index","follow":"follow","max-snippet":"max-snippet:-1","max-image-preview":"max-image-preview:large","max-video-preview":"max-video-preview:-1"},"canonical":"https:\/\/shop.bantam.ch\/de\/produkt\/backgitter-roadbaker-unten-zu-camping-backofen\/","og_locale":"de_DE","og_type":"article","og_title":"Backgitter RoadBaker unten zu Camping-Backofen - Bantam Camping AG","og_description":"Deutsche Innovation: Das RoadBaker-Base Edelstahl-Backgitter mit Silikon-Randschutz f\u00fcr die untere Ebene im Roadbaker Backofen. Sch\u00fctzt die Antihaftbeschichtung vor Kratzern und Besch\u00e4digungen. Vielseitig verwendbar: F\u00fcr Aufbackwaren, wie Br\u00f6tchen, Pommes, Fischst\u00e4bchen, Kroketten, Minipizzen uvm, und zum D\u00e4mpfen\/Garen von Gem\u00fcse, Fisch etc. Das RoadRack-Base ist kompatibel mit dem OMNIA Backofen (Classic\/Maxi), der einen Durchmesser von 25 cm hat. [&hellip;]","og_url":"https:\/\/shop.bantam.ch\/de\/produkt\/backgitter-roadbaker-unten-zu-camping-backofen\/","og_site_name":"Bantam Camping AG","article_modified_time":"2026-04-17T21:51:29+00:00","twitter_card":"summary_large_image","twitter_misc":{"Gesch\u00e4tzte Lesezeit":"1\u00a0Minute"},"schema":{"@context":"https:\/\/schema.org","@graph":[{"@type":"WebPage","@id":"https:\/\/shop.bantam.ch\/de\/produkt\/backgitter-roadbaker-unten-zu-camping-backofen\/","url":"https:\/\/shop.bantam.ch\/de\/produkt\/backgitter-roadbaker-unten-zu-camping-backofen\/","name":"Backgitter RoadBaker unten zu Camping-Backofen - Bantam Camping AG","isPartOf":{"@id":"https:\/\/shop.bantam.ch\/de\/#website"},"primaryImageOfPage":{"@id":"https:\/\/shop.bantam.ch\/de\/produkt\/backgitter-roadbaker-unten-zu-camping-backofen\/#primaryimage"},"image":{"@id":"https:\/\/shop.bantam.ch\/de\/produkt\/backgitter-roadbaker-unten-zu-camping-backofen\/#primaryimage"},"thumbnailUrl":"https:\/\/shop.bantam.ch\/wp-content\/uploads\/2026\/01\/Movera-L-9987066100.jpg","datePublished":"2026-01-06T15:51:14+00:00","dateModified":"2026-04-17T21:51:29+00:00","breadcrumb":{"@id":"https:\/\/shop.bantam.ch\/de\/produkt\/backgitter-roadbaker-unten-zu-camping-backofen\/#breadcrumb"},"inLanguage":"de","potentialAction":[{"@type":"ReadAction","target":["https:\/\/shop.bantam.ch\/de\/produkt\/backgitter-roadbaker-unten-zu-camping-backofen\/"]}]},{"@type":"ImageObject","inLanguage":"de","@id":"https:\/\/shop.bantam.ch\/de\/produkt\/backgitter-roadbaker-unten-zu-camping-backofen\/#primaryimage","url":"https:\/\/shop.bantam.ch\/wp-content\/uploads\/2026\/01\/Movera-L-9987066100.jpg","contentUrl":"https:\/\/shop.bantam.ch\/wp-content\/uploads\/2026\/01\/Movera-L-9987066100.jpg","width":640,"height":432},{"@type":"BreadcrumbList","@id":"https:\/\/shop.bantam.ch\/de\/produkt\/backgitter-roadbaker-unten-zu-camping-backofen\/#breadcrumb","itemListElement":[{"@type":"ListItem","position":1,"name":"Accueil","item":"https:\/\/shop.bantam.ch\/de\/"},{"@type":"ListItem","position":2,"name":"Shop","item":"https:\/\/shop.bantam.ch\/de\/shop\/"},{"@type":"ListItem","position":3,"name":"Backgitter RoadBaker unten zu Camping-Backofen"}]},{"@type":"WebSite","@id":"https:\/\/shop.bantam.ch\/de\/#website","url":"https:\/\/shop.bantam.ch\/de\/","name":"Bantam Camping AG","description":"","publisher":{"@id":"https:\/\/shop.bantam.ch\/de\/#organization"},"inLanguage":"de"},{"@type":"Organization","@id":"https:\/\/shop.bantam.ch\/de\/#organization","name":"Bantam Camping AG","url":"https:\/\/shop.bantam.ch\/de\/","logo":{"@type":"ImageObject","inLanguage":"de","@id":"https:\/\/shop.bantam.ch\/de\/#\/schema\/logo\/image\/","url":"https:\/\/shop.bantam.ch\/wp-content\/uploads\/2022\/12\/bantam-logo.png","contentUrl":"https:\/\/shop.bantam.ch\/wp-content\/uploads\/2022\/12\/bantam-logo.png","width":320,"height":71,"caption":"Bantam Camping AG"},"image":{"@id":"https:\/\/shop.bantam.ch\/de\/#\/schema\/logo\/image\/"}}]}},"_links":{"self":[{"href":"https:\/\/shop.bantam.ch\/de\/wp-json\/wp\/v2\/product\/230754","targetHints":{"allow":["GET"]}}],"collection":[{"href":"https:\/\/shop.bantam.ch\/de\/wp-json\/wp\/v2\/product"}],"about":[{"href":"https:\/\/shop.bantam.ch\/de\/wp-json\/wp\/v2\/types\/product"}],"wp:featuredmedia":[{"embeddable":true,"href":"https:\/\/shop.bantam.ch\/de\/wp-json\/wp\/v2\/media\/230750"}],"wp:attachment":[{"href":"https:\/\/shop.bantam.ch\/de\/wp-json\/wp\/v2\/media?parent=230754"}],"wp:term":[{"taxonomy":"product_featured_cat","embeddable":true,"href":"https:\/\/shop.bantam.ch\/de\/wp-json\/wp\/v2\/product_featured_cat?post=230754"},{"taxonomy":"product_brand","embeddable":true,"href":"https:\/\/shop.bantam.ch\/de\/wp-json\/wp\/v2\/product_brand?post=230754"},{"taxonomy":"product_cat","embeddable":true,"href":"https:\/\/shop.bantam.ch\/de\/wp-json\/wp\/v2\/product_cat?post=230754"},{"taxonomy":"product_tag","embeddable":true,"href":"https:\/\/shop.bantam.ch\/de\/wp-json\/wp\/v2\/product_tag?post=230754"}],"curies":[{"name":"wp","href":"https:\/\/api.w.org\/{rel}","templated":true}]}}