{"id":230748,"date":"2026-01-06T16:51:08","date_gmt":"2026-01-06T15:51:08","guid":{"rendered":"https:\/\/shop.bantam.ch\/produit\/glasdeckel-roadbaker-zu-camping-backofen-cremeweiss\/"},"modified":"2026-04-17T23:51:29","modified_gmt":"2026-04-17T21:51:29","slug":"glasdeckel-roadbaker-zu-camping-backofen-cremeweiss","status":"publish","type":"product","link":"https:\/\/shop.bantam.ch\/de\/produkt\/glasdeckel-roadbaker-zu-camping-backofen-cremeweiss\/","title":{"rendered":"Glasdeckel RoadBaker zu Camping-Backofen cremewei\u00df"},"content":{"rendered":"<p>Der RoadTop-Deckel erm\u00f6glicht eine komfortable Beobachtung des Backvorgangs, ohne den Deckel l\u00fcften zu m\u00fcssen<br \/>\nKompatibel mit allen Camping Back\u00f6fen, die einen Durchmesser von 25 cm haben, wie z.B. dem Omnia Backofen classic\/maxi, VAMO und Petromax Camping Backofen.<\/p>\n","protected":false},"excerpt":{"rendered":"<p>Der RoadTop-Deckel erm\u00f6glicht eine komfortable Beobachtung des Backvorgangs, ohne den Deckel l\u00fcften zu m\u00fcssen Kompatibel mit allen Camping Back\u00f6fen, die einen Durchmesser von 25 cm haben, wie z.B. dem Omnia Backofen classic\/maxi, VAMO und Petromax Camping Backofen.<\/p>\n","protected":false},"featured_media":230744,"template":"","meta":{"_acf_changed":false},"product_featured_cat":[],"product_brand":[],"product_cat":[4340],"product_tag":[],"class_list":{"0":"post-230748","1":"product","2":"type-product","3":"status-publish","4":"has-post-thumbnail","6":"product_cat-grillzubehoer","8":"first","9":"instock","10":"taxable","11":"shipping-taxable","12":"purchasable","13":"product-type-simple"},"acf":[],"yoast_head":"<!-- This site is optimized with the Yoast SEO plugin v27.4 - https:\/\/yoast.com\/product\/yoast-seo-wordpress\/ -->\n<title>Glasdeckel RoadBaker zu Camping-Backofen cremewei\u00df - Bantam Camping AG<\/title>\n<meta name=\"robots\" content=\"index, follow, max-snippet:-1, max-image-preview:large, max-video-preview:-1\" \/>\n<link rel=\"canonical\" href=\"https:\/\/shop.bantam.ch\/de\/produkt\/glasdeckel-roadbaker-zu-camping-backofen-cremeweiss\/\" \/>\n<meta property=\"og:locale\" content=\"de_DE\" \/>\n<meta property=\"og:type\" content=\"article\" \/>\n<meta property=\"og:title\" content=\"Glasdeckel RoadBaker zu Camping-Backofen cremewei\u00df - Bantam Camping AG\" \/>\n<meta property=\"og:description\" content=\"Der RoadTop-Deckel erm\u00f6glicht eine komfortable Beobachtung des Backvorgangs, ohne den Deckel l\u00fcften zu m\u00fcssen Kompatibel mit allen Camping Back\u00f6fen, die einen Durchmesser von 25 cm haben, wie z.B. dem Omnia Backofen classic\/maxi, VAMO und Petromax Camping Backofen.\" \/>\n<meta property=\"og:url\" content=\"https:\/\/shop.bantam.ch\/de\/produkt\/glasdeckel-roadbaker-zu-camping-backofen-cremeweiss\/\" \/>\n<meta property=\"og:site_name\" content=\"Bantam Camping AG\" \/>\n<meta property=\"article:modified_time\" content=\"2026-04-17T21:51:29+00:00\" \/>\n<meta name=\"twitter:card\" content=\"summary_large_image\" \/>\n<script type=\"application\/ld+json\" class=\"yoast-schema-graph\">{\"@context\":\"https:\\\/\\\/schema.org\",\"@graph\":[{\"@type\":\"WebPage\",\"@id\":\"https:\\\/\\\/shop.bantam.ch\\\/de\\\/produkt\\\/glasdeckel-roadbaker-zu-camping-backofen-cremeweiss\\\/\",\"url\":\"https:\\\/\\\/shop.bantam.ch\\\/de\\\/produkt\\\/glasdeckel-roadbaker-zu-camping-backofen-cremeweiss\\\/\",\"name\":\"Glasdeckel RoadBaker zu Camping-Backofen cremewei\u00df - Bantam Camping AG\",\"isPartOf\":{\"@id\":\"https:\\\/\\\/shop.bantam.ch\\\/de\\\/#website\"},\"primaryImageOfPage\":{\"@id\":\"https:\\\/\\\/shop.bantam.ch\\\/de\\\/produkt\\\/glasdeckel-roadbaker-zu-camping-backofen-cremeweiss\\\/#primaryimage\"},\"image\":{\"@id\":\"https:\\\/\\\/shop.bantam.ch\\\/de\\\/produkt\\\/glasdeckel-roadbaker-zu-camping-backofen-cremeweiss\\\/#primaryimage\"},\"thumbnailUrl\":\"https:\\\/\\\/shop.bantam.ch\\\/wp-content\\\/uploads\\\/2026\\\/01\\\/Movera-L-9987065100.jpg\",\"datePublished\":\"2026-01-06T15:51:08+00:00\",\"dateModified\":\"2026-04-17T21:51:29+00:00\",\"breadcrumb\":{\"@id\":\"https:\\\/\\\/shop.bantam.ch\\\/de\\\/produkt\\\/glasdeckel-roadbaker-zu-camping-backofen-cremeweiss\\\/#breadcrumb\"},\"inLanguage\":\"de\",\"potentialAction\":[{\"@type\":\"ReadAction\",\"target\":[\"https:\\\/\\\/shop.bantam.ch\\\/de\\\/produkt\\\/glasdeckel-roadbaker-zu-camping-backofen-cremeweiss\\\/\"]}]},{\"@type\":\"ImageObject\",\"inLanguage\":\"de\",\"@id\":\"https:\\\/\\\/shop.bantam.ch\\\/de\\\/produkt\\\/glasdeckel-roadbaker-zu-camping-backofen-cremeweiss\\\/#primaryimage\",\"url\":\"https:\\\/\\\/shop.bantam.ch\\\/wp-content\\\/uploads\\\/2026\\\/01\\\/Movera-L-9987065100.jpg\",\"contentUrl\":\"https:\\\/\\\/shop.bantam.ch\\\/wp-content\\\/uploads\\\/2026\\\/01\\\/Movera-L-9987065100.jpg\",\"width\":640,\"height\":488},{\"@type\":\"BreadcrumbList\",\"@id\":\"https:\\\/\\\/shop.bantam.ch\\\/de\\\/produkt\\\/glasdeckel-roadbaker-zu-camping-backofen-cremeweiss\\\/#breadcrumb\",\"itemListElement\":[{\"@type\":\"ListItem\",\"position\":1,\"name\":\"Accueil\",\"item\":\"https:\\\/\\\/shop.bantam.ch\\\/de\\\/\"},{\"@type\":\"ListItem\",\"position\":2,\"name\":\"Shop\",\"item\":\"https:\\\/\\\/shop.bantam.ch\\\/de\\\/shop\\\/\"},{\"@type\":\"ListItem\",\"position\":3,\"name\":\"Glasdeckel RoadBaker zu Camping-Backofen cremewei\u00df\"}]},{\"@type\":\"WebSite\",\"@id\":\"https:\\\/\\\/shop.bantam.ch\\\/de\\\/#website\",\"url\":\"https:\\\/\\\/shop.bantam.ch\\\/de\\\/\",\"name\":\"Bantam Camping AG\",\"description\":\"\",\"publisher\":{\"@id\":\"https:\\\/\\\/shop.bantam.ch\\\/de\\\/#organization\"},\"inLanguage\":\"de\"},{\"@type\":\"Organization\",\"@id\":\"https:\\\/\\\/shop.bantam.ch\\\/de\\\/#organization\",\"name\":\"Bantam Camping AG\",\"url\":\"https:\\\/\\\/shop.bantam.ch\\\/de\\\/\",\"logo\":{\"@type\":\"ImageObject\",\"inLanguage\":\"de\",\"@id\":\"https:\\\/\\\/shop.bantam.ch\\\/de\\\/#\\\/schema\\\/logo\\\/image\\\/\",\"url\":\"https:\\\/\\\/shop.bantam.ch\\\/wp-content\\\/uploads\\\/2022\\\/12\\\/bantam-logo.png\",\"contentUrl\":\"https:\\\/\\\/shop.bantam.ch\\\/wp-content\\\/uploads\\\/2022\\\/12\\\/bantam-logo.png\",\"width\":320,\"height\":71,\"caption\":\"Bantam Camping AG\"},\"image\":{\"@id\":\"https:\\\/\\\/shop.bantam.ch\\\/de\\\/#\\\/schema\\\/logo\\\/image\\\/\"}}]}<\/script>\n<!-- \/ Yoast SEO plugin. -->","yoast_head_json":{"title":"Glasdeckel RoadBaker zu Camping-Backofen cremewei\u00df - Bantam Camping AG","robots":{"index":"index","follow":"follow","max-snippet":"max-snippet:-1","max-image-preview":"max-image-preview:large","max-video-preview":"max-video-preview:-1"},"canonical":"https:\/\/shop.bantam.ch\/de\/produkt\/glasdeckel-roadbaker-zu-camping-backofen-cremeweiss\/","og_locale":"de_DE","og_type":"article","og_title":"Glasdeckel RoadBaker zu Camping-Backofen cremewei\u00df - Bantam Camping AG","og_description":"Der RoadTop-Deckel erm\u00f6glicht eine komfortable Beobachtung des Backvorgangs, ohne den Deckel l\u00fcften zu m\u00fcssen Kompatibel mit allen Camping Back\u00f6fen, die einen Durchmesser von 25 cm haben, wie z.B. dem Omnia Backofen classic\/maxi, VAMO und Petromax Camping Backofen.","og_url":"https:\/\/shop.bantam.ch\/de\/produkt\/glasdeckel-roadbaker-zu-camping-backofen-cremeweiss\/","og_site_name":"Bantam Camping AG","article_modified_time":"2026-04-17T21:51:29+00:00","twitter_card":"summary_large_image","schema":{"@context":"https:\/\/schema.org","@graph":[{"@type":"WebPage","@id":"https:\/\/shop.bantam.ch\/de\/produkt\/glasdeckel-roadbaker-zu-camping-backofen-cremeweiss\/","url":"https:\/\/shop.bantam.ch\/de\/produkt\/glasdeckel-roadbaker-zu-camping-backofen-cremeweiss\/","name":"Glasdeckel RoadBaker zu Camping-Backofen cremewei\u00df - Bantam Camping AG","isPartOf":{"@id":"https:\/\/shop.bantam.ch\/de\/#website"},"primaryImageOfPage":{"@id":"https:\/\/shop.bantam.ch\/de\/produkt\/glasdeckel-roadbaker-zu-camping-backofen-cremeweiss\/#primaryimage"},"image":{"@id":"https:\/\/shop.bantam.ch\/de\/produkt\/glasdeckel-roadbaker-zu-camping-backofen-cremeweiss\/#primaryimage"},"thumbnailUrl":"https:\/\/shop.bantam.ch\/wp-content\/uploads\/2026\/01\/Movera-L-9987065100.jpg","datePublished":"2026-01-06T15:51:08+00:00","dateModified":"2026-04-17T21:51:29+00:00","breadcrumb":{"@id":"https:\/\/shop.bantam.ch\/de\/produkt\/glasdeckel-roadbaker-zu-camping-backofen-cremeweiss\/#breadcrumb"},"inLanguage":"de","potentialAction":[{"@type":"ReadAction","target":["https:\/\/shop.bantam.ch\/de\/produkt\/glasdeckel-roadbaker-zu-camping-backofen-cremeweiss\/"]}]},{"@type":"ImageObject","inLanguage":"de","@id":"https:\/\/shop.bantam.ch\/de\/produkt\/glasdeckel-roadbaker-zu-camping-backofen-cremeweiss\/#primaryimage","url":"https:\/\/shop.bantam.ch\/wp-content\/uploads\/2026\/01\/Movera-L-9987065100.jpg","contentUrl":"https:\/\/shop.bantam.ch\/wp-content\/uploads\/2026\/01\/Movera-L-9987065100.jpg","width":640,"height":488},{"@type":"BreadcrumbList","@id":"https:\/\/shop.bantam.ch\/de\/produkt\/glasdeckel-roadbaker-zu-camping-backofen-cremeweiss\/#breadcrumb","itemListElement":[{"@type":"ListItem","position":1,"name":"Accueil","item":"https:\/\/shop.bantam.ch\/de\/"},{"@type":"ListItem","position":2,"name":"Shop","item":"https:\/\/shop.bantam.ch\/de\/shop\/"},{"@type":"ListItem","position":3,"name":"Glasdeckel RoadBaker zu Camping-Backofen cremewei\u00df"}]},{"@type":"WebSite","@id":"https:\/\/shop.bantam.ch\/de\/#website","url":"https:\/\/shop.bantam.ch\/de\/","name":"Bantam Camping AG","description":"","publisher":{"@id":"https:\/\/shop.bantam.ch\/de\/#organization"},"inLanguage":"de"},{"@type":"Organization","@id":"https:\/\/shop.bantam.ch\/de\/#organization","name":"Bantam Camping AG","url":"https:\/\/shop.bantam.ch\/de\/","logo":{"@type":"ImageObject","inLanguage":"de","@id":"https:\/\/shop.bantam.ch\/de\/#\/schema\/logo\/image\/","url":"https:\/\/shop.bantam.ch\/wp-content\/uploads\/2022\/12\/bantam-logo.png","contentUrl":"https:\/\/shop.bantam.ch\/wp-content\/uploads\/2022\/12\/bantam-logo.png","width":320,"height":71,"caption":"Bantam Camping AG"},"image":{"@id":"https:\/\/shop.bantam.ch\/de\/#\/schema\/logo\/image\/"}}]}},"_links":{"self":[{"href":"https:\/\/shop.bantam.ch\/de\/wp-json\/wp\/v2\/product\/230748","targetHints":{"allow":["GET"]}}],"collection":[{"href":"https:\/\/shop.bantam.ch\/de\/wp-json\/wp\/v2\/product"}],"about":[{"href":"https:\/\/shop.bantam.ch\/de\/wp-json\/wp\/v2\/types\/product"}],"wp:featuredmedia":[{"embeddable":true,"href":"https:\/\/shop.bantam.ch\/de\/wp-json\/wp\/v2\/media\/230744"}],"wp:attachment":[{"href":"https:\/\/shop.bantam.ch\/de\/wp-json\/wp\/v2\/media?parent=230748"}],"wp:term":[{"taxonomy":"product_featured_cat","embeddable":true,"href":"https:\/\/shop.bantam.ch\/de\/wp-json\/wp\/v2\/product_featured_cat?post=230748"},{"taxonomy":"product_brand","embeddable":true,"href":"https:\/\/shop.bantam.ch\/de\/wp-json\/wp\/v2\/product_brand?post=230748"},{"taxonomy":"product_cat","embeddable":true,"href":"https:\/\/shop.bantam.ch\/de\/wp-json\/wp\/v2\/product_cat?post=230748"},{"taxonomy":"product_tag","embeddable":true,"href":"https:\/\/shop.bantam.ch\/de\/wp-json\/wp\/v2\/product_tag?post=230748"}],"curies":[{"name":"wp","href":"https:\/\/api.w.org\/{rel}","templated":true}]}}