{"id":230742,"date":"2026-01-06T16:51:01","date_gmt":"2026-01-06T15:51:01","guid":{"rendered":"https:\/\/shop.bantam.ch\/produit\/camping-backofen-roadbaker-modell-g\/"},"modified":"2026-04-17T23:51:29","modified_gmt":"2026-04-17T21:51:29","slug":"camping-backofen-roadbaker-modell-g","status":"publish","type":"product","link":"https:\/\/shop.bantam.ch\/de\/produkt\/camping-backofen-roadbaker-modell-g\/","title":{"rendered":"Camping-Backofen RoadBaker Modell G"},"content":{"rendered":"<ul>\n<li>RoadBaker \u2013 der Star unter den mobilen Back\u00f6fen \u2013 bringt Vielfalt in deine Campingk\u00fcche. Mit ihm lassen sich knusprige Br\u00f6tchen, leckere Pizzen, geschmackvolle Aufl\u00e4ufe, duftende Kuchen und vieles mehr einfach unterwegs zubereiten.<\/li>\n<li>Deutsche Innovation: Der speziell entwickelte, hitzebest\u00e4ndige Glasdeckel erm\u00f6glicht eine komfortable Beobachtung des Backvorgangs, ohne den Deckel l\u00fcften zu m\u00fcssen.<\/li>\n<li>Die 2,8-Liter-Backform ist mit einer der fortschrittlichsten Antihaft-Keramikbeschichtungen versehen. Speisen l\u00f6sen sich hervorragend aus der Form.<\/li>\n<li>Erfordert keine Installation: Der Backofen kann auf jede beliebige Hitzequelle (Gas, Elektro, Grill, Campingkocher, Solarkocher) gestellt werden \u2013 unterwegs und zuhause. F\u00fcr Induktionsherde nicht geeignet. Drei Bestandteile erzeugen zusammen Ober- und Unterhitze.<\/li>\n<li>Praktische Griffe erleichtern das Anfassen und Heben des Backofens.<\/li>\n<li>Extra verst\u00e4rktes, leitf\u00e4higes Aluminium, um den Anforderungen des t\u00e4glichen Gebrauchs gewachsen zu sein.<\/li>\n<li>Die clevere Wahl: Der RoadBaker vereint Mobilit\u00e4t, Vielseitigkeit und Qualit\u00e4t in einem kompakten Design, das sich sowohl f\u00fcr Outdoor-Abenteuer als auch den t\u00e4glichen Gebrauch eignet \u2013 der ideale Begleiter f\u00fcr alle, die auch unterwegs nicht auf frische Backwaren und k\u00f6stliche Gerichte verzichten m\u00f6chten \u2013 und das in Premium-Qualit\u00e4t.<\/li>\n<li>Kompatibel mit den meisten Omnia Produkten wie, Backofen, Silikonformen, Muffinform, Tasche, Thermometer, Untersetzer etc.<\/li>\n<\/ul>\n","protected":false},"excerpt":{"rendered":"<p>RoadBaker \u2013 der Star unter den mobilen Back\u00f6fen \u2013 bringt Vielfalt in deine Campingk\u00fcche. Mit ihm lassen sich knusprige Br\u00f6tchen, leckere Pizzen, geschmackvolle Aufl\u00e4ufe, duftende Kuchen und vieles mehr einfach unterwegs zubereiten. Deutsche Innovation: Der speziell entwickelte, hitzebest\u00e4ndige Glasdeckel erm\u00f6glicht eine komfortable Beobachtung des Backvorgangs, ohne den Deckel l\u00fcften zu m\u00fcssen. Die 2,8-Liter-Backform ist mit [&hellip;]<\/p>\n","protected":false},"featured_media":230736,"template":"","meta":{"_acf_changed":false},"product_featured_cat":[],"product_brand":[],"product_cat":[4340],"product_tag":[],"class_list":{"0":"post-230742","1":"product","2":"type-product","3":"status-publish","4":"has-post-thumbnail","6":"product_cat-grillzubehoer","8":"first","9":"instock","10":"taxable","11":"shipping-taxable","12":"purchasable","13":"product-type-simple"},"acf":[],"yoast_head":"<!-- This site is optimized with the Yoast SEO plugin v27.4 - https:\/\/yoast.com\/product\/yoast-seo-wordpress\/ -->\n<title>Camping-Backofen RoadBaker Modell G - Bantam Camping AG<\/title>\n<meta name=\"robots\" content=\"index, follow, max-snippet:-1, max-image-preview:large, max-video-preview:-1\" \/>\n<link rel=\"canonical\" href=\"https:\/\/shop.bantam.ch\/de\/produkt\/camping-backofen-roadbaker-modell-g\/\" \/>\n<meta property=\"og:locale\" content=\"de_DE\" \/>\n<meta property=\"og:type\" content=\"article\" \/>\n<meta property=\"og:title\" content=\"Camping-Backofen RoadBaker Modell G - Bantam Camping AG\" \/>\n<meta property=\"og:description\" content=\"RoadBaker \u2013 der Star unter den mobilen Back\u00f6fen \u2013 bringt Vielfalt in deine Campingk\u00fcche. Mit ihm lassen sich knusprige Br\u00f6tchen, leckere Pizzen, geschmackvolle Aufl\u00e4ufe, duftende Kuchen und vieles mehr einfach unterwegs zubereiten. Deutsche Innovation: Der speziell entwickelte, hitzebest\u00e4ndige Glasdeckel erm\u00f6glicht eine komfortable Beobachtung des Backvorgangs, ohne den Deckel l\u00fcften zu m\u00fcssen. Die 2,8-Liter-Backform ist mit [&hellip;]\" \/>\n<meta property=\"og:url\" content=\"https:\/\/shop.bantam.ch\/de\/produkt\/camping-backofen-roadbaker-modell-g\/\" \/>\n<meta property=\"og:site_name\" content=\"Bantam Camping AG\" \/>\n<meta property=\"article:modified_time\" content=\"2026-04-17T21:51:29+00:00\" \/>\n<meta name=\"twitter:card\" content=\"summary_large_image\" \/>\n<meta name=\"twitter:label1\" content=\"Gesch\u00e4tzte Lesezeit\" \/>\n\t<meta name=\"twitter:data1\" content=\"1\u00a0Minute\" \/>\n<script type=\"application\/ld+json\" class=\"yoast-schema-graph\">{\"@context\":\"https:\\\/\\\/schema.org\",\"@graph\":[{\"@type\":\"WebPage\",\"@id\":\"https:\\\/\\\/shop.bantam.ch\\\/de\\\/produkt\\\/camping-backofen-roadbaker-modell-g\\\/\",\"url\":\"https:\\\/\\\/shop.bantam.ch\\\/de\\\/produkt\\\/camping-backofen-roadbaker-modell-g\\\/\",\"name\":\"Camping-Backofen RoadBaker Modell G - Bantam Camping AG\",\"isPartOf\":{\"@id\":\"https:\\\/\\\/shop.bantam.ch\\\/de\\\/#website\"},\"primaryImageOfPage\":{\"@id\":\"https:\\\/\\\/shop.bantam.ch\\\/de\\\/produkt\\\/camping-backofen-roadbaker-modell-g\\\/#primaryimage\"},\"image\":{\"@id\":\"https:\\\/\\\/shop.bantam.ch\\\/de\\\/produkt\\\/camping-backofen-roadbaker-modell-g\\\/#primaryimage\"},\"thumbnailUrl\":\"https:\\\/\\\/shop.bantam.ch\\\/wp-content\\\/uploads\\\/2026\\\/01\\\/Movera-L-9987064100.jpg\",\"datePublished\":\"2026-01-06T15:51:01+00:00\",\"dateModified\":\"2026-04-17T21:51:29+00:00\",\"breadcrumb\":{\"@id\":\"https:\\\/\\\/shop.bantam.ch\\\/de\\\/produkt\\\/camping-backofen-roadbaker-modell-g\\\/#breadcrumb\"},\"inLanguage\":\"de\",\"potentialAction\":[{\"@type\":\"ReadAction\",\"target\":[\"https:\\\/\\\/shop.bantam.ch\\\/de\\\/produkt\\\/camping-backofen-roadbaker-modell-g\\\/\"]}]},{\"@type\":\"ImageObject\",\"inLanguage\":\"de\",\"@id\":\"https:\\\/\\\/shop.bantam.ch\\\/de\\\/produkt\\\/camping-backofen-roadbaker-modell-g\\\/#primaryimage\",\"url\":\"https:\\\/\\\/shop.bantam.ch\\\/wp-content\\\/uploads\\\/2026\\\/01\\\/Movera-L-9987064100.jpg\",\"contentUrl\":\"https:\\\/\\\/shop.bantam.ch\\\/wp-content\\\/uploads\\\/2026\\\/01\\\/Movera-L-9987064100.jpg\",\"width\":640,\"height\":568},{\"@type\":\"BreadcrumbList\",\"@id\":\"https:\\\/\\\/shop.bantam.ch\\\/de\\\/produkt\\\/camping-backofen-roadbaker-modell-g\\\/#breadcrumb\",\"itemListElement\":[{\"@type\":\"ListItem\",\"position\":1,\"name\":\"Accueil\",\"item\":\"https:\\\/\\\/shop.bantam.ch\\\/de\\\/\"},{\"@type\":\"ListItem\",\"position\":2,\"name\":\"Shop\",\"item\":\"https:\\\/\\\/shop.bantam.ch\\\/de\\\/shop\\\/\"},{\"@type\":\"ListItem\",\"position\":3,\"name\":\"Camping-Backofen RoadBaker Modell G\"}]},{\"@type\":\"WebSite\",\"@id\":\"https:\\\/\\\/shop.bantam.ch\\\/de\\\/#website\",\"url\":\"https:\\\/\\\/shop.bantam.ch\\\/de\\\/\",\"name\":\"Bantam Camping AG\",\"description\":\"\",\"publisher\":{\"@id\":\"https:\\\/\\\/shop.bantam.ch\\\/de\\\/#organization\"},\"inLanguage\":\"de\"},{\"@type\":\"Organization\",\"@id\":\"https:\\\/\\\/shop.bantam.ch\\\/de\\\/#organization\",\"name\":\"Bantam Camping AG\",\"url\":\"https:\\\/\\\/shop.bantam.ch\\\/de\\\/\",\"logo\":{\"@type\":\"ImageObject\",\"inLanguage\":\"de\",\"@id\":\"https:\\\/\\\/shop.bantam.ch\\\/de\\\/#\\\/schema\\\/logo\\\/image\\\/\",\"url\":\"https:\\\/\\\/shop.bantam.ch\\\/wp-content\\\/uploads\\\/2022\\\/12\\\/bantam-logo.png\",\"contentUrl\":\"https:\\\/\\\/shop.bantam.ch\\\/wp-content\\\/uploads\\\/2022\\\/12\\\/bantam-logo.png\",\"width\":320,\"height\":71,\"caption\":\"Bantam Camping AG\"},\"image\":{\"@id\":\"https:\\\/\\\/shop.bantam.ch\\\/de\\\/#\\\/schema\\\/logo\\\/image\\\/\"}}]}<\/script>\n<!-- \/ Yoast SEO plugin. -->","yoast_head_json":{"title":"Camping-Backofen RoadBaker Modell G - Bantam Camping AG","robots":{"index":"index","follow":"follow","max-snippet":"max-snippet:-1","max-image-preview":"max-image-preview:large","max-video-preview":"max-video-preview:-1"},"canonical":"https:\/\/shop.bantam.ch\/de\/produkt\/camping-backofen-roadbaker-modell-g\/","og_locale":"de_DE","og_type":"article","og_title":"Camping-Backofen RoadBaker Modell G - Bantam Camping AG","og_description":"RoadBaker \u2013 der Star unter den mobilen Back\u00f6fen \u2013 bringt Vielfalt in deine Campingk\u00fcche. Mit ihm lassen sich knusprige Br\u00f6tchen, leckere Pizzen, geschmackvolle Aufl\u00e4ufe, duftende Kuchen und vieles mehr einfach unterwegs zubereiten. Deutsche Innovation: Der speziell entwickelte, hitzebest\u00e4ndige Glasdeckel erm\u00f6glicht eine komfortable Beobachtung des Backvorgangs, ohne den Deckel l\u00fcften zu m\u00fcssen. Die 2,8-Liter-Backform ist mit [&hellip;]","og_url":"https:\/\/shop.bantam.ch\/de\/produkt\/camping-backofen-roadbaker-modell-g\/","og_site_name":"Bantam Camping AG","article_modified_time":"2026-04-17T21:51:29+00:00","twitter_card":"summary_large_image","twitter_misc":{"Gesch\u00e4tzte Lesezeit":"1\u00a0Minute"},"schema":{"@context":"https:\/\/schema.org","@graph":[{"@type":"WebPage","@id":"https:\/\/shop.bantam.ch\/de\/produkt\/camping-backofen-roadbaker-modell-g\/","url":"https:\/\/shop.bantam.ch\/de\/produkt\/camping-backofen-roadbaker-modell-g\/","name":"Camping-Backofen RoadBaker Modell G - Bantam Camping AG","isPartOf":{"@id":"https:\/\/shop.bantam.ch\/de\/#website"},"primaryImageOfPage":{"@id":"https:\/\/shop.bantam.ch\/de\/produkt\/camping-backofen-roadbaker-modell-g\/#primaryimage"},"image":{"@id":"https:\/\/shop.bantam.ch\/de\/produkt\/camping-backofen-roadbaker-modell-g\/#primaryimage"},"thumbnailUrl":"https:\/\/shop.bantam.ch\/wp-content\/uploads\/2026\/01\/Movera-L-9987064100.jpg","datePublished":"2026-01-06T15:51:01+00:00","dateModified":"2026-04-17T21:51:29+00:00","breadcrumb":{"@id":"https:\/\/shop.bantam.ch\/de\/produkt\/camping-backofen-roadbaker-modell-g\/#breadcrumb"},"inLanguage":"de","potentialAction":[{"@type":"ReadAction","target":["https:\/\/shop.bantam.ch\/de\/produkt\/camping-backofen-roadbaker-modell-g\/"]}]},{"@type":"ImageObject","inLanguage":"de","@id":"https:\/\/shop.bantam.ch\/de\/produkt\/camping-backofen-roadbaker-modell-g\/#primaryimage","url":"https:\/\/shop.bantam.ch\/wp-content\/uploads\/2026\/01\/Movera-L-9987064100.jpg","contentUrl":"https:\/\/shop.bantam.ch\/wp-content\/uploads\/2026\/01\/Movera-L-9987064100.jpg","width":640,"height":568},{"@type":"BreadcrumbList","@id":"https:\/\/shop.bantam.ch\/de\/produkt\/camping-backofen-roadbaker-modell-g\/#breadcrumb","itemListElement":[{"@type":"ListItem","position":1,"name":"Accueil","item":"https:\/\/shop.bantam.ch\/de\/"},{"@type":"ListItem","position":2,"name":"Shop","item":"https:\/\/shop.bantam.ch\/de\/shop\/"},{"@type":"ListItem","position":3,"name":"Camping-Backofen RoadBaker Modell G"}]},{"@type":"WebSite","@id":"https:\/\/shop.bantam.ch\/de\/#website","url":"https:\/\/shop.bantam.ch\/de\/","name":"Bantam Camping AG","description":"","publisher":{"@id":"https:\/\/shop.bantam.ch\/de\/#organization"},"inLanguage":"de"},{"@type":"Organization","@id":"https:\/\/shop.bantam.ch\/de\/#organization","name":"Bantam Camping AG","url":"https:\/\/shop.bantam.ch\/de\/","logo":{"@type":"ImageObject","inLanguage":"de","@id":"https:\/\/shop.bantam.ch\/de\/#\/schema\/logo\/image\/","url":"https:\/\/shop.bantam.ch\/wp-content\/uploads\/2022\/12\/bantam-logo.png","contentUrl":"https:\/\/shop.bantam.ch\/wp-content\/uploads\/2022\/12\/bantam-logo.png","width":320,"height":71,"caption":"Bantam Camping AG"},"image":{"@id":"https:\/\/shop.bantam.ch\/de\/#\/schema\/logo\/image\/"}}]}},"_links":{"self":[{"href":"https:\/\/shop.bantam.ch\/de\/wp-json\/wp\/v2\/product\/230742","targetHints":{"allow":["GET"]}}],"collection":[{"href":"https:\/\/shop.bantam.ch\/de\/wp-json\/wp\/v2\/product"}],"about":[{"href":"https:\/\/shop.bantam.ch\/de\/wp-json\/wp\/v2\/types\/product"}],"wp:featuredmedia":[{"embeddable":true,"href":"https:\/\/shop.bantam.ch\/de\/wp-json\/wp\/v2\/media\/230736"}],"wp:attachment":[{"href":"https:\/\/shop.bantam.ch\/de\/wp-json\/wp\/v2\/media?parent=230742"}],"wp:term":[{"taxonomy":"product_featured_cat","embeddable":true,"href":"https:\/\/shop.bantam.ch\/de\/wp-json\/wp\/v2\/product_featured_cat?post=230742"},{"taxonomy":"product_brand","embeddable":true,"href":"https:\/\/shop.bantam.ch\/de\/wp-json\/wp\/v2\/product_brand?post=230742"},{"taxonomy":"product_cat","embeddable":true,"href":"https:\/\/shop.bantam.ch\/de\/wp-json\/wp\/v2\/product_cat?post=230742"},{"taxonomy":"product_tag","embeddable":true,"href":"https:\/\/shop.bantam.ch\/de\/wp-json\/wp\/v2\/product_tag?post=230742"}],"curies":[{"name":"wp","href":"https:\/\/api.w.org\/{rel}","templated":true}]}}