{"id":230730,"date":"2026-01-06T16:50:48","date_gmt":"2026-01-06T15:50:48","guid":{"rendered":"https:\/\/shop.bantam.ch\/produit\/caravanspiegel-emuk-passend-fuer-vw-skoda-audi-und-cupra\/"},"modified":"2026-05-05T23:48:28","modified_gmt":"2026-05-05T21:48:28","slug":"caravanspiegel-emuk-passend-fuer-vw-skoda-audi-und-cupra","status":"publish","type":"product","link":"https:\/\/shop.bantam.ch\/de\/produkt\/caravanspiegel-emuk-passend-fuer-vw-skoda-audi-und-cupra\/","title":{"rendered":"Caravanspiegel EMUK passend f\u00fcr VW, Skoda, Audi und Cupra"},"content":{"rendered":"<p>Die speziell , auf den jeweiligen Fahrzeugspiegel angepasste Halterung oder Spiegel (Aluminium-Guss-Form), erm\u00f6glicht eine passgenaue Montage und gew\u00e4hrleistet einen perfekten Sitz ohne Vibration. Blitzschnelle Montage ohne Werkzeug. Alle Bestandteile der Spiegel sind aus korrosionsbest\u00e4ndigen Materialen gefertigt und gew\u00e4hrleisten eine hohe Langlebigkeit.<\/p>\n<p>Ihre Vorteile:<br \/>\nEMUK Spiegel sind vom Fahrer- und Beifahrersitz einstellbar, bieten ein klares, vibrationsfreies Spiegelbild und ein gro\u00dfes Sichtfeld. Sie sind ECE-Typgepr\u00fcft und dadurch sicher und zuverl\u00e4ssig.<\/p>\n<p>Alle aufgef\u00fchrten Spezial-Caravan-Spiegel auch in Wagenfarbe lieferbar.<br \/>\nAlle Ausf\u00fchrungen auch mit XL-Spiegelkopf erh\u00e4ltlich.<\/p>\n<p>Passend f\u00fcr VW:<\/p>\n<ul>\n<li>Tiguan 3. Gen. ab 11\/2023<\/li>\n<li>Tayron ab 11\/2024<\/li>\n<li>ID.4 ab 08\/2020<\/li>\n<li>ID 5 ab 01\/2022<\/li>\n<\/ul>\n<p>Passend f\u00fcr Skoda:<\/p>\n<ul>\n<li>Kodiaq II ab 12\/2023<\/li>\n<li>Enyaq ab 11\/2020<\/li>\n<li>Elroq ab 01\/2025<\/li>\n<\/ul>\n<p>Passend f\u00fcr Audi:<\/p>\n<ul>\n<li>Q4 e-tron ab 03\/2021<\/li>\n<li>Q5 GU 3. Gen. ab 07\/2024<\/li>\n<li>Q6 e-tron ab 07\/2024<\/li>\n<\/ul>\n<p>Passend f\u00fcr Cubra:<\/p>\n<ul>\n<li>Tavascan ab 12\/2023<\/li>\n<\/ul>\n<p>Lieferumfang:<br \/>\n1 Paar<\/p>\n","protected":false},"excerpt":{"rendered":"<p>Die speziell , auf den jeweiligen Fahrzeugspiegel angepasste Halterung oder Spiegel (Aluminium-Guss-Form), erm\u00f6glicht eine passgenaue Montage und gew\u00e4hrleistet einen perfekten Sitz ohne Vibration. Blitzschnelle Montage ohne Werkzeug. Alle Bestandteile der Spiegel sind aus korrosionsbest\u00e4ndigen Materialen gefertigt und gew\u00e4hrleisten eine hohe Langlebigkeit. Ihre Vorteile: EMUK Spiegel sind vom Fahrer- und Beifahrersitz einstellbar, bieten ein klares, vibrationsfreies [&hellip;]<\/p>\n","protected":false},"featured_media":230724,"template":"","meta":{"_acf_changed":false},"product_featured_cat":[],"product_brand":[],"product_cat":[4832],"product_tag":[],"class_list":{"0":"post-230730","1":"product","2":"type-product","3":"status-publish","4":"has-post-thumbnail","6":"product_cat-wohnwagenspiegel","8":"first","9":"instock","10":"taxable","11":"shipping-taxable","12":"purchasable","13":"product-type-simple"},"acf":[],"yoast_head":"<!-- This site is optimized with the Yoast SEO plugin v27.5 - https:\/\/yoast.com\/product\/yoast-seo-wordpress\/ -->\n<title>Caravanspiegel EMUK passend f\u00fcr VW, Skoda, Audi und Cupra - Bantam<\/title>\n<meta name=\"robots\" content=\"index, follow, max-snippet:-1, max-image-preview:large, max-video-preview:-1\" \/>\n<link rel=\"canonical\" href=\"https:\/\/shop.bantam.ch\/de\/produkt\/caravanspiegel-emuk-passend-fuer-vw-skoda-audi-und-cupra\/\" \/>\n<meta property=\"og:locale\" content=\"de_DE\" \/>\n<meta property=\"og:type\" content=\"article\" \/>\n<meta property=\"og:title\" content=\"Caravanspiegel EMUK passend f\u00fcr VW, Skoda, Audi und Cupra - Bantam\" \/>\n<meta property=\"og:description\" content=\"Die speziell , auf den jeweiligen Fahrzeugspiegel angepasste Halterung oder Spiegel (Aluminium-Guss-Form), erm\u00f6glicht eine passgenaue Montage und gew\u00e4hrleistet einen perfekten Sitz ohne Vibration. Blitzschnelle Montage ohne Werkzeug. Alle Bestandteile der Spiegel sind aus korrosionsbest\u00e4ndigen Materialen gefertigt und gew\u00e4hrleisten eine hohe Langlebigkeit. Ihre Vorteile: EMUK Spiegel sind vom Fahrer- und Beifahrersitz einstellbar, bieten ein klares, vibrationsfreies [&hellip;]\" \/>\n<meta property=\"og:url\" content=\"https:\/\/shop.bantam.ch\/de\/produkt\/caravanspiegel-emuk-passend-fuer-vw-skoda-audi-und-cupra\/\" \/>\n<meta property=\"og:site_name\" content=\"Bantam\" \/>\n<meta property=\"article:modified_time\" content=\"2026-05-05T21:48:28+00:00\" \/>\n<meta name=\"twitter:card\" content=\"summary_large_image\" \/>\n<meta name=\"twitter:label1\" content=\"Gesch\u00e4tzte Lesezeit\" \/>\n\t<meta name=\"twitter:data1\" content=\"1\u00a0Minute\" \/>\n<script type=\"application\/ld+json\" class=\"yoast-schema-graph\">{\"@context\":\"https:\\\/\\\/schema.org\",\"@graph\":[{\"@type\":\"WebPage\",\"@id\":\"https:\\\/\\\/shop.bantam.ch\\\/de\\\/produkt\\\/caravanspiegel-emuk-passend-fuer-vw-skoda-audi-und-cupra\\\/\",\"url\":\"https:\\\/\\\/shop.bantam.ch\\\/de\\\/produkt\\\/caravanspiegel-emuk-passend-fuer-vw-skoda-audi-und-cupra\\\/\",\"name\":\"Caravanspiegel EMUK passend f\u00fcr VW, Skoda, Audi und Cupra - Bantam\",\"isPartOf\":{\"@id\":\"https:\\\/\\\/shop.bantam.ch\\\/de\\\/#website\"},\"primaryImageOfPage\":{\"@id\":\"https:\\\/\\\/shop.bantam.ch\\\/de\\\/produkt\\\/caravanspiegel-emuk-passend-fuer-vw-skoda-audi-und-cupra\\\/#primaryimage\"},\"image\":{\"@id\":\"https:\\\/\\\/shop.bantam.ch\\\/de\\\/produkt\\\/caravanspiegel-emuk-passend-fuer-vw-skoda-audi-und-cupra\\\/#primaryimage\"},\"thumbnailUrl\":\"https:\\\/\\\/shop.bantam.ch\\\/wp-content\\\/uploads\\\/2026\\\/01\\\/Movera-L-9985260100.jpg\",\"datePublished\":\"2026-01-06T15:50:48+00:00\",\"dateModified\":\"2026-05-05T21:48:28+00:00\",\"breadcrumb\":{\"@id\":\"https:\\\/\\\/shop.bantam.ch\\\/de\\\/produkt\\\/caravanspiegel-emuk-passend-fuer-vw-skoda-audi-und-cupra\\\/#breadcrumb\"},\"inLanguage\":\"de\",\"potentialAction\":[{\"@type\":\"ReadAction\",\"target\":[\"https:\\\/\\\/shop.bantam.ch\\\/de\\\/produkt\\\/caravanspiegel-emuk-passend-fuer-vw-skoda-audi-und-cupra\\\/\"]}]},{\"@type\":\"ImageObject\",\"inLanguage\":\"de\",\"@id\":\"https:\\\/\\\/shop.bantam.ch\\\/de\\\/produkt\\\/caravanspiegel-emuk-passend-fuer-vw-skoda-audi-und-cupra\\\/#primaryimage\",\"url\":\"https:\\\/\\\/shop.bantam.ch\\\/wp-content\\\/uploads\\\/2026\\\/01\\\/Movera-L-9985260100.jpg\",\"contentUrl\":\"https:\\\/\\\/shop.bantam.ch\\\/wp-content\\\/uploads\\\/2026\\\/01\\\/Movera-L-9985260100.jpg\",\"width\":640,\"height\":427},{\"@type\":\"BreadcrumbList\",\"@id\":\"https:\\\/\\\/shop.bantam.ch\\\/de\\\/produkt\\\/caravanspiegel-emuk-passend-fuer-vw-skoda-audi-und-cupra\\\/#breadcrumb\",\"itemListElement\":[{\"@type\":\"ListItem\",\"position\":1,\"name\":\"Accueil\",\"item\":\"https:\\\/\\\/shop.bantam.ch\\\/de\\\/\"},{\"@type\":\"ListItem\",\"position\":2,\"name\":\"Shop\",\"item\":\"https:\\\/\\\/shop.bantam.ch\\\/de\\\/shop\\\/\"},{\"@type\":\"ListItem\",\"position\":3,\"name\":\"Caravanspiegel EMUK passend f\u00fcr VW, Skoda, Audi und Cupra\"}]},{\"@type\":\"WebSite\",\"@id\":\"https:\\\/\\\/shop.bantam.ch\\\/de\\\/#website\",\"url\":\"https:\\\/\\\/shop.bantam.ch\\\/de\\\/\",\"name\":\"Bantam\",\"description\":\"\",\"publisher\":{\"@id\":\"https:\\\/\\\/shop.bantam.ch\\\/de\\\/#organization\"},\"inLanguage\":\"de\"},{\"@type\":\"Organization\",\"@id\":\"https:\\\/\\\/shop.bantam.ch\\\/de\\\/#organization\",\"name\":\"Bantam\",\"url\":\"https:\\\/\\\/shop.bantam.ch\\\/de\\\/\",\"logo\":{\"@type\":\"ImageObject\",\"inLanguage\":\"de\",\"@id\":\"https:\\\/\\\/shop.bantam.ch\\\/de\\\/#\\\/schema\\\/logo\\\/image\\\/\",\"url\":\"https:\\\/\\\/shop.bantam.ch\\\/wp-content\\\/uploads\\\/2022\\\/12\\\/bantam-logo.png\",\"contentUrl\":\"https:\\\/\\\/shop.bantam.ch\\\/wp-content\\\/uploads\\\/2022\\\/12\\\/bantam-logo.png\",\"width\":320,\"height\":71,\"caption\":\"Bantam\"},\"image\":{\"@id\":\"https:\\\/\\\/shop.bantam.ch\\\/de\\\/#\\\/schema\\\/logo\\\/image\\\/\"}}]}<\/script>\n<!-- \/ Yoast SEO plugin. -->","yoast_head_json":{"title":"Caravanspiegel EMUK passend f\u00fcr VW, Skoda, Audi und Cupra - Bantam","robots":{"index":"index","follow":"follow","max-snippet":"max-snippet:-1","max-image-preview":"max-image-preview:large","max-video-preview":"max-video-preview:-1"},"canonical":"https:\/\/shop.bantam.ch\/de\/produkt\/caravanspiegel-emuk-passend-fuer-vw-skoda-audi-und-cupra\/","og_locale":"de_DE","og_type":"article","og_title":"Caravanspiegel EMUK passend f\u00fcr VW, Skoda, Audi und Cupra - Bantam","og_description":"Die speziell , auf den jeweiligen Fahrzeugspiegel angepasste Halterung oder Spiegel (Aluminium-Guss-Form), erm\u00f6glicht eine passgenaue Montage und gew\u00e4hrleistet einen perfekten Sitz ohne Vibration. Blitzschnelle Montage ohne Werkzeug. Alle Bestandteile der Spiegel sind aus korrosionsbest\u00e4ndigen Materialen gefertigt und gew\u00e4hrleisten eine hohe Langlebigkeit. Ihre Vorteile: EMUK Spiegel sind vom Fahrer- und Beifahrersitz einstellbar, bieten ein klares, vibrationsfreies [&hellip;]","og_url":"https:\/\/shop.bantam.ch\/de\/produkt\/caravanspiegel-emuk-passend-fuer-vw-skoda-audi-und-cupra\/","og_site_name":"Bantam","article_modified_time":"2026-05-05T21:48:28+00:00","twitter_card":"summary_large_image","twitter_misc":{"Gesch\u00e4tzte Lesezeit":"1\u00a0Minute"},"schema":{"@context":"https:\/\/schema.org","@graph":[{"@type":"WebPage","@id":"https:\/\/shop.bantam.ch\/de\/produkt\/caravanspiegel-emuk-passend-fuer-vw-skoda-audi-und-cupra\/","url":"https:\/\/shop.bantam.ch\/de\/produkt\/caravanspiegel-emuk-passend-fuer-vw-skoda-audi-und-cupra\/","name":"Caravanspiegel EMUK passend f\u00fcr VW, Skoda, Audi und Cupra - Bantam","isPartOf":{"@id":"https:\/\/shop.bantam.ch\/de\/#website"},"primaryImageOfPage":{"@id":"https:\/\/shop.bantam.ch\/de\/produkt\/caravanspiegel-emuk-passend-fuer-vw-skoda-audi-und-cupra\/#primaryimage"},"image":{"@id":"https:\/\/shop.bantam.ch\/de\/produkt\/caravanspiegel-emuk-passend-fuer-vw-skoda-audi-und-cupra\/#primaryimage"},"thumbnailUrl":"https:\/\/shop.bantam.ch\/wp-content\/uploads\/2026\/01\/Movera-L-9985260100.jpg","datePublished":"2026-01-06T15:50:48+00:00","dateModified":"2026-05-05T21:48:28+00:00","breadcrumb":{"@id":"https:\/\/shop.bantam.ch\/de\/produkt\/caravanspiegel-emuk-passend-fuer-vw-skoda-audi-und-cupra\/#breadcrumb"},"inLanguage":"de","potentialAction":[{"@type":"ReadAction","target":["https:\/\/shop.bantam.ch\/de\/produkt\/caravanspiegel-emuk-passend-fuer-vw-skoda-audi-und-cupra\/"]}]},{"@type":"ImageObject","inLanguage":"de","@id":"https:\/\/shop.bantam.ch\/de\/produkt\/caravanspiegel-emuk-passend-fuer-vw-skoda-audi-und-cupra\/#primaryimage","url":"https:\/\/shop.bantam.ch\/wp-content\/uploads\/2026\/01\/Movera-L-9985260100.jpg","contentUrl":"https:\/\/shop.bantam.ch\/wp-content\/uploads\/2026\/01\/Movera-L-9985260100.jpg","width":640,"height":427},{"@type":"BreadcrumbList","@id":"https:\/\/shop.bantam.ch\/de\/produkt\/caravanspiegel-emuk-passend-fuer-vw-skoda-audi-und-cupra\/#breadcrumb","itemListElement":[{"@type":"ListItem","position":1,"name":"Accueil","item":"https:\/\/shop.bantam.ch\/de\/"},{"@type":"ListItem","position":2,"name":"Shop","item":"https:\/\/shop.bantam.ch\/de\/shop\/"},{"@type":"ListItem","position":3,"name":"Caravanspiegel EMUK passend f\u00fcr VW, Skoda, Audi und Cupra"}]},{"@type":"WebSite","@id":"https:\/\/shop.bantam.ch\/de\/#website","url":"https:\/\/shop.bantam.ch\/de\/","name":"Bantam","description":"","publisher":{"@id":"https:\/\/shop.bantam.ch\/de\/#organization"},"inLanguage":"de"},{"@type":"Organization","@id":"https:\/\/shop.bantam.ch\/de\/#organization","name":"Bantam","url":"https:\/\/shop.bantam.ch\/de\/","logo":{"@type":"ImageObject","inLanguage":"de","@id":"https:\/\/shop.bantam.ch\/de\/#\/schema\/logo\/image\/","url":"https:\/\/shop.bantam.ch\/wp-content\/uploads\/2022\/12\/bantam-logo.png","contentUrl":"https:\/\/shop.bantam.ch\/wp-content\/uploads\/2022\/12\/bantam-logo.png","width":320,"height":71,"caption":"Bantam"},"image":{"@id":"https:\/\/shop.bantam.ch\/de\/#\/schema\/logo\/image\/"}}]}},"_links":{"self":[{"href":"https:\/\/shop.bantam.ch\/de\/wp-json\/wp\/v2\/product\/230730","targetHints":{"allow":["GET"]}}],"collection":[{"href":"https:\/\/shop.bantam.ch\/de\/wp-json\/wp\/v2\/product"}],"about":[{"href":"https:\/\/shop.bantam.ch\/de\/wp-json\/wp\/v2\/types\/product"}],"wp:featuredmedia":[{"embeddable":true,"href":"https:\/\/shop.bantam.ch\/de\/wp-json\/wp\/v2\/media\/230724"}],"wp:attachment":[{"href":"https:\/\/shop.bantam.ch\/de\/wp-json\/wp\/v2\/media?parent=230730"}],"wp:term":[{"taxonomy":"product_featured_cat","embeddable":true,"href":"https:\/\/shop.bantam.ch\/de\/wp-json\/wp\/v2\/product_featured_cat?post=230730"},{"taxonomy":"product_brand","embeddable":true,"href":"https:\/\/shop.bantam.ch\/de\/wp-json\/wp\/v2\/product_brand?post=230730"},{"taxonomy":"product_cat","embeddable":true,"href":"https:\/\/shop.bantam.ch\/de\/wp-json\/wp\/v2\/product_cat?post=230730"},{"taxonomy":"product_tag","embeddable":true,"href":"https:\/\/shop.bantam.ch\/de\/wp-json\/wp\/v2\/product_tag?post=230730"}],"curies":[{"name":"wp","href":"https:\/\/api.w.org\/{rel}","templated":true}]}}