{"id":230710,"date":"2026-01-06T16:50:16","date_gmt":"2026-01-06T15:50:16","guid":{"rendered":"https:\/\/shop.bantam.ch\/produit\/topfset-elegance-compact-3-tlg\/"},"modified":"2026-04-18T23:54:56","modified_gmt":"2026-04-18T21:54:56","slug":"topfset-elegance-compact-3-tlg","status":"publish","type":"product","link":"https:\/\/shop.bantam.ch\/de\/produkt\/topfset-elegance-compact-3-tlg\/","title":{"rendered":"Topfset Elegance Compact 3-tlg."},"content":{"rendered":"<p>Ein luxuri\u00f6ses 3-teiliges Edelstahl-Topfset. Jede Pfanne hat einen Deckel mit hitzebest\u00e4ndigem Knauf. Zus\u00e4tzlich hat jede Pfanne einen hitzebest\u00e4ndigen Umleggriffe. Nach Gebrauch k\u00f6nnen diese Handgriffe einfach umgeklappt werden, so dass die Pfannen platzsparend gestapelt und verstaut werden k\u00f6nnen. Spart bis zu 40% Platz! Die T\u00f6pfe sind schmal und hoch und daher ideal f\u00fcr den begrenzten Raum auf Gas-Ringen geeignet. Kann mit W\u00e4rmequellen aus Gas, Strom und Keramik verwendet werden. Ma\u00dfe (\u00d8 x H): 12 x 11, 16 x 15 und 20 x 19 cm. Fassungsverm\u00f6gen: 1,25; 3 und 6 Liter.<\/p>\n","protected":false},"excerpt":{"rendered":"<p>Ein luxuri\u00f6ses 3-teiliges Edelstahl-Topfset. Jede Pfanne hat einen Deckel mit hitzebest\u00e4ndigem Knauf. Zus\u00e4tzlich hat jede Pfanne einen hitzebest\u00e4ndigen Umleggriffe. Nach Gebrauch k\u00f6nnen diese Handgriffe einfach umgeklappt werden, so dass die Pfannen platzsparend gestapelt und verstaut werden k\u00f6nnen. Spart bis zu 40% Platz! Die T\u00f6pfe sind schmal und hoch und daher ideal f\u00fcr den begrenzten Raum [&hellip;]<\/p>\n","protected":false},"featured_media":230708,"template":"","meta":{"_acf_changed":false},"product_featured_cat":[],"product_brand":[],"product_cat":[4266],"product_tag":[],"class_list":{"0":"post-230710","1":"product","2":"type-product","3":"status-publish","4":"has-post-thumbnail","6":"product_cat-kochtoepfe-pfannen-sets","8":"first","9":"instock","10":"taxable","11":"shipping-taxable","12":"purchasable","13":"product-type-simple"},"acf":[],"yoast_head":"<!-- This site is optimized with the Yoast SEO plugin v27.4 - https:\/\/yoast.com\/product\/yoast-seo-wordpress\/ -->\n<title>Topfset Elegance Compact 3-tlg. - Bantam Camping AG<\/title>\n<meta name=\"robots\" content=\"index, follow, max-snippet:-1, max-image-preview:large, max-video-preview:-1\" \/>\n<link rel=\"canonical\" href=\"https:\/\/shop.bantam.ch\/de\/produkt\/topfset-elegance-compact-3-tlg\/\" \/>\n<meta property=\"og:locale\" content=\"de_DE\" \/>\n<meta property=\"og:type\" content=\"article\" \/>\n<meta property=\"og:title\" content=\"Topfset Elegance Compact 3-tlg. - Bantam Camping AG\" \/>\n<meta property=\"og:description\" content=\"Ein luxuri\u00f6ses 3-teiliges Edelstahl-Topfset. Jede Pfanne hat einen Deckel mit hitzebest\u00e4ndigem Knauf. Zus\u00e4tzlich hat jede Pfanne einen hitzebest\u00e4ndigen Umleggriffe. Nach Gebrauch k\u00f6nnen diese Handgriffe einfach umgeklappt werden, so dass die Pfannen platzsparend gestapelt und verstaut werden k\u00f6nnen. Spart bis zu 40% Platz! Die T\u00f6pfe sind schmal und hoch und daher ideal f\u00fcr den begrenzten Raum [&hellip;]\" \/>\n<meta property=\"og:url\" content=\"https:\/\/shop.bantam.ch\/de\/produkt\/topfset-elegance-compact-3-tlg\/\" \/>\n<meta property=\"og:site_name\" content=\"Bantam Camping AG\" \/>\n<meta property=\"article:modified_time\" content=\"2026-04-18T21:54:56+00:00\" \/>\n<meta name=\"twitter:card\" content=\"summary_large_image\" \/>\n<script type=\"application\/ld+json\" class=\"yoast-schema-graph\">{\"@context\":\"https:\\\/\\\/schema.org\",\"@graph\":[{\"@type\":\"WebPage\",\"@id\":\"https:\\\/\\\/shop.bantam.ch\\\/de\\\/produkt\\\/topfset-elegance-compact-3-tlg\\\/\",\"url\":\"https:\\\/\\\/shop.bantam.ch\\\/de\\\/produkt\\\/topfset-elegance-compact-3-tlg\\\/\",\"name\":\"Topfset Elegance Compact 3-tlg. - Bantam Camping AG\",\"isPartOf\":{\"@id\":\"https:\\\/\\\/shop.bantam.ch\\\/de\\\/#website\"},\"primaryImageOfPage\":{\"@id\":\"https:\\\/\\\/shop.bantam.ch\\\/de\\\/produkt\\\/topfset-elegance-compact-3-tlg\\\/#primaryimage\"},\"image\":{\"@id\":\"https:\\\/\\\/shop.bantam.ch\\\/de\\\/produkt\\\/topfset-elegance-compact-3-tlg\\\/#primaryimage\"},\"thumbnailUrl\":\"https:\\\/\\\/shop.bantam.ch\\\/wp-content\\\/uploads\\\/2026\\\/01\\\/Movera-L-9987045100.jpg\",\"datePublished\":\"2026-01-06T15:50:16+00:00\",\"dateModified\":\"2026-04-18T21:54:56+00:00\",\"breadcrumb\":{\"@id\":\"https:\\\/\\\/shop.bantam.ch\\\/de\\\/produkt\\\/topfset-elegance-compact-3-tlg\\\/#breadcrumb\"},\"inLanguage\":\"de\",\"potentialAction\":[{\"@type\":\"ReadAction\",\"target\":[\"https:\\\/\\\/shop.bantam.ch\\\/de\\\/produkt\\\/topfset-elegance-compact-3-tlg\\\/\"]}]},{\"@type\":\"ImageObject\",\"inLanguage\":\"de\",\"@id\":\"https:\\\/\\\/shop.bantam.ch\\\/de\\\/produkt\\\/topfset-elegance-compact-3-tlg\\\/#primaryimage\",\"url\":\"https:\\\/\\\/shop.bantam.ch\\\/wp-content\\\/uploads\\\/2026\\\/01\\\/Movera-L-9987045100.jpg\",\"contentUrl\":\"https:\\\/\\\/shop.bantam.ch\\\/wp-content\\\/uploads\\\/2026\\\/01\\\/Movera-L-9987045100.jpg\",\"width\":640,\"height\":807},{\"@type\":\"BreadcrumbList\",\"@id\":\"https:\\\/\\\/shop.bantam.ch\\\/de\\\/produkt\\\/topfset-elegance-compact-3-tlg\\\/#breadcrumb\",\"itemListElement\":[{\"@type\":\"ListItem\",\"position\":1,\"name\":\"Accueil\",\"item\":\"https:\\\/\\\/shop.bantam.ch\\\/de\\\/\"},{\"@type\":\"ListItem\",\"position\":2,\"name\":\"Shop\",\"item\":\"https:\\\/\\\/shop.bantam.ch\\\/de\\\/shop\\\/\"},{\"@type\":\"ListItem\",\"position\":3,\"name\":\"Topfset Elegance Compact 3-tlg.\"}]},{\"@type\":\"WebSite\",\"@id\":\"https:\\\/\\\/shop.bantam.ch\\\/de\\\/#website\",\"url\":\"https:\\\/\\\/shop.bantam.ch\\\/de\\\/\",\"name\":\"Bantam Camping AG\",\"description\":\"\",\"publisher\":{\"@id\":\"https:\\\/\\\/shop.bantam.ch\\\/de\\\/#organization\"},\"inLanguage\":\"de\"},{\"@type\":\"Organization\",\"@id\":\"https:\\\/\\\/shop.bantam.ch\\\/de\\\/#organization\",\"name\":\"Bantam Camping AG\",\"url\":\"https:\\\/\\\/shop.bantam.ch\\\/de\\\/\",\"logo\":{\"@type\":\"ImageObject\",\"inLanguage\":\"de\",\"@id\":\"https:\\\/\\\/shop.bantam.ch\\\/de\\\/#\\\/schema\\\/logo\\\/image\\\/\",\"url\":\"https:\\\/\\\/shop.bantam.ch\\\/wp-content\\\/uploads\\\/2022\\\/12\\\/bantam-logo.png\",\"contentUrl\":\"https:\\\/\\\/shop.bantam.ch\\\/wp-content\\\/uploads\\\/2022\\\/12\\\/bantam-logo.png\",\"width\":320,\"height\":71,\"caption\":\"Bantam Camping AG\"},\"image\":{\"@id\":\"https:\\\/\\\/shop.bantam.ch\\\/de\\\/#\\\/schema\\\/logo\\\/image\\\/\"}}]}<\/script>\n<!-- \/ Yoast SEO plugin. -->","yoast_head_json":{"title":"Topfset Elegance Compact 3-tlg. - Bantam Camping AG","robots":{"index":"index","follow":"follow","max-snippet":"max-snippet:-1","max-image-preview":"max-image-preview:large","max-video-preview":"max-video-preview:-1"},"canonical":"https:\/\/shop.bantam.ch\/de\/produkt\/topfset-elegance-compact-3-tlg\/","og_locale":"de_DE","og_type":"article","og_title":"Topfset Elegance Compact 3-tlg. - Bantam Camping AG","og_description":"Ein luxuri\u00f6ses 3-teiliges Edelstahl-Topfset. Jede Pfanne hat einen Deckel mit hitzebest\u00e4ndigem Knauf. Zus\u00e4tzlich hat jede Pfanne einen hitzebest\u00e4ndigen Umleggriffe. Nach Gebrauch k\u00f6nnen diese Handgriffe einfach umgeklappt werden, so dass die Pfannen platzsparend gestapelt und verstaut werden k\u00f6nnen. Spart bis zu 40% Platz! Die T\u00f6pfe sind schmal und hoch und daher ideal f\u00fcr den begrenzten Raum [&hellip;]","og_url":"https:\/\/shop.bantam.ch\/de\/produkt\/topfset-elegance-compact-3-tlg\/","og_site_name":"Bantam Camping AG","article_modified_time":"2026-04-18T21:54:56+00:00","twitter_card":"summary_large_image","schema":{"@context":"https:\/\/schema.org","@graph":[{"@type":"WebPage","@id":"https:\/\/shop.bantam.ch\/de\/produkt\/topfset-elegance-compact-3-tlg\/","url":"https:\/\/shop.bantam.ch\/de\/produkt\/topfset-elegance-compact-3-tlg\/","name":"Topfset Elegance Compact 3-tlg. - Bantam Camping AG","isPartOf":{"@id":"https:\/\/shop.bantam.ch\/de\/#website"},"primaryImageOfPage":{"@id":"https:\/\/shop.bantam.ch\/de\/produkt\/topfset-elegance-compact-3-tlg\/#primaryimage"},"image":{"@id":"https:\/\/shop.bantam.ch\/de\/produkt\/topfset-elegance-compact-3-tlg\/#primaryimage"},"thumbnailUrl":"https:\/\/shop.bantam.ch\/wp-content\/uploads\/2026\/01\/Movera-L-9987045100.jpg","datePublished":"2026-01-06T15:50:16+00:00","dateModified":"2026-04-18T21:54:56+00:00","breadcrumb":{"@id":"https:\/\/shop.bantam.ch\/de\/produkt\/topfset-elegance-compact-3-tlg\/#breadcrumb"},"inLanguage":"de","potentialAction":[{"@type":"ReadAction","target":["https:\/\/shop.bantam.ch\/de\/produkt\/topfset-elegance-compact-3-tlg\/"]}]},{"@type":"ImageObject","inLanguage":"de","@id":"https:\/\/shop.bantam.ch\/de\/produkt\/topfset-elegance-compact-3-tlg\/#primaryimage","url":"https:\/\/shop.bantam.ch\/wp-content\/uploads\/2026\/01\/Movera-L-9987045100.jpg","contentUrl":"https:\/\/shop.bantam.ch\/wp-content\/uploads\/2026\/01\/Movera-L-9987045100.jpg","width":640,"height":807},{"@type":"BreadcrumbList","@id":"https:\/\/shop.bantam.ch\/de\/produkt\/topfset-elegance-compact-3-tlg\/#breadcrumb","itemListElement":[{"@type":"ListItem","position":1,"name":"Accueil","item":"https:\/\/shop.bantam.ch\/de\/"},{"@type":"ListItem","position":2,"name":"Shop","item":"https:\/\/shop.bantam.ch\/de\/shop\/"},{"@type":"ListItem","position":3,"name":"Topfset Elegance Compact 3-tlg."}]},{"@type":"WebSite","@id":"https:\/\/shop.bantam.ch\/de\/#website","url":"https:\/\/shop.bantam.ch\/de\/","name":"Bantam Camping AG","description":"","publisher":{"@id":"https:\/\/shop.bantam.ch\/de\/#organization"},"inLanguage":"de"},{"@type":"Organization","@id":"https:\/\/shop.bantam.ch\/de\/#organization","name":"Bantam Camping AG","url":"https:\/\/shop.bantam.ch\/de\/","logo":{"@type":"ImageObject","inLanguage":"de","@id":"https:\/\/shop.bantam.ch\/de\/#\/schema\/logo\/image\/","url":"https:\/\/shop.bantam.ch\/wp-content\/uploads\/2022\/12\/bantam-logo.png","contentUrl":"https:\/\/shop.bantam.ch\/wp-content\/uploads\/2022\/12\/bantam-logo.png","width":320,"height":71,"caption":"Bantam Camping AG"},"image":{"@id":"https:\/\/shop.bantam.ch\/de\/#\/schema\/logo\/image\/"}}]}},"_links":{"self":[{"href":"https:\/\/shop.bantam.ch\/de\/wp-json\/wp\/v2\/product\/230710","targetHints":{"allow":["GET"]}}],"collection":[{"href":"https:\/\/shop.bantam.ch\/de\/wp-json\/wp\/v2\/product"}],"about":[{"href":"https:\/\/shop.bantam.ch\/de\/wp-json\/wp\/v2\/types\/product"}],"wp:featuredmedia":[{"embeddable":true,"href":"https:\/\/shop.bantam.ch\/de\/wp-json\/wp\/v2\/media\/230708"}],"wp:attachment":[{"href":"https:\/\/shop.bantam.ch\/de\/wp-json\/wp\/v2\/media?parent=230710"}],"wp:term":[{"taxonomy":"product_featured_cat","embeddable":true,"href":"https:\/\/shop.bantam.ch\/de\/wp-json\/wp\/v2\/product_featured_cat?post=230710"},{"taxonomy":"product_brand","embeddable":true,"href":"https:\/\/shop.bantam.ch\/de\/wp-json\/wp\/v2\/product_brand?post=230710"},{"taxonomy":"product_cat","embeddable":true,"href":"https:\/\/shop.bantam.ch\/de\/wp-json\/wp\/v2\/product_cat?post=230710"},{"taxonomy":"product_tag","embeddable":true,"href":"https:\/\/shop.bantam.ch\/de\/wp-json\/wp\/v2\/product_tag?post=230710"}],"curies":[{"name":"wp","href":"https:\/\/api.w.org\/{rel}","templated":true}]}}