{"id":230680,"date":"2026-01-06T16:49:08","date_gmt":"2026-01-06T15:49:08","guid":{"rendered":"https:\/\/shop.bantam.ch\/produit\/spiegelprotektorsatz-milenco-version-ab-bj-2025\/"},"modified":"2026-04-19T02:41:21","modified_gmt":"2026-04-19T00:41:21","slug":"spiegelprotektorsatz-milenco-version-ab-bj-2025","status":"publish","type":"product","link":"https:\/\/shop.bantam.ch\/de\/produkt\/spiegelprotektorsatz-milenco-version-ab-bj-2025\/","title":{"rendered":"Spiegelprotektorsatz Milenco Version ab Bj. 2025"},"content":{"rendered":"<p>Spiegelprotektorsatz zur einfachen Montage am linken und rechten Au\u00dfenspielgel Basis Fiat Ducato X250 ab Bj. 2025. Die Protektoren sch\u00fctzen die Spiegel vor Besch\u00e4digung durch Kontakt mit Gegenverkehr, \u00c4sten oder Verkehrsschildern. Einfache und sichere Montage durch perfekte Passform und verschraubtem Halter. Keine Bohrungen oder Verschraubungen im Originalspielgel notwendig.<\/p>\n<p>Lieferumfang:<br \/>\nje 1 St\u00fcck Protektor links und rechts<\/p>\n","protected":false},"excerpt":{"rendered":"<p>Spiegelprotektorsatz zur einfachen Montage am linken und rechten Au\u00dfenspielgel Basis Fiat Ducato X250 ab Bj. 2025. Die Protektoren sch\u00fctzen die Spiegel vor Besch\u00e4digung durch Kontakt mit Gegenverkehr, \u00c4sten oder Verkehrsschildern. Einfache und sichere Montage durch perfekte Passform und verschraubtem Halter. Keine Bohrungen oder Verschraubungen im Originalspielgel notwendig. Lieferumfang: je 1 St\u00fcck Protektor links und rechts<\/p>\n","protected":false},"featured_media":230670,"template":"","meta":{"_acf_changed":false},"product_featured_cat":[],"product_brand":[],"product_cat":[4834],"product_tag":[],"class_list":{"0":"post-230680","1":"product","2":"type-product","3":"status-publish","4":"has-post-thumbnail","6":"product_cat-zubehoer-fuer-wohnwagenspiegel","8":"first","9":"instock","10":"taxable","11":"shipping-taxable","12":"purchasable","13":"product-type-variable"},"acf":[],"yoast_head":"<!-- This site is optimized with the Yoast SEO plugin v27.4 - https:\/\/yoast.com\/product\/yoast-seo-wordpress\/ -->\n<title>Spiegelprotektorsatz Milenco Version ab Bj. 2025 - Bantam Camping AG<\/title>\n<meta name=\"robots\" content=\"index, follow, max-snippet:-1, max-image-preview:large, max-video-preview:-1\" \/>\n<link rel=\"canonical\" href=\"https:\/\/shop.bantam.ch\/de\/produkt\/spiegelprotektorsatz-milenco-version-ab-bj-2025\/\" \/>\n<meta property=\"og:locale\" content=\"de_DE\" \/>\n<meta property=\"og:type\" content=\"article\" \/>\n<meta property=\"og:title\" content=\"Spiegelprotektorsatz Milenco Version ab Bj. 2025 - Bantam Camping AG\" \/>\n<meta property=\"og:description\" content=\"Spiegelprotektorsatz zur einfachen Montage am linken und rechten Au\u00dfenspielgel Basis Fiat Ducato X250 ab Bj. 2025. Die Protektoren sch\u00fctzen die Spiegel vor Besch\u00e4digung durch Kontakt mit Gegenverkehr, \u00c4sten oder Verkehrsschildern. Einfache und sichere Montage durch perfekte Passform und verschraubtem Halter. Keine Bohrungen oder Verschraubungen im Originalspielgel notwendig. Lieferumfang: je 1 St\u00fcck Protektor links und rechts\" \/>\n<meta property=\"og:url\" content=\"https:\/\/shop.bantam.ch\/de\/produkt\/spiegelprotektorsatz-milenco-version-ab-bj-2025\/\" \/>\n<meta property=\"og:site_name\" content=\"Bantam Camping AG\" \/>\n<meta property=\"article:modified_time\" content=\"2026-04-19T00:41:21+00:00\" \/>\n<meta name=\"twitter:card\" content=\"summary_large_image\" \/>\n<script type=\"application\/ld+json\" class=\"yoast-schema-graph\">{\"@context\":\"https:\\\/\\\/schema.org\",\"@graph\":[{\"@type\":\"WebPage\",\"@id\":\"https:\\\/\\\/shop.bantam.ch\\\/de\\\/produkt\\\/spiegelprotektorsatz-milenco-version-ab-bj-2025\\\/\",\"url\":\"https:\\\/\\\/shop.bantam.ch\\\/de\\\/produkt\\\/spiegelprotektorsatz-milenco-version-ab-bj-2025\\\/\",\"name\":\"Spiegelprotektorsatz Milenco Version ab Bj. 2025 - Bantam Camping AG\",\"isPartOf\":{\"@id\":\"https:\\\/\\\/shop.bantam.ch\\\/de\\\/#website\"},\"primaryImageOfPage\":{\"@id\":\"https:\\\/\\\/shop.bantam.ch\\\/de\\\/produkt\\\/spiegelprotektorsatz-milenco-version-ab-bj-2025\\\/#primaryimage\"},\"image\":{\"@id\":\"https:\\\/\\\/shop.bantam.ch\\\/de\\\/produkt\\\/spiegelprotektorsatz-milenco-version-ab-bj-2025\\\/#primaryimage\"},\"thumbnailUrl\":\"https:\\\/\\\/shop.bantam.ch\\\/wp-content\\\/uploads\\\/2026\\\/01\\\/Movera-L-9985257100.jpg\",\"datePublished\":\"2026-01-06T15:49:08+00:00\",\"dateModified\":\"2026-04-19T00:41:21+00:00\",\"breadcrumb\":{\"@id\":\"https:\\\/\\\/shop.bantam.ch\\\/de\\\/produkt\\\/spiegelprotektorsatz-milenco-version-ab-bj-2025\\\/#breadcrumb\"},\"inLanguage\":\"de\",\"potentialAction\":[{\"@type\":\"ReadAction\",\"target\":[\"https:\\\/\\\/shop.bantam.ch\\\/de\\\/produkt\\\/spiegelprotektorsatz-milenco-version-ab-bj-2025\\\/\"]}]},{\"@type\":\"ImageObject\",\"inLanguage\":\"de\",\"@id\":\"https:\\\/\\\/shop.bantam.ch\\\/de\\\/produkt\\\/spiegelprotektorsatz-milenco-version-ab-bj-2025\\\/#primaryimage\",\"url\":\"https:\\\/\\\/shop.bantam.ch\\\/wp-content\\\/uploads\\\/2026\\\/01\\\/Movera-L-9985257100.jpg\",\"contentUrl\":\"https:\\\/\\\/shop.bantam.ch\\\/wp-content\\\/uploads\\\/2026\\\/01\\\/Movera-L-9985257100.jpg\",\"width\":640,\"height\":480},{\"@type\":\"BreadcrumbList\",\"@id\":\"https:\\\/\\\/shop.bantam.ch\\\/de\\\/produkt\\\/spiegelprotektorsatz-milenco-version-ab-bj-2025\\\/#breadcrumb\",\"itemListElement\":[{\"@type\":\"ListItem\",\"position\":1,\"name\":\"Accueil\",\"item\":\"https:\\\/\\\/shop.bantam.ch\\\/de\\\/\"},{\"@type\":\"ListItem\",\"position\":2,\"name\":\"Shop\",\"item\":\"https:\\\/\\\/shop.bantam.ch\\\/de\\\/shop\\\/\"},{\"@type\":\"ListItem\",\"position\":3,\"name\":\"Spiegelprotektorsatz Milenco Version ab Bj. 2025\"}]},{\"@type\":\"WebSite\",\"@id\":\"https:\\\/\\\/shop.bantam.ch\\\/de\\\/#website\",\"url\":\"https:\\\/\\\/shop.bantam.ch\\\/de\\\/\",\"name\":\"Bantam Camping AG\",\"description\":\"\",\"publisher\":{\"@id\":\"https:\\\/\\\/shop.bantam.ch\\\/de\\\/#organization\"},\"inLanguage\":\"de\"},{\"@type\":\"Organization\",\"@id\":\"https:\\\/\\\/shop.bantam.ch\\\/de\\\/#organization\",\"name\":\"Bantam Camping AG\",\"url\":\"https:\\\/\\\/shop.bantam.ch\\\/de\\\/\",\"logo\":{\"@type\":\"ImageObject\",\"inLanguage\":\"de\",\"@id\":\"https:\\\/\\\/shop.bantam.ch\\\/de\\\/#\\\/schema\\\/logo\\\/image\\\/\",\"url\":\"https:\\\/\\\/shop.bantam.ch\\\/wp-content\\\/uploads\\\/2022\\\/12\\\/bantam-logo.png\",\"contentUrl\":\"https:\\\/\\\/shop.bantam.ch\\\/wp-content\\\/uploads\\\/2022\\\/12\\\/bantam-logo.png\",\"width\":320,\"height\":71,\"caption\":\"Bantam Camping AG\"},\"image\":{\"@id\":\"https:\\\/\\\/shop.bantam.ch\\\/de\\\/#\\\/schema\\\/logo\\\/image\\\/\"}}]}<\/script>\n<!-- \/ Yoast SEO plugin. -->","yoast_head_json":{"title":"Spiegelprotektorsatz Milenco Version ab Bj. 2025 - Bantam Camping AG","robots":{"index":"index","follow":"follow","max-snippet":"max-snippet:-1","max-image-preview":"max-image-preview:large","max-video-preview":"max-video-preview:-1"},"canonical":"https:\/\/shop.bantam.ch\/de\/produkt\/spiegelprotektorsatz-milenco-version-ab-bj-2025\/","og_locale":"de_DE","og_type":"article","og_title":"Spiegelprotektorsatz Milenco Version ab Bj. 2025 - Bantam Camping AG","og_description":"Spiegelprotektorsatz zur einfachen Montage am linken und rechten Au\u00dfenspielgel Basis Fiat Ducato X250 ab Bj. 2025. Die Protektoren sch\u00fctzen die Spiegel vor Besch\u00e4digung durch Kontakt mit Gegenverkehr, \u00c4sten oder Verkehrsschildern. Einfache und sichere Montage durch perfekte Passform und verschraubtem Halter. Keine Bohrungen oder Verschraubungen im Originalspielgel notwendig. Lieferumfang: je 1 St\u00fcck Protektor links und rechts","og_url":"https:\/\/shop.bantam.ch\/de\/produkt\/spiegelprotektorsatz-milenco-version-ab-bj-2025\/","og_site_name":"Bantam Camping AG","article_modified_time":"2026-04-19T00:41:21+00:00","twitter_card":"summary_large_image","schema":{"@context":"https:\/\/schema.org","@graph":[{"@type":"WebPage","@id":"https:\/\/shop.bantam.ch\/de\/produkt\/spiegelprotektorsatz-milenco-version-ab-bj-2025\/","url":"https:\/\/shop.bantam.ch\/de\/produkt\/spiegelprotektorsatz-milenco-version-ab-bj-2025\/","name":"Spiegelprotektorsatz Milenco Version ab Bj. 2025 - Bantam Camping AG","isPartOf":{"@id":"https:\/\/shop.bantam.ch\/de\/#website"},"primaryImageOfPage":{"@id":"https:\/\/shop.bantam.ch\/de\/produkt\/spiegelprotektorsatz-milenco-version-ab-bj-2025\/#primaryimage"},"image":{"@id":"https:\/\/shop.bantam.ch\/de\/produkt\/spiegelprotektorsatz-milenco-version-ab-bj-2025\/#primaryimage"},"thumbnailUrl":"https:\/\/shop.bantam.ch\/wp-content\/uploads\/2026\/01\/Movera-L-9985257100.jpg","datePublished":"2026-01-06T15:49:08+00:00","dateModified":"2026-04-19T00:41:21+00:00","breadcrumb":{"@id":"https:\/\/shop.bantam.ch\/de\/produkt\/spiegelprotektorsatz-milenco-version-ab-bj-2025\/#breadcrumb"},"inLanguage":"de","potentialAction":[{"@type":"ReadAction","target":["https:\/\/shop.bantam.ch\/de\/produkt\/spiegelprotektorsatz-milenco-version-ab-bj-2025\/"]}]},{"@type":"ImageObject","inLanguage":"de","@id":"https:\/\/shop.bantam.ch\/de\/produkt\/spiegelprotektorsatz-milenco-version-ab-bj-2025\/#primaryimage","url":"https:\/\/shop.bantam.ch\/wp-content\/uploads\/2026\/01\/Movera-L-9985257100.jpg","contentUrl":"https:\/\/shop.bantam.ch\/wp-content\/uploads\/2026\/01\/Movera-L-9985257100.jpg","width":640,"height":480},{"@type":"BreadcrumbList","@id":"https:\/\/shop.bantam.ch\/de\/produkt\/spiegelprotektorsatz-milenco-version-ab-bj-2025\/#breadcrumb","itemListElement":[{"@type":"ListItem","position":1,"name":"Accueil","item":"https:\/\/shop.bantam.ch\/de\/"},{"@type":"ListItem","position":2,"name":"Shop","item":"https:\/\/shop.bantam.ch\/de\/shop\/"},{"@type":"ListItem","position":3,"name":"Spiegelprotektorsatz Milenco Version ab Bj. 2025"}]},{"@type":"WebSite","@id":"https:\/\/shop.bantam.ch\/de\/#website","url":"https:\/\/shop.bantam.ch\/de\/","name":"Bantam Camping AG","description":"","publisher":{"@id":"https:\/\/shop.bantam.ch\/de\/#organization"},"inLanguage":"de"},{"@type":"Organization","@id":"https:\/\/shop.bantam.ch\/de\/#organization","name":"Bantam Camping AG","url":"https:\/\/shop.bantam.ch\/de\/","logo":{"@type":"ImageObject","inLanguage":"de","@id":"https:\/\/shop.bantam.ch\/de\/#\/schema\/logo\/image\/","url":"https:\/\/shop.bantam.ch\/wp-content\/uploads\/2022\/12\/bantam-logo.png","contentUrl":"https:\/\/shop.bantam.ch\/wp-content\/uploads\/2022\/12\/bantam-logo.png","width":320,"height":71,"caption":"Bantam Camping AG"},"image":{"@id":"https:\/\/shop.bantam.ch\/de\/#\/schema\/logo\/image\/"}}]}},"_links":{"self":[{"href":"https:\/\/shop.bantam.ch\/de\/wp-json\/wp\/v2\/product\/230680","targetHints":{"allow":["GET"]}}],"collection":[{"href":"https:\/\/shop.bantam.ch\/de\/wp-json\/wp\/v2\/product"}],"about":[{"href":"https:\/\/shop.bantam.ch\/de\/wp-json\/wp\/v2\/types\/product"}],"wp:featuredmedia":[{"embeddable":true,"href":"https:\/\/shop.bantam.ch\/de\/wp-json\/wp\/v2\/media\/230670"}],"wp:attachment":[{"href":"https:\/\/shop.bantam.ch\/de\/wp-json\/wp\/v2\/media?parent=230680"}],"wp:term":[{"taxonomy":"product_featured_cat","embeddable":true,"href":"https:\/\/shop.bantam.ch\/de\/wp-json\/wp\/v2\/product_featured_cat?post=230680"},{"taxonomy":"product_brand","embeddable":true,"href":"https:\/\/shop.bantam.ch\/de\/wp-json\/wp\/v2\/product_brand?post=230680"},{"taxonomy":"product_cat","embeddable":true,"href":"https:\/\/shop.bantam.ch\/de\/wp-json\/wp\/v2\/product_cat?post=230680"},{"taxonomy":"product_tag","embeddable":true,"href":"https:\/\/shop.bantam.ch\/de\/wp-json\/wp\/v2\/product_tag?post=230680"}],"curies":[{"name":"wp","href":"https:\/\/api.w.org\/{rel}","templated":true}]}}