{"id":230630,"date":"2026-01-06T16:48:20","date_gmt":"2026-01-06T15:48:20","guid":{"rendered":"https:\/\/shop.bantam.ch\/produit\/stuetzrad-plus-200-x-50-mm-vollgummi-blechfelge\/"},"modified":"2026-04-18T23:54:42","modified_gmt":"2026-04-18T21:54:42","slug":"stuetzrad-plus-200-x-50-mm-vollgummi-blechfelge","status":"publish","type":"product","link":"https:\/\/shop.bantam.ch\/de\/produkt\/stuetzrad-plus-200-x-50-mm-vollgummi-blechfelge\/","title":{"rendered":"St\u00fctzrad Plus 200 x 50 mm Vollgummi\/Blechfelge"},"content":{"rendered":"<ul>\n<li>Hochwertiger Korrosionsschutz Feuerverzinkung in hoher Schichtdicke. Der Abrieb der Zinkschicht, bei H\u00f6henverstellung \u00fcber die Klemmschelle, ist somit unkritisch<\/li>\n<li>Verl\u00e4ngerte Ausf\u00fchrung<\/li>\n<li>Kurbel leichtg\u00e4ngig, das eingebaute Drucklager unter der Kurbel erleichtert die Bedienung<\/li>\n<li>Tragf\u00e4higkeit max. statisch: 150 kg<\/li>\n<li>Tragf\u00e4higkeit max. dynamisch: 90 kg<\/li>\n<li>F\u00fcr Au\u00dfenrohr \u00e0\u00b8 (mm): 48<\/li>\n<li>Felge: Blech<\/li>\n<li>Rad (mm): 200 x 50 Vollgummi<\/li>\n<\/ul>\n","protected":false},"excerpt":{"rendered":"<p>Hochwertiger Korrosionsschutz Feuerverzinkung in hoher Schichtdicke. Der Abrieb der Zinkschicht, bei H\u00f6henverstellung \u00fcber die Klemmschelle, ist somit unkritisch Verl\u00e4ngerte Ausf\u00fchrung Kurbel leichtg\u00e4ngig, das eingebaute Drucklager unter der Kurbel erleichtert die Bedienung Tragf\u00e4higkeit max. statisch: 150 kg Tragf\u00e4higkeit max. dynamisch: 90 kg F\u00fcr Au\u00dfenrohr \u00e0\u00b8 (mm): 48 Felge: Blech Rad (mm): 200 x 50 Vollgummi<\/p>\n","protected":false},"featured_media":230626,"template":"","meta":{"_acf_changed":false},"product_featured_cat":[],"product_brand":[],"product_cat":[4826],"product_tag":[],"class_list":{"0":"post-230630","1":"product","2":"type-product","3":"status-publish","4":"has-post-thumbnail","6":"product_cat-stuetzraeder","8":"first","9":"instock","10":"taxable","11":"shipping-taxable","12":"purchasable","13":"product-type-simple"},"acf":[],"yoast_head":"<!-- This site is optimized with the Yoast SEO plugin v27.4 - https:\/\/yoast.com\/product\/yoast-seo-wordpress\/ -->\n<title>St\u00fctzrad Plus 200 x 50 mm Vollgummi\/Blechfelge - Bantam Camping AG<\/title>\n<meta name=\"robots\" content=\"index, follow, max-snippet:-1, max-image-preview:large, max-video-preview:-1\" \/>\n<link rel=\"canonical\" href=\"https:\/\/shop.bantam.ch\/de\/produkt\/stuetzrad-plus-200-x-50-mm-vollgummi-blechfelge\/\" \/>\n<meta property=\"og:locale\" content=\"de_DE\" \/>\n<meta property=\"og:type\" content=\"article\" \/>\n<meta property=\"og:title\" content=\"St\u00fctzrad Plus 200 x 50 mm Vollgummi\/Blechfelge - Bantam Camping AG\" \/>\n<meta property=\"og:description\" content=\"Hochwertiger Korrosionsschutz Feuerverzinkung in hoher Schichtdicke. Der Abrieb der Zinkschicht, bei H\u00f6henverstellung \u00fcber die Klemmschelle, ist somit unkritisch Verl\u00e4ngerte Ausf\u00fchrung Kurbel leichtg\u00e4ngig, das eingebaute Drucklager unter der Kurbel erleichtert die Bedienung Tragf\u00e4higkeit max. statisch: 150 kg Tragf\u00e4higkeit max. dynamisch: 90 kg F\u00fcr Au\u00dfenrohr \u00e0\u00b8 (mm): 48 Felge: Blech Rad (mm): 200 x 50 Vollgummi\" \/>\n<meta property=\"og:url\" content=\"https:\/\/shop.bantam.ch\/de\/produkt\/stuetzrad-plus-200-x-50-mm-vollgummi-blechfelge\/\" \/>\n<meta property=\"og:site_name\" content=\"Bantam Camping AG\" \/>\n<meta property=\"article:modified_time\" content=\"2026-04-18T21:54:42+00:00\" \/>\n<meta name=\"twitter:card\" content=\"summary_large_image\" \/>\n<script type=\"application\/ld+json\" class=\"yoast-schema-graph\">{\"@context\":\"https:\\\/\\\/schema.org\",\"@graph\":[{\"@type\":\"WebPage\",\"@id\":\"https:\\\/\\\/shop.bantam.ch\\\/de\\\/produkt\\\/stuetzrad-plus-200-x-50-mm-vollgummi-blechfelge\\\/\",\"url\":\"https:\\\/\\\/shop.bantam.ch\\\/de\\\/produkt\\\/stuetzrad-plus-200-x-50-mm-vollgummi-blechfelge\\\/\",\"name\":\"St\u00fctzrad Plus 200 x 50 mm Vollgummi\\\/Blechfelge - Bantam Camping AG\",\"isPartOf\":{\"@id\":\"https:\\\/\\\/shop.bantam.ch\\\/de\\\/#website\"},\"primaryImageOfPage\":{\"@id\":\"https:\\\/\\\/shop.bantam.ch\\\/de\\\/produkt\\\/stuetzrad-plus-200-x-50-mm-vollgummi-blechfelge\\\/#primaryimage\"},\"image\":{\"@id\":\"https:\\\/\\\/shop.bantam.ch\\\/de\\\/produkt\\\/stuetzrad-plus-200-x-50-mm-vollgummi-blechfelge\\\/#primaryimage\"},\"thumbnailUrl\":\"https:\\\/\\\/shop.bantam.ch\\\/wp-content\\\/uploads\\\/2026\\\/01\\\/Movera-L-9979841100.jpg\",\"datePublished\":\"2026-01-06T15:48:20+00:00\",\"dateModified\":\"2026-04-18T21:54:42+00:00\",\"breadcrumb\":{\"@id\":\"https:\\\/\\\/shop.bantam.ch\\\/de\\\/produkt\\\/stuetzrad-plus-200-x-50-mm-vollgummi-blechfelge\\\/#breadcrumb\"},\"inLanguage\":\"de\",\"potentialAction\":[{\"@type\":\"ReadAction\",\"target\":[\"https:\\\/\\\/shop.bantam.ch\\\/de\\\/produkt\\\/stuetzrad-plus-200-x-50-mm-vollgummi-blechfelge\\\/\"]}]},{\"@type\":\"ImageObject\",\"inLanguage\":\"de\",\"@id\":\"https:\\\/\\\/shop.bantam.ch\\\/de\\\/produkt\\\/stuetzrad-plus-200-x-50-mm-vollgummi-blechfelge\\\/#primaryimage\",\"url\":\"https:\\\/\\\/shop.bantam.ch\\\/wp-content\\\/uploads\\\/2026\\\/01\\\/Movera-L-9979841100.jpg\",\"contentUrl\":\"https:\\\/\\\/shop.bantam.ch\\\/wp-content\\\/uploads\\\/2026\\\/01\\\/Movera-L-9979841100.jpg\",\"width\":535,\"height\":1000},{\"@type\":\"BreadcrumbList\",\"@id\":\"https:\\\/\\\/shop.bantam.ch\\\/de\\\/produkt\\\/stuetzrad-plus-200-x-50-mm-vollgummi-blechfelge\\\/#breadcrumb\",\"itemListElement\":[{\"@type\":\"ListItem\",\"position\":1,\"name\":\"Accueil\",\"item\":\"https:\\\/\\\/shop.bantam.ch\\\/de\\\/\"},{\"@type\":\"ListItem\",\"position\":2,\"name\":\"Shop\",\"item\":\"https:\\\/\\\/shop.bantam.ch\\\/de\\\/shop\\\/\"},{\"@type\":\"ListItem\",\"position\":3,\"name\":\"St\u00fctzrad Plus 200 x 50 mm Vollgummi\\\/Blechfelge\"}]},{\"@type\":\"WebSite\",\"@id\":\"https:\\\/\\\/shop.bantam.ch\\\/de\\\/#website\",\"url\":\"https:\\\/\\\/shop.bantam.ch\\\/de\\\/\",\"name\":\"Bantam Camping AG\",\"description\":\"\",\"publisher\":{\"@id\":\"https:\\\/\\\/shop.bantam.ch\\\/de\\\/#organization\"},\"inLanguage\":\"de\"},{\"@type\":\"Organization\",\"@id\":\"https:\\\/\\\/shop.bantam.ch\\\/de\\\/#organization\",\"name\":\"Bantam Camping AG\",\"url\":\"https:\\\/\\\/shop.bantam.ch\\\/de\\\/\",\"logo\":{\"@type\":\"ImageObject\",\"inLanguage\":\"de\",\"@id\":\"https:\\\/\\\/shop.bantam.ch\\\/de\\\/#\\\/schema\\\/logo\\\/image\\\/\",\"url\":\"https:\\\/\\\/shop.bantam.ch\\\/wp-content\\\/uploads\\\/2022\\\/12\\\/bantam-logo.png\",\"contentUrl\":\"https:\\\/\\\/shop.bantam.ch\\\/wp-content\\\/uploads\\\/2022\\\/12\\\/bantam-logo.png\",\"width\":320,\"height\":71,\"caption\":\"Bantam Camping AG\"},\"image\":{\"@id\":\"https:\\\/\\\/shop.bantam.ch\\\/de\\\/#\\\/schema\\\/logo\\\/image\\\/\"}}]}<\/script>\n<!-- \/ Yoast SEO plugin. -->","yoast_head_json":{"title":"St\u00fctzrad Plus 200 x 50 mm Vollgummi\/Blechfelge - Bantam Camping AG","robots":{"index":"index","follow":"follow","max-snippet":"max-snippet:-1","max-image-preview":"max-image-preview:large","max-video-preview":"max-video-preview:-1"},"canonical":"https:\/\/shop.bantam.ch\/de\/produkt\/stuetzrad-plus-200-x-50-mm-vollgummi-blechfelge\/","og_locale":"de_DE","og_type":"article","og_title":"St\u00fctzrad Plus 200 x 50 mm Vollgummi\/Blechfelge - Bantam Camping AG","og_description":"Hochwertiger Korrosionsschutz Feuerverzinkung in hoher Schichtdicke. Der Abrieb der Zinkschicht, bei H\u00f6henverstellung \u00fcber die Klemmschelle, ist somit unkritisch Verl\u00e4ngerte Ausf\u00fchrung Kurbel leichtg\u00e4ngig, das eingebaute Drucklager unter der Kurbel erleichtert die Bedienung Tragf\u00e4higkeit max. statisch: 150 kg Tragf\u00e4higkeit max. dynamisch: 90 kg F\u00fcr Au\u00dfenrohr \u00e0\u00b8 (mm): 48 Felge: Blech Rad (mm): 200 x 50 Vollgummi","og_url":"https:\/\/shop.bantam.ch\/de\/produkt\/stuetzrad-plus-200-x-50-mm-vollgummi-blechfelge\/","og_site_name":"Bantam Camping AG","article_modified_time":"2026-04-18T21:54:42+00:00","twitter_card":"summary_large_image","schema":{"@context":"https:\/\/schema.org","@graph":[{"@type":"WebPage","@id":"https:\/\/shop.bantam.ch\/de\/produkt\/stuetzrad-plus-200-x-50-mm-vollgummi-blechfelge\/","url":"https:\/\/shop.bantam.ch\/de\/produkt\/stuetzrad-plus-200-x-50-mm-vollgummi-blechfelge\/","name":"St\u00fctzrad Plus 200 x 50 mm Vollgummi\/Blechfelge - Bantam Camping AG","isPartOf":{"@id":"https:\/\/shop.bantam.ch\/de\/#website"},"primaryImageOfPage":{"@id":"https:\/\/shop.bantam.ch\/de\/produkt\/stuetzrad-plus-200-x-50-mm-vollgummi-blechfelge\/#primaryimage"},"image":{"@id":"https:\/\/shop.bantam.ch\/de\/produkt\/stuetzrad-plus-200-x-50-mm-vollgummi-blechfelge\/#primaryimage"},"thumbnailUrl":"https:\/\/shop.bantam.ch\/wp-content\/uploads\/2026\/01\/Movera-L-9979841100.jpg","datePublished":"2026-01-06T15:48:20+00:00","dateModified":"2026-04-18T21:54:42+00:00","breadcrumb":{"@id":"https:\/\/shop.bantam.ch\/de\/produkt\/stuetzrad-plus-200-x-50-mm-vollgummi-blechfelge\/#breadcrumb"},"inLanguage":"de","potentialAction":[{"@type":"ReadAction","target":["https:\/\/shop.bantam.ch\/de\/produkt\/stuetzrad-plus-200-x-50-mm-vollgummi-blechfelge\/"]}]},{"@type":"ImageObject","inLanguage":"de","@id":"https:\/\/shop.bantam.ch\/de\/produkt\/stuetzrad-plus-200-x-50-mm-vollgummi-blechfelge\/#primaryimage","url":"https:\/\/shop.bantam.ch\/wp-content\/uploads\/2026\/01\/Movera-L-9979841100.jpg","contentUrl":"https:\/\/shop.bantam.ch\/wp-content\/uploads\/2026\/01\/Movera-L-9979841100.jpg","width":535,"height":1000},{"@type":"BreadcrumbList","@id":"https:\/\/shop.bantam.ch\/de\/produkt\/stuetzrad-plus-200-x-50-mm-vollgummi-blechfelge\/#breadcrumb","itemListElement":[{"@type":"ListItem","position":1,"name":"Accueil","item":"https:\/\/shop.bantam.ch\/de\/"},{"@type":"ListItem","position":2,"name":"Shop","item":"https:\/\/shop.bantam.ch\/de\/shop\/"},{"@type":"ListItem","position":3,"name":"St\u00fctzrad Plus 200 x 50 mm Vollgummi\/Blechfelge"}]},{"@type":"WebSite","@id":"https:\/\/shop.bantam.ch\/de\/#website","url":"https:\/\/shop.bantam.ch\/de\/","name":"Bantam Camping AG","description":"","publisher":{"@id":"https:\/\/shop.bantam.ch\/de\/#organization"},"inLanguage":"de"},{"@type":"Organization","@id":"https:\/\/shop.bantam.ch\/de\/#organization","name":"Bantam Camping AG","url":"https:\/\/shop.bantam.ch\/de\/","logo":{"@type":"ImageObject","inLanguage":"de","@id":"https:\/\/shop.bantam.ch\/de\/#\/schema\/logo\/image\/","url":"https:\/\/shop.bantam.ch\/wp-content\/uploads\/2022\/12\/bantam-logo.png","contentUrl":"https:\/\/shop.bantam.ch\/wp-content\/uploads\/2022\/12\/bantam-logo.png","width":320,"height":71,"caption":"Bantam Camping AG"},"image":{"@id":"https:\/\/shop.bantam.ch\/de\/#\/schema\/logo\/image\/"}}]}},"_links":{"self":[{"href":"https:\/\/shop.bantam.ch\/de\/wp-json\/wp\/v2\/product\/230630","targetHints":{"allow":["GET"]}}],"collection":[{"href":"https:\/\/shop.bantam.ch\/de\/wp-json\/wp\/v2\/product"}],"about":[{"href":"https:\/\/shop.bantam.ch\/de\/wp-json\/wp\/v2\/types\/product"}],"wp:featuredmedia":[{"embeddable":true,"href":"https:\/\/shop.bantam.ch\/de\/wp-json\/wp\/v2\/media\/230626"}],"wp:attachment":[{"href":"https:\/\/shop.bantam.ch\/de\/wp-json\/wp\/v2\/media?parent=230630"}],"wp:term":[{"taxonomy":"product_featured_cat","embeddable":true,"href":"https:\/\/shop.bantam.ch\/de\/wp-json\/wp\/v2\/product_featured_cat?post=230630"},{"taxonomy":"product_brand","embeddable":true,"href":"https:\/\/shop.bantam.ch\/de\/wp-json\/wp\/v2\/product_brand?post=230630"},{"taxonomy":"product_cat","embeddable":true,"href":"https:\/\/shop.bantam.ch\/de\/wp-json\/wp\/v2\/product_cat?post=230630"},{"taxonomy":"product_tag","embeddable":true,"href":"https:\/\/shop.bantam.ch\/de\/wp-json\/wp\/v2\/product_tag?post=230630"}],"curies":[{"name":"wp","href":"https:\/\/api.w.org\/{rel}","templated":true}]}}