{"id":230616,"date":"2026-01-06T16:47:54","date_gmt":"2026-01-06T15:47:54","guid":{"rendered":"https:\/\/shop.bantam.ch\/produit\/heckfahrradtraeger-forza\/"},"modified":"2026-04-18T02:39:30","modified_gmt":"2026-04-18T00:39:30","slug":"heckfahrradtraeger-forza","status":"publish","type":"product","link":"https:\/\/shop.bantam.ch\/de\/produkt\/heckfahrradtraeger-forza\/","title":{"rendered":"Heckfahrradtr\u00e4ger Forza"},"content":{"rendered":"<p>Die neuen Fahrradtr\u00e4ger FORZA M und L kombinieren Vielseitigkeit mit durchdachtem Design \u2013 ideal f\u00fcr aktive Menschen.<br \/>\nDie faltbare Konstruktion im Kofferformat erm\u00f6glicht einfaches Tragen, eine schnelle Montage und platzsparendes Verstauen. Dank zwei einstellbarer Abklappwinkel bleibt der Kofferraum auch mit beladenem Fahrradtr\u00e4ger problemlos zug\u00e4nglich \u2013 selbst bei Fahrzeugen mit gro\u00dfen Heckklappen wie der Mercedes-Benz V-Klasse oder dem VW T7.<br \/>\nDie abnehmbaren Abstandshalter bieten in Kombination mit dem robusten St\u00fctzb\u00fcgel optimalen Halt f\u00fcr verschiedenste Fahrradtypen, einschlie\u00dflich E-Bikes. Dank \u00dcberrastschutzsystem sind sie auch f\u00fcr Carbonrahmen geeignet, da \u00fcberm\u00e4\u00dfiger Druck vermieden wird.&nbsp;<br \/>\nF\u00fcr noch mehr Flexibilit\u00e4t l\u00e4sst sich der Anh\u00e4ngerkupplungstr\u00e4ger optional um eine weitere Schiene erweitern, um ein zus\u00e4tzliches Fahrrad zu transportieren.<\/p>\n<ul>\n<li>Radschienenabstand: 210 mm<\/li>\n<li>Fahrrad-Reifenbreite: bis 4,0 Zoll<\/li>\n<li>Fahrrad-Rahmendurchmesser: 25-80 mm<\/li>\n<li>Max. Radstand: 1300 mm<\/li>\n<\/ul>\n<p>&nbsp;<\/p>\n","protected":false},"excerpt":{"rendered":"<p>Die neuen Fahrradtr\u00e4ger FORZA M und L kombinieren Vielseitigkeit mit durchdachtem Design \u2013 ideal f\u00fcr aktive Menschen. Die faltbare Konstruktion im Kofferformat erm\u00f6glicht einfaches Tragen, eine schnelle Montage und platzsparendes Verstauen. Dank zwei einstellbarer Abklappwinkel bleibt der Kofferraum auch mit beladenem Fahrradtr\u00e4ger problemlos zug\u00e4nglich \u2013 selbst bei Fahrzeugen mit gro\u00dfen Heckklappen wie der Mercedes-Benz V-Klasse [&hellip;]<\/p>\n","protected":false},"featured_media":230600,"template":"","meta":{"_acf_changed":false},"product_featured_cat":[],"product_brand":[],"product_cat":[5138],"product_tag":[],"class_list":{"0":"post-230616","1":"product","2":"type-product","3":"status-publish","4":"has-post-thumbnail","6":"product_cat-heck-fahrradtraeger","8":"first","9":"instock","10":"taxable","11":"shipping-taxable","12":"purchasable","13":"product-type-variable"},"acf":[],"yoast_head":"<!-- This site is optimized with the Yoast SEO plugin v27.4 - https:\/\/yoast.com\/product\/yoast-seo-wordpress\/ -->\n<title>Heckfahrradtr\u00e4ger Forza - Bantam Camping AG<\/title>\n<meta name=\"robots\" content=\"index, follow, max-snippet:-1, max-image-preview:large, max-video-preview:-1\" \/>\n<link rel=\"canonical\" href=\"https:\/\/shop.bantam.ch\/de\/produkt\/heckfahrradtraeger-forza\/\" \/>\n<meta property=\"og:locale\" content=\"de_DE\" \/>\n<meta property=\"og:type\" content=\"article\" \/>\n<meta property=\"og:title\" content=\"Heckfahrradtr\u00e4ger Forza - Bantam Camping AG\" \/>\n<meta property=\"og:description\" content=\"Die neuen Fahrradtr\u00e4ger FORZA M und L kombinieren Vielseitigkeit mit durchdachtem Design \u2013 ideal f\u00fcr aktive Menschen. Die faltbare Konstruktion im Kofferformat erm\u00f6glicht einfaches Tragen, eine schnelle Montage und platzsparendes Verstauen. Dank zwei einstellbarer Abklappwinkel bleibt der Kofferraum auch mit beladenem Fahrradtr\u00e4ger problemlos zug\u00e4nglich \u2013 selbst bei Fahrzeugen mit gro\u00dfen Heckklappen wie der Mercedes-Benz V-Klasse [&hellip;]\" \/>\n<meta property=\"og:url\" content=\"https:\/\/shop.bantam.ch\/de\/produkt\/heckfahrradtraeger-forza\/\" \/>\n<meta property=\"og:site_name\" content=\"Bantam Camping AG\" \/>\n<meta property=\"article:modified_time\" content=\"2026-04-18T00:39:30+00:00\" \/>\n<meta name=\"twitter:card\" content=\"summary_large_image\" \/>\n<meta name=\"twitter:label1\" content=\"Gesch\u00e4tzte Lesezeit\" \/>\n\t<meta name=\"twitter:data1\" content=\"1\u00a0Minute\" \/>\n<script type=\"application\/ld+json\" class=\"yoast-schema-graph\">{\"@context\":\"https:\\\/\\\/schema.org\",\"@graph\":[{\"@type\":\"WebPage\",\"@id\":\"https:\\\/\\\/shop.bantam.ch\\\/de\\\/produkt\\\/heckfahrradtraeger-forza\\\/\",\"url\":\"https:\\\/\\\/shop.bantam.ch\\\/de\\\/produkt\\\/heckfahrradtraeger-forza\\\/\",\"name\":\"Heckfahrradtr\u00e4ger Forza - Bantam Camping AG\",\"isPartOf\":{\"@id\":\"https:\\\/\\\/shop.bantam.ch\\\/de\\\/#website\"},\"primaryImageOfPage\":{\"@id\":\"https:\\\/\\\/shop.bantam.ch\\\/de\\\/produkt\\\/heckfahrradtraeger-forza\\\/#primaryimage\"},\"image\":{\"@id\":\"https:\\\/\\\/shop.bantam.ch\\\/de\\\/produkt\\\/heckfahrradtraeger-forza\\\/#primaryimage\"},\"thumbnailUrl\":\"https:\\\/\\\/shop.bantam.ch\\\/wp-content\\\/uploads\\\/2026\\\/01\\\/Movera-L-9985182100.jpg\",\"datePublished\":\"2026-01-06T15:47:54+00:00\",\"dateModified\":\"2026-04-18T00:39:30+00:00\",\"breadcrumb\":{\"@id\":\"https:\\\/\\\/shop.bantam.ch\\\/de\\\/produkt\\\/heckfahrradtraeger-forza\\\/#breadcrumb\"},\"inLanguage\":\"de\",\"potentialAction\":[{\"@type\":\"ReadAction\",\"target\":[\"https:\\\/\\\/shop.bantam.ch\\\/de\\\/produkt\\\/heckfahrradtraeger-forza\\\/\"]}]},{\"@type\":\"ImageObject\",\"inLanguage\":\"de\",\"@id\":\"https:\\\/\\\/shop.bantam.ch\\\/de\\\/produkt\\\/heckfahrradtraeger-forza\\\/#primaryimage\",\"url\":\"https:\\\/\\\/shop.bantam.ch\\\/wp-content\\\/uploads\\\/2026\\\/01\\\/Movera-L-9985182100.jpg\",\"contentUrl\":\"https:\\\/\\\/shop.bantam.ch\\\/wp-content\\\/uploads\\\/2026\\\/01\\\/Movera-L-9985182100.jpg\",\"width\":621,\"height\":788},{\"@type\":\"BreadcrumbList\",\"@id\":\"https:\\\/\\\/shop.bantam.ch\\\/de\\\/produkt\\\/heckfahrradtraeger-forza\\\/#breadcrumb\",\"itemListElement\":[{\"@type\":\"ListItem\",\"position\":1,\"name\":\"Accueil\",\"item\":\"https:\\\/\\\/shop.bantam.ch\\\/de\\\/\"},{\"@type\":\"ListItem\",\"position\":2,\"name\":\"Shop\",\"item\":\"https:\\\/\\\/shop.bantam.ch\\\/de\\\/shop\\\/\"},{\"@type\":\"ListItem\",\"position\":3,\"name\":\"Heckfahrradtr\u00e4ger Forza\"}]},{\"@type\":\"WebSite\",\"@id\":\"https:\\\/\\\/shop.bantam.ch\\\/de\\\/#website\",\"url\":\"https:\\\/\\\/shop.bantam.ch\\\/de\\\/\",\"name\":\"Bantam Camping AG\",\"description\":\"\",\"publisher\":{\"@id\":\"https:\\\/\\\/shop.bantam.ch\\\/de\\\/#organization\"},\"inLanguage\":\"de\"},{\"@type\":\"Organization\",\"@id\":\"https:\\\/\\\/shop.bantam.ch\\\/de\\\/#organization\",\"name\":\"Bantam Camping AG\",\"url\":\"https:\\\/\\\/shop.bantam.ch\\\/de\\\/\",\"logo\":{\"@type\":\"ImageObject\",\"inLanguage\":\"de\",\"@id\":\"https:\\\/\\\/shop.bantam.ch\\\/de\\\/#\\\/schema\\\/logo\\\/image\\\/\",\"url\":\"https:\\\/\\\/shop.bantam.ch\\\/wp-content\\\/uploads\\\/2022\\\/12\\\/bantam-logo.png\",\"contentUrl\":\"https:\\\/\\\/shop.bantam.ch\\\/wp-content\\\/uploads\\\/2022\\\/12\\\/bantam-logo.png\",\"width\":320,\"height\":71,\"caption\":\"Bantam Camping AG\"},\"image\":{\"@id\":\"https:\\\/\\\/shop.bantam.ch\\\/de\\\/#\\\/schema\\\/logo\\\/image\\\/\"}}]}<\/script>\n<!-- \/ Yoast SEO plugin. -->","yoast_head_json":{"title":"Heckfahrradtr\u00e4ger Forza - Bantam Camping AG","robots":{"index":"index","follow":"follow","max-snippet":"max-snippet:-1","max-image-preview":"max-image-preview:large","max-video-preview":"max-video-preview:-1"},"canonical":"https:\/\/shop.bantam.ch\/de\/produkt\/heckfahrradtraeger-forza\/","og_locale":"de_DE","og_type":"article","og_title":"Heckfahrradtr\u00e4ger Forza - Bantam Camping AG","og_description":"Die neuen Fahrradtr\u00e4ger FORZA M und L kombinieren Vielseitigkeit mit durchdachtem Design \u2013 ideal f\u00fcr aktive Menschen. Die faltbare Konstruktion im Kofferformat erm\u00f6glicht einfaches Tragen, eine schnelle Montage und platzsparendes Verstauen. Dank zwei einstellbarer Abklappwinkel bleibt der Kofferraum auch mit beladenem Fahrradtr\u00e4ger problemlos zug\u00e4nglich \u2013 selbst bei Fahrzeugen mit gro\u00dfen Heckklappen wie der Mercedes-Benz V-Klasse [&hellip;]","og_url":"https:\/\/shop.bantam.ch\/de\/produkt\/heckfahrradtraeger-forza\/","og_site_name":"Bantam Camping AG","article_modified_time":"2026-04-18T00:39:30+00:00","twitter_card":"summary_large_image","twitter_misc":{"Gesch\u00e4tzte Lesezeit":"1\u00a0Minute"},"schema":{"@context":"https:\/\/schema.org","@graph":[{"@type":"WebPage","@id":"https:\/\/shop.bantam.ch\/de\/produkt\/heckfahrradtraeger-forza\/","url":"https:\/\/shop.bantam.ch\/de\/produkt\/heckfahrradtraeger-forza\/","name":"Heckfahrradtr\u00e4ger Forza - Bantam Camping AG","isPartOf":{"@id":"https:\/\/shop.bantam.ch\/de\/#website"},"primaryImageOfPage":{"@id":"https:\/\/shop.bantam.ch\/de\/produkt\/heckfahrradtraeger-forza\/#primaryimage"},"image":{"@id":"https:\/\/shop.bantam.ch\/de\/produkt\/heckfahrradtraeger-forza\/#primaryimage"},"thumbnailUrl":"https:\/\/shop.bantam.ch\/wp-content\/uploads\/2026\/01\/Movera-L-9985182100.jpg","datePublished":"2026-01-06T15:47:54+00:00","dateModified":"2026-04-18T00:39:30+00:00","breadcrumb":{"@id":"https:\/\/shop.bantam.ch\/de\/produkt\/heckfahrradtraeger-forza\/#breadcrumb"},"inLanguage":"de","potentialAction":[{"@type":"ReadAction","target":["https:\/\/shop.bantam.ch\/de\/produkt\/heckfahrradtraeger-forza\/"]}]},{"@type":"ImageObject","inLanguage":"de","@id":"https:\/\/shop.bantam.ch\/de\/produkt\/heckfahrradtraeger-forza\/#primaryimage","url":"https:\/\/shop.bantam.ch\/wp-content\/uploads\/2026\/01\/Movera-L-9985182100.jpg","contentUrl":"https:\/\/shop.bantam.ch\/wp-content\/uploads\/2026\/01\/Movera-L-9985182100.jpg","width":621,"height":788},{"@type":"BreadcrumbList","@id":"https:\/\/shop.bantam.ch\/de\/produkt\/heckfahrradtraeger-forza\/#breadcrumb","itemListElement":[{"@type":"ListItem","position":1,"name":"Accueil","item":"https:\/\/shop.bantam.ch\/de\/"},{"@type":"ListItem","position":2,"name":"Shop","item":"https:\/\/shop.bantam.ch\/de\/shop\/"},{"@type":"ListItem","position":3,"name":"Heckfahrradtr\u00e4ger Forza"}]},{"@type":"WebSite","@id":"https:\/\/shop.bantam.ch\/de\/#website","url":"https:\/\/shop.bantam.ch\/de\/","name":"Bantam Camping AG","description":"","publisher":{"@id":"https:\/\/shop.bantam.ch\/de\/#organization"},"inLanguage":"de"},{"@type":"Organization","@id":"https:\/\/shop.bantam.ch\/de\/#organization","name":"Bantam Camping AG","url":"https:\/\/shop.bantam.ch\/de\/","logo":{"@type":"ImageObject","inLanguage":"de","@id":"https:\/\/shop.bantam.ch\/de\/#\/schema\/logo\/image\/","url":"https:\/\/shop.bantam.ch\/wp-content\/uploads\/2022\/12\/bantam-logo.png","contentUrl":"https:\/\/shop.bantam.ch\/wp-content\/uploads\/2022\/12\/bantam-logo.png","width":320,"height":71,"caption":"Bantam Camping AG"},"image":{"@id":"https:\/\/shop.bantam.ch\/de\/#\/schema\/logo\/image\/"}}]}},"_links":{"self":[{"href":"https:\/\/shop.bantam.ch\/de\/wp-json\/wp\/v2\/product\/230616","targetHints":{"allow":["GET"]}}],"collection":[{"href":"https:\/\/shop.bantam.ch\/de\/wp-json\/wp\/v2\/product"}],"about":[{"href":"https:\/\/shop.bantam.ch\/de\/wp-json\/wp\/v2\/types\/product"}],"wp:featuredmedia":[{"embeddable":true,"href":"https:\/\/shop.bantam.ch\/de\/wp-json\/wp\/v2\/media\/230600"}],"wp:attachment":[{"href":"https:\/\/shop.bantam.ch\/de\/wp-json\/wp\/v2\/media?parent=230616"}],"wp:term":[{"taxonomy":"product_featured_cat","embeddable":true,"href":"https:\/\/shop.bantam.ch\/de\/wp-json\/wp\/v2\/product_featured_cat?post=230616"},{"taxonomy":"product_brand","embeddable":true,"href":"https:\/\/shop.bantam.ch\/de\/wp-json\/wp\/v2\/product_brand?post=230616"},{"taxonomy":"product_cat","embeddable":true,"href":"https:\/\/shop.bantam.ch\/de\/wp-json\/wp\/v2\/product_cat?post=230616"},{"taxonomy":"product_tag","embeddable":true,"href":"https:\/\/shop.bantam.ch\/de\/wp-json\/wp\/v2\/product_tag?post=230616"}],"curies":[{"name":"wp","href":"https:\/\/api.w.org\/{rel}","templated":true}]}}