{"id":230568,"date":"2026-01-06T16:47:09","date_gmt":"2026-01-06T15:47:09","guid":{"rendered":"https:\/\/shop.bantam.ch\/produit\/fahrradtraeger-velocompact-2-raeder\/"},"modified":"2026-04-17T23:51:02","modified_gmt":"2026-04-17T21:51:02","slug":"fahrradtraeger-velocompact-2-raeder","status":"publish","type":"product","link":"https:\/\/shop.bantam.ch\/de\/produkt\/fahrradtraeger-velocompact-2-raeder\/","title":{"rendered":"Fahrradtr\u00e4ger VeloCompact 2 R\u00e4der"},"content":{"rendered":"<p>Kompakt und leicht f\u00fcr den t\u00e4glichen Einsatz.<br \/>\nDer Thule VeloCompact ist ein kompakter und leichter Fahrradtr\u00e4ger f\u00fcr den t\u00e4glichen Gebrauch. Er ist die ideale Wahl f\u00fcr eine Reihe von Fahrradtypen, einschlie\u00dflich Rennr\u00e4der, E-Bikes oder Mountainbikes. Selbst mit aufgeladenen Fahrr\u00e4dern haben Sie immer noch Zugriff auf den Kofferraum. Dieser kompakte, alltagstaugliche Fahrradtr\u00e4ger kann auch zusammengeklappt werden und ist dann klein genug, um in den Kofferraum der meisten Autos zu passen.<\/p>\n<ul>\n<li>Bequemes Aufladen der Fahrr\u00e4der durch abnehmbare Fahrradhaltearme mit abschlie\u00dfbaren Drehkn\u00f6pfen<\/li>\n<li>Transportiert Fahrr\u00e4der mit gro\u00dfem Radstand dank einfach ausziehbarer Felgenhalter<\/li>\n<li>Praktischer Abklappmechanismus mit Fu\u00dfpedal erm\u00f6glicht einfachen Zugang zum Kofferraum, selbst mit Fahrr\u00e4dern auf dem Tr\u00e4ger<\/li>\n<li>Einstellbare Einhandkupplung erlaubt einfache Montage des Fahrradtr\u00e4gers<\/li>\n<li>Einfaches Befestigen der R\u00e4der durch lange Felgenhalteb\u00e4nder mit Ratschenfunktion<\/li>\n<li>Einfach zusammenzufalten und zu verstauen \u2013 passt in die Gep\u00e4ckr\u00e4ume der meisten Pkw<\/li>\n<li>Schlie\u00dfen Sie Ihren Fahrradtr\u00e4ger an der Anh\u00e4ngekupplung ab (Schloss im Lieferumfang enthalten)<\/li>\n<li>Vormontiert, kein Werkzeug erforderlich<\/li>\n<li>Ma\u00dfe zusammengeklappt (L x B x H):106 x 66 x 30 cm<\/li>\n<li>Eignung f\u00fcr Rahmengr\u00f6\u00dfen: 22\u201380 mm<\/li>\n<li>Max. Reifenbreite: 3&#8243;<\/li>\n<li>Max. Reifenbreite (Durchmesser): 29&#8243;<\/li>\n<li>Max. Radstand: 1250 mm<\/li>\n<li>Abstand zwischen Fahrr\u00e4dern: 19 cm<\/li>\n<li>Geeignet f\u00fcr Karbonrahmen: Adapter erforderlich: Thule Carbon Frame Protector, Thule AcuTight Knob&nbsp;<\/li>\n<li>Radmontage an verstellbaren Haltern: Pump buckles<\/li>\n<li>Geeignet f\u00fcr Fahrzeuge mit Ersatzrad am Heck: Adapter erforderlich: Thule VeloCompact Spare Wheel Adapter&nbsp;<\/li>\n<li>Steckeranschluss: 13-pin<\/li>\n<\/ul>\n","protected":false},"excerpt":{"rendered":"<p>Kompakt und leicht f\u00fcr den t\u00e4glichen Einsatz. Der Thule VeloCompact ist ein kompakter und leichter Fahrradtr\u00e4ger f\u00fcr den t\u00e4glichen Gebrauch. Er ist die ideale Wahl f\u00fcr eine Reihe von Fahrradtypen, einschlie\u00dflich Rennr\u00e4der, E-Bikes oder Mountainbikes. Selbst mit aufgeladenen Fahrr\u00e4dern haben Sie immer noch Zugriff auf den Kofferraum. Dieser kompakte, alltagstaugliche Fahrradtr\u00e4ger kann auch zusammengeklappt werden [&hellip;]<\/p>\n","protected":false},"featured_media":230562,"template":"","meta":{"_acf_changed":false},"product_featured_cat":[],"product_brand":[],"product_cat":[5138],"product_tag":[],"class_list":{"0":"post-230568","1":"product","2":"type-product","3":"status-publish","4":"has-post-thumbnail","6":"product_cat-heck-fahrradtraeger","8":"first","9":"instock","10":"taxable","11":"shipping-taxable","12":"purchasable","13":"product-type-simple"},"acf":[],"yoast_head":"<!-- This site is optimized with the Yoast SEO plugin v27.4 - https:\/\/yoast.com\/product\/yoast-seo-wordpress\/ -->\n<title>Fahrradtr\u00e4ger VeloCompact 2 R\u00e4der - Bantam Camping AG<\/title>\n<meta name=\"robots\" content=\"index, follow, max-snippet:-1, max-image-preview:large, max-video-preview:-1\" \/>\n<link rel=\"canonical\" href=\"https:\/\/shop.bantam.ch\/de\/produkt\/fahrradtraeger-velocompact-2-raeder\/\" \/>\n<meta property=\"og:locale\" content=\"de_DE\" \/>\n<meta property=\"og:type\" content=\"article\" \/>\n<meta property=\"og:title\" content=\"Fahrradtr\u00e4ger VeloCompact 2 R\u00e4der - Bantam Camping AG\" \/>\n<meta property=\"og:description\" content=\"Kompakt und leicht f\u00fcr den t\u00e4glichen Einsatz. Der Thule VeloCompact ist ein kompakter und leichter Fahrradtr\u00e4ger f\u00fcr den t\u00e4glichen Gebrauch. Er ist die ideale Wahl f\u00fcr eine Reihe von Fahrradtypen, einschlie\u00dflich Rennr\u00e4der, E-Bikes oder Mountainbikes. Selbst mit aufgeladenen Fahrr\u00e4dern haben Sie immer noch Zugriff auf den Kofferraum. Dieser kompakte, alltagstaugliche Fahrradtr\u00e4ger kann auch zusammengeklappt werden [&hellip;]\" \/>\n<meta property=\"og:url\" content=\"https:\/\/shop.bantam.ch\/de\/produkt\/fahrradtraeger-velocompact-2-raeder\/\" \/>\n<meta property=\"og:site_name\" content=\"Bantam Camping AG\" \/>\n<meta property=\"article:modified_time\" content=\"2026-04-17T21:51:02+00:00\" \/>\n<meta name=\"twitter:card\" content=\"summary_large_image\" \/>\n<meta name=\"twitter:label1\" content=\"Gesch\u00e4tzte Lesezeit\" \/>\n\t<meta name=\"twitter:data1\" content=\"1\u00a0Minute\" \/>\n<script type=\"application\/ld+json\" class=\"yoast-schema-graph\">{\"@context\":\"https:\\\/\\\/schema.org\",\"@graph\":[{\"@type\":\"WebPage\",\"@id\":\"https:\\\/\\\/shop.bantam.ch\\\/de\\\/produkt\\\/fahrradtraeger-velocompact-2-raeder\\\/\",\"url\":\"https:\\\/\\\/shop.bantam.ch\\\/de\\\/produkt\\\/fahrradtraeger-velocompact-2-raeder\\\/\",\"name\":\"Fahrradtr\u00e4ger VeloCompact 2 R\u00e4der - Bantam Camping AG\",\"isPartOf\":{\"@id\":\"https:\\\/\\\/shop.bantam.ch\\\/de\\\/#website\"},\"primaryImageOfPage\":{\"@id\":\"https:\\\/\\\/shop.bantam.ch\\\/de\\\/produkt\\\/fahrradtraeger-velocompact-2-raeder\\\/#primaryimage\"},\"image\":{\"@id\":\"https:\\\/\\\/shop.bantam.ch\\\/de\\\/produkt\\\/fahrradtraeger-velocompact-2-raeder\\\/#primaryimage\"},\"thumbnailUrl\":\"https:\\\/\\\/shop.bantam.ch\\\/wp-content\\\/uploads\\\/2026\\\/01\\\/Movera-L-9950952100.jpg\",\"datePublished\":\"2026-01-06T15:47:09+00:00\",\"dateModified\":\"2026-04-17T21:51:02+00:00\",\"breadcrumb\":{\"@id\":\"https:\\\/\\\/shop.bantam.ch\\\/de\\\/produkt\\\/fahrradtraeger-velocompact-2-raeder\\\/#breadcrumb\"},\"inLanguage\":\"de\",\"potentialAction\":[{\"@type\":\"ReadAction\",\"target\":[\"https:\\\/\\\/shop.bantam.ch\\\/de\\\/produkt\\\/fahrradtraeger-velocompact-2-raeder\\\/\"]}]},{\"@type\":\"ImageObject\",\"inLanguage\":\"de\",\"@id\":\"https:\\\/\\\/shop.bantam.ch\\\/de\\\/produkt\\\/fahrradtraeger-velocompact-2-raeder\\\/#primaryimage\",\"url\":\"https:\\\/\\\/shop.bantam.ch\\\/wp-content\\\/uploads\\\/2026\\\/01\\\/Movera-L-9950952100.jpg\",\"contentUrl\":\"https:\\\/\\\/shop.bantam.ch\\\/wp-content\\\/uploads\\\/2026\\\/01\\\/Movera-L-9950952100.jpg\",\"width\":640,\"height\":452},{\"@type\":\"BreadcrumbList\",\"@id\":\"https:\\\/\\\/shop.bantam.ch\\\/de\\\/produkt\\\/fahrradtraeger-velocompact-2-raeder\\\/#breadcrumb\",\"itemListElement\":[{\"@type\":\"ListItem\",\"position\":1,\"name\":\"Accueil\",\"item\":\"https:\\\/\\\/shop.bantam.ch\\\/de\\\/\"},{\"@type\":\"ListItem\",\"position\":2,\"name\":\"Shop\",\"item\":\"https:\\\/\\\/shop.bantam.ch\\\/de\\\/shop\\\/\"},{\"@type\":\"ListItem\",\"position\":3,\"name\":\"Fahrradtr\u00e4ger VeloCompact 2 R\u00e4der\"}]},{\"@type\":\"WebSite\",\"@id\":\"https:\\\/\\\/shop.bantam.ch\\\/de\\\/#website\",\"url\":\"https:\\\/\\\/shop.bantam.ch\\\/de\\\/\",\"name\":\"Bantam Camping AG\",\"description\":\"\",\"publisher\":{\"@id\":\"https:\\\/\\\/shop.bantam.ch\\\/de\\\/#organization\"},\"inLanguage\":\"de\"},{\"@type\":\"Organization\",\"@id\":\"https:\\\/\\\/shop.bantam.ch\\\/de\\\/#organization\",\"name\":\"Bantam Camping AG\",\"url\":\"https:\\\/\\\/shop.bantam.ch\\\/de\\\/\",\"logo\":{\"@type\":\"ImageObject\",\"inLanguage\":\"de\",\"@id\":\"https:\\\/\\\/shop.bantam.ch\\\/de\\\/#\\\/schema\\\/logo\\\/image\\\/\",\"url\":\"https:\\\/\\\/shop.bantam.ch\\\/wp-content\\\/uploads\\\/2022\\\/12\\\/bantam-logo.png\",\"contentUrl\":\"https:\\\/\\\/shop.bantam.ch\\\/wp-content\\\/uploads\\\/2022\\\/12\\\/bantam-logo.png\",\"width\":320,\"height\":71,\"caption\":\"Bantam Camping AG\"},\"image\":{\"@id\":\"https:\\\/\\\/shop.bantam.ch\\\/de\\\/#\\\/schema\\\/logo\\\/image\\\/\"}}]}<\/script>\n<!-- \/ Yoast SEO plugin. -->","yoast_head_json":{"title":"Fahrradtr\u00e4ger VeloCompact 2 R\u00e4der - Bantam Camping AG","robots":{"index":"index","follow":"follow","max-snippet":"max-snippet:-1","max-image-preview":"max-image-preview:large","max-video-preview":"max-video-preview:-1"},"canonical":"https:\/\/shop.bantam.ch\/de\/produkt\/fahrradtraeger-velocompact-2-raeder\/","og_locale":"de_DE","og_type":"article","og_title":"Fahrradtr\u00e4ger VeloCompact 2 R\u00e4der - Bantam Camping AG","og_description":"Kompakt und leicht f\u00fcr den t\u00e4glichen Einsatz. Der Thule VeloCompact ist ein kompakter und leichter Fahrradtr\u00e4ger f\u00fcr den t\u00e4glichen Gebrauch. Er ist die ideale Wahl f\u00fcr eine Reihe von Fahrradtypen, einschlie\u00dflich Rennr\u00e4der, E-Bikes oder Mountainbikes. Selbst mit aufgeladenen Fahrr\u00e4dern haben Sie immer noch Zugriff auf den Kofferraum. Dieser kompakte, alltagstaugliche Fahrradtr\u00e4ger kann auch zusammengeklappt werden [&hellip;]","og_url":"https:\/\/shop.bantam.ch\/de\/produkt\/fahrradtraeger-velocompact-2-raeder\/","og_site_name":"Bantam Camping AG","article_modified_time":"2026-04-17T21:51:02+00:00","twitter_card":"summary_large_image","twitter_misc":{"Gesch\u00e4tzte Lesezeit":"1\u00a0Minute"},"schema":{"@context":"https:\/\/schema.org","@graph":[{"@type":"WebPage","@id":"https:\/\/shop.bantam.ch\/de\/produkt\/fahrradtraeger-velocompact-2-raeder\/","url":"https:\/\/shop.bantam.ch\/de\/produkt\/fahrradtraeger-velocompact-2-raeder\/","name":"Fahrradtr\u00e4ger VeloCompact 2 R\u00e4der - Bantam Camping AG","isPartOf":{"@id":"https:\/\/shop.bantam.ch\/de\/#website"},"primaryImageOfPage":{"@id":"https:\/\/shop.bantam.ch\/de\/produkt\/fahrradtraeger-velocompact-2-raeder\/#primaryimage"},"image":{"@id":"https:\/\/shop.bantam.ch\/de\/produkt\/fahrradtraeger-velocompact-2-raeder\/#primaryimage"},"thumbnailUrl":"https:\/\/shop.bantam.ch\/wp-content\/uploads\/2026\/01\/Movera-L-9950952100.jpg","datePublished":"2026-01-06T15:47:09+00:00","dateModified":"2026-04-17T21:51:02+00:00","breadcrumb":{"@id":"https:\/\/shop.bantam.ch\/de\/produkt\/fahrradtraeger-velocompact-2-raeder\/#breadcrumb"},"inLanguage":"de","potentialAction":[{"@type":"ReadAction","target":["https:\/\/shop.bantam.ch\/de\/produkt\/fahrradtraeger-velocompact-2-raeder\/"]}]},{"@type":"ImageObject","inLanguage":"de","@id":"https:\/\/shop.bantam.ch\/de\/produkt\/fahrradtraeger-velocompact-2-raeder\/#primaryimage","url":"https:\/\/shop.bantam.ch\/wp-content\/uploads\/2026\/01\/Movera-L-9950952100.jpg","contentUrl":"https:\/\/shop.bantam.ch\/wp-content\/uploads\/2026\/01\/Movera-L-9950952100.jpg","width":640,"height":452},{"@type":"BreadcrumbList","@id":"https:\/\/shop.bantam.ch\/de\/produkt\/fahrradtraeger-velocompact-2-raeder\/#breadcrumb","itemListElement":[{"@type":"ListItem","position":1,"name":"Accueil","item":"https:\/\/shop.bantam.ch\/de\/"},{"@type":"ListItem","position":2,"name":"Shop","item":"https:\/\/shop.bantam.ch\/de\/shop\/"},{"@type":"ListItem","position":3,"name":"Fahrradtr\u00e4ger VeloCompact 2 R\u00e4der"}]},{"@type":"WebSite","@id":"https:\/\/shop.bantam.ch\/de\/#website","url":"https:\/\/shop.bantam.ch\/de\/","name":"Bantam Camping AG","description":"","publisher":{"@id":"https:\/\/shop.bantam.ch\/de\/#organization"},"inLanguage":"de"},{"@type":"Organization","@id":"https:\/\/shop.bantam.ch\/de\/#organization","name":"Bantam Camping AG","url":"https:\/\/shop.bantam.ch\/de\/","logo":{"@type":"ImageObject","inLanguage":"de","@id":"https:\/\/shop.bantam.ch\/de\/#\/schema\/logo\/image\/","url":"https:\/\/shop.bantam.ch\/wp-content\/uploads\/2022\/12\/bantam-logo.png","contentUrl":"https:\/\/shop.bantam.ch\/wp-content\/uploads\/2022\/12\/bantam-logo.png","width":320,"height":71,"caption":"Bantam Camping AG"},"image":{"@id":"https:\/\/shop.bantam.ch\/de\/#\/schema\/logo\/image\/"}}]}},"_links":{"self":[{"href":"https:\/\/shop.bantam.ch\/de\/wp-json\/wp\/v2\/product\/230568","targetHints":{"allow":["GET"]}}],"collection":[{"href":"https:\/\/shop.bantam.ch\/de\/wp-json\/wp\/v2\/product"}],"about":[{"href":"https:\/\/shop.bantam.ch\/de\/wp-json\/wp\/v2\/types\/product"}],"wp:featuredmedia":[{"embeddable":true,"href":"https:\/\/shop.bantam.ch\/de\/wp-json\/wp\/v2\/media\/230562"}],"wp:attachment":[{"href":"https:\/\/shop.bantam.ch\/de\/wp-json\/wp\/v2\/media?parent=230568"}],"wp:term":[{"taxonomy":"product_featured_cat","embeddable":true,"href":"https:\/\/shop.bantam.ch\/de\/wp-json\/wp\/v2\/product_featured_cat?post=230568"},{"taxonomy":"product_brand","embeddable":true,"href":"https:\/\/shop.bantam.ch\/de\/wp-json\/wp\/v2\/product_brand?post=230568"},{"taxonomy":"product_cat","embeddable":true,"href":"https:\/\/shop.bantam.ch\/de\/wp-json\/wp\/v2\/product_cat?post=230568"},{"taxonomy":"product_tag","embeddable":true,"href":"https:\/\/shop.bantam.ch\/de\/wp-json\/wp\/v2\/product_tag?post=230568"}],"curies":[{"name":"wp","href":"https:\/\/api.w.org\/{rel}","templated":true}]}}