{"id":230540,"date":"2026-01-06T16:46:16","date_gmt":"2026-01-06T15:46:16","guid":{"rendered":"https:\/\/shop.bantam.ch\/produit\/mueslischale-club-bowl-4er-set-2\/"},"modified":"2026-04-19T02:40:36","modified_gmt":"2026-04-19T00:40:36","slug":"mueslischale-club-bowl-4er-set-2","status":"publish","type":"product","link":"https:\/\/shop.bantam.ch\/de\/produkt\/mueslischale-club-bowl-4er-set-2\/","title":{"rendered":"M\u00fcslischale Club Bowl 4er-Set"},"content":{"rendered":"<p>Genau die richtige Gr\u00f6\u00dfe f\u00fcr die angesagten Bowl-Rezepte! Ob Smoothie-, Veggie- oder Buddha-Bowl, in dieser Schale lassen sich die neuen Rezeptideen ansprechend anrichten. Die Schale pr\u00e4sentiert sich dar\u00fcber hinaus \u00e4u\u00dferst universell und macht auch f\u00fcr Obst, Salate, Nachtisch oder Suppen was her. Das Material bleibt lange sch\u00f6n und ist nat\u00fcrlich sp\u00fclmaschinengeeignet.<\/p>\n","protected":false},"excerpt":{"rendered":"<p>Genau die richtige Gr\u00f6\u00dfe f\u00fcr die angesagten Bowl-Rezepte! Ob Smoothie-, Veggie- oder Buddha-Bowl, in dieser Schale lassen sich die neuen Rezeptideen ansprechend anrichten. Die Schale pr\u00e4sentiert sich dar\u00fcber hinaus \u00e4u\u00dferst universell und macht auch f\u00fcr Obst, Salate, Nachtisch oder Suppen was her. Das Material bleibt lange sch\u00f6n und ist nat\u00fcrlich sp\u00fclmaschinengeeignet.<\/p>\n","protected":false},"featured_media":230534,"template":"","meta":{"_acf_changed":false},"product_featured_cat":[],"product_brand":[],"product_cat":[4276],"product_tag":[],"class_list":{"0":"post-230540","1":"product","2":"type-product","3":"status-publish","4":"has-post-thumbnail","6":"product_cat-schuesseln-schalen","8":"first","9":"instock","10":"taxable","11":"shipping-taxable","12":"purchasable","13":"product-type-variable"},"acf":[],"yoast_head":"<!-- This site is optimized with the Yoast SEO plugin v27.4 - https:\/\/yoast.com\/product\/yoast-seo-wordpress\/ -->\n<title>M\u00fcslischale Club Bowl 4er-Set - Bantam Camping AG<\/title>\n<meta name=\"robots\" content=\"index, follow, max-snippet:-1, max-image-preview:large, max-video-preview:-1\" \/>\n<link rel=\"canonical\" href=\"https:\/\/shop.bantam.ch\/de\/produkt\/mueslischale-club-bowl-4er-set-2\/\" \/>\n<meta property=\"og:locale\" content=\"de_DE\" \/>\n<meta property=\"og:type\" content=\"article\" \/>\n<meta property=\"og:title\" content=\"M\u00fcslischale Club Bowl 4er-Set - Bantam Camping AG\" \/>\n<meta property=\"og:description\" content=\"Genau die richtige Gr\u00f6\u00dfe f\u00fcr die angesagten Bowl-Rezepte! Ob Smoothie-, Veggie- oder Buddha-Bowl, in dieser Schale lassen sich die neuen Rezeptideen ansprechend anrichten. Die Schale pr\u00e4sentiert sich dar\u00fcber hinaus \u00e4u\u00dferst universell und macht auch f\u00fcr Obst, Salate, Nachtisch oder Suppen was her. Das Material bleibt lange sch\u00f6n und ist nat\u00fcrlich sp\u00fclmaschinengeeignet.\" \/>\n<meta property=\"og:url\" content=\"https:\/\/shop.bantam.ch\/de\/produkt\/mueslischale-club-bowl-4er-set-2\/\" \/>\n<meta property=\"og:site_name\" content=\"Bantam Camping AG\" \/>\n<meta property=\"article:modified_time\" content=\"2026-04-19T00:40:36+00:00\" \/>\n<meta name=\"twitter:card\" content=\"summary_large_image\" \/>\n<script type=\"application\/ld+json\" class=\"yoast-schema-graph\">{\"@context\":\"https:\\\/\\\/schema.org\",\"@graph\":[{\"@type\":\"WebPage\",\"@id\":\"https:\\\/\\\/shop.bantam.ch\\\/de\\\/produkt\\\/mueslischale-club-bowl-4er-set-2\\\/\",\"url\":\"https:\\\/\\\/shop.bantam.ch\\\/de\\\/produkt\\\/mueslischale-club-bowl-4er-set-2\\\/\",\"name\":\"M\u00fcslischale Club Bowl 4er-Set - Bantam Camping AG\",\"isPartOf\":{\"@id\":\"https:\\\/\\\/shop.bantam.ch\\\/de\\\/#website\"},\"primaryImageOfPage\":{\"@id\":\"https:\\\/\\\/shop.bantam.ch\\\/de\\\/produkt\\\/mueslischale-club-bowl-4er-set-2\\\/#primaryimage\"},\"image\":{\"@id\":\"https:\\\/\\\/shop.bantam.ch\\\/de\\\/produkt\\\/mueslischale-club-bowl-4er-set-2\\\/#primaryimage\"},\"thumbnailUrl\":\"https:\\\/\\\/shop.bantam.ch\\\/wp-content\\\/uploads\\\/2026\\\/01\\\/Movera-L-9987022100.jpg\",\"datePublished\":\"2026-01-06T15:46:16+00:00\",\"dateModified\":\"2026-04-19T00:40:36+00:00\",\"breadcrumb\":{\"@id\":\"https:\\\/\\\/shop.bantam.ch\\\/de\\\/produkt\\\/mueslischale-club-bowl-4er-set-2\\\/#breadcrumb\"},\"inLanguage\":\"de\",\"potentialAction\":[{\"@type\":\"ReadAction\",\"target\":[\"https:\\\/\\\/shop.bantam.ch\\\/de\\\/produkt\\\/mueslischale-club-bowl-4er-set-2\\\/\"]}]},{\"@type\":\"ImageObject\",\"inLanguage\":\"de\",\"@id\":\"https:\\\/\\\/shop.bantam.ch\\\/de\\\/produkt\\\/mueslischale-club-bowl-4er-set-2\\\/#primaryimage\",\"url\":\"https:\\\/\\\/shop.bantam.ch\\\/wp-content\\\/uploads\\\/2026\\\/01\\\/Movera-L-9987022100.jpg\",\"contentUrl\":\"https:\\\/\\\/shop.bantam.ch\\\/wp-content\\\/uploads\\\/2026\\\/01\\\/Movera-L-9987022100.jpg\",\"width\":640,\"height\":640},{\"@type\":\"BreadcrumbList\",\"@id\":\"https:\\\/\\\/shop.bantam.ch\\\/de\\\/produkt\\\/mueslischale-club-bowl-4er-set-2\\\/#breadcrumb\",\"itemListElement\":[{\"@type\":\"ListItem\",\"position\":1,\"name\":\"Accueil\",\"item\":\"https:\\\/\\\/shop.bantam.ch\\\/de\\\/\"},{\"@type\":\"ListItem\",\"position\":2,\"name\":\"Shop\",\"item\":\"https:\\\/\\\/shop.bantam.ch\\\/de\\\/shop\\\/\"},{\"@type\":\"ListItem\",\"position\":3,\"name\":\"M\u00fcslischale Club Bowl 4er-Set\"}]},{\"@type\":\"WebSite\",\"@id\":\"https:\\\/\\\/shop.bantam.ch\\\/de\\\/#website\",\"url\":\"https:\\\/\\\/shop.bantam.ch\\\/de\\\/\",\"name\":\"Bantam Camping AG\",\"description\":\"\",\"publisher\":{\"@id\":\"https:\\\/\\\/shop.bantam.ch\\\/de\\\/#organization\"},\"inLanguage\":\"de\"},{\"@type\":\"Organization\",\"@id\":\"https:\\\/\\\/shop.bantam.ch\\\/de\\\/#organization\",\"name\":\"Bantam Camping AG\",\"url\":\"https:\\\/\\\/shop.bantam.ch\\\/de\\\/\",\"logo\":{\"@type\":\"ImageObject\",\"inLanguage\":\"de\",\"@id\":\"https:\\\/\\\/shop.bantam.ch\\\/de\\\/#\\\/schema\\\/logo\\\/image\\\/\",\"url\":\"https:\\\/\\\/shop.bantam.ch\\\/wp-content\\\/uploads\\\/2022\\\/12\\\/bantam-logo.png\",\"contentUrl\":\"https:\\\/\\\/shop.bantam.ch\\\/wp-content\\\/uploads\\\/2022\\\/12\\\/bantam-logo.png\",\"width\":320,\"height\":71,\"caption\":\"Bantam Camping AG\"},\"image\":{\"@id\":\"https:\\\/\\\/shop.bantam.ch\\\/de\\\/#\\\/schema\\\/logo\\\/image\\\/\"}}]}<\/script>\n<!-- \/ Yoast SEO plugin. -->","yoast_head_json":{"title":"M\u00fcslischale Club Bowl 4er-Set - Bantam Camping AG","robots":{"index":"index","follow":"follow","max-snippet":"max-snippet:-1","max-image-preview":"max-image-preview:large","max-video-preview":"max-video-preview:-1"},"canonical":"https:\/\/shop.bantam.ch\/de\/produkt\/mueslischale-club-bowl-4er-set-2\/","og_locale":"de_DE","og_type":"article","og_title":"M\u00fcslischale Club Bowl 4er-Set - Bantam Camping AG","og_description":"Genau die richtige Gr\u00f6\u00dfe f\u00fcr die angesagten Bowl-Rezepte! Ob Smoothie-, Veggie- oder Buddha-Bowl, in dieser Schale lassen sich die neuen Rezeptideen ansprechend anrichten. Die Schale pr\u00e4sentiert sich dar\u00fcber hinaus \u00e4u\u00dferst universell und macht auch f\u00fcr Obst, Salate, Nachtisch oder Suppen was her. Das Material bleibt lange sch\u00f6n und ist nat\u00fcrlich sp\u00fclmaschinengeeignet.","og_url":"https:\/\/shop.bantam.ch\/de\/produkt\/mueslischale-club-bowl-4er-set-2\/","og_site_name":"Bantam Camping AG","article_modified_time":"2026-04-19T00:40:36+00:00","twitter_card":"summary_large_image","schema":{"@context":"https:\/\/schema.org","@graph":[{"@type":"WebPage","@id":"https:\/\/shop.bantam.ch\/de\/produkt\/mueslischale-club-bowl-4er-set-2\/","url":"https:\/\/shop.bantam.ch\/de\/produkt\/mueslischale-club-bowl-4er-set-2\/","name":"M\u00fcslischale Club Bowl 4er-Set - Bantam Camping AG","isPartOf":{"@id":"https:\/\/shop.bantam.ch\/de\/#website"},"primaryImageOfPage":{"@id":"https:\/\/shop.bantam.ch\/de\/produkt\/mueslischale-club-bowl-4er-set-2\/#primaryimage"},"image":{"@id":"https:\/\/shop.bantam.ch\/de\/produkt\/mueslischale-club-bowl-4er-set-2\/#primaryimage"},"thumbnailUrl":"https:\/\/shop.bantam.ch\/wp-content\/uploads\/2026\/01\/Movera-L-9987022100.jpg","datePublished":"2026-01-06T15:46:16+00:00","dateModified":"2026-04-19T00:40:36+00:00","breadcrumb":{"@id":"https:\/\/shop.bantam.ch\/de\/produkt\/mueslischale-club-bowl-4er-set-2\/#breadcrumb"},"inLanguage":"de","potentialAction":[{"@type":"ReadAction","target":["https:\/\/shop.bantam.ch\/de\/produkt\/mueslischale-club-bowl-4er-set-2\/"]}]},{"@type":"ImageObject","inLanguage":"de","@id":"https:\/\/shop.bantam.ch\/de\/produkt\/mueslischale-club-bowl-4er-set-2\/#primaryimage","url":"https:\/\/shop.bantam.ch\/wp-content\/uploads\/2026\/01\/Movera-L-9987022100.jpg","contentUrl":"https:\/\/shop.bantam.ch\/wp-content\/uploads\/2026\/01\/Movera-L-9987022100.jpg","width":640,"height":640},{"@type":"BreadcrumbList","@id":"https:\/\/shop.bantam.ch\/de\/produkt\/mueslischale-club-bowl-4er-set-2\/#breadcrumb","itemListElement":[{"@type":"ListItem","position":1,"name":"Accueil","item":"https:\/\/shop.bantam.ch\/de\/"},{"@type":"ListItem","position":2,"name":"Shop","item":"https:\/\/shop.bantam.ch\/de\/shop\/"},{"@type":"ListItem","position":3,"name":"M\u00fcslischale Club Bowl 4er-Set"}]},{"@type":"WebSite","@id":"https:\/\/shop.bantam.ch\/de\/#website","url":"https:\/\/shop.bantam.ch\/de\/","name":"Bantam Camping AG","description":"","publisher":{"@id":"https:\/\/shop.bantam.ch\/de\/#organization"},"inLanguage":"de"},{"@type":"Organization","@id":"https:\/\/shop.bantam.ch\/de\/#organization","name":"Bantam Camping AG","url":"https:\/\/shop.bantam.ch\/de\/","logo":{"@type":"ImageObject","inLanguage":"de","@id":"https:\/\/shop.bantam.ch\/de\/#\/schema\/logo\/image\/","url":"https:\/\/shop.bantam.ch\/wp-content\/uploads\/2022\/12\/bantam-logo.png","contentUrl":"https:\/\/shop.bantam.ch\/wp-content\/uploads\/2022\/12\/bantam-logo.png","width":320,"height":71,"caption":"Bantam Camping AG"},"image":{"@id":"https:\/\/shop.bantam.ch\/de\/#\/schema\/logo\/image\/"}}]}},"_links":{"self":[{"href":"https:\/\/shop.bantam.ch\/de\/wp-json\/wp\/v2\/product\/230540","targetHints":{"allow":["GET"]}}],"collection":[{"href":"https:\/\/shop.bantam.ch\/de\/wp-json\/wp\/v2\/product"}],"about":[{"href":"https:\/\/shop.bantam.ch\/de\/wp-json\/wp\/v2\/types\/product"}],"wp:featuredmedia":[{"embeddable":true,"href":"https:\/\/shop.bantam.ch\/de\/wp-json\/wp\/v2\/media\/230534"}],"wp:attachment":[{"href":"https:\/\/shop.bantam.ch\/de\/wp-json\/wp\/v2\/media?parent=230540"}],"wp:term":[{"taxonomy":"product_featured_cat","embeddable":true,"href":"https:\/\/shop.bantam.ch\/de\/wp-json\/wp\/v2\/product_featured_cat?post=230540"},{"taxonomy":"product_brand","embeddable":true,"href":"https:\/\/shop.bantam.ch\/de\/wp-json\/wp\/v2\/product_brand?post=230540"},{"taxonomy":"product_cat","embeddable":true,"href":"https:\/\/shop.bantam.ch\/de\/wp-json\/wp\/v2\/product_cat?post=230540"},{"taxonomy":"product_tag","embeddable":true,"href":"https:\/\/shop.bantam.ch\/de\/wp-json\/wp\/v2\/product_tag?post=230540"}],"curies":[{"name":"wp","href":"https:\/\/api.w.org\/{rel}","templated":true}]}}