{"id":230524,"date":"2026-01-06T16:46:02","date_gmt":"2026-01-06T15:46:02","guid":{"rendered":"https:\/\/shop.bantam.ch\/produit\/schraubensicherung-248-inhalt-9-g\/"},"modified":"2026-04-18T23:54:35","modified_gmt":"2026-04-18T21:54:35","slug":"schraubensicherung-248-inhalt-9-g","status":"publish","type":"product","link":"https:\/\/shop.bantam.ch\/de\/produkt\/schraubensicherung-248-inhalt-9-g\/","title":{"rendered":"Schraubensicherung 248 Inhalt 9 g"},"content":{"rendered":"<p>Einfach aufzutragender, halbfester Klebstoff-Stick zum Sichern und Dichten von Gewindeverbindungen \u2013 ideal f\u00fcr senkrechte und \u00dcberkopffl\u00e4chen. Mittlere Festigkeit, mit Handwerkzeugen demontierbar.<\/p>\n<p>LOCTITE\u00ae 248 ist eine blaue, universelle Schraubensicherung f\u00fcr mittelfeste Verbindungen. Das praktische Drehstiftformat empfiehlt sich besonders f\u00fcr tropffreie, saubere Anwendungen. Sie wird f\u00fcr die Sicherung und Abdichtung von Schrauben, Muttern und Bolzen verwendet, um einem Losdrehen durch Vibration vorzubeugen. Sie wirkt auf allen Metallen, einschlie\u00dflich passiven Substraten wie Edelstahl, Aluminium und galvanisch beschichteten Oberfl\u00e4chen und kommt ohne Aktivator aus. Geeignet f\u00fcr den Auftrag auf den meisten ge\u00f6lten, wie angelieferten Schrauben ohne vorherige Reinigung.<\/p>\n<p>Inhalt:<br \/>\n9 g<\/p>\n","protected":false},"excerpt":{"rendered":"<p>Einfach aufzutragender, halbfester Klebstoff-Stick zum Sichern und Dichten von Gewindeverbindungen \u2013 ideal f\u00fcr senkrechte und \u00dcberkopffl\u00e4chen. Mittlere Festigkeit, mit Handwerkzeugen demontierbar. LOCTITE\u00ae 248 ist eine blaue, universelle Schraubensicherung f\u00fcr mittelfeste Verbindungen. Das praktische Drehstiftformat empfiehlt sich besonders f\u00fcr tropffreie, saubere Anwendungen. Sie wird f\u00fcr die Sicherung und Abdichtung von Schrauben, Muttern und Bolzen verwendet, um [&hellip;]<\/p>\n","protected":false},"featured_media":230522,"template":"","meta":{"_acf_changed":false},"product_featured_cat":[],"product_brand":[],"product_cat":[4750],"product_tag":[],"class_list":{"0":"post-230524","1":"product","2":"type-product","3":"status-publish","4":"has-post-thumbnail","6":"product_cat-zubehoer-fuer-kleben-dichten","8":"first","9":"instock","10":"taxable","11":"shipping-taxable","12":"purchasable","13":"product-type-simple"},"acf":[],"yoast_head":"<!-- This site is optimized with the Yoast SEO plugin v27.4 - https:\/\/yoast.com\/product\/yoast-seo-wordpress\/ -->\n<title>Schraubensicherung 248 Inhalt 9 g - Bantam Camping AG<\/title>\n<meta name=\"robots\" content=\"index, follow, max-snippet:-1, max-image-preview:large, max-video-preview:-1\" \/>\n<link rel=\"canonical\" href=\"https:\/\/shop.bantam.ch\/de\/produkt\/schraubensicherung-248-inhalt-9-g\/\" \/>\n<meta property=\"og:locale\" content=\"de_DE\" \/>\n<meta property=\"og:type\" content=\"article\" \/>\n<meta property=\"og:title\" content=\"Schraubensicherung 248 Inhalt 9 g - Bantam Camping AG\" \/>\n<meta property=\"og:description\" content=\"Einfach aufzutragender, halbfester Klebstoff-Stick zum Sichern und Dichten von Gewindeverbindungen \u2013 ideal f\u00fcr senkrechte und \u00dcberkopffl\u00e4chen. Mittlere Festigkeit, mit Handwerkzeugen demontierbar. LOCTITE\u00ae 248 ist eine blaue, universelle Schraubensicherung f\u00fcr mittelfeste Verbindungen. Das praktische Drehstiftformat empfiehlt sich besonders f\u00fcr tropffreie, saubere Anwendungen. Sie wird f\u00fcr die Sicherung und Abdichtung von Schrauben, Muttern und Bolzen verwendet, um [&hellip;]\" \/>\n<meta property=\"og:url\" content=\"https:\/\/shop.bantam.ch\/de\/produkt\/schraubensicherung-248-inhalt-9-g\/\" \/>\n<meta property=\"og:site_name\" content=\"Bantam Camping AG\" \/>\n<meta property=\"article:modified_time\" content=\"2026-04-18T21:54:35+00:00\" \/>\n<meta name=\"twitter:card\" content=\"summary_large_image\" \/>\n<meta name=\"twitter:label1\" content=\"Gesch\u00e4tzte Lesezeit\" \/>\n\t<meta name=\"twitter:data1\" content=\"1\u00a0Minute\" \/>\n<script type=\"application\/ld+json\" class=\"yoast-schema-graph\">{\"@context\":\"https:\\\/\\\/schema.org\",\"@graph\":[{\"@type\":\"WebPage\",\"@id\":\"https:\\\/\\\/shop.bantam.ch\\\/de\\\/produkt\\\/schraubensicherung-248-inhalt-9-g\\\/\",\"url\":\"https:\\\/\\\/shop.bantam.ch\\\/de\\\/produkt\\\/schraubensicherung-248-inhalt-9-g\\\/\",\"name\":\"Schraubensicherung 248 Inhalt 9 g - Bantam Camping AG\",\"isPartOf\":{\"@id\":\"https:\\\/\\\/shop.bantam.ch\\\/de\\\/#website\"},\"primaryImageOfPage\":{\"@id\":\"https:\\\/\\\/shop.bantam.ch\\\/de\\\/produkt\\\/schraubensicherung-248-inhalt-9-g\\\/#primaryimage\"},\"image\":{\"@id\":\"https:\\\/\\\/shop.bantam.ch\\\/de\\\/produkt\\\/schraubensicherung-248-inhalt-9-g\\\/#primaryimage\"},\"thumbnailUrl\":\"https:\\\/\\\/shop.bantam.ch\\\/wp-content\\\/uploads\\\/2026\\\/01\\\/Movera-L-9985166100.jpg\",\"datePublished\":\"2026-01-06T15:46:02+00:00\",\"dateModified\":\"2026-04-18T21:54:35+00:00\",\"breadcrumb\":{\"@id\":\"https:\\\/\\\/shop.bantam.ch\\\/de\\\/produkt\\\/schraubensicherung-248-inhalt-9-g\\\/#breadcrumb\"},\"inLanguage\":\"de\",\"potentialAction\":[{\"@type\":\"ReadAction\",\"target\":[\"https:\\\/\\\/shop.bantam.ch\\\/de\\\/produkt\\\/schraubensicherung-248-inhalt-9-g\\\/\"]}]},{\"@type\":\"ImageObject\",\"inLanguage\":\"de\",\"@id\":\"https:\\\/\\\/shop.bantam.ch\\\/de\\\/produkt\\\/schraubensicherung-248-inhalt-9-g\\\/#primaryimage\",\"url\":\"https:\\\/\\\/shop.bantam.ch\\\/wp-content\\\/uploads\\\/2026\\\/01\\\/Movera-L-9985166100.jpg\",\"contentUrl\":\"https:\\\/\\\/shop.bantam.ch\\\/wp-content\\\/uploads\\\/2026\\\/01\\\/Movera-L-9985166100.jpg\",\"width\":640,\"height\":640},{\"@type\":\"BreadcrumbList\",\"@id\":\"https:\\\/\\\/shop.bantam.ch\\\/de\\\/produkt\\\/schraubensicherung-248-inhalt-9-g\\\/#breadcrumb\",\"itemListElement\":[{\"@type\":\"ListItem\",\"position\":1,\"name\":\"Accueil\",\"item\":\"https:\\\/\\\/shop.bantam.ch\\\/de\\\/\"},{\"@type\":\"ListItem\",\"position\":2,\"name\":\"Shop\",\"item\":\"https:\\\/\\\/shop.bantam.ch\\\/de\\\/shop\\\/\"},{\"@type\":\"ListItem\",\"position\":3,\"name\":\"Schraubensicherung 248 Inhalt 9 g\"}]},{\"@type\":\"WebSite\",\"@id\":\"https:\\\/\\\/shop.bantam.ch\\\/de\\\/#website\",\"url\":\"https:\\\/\\\/shop.bantam.ch\\\/de\\\/\",\"name\":\"Bantam Camping AG\",\"description\":\"\",\"publisher\":{\"@id\":\"https:\\\/\\\/shop.bantam.ch\\\/de\\\/#organization\"},\"inLanguage\":\"de\"},{\"@type\":\"Organization\",\"@id\":\"https:\\\/\\\/shop.bantam.ch\\\/de\\\/#organization\",\"name\":\"Bantam Camping AG\",\"url\":\"https:\\\/\\\/shop.bantam.ch\\\/de\\\/\",\"logo\":{\"@type\":\"ImageObject\",\"inLanguage\":\"de\",\"@id\":\"https:\\\/\\\/shop.bantam.ch\\\/de\\\/#\\\/schema\\\/logo\\\/image\\\/\",\"url\":\"https:\\\/\\\/shop.bantam.ch\\\/wp-content\\\/uploads\\\/2022\\\/12\\\/bantam-logo.png\",\"contentUrl\":\"https:\\\/\\\/shop.bantam.ch\\\/wp-content\\\/uploads\\\/2022\\\/12\\\/bantam-logo.png\",\"width\":320,\"height\":71,\"caption\":\"Bantam Camping AG\"},\"image\":{\"@id\":\"https:\\\/\\\/shop.bantam.ch\\\/de\\\/#\\\/schema\\\/logo\\\/image\\\/\"}}]}<\/script>\n<!-- \/ Yoast SEO plugin. -->","yoast_head_json":{"title":"Schraubensicherung 248 Inhalt 9 g - Bantam Camping AG","robots":{"index":"index","follow":"follow","max-snippet":"max-snippet:-1","max-image-preview":"max-image-preview:large","max-video-preview":"max-video-preview:-1"},"canonical":"https:\/\/shop.bantam.ch\/de\/produkt\/schraubensicherung-248-inhalt-9-g\/","og_locale":"de_DE","og_type":"article","og_title":"Schraubensicherung 248 Inhalt 9 g - Bantam Camping AG","og_description":"Einfach aufzutragender, halbfester Klebstoff-Stick zum Sichern und Dichten von Gewindeverbindungen \u2013 ideal f\u00fcr senkrechte und \u00dcberkopffl\u00e4chen. Mittlere Festigkeit, mit Handwerkzeugen demontierbar. LOCTITE\u00ae 248 ist eine blaue, universelle Schraubensicherung f\u00fcr mittelfeste Verbindungen. Das praktische Drehstiftformat empfiehlt sich besonders f\u00fcr tropffreie, saubere Anwendungen. Sie wird f\u00fcr die Sicherung und Abdichtung von Schrauben, Muttern und Bolzen verwendet, um [&hellip;]","og_url":"https:\/\/shop.bantam.ch\/de\/produkt\/schraubensicherung-248-inhalt-9-g\/","og_site_name":"Bantam Camping AG","article_modified_time":"2026-04-18T21:54:35+00:00","twitter_card":"summary_large_image","twitter_misc":{"Gesch\u00e4tzte Lesezeit":"1\u00a0Minute"},"schema":{"@context":"https:\/\/schema.org","@graph":[{"@type":"WebPage","@id":"https:\/\/shop.bantam.ch\/de\/produkt\/schraubensicherung-248-inhalt-9-g\/","url":"https:\/\/shop.bantam.ch\/de\/produkt\/schraubensicherung-248-inhalt-9-g\/","name":"Schraubensicherung 248 Inhalt 9 g - Bantam Camping AG","isPartOf":{"@id":"https:\/\/shop.bantam.ch\/de\/#website"},"primaryImageOfPage":{"@id":"https:\/\/shop.bantam.ch\/de\/produkt\/schraubensicherung-248-inhalt-9-g\/#primaryimage"},"image":{"@id":"https:\/\/shop.bantam.ch\/de\/produkt\/schraubensicherung-248-inhalt-9-g\/#primaryimage"},"thumbnailUrl":"https:\/\/shop.bantam.ch\/wp-content\/uploads\/2026\/01\/Movera-L-9985166100.jpg","datePublished":"2026-01-06T15:46:02+00:00","dateModified":"2026-04-18T21:54:35+00:00","breadcrumb":{"@id":"https:\/\/shop.bantam.ch\/de\/produkt\/schraubensicherung-248-inhalt-9-g\/#breadcrumb"},"inLanguage":"de","potentialAction":[{"@type":"ReadAction","target":["https:\/\/shop.bantam.ch\/de\/produkt\/schraubensicherung-248-inhalt-9-g\/"]}]},{"@type":"ImageObject","inLanguage":"de","@id":"https:\/\/shop.bantam.ch\/de\/produkt\/schraubensicherung-248-inhalt-9-g\/#primaryimage","url":"https:\/\/shop.bantam.ch\/wp-content\/uploads\/2026\/01\/Movera-L-9985166100.jpg","contentUrl":"https:\/\/shop.bantam.ch\/wp-content\/uploads\/2026\/01\/Movera-L-9985166100.jpg","width":640,"height":640},{"@type":"BreadcrumbList","@id":"https:\/\/shop.bantam.ch\/de\/produkt\/schraubensicherung-248-inhalt-9-g\/#breadcrumb","itemListElement":[{"@type":"ListItem","position":1,"name":"Accueil","item":"https:\/\/shop.bantam.ch\/de\/"},{"@type":"ListItem","position":2,"name":"Shop","item":"https:\/\/shop.bantam.ch\/de\/shop\/"},{"@type":"ListItem","position":3,"name":"Schraubensicherung 248 Inhalt 9 g"}]},{"@type":"WebSite","@id":"https:\/\/shop.bantam.ch\/de\/#website","url":"https:\/\/shop.bantam.ch\/de\/","name":"Bantam Camping AG","description":"","publisher":{"@id":"https:\/\/shop.bantam.ch\/de\/#organization"},"inLanguage":"de"},{"@type":"Organization","@id":"https:\/\/shop.bantam.ch\/de\/#organization","name":"Bantam Camping AG","url":"https:\/\/shop.bantam.ch\/de\/","logo":{"@type":"ImageObject","inLanguage":"de","@id":"https:\/\/shop.bantam.ch\/de\/#\/schema\/logo\/image\/","url":"https:\/\/shop.bantam.ch\/wp-content\/uploads\/2022\/12\/bantam-logo.png","contentUrl":"https:\/\/shop.bantam.ch\/wp-content\/uploads\/2022\/12\/bantam-logo.png","width":320,"height":71,"caption":"Bantam Camping AG"},"image":{"@id":"https:\/\/shop.bantam.ch\/de\/#\/schema\/logo\/image\/"}}]}},"_links":{"self":[{"href":"https:\/\/shop.bantam.ch\/de\/wp-json\/wp\/v2\/product\/230524","targetHints":{"allow":["GET"]}}],"collection":[{"href":"https:\/\/shop.bantam.ch\/de\/wp-json\/wp\/v2\/product"}],"about":[{"href":"https:\/\/shop.bantam.ch\/de\/wp-json\/wp\/v2\/types\/product"}],"wp:featuredmedia":[{"embeddable":true,"href":"https:\/\/shop.bantam.ch\/de\/wp-json\/wp\/v2\/media\/230522"}],"wp:attachment":[{"href":"https:\/\/shop.bantam.ch\/de\/wp-json\/wp\/v2\/media?parent=230524"}],"wp:term":[{"taxonomy":"product_featured_cat","embeddable":true,"href":"https:\/\/shop.bantam.ch\/de\/wp-json\/wp\/v2\/product_featured_cat?post=230524"},{"taxonomy":"product_brand","embeddable":true,"href":"https:\/\/shop.bantam.ch\/de\/wp-json\/wp\/v2\/product_brand?post=230524"},{"taxonomy":"product_cat","embeddable":true,"href":"https:\/\/shop.bantam.ch\/de\/wp-json\/wp\/v2\/product_cat?post=230524"},{"taxonomy":"product_tag","embeddable":true,"href":"https:\/\/shop.bantam.ch\/de\/wp-json\/wp\/v2\/product_tag?post=230524"}],"curies":[{"name":"wp","href":"https:\/\/api.w.org\/{rel}","templated":true}]}}