{"id":230516,"date":"2026-01-06T16:45:49","date_gmt":"2026-01-06T15:45:49","guid":{"rendered":"https:\/\/shop.bantam.ch\/produit\/scheiben-reiniger-gebrauchsfertig-edeldark-5-l\/"},"modified":"2026-04-21T23:56:14","modified_gmt":"2026-04-21T21:56:14","slug":"scheiben-reiniger-gebrauchsfertig-edeldark-5-l","status":"publish","type":"product","link":"https:\/\/shop.bantam.ch\/de\/produkt\/scheiben-reiniger-gebrauchsfertig-edeldark-5-l\/","title":{"rendered":"Scheiben Reiniger gebrauchsfertig Edeldark 5 l"},"content":{"rendered":"<p>Der gebrauchsfertige Reiniger f\u00fcr die Scheiben- und Scheinwerferwaschanlage mit dem Duft nach VIP-Lounge. Sorgt in Sekunden f\u00fcr klare Sicht, ohne Streifen und Schlieren. Bei maximaler Vertr\u00e4glichkeit mit Lack, Gummi und Kunststoff entfernt er zuverl\u00e4ssig gef\u00e4hrliche Blend- und Schmierfilme von Insekten-, \u00d6l- und Silikonverschmutzungen. Es entstehen dabei keine Spannungsrisse und Blindstellen an empfindlichen Scheinwerferstreuscheiben, hochwertigen Laser-, Matrix-LED- und XENON-Scheinwerfern. Besonders schonend zu Mattlacken, empfindlichen Reparaturlacken und folierten Fahrzeugen. Ideal auch f\u00fcr den Einsatz bei neuen Wischertechnologien und F\u00e4cherd\u00fcsen. Maximale Sicherheit dank minimaler Wischtakte, insbesondere in kritischen Situationen wie Regen, Dunkelheit und Gegenlicht.<\/p>\n<ul>\n<li>Gebrauchsfertig \u2013 Beh\u00e4lter \u00f6ffnen und in den Scheibenwaschbeh\u00e4lter einf\u00fcllen<\/li>\n<li>Vor Frost sch\u00fctzen<\/li>\n<\/ul>\n","protected":false},"excerpt":{"rendered":"<p>Der gebrauchsfertige Reiniger f\u00fcr die Scheiben- und Scheinwerferwaschanlage mit dem Duft nach VIP-Lounge. Sorgt in Sekunden f\u00fcr klare Sicht, ohne Streifen und Schlieren. Bei maximaler Vertr\u00e4glichkeit mit Lack, Gummi und Kunststoff entfernt er zuverl\u00e4ssig gef\u00e4hrliche Blend- und Schmierfilme von Insekten-, \u00d6l- und Silikonverschmutzungen. Es entstehen dabei keine Spannungsrisse und Blindstellen an empfindlichen Scheinwerferstreuscheiben, hochwertigen Laser-, [&hellip;]<\/p>\n","protected":false},"featured_media":230514,"template":"","meta":{"_acf_changed":false},"product_featured_cat":[],"product_brand":[],"product_cat":[4152],"product_tag":[],"class_list":{"0":"post-230516","1":"product","2":"type-product","3":"status-publish","4":"has-post-thumbnail","6":"product_cat-pflege-reinigungsmittel","8":"first","9":"instock","10":"taxable","11":"shipping-taxable","12":"purchasable","13":"product-type-simple"},"acf":[],"yoast_head":"<!-- This site is optimized with the Yoast SEO plugin v27.4 - https:\/\/yoast.com\/product\/yoast-seo-wordpress\/ -->\n<title>Scheiben Reiniger gebrauchsfertig Edeldark 5 l - Bantam Camping AG<\/title>\n<meta name=\"robots\" content=\"index, follow, max-snippet:-1, max-image-preview:large, max-video-preview:-1\" \/>\n<link rel=\"canonical\" href=\"https:\/\/shop.bantam.ch\/de\/produkt\/scheiben-reiniger-gebrauchsfertig-edeldark-5-l\/\" \/>\n<meta property=\"og:locale\" content=\"de_DE\" \/>\n<meta property=\"og:type\" content=\"article\" \/>\n<meta property=\"og:title\" content=\"Scheiben Reiniger gebrauchsfertig Edeldark 5 l - Bantam Camping AG\" \/>\n<meta property=\"og:description\" content=\"Der gebrauchsfertige Reiniger f\u00fcr die Scheiben- und Scheinwerferwaschanlage mit dem Duft nach VIP-Lounge. Sorgt in Sekunden f\u00fcr klare Sicht, ohne Streifen und Schlieren. Bei maximaler Vertr\u00e4glichkeit mit Lack, Gummi und Kunststoff entfernt er zuverl\u00e4ssig gef\u00e4hrliche Blend- und Schmierfilme von Insekten-, \u00d6l- und Silikonverschmutzungen. Es entstehen dabei keine Spannungsrisse und Blindstellen an empfindlichen Scheinwerferstreuscheiben, hochwertigen Laser-, [&hellip;]\" \/>\n<meta property=\"og:url\" content=\"https:\/\/shop.bantam.ch\/de\/produkt\/scheiben-reiniger-gebrauchsfertig-edeldark-5-l\/\" \/>\n<meta property=\"og:site_name\" content=\"Bantam Camping AG\" \/>\n<meta property=\"article:modified_time\" content=\"2026-04-21T21:56:14+00:00\" \/>\n<meta name=\"twitter:card\" content=\"summary_large_image\" \/>\n<meta name=\"twitter:label1\" content=\"Gesch\u00e4tzte Lesezeit\" \/>\n\t<meta name=\"twitter:data1\" content=\"1\u00a0Minute\" \/>\n<script type=\"application\/ld+json\" class=\"yoast-schema-graph\">{\"@context\":\"https:\\\/\\\/schema.org\",\"@graph\":[{\"@type\":\"WebPage\",\"@id\":\"https:\\\/\\\/shop.bantam.ch\\\/de\\\/produkt\\\/scheiben-reiniger-gebrauchsfertig-edeldark-5-l\\\/\",\"url\":\"https:\\\/\\\/shop.bantam.ch\\\/de\\\/produkt\\\/scheiben-reiniger-gebrauchsfertig-edeldark-5-l\\\/\",\"name\":\"Scheiben Reiniger gebrauchsfertig Edeldark 5 l - Bantam Camping AG\",\"isPartOf\":{\"@id\":\"https:\\\/\\\/shop.bantam.ch\\\/de\\\/#website\"},\"primaryImageOfPage\":{\"@id\":\"https:\\\/\\\/shop.bantam.ch\\\/de\\\/produkt\\\/scheiben-reiniger-gebrauchsfertig-edeldark-5-l\\\/#primaryimage\"},\"image\":{\"@id\":\"https:\\\/\\\/shop.bantam.ch\\\/de\\\/produkt\\\/scheiben-reiniger-gebrauchsfertig-edeldark-5-l\\\/#primaryimage\"},\"thumbnailUrl\":\"https:\\\/\\\/shop.bantam.ch\\\/wp-content\\\/uploads\\\/2026\\\/01\\\/Movera-L-9985157100.jpg\",\"datePublished\":\"2026-01-06T15:45:49+00:00\",\"dateModified\":\"2026-04-21T21:56:14+00:00\",\"breadcrumb\":{\"@id\":\"https:\\\/\\\/shop.bantam.ch\\\/de\\\/produkt\\\/scheiben-reiniger-gebrauchsfertig-edeldark-5-l\\\/#breadcrumb\"},\"inLanguage\":\"de\",\"potentialAction\":[{\"@type\":\"ReadAction\",\"target\":[\"https:\\\/\\\/shop.bantam.ch\\\/de\\\/produkt\\\/scheiben-reiniger-gebrauchsfertig-edeldark-5-l\\\/\"]}]},{\"@type\":\"ImageObject\",\"inLanguage\":\"de\",\"@id\":\"https:\\\/\\\/shop.bantam.ch\\\/de\\\/produkt\\\/scheiben-reiniger-gebrauchsfertig-edeldark-5-l\\\/#primaryimage\",\"url\":\"https:\\\/\\\/shop.bantam.ch\\\/wp-content\\\/uploads\\\/2026\\\/01\\\/Movera-L-9985157100.jpg\",\"contentUrl\":\"https:\\\/\\\/shop.bantam.ch\\\/wp-content\\\/uploads\\\/2026\\\/01\\\/Movera-L-9985157100.jpg\",\"width\":640,\"height\":936},{\"@type\":\"BreadcrumbList\",\"@id\":\"https:\\\/\\\/shop.bantam.ch\\\/de\\\/produkt\\\/scheiben-reiniger-gebrauchsfertig-edeldark-5-l\\\/#breadcrumb\",\"itemListElement\":[{\"@type\":\"ListItem\",\"position\":1,\"name\":\"Accueil\",\"item\":\"https:\\\/\\\/shop.bantam.ch\\\/de\\\/\"},{\"@type\":\"ListItem\",\"position\":2,\"name\":\"Shop\",\"item\":\"https:\\\/\\\/shop.bantam.ch\\\/de\\\/shop\\\/\"},{\"@type\":\"ListItem\",\"position\":3,\"name\":\"Scheiben Reiniger gebrauchsfertig Edeldark 5 l\"}]},{\"@type\":\"WebSite\",\"@id\":\"https:\\\/\\\/shop.bantam.ch\\\/de\\\/#website\",\"url\":\"https:\\\/\\\/shop.bantam.ch\\\/de\\\/\",\"name\":\"Bantam Camping AG\",\"description\":\"\",\"publisher\":{\"@id\":\"https:\\\/\\\/shop.bantam.ch\\\/de\\\/#organization\"},\"inLanguage\":\"de\"},{\"@type\":\"Organization\",\"@id\":\"https:\\\/\\\/shop.bantam.ch\\\/de\\\/#organization\",\"name\":\"Bantam Camping AG\",\"url\":\"https:\\\/\\\/shop.bantam.ch\\\/de\\\/\",\"logo\":{\"@type\":\"ImageObject\",\"inLanguage\":\"de\",\"@id\":\"https:\\\/\\\/shop.bantam.ch\\\/de\\\/#\\\/schema\\\/logo\\\/image\\\/\",\"url\":\"https:\\\/\\\/shop.bantam.ch\\\/wp-content\\\/uploads\\\/2022\\\/12\\\/bantam-logo.png\",\"contentUrl\":\"https:\\\/\\\/shop.bantam.ch\\\/wp-content\\\/uploads\\\/2022\\\/12\\\/bantam-logo.png\",\"width\":320,\"height\":71,\"caption\":\"Bantam Camping AG\"},\"image\":{\"@id\":\"https:\\\/\\\/shop.bantam.ch\\\/de\\\/#\\\/schema\\\/logo\\\/image\\\/\"}}]}<\/script>\n<!-- \/ Yoast SEO plugin. -->","yoast_head_json":{"title":"Scheiben Reiniger gebrauchsfertig Edeldark 5 l - Bantam Camping AG","robots":{"index":"index","follow":"follow","max-snippet":"max-snippet:-1","max-image-preview":"max-image-preview:large","max-video-preview":"max-video-preview:-1"},"canonical":"https:\/\/shop.bantam.ch\/de\/produkt\/scheiben-reiniger-gebrauchsfertig-edeldark-5-l\/","og_locale":"de_DE","og_type":"article","og_title":"Scheiben Reiniger gebrauchsfertig Edeldark 5 l - Bantam Camping AG","og_description":"Der gebrauchsfertige Reiniger f\u00fcr die Scheiben- und Scheinwerferwaschanlage mit dem Duft nach VIP-Lounge. Sorgt in Sekunden f\u00fcr klare Sicht, ohne Streifen und Schlieren. Bei maximaler Vertr\u00e4glichkeit mit Lack, Gummi und Kunststoff entfernt er zuverl\u00e4ssig gef\u00e4hrliche Blend- und Schmierfilme von Insekten-, \u00d6l- und Silikonverschmutzungen. Es entstehen dabei keine Spannungsrisse und Blindstellen an empfindlichen Scheinwerferstreuscheiben, hochwertigen Laser-, [&hellip;]","og_url":"https:\/\/shop.bantam.ch\/de\/produkt\/scheiben-reiniger-gebrauchsfertig-edeldark-5-l\/","og_site_name":"Bantam Camping AG","article_modified_time":"2026-04-21T21:56:14+00:00","twitter_card":"summary_large_image","twitter_misc":{"Gesch\u00e4tzte Lesezeit":"1\u00a0Minute"},"schema":{"@context":"https:\/\/schema.org","@graph":[{"@type":"WebPage","@id":"https:\/\/shop.bantam.ch\/de\/produkt\/scheiben-reiniger-gebrauchsfertig-edeldark-5-l\/","url":"https:\/\/shop.bantam.ch\/de\/produkt\/scheiben-reiniger-gebrauchsfertig-edeldark-5-l\/","name":"Scheiben Reiniger gebrauchsfertig Edeldark 5 l - Bantam Camping AG","isPartOf":{"@id":"https:\/\/shop.bantam.ch\/de\/#website"},"primaryImageOfPage":{"@id":"https:\/\/shop.bantam.ch\/de\/produkt\/scheiben-reiniger-gebrauchsfertig-edeldark-5-l\/#primaryimage"},"image":{"@id":"https:\/\/shop.bantam.ch\/de\/produkt\/scheiben-reiniger-gebrauchsfertig-edeldark-5-l\/#primaryimage"},"thumbnailUrl":"https:\/\/shop.bantam.ch\/wp-content\/uploads\/2026\/01\/Movera-L-9985157100.jpg","datePublished":"2026-01-06T15:45:49+00:00","dateModified":"2026-04-21T21:56:14+00:00","breadcrumb":{"@id":"https:\/\/shop.bantam.ch\/de\/produkt\/scheiben-reiniger-gebrauchsfertig-edeldark-5-l\/#breadcrumb"},"inLanguage":"de","potentialAction":[{"@type":"ReadAction","target":["https:\/\/shop.bantam.ch\/de\/produkt\/scheiben-reiniger-gebrauchsfertig-edeldark-5-l\/"]}]},{"@type":"ImageObject","inLanguage":"de","@id":"https:\/\/shop.bantam.ch\/de\/produkt\/scheiben-reiniger-gebrauchsfertig-edeldark-5-l\/#primaryimage","url":"https:\/\/shop.bantam.ch\/wp-content\/uploads\/2026\/01\/Movera-L-9985157100.jpg","contentUrl":"https:\/\/shop.bantam.ch\/wp-content\/uploads\/2026\/01\/Movera-L-9985157100.jpg","width":640,"height":936},{"@type":"BreadcrumbList","@id":"https:\/\/shop.bantam.ch\/de\/produkt\/scheiben-reiniger-gebrauchsfertig-edeldark-5-l\/#breadcrumb","itemListElement":[{"@type":"ListItem","position":1,"name":"Accueil","item":"https:\/\/shop.bantam.ch\/de\/"},{"@type":"ListItem","position":2,"name":"Shop","item":"https:\/\/shop.bantam.ch\/de\/shop\/"},{"@type":"ListItem","position":3,"name":"Scheiben Reiniger gebrauchsfertig Edeldark 5 l"}]},{"@type":"WebSite","@id":"https:\/\/shop.bantam.ch\/de\/#website","url":"https:\/\/shop.bantam.ch\/de\/","name":"Bantam Camping AG","description":"","publisher":{"@id":"https:\/\/shop.bantam.ch\/de\/#organization"},"inLanguage":"de"},{"@type":"Organization","@id":"https:\/\/shop.bantam.ch\/de\/#organization","name":"Bantam Camping AG","url":"https:\/\/shop.bantam.ch\/de\/","logo":{"@type":"ImageObject","inLanguage":"de","@id":"https:\/\/shop.bantam.ch\/de\/#\/schema\/logo\/image\/","url":"https:\/\/shop.bantam.ch\/wp-content\/uploads\/2022\/12\/bantam-logo.png","contentUrl":"https:\/\/shop.bantam.ch\/wp-content\/uploads\/2022\/12\/bantam-logo.png","width":320,"height":71,"caption":"Bantam Camping AG"},"image":{"@id":"https:\/\/shop.bantam.ch\/de\/#\/schema\/logo\/image\/"}}]}},"_links":{"self":[{"href":"https:\/\/shop.bantam.ch\/de\/wp-json\/wp\/v2\/product\/230516","targetHints":{"allow":["GET"]}}],"collection":[{"href":"https:\/\/shop.bantam.ch\/de\/wp-json\/wp\/v2\/product"}],"about":[{"href":"https:\/\/shop.bantam.ch\/de\/wp-json\/wp\/v2\/types\/product"}],"wp:featuredmedia":[{"embeddable":true,"href":"https:\/\/shop.bantam.ch\/de\/wp-json\/wp\/v2\/media\/230514"}],"wp:attachment":[{"href":"https:\/\/shop.bantam.ch\/de\/wp-json\/wp\/v2\/media?parent=230516"}],"wp:term":[{"taxonomy":"product_featured_cat","embeddable":true,"href":"https:\/\/shop.bantam.ch\/de\/wp-json\/wp\/v2\/product_featured_cat?post=230516"},{"taxonomy":"product_brand","embeddable":true,"href":"https:\/\/shop.bantam.ch\/de\/wp-json\/wp\/v2\/product_brand?post=230516"},{"taxonomy":"product_cat","embeddable":true,"href":"https:\/\/shop.bantam.ch\/de\/wp-json\/wp\/v2\/product_cat?post=230516"},{"taxonomy":"product_tag","embeddable":true,"href":"https:\/\/shop.bantam.ch\/de\/wp-json\/wp\/v2\/product_tag?post=230516"}],"curies":[{"name":"wp","href":"https:\/\/api.w.org\/{rel}","templated":true}]}}