{"id":230330,"date":"2026-01-06T16:40:52","date_gmt":"2026-01-06T15:40:52","guid":{"rendered":"https:\/\/shop.bantam.ch\/produit\/starlink-antenne\/"},"modified":"2026-04-19T02:38:49","modified_gmt":"2026-04-19T00:38:49","slug":"starlink-antenne","status":"publish","type":"product","link":"https:\/\/shop.bantam.ch\/de\/produkt\/starlink-antenne\/","title":{"rendered":"Starlink Antenne"},"content":{"rendered":"<p><!--StartFragment --><\/p>\n<p><!--StartFragment --><\/p>\n<p>HIGHSPEED-INTERNET AUF DER GANZEN WELT:<\/p>\n<p>Starlink bietet fast \u00fcberall auf der Welt Highspeed-Internet. Mit den Reise-Servicetarifen k\u00f6nnen Sie in Ihrem eigenen Land \u00fcberallhin reisen, sowie Auslandsreisen in M\u00e4rkte machen, in denen Starlink live ist. Starlink stellt innerhalb von Minuten eine Verbindung her.<\/p>\n<p>&nbsp;<\/p>\n<p>NUTZEN SIE STARLINK IN BEWEGUNG:<\/p>\n<p>Die Nutzung in Bewegung wird von allen Starlink Reise-Servicetarifen und bis 160 km\/h unterst\u00fctzt.<\/p>\n<p>&nbsp;<\/p>\n<p>WETTERBEST\u00c4NDIG:<\/p>\n<p>Starlinks sind so konzipiert, dass sie auch schwierigen Witterungs-bedingungen standhalten \u2013 sie k\u00f6nnen Schnee schmelzen und Graupel, Starkregen und starken St\u00fcrmen standhalten.<\/p>\n<p>&nbsp;<\/p>\n<p>GEHEN SIE IN WENIGEN MINUTEN ONLINE:<\/p>\n<p>Anschlie\u00dfen und auf den Himmel richten. Starlink erfordert eine freie Sicht auf den Himmel. Laden Sie die Starlink-App herunter, um die beste Ausrichtung zu ermitteln.<\/p>\n<p>&nbsp;<\/p>\n<p>Verbrauchsabh\u00e4ngige Abrechnung:<\/p>\n<p>Starlink bietet aktuell den Servicetarif REISE \u2013 50 GB oder REISE UNBEGRENZT. Die Abrechnung erfolgt monatlich. Der Service l\u00e4sst sich mit der Grundversorgung gegen eine geringe monatliche Geb\u00fchr jederzeit pausieren und fortsetzen und erm\u00f6glicht so den Empfang von Nachrichten im Notfall und eine einfache Reaktivierung in Funkl\u00f6chern.<\/p>\n<p>&nbsp;<\/p>\n<p>SCHNELL UND SICHER F\u00dcR ABGELEGENE EINSATZORTE:<\/p>\n<p>Sie k\u00f6nnen jederzeit und \u00fcberall nahtlos arbeiten. Starlink sch\u00fctzt Ihre Daten und die Vertraulichkeit des Datenverkehrs von Nutzern mit einer Ende-zu-Ende-Verschl\u00fcsselung.<\/p>\n<p><!--EndFragment --><\/p>\n<p><!--EndFragment --><\/p>\n","protected":false},"excerpt":{"rendered":"<p>HIGHSPEED-INTERNET AUF DER GANZEN WELT: Starlink bietet fast \u00fcberall auf der Welt Highspeed-Internet. Mit den Reise-Servicetarifen k\u00f6nnen Sie in Ihrem eigenen Land \u00fcberallhin reisen, sowie Auslandsreisen in M\u00e4rkte machen, in denen Starlink live ist. Starlink stellt innerhalb von Minuten eine Verbindung her. &nbsp; NUTZEN SIE STARLINK IN BEWEGUNG: Die Nutzung in Bewegung wird von allen [&hellip;]<\/p>\n","protected":false},"featured_media":230322,"template":"","meta":{"_acf_changed":false},"product_featured_cat":[],"product_brand":[],"product_cat":[5152],"product_tag":[],"class_list":{"0":"post-230330","1":"product","2":"type-product","3":"status-publish","4":"has-post-thumbnail","6":"product_cat-wlan-lte-antennen","8":"first","9":"instock","10":"taxable","11":"shipping-taxable","12":"purchasable","13":"product-type-variable"},"acf":[],"yoast_head":"<!-- This site is optimized with the Yoast SEO plugin v27.4 - https:\/\/yoast.com\/product\/yoast-seo-wordpress\/ -->\n<title>Starlink Antenne - Bantam Camping AG<\/title>\n<meta name=\"robots\" content=\"index, follow, max-snippet:-1, max-image-preview:large, max-video-preview:-1\" \/>\n<link rel=\"canonical\" href=\"https:\/\/shop.bantam.ch\/de\/produkt\/starlink-antenne\/\" \/>\n<meta property=\"og:locale\" content=\"de_DE\" \/>\n<meta property=\"og:type\" content=\"article\" \/>\n<meta property=\"og:title\" content=\"Starlink Antenne - Bantam Camping AG\" \/>\n<meta property=\"og:description\" content=\"HIGHSPEED-INTERNET AUF DER GANZEN WELT: Starlink bietet fast \u00fcberall auf der Welt Highspeed-Internet. Mit den Reise-Servicetarifen k\u00f6nnen Sie in Ihrem eigenen Land \u00fcberallhin reisen, sowie Auslandsreisen in M\u00e4rkte machen, in denen Starlink live ist. Starlink stellt innerhalb von Minuten eine Verbindung her. &nbsp; NUTZEN SIE STARLINK IN BEWEGUNG: Die Nutzung in Bewegung wird von allen [&hellip;]\" \/>\n<meta property=\"og:url\" content=\"https:\/\/shop.bantam.ch\/de\/produkt\/starlink-antenne\/\" \/>\n<meta property=\"og:site_name\" content=\"Bantam Camping AG\" \/>\n<meta property=\"article:modified_time\" content=\"2026-04-19T00:38:49+00:00\" \/>\n<meta name=\"twitter:card\" content=\"summary_large_image\" \/>\n<meta name=\"twitter:label1\" content=\"Gesch\u00e4tzte Lesezeit\" \/>\n\t<meta name=\"twitter:data1\" content=\"1\u00a0Minute\" \/>\n<script type=\"application\/ld+json\" class=\"yoast-schema-graph\">{\"@context\":\"https:\\\/\\\/schema.org\",\"@graph\":[{\"@type\":\"WebPage\",\"@id\":\"https:\\\/\\\/shop.bantam.ch\\\/de\\\/produkt\\\/starlink-antenne\\\/\",\"url\":\"https:\\\/\\\/shop.bantam.ch\\\/de\\\/produkt\\\/starlink-antenne\\\/\",\"name\":\"Starlink Antenne - Bantam Camping AG\",\"isPartOf\":{\"@id\":\"https:\\\/\\\/shop.bantam.ch\\\/de\\\/#website\"},\"primaryImageOfPage\":{\"@id\":\"https:\\\/\\\/shop.bantam.ch\\\/de\\\/produkt\\\/starlink-antenne\\\/#primaryimage\"},\"image\":{\"@id\":\"https:\\\/\\\/shop.bantam.ch\\\/de\\\/produkt\\\/starlink-antenne\\\/#primaryimage\"},\"thumbnailUrl\":\"https:\\\/\\\/shop.bantam.ch\\\/wp-content\\\/uploads\\\/2026\\\/01\\\/Movera-L-9976175201.jpg\",\"datePublished\":\"2026-01-06T15:40:52+00:00\",\"dateModified\":\"2026-04-19T00:38:49+00:00\",\"breadcrumb\":{\"@id\":\"https:\\\/\\\/shop.bantam.ch\\\/de\\\/produkt\\\/starlink-antenne\\\/#breadcrumb\"},\"inLanguage\":\"de\",\"potentialAction\":[{\"@type\":\"ReadAction\",\"target\":[\"https:\\\/\\\/shop.bantam.ch\\\/de\\\/produkt\\\/starlink-antenne\\\/\"]}]},{\"@type\":\"ImageObject\",\"inLanguage\":\"de\",\"@id\":\"https:\\\/\\\/shop.bantam.ch\\\/de\\\/produkt\\\/starlink-antenne\\\/#primaryimage\",\"url\":\"https:\\\/\\\/shop.bantam.ch\\\/wp-content\\\/uploads\\\/2026\\\/01\\\/Movera-L-9976175201.jpg\",\"contentUrl\":\"https:\\\/\\\/shop.bantam.ch\\\/wp-content\\\/uploads\\\/2026\\\/01\\\/Movera-L-9976175201.jpg\",\"width\":640,\"height\":640},{\"@type\":\"BreadcrumbList\",\"@id\":\"https:\\\/\\\/shop.bantam.ch\\\/de\\\/produkt\\\/starlink-antenne\\\/#breadcrumb\",\"itemListElement\":[{\"@type\":\"ListItem\",\"position\":1,\"name\":\"Accueil\",\"item\":\"https:\\\/\\\/shop.bantam.ch\\\/de\\\/\"},{\"@type\":\"ListItem\",\"position\":2,\"name\":\"Shop\",\"item\":\"https:\\\/\\\/shop.bantam.ch\\\/de\\\/shop\\\/\"},{\"@type\":\"ListItem\",\"position\":3,\"name\":\"Starlink Antenne\"}]},{\"@type\":\"WebSite\",\"@id\":\"https:\\\/\\\/shop.bantam.ch\\\/de\\\/#website\",\"url\":\"https:\\\/\\\/shop.bantam.ch\\\/de\\\/\",\"name\":\"Bantam Camping AG\",\"description\":\"\",\"publisher\":{\"@id\":\"https:\\\/\\\/shop.bantam.ch\\\/de\\\/#organization\"},\"inLanguage\":\"de\"},{\"@type\":\"Organization\",\"@id\":\"https:\\\/\\\/shop.bantam.ch\\\/de\\\/#organization\",\"name\":\"Bantam Camping AG\",\"url\":\"https:\\\/\\\/shop.bantam.ch\\\/de\\\/\",\"logo\":{\"@type\":\"ImageObject\",\"inLanguage\":\"de\",\"@id\":\"https:\\\/\\\/shop.bantam.ch\\\/de\\\/#\\\/schema\\\/logo\\\/image\\\/\",\"url\":\"https:\\\/\\\/shop.bantam.ch\\\/wp-content\\\/uploads\\\/2022\\\/12\\\/bantam-logo.png\",\"contentUrl\":\"https:\\\/\\\/shop.bantam.ch\\\/wp-content\\\/uploads\\\/2022\\\/12\\\/bantam-logo.png\",\"width\":320,\"height\":71,\"caption\":\"Bantam Camping AG\"},\"image\":{\"@id\":\"https:\\\/\\\/shop.bantam.ch\\\/de\\\/#\\\/schema\\\/logo\\\/image\\\/\"}}]}<\/script>\n<!-- \/ Yoast SEO plugin. -->","yoast_head_json":{"title":"Starlink Antenne - Bantam Camping AG","robots":{"index":"index","follow":"follow","max-snippet":"max-snippet:-1","max-image-preview":"max-image-preview:large","max-video-preview":"max-video-preview:-1"},"canonical":"https:\/\/shop.bantam.ch\/de\/produkt\/starlink-antenne\/","og_locale":"de_DE","og_type":"article","og_title":"Starlink Antenne - Bantam Camping AG","og_description":"HIGHSPEED-INTERNET AUF DER GANZEN WELT: Starlink bietet fast \u00fcberall auf der Welt Highspeed-Internet. Mit den Reise-Servicetarifen k\u00f6nnen Sie in Ihrem eigenen Land \u00fcberallhin reisen, sowie Auslandsreisen in M\u00e4rkte machen, in denen Starlink live ist. Starlink stellt innerhalb von Minuten eine Verbindung her. &nbsp; NUTZEN SIE STARLINK IN BEWEGUNG: Die Nutzung in Bewegung wird von allen [&hellip;]","og_url":"https:\/\/shop.bantam.ch\/de\/produkt\/starlink-antenne\/","og_site_name":"Bantam Camping AG","article_modified_time":"2026-04-19T00:38:49+00:00","twitter_card":"summary_large_image","twitter_misc":{"Gesch\u00e4tzte Lesezeit":"1\u00a0Minute"},"schema":{"@context":"https:\/\/schema.org","@graph":[{"@type":"WebPage","@id":"https:\/\/shop.bantam.ch\/de\/produkt\/starlink-antenne\/","url":"https:\/\/shop.bantam.ch\/de\/produkt\/starlink-antenne\/","name":"Starlink Antenne - Bantam Camping AG","isPartOf":{"@id":"https:\/\/shop.bantam.ch\/de\/#website"},"primaryImageOfPage":{"@id":"https:\/\/shop.bantam.ch\/de\/produkt\/starlink-antenne\/#primaryimage"},"image":{"@id":"https:\/\/shop.bantam.ch\/de\/produkt\/starlink-antenne\/#primaryimage"},"thumbnailUrl":"https:\/\/shop.bantam.ch\/wp-content\/uploads\/2026\/01\/Movera-L-9976175201.jpg","datePublished":"2026-01-06T15:40:52+00:00","dateModified":"2026-04-19T00:38:49+00:00","breadcrumb":{"@id":"https:\/\/shop.bantam.ch\/de\/produkt\/starlink-antenne\/#breadcrumb"},"inLanguage":"de","potentialAction":[{"@type":"ReadAction","target":["https:\/\/shop.bantam.ch\/de\/produkt\/starlink-antenne\/"]}]},{"@type":"ImageObject","inLanguage":"de","@id":"https:\/\/shop.bantam.ch\/de\/produkt\/starlink-antenne\/#primaryimage","url":"https:\/\/shop.bantam.ch\/wp-content\/uploads\/2026\/01\/Movera-L-9976175201.jpg","contentUrl":"https:\/\/shop.bantam.ch\/wp-content\/uploads\/2026\/01\/Movera-L-9976175201.jpg","width":640,"height":640},{"@type":"BreadcrumbList","@id":"https:\/\/shop.bantam.ch\/de\/produkt\/starlink-antenne\/#breadcrumb","itemListElement":[{"@type":"ListItem","position":1,"name":"Accueil","item":"https:\/\/shop.bantam.ch\/de\/"},{"@type":"ListItem","position":2,"name":"Shop","item":"https:\/\/shop.bantam.ch\/de\/shop\/"},{"@type":"ListItem","position":3,"name":"Starlink Antenne"}]},{"@type":"WebSite","@id":"https:\/\/shop.bantam.ch\/de\/#website","url":"https:\/\/shop.bantam.ch\/de\/","name":"Bantam Camping AG","description":"","publisher":{"@id":"https:\/\/shop.bantam.ch\/de\/#organization"},"inLanguage":"de"},{"@type":"Organization","@id":"https:\/\/shop.bantam.ch\/de\/#organization","name":"Bantam Camping AG","url":"https:\/\/shop.bantam.ch\/de\/","logo":{"@type":"ImageObject","inLanguage":"de","@id":"https:\/\/shop.bantam.ch\/de\/#\/schema\/logo\/image\/","url":"https:\/\/shop.bantam.ch\/wp-content\/uploads\/2022\/12\/bantam-logo.png","contentUrl":"https:\/\/shop.bantam.ch\/wp-content\/uploads\/2022\/12\/bantam-logo.png","width":320,"height":71,"caption":"Bantam Camping AG"},"image":{"@id":"https:\/\/shop.bantam.ch\/de\/#\/schema\/logo\/image\/"}}]}},"_links":{"self":[{"href":"https:\/\/shop.bantam.ch\/de\/wp-json\/wp\/v2\/product\/230330","targetHints":{"allow":["GET"]}}],"collection":[{"href":"https:\/\/shop.bantam.ch\/de\/wp-json\/wp\/v2\/product"}],"about":[{"href":"https:\/\/shop.bantam.ch\/de\/wp-json\/wp\/v2\/types\/product"}],"wp:featuredmedia":[{"embeddable":true,"href":"https:\/\/shop.bantam.ch\/de\/wp-json\/wp\/v2\/media\/230322"}],"wp:attachment":[{"href":"https:\/\/shop.bantam.ch\/de\/wp-json\/wp\/v2\/media?parent=230330"}],"wp:term":[{"taxonomy":"product_featured_cat","embeddable":true,"href":"https:\/\/shop.bantam.ch\/de\/wp-json\/wp\/v2\/product_featured_cat?post=230330"},{"taxonomy":"product_brand","embeddable":true,"href":"https:\/\/shop.bantam.ch\/de\/wp-json\/wp\/v2\/product_brand?post=230330"},{"taxonomy":"product_cat","embeddable":true,"href":"https:\/\/shop.bantam.ch\/de\/wp-json\/wp\/v2\/product_cat?post=230330"},{"taxonomy":"product_tag","embeddable":true,"href":"https:\/\/shop.bantam.ch\/de\/wp-json\/wp\/v2\/product_tag?post=230330"}],"curies":[{"name":"wp","href":"https:\/\/api.w.org\/{rel}","templated":true}]}}