{"id":230246,"date":"2026-01-06T16:39:10","date_gmt":"2026-01-06T15:39:10","guid":{"rendered":"https:\/\/shop.bantam.ch\/produit\/as4-60-skew-gps-inkl-ssc-hd-steuermodul-receiverunabhaengig\/"},"modified":"2026-04-19T02:38:19","modified_gmt":"2026-04-19T00:38:19","slug":"as4-60-skew-gps-inkl-ssc-hd-steuermodul-receiverunabhaengig","status":"publish","type":"product","link":"https:\/\/shop.bantam.ch\/de\/produkt\/as4-60-skew-gps-inkl-ssc-hd-steuermodul-receiverunabhaengig\/","title":{"rendered":"AS4@ 60 SKEW \/ GPS inkl. SSC HD-Steuermodul (receiverunabh\u00e4ngig)"},"content":{"rendered":"<p><!--StartFragment --><\/p>\n<p>AS4@ SKEW \u2013 die Referenz in Zuverl\u00e4ssigkeit<\/p>\n<p>Die AS4@ HD Serie steht f\u00fcr High-End-Qualit\u00e4t und bietet eine lebenslange Garantie* auf die Motoreinheiten. Sie z\u00e4hlt zu den schnellsten, leisesten und stromsparendsten Antennen am Markt.<\/p>\n<p>Der entscheidende Unterschied zur AS2 liegt in der nochmals h\u00f6heren Drehgeschwindigkeit. Zus\u00e4tzlich ist die AS4 serienm\u00e4\u00dfig mit dem ALDEN SKEWmatic System ausgestattet. Durch AutoSKEW und GPS wird der Empfang an den R\u00e4ndern der Ausleuchtzonen automatisch optimiert \u2013 f\u00fcr maximale Reichweite und stets perfekten Empfang.<\/p>\n<p>Im Lieferumfang enthalten ist au\u00dferdem eine separate, vollwertige 5G \/ WiFi Antenne, die den aktuellen 5G-Standard unterst\u00fctzt und so f\u00fcr eine stabile und schnelle Internetverbindung sorgt.<\/p>\n<p>Highlights:<\/p>\n<ul>\n<li>Lebenslange Garantie* auf die Motoreinheit<\/li>\n<li>High-End Qualit\u00e4t \u2013 schnell, leise und stromsparend<\/li>\n<li>Bemerkenswert schnelle Ausrichtung<\/li>\n<li>Serienm\u00e4\u00dfig mit ALDEN SKEWmatic (AutoSKEW + GPS)<\/li>\n<li>Separate 5G \/ WiFi Antenne im Lieferumfang enthalten<\/li>\n<li>Gr\u00f6\u00dfen: 60 cm oder 80 cm | Farbe: Wei\u00df<\/li>\n<\/ul>\n<p>&nbsp;<\/p>\n<p>Lieferumfang: inklusive SAT- Antennen Au\u00dfeneinheit, 5G \/ Wifi ext. Antenne (wei\u00df), SSC HD-Steuermodul, 12 Volt Anschlusskabel, Klebeset mit Haftvermittler, Montageanleitung und Bedienungsanleitung.<\/p>\n<p><!--EndFragment --><\/p>\n","protected":false},"excerpt":{"rendered":"<p>AS4@ SKEW \u2013 die Referenz in Zuverl\u00e4ssigkeit Die AS4@ HD Serie steht f\u00fcr High-End-Qualit\u00e4t und bietet eine lebenslange Garantie* auf die Motoreinheiten. Sie z\u00e4hlt zu den schnellsten, leisesten und stromsparendsten Antennen am Markt. Der entscheidende Unterschied zur AS2 liegt in der nochmals h\u00f6heren Drehgeschwindigkeit. Zus\u00e4tzlich ist die AS4 serienm\u00e4\u00dfig mit dem ALDEN SKEWmatic System ausgestattet. [&hellip;]<\/p>\n","protected":false},"featured_media":230242,"template":"","meta":{"_acf_changed":false},"product_featured_cat":[],"product_brand":[],"product_cat":[4524],"product_tag":[],"class_list":{"0":"post-230246","1":"product","2":"type-product","3":"status-publish","4":"has-post-thumbnail","6":"product_cat-sat-anlagen","8":"first","9":"instock","10":"taxable","11":"shipping-taxable","12":"purchasable","13":"product-type-variable"},"acf":[],"yoast_head":"<!-- This site is optimized with the Yoast SEO plugin v27.4 - https:\/\/yoast.com\/product\/yoast-seo-wordpress\/ -->\n<title>AS4@ 60 SKEW \/ GPS inkl. SSC HD-Steuermodul (receiverunabh\u00e4ngig) - Bantam Camping AG<\/title>\n<meta name=\"robots\" content=\"index, follow, max-snippet:-1, max-image-preview:large, max-video-preview:-1\" \/>\n<link rel=\"canonical\" href=\"https:\/\/shop.bantam.ch\/de\/produkt\/as4-60-skew-gps-inkl-ssc-hd-steuermodul-receiverunabhaengig\/\" \/>\n<meta property=\"og:locale\" content=\"de_DE\" \/>\n<meta property=\"og:type\" content=\"article\" \/>\n<meta property=\"og:title\" content=\"AS4@ 60 SKEW \/ GPS inkl. SSC HD-Steuermodul (receiverunabh\u00e4ngig) - Bantam Camping AG\" \/>\n<meta property=\"og:description\" content=\"AS4@ SKEW \u2013 die Referenz in Zuverl\u00e4ssigkeit Die AS4@ HD Serie steht f\u00fcr High-End-Qualit\u00e4t und bietet eine lebenslange Garantie* auf die Motoreinheiten. Sie z\u00e4hlt zu den schnellsten, leisesten und stromsparendsten Antennen am Markt. Der entscheidende Unterschied zur AS2 liegt in der nochmals h\u00f6heren Drehgeschwindigkeit. Zus\u00e4tzlich ist die AS4 serienm\u00e4\u00dfig mit dem ALDEN SKEWmatic System ausgestattet. [&hellip;]\" \/>\n<meta property=\"og:url\" content=\"https:\/\/shop.bantam.ch\/de\/produkt\/as4-60-skew-gps-inkl-ssc-hd-steuermodul-receiverunabhaengig\/\" \/>\n<meta property=\"og:site_name\" content=\"Bantam Camping AG\" \/>\n<meta property=\"article:modified_time\" content=\"2026-04-19T00:38:19+00:00\" \/>\n<meta name=\"twitter:card\" content=\"summary_large_image\" \/>\n<meta name=\"twitter:label1\" content=\"Gesch\u00e4tzte Lesezeit\" \/>\n\t<meta name=\"twitter:data1\" content=\"1\u00a0Minute\" \/>\n<script type=\"application\/ld+json\" class=\"yoast-schema-graph\">{\"@context\":\"https:\\\/\\\/schema.org\",\"@graph\":[{\"@type\":\"WebPage\",\"@id\":\"https:\\\/\\\/shop.bantam.ch\\\/de\\\/produkt\\\/as4-60-skew-gps-inkl-ssc-hd-steuermodul-receiverunabhaengig\\\/\",\"url\":\"https:\\\/\\\/shop.bantam.ch\\\/de\\\/produkt\\\/as4-60-skew-gps-inkl-ssc-hd-steuermodul-receiverunabhaengig\\\/\",\"name\":\"AS4@ 60 SKEW \\\/ GPS inkl. SSC HD-Steuermodul (receiverunabh\u00e4ngig) - Bantam Camping AG\",\"isPartOf\":{\"@id\":\"https:\\\/\\\/shop.bantam.ch\\\/de\\\/#website\"},\"primaryImageOfPage\":{\"@id\":\"https:\\\/\\\/shop.bantam.ch\\\/de\\\/produkt\\\/as4-60-skew-gps-inkl-ssc-hd-steuermodul-receiverunabhaengig\\\/#primaryimage\"},\"image\":{\"@id\":\"https:\\\/\\\/shop.bantam.ch\\\/de\\\/produkt\\\/as4-60-skew-gps-inkl-ssc-hd-steuermodul-receiverunabhaengig\\\/#primaryimage\"},\"thumbnailUrl\":\"https:\\\/\\\/shop.bantam.ch\\\/wp-content\\\/uploads\\\/2026\\\/01\\\/Movera-L-9976171100.png\",\"datePublished\":\"2026-01-06T15:39:10+00:00\",\"dateModified\":\"2026-04-19T00:38:19+00:00\",\"breadcrumb\":{\"@id\":\"https:\\\/\\\/shop.bantam.ch\\\/de\\\/produkt\\\/as4-60-skew-gps-inkl-ssc-hd-steuermodul-receiverunabhaengig\\\/#breadcrumb\"},\"inLanguage\":\"de\",\"potentialAction\":[{\"@type\":\"ReadAction\",\"target\":[\"https:\\\/\\\/shop.bantam.ch\\\/de\\\/produkt\\\/as4-60-skew-gps-inkl-ssc-hd-steuermodul-receiverunabhaengig\\\/\"]}]},{\"@type\":\"ImageObject\",\"inLanguage\":\"de\",\"@id\":\"https:\\\/\\\/shop.bantam.ch\\\/de\\\/produkt\\\/as4-60-skew-gps-inkl-ssc-hd-steuermodul-receiverunabhaengig\\\/#primaryimage\",\"url\":\"https:\\\/\\\/shop.bantam.ch\\\/wp-content\\\/uploads\\\/2026\\\/01\\\/Movera-L-9976171100.png\",\"contentUrl\":\"https:\\\/\\\/shop.bantam.ch\\\/wp-content\\\/uploads\\\/2026\\\/01\\\/Movera-L-9976171100.png\",\"width\":640,\"height\":640},{\"@type\":\"BreadcrumbList\",\"@id\":\"https:\\\/\\\/shop.bantam.ch\\\/de\\\/produkt\\\/as4-60-skew-gps-inkl-ssc-hd-steuermodul-receiverunabhaengig\\\/#breadcrumb\",\"itemListElement\":[{\"@type\":\"ListItem\",\"position\":1,\"name\":\"Accueil\",\"item\":\"https:\\\/\\\/shop.bantam.ch\\\/de\\\/\"},{\"@type\":\"ListItem\",\"position\":2,\"name\":\"Shop\",\"item\":\"https:\\\/\\\/shop.bantam.ch\\\/de\\\/shop\\\/\"},{\"@type\":\"ListItem\",\"position\":3,\"name\":\"AS4@ 60 SKEW \\\/ GPS inkl. SSC HD-Steuermodul (receiverunabh\u00e4ngig)\"}]},{\"@type\":\"WebSite\",\"@id\":\"https:\\\/\\\/shop.bantam.ch\\\/de\\\/#website\",\"url\":\"https:\\\/\\\/shop.bantam.ch\\\/de\\\/\",\"name\":\"Bantam Camping AG\",\"description\":\"\",\"publisher\":{\"@id\":\"https:\\\/\\\/shop.bantam.ch\\\/de\\\/#organization\"},\"inLanguage\":\"de\"},{\"@type\":\"Organization\",\"@id\":\"https:\\\/\\\/shop.bantam.ch\\\/de\\\/#organization\",\"name\":\"Bantam Camping AG\",\"url\":\"https:\\\/\\\/shop.bantam.ch\\\/de\\\/\",\"logo\":{\"@type\":\"ImageObject\",\"inLanguage\":\"de\",\"@id\":\"https:\\\/\\\/shop.bantam.ch\\\/de\\\/#\\\/schema\\\/logo\\\/image\\\/\",\"url\":\"https:\\\/\\\/shop.bantam.ch\\\/wp-content\\\/uploads\\\/2022\\\/12\\\/bantam-logo.png\",\"contentUrl\":\"https:\\\/\\\/shop.bantam.ch\\\/wp-content\\\/uploads\\\/2022\\\/12\\\/bantam-logo.png\",\"width\":320,\"height\":71,\"caption\":\"Bantam Camping AG\"},\"image\":{\"@id\":\"https:\\\/\\\/shop.bantam.ch\\\/de\\\/#\\\/schema\\\/logo\\\/image\\\/\"}}]}<\/script>\n<!-- \/ Yoast SEO plugin. -->","yoast_head_json":{"title":"AS4@ 60 SKEW \/ GPS inkl. SSC HD-Steuermodul (receiverunabh\u00e4ngig) - Bantam Camping AG","robots":{"index":"index","follow":"follow","max-snippet":"max-snippet:-1","max-image-preview":"max-image-preview:large","max-video-preview":"max-video-preview:-1"},"canonical":"https:\/\/shop.bantam.ch\/de\/produkt\/as4-60-skew-gps-inkl-ssc-hd-steuermodul-receiverunabhaengig\/","og_locale":"de_DE","og_type":"article","og_title":"AS4@ 60 SKEW \/ GPS inkl. SSC HD-Steuermodul (receiverunabh\u00e4ngig) - Bantam Camping AG","og_description":"AS4@ SKEW \u2013 die Referenz in Zuverl\u00e4ssigkeit Die AS4@ HD Serie steht f\u00fcr High-End-Qualit\u00e4t und bietet eine lebenslange Garantie* auf die Motoreinheiten. Sie z\u00e4hlt zu den schnellsten, leisesten und stromsparendsten Antennen am Markt. Der entscheidende Unterschied zur AS2 liegt in der nochmals h\u00f6heren Drehgeschwindigkeit. Zus\u00e4tzlich ist die AS4 serienm\u00e4\u00dfig mit dem ALDEN SKEWmatic System ausgestattet. [&hellip;]","og_url":"https:\/\/shop.bantam.ch\/de\/produkt\/as4-60-skew-gps-inkl-ssc-hd-steuermodul-receiverunabhaengig\/","og_site_name":"Bantam Camping AG","article_modified_time":"2026-04-19T00:38:19+00:00","twitter_card":"summary_large_image","twitter_misc":{"Gesch\u00e4tzte Lesezeit":"1\u00a0Minute"},"schema":{"@context":"https:\/\/schema.org","@graph":[{"@type":"WebPage","@id":"https:\/\/shop.bantam.ch\/de\/produkt\/as4-60-skew-gps-inkl-ssc-hd-steuermodul-receiverunabhaengig\/","url":"https:\/\/shop.bantam.ch\/de\/produkt\/as4-60-skew-gps-inkl-ssc-hd-steuermodul-receiverunabhaengig\/","name":"AS4@ 60 SKEW \/ GPS inkl. SSC HD-Steuermodul (receiverunabh\u00e4ngig) - Bantam Camping AG","isPartOf":{"@id":"https:\/\/shop.bantam.ch\/de\/#website"},"primaryImageOfPage":{"@id":"https:\/\/shop.bantam.ch\/de\/produkt\/as4-60-skew-gps-inkl-ssc-hd-steuermodul-receiverunabhaengig\/#primaryimage"},"image":{"@id":"https:\/\/shop.bantam.ch\/de\/produkt\/as4-60-skew-gps-inkl-ssc-hd-steuermodul-receiverunabhaengig\/#primaryimage"},"thumbnailUrl":"https:\/\/shop.bantam.ch\/wp-content\/uploads\/2026\/01\/Movera-L-9976171100.png","datePublished":"2026-01-06T15:39:10+00:00","dateModified":"2026-04-19T00:38:19+00:00","breadcrumb":{"@id":"https:\/\/shop.bantam.ch\/de\/produkt\/as4-60-skew-gps-inkl-ssc-hd-steuermodul-receiverunabhaengig\/#breadcrumb"},"inLanguage":"de","potentialAction":[{"@type":"ReadAction","target":["https:\/\/shop.bantam.ch\/de\/produkt\/as4-60-skew-gps-inkl-ssc-hd-steuermodul-receiverunabhaengig\/"]}]},{"@type":"ImageObject","inLanguage":"de","@id":"https:\/\/shop.bantam.ch\/de\/produkt\/as4-60-skew-gps-inkl-ssc-hd-steuermodul-receiverunabhaengig\/#primaryimage","url":"https:\/\/shop.bantam.ch\/wp-content\/uploads\/2026\/01\/Movera-L-9976171100.png","contentUrl":"https:\/\/shop.bantam.ch\/wp-content\/uploads\/2026\/01\/Movera-L-9976171100.png","width":640,"height":640},{"@type":"BreadcrumbList","@id":"https:\/\/shop.bantam.ch\/de\/produkt\/as4-60-skew-gps-inkl-ssc-hd-steuermodul-receiverunabhaengig\/#breadcrumb","itemListElement":[{"@type":"ListItem","position":1,"name":"Accueil","item":"https:\/\/shop.bantam.ch\/de\/"},{"@type":"ListItem","position":2,"name":"Shop","item":"https:\/\/shop.bantam.ch\/de\/shop\/"},{"@type":"ListItem","position":3,"name":"AS4@ 60 SKEW \/ GPS inkl. SSC HD-Steuermodul (receiverunabh\u00e4ngig)"}]},{"@type":"WebSite","@id":"https:\/\/shop.bantam.ch\/de\/#website","url":"https:\/\/shop.bantam.ch\/de\/","name":"Bantam Camping AG","description":"","publisher":{"@id":"https:\/\/shop.bantam.ch\/de\/#organization"},"inLanguage":"de"},{"@type":"Organization","@id":"https:\/\/shop.bantam.ch\/de\/#organization","name":"Bantam Camping AG","url":"https:\/\/shop.bantam.ch\/de\/","logo":{"@type":"ImageObject","inLanguage":"de","@id":"https:\/\/shop.bantam.ch\/de\/#\/schema\/logo\/image\/","url":"https:\/\/shop.bantam.ch\/wp-content\/uploads\/2022\/12\/bantam-logo.png","contentUrl":"https:\/\/shop.bantam.ch\/wp-content\/uploads\/2022\/12\/bantam-logo.png","width":320,"height":71,"caption":"Bantam Camping AG"},"image":{"@id":"https:\/\/shop.bantam.ch\/de\/#\/schema\/logo\/image\/"}}]}},"_links":{"self":[{"href":"https:\/\/shop.bantam.ch\/de\/wp-json\/wp\/v2\/product\/230246","targetHints":{"allow":["GET"]}}],"collection":[{"href":"https:\/\/shop.bantam.ch\/de\/wp-json\/wp\/v2\/product"}],"about":[{"href":"https:\/\/shop.bantam.ch\/de\/wp-json\/wp\/v2\/types\/product"}],"wp:featuredmedia":[{"embeddable":true,"href":"https:\/\/shop.bantam.ch\/de\/wp-json\/wp\/v2\/media\/230242"}],"wp:attachment":[{"href":"https:\/\/shop.bantam.ch\/de\/wp-json\/wp\/v2\/media?parent=230246"}],"wp:term":[{"taxonomy":"product_featured_cat","embeddable":true,"href":"https:\/\/shop.bantam.ch\/de\/wp-json\/wp\/v2\/product_featured_cat?post=230246"},{"taxonomy":"product_brand","embeddable":true,"href":"https:\/\/shop.bantam.ch\/de\/wp-json\/wp\/v2\/product_brand?post=230246"},{"taxonomy":"product_cat","embeddable":true,"href":"https:\/\/shop.bantam.ch\/de\/wp-json\/wp\/v2\/product_cat?post=230246"},{"taxonomy":"product_tag","embeddable":true,"href":"https:\/\/shop.bantam.ch\/de\/wp-json\/wp\/v2\/product_tag?post=230246"}],"curies":[{"name":"wp","href":"https:\/\/api.w.org\/{rel}","templated":true}]}}