{"id":230208,"date":"2026-01-06T16:38:08","date_gmt":"2026-01-06T15:38:08","guid":{"rendered":"https:\/\/shop.bantam.ch\/produit\/as2-80-ssc-hd-steuermodul-receiverunabhaengig\/"},"modified":"2026-04-19T02:38:02","modified_gmt":"2026-04-19T00:38:02","slug":"as2-80-ssc-hd-steuermodul-receiverunabhaengig","status":"publish","type":"product","link":"https:\/\/shop.bantam.ch\/de\/produkt\/as2-80-ssc-hd-steuermodul-receiverunabhaengig\/","title":{"rendered":"AS2@ 80 \/ SSC HD-Steuermodul (receiverunabh\u00e4ngig)"},"content":{"rendered":"<p><!--StartFragment -->AS2@ 60 \/ 80<\/p>\n<p>Die AS2@ Serie von ALDEN vereint modernste Technik mit h\u00f6chster Qualit\u00e4t und bietet eine lebenslange Garantie* auf die Motoreinheit. Sie \u00fcberzeugt durch schnelle Ausrichtung, niedrigen Stromverbrauch und eine starke Empfangsreichweite mit dem 80er Spiegel. Erh\u00e4ltlich in 60 oder 80 cm, in Wei\u00df oder Platinum. Dank der vollintegrierten LTEasy4 Antenne (4G\/WiFi) genie\u00dfen Sie gleichzeitig perfekten Satellitenempfang und eine stabile Internetverbindung \u2013 ohne zus\u00e4tzliche Bohrungen.<\/p>\n<p>&nbsp;<\/p>\n<p>Highlights: AS2@<\/p>\n<ul>\n<li>Lebenslange Garantie* auf die Motoreinheit<\/li>\n<li>Schnelle Ausrichtung &amp; niedriger Stromverbrauch<\/li>\n<li>Gro\u00dfe Empfangsreichweite (80 cm Spiegel)<\/li>\n<li>Gr\u00f6\u00dfen: 60 cm oder 80 cm | Farben: Wei\u00df oder Platinum<\/li>\n<li>Vollintegrierte LTEasy4 Antenne (4G &amp; WiFi) in der Dachdurchf\u00fchrung<\/li>\n<li>Satellitenempfang &amp; Internet gleichzeitig<\/li>\n<\/ul>\n<p>&nbsp;<\/p>\n<p>Lieferunfang: inklusive SAT- Antennen Au\u00dfeneinheit, 4G \/ Wifi Antenne in der Dachdurchf\u00fchrung, SSC HD-Steuermodul, 12 Volt Anschlusskabel, Klebeset mit Haftvermittler, Montageanleitung und Bedienungsanleitung<\/p>\n<p><!--EndFragment --><\/p>\n","protected":false},"excerpt":{"rendered":"<p>AS2@ 60 \/ 80 Die AS2@ Serie von ALDEN vereint modernste Technik mit h\u00f6chster Qualit\u00e4t und bietet eine lebenslange Garantie* auf die Motoreinheit. Sie \u00fcberzeugt durch schnelle Ausrichtung, niedrigen Stromverbrauch und eine starke Empfangsreichweite mit dem 80er Spiegel. Erh\u00e4ltlich in 60 oder 80 cm, in Wei\u00df oder Platinum. Dank der vollintegrierten LTEasy4 Antenne (4G\/WiFi) genie\u00dfen [&hellip;]<\/p>\n","protected":false},"featured_media":230204,"template":"","meta":{"_acf_changed":false},"product_featured_cat":[],"product_brand":[],"product_cat":[4524],"product_tag":[],"class_list":{"0":"post-230208","1":"product","2":"type-product","3":"status-publish","4":"has-post-thumbnail","6":"product_cat-sat-anlagen","8":"first","9":"instock","10":"taxable","11":"shipping-taxable","12":"purchasable","13":"product-type-variable"},"acf":[],"yoast_head":"<!-- This site is optimized with the Yoast SEO plugin v27.4 - https:\/\/yoast.com\/product\/yoast-seo-wordpress\/ -->\n<title>AS2@ 80 \/ SSC HD-Steuermodul (receiverunabh\u00e4ngig) - Bantam Camping AG<\/title>\n<meta name=\"robots\" content=\"index, follow, max-snippet:-1, max-image-preview:large, max-video-preview:-1\" \/>\n<link rel=\"canonical\" href=\"https:\/\/shop.bantam.ch\/de\/produkt\/as2-80-ssc-hd-steuermodul-receiverunabhaengig\/\" \/>\n<meta property=\"og:locale\" content=\"de_DE\" \/>\n<meta property=\"og:type\" content=\"article\" \/>\n<meta property=\"og:title\" content=\"AS2@ 80 \/ SSC HD-Steuermodul (receiverunabh\u00e4ngig) - Bantam Camping AG\" \/>\n<meta property=\"og:description\" content=\"AS2@ 60 \/ 80 Die AS2@ Serie von ALDEN vereint modernste Technik mit h\u00f6chster Qualit\u00e4t und bietet eine lebenslange Garantie* auf die Motoreinheit. Sie \u00fcberzeugt durch schnelle Ausrichtung, niedrigen Stromverbrauch und eine starke Empfangsreichweite mit dem 80er Spiegel. Erh\u00e4ltlich in 60 oder 80 cm, in Wei\u00df oder Platinum. Dank der vollintegrierten LTEasy4 Antenne (4G\/WiFi) genie\u00dfen [&hellip;]\" \/>\n<meta property=\"og:url\" content=\"https:\/\/shop.bantam.ch\/de\/produkt\/as2-80-ssc-hd-steuermodul-receiverunabhaengig\/\" \/>\n<meta property=\"og:site_name\" content=\"Bantam Camping AG\" \/>\n<meta property=\"article:modified_time\" content=\"2026-04-19T00:38:02+00:00\" \/>\n<meta name=\"twitter:card\" content=\"summary_large_image\" \/>\n<meta name=\"twitter:label1\" content=\"Gesch\u00e4tzte Lesezeit\" \/>\n\t<meta name=\"twitter:data1\" content=\"1\u00a0Minute\" \/>\n<script type=\"application\/ld+json\" class=\"yoast-schema-graph\">{\"@context\":\"https:\\\/\\\/schema.org\",\"@graph\":[{\"@type\":\"WebPage\",\"@id\":\"https:\\\/\\\/shop.bantam.ch\\\/de\\\/produkt\\\/as2-80-ssc-hd-steuermodul-receiverunabhaengig\\\/\",\"url\":\"https:\\\/\\\/shop.bantam.ch\\\/de\\\/produkt\\\/as2-80-ssc-hd-steuermodul-receiverunabhaengig\\\/\",\"name\":\"AS2@ 80 \\\/ SSC HD-Steuermodul (receiverunabh\u00e4ngig) - Bantam Camping AG\",\"isPartOf\":{\"@id\":\"https:\\\/\\\/shop.bantam.ch\\\/de\\\/#website\"},\"primaryImageOfPage\":{\"@id\":\"https:\\\/\\\/shop.bantam.ch\\\/de\\\/produkt\\\/as2-80-ssc-hd-steuermodul-receiverunabhaengig\\\/#primaryimage\"},\"image\":{\"@id\":\"https:\\\/\\\/shop.bantam.ch\\\/de\\\/produkt\\\/as2-80-ssc-hd-steuermodul-receiverunabhaengig\\\/#primaryimage\"},\"thumbnailUrl\":\"https:\\\/\\\/shop.bantam.ch\\\/wp-content\\\/uploads\\\/2026\\\/01\\\/Movera-L-9976157100.jpg\",\"datePublished\":\"2026-01-06T15:38:08+00:00\",\"dateModified\":\"2026-04-19T00:38:02+00:00\",\"breadcrumb\":{\"@id\":\"https:\\\/\\\/shop.bantam.ch\\\/de\\\/produkt\\\/as2-80-ssc-hd-steuermodul-receiverunabhaengig\\\/#breadcrumb\"},\"inLanguage\":\"de\",\"potentialAction\":[{\"@type\":\"ReadAction\",\"target\":[\"https:\\\/\\\/shop.bantam.ch\\\/de\\\/produkt\\\/as2-80-ssc-hd-steuermodul-receiverunabhaengig\\\/\"]}]},{\"@type\":\"ImageObject\",\"inLanguage\":\"de\",\"@id\":\"https:\\\/\\\/shop.bantam.ch\\\/de\\\/produkt\\\/as2-80-ssc-hd-steuermodul-receiverunabhaengig\\\/#primaryimage\",\"url\":\"https:\\\/\\\/shop.bantam.ch\\\/wp-content\\\/uploads\\\/2026\\\/01\\\/Movera-L-9976157100.jpg\",\"contentUrl\":\"https:\\\/\\\/shop.bantam.ch\\\/wp-content\\\/uploads\\\/2026\\\/01\\\/Movera-L-9976157100.jpg\",\"width\":640,\"height\":666},{\"@type\":\"BreadcrumbList\",\"@id\":\"https:\\\/\\\/shop.bantam.ch\\\/de\\\/produkt\\\/as2-80-ssc-hd-steuermodul-receiverunabhaengig\\\/#breadcrumb\",\"itemListElement\":[{\"@type\":\"ListItem\",\"position\":1,\"name\":\"Accueil\",\"item\":\"https:\\\/\\\/shop.bantam.ch\\\/de\\\/\"},{\"@type\":\"ListItem\",\"position\":2,\"name\":\"Shop\",\"item\":\"https:\\\/\\\/shop.bantam.ch\\\/de\\\/shop\\\/\"},{\"@type\":\"ListItem\",\"position\":3,\"name\":\"AS2@ 80 \\\/ SSC HD-Steuermodul (receiverunabh\u00e4ngig)\"}]},{\"@type\":\"WebSite\",\"@id\":\"https:\\\/\\\/shop.bantam.ch\\\/de\\\/#website\",\"url\":\"https:\\\/\\\/shop.bantam.ch\\\/de\\\/\",\"name\":\"Bantam Camping AG\",\"description\":\"\",\"publisher\":{\"@id\":\"https:\\\/\\\/shop.bantam.ch\\\/de\\\/#organization\"},\"inLanguage\":\"de\"},{\"@type\":\"Organization\",\"@id\":\"https:\\\/\\\/shop.bantam.ch\\\/de\\\/#organization\",\"name\":\"Bantam Camping AG\",\"url\":\"https:\\\/\\\/shop.bantam.ch\\\/de\\\/\",\"logo\":{\"@type\":\"ImageObject\",\"inLanguage\":\"de\",\"@id\":\"https:\\\/\\\/shop.bantam.ch\\\/de\\\/#\\\/schema\\\/logo\\\/image\\\/\",\"url\":\"https:\\\/\\\/shop.bantam.ch\\\/wp-content\\\/uploads\\\/2022\\\/12\\\/bantam-logo.png\",\"contentUrl\":\"https:\\\/\\\/shop.bantam.ch\\\/wp-content\\\/uploads\\\/2022\\\/12\\\/bantam-logo.png\",\"width\":320,\"height\":71,\"caption\":\"Bantam Camping AG\"},\"image\":{\"@id\":\"https:\\\/\\\/shop.bantam.ch\\\/de\\\/#\\\/schema\\\/logo\\\/image\\\/\"}}]}<\/script>\n<!-- \/ Yoast SEO plugin. -->","yoast_head_json":{"title":"AS2@ 80 \/ SSC HD-Steuermodul (receiverunabh\u00e4ngig) - Bantam Camping AG","robots":{"index":"index","follow":"follow","max-snippet":"max-snippet:-1","max-image-preview":"max-image-preview:large","max-video-preview":"max-video-preview:-1"},"canonical":"https:\/\/shop.bantam.ch\/de\/produkt\/as2-80-ssc-hd-steuermodul-receiverunabhaengig\/","og_locale":"de_DE","og_type":"article","og_title":"AS2@ 80 \/ SSC HD-Steuermodul (receiverunabh\u00e4ngig) - Bantam Camping AG","og_description":"AS2@ 60 \/ 80 Die AS2@ Serie von ALDEN vereint modernste Technik mit h\u00f6chster Qualit\u00e4t und bietet eine lebenslange Garantie* auf die Motoreinheit. Sie \u00fcberzeugt durch schnelle Ausrichtung, niedrigen Stromverbrauch und eine starke Empfangsreichweite mit dem 80er Spiegel. Erh\u00e4ltlich in 60 oder 80 cm, in Wei\u00df oder Platinum. Dank der vollintegrierten LTEasy4 Antenne (4G\/WiFi) genie\u00dfen [&hellip;]","og_url":"https:\/\/shop.bantam.ch\/de\/produkt\/as2-80-ssc-hd-steuermodul-receiverunabhaengig\/","og_site_name":"Bantam Camping AG","article_modified_time":"2026-04-19T00:38:02+00:00","twitter_card":"summary_large_image","twitter_misc":{"Gesch\u00e4tzte Lesezeit":"1\u00a0Minute"},"schema":{"@context":"https:\/\/schema.org","@graph":[{"@type":"WebPage","@id":"https:\/\/shop.bantam.ch\/de\/produkt\/as2-80-ssc-hd-steuermodul-receiverunabhaengig\/","url":"https:\/\/shop.bantam.ch\/de\/produkt\/as2-80-ssc-hd-steuermodul-receiverunabhaengig\/","name":"AS2@ 80 \/ SSC HD-Steuermodul (receiverunabh\u00e4ngig) - Bantam Camping AG","isPartOf":{"@id":"https:\/\/shop.bantam.ch\/de\/#website"},"primaryImageOfPage":{"@id":"https:\/\/shop.bantam.ch\/de\/produkt\/as2-80-ssc-hd-steuermodul-receiverunabhaengig\/#primaryimage"},"image":{"@id":"https:\/\/shop.bantam.ch\/de\/produkt\/as2-80-ssc-hd-steuermodul-receiverunabhaengig\/#primaryimage"},"thumbnailUrl":"https:\/\/shop.bantam.ch\/wp-content\/uploads\/2026\/01\/Movera-L-9976157100.jpg","datePublished":"2026-01-06T15:38:08+00:00","dateModified":"2026-04-19T00:38:02+00:00","breadcrumb":{"@id":"https:\/\/shop.bantam.ch\/de\/produkt\/as2-80-ssc-hd-steuermodul-receiverunabhaengig\/#breadcrumb"},"inLanguage":"de","potentialAction":[{"@type":"ReadAction","target":["https:\/\/shop.bantam.ch\/de\/produkt\/as2-80-ssc-hd-steuermodul-receiverunabhaengig\/"]}]},{"@type":"ImageObject","inLanguage":"de","@id":"https:\/\/shop.bantam.ch\/de\/produkt\/as2-80-ssc-hd-steuermodul-receiverunabhaengig\/#primaryimage","url":"https:\/\/shop.bantam.ch\/wp-content\/uploads\/2026\/01\/Movera-L-9976157100.jpg","contentUrl":"https:\/\/shop.bantam.ch\/wp-content\/uploads\/2026\/01\/Movera-L-9976157100.jpg","width":640,"height":666},{"@type":"BreadcrumbList","@id":"https:\/\/shop.bantam.ch\/de\/produkt\/as2-80-ssc-hd-steuermodul-receiverunabhaengig\/#breadcrumb","itemListElement":[{"@type":"ListItem","position":1,"name":"Accueil","item":"https:\/\/shop.bantam.ch\/de\/"},{"@type":"ListItem","position":2,"name":"Shop","item":"https:\/\/shop.bantam.ch\/de\/shop\/"},{"@type":"ListItem","position":3,"name":"AS2@ 80 \/ SSC HD-Steuermodul (receiverunabh\u00e4ngig)"}]},{"@type":"WebSite","@id":"https:\/\/shop.bantam.ch\/de\/#website","url":"https:\/\/shop.bantam.ch\/de\/","name":"Bantam Camping AG","description":"","publisher":{"@id":"https:\/\/shop.bantam.ch\/de\/#organization"},"inLanguage":"de"},{"@type":"Organization","@id":"https:\/\/shop.bantam.ch\/de\/#organization","name":"Bantam Camping AG","url":"https:\/\/shop.bantam.ch\/de\/","logo":{"@type":"ImageObject","inLanguage":"de","@id":"https:\/\/shop.bantam.ch\/de\/#\/schema\/logo\/image\/","url":"https:\/\/shop.bantam.ch\/wp-content\/uploads\/2022\/12\/bantam-logo.png","contentUrl":"https:\/\/shop.bantam.ch\/wp-content\/uploads\/2022\/12\/bantam-logo.png","width":320,"height":71,"caption":"Bantam Camping AG"},"image":{"@id":"https:\/\/shop.bantam.ch\/de\/#\/schema\/logo\/image\/"}}]}},"_links":{"self":[{"href":"https:\/\/shop.bantam.ch\/de\/wp-json\/wp\/v2\/product\/230208","targetHints":{"allow":["GET"]}}],"collection":[{"href":"https:\/\/shop.bantam.ch\/de\/wp-json\/wp\/v2\/product"}],"about":[{"href":"https:\/\/shop.bantam.ch\/de\/wp-json\/wp\/v2\/types\/product"}],"wp:featuredmedia":[{"embeddable":true,"href":"https:\/\/shop.bantam.ch\/de\/wp-json\/wp\/v2\/media\/230204"}],"wp:attachment":[{"href":"https:\/\/shop.bantam.ch\/de\/wp-json\/wp\/v2\/media?parent=230208"}],"wp:term":[{"taxonomy":"product_featured_cat","embeddable":true,"href":"https:\/\/shop.bantam.ch\/de\/wp-json\/wp\/v2\/product_featured_cat?post=230208"},{"taxonomy":"product_brand","embeddable":true,"href":"https:\/\/shop.bantam.ch\/de\/wp-json\/wp\/v2\/product_brand?post=230208"},{"taxonomy":"product_cat","embeddable":true,"href":"https:\/\/shop.bantam.ch\/de\/wp-json\/wp\/v2\/product_cat?post=230208"},{"taxonomy":"product_tag","embeddable":true,"href":"https:\/\/shop.bantam.ch\/de\/wp-json\/wp\/v2\/product_tag?post=230208"}],"curies":[{"name":"wp","href":"https:\/\/api.w.org\/{rel}","templated":true}]}}