{"id":230118,"date":"2026-01-06T16:35:41","date_gmt":"2026-01-06T15:35:41","guid":{"rendered":"https:\/\/shop.bantam.ch\/produit\/beinauflage-passend-fuer-mercedes\/"},"modified":"2026-04-18T02:35:37","modified_gmt":"2026-04-18T00:35:37","slug":"beinauflage-passend-fuer-mercedes","status":"publish","type":"product","link":"https:\/\/shop.bantam.ch\/de\/produkt\/beinauflage-passend-fuer-mercedes\/","title":{"rendered":"Beinauflage passend f\u00fcr Mercedes"},"content":{"rendered":"<p>Machen Sie aus Ihrem Beifahrersitz einen Fernseh- oder Lesesessel! Erleben Sie ultimativen Komfort auf Reisen mit der neuen Beinauflage!<br \/>\nViele Fahrzeuge haben einen Absatz an der Sitzgruppe. Wenn der Beifahrersitz gedreht wird, baumeln die Beine oft in der Luft, dies geh\u00f6rt dank unserer Beinauflage der Vergangenheit an. Schnelle und einfache Montage: Die Aufnahme der Beinauflage wird einmalig unter dem Sitz montiert und verbleibt dort.<br \/>\nDie Beinauflage ist in sechs verschiedenen Positionen nutzbar und kann bei Bedarf ausgezogen werden, sie kann einfach ausgeh\u00e4ngt werden, wenn sie nicht ben\u00f6tigt wird. Die maximale Belastung betr\u00e4gt 30 kg. W\u00e4hrend der Fahrt kann die Beinauflage bequem und sicher mittels des mitgelieferten Gurtbands am Beifahrersitz befestigt werden.&nbsp;<br \/>\nBitte beachten Sie, dass die Beinauflage w\u00e4hrend der Fahrt abgebaut werden muss, um eine sichere Fahrt zu gew\u00e4hrleisten.<br \/>\nAchtung: nur passend f\u00fcr Original-Sitz (MB\/Fiat)!<br \/>\n&nbsp;<\/p>\n","protected":false},"excerpt":{"rendered":"<p>Machen Sie aus Ihrem Beifahrersitz einen Fernseh- oder Lesesessel! Erleben Sie ultimativen Komfort auf Reisen mit der neuen Beinauflage! Viele Fahrzeuge haben einen Absatz an der Sitzgruppe. Wenn der Beifahrersitz gedreht wird, baumeln die Beine oft in der Luft, dies geh\u00f6rt dank unserer Beinauflage der Vergangenheit an. Schnelle und einfache Montage: Die Aufnahme der Beinauflage [&hellip;]<\/p>\n","protected":false},"featured_media":230102,"template":"","meta":{"_acf_changed":false},"product_featured_cat":[],"product_brand":[],"product_cat":[4974,4766],"product_tag":[],"class_list":{"0":"post-230118","1":"product","2":"type-product","3":"status-publish","4":"has-post-thumbnail","6":"product_cat-beinauflagen","7":"product_cat-sitzbezuege","9":"first","10":"instock","11":"taxable","12":"shipping-taxable","13":"purchasable","14":"product-type-variable"},"acf":[],"yoast_head":"<!-- This site is optimized with the Yoast SEO plugin v27.4 - https:\/\/yoast.com\/product\/yoast-seo-wordpress\/ -->\n<title>Beinauflage passend f\u00fcr Mercedes - Bantam Camping AG<\/title>\n<meta name=\"robots\" content=\"index, follow, max-snippet:-1, max-image-preview:large, max-video-preview:-1\" \/>\n<link rel=\"canonical\" href=\"https:\/\/shop.bantam.ch\/de\/produkt\/beinauflage-passend-fuer-mercedes\/\" \/>\n<meta property=\"og:locale\" content=\"de_DE\" \/>\n<meta property=\"og:type\" content=\"article\" \/>\n<meta property=\"og:title\" content=\"Beinauflage passend f\u00fcr Mercedes - Bantam Camping AG\" \/>\n<meta property=\"og:description\" content=\"Machen Sie aus Ihrem Beifahrersitz einen Fernseh- oder Lesesessel! Erleben Sie ultimativen Komfort auf Reisen mit der neuen Beinauflage! Viele Fahrzeuge haben einen Absatz an der Sitzgruppe. Wenn der Beifahrersitz gedreht wird, baumeln die Beine oft in der Luft, dies geh\u00f6rt dank unserer Beinauflage der Vergangenheit an. Schnelle und einfache Montage: Die Aufnahme der Beinauflage [&hellip;]\" \/>\n<meta property=\"og:url\" content=\"https:\/\/shop.bantam.ch\/de\/produkt\/beinauflage-passend-fuer-mercedes\/\" \/>\n<meta property=\"og:site_name\" content=\"Bantam Camping AG\" \/>\n<meta property=\"article:modified_time\" content=\"2026-04-18T00:35:37+00:00\" \/>\n<meta name=\"twitter:card\" content=\"summary_large_image\" \/>\n<meta name=\"twitter:label1\" content=\"Gesch\u00e4tzte Lesezeit\" \/>\n\t<meta name=\"twitter:data1\" content=\"1\u00a0Minute\" \/>\n<script type=\"application\/ld+json\" class=\"yoast-schema-graph\">{\"@context\":\"https:\\\/\\\/schema.org\",\"@graph\":[{\"@type\":\"WebPage\",\"@id\":\"https:\\\/\\\/shop.bantam.ch\\\/de\\\/produkt\\\/beinauflage-passend-fuer-mercedes\\\/\",\"url\":\"https:\\\/\\\/shop.bantam.ch\\\/de\\\/produkt\\\/beinauflage-passend-fuer-mercedes\\\/\",\"name\":\"Beinauflage passend f\u00fcr Mercedes - Bantam Camping AG\",\"isPartOf\":{\"@id\":\"https:\\\/\\\/shop.bantam.ch\\\/de\\\/#website\"},\"primaryImageOfPage\":{\"@id\":\"https:\\\/\\\/shop.bantam.ch\\\/de\\\/produkt\\\/beinauflage-passend-fuer-mercedes\\\/#primaryimage\"},\"image\":{\"@id\":\"https:\\\/\\\/shop.bantam.ch\\\/de\\\/produkt\\\/beinauflage-passend-fuer-mercedes\\\/#primaryimage\"},\"thumbnailUrl\":\"https:\\\/\\\/shop.bantam.ch\\\/wp-content\\\/uploads\\\/2026\\\/01\\\/Movera-L-9971758100.jpg\",\"datePublished\":\"2026-01-06T15:35:41+00:00\",\"dateModified\":\"2026-04-18T00:35:37+00:00\",\"breadcrumb\":{\"@id\":\"https:\\\/\\\/shop.bantam.ch\\\/de\\\/produkt\\\/beinauflage-passend-fuer-mercedes\\\/#breadcrumb\"},\"inLanguage\":\"de\",\"potentialAction\":[{\"@type\":\"ReadAction\",\"target\":[\"https:\\\/\\\/shop.bantam.ch\\\/de\\\/produkt\\\/beinauflage-passend-fuer-mercedes\\\/\"]}]},{\"@type\":\"ImageObject\",\"inLanguage\":\"de\",\"@id\":\"https:\\\/\\\/shop.bantam.ch\\\/de\\\/produkt\\\/beinauflage-passend-fuer-mercedes\\\/#primaryimage\",\"url\":\"https:\\\/\\\/shop.bantam.ch\\\/wp-content\\\/uploads\\\/2026\\\/01\\\/Movera-L-9971758100.jpg\",\"contentUrl\":\"https:\\\/\\\/shop.bantam.ch\\\/wp-content\\\/uploads\\\/2026\\\/01\\\/Movera-L-9971758100.jpg\",\"width\":640,\"height\":427},{\"@type\":\"BreadcrumbList\",\"@id\":\"https:\\\/\\\/shop.bantam.ch\\\/de\\\/produkt\\\/beinauflage-passend-fuer-mercedes\\\/#breadcrumb\",\"itemListElement\":[{\"@type\":\"ListItem\",\"position\":1,\"name\":\"Accueil\",\"item\":\"https:\\\/\\\/shop.bantam.ch\\\/de\\\/\"},{\"@type\":\"ListItem\",\"position\":2,\"name\":\"Shop\",\"item\":\"https:\\\/\\\/shop.bantam.ch\\\/de\\\/shop\\\/\"},{\"@type\":\"ListItem\",\"position\":3,\"name\":\"Beinauflage passend f\u00fcr Mercedes\"}]},{\"@type\":\"WebSite\",\"@id\":\"https:\\\/\\\/shop.bantam.ch\\\/de\\\/#website\",\"url\":\"https:\\\/\\\/shop.bantam.ch\\\/de\\\/\",\"name\":\"Bantam Camping AG\",\"description\":\"\",\"publisher\":{\"@id\":\"https:\\\/\\\/shop.bantam.ch\\\/de\\\/#organization\"},\"inLanguage\":\"de\"},{\"@type\":\"Organization\",\"@id\":\"https:\\\/\\\/shop.bantam.ch\\\/de\\\/#organization\",\"name\":\"Bantam Camping AG\",\"url\":\"https:\\\/\\\/shop.bantam.ch\\\/de\\\/\",\"logo\":{\"@type\":\"ImageObject\",\"inLanguage\":\"de\",\"@id\":\"https:\\\/\\\/shop.bantam.ch\\\/de\\\/#\\\/schema\\\/logo\\\/image\\\/\",\"url\":\"https:\\\/\\\/shop.bantam.ch\\\/wp-content\\\/uploads\\\/2022\\\/12\\\/bantam-logo.png\",\"contentUrl\":\"https:\\\/\\\/shop.bantam.ch\\\/wp-content\\\/uploads\\\/2022\\\/12\\\/bantam-logo.png\",\"width\":320,\"height\":71,\"caption\":\"Bantam Camping AG\"},\"image\":{\"@id\":\"https:\\\/\\\/shop.bantam.ch\\\/de\\\/#\\\/schema\\\/logo\\\/image\\\/\"}}]}<\/script>\n<!-- \/ Yoast SEO plugin. -->","yoast_head_json":{"title":"Beinauflage passend f\u00fcr Mercedes - Bantam Camping AG","robots":{"index":"index","follow":"follow","max-snippet":"max-snippet:-1","max-image-preview":"max-image-preview:large","max-video-preview":"max-video-preview:-1"},"canonical":"https:\/\/shop.bantam.ch\/de\/produkt\/beinauflage-passend-fuer-mercedes\/","og_locale":"de_DE","og_type":"article","og_title":"Beinauflage passend f\u00fcr Mercedes - Bantam Camping AG","og_description":"Machen Sie aus Ihrem Beifahrersitz einen Fernseh- oder Lesesessel! Erleben Sie ultimativen Komfort auf Reisen mit der neuen Beinauflage! Viele Fahrzeuge haben einen Absatz an der Sitzgruppe. Wenn der Beifahrersitz gedreht wird, baumeln die Beine oft in der Luft, dies geh\u00f6rt dank unserer Beinauflage der Vergangenheit an. Schnelle und einfache Montage: Die Aufnahme der Beinauflage [&hellip;]","og_url":"https:\/\/shop.bantam.ch\/de\/produkt\/beinauflage-passend-fuer-mercedes\/","og_site_name":"Bantam Camping AG","article_modified_time":"2026-04-18T00:35:37+00:00","twitter_card":"summary_large_image","twitter_misc":{"Gesch\u00e4tzte Lesezeit":"1\u00a0Minute"},"schema":{"@context":"https:\/\/schema.org","@graph":[{"@type":"WebPage","@id":"https:\/\/shop.bantam.ch\/de\/produkt\/beinauflage-passend-fuer-mercedes\/","url":"https:\/\/shop.bantam.ch\/de\/produkt\/beinauflage-passend-fuer-mercedes\/","name":"Beinauflage passend f\u00fcr Mercedes - Bantam Camping AG","isPartOf":{"@id":"https:\/\/shop.bantam.ch\/de\/#website"},"primaryImageOfPage":{"@id":"https:\/\/shop.bantam.ch\/de\/produkt\/beinauflage-passend-fuer-mercedes\/#primaryimage"},"image":{"@id":"https:\/\/shop.bantam.ch\/de\/produkt\/beinauflage-passend-fuer-mercedes\/#primaryimage"},"thumbnailUrl":"https:\/\/shop.bantam.ch\/wp-content\/uploads\/2026\/01\/Movera-L-9971758100.jpg","datePublished":"2026-01-06T15:35:41+00:00","dateModified":"2026-04-18T00:35:37+00:00","breadcrumb":{"@id":"https:\/\/shop.bantam.ch\/de\/produkt\/beinauflage-passend-fuer-mercedes\/#breadcrumb"},"inLanguage":"de","potentialAction":[{"@type":"ReadAction","target":["https:\/\/shop.bantam.ch\/de\/produkt\/beinauflage-passend-fuer-mercedes\/"]}]},{"@type":"ImageObject","inLanguage":"de","@id":"https:\/\/shop.bantam.ch\/de\/produkt\/beinauflage-passend-fuer-mercedes\/#primaryimage","url":"https:\/\/shop.bantam.ch\/wp-content\/uploads\/2026\/01\/Movera-L-9971758100.jpg","contentUrl":"https:\/\/shop.bantam.ch\/wp-content\/uploads\/2026\/01\/Movera-L-9971758100.jpg","width":640,"height":427},{"@type":"BreadcrumbList","@id":"https:\/\/shop.bantam.ch\/de\/produkt\/beinauflage-passend-fuer-mercedes\/#breadcrumb","itemListElement":[{"@type":"ListItem","position":1,"name":"Accueil","item":"https:\/\/shop.bantam.ch\/de\/"},{"@type":"ListItem","position":2,"name":"Shop","item":"https:\/\/shop.bantam.ch\/de\/shop\/"},{"@type":"ListItem","position":3,"name":"Beinauflage passend f\u00fcr Mercedes"}]},{"@type":"WebSite","@id":"https:\/\/shop.bantam.ch\/de\/#website","url":"https:\/\/shop.bantam.ch\/de\/","name":"Bantam Camping AG","description":"","publisher":{"@id":"https:\/\/shop.bantam.ch\/de\/#organization"},"inLanguage":"de"},{"@type":"Organization","@id":"https:\/\/shop.bantam.ch\/de\/#organization","name":"Bantam Camping AG","url":"https:\/\/shop.bantam.ch\/de\/","logo":{"@type":"ImageObject","inLanguage":"de","@id":"https:\/\/shop.bantam.ch\/de\/#\/schema\/logo\/image\/","url":"https:\/\/shop.bantam.ch\/wp-content\/uploads\/2022\/12\/bantam-logo.png","contentUrl":"https:\/\/shop.bantam.ch\/wp-content\/uploads\/2022\/12\/bantam-logo.png","width":320,"height":71,"caption":"Bantam Camping AG"},"image":{"@id":"https:\/\/shop.bantam.ch\/de\/#\/schema\/logo\/image\/"}}]}},"_links":{"self":[{"href":"https:\/\/shop.bantam.ch\/de\/wp-json\/wp\/v2\/product\/230118","targetHints":{"allow":["GET"]}}],"collection":[{"href":"https:\/\/shop.bantam.ch\/de\/wp-json\/wp\/v2\/product"}],"about":[{"href":"https:\/\/shop.bantam.ch\/de\/wp-json\/wp\/v2\/types\/product"}],"wp:featuredmedia":[{"embeddable":true,"href":"https:\/\/shop.bantam.ch\/de\/wp-json\/wp\/v2\/media\/230102"}],"wp:attachment":[{"href":"https:\/\/shop.bantam.ch\/de\/wp-json\/wp\/v2\/media?parent=230118"}],"wp:term":[{"taxonomy":"product_featured_cat","embeddable":true,"href":"https:\/\/shop.bantam.ch\/de\/wp-json\/wp\/v2\/product_featured_cat?post=230118"},{"taxonomy":"product_brand","embeddable":true,"href":"https:\/\/shop.bantam.ch\/de\/wp-json\/wp\/v2\/product_brand?post=230118"},{"taxonomy":"product_cat","embeddable":true,"href":"https:\/\/shop.bantam.ch\/de\/wp-json\/wp\/v2\/product_cat?post=230118"},{"taxonomy":"product_tag","embeddable":true,"href":"https:\/\/shop.bantam.ch\/de\/wp-json\/wp\/v2\/product_tag?post=230118"}],"curies":[{"name":"wp","href":"https:\/\/api.w.org\/{rel}","templated":true}]}}