{"id":230098,"date":"2026-01-06T16:35:20","date_gmt":"2026-01-06T15:35:20","guid":{"rendered":"https:\/\/shop.bantam.ch\/produit\/koaxialkabelset-quad-shield-120-inkl-2x-f-stecker-und-wetterschutz\/"},"modified":"2026-04-20T02:47:33","modified_gmt":"2026-04-20T00:47:33","slug":"koaxialkabelset-quad-shield-120-inkl-2x-f-stecker-und-wetterschutz","status":"publish","type":"product","link":"https:\/\/shop.bantam.ch\/de\/produkt\/koaxialkabelset-quad-shield-120-inkl-2x-f-stecker-und-wetterschutz\/","title":{"rendered":"Koaxialkabelset Quad Shield 120, inkl. 2x F-Stecker und Wetterschutz"},"content":{"rendered":"<p><!--StartFragment -->Die Megasat Koaxialkabel erf\u00fcllen h\u00f6chste Anforderungen und vereinen hervorragende elektrische Eigenschaften mit einem besonders hohen Schirmungsma\u00df. Permanente Qualit\u00e4tskontrollen nach internationalen Standards in Bezug auf Leistung, Sicherheit und Umweltvertr\u00e4glichkeit garantieren eine gleichbleibend hohe Produktqualit\u00e4t und lange Lebensdauer. Das Kabel entspricht der gesetzlichen Brandschutzklasse Eca und ist frei von gef\u00e4hrlichen Schadstoffen \u2013 ideal f\u00fcr den sicheren Einsatz im Innenbereich. Praktisch: Der Au\u00dfenmantel ist mit Metermarkierungen versehen, was eine einfache und pr\u00e4zise Abtrennung der gew\u00fcnschten Kabell\u00e4nge erm\u00f6glicht. Das Koaxialkabel-Set wird in einer bedruckten Kartonverpackung geliefert und enth\u00e4lt das hochwertige Quadshield 120. Es ist in verschiedenen L\u00e4ngen erh\u00e4ltlich (10, 20, 30 oder 50 Meter) und umfasst zwei F-Stecker sowie eine Gummit\u00fclle.<!--EndFragment --><\/p>\n","protected":false},"excerpt":{"rendered":"<p>Die Megasat Koaxialkabel erf\u00fcllen h\u00f6chste Anforderungen und vereinen hervorragende elektrische Eigenschaften mit einem besonders hohen Schirmungsma\u00df. Permanente Qualit\u00e4tskontrollen nach internationalen Standards in Bezug auf Leistung, Sicherheit und Umweltvertr\u00e4glichkeit garantieren eine gleichbleibend hohe Produktqualit\u00e4t und lange Lebensdauer. Das Kabel entspricht der gesetzlichen Brandschutzklasse Eca und ist frei von gef\u00e4hrlichen Schadstoffen \u2013 ideal f\u00fcr den sicheren Einsatz [&hellip;]<\/p>\n","protected":false},"featured_media":230088,"template":"","meta":{"_acf_changed":false},"product_featured_cat":[],"product_brand":[],"product_cat":[4070],"product_tag":[],"class_list":{"0":"post-230098","1":"product","2":"type-product","3":"status-publish","4":"has-post-thumbnail","6":"product_cat-fernseher","8":"first","9":"instock","10":"taxable","11":"shipping-taxable","12":"purchasable","13":"product-type-variable"},"acf":[],"yoast_head":"<!-- This site is optimized with the Yoast SEO plugin v27.4 - https:\/\/yoast.com\/product\/yoast-seo-wordpress\/ -->\n<title>Koaxialkabelset Quad Shield 120, inkl. 2x F-Stecker und Wetterschutz - Bantam Camping AG<\/title>\n<meta name=\"robots\" content=\"index, follow, max-snippet:-1, max-image-preview:large, max-video-preview:-1\" \/>\n<link rel=\"canonical\" href=\"https:\/\/shop.bantam.ch\/de\/produkt\/koaxialkabelset-quad-shield-120-inkl-2x-f-stecker-und-wetterschutz\/\" \/>\n<meta property=\"og:locale\" content=\"de_DE\" \/>\n<meta property=\"og:type\" content=\"article\" \/>\n<meta property=\"og:title\" content=\"Koaxialkabelset Quad Shield 120, inkl. 2x F-Stecker und Wetterschutz - Bantam Camping AG\" \/>\n<meta property=\"og:description\" content=\"Die Megasat Koaxialkabel erf\u00fcllen h\u00f6chste Anforderungen und vereinen hervorragende elektrische Eigenschaften mit einem besonders hohen Schirmungsma\u00df. Permanente Qualit\u00e4tskontrollen nach internationalen Standards in Bezug auf Leistung, Sicherheit und Umweltvertr\u00e4glichkeit garantieren eine gleichbleibend hohe Produktqualit\u00e4t und lange Lebensdauer. Das Kabel entspricht der gesetzlichen Brandschutzklasse Eca und ist frei von gef\u00e4hrlichen Schadstoffen \u2013 ideal f\u00fcr den sicheren Einsatz [&hellip;]\" \/>\n<meta property=\"og:url\" content=\"https:\/\/shop.bantam.ch\/de\/produkt\/koaxialkabelset-quad-shield-120-inkl-2x-f-stecker-und-wetterschutz\/\" \/>\n<meta property=\"og:site_name\" content=\"Bantam Camping AG\" \/>\n<meta property=\"article:modified_time\" content=\"2026-04-20T00:47:33+00:00\" \/>\n<meta name=\"twitter:card\" content=\"summary_large_image\" \/>\n<meta name=\"twitter:label1\" content=\"Gesch\u00e4tzte Lesezeit\" \/>\n\t<meta name=\"twitter:data1\" content=\"1\u00a0Minute\" \/>\n<script type=\"application\/ld+json\" class=\"yoast-schema-graph\">{\"@context\":\"https:\\\/\\\/schema.org\",\"@graph\":[{\"@type\":\"WebPage\",\"@id\":\"https:\\\/\\\/shop.bantam.ch\\\/de\\\/produkt\\\/koaxialkabelset-quad-shield-120-inkl-2x-f-stecker-und-wetterschutz\\\/\",\"url\":\"https:\\\/\\\/shop.bantam.ch\\\/de\\\/produkt\\\/koaxialkabelset-quad-shield-120-inkl-2x-f-stecker-und-wetterschutz\\\/\",\"name\":\"Koaxialkabelset Quad Shield 120, inkl. 2x F-Stecker und Wetterschutz - Bantam Camping AG\",\"isPartOf\":{\"@id\":\"https:\\\/\\\/shop.bantam.ch\\\/de\\\/#website\"},\"primaryImageOfPage\":{\"@id\":\"https:\\\/\\\/shop.bantam.ch\\\/de\\\/produkt\\\/koaxialkabelset-quad-shield-120-inkl-2x-f-stecker-und-wetterschutz\\\/#primaryimage\"},\"image\":{\"@id\":\"https:\\\/\\\/shop.bantam.ch\\\/de\\\/produkt\\\/koaxialkabelset-quad-shield-120-inkl-2x-f-stecker-und-wetterschutz\\\/#primaryimage\"},\"thumbnailUrl\":\"https:\\\/\\\/shop.bantam.ch\\\/wp-content\\\/uploads\\\/2026\\\/01\\\/Movera-L-9976123100.png\",\"datePublished\":\"2026-01-06T15:35:20+00:00\",\"dateModified\":\"2026-04-20T00:47:33+00:00\",\"breadcrumb\":{\"@id\":\"https:\\\/\\\/shop.bantam.ch\\\/de\\\/produkt\\\/koaxialkabelset-quad-shield-120-inkl-2x-f-stecker-und-wetterschutz\\\/#breadcrumb\"},\"inLanguage\":\"de\",\"potentialAction\":[{\"@type\":\"ReadAction\",\"target\":[\"https:\\\/\\\/shop.bantam.ch\\\/de\\\/produkt\\\/koaxialkabelset-quad-shield-120-inkl-2x-f-stecker-und-wetterschutz\\\/\"]}]},{\"@type\":\"ImageObject\",\"inLanguage\":\"de\",\"@id\":\"https:\\\/\\\/shop.bantam.ch\\\/de\\\/produkt\\\/koaxialkabelset-quad-shield-120-inkl-2x-f-stecker-und-wetterschutz\\\/#primaryimage\",\"url\":\"https:\\\/\\\/shop.bantam.ch\\\/wp-content\\\/uploads\\\/2026\\\/01\\\/Movera-L-9976123100.png\",\"contentUrl\":\"https:\\\/\\\/shop.bantam.ch\\\/wp-content\\\/uploads\\\/2026\\\/01\\\/Movera-L-9976123100.png\",\"width\":640,\"height\":317},{\"@type\":\"BreadcrumbList\",\"@id\":\"https:\\\/\\\/shop.bantam.ch\\\/de\\\/produkt\\\/koaxialkabelset-quad-shield-120-inkl-2x-f-stecker-und-wetterschutz\\\/#breadcrumb\",\"itemListElement\":[{\"@type\":\"ListItem\",\"position\":1,\"name\":\"Accueil\",\"item\":\"https:\\\/\\\/shop.bantam.ch\\\/de\\\/\"},{\"@type\":\"ListItem\",\"position\":2,\"name\":\"Shop\",\"item\":\"https:\\\/\\\/shop.bantam.ch\\\/de\\\/shop\\\/\"},{\"@type\":\"ListItem\",\"position\":3,\"name\":\"Koaxialkabelset Quad Shield 120, inkl. 2x F-Stecker und Wetterschutz\"}]},{\"@type\":\"WebSite\",\"@id\":\"https:\\\/\\\/shop.bantam.ch\\\/de\\\/#website\",\"url\":\"https:\\\/\\\/shop.bantam.ch\\\/de\\\/\",\"name\":\"Bantam Camping AG\",\"description\":\"\",\"publisher\":{\"@id\":\"https:\\\/\\\/shop.bantam.ch\\\/de\\\/#organization\"},\"inLanguage\":\"de\"},{\"@type\":\"Organization\",\"@id\":\"https:\\\/\\\/shop.bantam.ch\\\/de\\\/#organization\",\"name\":\"Bantam Camping AG\",\"url\":\"https:\\\/\\\/shop.bantam.ch\\\/de\\\/\",\"logo\":{\"@type\":\"ImageObject\",\"inLanguage\":\"de\",\"@id\":\"https:\\\/\\\/shop.bantam.ch\\\/de\\\/#\\\/schema\\\/logo\\\/image\\\/\",\"url\":\"https:\\\/\\\/shop.bantam.ch\\\/wp-content\\\/uploads\\\/2022\\\/12\\\/bantam-logo.png\",\"contentUrl\":\"https:\\\/\\\/shop.bantam.ch\\\/wp-content\\\/uploads\\\/2022\\\/12\\\/bantam-logo.png\",\"width\":320,\"height\":71,\"caption\":\"Bantam Camping AG\"},\"image\":{\"@id\":\"https:\\\/\\\/shop.bantam.ch\\\/de\\\/#\\\/schema\\\/logo\\\/image\\\/\"}}]}<\/script>\n<!-- \/ Yoast SEO plugin. -->","yoast_head_json":{"title":"Koaxialkabelset Quad Shield 120, inkl. 2x F-Stecker und Wetterschutz - Bantam Camping AG","robots":{"index":"index","follow":"follow","max-snippet":"max-snippet:-1","max-image-preview":"max-image-preview:large","max-video-preview":"max-video-preview:-1"},"canonical":"https:\/\/shop.bantam.ch\/de\/produkt\/koaxialkabelset-quad-shield-120-inkl-2x-f-stecker-und-wetterschutz\/","og_locale":"de_DE","og_type":"article","og_title":"Koaxialkabelset Quad Shield 120, inkl. 2x F-Stecker und Wetterschutz - Bantam Camping AG","og_description":"Die Megasat Koaxialkabel erf\u00fcllen h\u00f6chste Anforderungen und vereinen hervorragende elektrische Eigenschaften mit einem besonders hohen Schirmungsma\u00df. Permanente Qualit\u00e4tskontrollen nach internationalen Standards in Bezug auf Leistung, Sicherheit und Umweltvertr\u00e4glichkeit garantieren eine gleichbleibend hohe Produktqualit\u00e4t und lange Lebensdauer. Das Kabel entspricht der gesetzlichen Brandschutzklasse Eca und ist frei von gef\u00e4hrlichen Schadstoffen \u2013 ideal f\u00fcr den sicheren Einsatz [&hellip;]","og_url":"https:\/\/shop.bantam.ch\/de\/produkt\/koaxialkabelset-quad-shield-120-inkl-2x-f-stecker-und-wetterschutz\/","og_site_name":"Bantam Camping AG","article_modified_time":"2026-04-20T00:47:33+00:00","twitter_card":"summary_large_image","twitter_misc":{"Gesch\u00e4tzte Lesezeit":"1\u00a0Minute"},"schema":{"@context":"https:\/\/schema.org","@graph":[{"@type":"WebPage","@id":"https:\/\/shop.bantam.ch\/de\/produkt\/koaxialkabelset-quad-shield-120-inkl-2x-f-stecker-und-wetterschutz\/","url":"https:\/\/shop.bantam.ch\/de\/produkt\/koaxialkabelset-quad-shield-120-inkl-2x-f-stecker-und-wetterschutz\/","name":"Koaxialkabelset Quad Shield 120, inkl. 2x F-Stecker und Wetterschutz - Bantam Camping AG","isPartOf":{"@id":"https:\/\/shop.bantam.ch\/de\/#website"},"primaryImageOfPage":{"@id":"https:\/\/shop.bantam.ch\/de\/produkt\/koaxialkabelset-quad-shield-120-inkl-2x-f-stecker-und-wetterschutz\/#primaryimage"},"image":{"@id":"https:\/\/shop.bantam.ch\/de\/produkt\/koaxialkabelset-quad-shield-120-inkl-2x-f-stecker-und-wetterschutz\/#primaryimage"},"thumbnailUrl":"https:\/\/shop.bantam.ch\/wp-content\/uploads\/2026\/01\/Movera-L-9976123100.png","datePublished":"2026-01-06T15:35:20+00:00","dateModified":"2026-04-20T00:47:33+00:00","breadcrumb":{"@id":"https:\/\/shop.bantam.ch\/de\/produkt\/koaxialkabelset-quad-shield-120-inkl-2x-f-stecker-und-wetterschutz\/#breadcrumb"},"inLanguage":"de","potentialAction":[{"@type":"ReadAction","target":["https:\/\/shop.bantam.ch\/de\/produkt\/koaxialkabelset-quad-shield-120-inkl-2x-f-stecker-und-wetterschutz\/"]}]},{"@type":"ImageObject","inLanguage":"de","@id":"https:\/\/shop.bantam.ch\/de\/produkt\/koaxialkabelset-quad-shield-120-inkl-2x-f-stecker-und-wetterschutz\/#primaryimage","url":"https:\/\/shop.bantam.ch\/wp-content\/uploads\/2026\/01\/Movera-L-9976123100.png","contentUrl":"https:\/\/shop.bantam.ch\/wp-content\/uploads\/2026\/01\/Movera-L-9976123100.png","width":640,"height":317},{"@type":"BreadcrumbList","@id":"https:\/\/shop.bantam.ch\/de\/produkt\/koaxialkabelset-quad-shield-120-inkl-2x-f-stecker-und-wetterschutz\/#breadcrumb","itemListElement":[{"@type":"ListItem","position":1,"name":"Accueil","item":"https:\/\/shop.bantam.ch\/de\/"},{"@type":"ListItem","position":2,"name":"Shop","item":"https:\/\/shop.bantam.ch\/de\/shop\/"},{"@type":"ListItem","position":3,"name":"Koaxialkabelset Quad Shield 120, inkl. 2x F-Stecker und Wetterschutz"}]},{"@type":"WebSite","@id":"https:\/\/shop.bantam.ch\/de\/#website","url":"https:\/\/shop.bantam.ch\/de\/","name":"Bantam Camping AG","description":"","publisher":{"@id":"https:\/\/shop.bantam.ch\/de\/#organization"},"inLanguage":"de"},{"@type":"Organization","@id":"https:\/\/shop.bantam.ch\/de\/#organization","name":"Bantam Camping AG","url":"https:\/\/shop.bantam.ch\/de\/","logo":{"@type":"ImageObject","inLanguage":"de","@id":"https:\/\/shop.bantam.ch\/de\/#\/schema\/logo\/image\/","url":"https:\/\/shop.bantam.ch\/wp-content\/uploads\/2022\/12\/bantam-logo.png","contentUrl":"https:\/\/shop.bantam.ch\/wp-content\/uploads\/2022\/12\/bantam-logo.png","width":320,"height":71,"caption":"Bantam Camping AG"},"image":{"@id":"https:\/\/shop.bantam.ch\/de\/#\/schema\/logo\/image\/"}}]}},"_links":{"self":[{"href":"https:\/\/shop.bantam.ch\/de\/wp-json\/wp\/v2\/product\/230098","targetHints":{"allow":["GET"]}}],"collection":[{"href":"https:\/\/shop.bantam.ch\/de\/wp-json\/wp\/v2\/product"}],"about":[{"href":"https:\/\/shop.bantam.ch\/de\/wp-json\/wp\/v2\/types\/product"}],"wp:featuredmedia":[{"embeddable":true,"href":"https:\/\/shop.bantam.ch\/de\/wp-json\/wp\/v2\/media\/230088"}],"wp:attachment":[{"href":"https:\/\/shop.bantam.ch\/de\/wp-json\/wp\/v2\/media?parent=230098"}],"wp:term":[{"taxonomy":"product_featured_cat","embeddable":true,"href":"https:\/\/shop.bantam.ch\/de\/wp-json\/wp\/v2\/product_featured_cat?post=230098"},{"taxonomy":"product_brand","embeddable":true,"href":"https:\/\/shop.bantam.ch\/de\/wp-json\/wp\/v2\/product_brand?post=230098"},{"taxonomy":"product_cat","embeddable":true,"href":"https:\/\/shop.bantam.ch\/de\/wp-json\/wp\/v2\/product_cat?post=230098"},{"taxonomy":"product_tag","embeddable":true,"href":"https:\/\/shop.bantam.ch\/de\/wp-json\/wp\/v2\/product_tag?post=230098"}],"curies":[{"name":"wp","href":"https:\/\/api.w.org\/{rel}","templated":true}]}}