{"id":230029,"date":"2026-01-06T16:33:01","date_gmt":"2026-01-06T15:33:01","guid":{"rendered":"https:\/\/shop.bantam.ch\/produit\/vidaa-hd-smart-pro-tv-dvb-t2-dvb-s2\/"},"modified":"2026-05-10T02:32:36","modified_gmt":"2026-05-10T00:32:36","slug":"vidaa-hd-smart-pro-tv-dvb-t2-dvb-s2","status":"publish","type":"product","link":"https:\/\/shop.bantam.ch\/de\/produkt\/vidaa-hd-smart-pro-tv-dvb-t2-dvb-s2\/","title":{"rendered":"VIDAA HD Smart Pro TV \/ DVB-T2 \/ DVB-S2"},"content":{"rendered":"<p>F\u00fcr diejenigen, die einen gr\u00f6\u00dferen Bildschirm w\u00fcnschen, bieten der AV27TS und der AV32TS das volle Smart-PRO-Erlebnis in gr\u00f6\u00dferem Ma\u00dfstab. Diese Modelle sind ideal f\u00fcr gr\u00f6\u00dfere Fahrzeuge und kombinieren Full-HD-Bildqualit\u00e4t mit den neuesten Smart-Funktionen, darunter Freely TV, Apple AirPlay 2, Sprach-\/App-Steuerung und alle marktspezifischen Funktionen, f\u00fcr die Avtex-Fernseher bekannt sind. Jedes Modell ist vollst\u00e4ndig in die<br \/>\nneue Freely TV-Plattform integriert. Genie\u00dfen Sie ein echtes All-in-One-Unterhaltungserlebnis mit Live- und On-Demand-TV von allen gro\u00dfen Sendern und Inhaltsanbietern, ohne dass eine Satellitensch\u00fcssel oder Antenne erforderlich ist, wenn Sie WLAN nutzen. Wenn Sie kein WLAN haben, m\u00fcssen Sie keine Kompromisse eingehen, denn Sie haben weiterhin die M\u00f6glichkeit, terrestrisches Fernsehen und Satellitenfernsehen zu nutzen. Mit ihrem schlanken, ultraflachen, rahmenlosen Design sind diese gr\u00f6\u00dferen Modelle perfekt f\u00fcr Kunden, die keine Kompromisse bei Bildschirmgr\u00f6\u00dfe oder Leistung eingehen m\u00f6chten.<\/p>\n<ul>\n<li>Smart-TV | Freely TV | Terrestrisches Fernsehen | Satellitenfernsehen<\/li>\n<li>Full-HD-Bildschirme<\/li>\n<li>DVB-T2- und DVB-S2-Digital-HD-Satellitentuner<\/li>\n<li>Keine Abstimmung erforderlich (bei Verwendung von Freely)<\/li>\n<li>AQT-Taste<\/li>\n<li>Bildschirm-Batterieanzeige mit intelligenter Stromversorgung<\/li>\n<li>Pause und Neustart von Live-TV<\/li>\n<li>Mini-Guide und barrierefreier TV-Guide<\/li>\n<li>WLAN, 2,4 und 5 GHz, integriert f\u00fcr verbundene Dienste<\/li>\n<li>Netflix, Amazon Prime, Disney+, YouTube, Apple<\/li>\n<li>Airplay2 und die meisten anderen regionalen Streaming-Dienste<\/li>\n<li>Bluetooth-Konnektivit\u00e4t<\/li>\n<li>Aufzeichnung auf externem USB-Stick oder Festplatte<\/li>\n<li>Ultrakompaktes rahmenloses Design<\/li>\n<li>Sprachsteuerung\/App-Steuerung<\/li>\n<li>240 V AC \/ 12 V\/24 V DC<\/li>\n<\/ul>\n","protected":false},"excerpt":{"rendered":"<p>F\u00fcr diejenigen, die einen gr\u00f6\u00dferen Bildschirm w\u00fcnschen, bieten der AV27TS und der AV32TS das volle Smart-PRO-Erlebnis in gr\u00f6\u00dferem Ma\u00dfstab. Diese Modelle sind ideal f\u00fcr gr\u00f6\u00dfere Fahrzeuge und kombinieren Full-HD-Bildqualit\u00e4t mit den neuesten Smart-Funktionen, darunter Freely TV, Apple AirPlay 2, Sprach-\/App-Steuerung und alle marktspezifischen Funktionen, f\u00fcr die Avtex-Fernseher bekannt sind. Jedes Modell ist vollst\u00e4ndig in die [&hellip;]<\/p>\n","protected":false},"featured_media":230010,"template":"","meta":{"_acf_changed":false},"product_featured_cat":[],"product_brand":[],"product_cat":[4506],"product_tag":[],"class_list":{"0":"post-230029","1":"product","2":"type-product","3":"status-publish","4":"has-post-thumbnail","6":"product_cat-led-tv","8":"first","9":"instock","10":"taxable","11":"shipping-taxable","12":"purchasable","13":"product-type-variable"},"acf":[],"yoast_head":"<!-- This site is optimized with the Yoast SEO plugin v27.5 - https:\/\/yoast.com\/product\/yoast-seo-wordpress\/ -->\n<title>VIDAA HD Smart Pro TV \/ DVB-T2 \/ DVB-S2 - Bantam<\/title>\n<meta name=\"robots\" content=\"index, follow, max-snippet:-1, max-image-preview:large, max-video-preview:-1\" \/>\n<link rel=\"canonical\" href=\"https:\/\/shop.bantam.ch\/de\/produkt\/vidaa-hd-smart-pro-tv-dvb-t2-dvb-s2\/\" \/>\n<meta property=\"og:locale\" content=\"de_DE\" \/>\n<meta property=\"og:type\" content=\"article\" \/>\n<meta property=\"og:title\" content=\"VIDAA HD Smart Pro TV \/ DVB-T2 \/ DVB-S2 - Bantam\" \/>\n<meta property=\"og:description\" content=\"F\u00fcr diejenigen, die einen gr\u00f6\u00dferen Bildschirm w\u00fcnschen, bieten der AV27TS und der AV32TS das volle Smart-PRO-Erlebnis in gr\u00f6\u00dferem Ma\u00dfstab. Diese Modelle sind ideal f\u00fcr gr\u00f6\u00dfere Fahrzeuge und kombinieren Full-HD-Bildqualit\u00e4t mit den neuesten Smart-Funktionen, darunter Freely TV, Apple AirPlay 2, Sprach-\/App-Steuerung und alle marktspezifischen Funktionen, f\u00fcr die Avtex-Fernseher bekannt sind. Jedes Modell ist vollst\u00e4ndig in die [&hellip;]\" \/>\n<meta property=\"og:url\" content=\"https:\/\/shop.bantam.ch\/de\/produkt\/vidaa-hd-smart-pro-tv-dvb-t2-dvb-s2\/\" \/>\n<meta property=\"og:site_name\" content=\"Bantam\" \/>\n<meta property=\"article:modified_time\" content=\"2026-05-10T00:32:36+00:00\" \/>\n<meta name=\"twitter:card\" content=\"summary_large_image\" \/>\n<meta name=\"twitter:label1\" content=\"Gesch\u00e4tzte Lesezeit\" \/>\n\t<meta name=\"twitter:data1\" content=\"1\u00a0Minute\" \/>\n<script type=\"application\/ld+json\" class=\"yoast-schema-graph\">{\"@context\":\"https:\\\/\\\/schema.org\",\"@graph\":[{\"@type\":\"WebPage\",\"@id\":\"https:\\\/\\\/shop.bantam.ch\\\/de\\\/produkt\\\/vidaa-hd-smart-pro-tv-dvb-t2-dvb-s2\\\/\",\"url\":\"https:\\\/\\\/shop.bantam.ch\\\/de\\\/produkt\\\/vidaa-hd-smart-pro-tv-dvb-t2-dvb-s2\\\/\",\"name\":\"VIDAA HD Smart Pro TV \\\/ DVB-T2 \\\/ DVB-S2 - Bantam\",\"isPartOf\":{\"@id\":\"https:\\\/\\\/shop.bantam.ch\\\/de\\\/#website\"},\"primaryImageOfPage\":{\"@id\":\"https:\\\/\\\/shop.bantam.ch\\\/de\\\/produkt\\\/vidaa-hd-smart-pro-tv-dvb-t2-dvb-s2\\\/#primaryimage\"},\"image\":{\"@id\":\"https:\\\/\\\/shop.bantam.ch\\\/de\\\/produkt\\\/vidaa-hd-smart-pro-tv-dvb-t2-dvb-s2\\\/#primaryimage\"},\"thumbnailUrl\":\"https:\\\/\\\/shop.bantam.ch\\\/wp-content\\\/uploads\\\/2026\\\/01\\\/Movera-L-9976033100.jpg\",\"datePublished\":\"2026-01-06T15:33:01+00:00\",\"dateModified\":\"2026-05-10T00:32:36+00:00\",\"breadcrumb\":{\"@id\":\"https:\\\/\\\/shop.bantam.ch\\\/de\\\/produkt\\\/vidaa-hd-smart-pro-tv-dvb-t2-dvb-s2\\\/#breadcrumb\"},\"inLanguage\":\"de\",\"potentialAction\":[{\"@type\":\"ReadAction\",\"target\":[\"https:\\\/\\\/shop.bantam.ch\\\/de\\\/produkt\\\/vidaa-hd-smart-pro-tv-dvb-t2-dvb-s2\\\/\"]}]},{\"@type\":\"ImageObject\",\"inLanguage\":\"de\",\"@id\":\"https:\\\/\\\/shop.bantam.ch\\\/de\\\/produkt\\\/vidaa-hd-smart-pro-tv-dvb-t2-dvb-s2\\\/#primaryimage\",\"url\":\"https:\\\/\\\/shop.bantam.ch\\\/wp-content\\\/uploads\\\/2026\\\/01\\\/Movera-L-9976033100.jpg\",\"contentUrl\":\"https:\\\/\\\/shop.bantam.ch\\\/wp-content\\\/uploads\\\/2026\\\/01\\\/Movera-L-9976033100.jpg\",\"width\":640,\"height\":536},{\"@type\":\"BreadcrumbList\",\"@id\":\"https:\\\/\\\/shop.bantam.ch\\\/de\\\/produkt\\\/vidaa-hd-smart-pro-tv-dvb-t2-dvb-s2\\\/#breadcrumb\",\"itemListElement\":[{\"@type\":\"ListItem\",\"position\":1,\"name\":\"Accueil\",\"item\":\"https:\\\/\\\/shop.bantam.ch\\\/de\\\/\"},{\"@type\":\"ListItem\",\"position\":2,\"name\":\"Shop\",\"item\":\"https:\\\/\\\/shop.bantam.ch\\\/de\\\/shop\\\/\"},{\"@type\":\"ListItem\",\"position\":3,\"name\":\"VIDAA HD Smart Pro TV \\\/ DVB-T2 \\\/ DVB-S2\"}]},{\"@type\":\"WebSite\",\"@id\":\"https:\\\/\\\/shop.bantam.ch\\\/de\\\/#website\",\"url\":\"https:\\\/\\\/shop.bantam.ch\\\/de\\\/\",\"name\":\"Bantam\",\"description\":\"\",\"publisher\":{\"@id\":\"https:\\\/\\\/shop.bantam.ch\\\/de\\\/#organization\"},\"inLanguage\":\"de\"},{\"@type\":\"Organization\",\"@id\":\"https:\\\/\\\/shop.bantam.ch\\\/de\\\/#organization\",\"name\":\"Bantam\",\"url\":\"https:\\\/\\\/shop.bantam.ch\\\/de\\\/\",\"logo\":{\"@type\":\"ImageObject\",\"inLanguage\":\"de\",\"@id\":\"https:\\\/\\\/shop.bantam.ch\\\/de\\\/#\\\/schema\\\/logo\\\/image\\\/\",\"url\":\"https:\\\/\\\/shop.bantam.ch\\\/wp-content\\\/uploads\\\/2022\\\/12\\\/bantam-logo.png\",\"contentUrl\":\"https:\\\/\\\/shop.bantam.ch\\\/wp-content\\\/uploads\\\/2022\\\/12\\\/bantam-logo.png\",\"width\":320,\"height\":71,\"caption\":\"Bantam\"},\"image\":{\"@id\":\"https:\\\/\\\/shop.bantam.ch\\\/de\\\/#\\\/schema\\\/logo\\\/image\\\/\"}}]}<\/script>\n<!-- \/ Yoast SEO plugin. -->","yoast_head_json":{"title":"VIDAA HD Smart Pro TV \/ DVB-T2 \/ DVB-S2 - Bantam","robots":{"index":"index","follow":"follow","max-snippet":"max-snippet:-1","max-image-preview":"max-image-preview:large","max-video-preview":"max-video-preview:-1"},"canonical":"https:\/\/shop.bantam.ch\/de\/produkt\/vidaa-hd-smart-pro-tv-dvb-t2-dvb-s2\/","og_locale":"de_DE","og_type":"article","og_title":"VIDAA HD Smart Pro TV \/ DVB-T2 \/ DVB-S2 - Bantam","og_description":"F\u00fcr diejenigen, die einen gr\u00f6\u00dferen Bildschirm w\u00fcnschen, bieten der AV27TS und der AV32TS das volle Smart-PRO-Erlebnis in gr\u00f6\u00dferem Ma\u00dfstab. Diese Modelle sind ideal f\u00fcr gr\u00f6\u00dfere Fahrzeuge und kombinieren Full-HD-Bildqualit\u00e4t mit den neuesten Smart-Funktionen, darunter Freely TV, Apple AirPlay 2, Sprach-\/App-Steuerung und alle marktspezifischen Funktionen, f\u00fcr die Avtex-Fernseher bekannt sind. Jedes Modell ist vollst\u00e4ndig in die [&hellip;]","og_url":"https:\/\/shop.bantam.ch\/de\/produkt\/vidaa-hd-smart-pro-tv-dvb-t2-dvb-s2\/","og_site_name":"Bantam","article_modified_time":"2026-05-10T00:32:36+00:00","twitter_card":"summary_large_image","twitter_misc":{"Gesch\u00e4tzte Lesezeit":"1\u00a0Minute"},"schema":{"@context":"https:\/\/schema.org","@graph":[{"@type":"WebPage","@id":"https:\/\/shop.bantam.ch\/de\/produkt\/vidaa-hd-smart-pro-tv-dvb-t2-dvb-s2\/","url":"https:\/\/shop.bantam.ch\/de\/produkt\/vidaa-hd-smart-pro-tv-dvb-t2-dvb-s2\/","name":"VIDAA HD Smart Pro TV \/ DVB-T2 \/ DVB-S2 - Bantam","isPartOf":{"@id":"https:\/\/shop.bantam.ch\/de\/#website"},"primaryImageOfPage":{"@id":"https:\/\/shop.bantam.ch\/de\/produkt\/vidaa-hd-smart-pro-tv-dvb-t2-dvb-s2\/#primaryimage"},"image":{"@id":"https:\/\/shop.bantam.ch\/de\/produkt\/vidaa-hd-smart-pro-tv-dvb-t2-dvb-s2\/#primaryimage"},"thumbnailUrl":"https:\/\/shop.bantam.ch\/wp-content\/uploads\/2026\/01\/Movera-L-9976033100.jpg","datePublished":"2026-01-06T15:33:01+00:00","dateModified":"2026-05-10T00:32:36+00:00","breadcrumb":{"@id":"https:\/\/shop.bantam.ch\/de\/produkt\/vidaa-hd-smart-pro-tv-dvb-t2-dvb-s2\/#breadcrumb"},"inLanguage":"de","potentialAction":[{"@type":"ReadAction","target":["https:\/\/shop.bantam.ch\/de\/produkt\/vidaa-hd-smart-pro-tv-dvb-t2-dvb-s2\/"]}]},{"@type":"ImageObject","inLanguage":"de","@id":"https:\/\/shop.bantam.ch\/de\/produkt\/vidaa-hd-smart-pro-tv-dvb-t2-dvb-s2\/#primaryimage","url":"https:\/\/shop.bantam.ch\/wp-content\/uploads\/2026\/01\/Movera-L-9976033100.jpg","contentUrl":"https:\/\/shop.bantam.ch\/wp-content\/uploads\/2026\/01\/Movera-L-9976033100.jpg","width":640,"height":536},{"@type":"BreadcrumbList","@id":"https:\/\/shop.bantam.ch\/de\/produkt\/vidaa-hd-smart-pro-tv-dvb-t2-dvb-s2\/#breadcrumb","itemListElement":[{"@type":"ListItem","position":1,"name":"Accueil","item":"https:\/\/shop.bantam.ch\/de\/"},{"@type":"ListItem","position":2,"name":"Shop","item":"https:\/\/shop.bantam.ch\/de\/shop\/"},{"@type":"ListItem","position":3,"name":"VIDAA HD Smart Pro TV \/ DVB-T2 \/ DVB-S2"}]},{"@type":"WebSite","@id":"https:\/\/shop.bantam.ch\/de\/#website","url":"https:\/\/shop.bantam.ch\/de\/","name":"Bantam","description":"","publisher":{"@id":"https:\/\/shop.bantam.ch\/de\/#organization"},"inLanguage":"de"},{"@type":"Organization","@id":"https:\/\/shop.bantam.ch\/de\/#organization","name":"Bantam","url":"https:\/\/shop.bantam.ch\/de\/","logo":{"@type":"ImageObject","inLanguage":"de","@id":"https:\/\/shop.bantam.ch\/de\/#\/schema\/logo\/image\/","url":"https:\/\/shop.bantam.ch\/wp-content\/uploads\/2022\/12\/bantam-logo.png","contentUrl":"https:\/\/shop.bantam.ch\/wp-content\/uploads\/2022\/12\/bantam-logo.png","width":320,"height":71,"caption":"Bantam"},"image":{"@id":"https:\/\/shop.bantam.ch\/de\/#\/schema\/logo\/image\/"}}]}},"_links":{"self":[{"href":"https:\/\/shop.bantam.ch\/de\/wp-json\/wp\/v2\/product\/230029","targetHints":{"allow":["GET"]}}],"collection":[{"href":"https:\/\/shop.bantam.ch\/de\/wp-json\/wp\/v2\/product"}],"about":[{"href":"https:\/\/shop.bantam.ch\/de\/wp-json\/wp\/v2\/types\/product"}],"wp:featuredmedia":[{"embeddable":true,"href":"https:\/\/shop.bantam.ch\/de\/wp-json\/wp\/v2\/media\/230010"}],"wp:attachment":[{"href":"https:\/\/shop.bantam.ch\/de\/wp-json\/wp\/v2\/media?parent=230029"}],"wp:term":[{"taxonomy":"product_featured_cat","embeddable":true,"href":"https:\/\/shop.bantam.ch\/de\/wp-json\/wp\/v2\/product_featured_cat?post=230029"},{"taxonomy":"product_brand","embeddable":true,"href":"https:\/\/shop.bantam.ch\/de\/wp-json\/wp\/v2\/product_brand?post=230029"},{"taxonomy":"product_cat","embeddable":true,"href":"https:\/\/shop.bantam.ch\/de\/wp-json\/wp\/v2\/product_cat?post=230029"},{"taxonomy":"product_tag","embeddable":true,"href":"https:\/\/shop.bantam.ch\/de\/wp-json\/wp\/v2\/product_tag?post=230029"}],"curies":[{"name":"wp","href":"https:\/\/api.w.org\/{rel}","templated":true}]}}