{"id":229872,"date":"2026-01-06T16:30:09","date_gmt":"2026-01-06T15:30:09","guid":{"rendered":"https:\/\/shop.bantam.ch\/produit\/saugnapf-markisenhalter-2er-pack\/"},"modified":"2026-04-18T23:54:00","modified_gmt":"2026-04-18T21:54:00","slug":"saugnapf-markisenhalter-2er-pack","status":"publish","type":"product","link":"https:\/\/shop.bantam.ch\/de\/produkt\/saugnapf-markisenhalter-2er-pack\/","title":{"rendered":"Saugnapf Markisenhalter 2er-Pack"},"content":{"rendered":"<p><!--StartFragment -->Die Halterung f\u00fcr Markisenf\u00fc\u00dfe an Camper, Wohnmobile und Wohnwagen ist das perfekte Camping Zubeh\u00f6r. Mit einem Durchmesser von 14cm hat der Saugnapfhalter eine extra hohe Saugkraft f\u00fcr einen festen Halt w\u00e4hrend des Einsatzes. Einmal an der Au\u00dfenwand montiert werden die Standf\u00fc\u00dfe der Markise sicher und einfach befestigt. Die spezielle Aufnahme wurde passgenau f\u00fcr das Einrasten von Markisenf\u00fc\u00dfen der Marken THULE, FIAMMA und DOMETIC entwickelt. Die Halter sind universell einsetzbar an beispielsweise Wohnwagen, Wohnmobile oder Camper. Endlich keine Probleme mit Heringen am Markisenfu\u00df in festem Gel\u00e4nde mehr. Das Befestigen der Markisen mit den Saugn\u00e4pfen erm\u00f6glicht Ihnen Campen in jedem Gel\u00e4nde wie Gras, Asphalt, Sand oder Kies. Die Halterungen aus robusten glasfaserverst\u00e4rktem Kunststoff ist sowohl UV- und Witterungsbest\u00e4ndig als auch sehr langlebig und somit also auch perfekt f\u00fcr den st\u00e4ndigen Einsatz. Durch einfaches Einrasten der St\u00fctzen von oben in die Markisenbefestigung ist die Montage sehr einfach, bequeVerrastung macht es Ihnen m\u00f6glich Ihr Vorzelt schnell und einfach bei starkem Wind abzubauen und zu sch\u00fctzen. Der mitgelieferte Transportkoffer aus EVA-Kunststoff sch\u00fctzt die Halter zuverl\u00e4ssig vor Sch\u00e4den, ist platzsparend und verhindert nervige klapprige Ger\u00e4usche w\u00e4hrend der Fahrt.<\/p>\n<p>&nbsp;<\/p>\n<p>Inhalt: 2x Markisenfu\u00dfhalter, Transportkoffer und Bedienungsanleitung<\/p>\n<p>Hinweis: Nicht geeignet f\u00fcr Fiamma Caravanstore<\/p>\n<p><!--EndFragment --><\/p>\n","protected":false},"excerpt":{"rendered":"<p>Die Halterung f\u00fcr Markisenf\u00fc\u00dfe an Camper, Wohnmobile und Wohnwagen ist das perfekte Camping Zubeh\u00f6r. Mit einem Durchmesser von 14cm hat der Saugnapfhalter eine extra hohe Saugkraft f\u00fcr einen festen Halt w\u00e4hrend des Einsatzes. Einmal an der Au\u00dfenwand montiert werden die Standf\u00fc\u00dfe der Markise sicher und einfach befestigt. Die spezielle Aufnahme wurde passgenau f\u00fcr das Einrasten [&hellip;]<\/p>\n","protected":false},"featured_media":229862,"template":"","meta":{"_acf_changed":false},"product_featured_cat":[],"product_brand":[],"product_cat":[4228],"product_tag":[],"class_list":{"0":"post-229872","1":"product","2":"type-product","3":"status-publish","4":"has-post-thumbnail","6":"product_cat-markisen-befestigung","8":"first","9":"instock","10":"taxable","11":"shipping-taxable","12":"purchasable","13":"product-type-simple"},"acf":[],"yoast_head":"<!-- This site is optimized with the Yoast SEO plugin v27.4 - https:\/\/yoast.com\/product\/yoast-seo-wordpress\/ -->\n<title>Saugnapf Markisenhalter 2er-Pack - Bantam Camping AG<\/title>\n<meta name=\"robots\" content=\"index, follow, max-snippet:-1, max-image-preview:large, max-video-preview:-1\" \/>\n<link rel=\"canonical\" href=\"https:\/\/shop.bantam.ch\/de\/produkt\/saugnapf-markisenhalter-2er-pack\/\" \/>\n<meta property=\"og:locale\" content=\"de_DE\" \/>\n<meta property=\"og:type\" content=\"article\" \/>\n<meta property=\"og:title\" content=\"Saugnapf Markisenhalter 2er-Pack - Bantam Camping AG\" \/>\n<meta property=\"og:description\" content=\"Die Halterung f\u00fcr Markisenf\u00fc\u00dfe an Camper, Wohnmobile und Wohnwagen ist das perfekte Camping Zubeh\u00f6r. Mit einem Durchmesser von 14cm hat der Saugnapfhalter eine extra hohe Saugkraft f\u00fcr einen festen Halt w\u00e4hrend des Einsatzes. Einmal an der Au\u00dfenwand montiert werden die Standf\u00fc\u00dfe der Markise sicher und einfach befestigt. Die spezielle Aufnahme wurde passgenau f\u00fcr das Einrasten [&hellip;]\" \/>\n<meta property=\"og:url\" content=\"https:\/\/shop.bantam.ch\/de\/produkt\/saugnapf-markisenhalter-2er-pack\/\" \/>\n<meta property=\"og:site_name\" content=\"Bantam Camping AG\" \/>\n<meta property=\"article:modified_time\" content=\"2026-04-18T21:54:00+00:00\" \/>\n<meta name=\"twitter:card\" content=\"summary_large_image\" \/>\n<meta name=\"twitter:label1\" content=\"Gesch\u00e4tzte Lesezeit\" \/>\n\t<meta name=\"twitter:data1\" content=\"1\u00a0Minute\" \/>\n<script type=\"application\/ld+json\" class=\"yoast-schema-graph\">{\"@context\":\"https:\\\/\\\/schema.org\",\"@graph\":[{\"@type\":\"WebPage\",\"@id\":\"https:\\\/\\\/shop.bantam.ch\\\/de\\\/produkt\\\/saugnapf-markisenhalter-2er-pack\\\/\",\"url\":\"https:\\\/\\\/shop.bantam.ch\\\/de\\\/produkt\\\/saugnapf-markisenhalter-2er-pack\\\/\",\"name\":\"Saugnapf Markisenhalter 2er-Pack - Bantam Camping AG\",\"isPartOf\":{\"@id\":\"https:\\\/\\\/shop.bantam.ch\\\/de\\\/#website\"},\"primaryImageOfPage\":{\"@id\":\"https:\\\/\\\/shop.bantam.ch\\\/de\\\/produkt\\\/saugnapf-markisenhalter-2er-pack\\\/#primaryimage\"},\"image\":{\"@id\":\"https:\\\/\\\/shop.bantam.ch\\\/de\\\/produkt\\\/saugnapf-markisenhalter-2er-pack\\\/#primaryimage\"},\"thumbnailUrl\":\"https:\\\/\\\/shop.bantam.ch\\\/wp-content\\\/uploads\\\/2026\\\/01\\\/Movera-L-9971662100.png\",\"datePublished\":\"2026-01-06T15:30:09+00:00\",\"dateModified\":\"2026-04-18T21:54:00+00:00\",\"breadcrumb\":{\"@id\":\"https:\\\/\\\/shop.bantam.ch\\\/de\\\/produkt\\\/saugnapf-markisenhalter-2er-pack\\\/#breadcrumb\"},\"inLanguage\":\"de\",\"potentialAction\":[{\"@type\":\"ReadAction\",\"target\":[\"https:\\\/\\\/shop.bantam.ch\\\/de\\\/produkt\\\/saugnapf-markisenhalter-2er-pack\\\/\"]}]},{\"@type\":\"ImageObject\",\"inLanguage\":\"de\",\"@id\":\"https:\\\/\\\/shop.bantam.ch\\\/de\\\/produkt\\\/saugnapf-markisenhalter-2er-pack\\\/#primaryimage\",\"url\":\"https:\\\/\\\/shop.bantam.ch\\\/wp-content\\\/uploads\\\/2026\\\/01\\\/Movera-L-9971662100.png\",\"contentUrl\":\"https:\\\/\\\/shop.bantam.ch\\\/wp-content\\\/uploads\\\/2026\\\/01\\\/Movera-L-9971662100.png\",\"width\":640,\"height\":427},{\"@type\":\"BreadcrumbList\",\"@id\":\"https:\\\/\\\/shop.bantam.ch\\\/de\\\/produkt\\\/saugnapf-markisenhalter-2er-pack\\\/#breadcrumb\",\"itemListElement\":[{\"@type\":\"ListItem\",\"position\":1,\"name\":\"Accueil\",\"item\":\"https:\\\/\\\/shop.bantam.ch\\\/de\\\/\"},{\"@type\":\"ListItem\",\"position\":2,\"name\":\"Shop\",\"item\":\"https:\\\/\\\/shop.bantam.ch\\\/de\\\/shop\\\/\"},{\"@type\":\"ListItem\",\"position\":3,\"name\":\"Saugnapf Markisenhalter 2er-Pack\"}]},{\"@type\":\"WebSite\",\"@id\":\"https:\\\/\\\/shop.bantam.ch\\\/de\\\/#website\",\"url\":\"https:\\\/\\\/shop.bantam.ch\\\/de\\\/\",\"name\":\"Bantam Camping AG\",\"description\":\"\",\"publisher\":{\"@id\":\"https:\\\/\\\/shop.bantam.ch\\\/de\\\/#organization\"},\"inLanguage\":\"de\"},{\"@type\":\"Organization\",\"@id\":\"https:\\\/\\\/shop.bantam.ch\\\/de\\\/#organization\",\"name\":\"Bantam Camping AG\",\"url\":\"https:\\\/\\\/shop.bantam.ch\\\/de\\\/\",\"logo\":{\"@type\":\"ImageObject\",\"inLanguage\":\"de\",\"@id\":\"https:\\\/\\\/shop.bantam.ch\\\/de\\\/#\\\/schema\\\/logo\\\/image\\\/\",\"url\":\"https:\\\/\\\/shop.bantam.ch\\\/wp-content\\\/uploads\\\/2022\\\/12\\\/bantam-logo.png\",\"contentUrl\":\"https:\\\/\\\/shop.bantam.ch\\\/wp-content\\\/uploads\\\/2022\\\/12\\\/bantam-logo.png\",\"width\":320,\"height\":71,\"caption\":\"Bantam Camping AG\"},\"image\":{\"@id\":\"https:\\\/\\\/shop.bantam.ch\\\/de\\\/#\\\/schema\\\/logo\\\/image\\\/\"}}]}<\/script>\n<!-- \/ Yoast SEO plugin. -->","yoast_head_json":{"title":"Saugnapf Markisenhalter 2er-Pack - Bantam Camping AG","robots":{"index":"index","follow":"follow","max-snippet":"max-snippet:-1","max-image-preview":"max-image-preview:large","max-video-preview":"max-video-preview:-1"},"canonical":"https:\/\/shop.bantam.ch\/de\/produkt\/saugnapf-markisenhalter-2er-pack\/","og_locale":"de_DE","og_type":"article","og_title":"Saugnapf Markisenhalter 2er-Pack - Bantam Camping AG","og_description":"Die Halterung f\u00fcr Markisenf\u00fc\u00dfe an Camper, Wohnmobile und Wohnwagen ist das perfekte Camping Zubeh\u00f6r. Mit einem Durchmesser von 14cm hat der Saugnapfhalter eine extra hohe Saugkraft f\u00fcr einen festen Halt w\u00e4hrend des Einsatzes. Einmal an der Au\u00dfenwand montiert werden die Standf\u00fc\u00dfe der Markise sicher und einfach befestigt. Die spezielle Aufnahme wurde passgenau f\u00fcr das Einrasten [&hellip;]","og_url":"https:\/\/shop.bantam.ch\/de\/produkt\/saugnapf-markisenhalter-2er-pack\/","og_site_name":"Bantam Camping AG","article_modified_time":"2026-04-18T21:54:00+00:00","twitter_card":"summary_large_image","twitter_misc":{"Gesch\u00e4tzte Lesezeit":"1\u00a0Minute"},"schema":{"@context":"https:\/\/schema.org","@graph":[{"@type":"WebPage","@id":"https:\/\/shop.bantam.ch\/de\/produkt\/saugnapf-markisenhalter-2er-pack\/","url":"https:\/\/shop.bantam.ch\/de\/produkt\/saugnapf-markisenhalter-2er-pack\/","name":"Saugnapf Markisenhalter 2er-Pack - Bantam Camping AG","isPartOf":{"@id":"https:\/\/shop.bantam.ch\/de\/#website"},"primaryImageOfPage":{"@id":"https:\/\/shop.bantam.ch\/de\/produkt\/saugnapf-markisenhalter-2er-pack\/#primaryimage"},"image":{"@id":"https:\/\/shop.bantam.ch\/de\/produkt\/saugnapf-markisenhalter-2er-pack\/#primaryimage"},"thumbnailUrl":"https:\/\/shop.bantam.ch\/wp-content\/uploads\/2026\/01\/Movera-L-9971662100.png","datePublished":"2026-01-06T15:30:09+00:00","dateModified":"2026-04-18T21:54:00+00:00","breadcrumb":{"@id":"https:\/\/shop.bantam.ch\/de\/produkt\/saugnapf-markisenhalter-2er-pack\/#breadcrumb"},"inLanguage":"de","potentialAction":[{"@type":"ReadAction","target":["https:\/\/shop.bantam.ch\/de\/produkt\/saugnapf-markisenhalter-2er-pack\/"]}]},{"@type":"ImageObject","inLanguage":"de","@id":"https:\/\/shop.bantam.ch\/de\/produkt\/saugnapf-markisenhalter-2er-pack\/#primaryimage","url":"https:\/\/shop.bantam.ch\/wp-content\/uploads\/2026\/01\/Movera-L-9971662100.png","contentUrl":"https:\/\/shop.bantam.ch\/wp-content\/uploads\/2026\/01\/Movera-L-9971662100.png","width":640,"height":427},{"@type":"BreadcrumbList","@id":"https:\/\/shop.bantam.ch\/de\/produkt\/saugnapf-markisenhalter-2er-pack\/#breadcrumb","itemListElement":[{"@type":"ListItem","position":1,"name":"Accueil","item":"https:\/\/shop.bantam.ch\/de\/"},{"@type":"ListItem","position":2,"name":"Shop","item":"https:\/\/shop.bantam.ch\/de\/shop\/"},{"@type":"ListItem","position":3,"name":"Saugnapf Markisenhalter 2er-Pack"}]},{"@type":"WebSite","@id":"https:\/\/shop.bantam.ch\/de\/#website","url":"https:\/\/shop.bantam.ch\/de\/","name":"Bantam Camping AG","description":"","publisher":{"@id":"https:\/\/shop.bantam.ch\/de\/#organization"},"inLanguage":"de"},{"@type":"Organization","@id":"https:\/\/shop.bantam.ch\/de\/#organization","name":"Bantam Camping AG","url":"https:\/\/shop.bantam.ch\/de\/","logo":{"@type":"ImageObject","inLanguage":"de","@id":"https:\/\/shop.bantam.ch\/de\/#\/schema\/logo\/image\/","url":"https:\/\/shop.bantam.ch\/wp-content\/uploads\/2022\/12\/bantam-logo.png","contentUrl":"https:\/\/shop.bantam.ch\/wp-content\/uploads\/2022\/12\/bantam-logo.png","width":320,"height":71,"caption":"Bantam Camping AG"},"image":{"@id":"https:\/\/shop.bantam.ch\/de\/#\/schema\/logo\/image\/"}}]}},"_links":{"self":[{"href":"https:\/\/shop.bantam.ch\/de\/wp-json\/wp\/v2\/product\/229872","targetHints":{"allow":["GET"]}}],"collection":[{"href":"https:\/\/shop.bantam.ch\/de\/wp-json\/wp\/v2\/product"}],"about":[{"href":"https:\/\/shop.bantam.ch\/de\/wp-json\/wp\/v2\/types\/product"}],"wp:featuredmedia":[{"embeddable":true,"href":"https:\/\/shop.bantam.ch\/de\/wp-json\/wp\/v2\/media\/229862"}],"wp:attachment":[{"href":"https:\/\/shop.bantam.ch\/de\/wp-json\/wp\/v2\/media?parent=229872"}],"wp:term":[{"taxonomy":"product_featured_cat","embeddable":true,"href":"https:\/\/shop.bantam.ch\/de\/wp-json\/wp\/v2\/product_featured_cat?post=229872"},{"taxonomy":"product_brand","embeddable":true,"href":"https:\/\/shop.bantam.ch\/de\/wp-json\/wp\/v2\/product_brand?post=229872"},{"taxonomy":"product_cat","embeddable":true,"href":"https:\/\/shop.bantam.ch\/de\/wp-json\/wp\/v2\/product_cat?post=229872"},{"taxonomy":"product_tag","embeddable":true,"href":"https:\/\/shop.bantam.ch\/de\/wp-json\/wp\/v2\/product_tag?post=229872"}],"curies":[{"name":"wp","href":"https:\/\/api.w.org\/{rel}","templated":true}]}}