{"id":229844,"date":"2026-01-06T16:29:28","date_gmt":"2026-01-06T15:29:28","guid":{"rendered":"https:\/\/shop.bantam.ch\/produit\/sonnensegel-bent-zip-canvas\/"},"modified":"2026-04-18T02:34:17","modified_gmt":"2026-04-18T00:34:17","slug":"sonnensegel-bent-zip-canvas","status":"publish","type":"product","link":"https:\/\/shop.bantam.ch\/de\/produkt\/sonnensegel-bent-zip-canvas\/","title":{"rendered":"Sonnensegel BENT Zip-Canvas"},"content":{"rendered":"<p>Das BENT verbindbare Sonnensegel \u201eTC-Zip-Canvas\u201c ist modular, funktional, variabel und gl\u00e4nzt durch einfache Handhabung. Hergestellt aus einem robusten Polyester Baumwoll Mischgewebe (65 % Polyester, 35 % Baumwolle) 210g\/m\u00b2. Das TC-Zip-Canvas zeichnet sich durch seine sehr hohe UV-Resistenz (UV 60) aus und macht das Sonnensegel besonders geeignet f\u00fcr sonnenreiche Regionen und Langzeit-Eins\u00e4tze. Das TC-Gewebe ist WR ausger\u00fcstet mit einer Wassers\u00e4ule von 450mm. Die aufquellenden Baumwollf\u00e4den im Gewebe sorgen daf\u00fcr, dass das TC-Zip-Canvas nahezu wasserdicht ist. Das verbindbare Sonnensegel \u201eTC-Zip-Canvas \u201c ist an den drei Seiten mit hochwertigen SBS Marken Rei\u00dfverschl\u00fcssen ausgestattet und bietet viele M\u00f6glichkeiten zum Bau einer modernen Lounge f\u00fcr den optimalen Wetterschutz. Die verbindbaren Sonnensegel \u201eTC-Zip-Canvas\u201c lassen sich in allen Richtungen verbinden, an\u2013 und umbauen, oder mit anderen BENT Produkten wie z. B. dem verbindbaren Teppich \u201eZip-Carpet\u201c mittels Rei\u00dfverschl\u00fcssen erweitern. Die gleichschenklige Dreieckskonstruktion und die verst\u00e4rkte Eckenkonstruktion erm\u00f6glichen ein optimales Abspannen des Sonnensegels. Praktischer, robuster TC Packsack mit Schnellverschluss, Schulterb\u00e4ndern und kleinem Packma\u00df f\u00fcr den leichten Transport. Ideal f\u00fcr Camping, Caravaning, am Strand, im Garten oder bei Festivals. BENT setzt sich bewusst f\u00fcr \u00f6kologische Nachhaltigkeit ein und vermeidet den Einsatz von umweltsch\u00e4dlichen Perfluorcarbonen (PFC) bei wasserabweisenden Beschichtungen.<\/p>\n<p>Material:<br \/>\n65 % Polyester, 35 % Baumwolle<\/p>\n<p>Lieferumfang:<br \/>\n1 Sonnensegel, 1 Tragetasche mit Kordelzug, 3 Abspannleinen mit Aluminium Dreilochspanner inkl. Beutel, Gest\u00e4nge-Tasche und Grundplatte f\u00fcr optionales Gest\u00e4nge<\/p>\n","protected":false},"excerpt":{"rendered":"<p>Das BENT verbindbare Sonnensegel \u201eTC-Zip-Canvas\u201c ist modular, funktional, variabel und gl\u00e4nzt durch einfache Handhabung. Hergestellt aus einem robusten Polyester Baumwoll Mischgewebe (65 % Polyester, 35 % Baumwolle) 210g\/m\u00b2. Das TC-Zip-Canvas zeichnet sich durch seine sehr hohe UV-Resistenz (UV 60) aus und macht das Sonnensegel besonders geeignet f\u00fcr sonnenreiche Regionen und Langzeit-Eins\u00e4tze. Das TC-Gewebe ist WR [&hellip;]<\/p>\n","protected":false},"featured_media":229828,"template":"","meta":{"_acf_changed":false},"product_featured_cat":[],"product_brand":[],"product_cat":[4250],"product_tag":[],"class_list":{"0":"post-229844","1":"product","2":"type-product","3":"status-publish","4":"has-post-thumbnail","6":"product_cat-sonnendaecher-segel-und-tarps-fuers-camping","8":"first","9":"instock","10":"taxable","11":"shipping-taxable","12":"purchasable","13":"product-type-variable"},"acf":[],"yoast_head":"<!-- This site is optimized with the Yoast SEO plugin v27.4 - https:\/\/yoast.com\/product\/yoast-seo-wordpress\/ -->\n<title>Sonnensegel BENT Zip-Canvas - Bantam Camping AG<\/title>\n<meta name=\"robots\" content=\"index, follow, max-snippet:-1, max-image-preview:large, max-video-preview:-1\" \/>\n<link rel=\"canonical\" href=\"https:\/\/shop.bantam.ch\/de\/produkt\/sonnensegel-bent-zip-canvas\/\" \/>\n<meta property=\"og:locale\" content=\"de_DE\" \/>\n<meta property=\"og:type\" content=\"article\" \/>\n<meta property=\"og:title\" content=\"Sonnensegel BENT Zip-Canvas - Bantam Camping AG\" \/>\n<meta property=\"og:description\" content=\"Das BENT verbindbare Sonnensegel \u201eTC-Zip-Canvas\u201c ist modular, funktional, variabel und gl\u00e4nzt durch einfache Handhabung. Hergestellt aus einem robusten Polyester Baumwoll Mischgewebe (65 % Polyester, 35 % Baumwolle) 210g\/m\u00b2. Das TC-Zip-Canvas zeichnet sich durch seine sehr hohe UV-Resistenz (UV 60) aus und macht das Sonnensegel besonders geeignet f\u00fcr sonnenreiche Regionen und Langzeit-Eins\u00e4tze. Das TC-Gewebe ist WR [&hellip;]\" \/>\n<meta property=\"og:url\" content=\"https:\/\/shop.bantam.ch\/de\/produkt\/sonnensegel-bent-zip-canvas\/\" \/>\n<meta property=\"og:site_name\" content=\"Bantam Camping AG\" \/>\n<meta property=\"article:modified_time\" content=\"2026-04-18T00:34:17+00:00\" \/>\n<meta name=\"twitter:card\" content=\"summary_large_image\" \/>\n<meta name=\"twitter:label1\" content=\"Gesch\u00e4tzte Lesezeit\" \/>\n\t<meta name=\"twitter:data1\" content=\"1\u00a0Minute\" \/>\n<script type=\"application\/ld+json\" class=\"yoast-schema-graph\">{\"@context\":\"https:\\\/\\\/schema.org\",\"@graph\":[{\"@type\":\"WebPage\",\"@id\":\"https:\\\/\\\/shop.bantam.ch\\\/de\\\/produkt\\\/sonnensegel-bent-zip-canvas\\\/\",\"url\":\"https:\\\/\\\/shop.bantam.ch\\\/de\\\/produkt\\\/sonnensegel-bent-zip-canvas\\\/\",\"name\":\"Sonnensegel BENT Zip-Canvas - Bantam Camping AG\",\"isPartOf\":{\"@id\":\"https:\\\/\\\/shop.bantam.ch\\\/de\\\/#website\"},\"primaryImageOfPage\":{\"@id\":\"https:\\\/\\\/shop.bantam.ch\\\/de\\\/produkt\\\/sonnensegel-bent-zip-canvas\\\/#primaryimage\"},\"image\":{\"@id\":\"https:\\\/\\\/shop.bantam.ch\\\/de\\\/produkt\\\/sonnensegel-bent-zip-canvas\\\/#primaryimage\"},\"thumbnailUrl\":\"https:\\\/\\\/shop.bantam.ch\\\/wp-content\\\/uploads\\\/2026\\\/01\\\/Movera-L-9971645100.jpg\",\"datePublished\":\"2026-01-06T15:29:28+00:00\",\"dateModified\":\"2026-04-18T00:34:17+00:00\",\"breadcrumb\":{\"@id\":\"https:\\\/\\\/shop.bantam.ch\\\/de\\\/produkt\\\/sonnensegel-bent-zip-canvas\\\/#breadcrumb\"},\"inLanguage\":\"de\",\"potentialAction\":[{\"@type\":\"ReadAction\",\"target\":[\"https:\\\/\\\/shop.bantam.ch\\\/de\\\/produkt\\\/sonnensegel-bent-zip-canvas\\\/\"]}]},{\"@type\":\"ImageObject\",\"inLanguage\":\"de\",\"@id\":\"https:\\\/\\\/shop.bantam.ch\\\/de\\\/produkt\\\/sonnensegel-bent-zip-canvas\\\/#primaryimage\",\"url\":\"https:\\\/\\\/shop.bantam.ch\\\/wp-content\\\/uploads\\\/2026\\\/01\\\/Movera-L-9971645100.jpg\",\"contentUrl\":\"https:\\\/\\\/shop.bantam.ch\\\/wp-content\\\/uploads\\\/2026\\\/01\\\/Movera-L-9971645100.jpg\",\"width\":640,\"height\":853},{\"@type\":\"BreadcrumbList\",\"@id\":\"https:\\\/\\\/shop.bantam.ch\\\/de\\\/produkt\\\/sonnensegel-bent-zip-canvas\\\/#breadcrumb\",\"itemListElement\":[{\"@type\":\"ListItem\",\"position\":1,\"name\":\"Accueil\",\"item\":\"https:\\\/\\\/shop.bantam.ch\\\/de\\\/\"},{\"@type\":\"ListItem\",\"position\":2,\"name\":\"Shop\",\"item\":\"https:\\\/\\\/shop.bantam.ch\\\/de\\\/shop\\\/\"},{\"@type\":\"ListItem\",\"position\":3,\"name\":\"Sonnensegel BENT Zip-Canvas\"}]},{\"@type\":\"WebSite\",\"@id\":\"https:\\\/\\\/shop.bantam.ch\\\/de\\\/#website\",\"url\":\"https:\\\/\\\/shop.bantam.ch\\\/de\\\/\",\"name\":\"Bantam Camping AG\",\"description\":\"\",\"publisher\":{\"@id\":\"https:\\\/\\\/shop.bantam.ch\\\/de\\\/#organization\"},\"inLanguage\":\"de\"},{\"@type\":\"Organization\",\"@id\":\"https:\\\/\\\/shop.bantam.ch\\\/de\\\/#organization\",\"name\":\"Bantam Camping AG\",\"url\":\"https:\\\/\\\/shop.bantam.ch\\\/de\\\/\",\"logo\":{\"@type\":\"ImageObject\",\"inLanguage\":\"de\",\"@id\":\"https:\\\/\\\/shop.bantam.ch\\\/de\\\/#\\\/schema\\\/logo\\\/image\\\/\",\"url\":\"https:\\\/\\\/shop.bantam.ch\\\/wp-content\\\/uploads\\\/2022\\\/12\\\/bantam-logo.png\",\"contentUrl\":\"https:\\\/\\\/shop.bantam.ch\\\/wp-content\\\/uploads\\\/2022\\\/12\\\/bantam-logo.png\",\"width\":320,\"height\":71,\"caption\":\"Bantam Camping AG\"},\"image\":{\"@id\":\"https:\\\/\\\/shop.bantam.ch\\\/de\\\/#\\\/schema\\\/logo\\\/image\\\/\"}}]}<\/script>\n<!-- \/ Yoast SEO plugin. -->","yoast_head_json":{"title":"Sonnensegel BENT Zip-Canvas - Bantam Camping AG","robots":{"index":"index","follow":"follow","max-snippet":"max-snippet:-1","max-image-preview":"max-image-preview:large","max-video-preview":"max-video-preview:-1"},"canonical":"https:\/\/shop.bantam.ch\/de\/produkt\/sonnensegel-bent-zip-canvas\/","og_locale":"de_DE","og_type":"article","og_title":"Sonnensegel BENT Zip-Canvas - Bantam Camping AG","og_description":"Das BENT verbindbare Sonnensegel \u201eTC-Zip-Canvas\u201c ist modular, funktional, variabel und gl\u00e4nzt durch einfache Handhabung. Hergestellt aus einem robusten Polyester Baumwoll Mischgewebe (65 % Polyester, 35 % Baumwolle) 210g\/m\u00b2. Das TC-Zip-Canvas zeichnet sich durch seine sehr hohe UV-Resistenz (UV 60) aus und macht das Sonnensegel besonders geeignet f\u00fcr sonnenreiche Regionen und Langzeit-Eins\u00e4tze. Das TC-Gewebe ist WR [&hellip;]","og_url":"https:\/\/shop.bantam.ch\/de\/produkt\/sonnensegel-bent-zip-canvas\/","og_site_name":"Bantam Camping AG","article_modified_time":"2026-04-18T00:34:17+00:00","twitter_card":"summary_large_image","twitter_misc":{"Gesch\u00e4tzte Lesezeit":"1\u00a0Minute"},"schema":{"@context":"https:\/\/schema.org","@graph":[{"@type":"WebPage","@id":"https:\/\/shop.bantam.ch\/de\/produkt\/sonnensegel-bent-zip-canvas\/","url":"https:\/\/shop.bantam.ch\/de\/produkt\/sonnensegel-bent-zip-canvas\/","name":"Sonnensegel BENT Zip-Canvas - Bantam Camping AG","isPartOf":{"@id":"https:\/\/shop.bantam.ch\/de\/#website"},"primaryImageOfPage":{"@id":"https:\/\/shop.bantam.ch\/de\/produkt\/sonnensegel-bent-zip-canvas\/#primaryimage"},"image":{"@id":"https:\/\/shop.bantam.ch\/de\/produkt\/sonnensegel-bent-zip-canvas\/#primaryimage"},"thumbnailUrl":"https:\/\/shop.bantam.ch\/wp-content\/uploads\/2026\/01\/Movera-L-9971645100.jpg","datePublished":"2026-01-06T15:29:28+00:00","dateModified":"2026-04-18T00:34:17+00:00","breadcrumb":{"@id":"https:\/\/shop.bantam.ch\/de\/produkt\/sonnensegel-bent-zip-canvas\/#breadcrumb"},"inLanguage":"de","potentialAction":[{"@type":"ReadAction","target":["https:\/\/shop.bantam.ch\/de\/produkt\/sonnensegel-bent-zip-canvas\/"]}]},{"@type":"ImageObject","inLanguage":"de","@id":"https:\/\/shop.bantam.ch\/de\/produkt\/sonnensegel-bent-zip-canvas\/#primaryimage","url":"https:\/\/shop.bantam.ch\/wp-content\/uploads\/2026\/01\/Movera-L-9971645100.jpg","contentUrl":"https:\/\/shop.bantam.ch\/wp-content\/uploads\/2026\/01\/Movera-L-9971645100.jpg","width":640,"height":853},{"@type":"BreadcrumbList","@id":"https:\/\/shop.bantam.ch\/de\/produkt\/sonnensegel-bent-zip-canvas\/#breadcrumb","itemListElement":[{"@type":"ListItem","position":1,"name":"Accueil","item":"https:\/\/shop.bantam.ch\/de\/"},{"@type":"ListItem","position":2,"name":"Shop","item":"https:\/\/shop.bantam.ch\/de\/shop\/"},{"@type":"ListItem","position":3,"name":"Sonnensegel BENT Zip-Canvas"}]},{"@type":"WebSite","@id":"https:\/\/shop.bantam.ch\/de\/#website","url":"https:\/\/shop.bantam.ch\/de\/","name":"Bantam Camping AG","description":"","publisher":{"@id":"https:\/\/shop.bantam.ch\/de\/#organization"},"inLanguage":"de"},{"@type":"Organization","@id":"https:\/\/shop.bantam.ch\/de\/#organization","name":"Bantam Camping AG","url":"https:\/\/shop.bantam.ch\/de\/","logo":{"@type":"ImageObject","inLanguage":"de","@id":"https:\/\/shop.bantam.ch\/de\/#\/schema\/logo\/image\/","url":"https:\/\/shop.bantam.ch\/wp-content\/uploads\/2022\/12\/bantam-logo.png","contentUrl":"https:\/\/shop.bantam.ch\/wp-content\/uploads\/2022\/12\/bantam-logo.png","width":320,"height":71,"caption":"Bantam Camping AG"},"image":{"@id":"https:\/\/shop.bantam.ch\/de\/#\/schema\/logo\/image\/"}}]}},"_links":{"self":[{"href":"https:\/\/shop.bantam.ch\/de\/wp-json\/wp\/v2\/product\/229844","targetHints":{"allow":["GET"]}}],"collection":[{"href":"https:\/\/shop.bantam.ch\/de\/wp-json\/wp\/v2\/product"}],"about":[{"href":"https:\/\/shop.bantam.ch\/de\/wp-json\/wp\/v2\/types\/product"}],"wp:featuredmedia":[{"embeddable":true,"href":"https:\/\/shop.bantam.ch\/de\/wp-json\/wp\/v2\/media\/229828"}],"wp:attachment":[{"href":"https:\/\/shop.bantam.ch\/de\/wp-json\/wp\/v2\/media?parent=229844"}],"wp:term":[{"taxonomy":"product_featured_cat","embeddable":true,"href":"https:\/\/shop.bantam.ch\/de\/wp-json\/wp\/v2\/product_featured_cat?post=229844"},{"taxonomy":"product_brand","embeddable":true,"href":"https:\/\/shop.bantam.ch\/de\/wp-json\/wp\/v2\/product_brand?post=229844"},{"taxonomy":"product_cat","embeddable":true,"href":"https:\/\/shop.bantam.ch\/de\/wp-json\/wp\/v2\/product_cat?post=229844"},{"taxonomy":"product_tag","embeddable":true,"href":"https:\/\/shop.bantam.ch\/de\/wp-json\/wp\/v2\/product_tag?post=229844"}],"curies":[{"name":"wp","href":"https:\/\/api.w.org\/{rel}","templated":true}]}}