{"id":229775,"date":"2026-01-06T16:28:01","date_gmt":"2026-01-06T15:28:01","guid":{"rendered":"https:\/\/shop.bantam.ch\/produit\/vorzeltteppich-balmat-wh\/"},"modified":"2026-04-18T02:33:46","modified_gmt":"2026-04-18T00:33:46","slug":"vorzeltteppich-balmat-wh","status":"publish","type":"product","link":"https:\/\/shop.bantam.ch\/de\/produkt\/vorzeltteppich-balmat-wh\/","title":{"rendered":"Vorzeltteppich Balmat WH"},"content":{"rendered":"<p><!--StartFragment -->Leichter und platzsparender Zeltteppich aus strapazierf\u00e4higer Polypropylenfaser. Ideal f\u00fcr Reisecamper aber auch f\u00fcr Wohnwagenvorzelte bestens geeignet. Die luftdurchl\u00e4ssige und nicht verformbare Gewebestruktur l\u00e4sst den Boden atmen und erzeugt ein angenehmes Wohnambiente. In verschiedenen Gr\u00f6\u00dfen erh\u00e4ltlich.<\/p>\n<ul>\n<li>Leicht zu reinigen<\/li>\n<li>Waschbar<\/li>\n<li>Verrottungsfest<\/li>\n<li>Atmungsaktiv<\/li>\n<li>Rei\u00dffest<\/li>\n<li>UV-best\u00e4ndig<\/li>\n<li>Recyclebar<\/li>\n<li>Mit wiederverwendbarer Tragetasche<\/li>\n<\/ul>\n<p><!--EndFragment --><\/p>\n","protected":false},"excerpt":{"rendered":"<p>Leichter und platzsparender Zeltteppich aus strapazierf\u00e4higer Polypropylenfaser. Ideal f\u00fcr Reisecamper aber auch f\u00fcr Wohnwagenvorzelte bestens geeignet. Die luftdurchl\u00e4ssige und nicht verformbare Gewebestruktur l\u00e4sst den Boden atmen und erzeugt ein angenehmes Wohnambiente. In verschiedenen Gr\u00f6\u00dfen erh\u00e4ltlich. Leicht zu reinigen Waschbar Verrottungsfest Atmungsaktiv Rei\u00dffest UV-best\u00e4ndig Recyclebar Mit wiederverwendbarer Tragetasche<\/p>\n","protected":false},"featured_media":229760,"template":"","meta":{"_acf_changed":false},"product_featured_cat":[],"product_brand":[],"product_cat":[4262],"product_tag":[],"class_list":{"0":"post-229775","1":"product","2":"type-product","3":"status-publish","4":"has-post-thumbnail","6":"product_cat-zeltteppiche-boeden","8":"first","9":"instock","10":"taxable","11":"shipping-taxable","12":"purchasable","13":"product-type-variable"},"acf":[],"yoast_head":"<!-- This site is optimized with the Yoast SEO plugin v27.4 - https:\/\/yoast.com\/product\/yoast-seo-wordpress\/ -->\n<title>Vorzeltteppich Balmat WH - Bantam Camping AG<\/title>\n<meta name=\"robots\" content=\"index, follow, max-snippet:-1, max-image-preview:large, max-video-preview:-1\" \/>\n<link rel=\"canonical\" href=\"https:\/\/shop.bantam.ch\/de\/produkt\/vorzeltteppich-balmat-wh\/\" \/>\n<meta property=\"og:locale\" content=\"de_DE\" \/>\n<meta property=\"og:type\" content=\"article\" \/>\n<meta property=\"og:title\" content=\"Vorzeltteppich Balmat WH - Bantam Camping AG\" \/>\n<meta property=\"og:description\" content=\"Leichter und platzsparender Zeltteppich aus strapazierf\u00e4higer Polypropylenfaser. Ideal f\u00fcr Reisecamper aber auch f\u00fcr Wohnwagenvorzelte bestens geeignet. Die luftdurchl\u00e4ssige und nicht verformbare Gewebestruktur l\u00e4sst den Boden atmen und erzeugt ein angenehmes Wohnambiente. In verschiedenen Gr\u00f6\u00dfen erh\u00e4ltlich. Leicht zu reinigen Waschbar Verrottungsfest Atmungsaktiv Rei\u00dffest UV-best\u00e4ndig Recyclebar Mit wiederverwendbarer Tragetasche\" \/>\n<meta property=\"og:url\" content=\"https:\/\/shop.bantam.ch\/de\/produkt\/vorzeltteppich-balmat-wh\/\" \/>\n<meta property=\"og:site_name\" content=\"Bantam Camping AG\" \/>\n<meta property=\"article:modified_time\" content=\"2026-04-18T00:33:46+00:00\" \/>\n<meta name=\"twitter:card\" content=\"summary_large_image\" \/>\n<script type=\"application\/ld+json\" class=\"yoast-schema-graph\">{\"@context\":\"https:\\\/\\\/schema.org\",\"@graph\":[{\"@type\":\"WebPage\",\"@id\":\"https:\\\/\\\/shop.bantam.ch\\\/de\\\/produkt\\\/vorzeltteppich-balmat-wh\\\/\",\"url\":\"https:\\\/\\\/shop.bantam.ch\\\/de\\\/produkt\\\/vorzeltteppich-balmat-wh\\\/\",\"name\":\"Vorzeltteppich Balmat WH - Bantam Camping AG\",\"isPartOf\":{\"@id\":\"https:\\\/\\\/shop.bantam.ch\\\/de\\\/#website\"},\"primaryImageOfPage\":{\"@id\":\"https:\\\/\\\/shop.bantam.ch\\\/de\\\/produkt\\\/vorzeltteppich-balmat-wh\\\/#primaryimage\"},\"image\":{\"@id\":\"https:\\\/\\\/shop.bantam.ch\\\/de\\\/produkt\\\/vorzeltteppich-balmat-wh\\\/#primaryimage\"},\"thumbnailUrl\":\"https:\\\/\\\/shop.bantam.ch\\\/wp-content\\\/uploads\\\/2026\\\/01\\\/Movera-L-9971635100.jpg\",\"datePublished\":\"2026-01-06T15:28:01+00:00\",\"dateModified\":\"2026-04-18T00:33:46+00:00\",\"breadcrumb\":{\"@id\":\"https:\\\/\\\/shop.bantam.ch\\\/de\\\/produkt\\\/vorzeltteppich-balmat-wh\\\/#breadcrumb\"},\"inLanguage\":\"de\",\"potentialAction\":[{\"@type\":\"ReadAction\",\"target\":[\"https:\\\/\\\/shop.bantam.ch\\\/de\\\/produkt\\\/vorzeltteppich-balmat-wh\\\/\"]}]},{\"@type\":\"ImageObject\",\"inLanguage\":\"de\",\"@id\":\"https:\\\/\\\/shop.bantam.ch\\\/de\\\/produkt\\\/vorzeltteppich-balmat-wh\\\/#primaryimage\",\"url\":\"https:\\\/\\\/shop.bantam.ch\\\/wp-content\\\/uploads\\\/2026\\\/01\\\/Movera-L-9971635100.jpg\",\"contentUrl\":\"https:\\\/\\\/shop.bantam.ch\\\/wp-content\\\/uploads\\\/2026\\\/01\\\/Movera-L-9971635100.jpg\",\"width\":640,\"height\":494},{\"@type\":\"BreadcrumbList\",\"@id\":\"https:\\\/\\\/shop.bantam.ch\\\/de\\\/produkt\\\/vorzeltteppich-balmat-wh\\\/#breadcrumb\",\"itemListElement\":[{\"@type\":\"ListItem\",\"position\":1,\"name\":\"Accueil\",\"item\":\"https:\\\/\\\/shop.bantam.ch\\\/de\\\/\"},{\"@type\":\"ListItem\",\"position\":2,\"name\":\"Shop\",\"item\":\"https:\\\/\\\/shop.bantam.ch\\\/de\\\/shop\\\/\"},{\"@type\":\"ListItem\",\"position\":3,\"name\":\"Vorzeltteppich Balmat WH\"}]},{\"@type\":\"WebSite\",\"@id\":\"https:\\\/\\\/shop.bantam.ch\\\/de\\\/#website\",\"url\":\"https:\\\/\\\/shop.bantam.ch\\\/de\\\/\",\"name\":\"Bantam Camping AG\",\"description\":\"\",\"publisher\":{\"@id\":\"https:\\\/\\\/shop.bantam.ch\\\/de\\\/#organization\"},\"inLanguage\":\"de\"},{\"@type\":\"Organization\",\"@id\":\"https:\\\/\\\/shop.bantam.ch\\\/de\\\/#organization\",\"name\":\"Bantam Camping AG\",\"url\":\"https:\\\/\\\/shop.bantam.ch\\\/de\\\/\",\"logo\":{\"@type\":\"ImageObject\",\"inLanguage\":\"de\",\"@id\":\"https:\\\/\\\/shop.bantam.ch\\\/de\\\/#\\\/schema\\\/logo\\\/image\\\/\",\"url\":\"https:\\\/\\\/shop.bantam.ch\\\/wp-content\\\/uploads\\\/2022\\\/12\\\/bantam-logo.png\",\"contentUrl\":\"https:\\\/\\\/shop.bantam.ch\\\/wp-content\\\/uploads\\\/2022\\\/12\\\/bantam-logo.png\",\"width\":320,\"height\":71,\"caption\":\"Bantam Camping AG\"},\"image\":{\"@id\":\"https:\\\/\\\/shop.bantam.ch\\\/de\\\/#\\\/schema\\\/logo\\\/image\\\/\"}}]}<\/script>\n<!-- \/ Yoast SEO plugin. -->","yoast_head_json":{"title":"Vorzeltteppich Balmat WH - Bantam Camping AG","robots":{"index":"index","follow":"follow","max-snippet":"max-snippet:-1","max-image-preview":"max-image-preview:large","max-video-preview":"max-video-preview:-1"},"canonical":"https:\/\/shop.bantam.ch\/de\/produkt\/vorzeltteppich-balmat-wh\/","og_locale":"de_DE","og_type":"article","og_title":"Vorzeltteppich Balmat WH - Bantam Camping AG","og_description":"Leichter und platzsparender Zeltteppich aus strapazierf\u00e4higer Polypropylenfaser. Ideal f\u00fcr Reisecamper aber auch f\u00fcr Wohnwagenvorzelte bestens geeignet. Die luftdurchl\u00e4ssige und nicht verformbare Gewebestruktur l\u00e4sst den Boden atmen und erzeugt ein angenehmes Wohnambiente. In verschiedenen Gr\u00f6\u00dfen erh\u00e4ltlich. Leicht zu reinigen Waschbar Verrottungsfest Atmungsaktiv Rei\u00dffest UV-best\u00e4ndig Recyclebar Mit wiederverwendbarer Tragetasche","og_url":"https:\/\/shop.bantam.ch\/de\/produkt\/vorzeltteppich-balmat-wh\/","og_site_name":"Bantam Camping AG","article_modified_time":"2026-04-18T00:33:46+00:00","twitter_card":"summary_large_image","schema":{"@context":"https:\/\/schema.org","@graph":[{"@type":"WebPage","@id":"https:\/\/shop.bantam.ch\/de\/produkt\/vorzeltteppich-balmat-wh\/","url":"https:\/\/shop.bantam.ch\/de\/produkt\/vorzeltteppich-balmat-wh\/","name":"Vorzeltteppich Balmat WH - Bantam Camping AG","isPartOf":{"@id":"https:\/\/shop.bantam.ch\/de\/#website"},"primaryImageOfPage":{"@id":"https:\/\/shop.bantam.ch\/de\/produkt\/vorzeltteppich-balmat-wh\/#primaryimage"},"image":{"@id":"https:\/\/shop.bantam.ch\/de\/produkt\/vorzeltteppich-balmat-wh\/#primaryimage"},"thumbnailUrl":"https:\/\/shop.bantam.ch\/wp-content\/uploads\/2026\/01\/Movera-L-9971635100.jpg","datePublished":"2026-01-06T15:28:01+00:00","dateModified":"2026-04-18T00:33:46+00:00","breadcrumb":{"@id":"https:\/\/shop.bantam.ch\/de\/produkt\/vorzeltteppich-balmat-wh\/#breadcrumb"},"inLanguage":"de","potentialAction":[{"@type":"ReadAction","target":["https:\/\/shop.bantam.ch\/de\/produkt\/vorzeltteppich-balmat-wh\/"]}]},{"@type":"ImageObject","inLanguage":"de","@id":"https:\/\/shop.bantam.ch\/de\/produkt\/vorzeltteppich-balmat-wh\/#primaryimage","url":"https:\/\/shop.bantam.ch\/wp-content\/uploads\/2026\/01\/Movera-L-9971635100.jpg","contentUrl":"https:\/\/shop.bantam.ch\/wp-content\/uploads\/2026\/01\/Movera-L-9971635100.jpg","width":640,"height":494},{"@type":"BreadcrumbList","@id":"https:\/\/shop.bantam.ch\/de\/produkt\/vorzeltteppich-balmat-wh\/#breadcrumb","itemListElement":[{"@type":"ListItem","position":1,"name":"Accueil","item":"https:\/\/shop.bantam.ch\/de\/"},{"@type":"ListItem","position":2,"name":"Shop","item":"https:\/\/shop.bantam.ch\/de\/shop\/"},{"@type":"ListItem","position":3,"name":"Vorzeltteppich Balmat WH"}]},{"@type":"WebSite","@id":"https:\/\/shop.bantam.ch\/de\/#website","url":"https:\/\/shop.bantam.ch\/de\/","name":"Bantam Camping AG","description":"","publisher":{"@id":"https:\/\/shop.bantam.ch\/de\/#organization"},"inLanguage":"de"},{"@type":"Organization","@id":"https:\/\/shop.bantam.ch\/de\/#organization","name":"Bantam Camping AG","url":"https:\/\/shop.bantam.ch\/de\/","logo":{"@type":"ImageObject","inLanguage":"de","@id":"https:\/\/shop.bantam.ch\/de\/#\/schema\/logo\/image\/","url":"https:\/\/shop.bantam.ch\/wp-content\/uploads\/2022\/12\/bantam-logo.png","contentUrl":"https:\/\/shop.bantam.ch\/wp-content\/uploads\/2022\/12\/bantam-logo.png","width":320,"height":71,"caption":"Bantam Camping AG"},"image":{"@id":"https:\/\/shop.bantam.ch\/de\/#\/schema\/logo\/image\/"}}]}},"_links":{"self":[{"href":"https:\/\/shop.bantam.ch\/de\/wp-json\/wp\/v2\/product\/229775","targetHints":{"allow":["GET"]}}],"collection":[{"href":"https:\/\/shop.bantam.ch\/de\/wp-json\/wp\/v2\/product"}],"about":[{"href":"https:\/\/shop.bantam.ch\/de\/wp-json\/wp\/v2\/types\/product"}],"wp:featuredmedia":[{"embeddable":true,"href":"https:\/\/shop.bantam.ch\/de\/wp-json\/wp\/v2\/media\/229760"}],"wp:attachment":[{"href":"https:\/\/shop.bantam.ch\/de\/wp-json\/wp\/v2\/media?parent=229775"}],"wp:term":[{"taxonomy":"product_featured_cat","embeddable":true,"href":"https:\/\/shop.bantam.ch\/de\/wp-json\/wp\/v2\/product_featured_cat?post=229775"},{"taxonomy":"product_brand","embeddable":true,"href":"https:\/\/shop.bantam.ch\/de\/wp-json\/wp\/v2\/product_brand?post=229775"},{"taxonomy":"product_cat","embeddable":true,"href":"https:\/\/shop.bantam.ch\/de\/wp-json\/wp\/v2\/product_cat?post=229775"},{"taxonomy":"product_tag","embeddable":true,"href":"https:\/\/shop.bantam.ch\/de\/wp-json\/wp\/v2\/product_tag?post=229775"}],"curies":[{"name":"wp","href":"https:\/\/api.w.org\/{rel}","templated":true}]}}