{"id":229709,"date":"2026-01-06T16:26:35","date_gmt":"2026-01-06T15:26:35","guid":{"rendered":"https:\/\/shop.bantam.ch\/produit\/polarys-imperator-klimageraet\/"},"modified":"2026-04-22T02:38:35","modified_gmt":"2026-04-22T00:38:35","slug":"polarys-imperator-klimageraet","status":"publish","type":"product","link":"https:\/\/shop.bantam.ch\/de\/produkt\/polarys-imperator-klimageraet\/","title":{"rendered":"Polarys Imperator Klimager\u00e4t"},"content":{"rendered":"<p>Ein leistungsstarkes und tragbares Klimasystem, speziell f\u00fcr Campervans entwickelt. Es vereint die Funktionen K\u00fchlen, L\u00fcften und Entfeuchten in einem Ger\u00e4t und verf\u00fcgt \u00fcber ein innovatives Abluftsystem f\u00fcr hei\u00dfe Luft. Der Aufbau ist werkzeugfrei und benutzerfreundlich. Temperaturbereich: 16\u201330 \u00b0C, maximaler Ger\u00e4uschpegel: 56 dB, Energieeffizienzklasse: A.<\/p>\n","protected":false},"excerpt":{"rendered":"<p>Ein leistungsstarkes und tragbares Klimasystem, speziell f\u00fcr Campervans entwickelt. Es vereint die Funktionen K\u00fchlen, L\u00fcften und Entfeuchten in einem Ger\u00e4t und verf\u00fcgt \u00fcber ein innovatives Abluftsystem f\u00fcr hei\u00dfe Luft. Der Aufbau ist werkzeugfrei und benutzerfreundlich. Temperaturbereich: 16\u201330 \u00b0C, maximaler Ger\u00e4uschpegel: 56 dB, Energieeffizienzklasse: A.<\/p>\n","protected":false},"featured_media":229690,"template":"","meta":{"_acf_changed":false},"product_featured_cat":[],"product_brand":[],"product_cat":[4090],"product_tag":[],"class_list":{"0":"post-229709","1":"product","2":"type-product","3":"status-publish","4":"has-post-thumbnail","6":"product_cat-klimaanlagen","8":"first","9":"instock","10":"taxable","11":"shipping-taxable","12":"purchasable","13":"product-type-variable"},"acf":[],"yoast_head":"<!-- This site is optimized with the Yoast SEO plugin v27.4 - https:\/\/yoast.com\/product\/yoast-seo-wordpress\/ -->\n<title>Polarys Imperator Klimager\u00e4t - Bantam Camping AG<\/title>\n<meta name=\"robots\" content=\"index, follow, max-snippet:-1, max-image-preview:large, max-video-preview:-1\" \/>\n<link rel=\"canonical\" href=\"https:\/\/shop.bantam.ch\/de\/produkt\/polarys-imperator-klimageraet\/\" \/>\n<meta property=\"og:locale\" content=\"de_DE\" \/>\n<meta property=\"og:type\" content=\"article\" \/>\n<meta property=\"og:title\" content=\"Polarys Imperator Klimager\u00e4t - Bantam Camping AG\" \/>\n<meta property=\"og:description\" content=\"Ein leistungsstarkes und tragbares Klimasystem, speziell f\u00fcr Campervans entwickelt. Es vereint die Funktionen K\u00fchlen, L\u00fcften und Entfeuchten in einem Ger\u00e4t und verf\u00fcgt \u00fcber ein innovatives Abluftsystem f\u00fcr hei\u00dfe Luft. Der Aufbau ist werkzeugfrei und benutzerfreundlich. Temperaturbereich: 16\u201330 \u00b0C, maximaler Ger\u00e4uschpegel: 56 dB, Energieeffizienzklasse: A.\" \/>\n<meta property=\"og:url\" content=\"https:\/\/shop.bantam.ch\/de\/produkt\/polarys-imperator-klimageraet\/\" \/>\n<meta property=\"og:site_name\" content=\"Bantam Camping AG\" \/>\n<meta property=\"article:modified_time\" content=\"2026-04-22T00:38:35+00:00\" \/>\n<meta name=\"twitter:card\" content=\"summary_large_image\" \/>\n<script type=\"application\/ld+json\" class=\"yoast-schema-graph\">{\"@context\":\"https:\\\/\\\/schema.org\",\"@graph\":[{\"@type\":\"WebPage\",\"@id\":\"https:\\\/\\\/shop.bantam.ch\\\/de\\\/produkt\\\/polarys-imperator-klimageraet\\\/\",\"url\":\"https:\\\/\\\/shop.bantam.ch\\\/de\\\/produkt\\\/polarys-imperator-klimageraet\\\/\",\"name\":\"Polarys Imperator Klimager\u00e4t - Bantam Camping AG\",\"isPartOf\":{\"@id\":\"https:\\\/\\\/shop.bantam.ch\\\/de\\\/#website\"},\"primaryImageOfPage\":{\"@id\":\"https:\\\/\\\/shop.bantam.ch\\\/de\\\/produkt\\\/polarys-imperator-klimageraet\\\/#primaryimage\"},\"image\":{\"@id\":\"https:\\\/\\\/shop.bantam.ch\\\/de\\\/produkt\\\/polarys-imperator-klimageraet\\\/#primaryimage\"},\"thumbnailUrl\":\"https:\\\/\\\/shop.bantam.ch\\\/wp-content\\\/uploads\\\/2026\\\/01\\\/Movera-L-9971628100.jpg\",\"datePublished\":\"2026-01-06T15:26:35+00:00\",\"dateModified\":\"2026-04-22T00:38:35+00:00\",\"breadcrumb\":{\"@id\":\"https:\\\/\\\/shop.bantam.ch\\\/de\\\/produkt\\\/polarys-imperator-klimageraet\\\/#breadcrumb\"},\"inLanguage\":\"de\",\"potentialAction\":[{\"@type\":\"ReadAction\",\"target\":[\"https:\\\/\\\/shop.bantam.ch\\\/de\\\/produkt\\\/polarys-imperator-klimageraet\\\/\"]}]},{\"@type\":\"ImageObject\",\"inLanguage\":\"de\",\"@id\":\"https:\\\/\\\/shop.bantam.ch\\\/de\\\/produkt\\\/polarys-imperator-klimageraet\\\/#primaryimage\",\"url\":\"https:\\\/\\\/shop.bantam.ch\\\/wp-content\\\/uploads\\\/2026\\\/01\\\/Movera-L-9971628100.jpg\",\"contentUrl\":\"https:\\\/\\\/shop.bantam.ch\\\/wp-content\\\/uploads\\\/2026\\\/01\\\/Movera-L-9971628100.jpg\",\"width\":640,\"height\":1466},{\"@type\":\"BreadcrumbList\",\"@id\":\"https:\\\/\\\/shop.bantam.ch\\\/de\\\/produkt\\\/polarys-imperator-klimageraet\\\/#breadcrumb\",\"itemListElement\":[{\"@type\":\"ListItem\",\"position\":1,\"name\":\"Accueil\",\"item\":\"https:\\\/\\\/shop.bantam.ch\\\/de\\\/\"},{\"@type\":\"ListItem\",\"position\":2,\"name\":\"Shop\",\"item\":\"https:\\\/\\\/shop.bantam.ch\\\/de\\\/shop\\\/\"},{\"@type\":\"ListItem\",\"position\":3,\"name\":\"Polarys Imperator Klimager\u00e4t\"}]},{\"@type\":\"WebSite\",\"@id\":\"https:\\\/\\\/shop.bantam.ch\\\/de\\\/#website\",\"url\":\"https:\\\/\\\/shop.bantam.ch\\\/de\\\/\",\"name\":\"Bantam Camping AG\",\"description\":\"\",\"publisher\":{\"@id\":\"https:\\\/\\\/shop.bantam.ch\\\/de\\\/#organization\"},\"inLanguage\":\"de\"},{\"@type\":\"Organization\",\"@id\":\"https:\\\/\\\/shop.bantam.ch\\\/de\\\/#organization\",\"name\":\"Bantam Camping AG\",\"url\":\"https:\\\/\\\/shop.bantam.ch\\\/de\\\/\",\"logo\":{\"@type\":\"ImageObject\",\"inLanguage\":\"de\",\"@id\":\"https:\\\/\\\/shop.bantam.ch\\\/de\\\/#\\\/schema\\\/logo\\\/image\\\/\",\"url\":\"https:\\\/\\\/shop.bantam.ch\\\/wp-content\\\/uploads\\\/2022\\\/12\\\/bantam-logo.png\",\"contentUrl\":\"https:\\\/\\\/shop.bantam.ch\\\/wp-content\\\/uploads\\\/2022\\\/12\\\/bantam-logo.png\",\"width\":320,\"height\":71,\"caption\":\"Bantam Camping AG\"},\"image\":{\"@id\":\"https:\\\/\\\/shop.bantam.ch\\\/de\\\/#\\\/schema\\\/logo\\\/image\\\/\"}}]}<\/script>\n<!-- \/ Yoast SEO plugin. -->","yoast_head_json":{"title":"Polarys Imperator Klimager\u00e4t - Bantam Camping AG","robots":{"index":"index","follow":"follow","max-snippet":"max-snippet:-1","max-image-preview":"max-image-preview:large","max-video-preview":"max-video-preview:-1"},"canonical":"https:\/\/shop.bantam.ch\/de\/produkt\/polarys-imperator-klimageraet\/","og_locale":"de_DE","og_type":"article","og_title":"Polarys Imperator Klimager\u00e4t - Bantam Camping AG","og_description":"Ein leistungsstarkes und tragbares Klimasystem, speziell f\u00fcr Campervans entwickelt. Es vereint die Funktionen K\u00fchlen, L\u00fcften und Entfeuchten in einem Ger\u00e4t und verf\u00fcgt \u00fcber ein innovatives Abluftsystem f\u00fcr hei\u00dfe Luft. Der Aufbau ist werkzeugfrei und benutzerfreundlich. Temperaturbereich: 16\u201330 \u00b0C, maximaler Ger\u00e4uschpegel: 56 dB, Energieeffizienzklasse: A.","og_url":"https:\/\/shop.bantam.ch\/de\/produkt\/polarys-imperator-klimageraet\/","og_site_name":"Bantam Camping AG","article_modified_time":"2026-04-22T00:38:35+00:00","twitter_card":"summary_large_image","schema":{"@context":"https:\/\/schema.org","@graph":[{"@type":"WebPage","@id":"https:\/\/shop.bantam.ch\/de\/produkt\/polarys-imperator-klimageraet\/","url":"https:\/\/shop.bantam.ch\/de\/produkt\/polarys-imperator-klimageraet\/","name":"Polarys Imperator Klimager\u00e4t - Bantam Camping AG","isPartOf":{"@id":"https:\/\/shop.bantam.ch\/de\/#website"},"primaryImageOfPage":{"@id":"https:\/\/shop.bantam.ch\/de\/produkt\/polarys-imperator-klimageraet\/#primaryimage"},"image":{"@id":"https:\/\/shop.bantam.ch\/de\/produkt\/polarys-imperator-klimageraet\/#primaryimage"},"thumbnailUrl":"https:\/\/shop.bantam.ch\/wp-content\/uploads\/2026\/01\/Movera-L-9971628100.jpg","datePublished":"2026-01-06T15:26:35+00:00","dateModified":"2026-04-22T00:38:35+00:00","breadcrumb":{"@id":"https:\/\/shop.bantam.ch\/de\/produkt\/polarys-imperator-klimageraet\/#breadcrumb"},"inLanguage":"de","potentialAction":[{"@type":"ReadAction","target":["https:\/\/shop.bantam.ch\/de\/produkt\/polarys-imperator-klimageraet\/"]}]},{"@type":"ImageObject","inLanguage":"de","@id":"https:\/\/shop.bantam.ch\/de\/produkt\/polarys-imperator-klimageraet\/#primaryimage","url":"https:\/\/shop.bantam.ch\/wp-content\/uploads\/2026\/01\/Movera-L-9971628100.jpg","contentUrl":"https:\/\/shop.bantam.ch\/wp-content\/uploads\/2026\/01\/Movera-L-9971628100.jpg","width":640,"height":1466},{"@type":"BreadcrumbList","@id":"https:\/\/shop.bantam.ch\/de\/produkt\/polarys-imperator-klimageraet\/#breadcrumb","itemListElement":[{"@type":"ListItem","position":1,"name":"Accueil","item":"https:\/\/shop.bantam.ch\/de\/"},{"@type":"ListItem","position":2,"name":"Shop","item":"https:\/\/shop.bantam.ch\/de\/shop\/"},{"@type":"ListItem","position":3,"name":"Polarys Imperator Klimager\u00e4t"}]},{"@type":"WebSite","@id":"https:\/\/shop.bantam.ch\/de\/#website","url":"https:\/\/shop.bantam.ch\/de\/","name":"Bantam Camping AG","description":"","publisher":{"@id":"https:\/\/shop.bantam.ch\/de\/#organization"},"inLanguage":"de"},{"@type":"Organization","@id":"https:\/\/shop.bantam.ch\/de\/#organization","name":"Bantam Camping AG","url":"https:\/\/shop.bantam.ch\/de\/","logo":{"@type":"ImageObject","inLanguage":"de","@id":"https:\/\/shop.bantam.ch\/de\/#\/schema\/logo\/image\/","url":"https:\/\/shop.bantam.ch\/wp-content\/uploads\/2022\/12\/bantam-logo.png","contentUrl":"https:\/\/shop.bantam.ch\/wp-content\/uploads\/2022\/12\/bantam-logo.png","width":320,"height":71,"caption":"Bantam Camping AG"},"image":{"@id":"https:\/\/shop.bantam.ch\/de\/#\/schema\/logo\/image\/"}}]}},"_links":{"self":[{"href":"https:\/\/shop.bantam.ch\/de\/wp-json\/wp\/v2\/product\/229709","targetHints":{"allow":["GET"]}}],"collection":[{"href":"https:\/\/shop.bantam.ch\/de\/wp-json\/wp\/v2\/product"}],"about":[{"href":"https:\/\/shop.bantam.ch\/de\/wp-json\/wp\/v2\/types\/product"}],"wp:featuredmedia":[{"embeddable":true,"href":"https:\/\/shop.bantam.ch\/de\/wp-json\/wp\/v2\/media\/229690"}],"wp:attachment":[{"href":"https:\/\/shop.bantam.ch\/de\/wp-json\/wp\/v2\/media?parent=229709"}],"wp:term":[{"taxonomy":"product_featured_cat","embeddable":true,"href":"https:\/\/shop.bantam.ch\/de\/wp-json\/wp\/v2\/product_featured_cat?post=229709"},{"taxonomy":"product_brand","embeddable":true,"href":"https:\/\/shop.bantam.ch\/de\/wp-json\/wp\/v2\/product_brand?post=229709"},{"taxonomy":"product_cat","embeddable":true,"href":"https:\/\/shop.bantam.ch\/de\/wp-json\/wp\/v2\/product_cat?post=229709"},{"taxonomy":"product_tag","embeddable":true,"href":"https:\/\/shop.bantam.ch\/de\/wp-json\/wp\/v2\/product_tag?post=229709"}],"curies":[{"name":"wp","href":"https:\/\/api.w.org\/{rel}","templated":true}]}}