{"id":229628,"date":"2026-01-06T16:25:09","date_gmt":"2026-01-06T15:25:09","guid":{"rendered":"https:\/\/shop.bantam.ch\/produit\/geka-plus-trinkwasser-set-caravan\/"},"modified":"2026-04-20T02:44:52","modified_gmt":"2026-04-20T00:44:52","slug":"geka-plus-trinkwasser-set-caravan","status":"publish","type":"product","link":"https:\/\/shop.bantam.ch\/de\/produkt\/geka-plus-trinkwasser-set-caravan\/","title":{"rendered":"GEKA plus Trinkwasser Set Caravan"},"content":{"rendered":"<p>Das GEKA plus Trinkwasser Set Caravan aus bleifreiem Messing mit blauer EPDM-Dichtung bietet eine sichere und hygienische L\u00f6sung zur Bef\u00fcllung von Trinkwassertanks. Zertifiziert f\u00fcr Trinkwasser, garantiert es eine einwandfreie Verbindung von der Zapfs\u00e4ule bis zum F\u00fcllstutzen. Das vormontierte Set wird in einer praktischen Aufbewahrungstasche geliefert und enth\u00e4lt einen 5 m oder 10 m Trinkwasserschlauch Rauaqua 1\/2\u201c, zwei Schlauchst\u00fccke, zwei Verschlussstecker, einen Hahnstecker G3\/4 und die Tasche. Ideal f\u00fcr Caravans, kann es mit weiteren GEKA plus Komponenten erweitert werden.<\/p>\n","protected":false},"excerpt":{"rendered":"<p>Das GEKA plus Trinkwasser Set Caravan aus bleifreiem Messing mit blauer EPDM-Dichtung bietet eine sichere und hygienische L\u00f6sung zur Bef\u00fcllung von Trinkwassertanks. Zertifiziert f\u00fcr Trinkwasser, garantiert es eine einwandfreie Verbindung von der Zapfs\u00e4ule bis zum F\u00fcllstutzen. Das vormontierte Set wird in einer praktischen Aufbewahrungstasche geliefert und enth\u00e4lt einen 5 m oder 10 m Trinkwasserschlauch Rauaqua [&hellip;]<\/p>\n","protected":false},"featured_media":229624,"template":"","meta":{"_acf_changed":false},"product_featured_cat":[],"product_brand":[],"product_cat":[4622],"product_tag":[],"class_list":{"0":"post-229628","1":"product","2":"type-product","3":"status-publish","4":"has-post-thumbnail","6":"product_cat-schlauchverbinder","8":"first","9":"instock","10":"taxable","11":"shipping-taxable","12":"purchasable","13":"product-type-variable"},"acf":[],"yoast_head":"<!-- This site is optimized with the Yoast SEO plugin v27.4 - https:\/\/yoast.com\/product\/yoast-seo-wordpress\/ -->\n<title>GEKA plus Trinkwasser Set Caravan - Bantam Camping AG<\/title>\n<meta name=\"robots\" content=\"index, follow, max-snippet:-1, max-image-preview:large, max-video-preview:-1\" \/>\n<link rel=\"canonical\" href=\"https:\/\/shop.bantam.ch\/de\/produkt\/geka-plus-trinkwasser-set-caravan\/\" \/>\n<meta property=\"og:locale\" content=\"de_DE\" \/>\n<meta property=\"og:type\" content=\"article\" \/>\n<meta property=\"og:title\" content=\"GEKA plus Trinkwasser Set Caravan - Bantam Camping AG\" \/>\n<meta property=\"og:description\" content=\"Das GEKA plus Trinkwasser Set Caravan aus bleifreiem Messing mit blauer EPDM-Dichtung bietet eine sichere und hygienische L\u00f6sung zur Bef\u00fcllung von Trinkwassertanks. Zertifiziert f\u00fcr Trinkwasser, garantiert es eine einwandfreie Verbindung von der Zapfs\u00e4ule bis zum F\u00fcllstutzen. Das vormontierte Set wird in einer praktischen Aufbewahrungstasche geliefert und enth\u00e4lt einen 5 m oder 10 m Trinkwasserschlauch Rauaqua [&hellip;]\" \/>\n<meta property=\"og:url\" content=\"https:\/\/shop.bantam.ch\/de\/produkt\/geka-plus-trinkwasser-set-caravan\/\" \/>\n<meta property=\"og:site_name\" content=\"Bantam Camping AG\" \/>\n<meta property=\"article:modified_time\" content=\"2026-04-20T00:44:52+00:00\" \/>\n<meta name=\"twitter:card\" content=\"summary_large_image\" \/>\n<script type=\"application\/ld+json\" class=\"yoast-schema-graph\">{\"@context\":\"https:\\\/\\\/schema.org\",\"@graph\":[{\"@type\":\"WebPage\",\"@id\":\"https:\\\/\\\/shop.bantam.ch\\\/de\\\/produkt\\\/geka-plus-trinkwasser-set-caravan\\\/\",\"url\":\"https:\\\/\\\/shop.bantam.ch\\\/de\\\/produkt\\\/geka-plus-trinkwasser-set-caravan\\\/\",\"name\":\"GEKA plus Trinkwasser Set Caravan - Bantam Camping AG\",\"isPartOf\":{\"@id\":\"https:\\\/\\\/shop.bantam.ch\\\/de\\\/#website\"},\"primaryImageOfPage\":{\"@id\":\"https:\\\/\\\/shop.bantam.ch\\\/de\\\/produkt\\\/geka-plus-trinkwasser-set-caravan\\\/#primaryimage\"},\"image\":{\"@id\":\"https:\\\/\\\/shop.bantam.ch\\\/de\\\/produkt\\\/geka-plus-trinkwasser-set-caravan\\\/#primaryimage\"},\"thumbnailUrl\":\"https:\\\/\\\/shop.bantam.ch\\\/wp-content\\\/uploads\\\/2026\\\/01\\\/Movera-L-9976069100.png\",\"datePublished\":\"2026-01-06T15:25:09+00:00\",\"dateModified\":\"2026-04-20T00:44:52+00:00\",\"breadcrumb\":{\"@id\":\"https:\\\/\\\/shop.bantam.ch\\\/de\\\/produkt\\\/geka-plus-trinkwasser-set-caravan\\\/#breadcrumb\"},\"inLanguage\":\"de\",\"potentialAction\":[{\"@type\":\"ReadAction\",\"target\":[\"https:\\\/\\\/shop.bantam.ch\\\/de\\\/produkt\\\/geka-plus-trinkwasser-set-caravan\\\/\"]}]},{\"@type\":\"ImageObject\",\"inLanguage\":\"de\",\"@id\":\"https:\\\/\\\/shop.bantam.ch\\\/de\\\/produkt\\\/geka-plus-trinkwasser-set-caravan\\\/#primaryimage\",\"url\":\"https:\\\/\\\/shop.bantam.ch\\\/wp-content\\\/uploads\\\/2026\\\/01\\\/Movera-L-9976069100.png\",\"contentUrl\":\"https:\\\/\\\/shop.bantam.ch\\\/wp-content\\\/uploads\\\/2026\\\/01\\\/Movera-L-9976069100.png\",\"width\":640,\"height\":640},{\"@type\":\"BreadcrumbList\",\"@id\":\"https:\\\/\\\/shop.bantam.ch\\\/de\\\/produkt\\\/geka-plus-trinkwasser-set-caravan\\\/#breadcrumb\",\"itemListElement\":[{\"@type\":\"ListItem\",\"position\":1,\"name\":\"Accueil\",\"item\":\"https:\\\/\\\/shop.bantam.ch\\\/de\\\/\"},{\"@type\":\"ListItem\",\"position\":2,\"name\":\"Shop\",\"item\":\"https:\\\/\\\/shop.bantam.ch\\\/de\\\/shop\\\/\"},{\"@type\":\"ListItem\",\"position\":3,\"name\":\"GEKA plus Trinkwasser Set Caravan\"}]},{\"@type\":\"WebSite\",\"@id\":\"https:\\\/\\\/shop.bantam.ch\\\/de\\\/#website\",\"url\":\"https:\\\/\\\/shop.bantam.ch\\\/de\\\/\",\"name\":\"Bantam Camping AG\",\"description\":\"\",\"publisher\":{\"@id\":\"https:\\\/\\\/shop.bantam.ch\\\/de\\\/#organization\"},\"inLanguage\":\"de\"},{\"@type\":\"Organization\",\"@id\":\"https:\\\/\\\/shop.bantam.ch\\\/de\\\/#organization\",\"name\":\"Bantam Camping AG\",\"url\":\"https:\\\/\\\/shop.bantam.ch\\\/de\\\/\",\"logo\":{\"@type\":\"ImageObject\",\"inLanguage\":\"de\",\"@id\":\"https:\\\/\\\/shop.bantam.ch\\\/de\\\/#\\\/schema\\\/logo\\\/image\\\/\",\"url\":\"https:\\\/\\\/shop.bantam.ch\\\/wp-content\\\/uploads\\\/2022\\\/12\\\/bantam-logo.png\",\"contentUrl\":\"https:\\\/\\\/shop.bantam.ch\\\/wp-content\\\/uploads\\\/2022\\\/12\\\/bantam-logo.png\",\"width\":320,\"height\":71,\"caption\":\"Bantam Camping AG\"},\"image\":{\"@id\":\"https:\\\/\\\/shop.bantam.ch\\\/de\\\/#\\\/schema\\\/logo\\\/image\\\/\"}}]}<\/script>\n<!-- \/ Yoast SEO plugin. -->","yoast_head_json":{"title":"GEKA plus Trinkwasser Set Caravan - Bantam Camping AG","robots":{"index":"index","follow":"follow","max-snippet":"max-snippet:-1","max-image-preview":"max-image-preview:large","max-video-preview":"max-video-preview:-1"},"canonical":"https:\/\/shop.bantam.ch\/de\/produkt\/geka-plus-trinkwasser-set-caravan\/","og_locale":"de_DE","og_type":"article","og_title":"GEKA plus Trinkwasser Set Caravan - Bantam Camping AG","og_description":"Das GEKA plus Trinkwasser Set Caravan aus bleifreiem Messing mit blauer EPDM-Dichtung bietet eine sichere und hygienische L\u00f6sung zur Bef\u00fcllung von Trinkwassertanks. Zertifiziert f\u00fcr Trinkwasser, garantiert es eine einwandfreie Verbindung von der Zapfs\u00e4ule bis zum F\u00fcllstutzen. Das vormontierte Set wird in einer praktischen Aufbewahrungstasche geliefert und enth\u00e4lt einen 5 m oder 10 m Trinkwasserschlauch Rauaqua [&hellip;]","og_url":"https:\/\/shop.bantam.ch\/de\/produkt\/geka-plus-trinkwasser-set-caravan\/","og_site_name":"Bantam Camping AG","article_modified_time":"2026-04-20T00:44:52+00:00","twitter_card":"summary_large_image","schema":{"@context":"https:\/\/schema.org","@graph":[{"@type":"WebPage","@id":"https:\/\/shop.bantam.ch\/de\/produkt\/geka-plus-trinkwasser-set-caravan\/","url":"https:\/\/shop.bantam.ch\/de\/produkt\/geka-plus-trinkwasser-set-caravan\/","name":"GEKA plus Trinkwasser Set Caravan - Bantam Camping AG","isPartOf":{"@id":"https:\/\/shop.bantam.ch\/de\/#website"},"primaryImageOfPage":{"@id":"https:\/\/shop.bantam.ch\/de\/produkt\/geka-plus-trinkwasser-set-caravan\/#primaryimage"},"image":{"@id":"https:\/\/shop.bantam.ch\/de\/produkt\/geka-plus-trinkwasser-set-caravan\/#primaryimage"},"thumbnailUrl":"https:\/\/shop.bantam.ch\/wp-content\/uploads\/2026\/01\/Movera-L-9976069100.png","datePublished":"2026-01-06T15:25:09+00:00","dateModified":"2026-04-20T00:44:52+00:00","breadcrumb":{"@id":"https:\/\/shop.bantam.ch\/de\/produkt\/geka-plus-trinkwasser-set-caravan\/#breadcrumb"},"inLanguage":"de","potentialAction":[{"@type":"ReadAction","target":["https:\/\/shop.bantam.ch\/de\/produkt\/geka-plus-trinkwasser-set-caravan\/"]}]},{"@type":"ImageObject","inLanguage":"de","@id":"https:\/\/shop.bantam.ch\/de\/produkt\/geka-plus-trinkwasser-set-caravan\/#primaryimage","url":"https:\/\/shop.bantam.ch\/wp-content\/uploads\/2026\/01\/Movera-L-9976069100.png","contentUrl":"https:\/\/shop.bantam.ch\/wp-content\/uploads\/2026\/01\/Movera-L-9976069100.png","width":640,"height":640},{"@type":"BreadcrumbList","@id":"https:\/\/shop.bantam.ch\/de\/produkt\/geka-plus-trinkwasser-set-caravan\/#breadcrumb","itemListElement":[{"@type":"ListItem","position":1,"name":"Accueil","item":"https:\/\/shop.bantam.ch\/de\/"},{"@type":"ListItem","position":2,"name":"Shop","item":"https:\/\/shop.bantam.ch\/de\/shop\/"},{"@type":"ListItem","position":3,"name":"GEKA plus Trinkwasser Set Caravan"}]},{"@type":"WebSite","@id":"https:\/\/shop.bantam.ch\/de\/#website","url":"https:\/\/shop.bantam.ch\/de\/","name":"Bantam Camping AG","description":"","publisher":{"@id":"https:\/\/shop.bantam.ch\/de\/#organization"},"inLanguage":"de"},{"@type":"Organization","@id":"https:\/\/shop.bantam.ch\/de\/#organization","name":"Bantam Camping AG","url":"https:\/\/shop.bantam.ch\/de\/","logo":{"@type":"ImageObject","inLanguage":"de","@id":"https:\/\/shop.bantam.ch\/de\/#\/schema\/logo\/image\/","url":"https:\/\/shop.bantam.ch\/wp-content\/uploads\/2022\/12\/bantam-logo.png","contentUrl":"https:\/\/shop.bantam.ch\/wp-content\/uploads\/2022\/12\/bantam-logo.png","width":320,"height":71,"caption":"Bantam Camping AG"},"image":{"@id":"https:\/\/shop.bantam.ch\/de\/#\/schema\/logo\/image\/"}}]}},"_links":{"self":[{"href":"https:\/\/shop.bantam.ch\/de\/wp-json\/wp\/v2\/product\/229628","targetHints":{"allow":["GET"]}}],"collection":[{"href":"https:\/\/shop.bantam.ch\/de\/wp-json\/wp\/v2\/product"}],"about":[{"href":"https:\/\/shop.bantam.ch\/de\/wp-json\/wp\/v2\/types\/product"}],"wp:featuredmedia":[{"embeddable":true,"href":"https:\/\/shop.bantam.ch\/de\/wp-json\/wp\/v2\/media\/229624"}],"wp:attachment":[{"href":"https:\/\/shop.bantam.ch\/de\/wp-json\/wp\/v2\/media?parent=229628"}],"wp:term":[{"taxonomy":"product_featured_cat","embeddable":true,"href":"https:\/\/shop.bantam.ch\/de\/wp-json\/wp\/v2\/product_featured_cat?post=229628"},{"taxonomy":"product_brand","embeddable":true,"href":"https:\/\/shop.bantam.ch\/de\/wp-json\/wp\/v2\/product_brand?post=229628"},{"taxonomy":"product_cat","embeddable":true,"href":"https:\/\/shop.bantam.ch\/de\/wp-json\/wp\/v2\/product_cat?post=229628"},{"taxonomy":"product_tag","embeddable":true,"href":"https:\/\/shop.bantam.ch\/de\/wp-json\/wp\/v2\/product_tag?post=229628"}],"curies":[{"name":"wp","href":"https:\/\/api.w.org\/{rel}","templated":true}]}}