{"id":229608,"date":"2026-01-06T16:24:25","date_gmt":"2026-01-06T15:24:25","guid":{"rendered":"https:\/\/shop.bantam.ch\/produit\/satanlage-campingman-portable-eco-2\/"},"modified":"2026-04-19T02:34:21","modified_gmt":"2026-04-19T00:34:21","slug":"satanlage-campingman-portable-eco-2","status":"publish","type":"product","link":"https:\/\/shop.bantam.ch\/de\/produkt\/satanlage-campingman-portable-eco-2\/","title":{"rendered":"Satanlage Campingman Portable ECO 2"},"content":{"rendered":"<p>Die Antenne ben\u00f6tigt keine separate Stromversorgung, sondern wird direkt \u00fcber das mitgelieferte Koaxialkabel an Fernseher oder Receiver angeschlossen. Nach dem Einschalten startet die automatische Satellitensuche per Knopfdruck am Sat-Hold-Switch. Werkseitig ist Astra 1 programmiert, und nach erfolgreicher Suche blockiert der Switch die Position. Bei sp\u00e4terer Verstellung gen\u00fcgt ein erneuter Knopfdruck. Transponder-\u00c4nderungen des Satelliten erfordern keine Updates, die Antenne bleibt voll funktionsf\u00e4hig. Eine robuste Kunststoffhaube sch\u00fctzt vor Witterung und Besch\u00e4digungen. Die Au\u00dfeneinheit l\u00e4sst sich flexibel aufstellen und ist f\u00fcr einen Teilnehmer geeignet.<\/p>\n","protected":false},"excerpt":{"rendered":"<p>Die Antenne ben\u00f6tigt keine separate Stromversorgung, sondern wird direkt \u00fcber das mitgelieferte Koaxialkabel an Fernseher oder Receiver angeschlossen. Nach dem Einschalten startet die automatische Satellitensuche per Knopfdruck am Sat-Hold-Switch. Werkseitig ist Astra 1 programmiert, und nach erfolgreicher Suche blockiert der Switch die Position. Bei sp\u00e4terer Verstellung gen\u00fcgt ein erneuter Knopfdruck. Transponder-\u00c4nderungen des Satelliten erfordern keine [&hellip;]<\/p>\n","protected":false},"featured_media":229596,"template":"","meta":{"_acf_changed":false},"product_featured_cat":[],"product_brand":[],"product_cat":[4524],"product_tag":[],"class_list":{"0":"post-229608","1":"product","2":"type-product","3":"status-publish","4":"has-post-thumbnail","6":"product_cat-sat-anlagen","8":"first","9":"instock","10":"taxable","11":"shipping-taxable","12":"purchasable","13":"product-type-variable"},"acf":[],"yoast_head":"<!-- This site is optimized with the Yoast SEO plugin v27.4 - https:\/\/yoast.com\/product\/yoast-seo-wordpress\/ -->\n<title>Satanlage Campingman Portable ECO 2 - Bantam Camping AG<\/title>\n<meta name=\"robots\" content=\"index, follow, max-snippet:-1, max-image-preview:large, max-video-preview:-1\" \/>\n<link rel=\"canonical\" href=\"https:\/\/shop.bantam.ch\/de\/produkt\/satanlage-campingman-portable-eco-2\/\" \/>\n<meta property=\"og:locale\" content=\"de_DE\" \/>\n<meta property=\"og:type\" content=\"article\" \/>\n<meta property=\"og:title\" content=\"Satanlage Campingman Portable ECO 2 - Bantam Camping AG\" \/>\n<meta property=\"og:description\" content=\"Die Antenne ben\u00f6tigt keine separate Stromversorgung, sondern wird direkt \u00fcber das mitgelieferte Koaxialkabel an Fernseher oder Receiver angeschlossen. Nach dem Einschalten startet die automatische Satellitensuche per Knopfdruck am Sat-Hold-Switch. Werkseitig ist Astra 1 programmiert, und nach erfolgreicher Suche blockiert der Switch die Position. Bei sp\u00e4terer Verstellung gen\u00fcgt ein erneuter Knopfdruck. Transponder-\u00c4nderungen des Satelliten erfordern keine [&hellip;]\" \/>\n<meta property=\"og:url\" content=\"https:\/\/shop.bantam.ch\/de\/produkt\/satanlage-campingman-portable-eco-2\/\" \/>\n<meta property=\"og:site_name\" content=\"Bantam Camping AG\" \/>\n<meta property=\"article:modified_time\" content=\"2026-04-19T00:34:21+00:00\" \/>\n<meta name=\"twitter:card\" content=\"summary_large_image\" \/>\n<script type=\"application\/ld+json\" class=\"yoast-schema-graph\">{\"@context\":\"https:\\\/\\\/schema.org\",\"@graph\":[{\"@type\":\"WebPage\",\"@id\":\"https:\\\/\\\/shop.bantam.ch\\\/de\\\/produkt\\\/satanlage-campingman-portable-eco-2\\\/\",\"url\":\"https:\\\/\\\/shop.bantam.ch\\\/de\\\/produkt\\\/satanlage-campingman-portable-eco-2\\\/\",\"name\":\"Satanlage Campingman Portable ECO 2 - Bantam Camping AG\",\"isPartOf\":{\"@id\":\"https:\\\/\\\/shop.bantam.ch\\\/de\\\/#website\"},\"primaryImageOfPage\":{\"@id\":\"https:\\\/\\\/shop.bantam.ch\\\/de\\\/produkt\\\/satanlage-campingman-portable-eco-2\\\/#primaryimage\"},\"image\":{\"@id\":\"https:\\\/\\\/shop.bantam.ch\\\/de\\\/produkt\\\/satanlage-campingman-portable-eco-2\\\/#primaryimage\"},\"thumbnailUrl\":\"https:\\\/\\\/shop.bantam.ch\\\/wp-content\\\/uploads\\\/2026\\\/01\\\/Movera-L-9976084100.png\",\"datePublished\":\"2026-01-06T15:24:25+00:00\",\"dateModified\":\"2026-04-19T00:34:21+00:00\",\"breadcrumb\":{\"@id\":\"https:\\\/\\\/shop.bantam.ch\\\/de\\\/produkt\\\/satanlage-campingman-portable-eco-2\\\/#breadcrumb\"},\"inLanguage\":\"de\",\"potentialAction\":[{\"@type\":\"ReadAction\",\"target\":[\"https:\\\/\\\/shop.bantam.ch\\\/de\\\/produkt\\\/satanlage-campingman-portable-eco-2\\\/\"]}]},{\"@type\":\"ImageObject\",\"inLanguage\":\"de\",\"@id\":\"https:\\\/\\\/shop.bantam.ch\\\/de\\\/produkt\\\/satanlage-campingman-portable-eco-2\\\/#primaryimage\",\"url\":\"https:\\\/\\\/shop.bantam.ch\\\/wp-content\\\/uploads\\\/2026\\\/01\\\/Movera-L-9976084100.png\",\"contentUrl\":\"https:\\\/\\\/shop.bantam.ch\\\/wp-content\\\/uploads\\\/2026\\\/01\\\/Movera-L-9976084100.png\",\"width\":640,\"height\":711},{\"@type\":\"BreadcrumbList\",\"@id\":\"https:\\\/\\\/shop.bantam.ch\\\/de\\\/produkt\\\/satanlage-campingman-portable-eco-2\\\/#breadcrumb\",\"itemListElement\":[{\"@type\":\"ListItem\",\"position\":1,\"name\":\"Accueil\",\"item\":\"https:\\\/\\\/shop.bantam.ch\\\/de\\\/\"},{\"@type\":\"ListItem\",\"position\":2,\"name\":\"Shop\",\"item\":\"https:\\\/\\\/shop.bantam.ch\\\/de\\\/shop\\\/\"},{\"@type\":\"ListItem\",\"position\":3,\"name\":\"Satanlage Campingman Portable ECO 2\"}]},{\"@type\":\"WebSite\",\"@id\":\"https:\\\/\\\/shop.bantam.ch\\\/de\\\/#website\",\"url\":\"https:\\\/\\\/shop.bantam.ch\\\/de\\\/\",\"name\":\"Bantam Camping AG\",\"description\":\"\",\"publisher\":{\"@id\":\"https:\\\/\\\/shop.bantam.ch\\\/de\\\/#organization\"},\"inLanguage\":\"de\"},{\"@type\":\"Organization\",\"@id\":\"https:\\\/\\\/shop.bantam.ch\\\/de\\\/#organization\",\"name\":\"Bantam Camping AG\",\"url\":\"https:\\\/\\\/shop.bantam.ch\\\/de\\\/\",\"logo\":{\"@type\":\"ImageObject\",\"inLanguage\":\"de\",\"@id\":\"https:\\\/\\\/shop.bantam.ch\\\/de\\\/#\\\/schema\\\/logo\\\/image\\\/\",\"url\":\"https:\\\/\\\/shop.bantam.ch\\\/wp-content\\\/uploads\\\/2022\\\/12\\\/bantam-logo.png\",\"contentUrl\":\"https:\\\/\\\/shop.bantam.ch\\\/wp-content\\\/uploads\\\/2022\\\/12\\\/bantam-logo.png\",\"width\":320,\"height\":71,\"caption\":\"Bantam Camping AG\"},\"image\":{\"@id\":\"https:\\\/\\\/shop.bantam.ch\\\/de\\\/#\\\/schema\\\/logo\\\/image\\\/\"}}]}<\/script>\n<!-- \/ Yoast SEO plugin. -->","yoast_head_json":{"title":"Satanlage Campingman Portable ECO 2 - Bantam Camping AG","robots":{"index":"index","follow":"follow","max-snippet":"max-snippet:-1","max-image-preview":"max-image-preview:large","max-video-preview":"max-video-preview:-1"},"canonical":"https:\/\/shop.bantam.ch\/de\/produkt\/satanlage-campingman-portable-eco-2\/","og_locale":"de_DE","og_type":"article","og_title":"Satanlage Campingman Portable ECO 2 - Bantam Camping AG","og_description":"Die Antenne ben\u00f6tigt keine separate Stromversorgung, sondern wird direkt \u00fcber das mitgelieferte Koaxialkabel an Fernseher oder Receiver angeschlossen. Nach dem Einschalten startet die automatische Satellitensuche per Knopfdruck am Sat-Hold-Switch. Werkseitig ist Astra 1 programmiert, und nach erfolgreicher Suche blockiert der Switch die Position. Bei sp\u00e4terer Verstellung gen\u00fcgt ein erneuter Knopfdruck. Transponder-\u00c4nderungen des Satelliten erfordern keine [&hellip;]","og_url":"https:\/\/shop.bantam.ch\/de\/produkt\/satanlage-campingman-portable-eco-2\/","og_site_name":"Bantam Camping AG","article_modified_time":"2026-04-19T00:34:21+00:00","twitter_card":"summary_large_image","schema":{"@context":"https:\/\/schema.org","@graph":[{"@type":"WebPage","@id":"https:\/\/shop.bantam.ch\/de\/produkt\/satanlage-campingman-portable-eco-2\/","url":"https:\/\/shop.bantam.ch\/de\/produkt\/satanlage-campingman-portable-eco-2\/","name":"Satanlage Campingman Portable ECO 2 - Bantam Camping AG","isPartOf":{"@id":"https:\/\/shop.bantam.ch\/de\/#website"},"primaryImageOfPage":{"@id":"https:\/\/shop.bantam.ch\/de\/produkt\/satanlage-campingman-portable-eco-2\/#primaryimage"},"image":{"@id":"https:\/\/shop.bantam.ch\/de\/produkt\/satanlage-campingman-portable-eco-2\/#primaryimage"},"thumbnailUrl":"https:\/\/shop.bantam.ch\/wp-content\/uploads\/2026\/01\/Movera-L-9976084100.png","datePublished":"2026-01-06T15:24:25+00:00","dateModified":"2026-04-19T00:34:21+00:00","breadcrumb":{"@id":"https:\/\/shop.bantam.ch\/de\/produkt\/satanlage-campingman-portable-eco-2\/#breadcrumb"},"inLanguage":"de","potentialAction":[{"@type":"ReadAction","target":["https:\/\/shop.bantam.ch\/de\/produkt\/satanlage-campingman-portable-eco-2\/"]}]},{"@type":"ImageObject","inLanguage":"de","@id":"https:\/\/shop.bantam.ch\/de\/produkt\/satanlage-campingman-portable-eco-2\/#primaryimage","url":"https:\/\/shop.bantam.ch\/wp-content\/uploads\/2026\/01\/Movera-L-9976084100.png","contentUrl":"https:\/\/shop.bantam.ch\/wp-content\/uploads\/2026\/01\/Movera-L-9976084100.png","width":640,"height":711},{"@type":"BreadcrumbList","@id":"https:\/\/shop.bantam.ch\/de\/produkt\/satanlage-campingman-portable-eco-2\/#breadcrumb","itemListElement":[{"@type":"ListItem","position":1,"name":"Accueil","item":"https:\/\/shop.bantam.ch\/de\/"},{"@type":"ListItem","position":2,"name":"Shop","item":"https:\/\/shop.bantam.ch\/de\/shop\/"},{"@type":"ListItem","position":3,"name":"Satanlage Campingman Portable ECO 2"}]},{"@type":"WebSite","@id":"https:\/\/shop.bantam.ch\/de\/#website","url":"https:\/\/shop.bantam.ch\/de\/","name":"Bantam Camping AG","description":"","publisher":{"@id":"https:\/\/shop.bantam.ch\/de\/#organization"},"inLanguage":"de"},{"@type":"Organization","@id":"https:\/\/shop.bantam.ch\/de\/#organization","name":"Bantam Camping AG","url":"https:\/\/shop.bantam.ch\/de\/","logo":{"@type":"ImageObject","inLanguage":"de","@id":"https:\/\/shop.bantam.ch\/de\/#\/schema\/logo\/image\/","url":"https:\/\/shop.bantam.ch\/wp-content\/uploads\/2022\/12\/bantam-logo.png","contentUrl":"https:\/\/shop.bantam.ch\/wp-content\/uploads\/2022\/12\/bantam-logo.png","width":320,"height":71,"caption":"Bantam Camping AG"},"image":{"@id":"https:\/\/shop.bantam.ch\/de\/#\/schema\/logo\/image\/"}}]}},"_links":{"self":[{"href":"https:\/\/shop.bantam.ch\/de\/wp-json\/wp\/v2\/product\/229608","targetHints":{"allow":["GET"]}}],"collection":[{"href":"https:\/\/shop.bantam.ch\/de\/wp-json\/wp\/v2\/product"}],"about":[{"href":"https:\/\/shop.bantam.ch\/de\/wp-json\/wp\/v2\/types\/product"}],"wp:featuredmedia":[{"embeddable":true,"href":"https:\/\/shop.bantam.ch\/de\/wp-json\/wp\/v2\/media\/229596"}],"wp:attachment":[{"href":"https:\/\/shop.bantam.ch\/de\/wp-json\/wp\/v2\/media?parent=229608"}],"wp:term":[{"taxonomy":"product_featured_cat","embeddable":true,"href":"https:\/\/shop.bantam.ch\/de\/wp-json\/wp\/v2\/product_featured_cat?post=229608"},{"taxonomy":"product_brand","embeddable":true,"href":"https:\/\/shop.bantam.ch\/de\/wp-json\/wp\/v2\/product_brand?post=229608"},{"taxonomy":"product_cat","embeddable":true,"href":"https:\/\/shop.bantam.ch\/de\/wp-json\/wp\/v2\/product_cat?post=229608"},{"taxonomy":"product_tag","embeddable":true,"href":"https:\/\/shop.bantam.ch\/de\/wp-json\/wp\/v2\/product_tag?post=229608"}],"curies":[{"name":"wp","href":"https:\/\/api.w.org\/{rel}","templated":true}]}}