{"id":229564,"date":"2026-01-06T16:23:28","date_gmt":"2026-01-06T15:23:28","guid":{"rendered":"https:\/\/shop.bantam.ch\/produit\/satanlage-caravanman-kompakt-4\/"},"modified":"2026-04-19T02:34:06","modified_gmt":"2026-04-19T00:34:06","slug":"satanlage-caravanman-kompakt-4","status":"publish","type":"product","link":"https:\/\/shop.bantam.ch\/de\/produkt\/satanlage-caravanman-kompakt-4\/","title":{"rendered":"Satanlage Caravanman Kompakt 4"},"content":{"rendered":"<p>Der Caravanman Kompakt 4 erm\u00f6glicht platzsparenden Satellitenempfang im Caravan oder Reisemobil. Per Knopfdruck richtet sich die Antenne vollautomatisch auf den gew\u00fcnschten Satelliten aus. Mit nur 17\u202fcm Aufbauh\u00f6he und einem Schwenkbereich von 77\u202fcm passt sie auf nahezu jedes Fahrzeugdach, ohne die Gesamth\u00f6he wesentlich zu erh\u00f6hen. &nbsp;Dank integriertem GPS kennt die Antenne beim Start ihren Standort und steuert gezielt den passenden Elevationswinkel an, wodurch die Suchzeit deutlich verk\u00fcrzt wird. F\u00fcnf g\u00e4ngige Satelliten, darunter Astra 1, sind bereits im kompakten Steuerger\u00e4t vorprogrammiert. Die Antenne ist f\u00fcr einen Teilnehmer geeignet und wird \u00fcber ein einziges Koaxialkabel mit dem Steuerger\u00e4t verbunden.<\/p>\n","protected":false},"excerpt":{"rendered":"<p>Der Caravanman Kompakt 4 erm\u00f6glicht platzsparenden Satellitenempfang im Caravan oder Reisemobil. Per Knopfdruck richtet sich die Antenne vollautomatisch auf den gew\u00fcnschten Satelliten aus. Mit nur 17\u202fcm Aufbauh\u00f6he und einem Schwenkbereich von 77\u202fcm passt sie auf nahezu jedes Fahrzeugdach, ohne die Gesamth\u00f6he wesentlich zu erh\u00f6hen. &nbsp;Dank integriertem GPS kennt die Antenne beim Start ihren Standort und [&hellip;]<\/p>\n","protected":false},"featured_media":229550,"template":"","meta":{"_acf_changed":false},"product_featured_cat":[],"product_brand":[],"product_cat":[4524],"product_tag":[],"class_list":{"0":"post-229564","1":"product","2":"type-product","3":"status-publish","4":"has-post-thumbnail","6":"product_cat-sat-anlagen","8":"first","9":"instock","10":"taxable","11":"shipping-taxable","12":"purchasable","13":"product-type-variable"},"acf":[],"yoast_head":"<!-- This site is optimized with the Yoast SEO plugin v27.4 - https:\/\/yoast.com\/product\/yoast-seo-wordpress\/ -->\n<title>Satanlage Caravanman Kompakt 4 - Bantam Camping AG<\/title>\n<meta name=\"robots\" content=\"index, follow, max-snippet:-1, max-image-preview:large, max-video-preview:-1\" \/>\n<link rel=\"canonical\" href=\"https:\/\/shop.bantam.ch\/de\/produkt\/satanlage-caravanman-kompakt-4\/\" \/>\n<meta property=\"og:locale\" content=\"de_DE\" \/>\n<meta property=\"og:type\" content=\"article\" \/>\n<meta property=\"og:title\" content=\"Satanlage Caravanman Kompakt 4 - Bantam Camping AG\" \/>\n<meta property=\"og:description\" content=\"Der Caravanman Kompakt 4 erm\u00f6glicht platzsparenden Satellitenempfang im Caravan oder Reisemobil. Per Knopfdruck richtet sich die Antenne vollautomatisch auf den gew\u00fcnschten Satelliten aus. Mit nur 17\u202fcm Aufbauh\u00f6he und einem Schwenkbereich von 77\u202fcm passt sie auf nahezu jedes Fahrzeugdach, ohne die Gesamth\u00f6he wesentlich zu erh\u00f6hen. &nbsp;Dank integriertem GPS kennt die Antenne beim Start ihren Standort und [&hellip;]\" \/>\n<meta property=\"og:url\" content=\"https:\/\/shop.bantam.ch\/de\/produkt\/satanlage-caravanman-kompakt-4\/\" \/>\n<meta property=\"og:site_name\" content=\"Bantam Camping AG\" \/>\n<meta property=\"article:modified_time\" content=\"2026-04-19T00:34:06+00:00\" \/>\n<meta name=\"twitter:card\" content=\"summary_large_image\" \/>\n<meta name=\"twitter:label1\" content=\"Gesch\u00e4tzte Lesezeit\" \/>\n\t<meta name=\"twitter:data1\" content=\"1\u00a0Minute\" \/>\n<script type=\"application\/ld+json\" class=\"yoast-schema-graph\">{\"@context\":\"https:\\\/\\\/schema.org\",\"@graph\":[{\"@type\":\"WebPage\",\"@id\":\"https:\\\/\\\/shop.bantam.ch\\\/de\\\/produkt\\\/satanlage-caravanman-kompakt-4\\\/\",\"url\":\"https:\\\/\\\/shop.bantam.ch\\\/de\\\/produkt\\\/satanlage-caravanman-kompakt-4\\\/\",\"name\":\"Satanlage Caravanman Kompakt 4 - Bantam Camping AG\",\"isPartOf\":{\"@id\":\"https:\\\/\\\/shop.bantam.ch\\\/de\\\/#website\"},\"primaryImageOfPage\":{\"@id\":\"https:\\\/\\\/shop.bantam.ch\\\/de\\\/produkt\\\/satanlage-caravanman-kompakt-4\\\/#primaryimage\"},\"image\":{\"@id\":\"https:\\\/\\\/shop.bantam.ch\\\/de\\\/produkt\\\/satanlage-caravanman-kompakt-4\\\/#primaryimage\"},\"thumbnailUrl\":\"https:\\\/\\\/shop.bantam.ch\\\/wp-content\\\/uploads\\\/2026\\\/01\\\/Movera-L-9976079100.png\",\"datePublished\":\"2026-01-06T15:23:28+00:00\",\"dateModified\":\"2026-04-19T00:34:06+00:00\",\"breadcrumb\":{\"@id\":\"https:\\\/\\\/shop.bantam.ch\\\/de\\\/produkt\\\/satanlage-caravanman-kompakt-4\\\/#breadcrumb\"},\"inLanguage\":\"de\",\"potentialAction\":[{\"@type\":\"ReadAction\",\"target\":[\"https:\\\/\\\/shop.bantam.ch\\\/de\\\/produkt\\\/satanlage-caravanman-kompakt-4\\\/\"]}]},{\"@type\":\"ImageObject\",\"inLanguage\":\"de\",\"@id\":\"https:\\\/\\\/shop.bantam.ch\\\/de\\\/produkt\\\/satanlage-caravanman-kompakt-4\\\/#primaryimage\",\"url\":\"https:\\\/\\\/shop.bantam.ch\\\/wp-content\\\/uploads\\\/2026\\\/01\\\/Movera-L-9976079100.png\",\"contentUrl\":\"https:\\\/\\\/shop.bantam.ch\\\/wp-content\\\/uploads\\\/2026\\\/01\\\/Movera-L-9976079100.png\",\"width\":640,\"height\":628},{\"@type\":\"BreadcrumbList\",\"@id\":\"https:\\\/\\\/shop.bantam.ch\\\/de\\\/produkt\\\/satanlage-caravanman-kompakt-4\\\/#breadcrumb\",\"itemListElement\":[{\"@type\":\"ListItem\",\"position\":1,\"name\":\"Accueil\",\"item\":\"https:\\\/\\\/shop.bantam.ch\\\/de\\\/\"},{\"@type\":\"ListItem\",\"position\":2,\"name\":\"Shop\",\"item\":\"https:\\\/\\\/shop.bantam.ch\\\/de\\\/shop\\\/\"},{\"@type\":\"ListItem\",\"position\":3,\"name\":\"Satanlage Caravanman Kompakt 4\"}]},{\"@type\":\"WebSite\",\"@id\":\"https:\\\/\\\/shop.bantam.ch\\\/de\\\/#website\",\"url\":\"https:\\\/\\\/shop.bantam.ch\\\/de\\\/\",\"name\":\"Bantam Camping AG\",\"description\":\"\",\"publisher\":{\"@id\":\"https:\\\/\\\/shop.bantam.ch\\\/de\\\/#organization\"},\"inLanguage\":\"de\"},{\"@type\":\"Organization\",\"@id\":\"https:\\\/\\\/shop.bantam.ch\\\/de\\\/#organization\",\"name\":\"Bantam Camping AG\",\"url\":\"https:\\\/\\\/shop.bantam.ch\\\/de\\\/\",\"logo\":{\"@type\":\"ImageObject\",\"inLanguage\":\"de\",\"@id\":\"https:\\\/\\\/shop.bantam.ch\\\/de\\\/#\\\/schema\\\/logo\\\/image\\\/\",\"url\":\"https:\\\/\\\/shop.bantam.ch\\\/wp-content\\\/uploads\\\/2022\\\/12\\\/bantam-logo.png\",\"contentUrl\":\"https:\\\/\\\/shop.bantam.ch\\\/wp-content\\\/uploads\\\/2022\\\/12\\\/bantam-logo.png\",\"width\":320,\"height\":71,\"caption\":\"Bantam Camping AG\"},\"image\":{\"@id\":\"https:\\\/\\\/shop.bantam.ch\\\/de\\\/#\\\/schema\\\/logo\\\/image\\\/\"}}]}<\/script>\n<!-- \/ Yoast SEO plugin. -->","yoast_head_json":{"title":"Satanlage Caravanman Kompakt 4 - Bantam Camping AG","robots":{"index":"index","follow":"follow","max-snippet":"max-snippet:-1","max-image-preview":"max-image-preview:large","max-video-preview":"max-video-preview:-1"},"canonical":"https:\/\/shop.bantam.ch\/de\/produkt\/satanlage-caravanman-kompakt-4\/","og_locale":"de_DE","og_type":"article","og_title":"Satanlage Caravanman Kompakt 4 - Bantam Camping AG","og_description":"Der Caravanman Kompakt 4 erm\u00f6glicht platzsparenden Satellitenempfang im Caravan oder Reisemobil. Per Knopfdruck richtet sich die Antenne vollautomatisch auf den gew\u00fcnschten Satelliten aus. Mit nur 17\u202fcm Aufbauh\u00f6he und einem Schwenkbereich von 77\u202fcm passt sie auf nahezu jedes Fahrzeugdach, ohne die Gesamth\u00f6he wesentlich zu erh\u00f6hen. &nbsp;Dank integriertem GPS kennt die Antenne beim Start ihren Standort und [&hellip;]","og_url":"https:\/\/shop.bantam.ch\/de\/produkt\/satanlage-caravanman-kompakt-4\/","og_site_name":"Bantam Camping AG","article_modified_time":"2026-04-19T00:34:06+00:00","twitter_card":"summary_large_image","twitter_misc":{"Gesch\u00e4tzte Lesezeit":"1\u00a0Minute"},"schema":{"@context":"https:\/\/schema.org","@graph":[{"@type":"WebPage","@id":"https:\/\/shop.bantam.ch\/de\/produkt\/satanlage-caravanman-kompakt-4\/","url":"https:\/\/shop.bantam.ch\/de\/produkt\/satanlage-caravanman-kompakt-4\/","name":"Satanlage Caravanman Kompakt 4 - Bantam Camping AG","isPartOf":{"@id":"https:\/\/shop.bantam.ch\/de\/#website"},"primaryImageOfPage":{"@id":"https:\/\/shop.bantam.ch\/de\/produkt\/satanlage-caravanman-kompakt-4\/#primaryimage"},"image":{"@id":"https:\/\/shop.bantam.ch\/de\/produkt\/satanlage-caravanman-kompakt-4\/#primaryimage"},"thumbnailUrl":"https:\/\/shop.bantam.ch\/wp-content\/uploads\/2026\/01\/Movera-L-9976079100.png","datePublished":"2026-01-06T15:23:28+00:00","dateModified":"2026-04-19T00:34:06+00:00","breadcrumb":{"@id":"https:\/\/shop.bantam.ch\/de\/produkt\/satanlage-caravanman-kompakt-4\/#breadcrumb"},"inLanguage":"de","potentialAction":[{"@type":"ReadAction","target":["https:\/\/shop.bantam.ch\/de\/produkt\/satanlage-caravanman-kompakt-4\/"]}]},{"@type":"ImageObject","inLanguage":"de","@id":"https:\/\/shop.bantam.ch\/de\/produkt\/satanlage-caravanman-kompakt-4\/#primaryimage","url":"https:\/\/shop.bantam.ch\/wp-content\/uploads\/2026\/01\/Movera-L-9976079100.png","contentUrl":"https:\/\/shop.bantam.ch\/wp-content\/uploads\/2026\/01\/Movera-L-9976079100.png","width":640,"height":628},{"@type":"BreadcrumbList","@id":"https:\/\/shop.bantam.ch\/de\/produkt\/satanlage-caravanman-kompakt-4\/#breadcrumb","itemListElement":[{"@type":"ListItem","position":1,"name":"Accueil","item":"https:\/\/shop.bantam.ch\/de\/"},{"@type":"ListItem","position":2,"name":"Shop","item":"https:\/\/shop.bantam.ch\/de\/shop\/"},{"@type":"ListItem","position":3,"name":"Satanlage Caravanman Kompakt 4"}]},{"@type":"WebSite","@id":"https:\/\/shop.bantam.ch\/de\/#website","url":"https:\/\/shop.bantam.ch\/de\/","name":"Bantam Camping AG","description":"","publisher":{"@id":"https:\/\/shop.bantam.ch\/de\/#organization"},"inLanguage":"de"},{"@type":"Organization","@id":"https:\/\/shop.bantam.ch\/de\/#organization","name":"Bantam Camping AG","url":"https:\/\/shop.bantam.ch\/de\/","logo":{"@type":"ImageObject","inLanguage":"de","@id":"https:\/\/shop.bantam.ch\/de\/#\/schema\/logo\/image\/","url":"https:\/\/shop.bantam.ch\/wp-content\/uploads\/2022\/12\/bantam-logo.png","contentUrl":"https:\/\/shop.bantam.ch\/wp-content\/uploads\/2022\/12\/bantam-logo.png","width":320,"height":71,"caption":"Bantam Camping AG"},"image":{"@id":"https:\/\/shop.bantam.ch\/de\/#\/schema\/logo\/image\/"}}]}},"_links":{"self":[{"href":"https:\/\/shop.bantam.ch\/de\/wp-json\/wp\/v2\/product\/229564","targetHints":{"allow":["GET"]}}],"collection":[{"href":"https:\/\/shop.bantam.ch\/de\/wp-json\/wp\/v2\/product"}],"about":[{"href":"https:\/\/shop.bantam.ch\/de\/wp-json\/wp\/v2\/types\/product"}],"wp:featuredmedia":[{"embeddable":true,"href":"https:\/\/shop.bantam.ch\/de\/wp-json\/wp\/v2\/media\/229550"}],"wp:attachment":[{"href":"https:\/\/shop.bantam.ch\/de\/wp-json\/wp\/v2\/media?parent=229564"}],"wp:term":[{"taxonomy":"product_featured_cat","embeddable":true,"href":"https:\/\/shop.bantam.ch\/de\/wp-json\/wp\/v2\/product_featured_cat?post=229564"},{"taxonomy":"product_brand","embeddable":true,"href":"https:\/\/shop.bantam.ch\/de\/wp-json\/wp\/v2\/product_brand?post=229564"},{"taxonomy":"product_cat","embeddable":true,"href":"https:\/\/shop.bantam.ch\/de\/wp-json\/wp\/v2\/product_cat?post=229564"},{"taxonomy":"product_tag","embeddable":true,"href":"https:\/\/shop.bantam.ch\/de\/wp-json\/wp\/v2\/product_tag?post=229564"}],"curies":[{"name":"wp","href":"https:\/\/api.w.org\/{rel}","templated":true}]}}